{"id":2115,"date":"2025-08-21T10:49:47","date_gmt":"2025-08-21T08:49:47","guid":{"rendered":"https:\/\/www.tattja.com\/?post_type=product&#038;p=2115"},"modified":"2026-04-05T19:44:42","modified_gmt":"2026-04-05T17:44:42","slug":"damske-oblecenie-ciapka-anja-tmavozelena","status":"publish","type":"product","link":"https:\/\/www.tattja.com\/da\/product\/damske-oblecenie-ciapka-anja-tmavozelena\/","title":{"rendered":"Damet\u00f8jskasket ANJA m\u00f8rkegr\u00f8n"},"content":{"rendered":"<p data-start=\"795\" data-end=\"1079\"><strong data-start=\"795\" data-end=\"839\">Damet\u00f8jskasket ANJA m\u00f8rkegr\u00f8n<\/strong> kombinerer feminin elegance, funktionalitet og moderne urban stil. Denne model fra kollektionen <strong data-start=\"921\" data-end=\"931\">TATTJA<\/strong> er den perfekte balance mellem tidl\u00f8st design og praktisk komfort. Den er designet til kvinder, der elsker kvalitet, raffinement og raffinerede detaljer.<\/p>\n<p data-start=\"1081\" data-end=\"1378\">Den m\u00f8rkegr\u00f8nne nuance ser naturlig ud, udstr\u00e5ler ro og passer sammen med forskellige t\u00f8jfarver. Den minder om skovens farve og naturens harmoni og giver b\u00e6reren fred og selvtillid. Takket v\u00e6re denne farveneutralitet er kasketten <strong data-start=\"1292\" data-end=\"1312\">ANJA m\u00f8rkegr\u00f8n<\/strong> nem at kombinere - passer til denim, elegante og sporty stykker t\u00f8j.<\/p>\n<p data-start=\"1380\" data-end=\"1660\">Det strikkede stof af fint, bl\u00f8dt garn er behageligt at r\u00f8re ved og varmer p\u00e5 kolde dage. Takket v\u00e6re dets elasticitet tilpasser det sig naturligt til hovedets form og sikrer komfort, selv n\u00e5r det b\u00e6res i lange perioder. Udf\u00f8relsen i h\u00f8j kvalitet garanterer holdbarhed og \u00e6stetisk renhed, selv efter mange \u00e5rs brug.<\/p>\n<p data-start=\"1662\" data-end=\"1923\">Det stilfulde visir giver kasketten en moderne, urban karakter. Det kombinerer det praktiske med feminin charme og beskytter \u00f8jnene mod solens str\u00e5ler eller vinden. Hver detalje afspejler m\u00e6rkets pr\u00e6cision og h\u00e5ndv\u00e6rk. <strong data-start=\"1861\" data-end=\"1871\">TATTJA<\/strong>, der bygger p\u00e5 harmonien mellem mode og komfort.<\/p>\n<p data-start=\"1925\" data-end=\"2150\"><strong data-start=\"1925\" data-end=\"1952\">Damet\u00f8jskasket ANJA m\u00f8rkegr\u00f8n<\/strong> er det ideelle tilbeh\u00f8r til hverdagsbrug - i byen, p\u00e5 g\u00e5turen eller p\u00e5 rejsen. Den passer perfekt sammen med en halsvarmer, neckwarmer eller armbind fra samme kollektion og skaber en sammenh\u00e6ngende, stilfuld helhed.<\/p>\n<p data-start=\"2152\" data-end=\"2257\">Oplev sk\u00f8nheden i delikatesse, sofistikerede detaljer og feminin stil, der vil holde dig varm og... <a href=\"https:\/\/www.tattja.com\/da\/product-category\/damske-oblecenie\/doplnky-jednotlivo\/ciapky\/\">i andre farver<\/a>.<\/p>\n<p data-start=\"2259\" data-end=\"2378\"><strong data-start=\"2259\" data-end=\"2313\">Se her, <a href=\"https:\/\/shop.bogensberger.co.at\/produkt-schlagwort\/merino-extrafein\/\">fra hvilke materialer<\/a> vi producerer vores v\u00e6rker<\/strong> og fork\u00e6l dig selv med f\u00f8rsteklasses kvalitet, der udm\u00e6rker sig i alle detaljer.<\/p>","protected":false},"excerpt":{"rendered":"<p data-start=\"600\" data-end=\"753\"><strong data-start=\"600\" data-end=\"644\">Damet\u00f8jskasket ANJA m\u00f8rkegr\u00f8n<\/strong> - En fin strik, en moderne silhuet og en tidl\u00f8s nuance, der giver stil og feminin elegance til ethvert outfit.<\/p>","protected":false},"featured_media":7442,"comment_status":"open","ping_status":"closed","template":"","meta":[],"product_brand":[],"product_cat":[232,282,300,298,225],"product_tag":[],"class_list":{"0":"post-2115","1":"product","2":"type-product","3":"status-publish","4":"has-post-thumbnail","6":"product_cat-ciapka-tmavozelena","7":"product_cat-ciapky","8":"product_cat-damske-oblecenie","9":"product_cat-doplnky-jednotlivo","10":"product_cat-pleteninove-doplnky-tmavozelene","12":"first","13":"instock","14":"taxable","15":"shipping-taxable","16":"purchasable","17":"product-type-simple"},"yoast_head":"<!-- This site is optimized with the Yoast SEO plugin v26.0 - https:\/\/yoast.com\/wordpress\/plugins\/seo\/ -->\n<title>D\u00e1mske oble\u010denie \u010diapka ANJA tmavozelen\u00e1 - TATTJA<\/title>\n<meta name=\"description\" content=\"D\u00e1mske oble\u010denie \u010diapka ANJA tmavozelen\u00e1 \u2013 elegantn\u00e1 pleten\u00e1 \u010diapka so \u0161iltom, ktor\u00e1 sp\u00e1ja komfort, funk\u010dnos\u0165 a modern\u00fd mestsk\u00fd \u0161t\u00fdl.\" \/>\n<meta name=\"robots\" content=\"index, follow, max-snippet:-1, max-image-preview:large, max-video-preview:-1\" \/>\n<link rel=\"canonical\" href=\"https:\/\/www.tattja.com\/da\/product\/damske-oblecenie-ciapka-anja-tmavozelena\/\" \/>\n<meta property=\"og:locale\" content=\"da_DK\" \/>\n<meta property=\"og:type\" content=\"article\" \/>\n<meta property=\"og:title\" content=\"D\u00e1mske oble\u010denie \u010diapka ANJA tmavozelen\u00e1 - TATTJA\" \/>\n<meta property=\"og:description\" content=\"D\u00e1mske oble\u010denie \u010diapka ANJA tmavozelen\u00e1 \u2013 elegantn\u00e1 pleten\u00e1 \u010diapka so \u0161iltom, ktor\u00e1 sp\u00e1ja komfort, funk\u010dnos\u0165 a modern\u00fd mestsk\u00fd \u0161t\u00fdl.\" \/>\n<meta property=\"og:url\" content=\"https:\/\/www.tattja.com\/da\/product\/damske-oblecenie-ciapka-anja-tmavozelena\/\" \/>\n<meta property=\"og:site_name\" content=\"TATTJA\" \/>\n<meta property=\"article:modified_time\" content=\"2026-04-05T17:44:42+00:00\" \/>\n<meta property=\"og:image\" content=\"https:\/\/www.tattja.com\/wp-content\/uploads\/2025\/12\/tmavozeleny-ciapka-spredu-25.webp\" \/>\n\t<meta property=\"og:image:width\" content=\"1365\" \/>\n\t<meta property=\"og:image:height\" content=\"2048\" \/>\n\t<meta property=\"og:image:type\" content=\"image\/webp\" \/>\n<meta name=\"twitter:card\" content=\"summary_large_image\" \/>\n<meta name=\"twitter:label1\" content=\"Estimeret l\u00e6setid\" \/>\n\t<meta name=\"twitter:data1\" content=\"2 minutter\" \/>\n<script type=\"application\/ld+json\" class=\"yoast-schema-graph\">{\"@context\":\"https:\/\/schema.org\",\"@graph\":[{\"@type\":\"WebPage\",\"@id\":\"https:\/\/www.tattja.com\/product\/damske-oblecenie-ciapka-anja-tmavozelena\/\",\"url\":\"https:\/\/www.tattja.com\/product\/damske-oblecenie-ciapka-anja-tmavozelena\/\",\"name\":\"D\u00e1mske oble\u010denie \u010diapka ANJA tmavozelen\u00e1 - TATTJA\",\"isPartOf\":{\"@id\":\"https:\/\/www.tattja.com\/#website\"},\"primaryImageOfPage\":{\"@id\":\"https:\/\/www.tattja.com\/product\/damske-oblecenie-ciapka-anja-tmavozelena\/#primaryimage\"},\"image\":{\"@id\":\"https:\/\/www.tattja.com\/product\/damske-oblecenie-ciapka-anja-tmavozelena\/#primaryimage\"},\"thumbnailUrl\":\"https:\/\/www.tattja.com\/wp-content\/uploads\/2025\/12\/tmavozeleny-ciapka-spredu-25.webp\",\"datePublished\":\"2025-08-21T08:49:47+00:00\",\"dateModified\":\"2026-04-05T17:44:42+00:00\",\"description\":\"D\u00e1mske oble\u010denie \u010diapka ANJA tmavozelen\u00e1 \u2013 elegantn\u00e1 pleten\u00e1 \u010diapka so \u0161iltom, ktor\u00e1 sp\u00e1ja komfort, funk\u010dnos\u0165 a modern\u00fd mestsk\u00fd \u0161t\u00fdl.\",\"breadcrumb\":{\"@id\":\"https:\/\/www.tattja.com\/product\/damske-oblecenie-ciapka-anja-tmavozelena\/#breadcrumb\"},\"inLanguage\":\"da-DK\",\"potentialAction\":[{\"@type\":\"ReadAction\",\"target\":[\"https:\/\/www.tattja.com\/product\/damske-oblecenie-ciapka-anja-tmavozelena\/\"]}]},{\"@type\":\"ImageObject\",\"inLanguage\":\"da-DK\",\"@id\":\"https:\/\/www.tattja.com\/product\/damske-oblecenie-ciapka-anja-tmavozelena\/#primaryimage\",\"url\":\"https:\/\/www.tattja.com\/wp-content\/uploads\/2025\/12\/tmavozeleny-ciapka-spredu-25.webp\",\"contentUrl\":\"https:\/\/www.tattja.com\/wp-content\/uploads\/2025\/12\/tmavozeleny-ciapka-spredu-25.webp\",\"width\":1365,\"height\":2048,\"caption\":\"\u010ciapka ANJA tmavozelen\u00e1 \u2013 predn\u00fd poh\u013ead | TATTJA\"},{\"@type\":\"BreadcrumbList\",\"@id\":\"https:\/\/www.tattja.com\/product\/damske-oblecenie-ciapka-anja-tmavozelena\/#breadcrumb\",\"itemListElement\":[{\"@type\":\"ListItem\",\"position\":1,\"name\":\"Domov\",\"item\":\"https:\/\/www.tattja.com\/\"},{\"@type\":\"ListItem\",\"position\":2,\"name\":\"Produkty\",\"item\":\"https:\/\/www.tattja.com\/damske-oblecenie-produkty\/\"},{\"@type\":\"ListItem\",\"position\":3,\"name\":\"D\u00e1mske oble\u010denie \u010diapka ANJA tmavozelen\u00e1\"}]},{\"@type\":\"WebSite\",\"@id\":\"https:\/\/www.tattja.com\/#website\",\"url\":\"https:\/\/www.tattja.com\/\",\"name\":\"TATTJA\",\"description\":\"D\u00e1mske oble\u010denie z extra jemnej merino vlny \u2014 ru\u010dne pleten\u00e9 na Slovensku\",\"potentialAction\":[{\"@type\":\"SearchAction\",\"target\":{\"@type\":\"EntryPoint\",\"urlTemplate\":\"https:\/\/www.tattja.com\/?s={search_term_string}\"},\"query-input\":{\"@type\":\"PropertyValueSpecification\",\"valueRequired\":true,\"valueName\":\"search_term_string\"}}],\"inLanguage\":\"da-DK\"}]}<\/script>\n<!-- \/ Yoast SEO plugin. -->","yoast_head_json":{"title":"D\u00e1mske oble\u010denie \u010diapka ANJA tmavozelen\u00e1 - TATTJA","description":"D\u00e1mske oble\u010denie \u010diapka ANJA tmavozelen\u00e1 \u2013 elegantn\u00e1 pleten\u00e1 \u010diapka so \u0161iltom, ktor\u00e1 sp\u00e1ja komfort, funk\u010dnos\u0165 a modern\u00fd mestsk\u00fd \u0161t\u00fdl.","robots":{"index":"index","follow":"follow","max-snippet":"max-snippet:-1","max-image-preview":"max-image-preview:large","max-video-preview":"max-video-preview:-1"},"canonical":"https:\/\/www.tattja.com\/da\/product\/damske-oblecenie-ciapka-anja-tmavozelena\/","og_locale":"da_DK","og_type":"article","og_title":"D\u00e1mske oble\u010denie \u010diapka ANJA tmavozelen\u00e1 - TATTJA","og_description":"D\u00e1mske oble\u010denie \u010diapka ANJA tmavozelen\u00e1 \u2013 elegantn\u00e1 pleten\u00e1 \u010diapka so \u0161iltom, ktor\u00e1 sp\u00e1ja komfort, funk\u010dnos\u0165 a modern\u00fd mestsk\u00fd \u0161t\u00fdl.","og_url":"https:\/\/www.tattja.com\/da\/product\/damske-oblecenie-ciapka-anja-tmavozelena\/","og_site_name":"TATTJA","article_modified_time":"2026-04-05T17:44:42+00:00","og_image":[{"width":1365,"height":2048,"url":"https:\/\/www.tattja.com\/wp-content\/uploads\/2025\/12\/tmavozeleny-ciapka-spredu-25.webp","type":"image\/webp"}],"twitter_card":"summary_large_image","twitter_misc":{"Estimeret l\u00e6setid":"2 minutter"},"schema":{"@context":"https:\/\/schema.org","@graph":[{"@type":"WebPage","@id":"https:\/\/www.tattja.com\/product\/damske-oblecenie-ciapka-anja-tmavozelena\/","url":"https:\/\/www.tattja.com\/product\/damske-oblecenie-ciapka-anja-tmavozelena\/","name":"D\u00e1mske oble\u010denie \u010diapka ANJA tmavozelen\u00e1 - TATTJA","isPartOf":{"@id":"https:\/\/www.tattja.com\/#website"},"primaryImageOfPage":{"@id":"https:\/\/www.tattja.com\/product\/damske-oblecenie-ciapka-anja-tmavozelena\/#primaryimage"},"image":{"@id":"https:\/\/www.tattja.com\/product\/damske-oblecenie-ciapka-anja-tmavozelena\/#primaryimage"},"thumbnailUrl":"https:\/\/www.tattja.com\/wp-content\/uploads\/2025\/12\/tmavozeleny-ciapka-spredu-25.webp","datePublished":"2025-08-21T08:49:47+00:00","dateModified":"2026-04-05T17:44:42+00:00","description":"D\u00e1mske oble\u010denie \u010diapka ANJA tmavozelen\u00e1 \u2013 elegantn\u00e1 pleten\u00e1 \u010diapka so \u0161iltom, ktor\u00e1 sp\u00e1ja komfort, funk\u010dnos\u0165 a modern\u00fd mestsk\u00fd \u0161t\u00fdl.","breadcrumb":{"@id":"https:\/\/www.tattja.com\/product\/damske-oblecenie-ciapka-anja-tmavozelena\/#breadcrumb"},"inLanguage":"da-DK","potentialAction":[{"@type":"ReadAction","target":["https:\/\/www.tattja.com\/product\/damske-oblecenie-ciapka-anja-tmavozelena\/"]}]},{"@type":"ImageObject","inLanguage":"da-DK","@id":"https:\/\/www.tattja.com\/product\/damske-oblecenie-ciapka-anja-tmavozelena\/#primaryimage","url":"https:\/\/www.tattja.com\/wp-content\/uploads\/2025\/12\/tmavozeleny-ciapka-spredu-25.webp","contentUrl":"https:\/\/www.tattja.com\/wp-content\/uploads\/2025\/12\/tmavozeleny-ciapka-spredu-25.webp","width":1365,"height":2048,"caption":"\u010ciapka ANJA tmavozelen\u00e1 \u2013 predn\u00fd poh\u013ead | TATTJA"},{"@type":"BreadcrumbList","@id":"https:\/\/www.tattja.com\/product\/damske-oblecenie-ciapka-anja-tmavozelena\/#breadcrumb","itemListElement":[{"@type":"ListItem","position":1,"name":"Domov","item":"https:\/\/www.tattja.com\/"},{"@type":"ListItem","position":2,"name":"Produkty","item":"https:\/\/www.tattja.com\/damske-oblecenie-produkty\/"},{"@type":"ListItem","position":3,"name":"D\u00e1mske oble\u010denie \u010diapka ANJA tmavozelen\u00e1"}]},{"@type":"WebSite","@id":"https:\/\/www.tattja.com\/#website","url":"https:\/\/www.tattja.com\/","name":"TATTJA","description":"D\u00e1mske oble\u010denie z extra jemnej merino vlny \u2014 ru\u010dne pleten\u00e9 na Slovensku","potentialAction":[{"@type":"SearchAction","target":{"@type":"EntryPoint","urlTemplate":"https:\/\/www.tattja.com\/?s={search_term_string}"},"query-input":{"@type":"PropertyValueSpecification","valueRequired":true,"valueName":"search_term_string"}}],"inLanguage":"da-DK"}]}},"_links":{"self":[{"href":"https:\/\/www.tattja.com\/da\/wp-json\/wp\/v2\/product\/2115","targetHints":{"allow":["GET"]}}],"collection":[{"href":"https:\/\/www.tattja.com\/da\/wp-json\/wp\/v2\/product"}],"about":[{"href":"https:\/\/www.tattja.com\/da\/wp-json\/wp\/v2\/types\/product"}],"replies":[{"embeddable":true,"href":"https:\/\/www.tattja.com\/da\/wp-json\/wp\/v2\/comments?post=2115"}],"version-history":[{"count":5,"href":"https:\/\/www.tattja.com\/da\/wp-json\/wp\/v2\/product\/2115\/revisions"}],"predecessor-version":[{"id":5912,"href":"https:\/\/www.tattja.com\/da\/wp-json\/wp\/v2\/product\/2115\/revisions\/5912"}],"wp:featuredmedia":[{"embeddable":true,"href":"https:\/\/www.tattja.com\/da\/wp-json\/wp\/v2\/media\/7442"}],"wp:attachment":[{"href":"https:\/\/www.tattja.com\/da\/wp-json\/wp\/v2\/media?parent=2115"}],"wp:term":[{"taxonomy":"product_brand","embeddable":true,"href":"https:\/\/www.tattja.com\/da\/wp-json\/wp\/v2\/product_brand?post=2115"},{"taxonomy":"product_cat","embeddable":true,"href":"https:\/\/www.tattja.com\/da\/wp-json\/wp\/v2\/product_cat?post=2115"},{"taxonomy":"product_tag","embeddable":true,"href":"https:\/\/www.tattja.com\/da\/wp-json\/wp\/v2\/product_tag?post=2115"}],"curies":[{"name":"wp","href":"https:\/\/api.w.org\/{rel}","templated":true}]}}