{"id":2117,"date":"2025-08-21T10:51:13","date_gmt":"2025-08-21T08:51:13","guid":{"rendered":"https:\/\/www.tattja.com\/?post_type=product&#038;p=2117"},"modified":"2026-04-05T19:44:42","modified_gmt":"2026-04-05T17:44:42","slug":"damske-oblecenie-rukavniky-katja-tmavozelene","status":"publish","type":"product","link":"https:\/\/www.tattja.com\/da\/product\/damske-oblecenie-rukavniky-katja-tmavozelene\/","title":{"rendered":"Armb\u00e5nd til kvinder KATJA m\u00f8rkegr\u00f8n"},"content":{"rendered":"<p data-start=\"879\" data-end=\"1222\"><strong data-start=\"879\" data-end=\"927\">Armb\u00e5nd til kvinder KATJA m\u00f8rkegr\u00f8n<\/strong> s\u00fa pre \u017eeny, ktor\u00e9 miluj\u00fa eleganciu s n\u00e1dychom pr\u00edrody. Tento model z kolekcie <strong data-start=\"1007\" data-end=\"1017\">TATTJA<\/strong> sp\u00e1ja jemnos\u0165 pleteniny, funk\u010dn\u00fd dizajn a hrejiv\u00e9 pohodlie. Ruk\u00e1vniky vytv\u00e1raj\u00fa dojem modern\u00e9ho \u0161perku pre ruky \u2013 praktick\u00e9ho, no z\u00e1rove\u0148 esteticky prepracovan\u00e9ho doplnku, ktor\u00fd dop\u013a\u0148a ak\u00fdko\u013evek outfit.<\/p>\n<p data-start=\"1224\" data-end=\"1620\">Tmavozelen\u00fd odtie\u0148 p\u00f4sob\u00ed pokojne, harmonicky a nad\u010dasovo. Evokuje pr\u00edrodn\u00fa rovnov\u00e1hu a noblesu v jednoduchosti. Tento hlbok\u00fd t\u00f3n sa \u013eahko kombinuje s bielou, b\u00e9\u017eovou, sivou \u010di kr\u00e9movou, no rovnako kr\u00e1sne vynikne aj s kontrastn\u00fdmi farbami. Ruk\u00e1vniky KATJA tmavozelen\u00e9 vyu\u017eijete aj na prechodn\u00e9 obdobie, ale aj chladnej\u0161ie dni \u2013 poskytn\u00fa teplo, jemne obopn\u00fa pa\u017ee a pritom zachovaj\u00fa slobodu pohybu.<\/p>\n<p data-start=\"1622\" data-end=\"1899\">Pletenina z kvalitn\u00e9ho materi\u00e1lu je m\u00e4kk\u00e1, pru\u017en\u00e1 a priedu\u0161n\u00e1. V\u010faka prec\u00edzne rebrovanej \u0161trukt\u00fare si ruk\u00e1vniky dr\u017eia svoj tvar a vyzeraj\u00fa elegantne aj po dlh\u0161om nosen\u00ed. Ka\u017ed\u00fd p\u00e1r je v\u00fdsledkom detailnej pr\u00e1ce a d\u00f4razu na kvalitu, aby sp\u00e1jal praktickos\u0165 s nad\u010dasov\u00fdm dizajnom.<\/p>\n<p data-start=\"1901\" data-end=\"2120\">Armb\u00e5nd til damet\u00f8j <strong data-start=\"1911\" data-end=\"1932\">KATJA tmavozelen\u00e9<\/strong> m\u00f4\u017eete nosi\u0165 samostatne alebo ako s\u00fa\u010das\u0165 setu s driekovn\u00edkom, n\u00e1kr\u010dn\u00edkom \u010di \u010diapkou z kolekcie TATTJA. Ich univerz\u00e1lny charakter zaru\u010d\u00ed, \u017ee sa stan\u00fa ob\u013e\u00faben\u00fdm doplnkom pre ka\u017ed\u00fa sez\u00f3nu.<\/p>\n<p data-start=\"2122\" data-end=\"2227\">Oplev sk\u00f8nheden i delikatesse, sofistikerede detaljer og feminin stil, der vil holde dig varm og... <a href=\"https:\/\/www.tattja.com\/da\/product-category\/damske-oblecenie\/doplnky-jednotlivo\/rukavniky-2\/\">i andre farver.<\/a><\/p>\n<p data-start=\"2229\" data-end=\"2372\"><strong data-start=\"2229\" data-end=\"2283\">Se her, <a href=\"https:\/\/shop.bogensberger.co.at\/produkt-schlagwort\/merino-extrafein\/\">fra hvilke materialer<\/a> vi producerer vores v\u00e6rker<\/strong> a doprajte si luxusn\u00fd pocit z kombin\u00e1cie tepla, elegancie a kvality zna\u010dky <strong data-start=\"2359\" data-end=\"2369\">TATTJA<\/strong>.<\/p>","protected":false},"excerpt":{"rendered":"<p><strong data-start=\"675\" data-end=\"723\">Armb\u00e5nd til kvinder KATJA m\u00f8rkegr\u00f8n<\/strong> prin\u00e1\u0161aj\u00fa harm\u00f3niu komfortu, elegancie a prirodzenosti. Ide\u00e1lne na vrstvenie, zahrej\u00fa a zv\u00fdraznia ka\u017ed\u00fd outfit.<\/p>","protected":false},"featured_media":7423,"comment_status":"open","ping_status":"closed","template":"","meta":[],"product_brand":[],"product_cat":[300,298,225,281,231],"product_tag":[],"class_list":{"0":"post-2117","1":"product","2":"type-product","3":"status-publish","4":"has-post-thumbnail","6":"product_cat-damske-oblecenie","7":"product_cat-doplnky-jednotlivo","8":"product_cat-pleteninove-doplnky-tmavozelene","9":"product_cat-rukavniky-2","10":"product_cat-rukavniky-tmavozelene","12":"first","13":"instock","14":"taxable","15":"shipping-taxable","16":"purchasable","17":"product-type-simple"},"yoast_head":"<!-- This site is optimized with the Yoast SEO plugin v26.0 - https:\/\/yoast.com\/wordpress\/plugins\/seo\/ -->\n<title>D\u00e1mske oble\u010denie ruk\u00e1vniky KATJA tmavozelen\u00e9 - TATTJA<\/title>\n<meta name=\"description\" content=\"D\u00e1mske oble\u010denie ruk\u00e1vniky KATJA tmavozelen\u00e9 \u2013 elegantn\u00e9 pleten\u00e9 ruk\u00e1vniky TATTJA, ktor\u00e9 sp\u00e1jaj\u00fa teplo, komfort a nad\u010dasov\u00fd \u0161t\u00fdl.\" \/>\n<meta name=\"robots\" content=\"index, follow, max-snippet:-1, max-image-preview:large, max-video-preview:-1\" \/>\n<link rel=\"canonical\" href=\"https:\/\/www.tattja.com\/da\/product\/damske-oblecenie-rukavniky-katja-tmavozelene\/\" \/>\n<meta property=\"og:locale\" content=\"da_DK\" \/>\n<meta property=\"og:type\" content=\"article\" \/>\n<meta property=\"og:title\" content=\"D\u00e1mske oble\u010denie ruk\u00e1vniky KATJA tmavozelen\u00e9 - TATTJA\" \/>\n<meta property=\"og:description\" content=\"D\u00e1mske oble\u010denie ruk\u00e1vniky KATJA tmavozelen\u00e9 \u2013 elegantn\u00e9 pleten\u00e9 ruk\u00e1vniky TATTJA, ktor\u00e9 sp\u00e1jaj\u00fa teplo, komfort a nad\u010dasov\u00fd \u0161t\u00fdl.\" \/>\n<meta property=\"og:url\" content=\"https:\/\/www.tattja.com\/da\/product\/damske-oblecenie-rukavniky-katja-tmavozelene\/\" \/>\n<meta property=\"og:site_name\" content=\"TATTJA\" \/>\n<meta property=\"article:modified_time\" content=\"2026-04-05T17:44:42+00:00\" \/>\n<meta property=\"og:image\" content=\"https:\/\/www.tattja.com\/wp-content\/uploads\/2025\/12\/tmavozeleny-rukavniky-spredu-43.webp\" \/>\n\t<meta property=\"og:image:width\" content=\"1365\" \/>\n\t<meta property=\"og:image:height\" content=\"2048\" \/>\n\t<meta property=\"og:image:type\" content=\"image\/webp\" \/>\n<meta name=\"twitter:card\" content=\"summary_large_image\" \/>\n<meta name=\"twitter:label1\" content=\"Estimeret l\u00e6setid\" \/>\n\t<meta name=\"twitter:data1\" content=\"2 minutter\" \/>\n<script type=\"application\/ld+json\" class=\"yoast-schema-graph\">{\"@context\":\"https:\/\/schema.org\",\"@graph\":[{\"@type\":\"WebPage\",\"@id\":\"https:\/\/www.tattja.com\/product\/damske-oblecenie-rukavniky-katja-tmavozelene\/\",\"url\":\"https:\/\/www.tattja.com\/product\/damske-oblecenie-rukavniky-katja-tmavozelene\/\",\"name\":\"D\u00e1mske oble\u010denie ruk\u00e1vniky KATJA tmavozelen\u00e9 - TATTJA\",\"isPartOf\":{\"@id\":\"https:\/\/www.tattja.com\/#website\"},\"primaryImageOfPage\":{\"@id\":\"https:\/\/www.tattja.com\/product\/damske-oblecenie-rukavniky-katja-tmavozelene\/#primaryimage\"},\"image\":{\"@id\":\"https:\/\/www.tattja.com\/product\/damske-oblecenie-rukavniky-katja-tmavozelene\/#primaryimage\"},\"thumbnailUrl\":\"https:\/\/www.tattja.com\/wp-content\/uploads\/2025\/12\/tmavozeleny-rukavniky-spredu-43.webp\",\"datePublished\":\"2025-08-21T08:51:13+00:00\",\"dateModified\":\"2026-04-05T17:44:42+00:00\",\"description\":\"D\u00e1mske oble\u010denie ruk\u00e1vniky KATJA tmavozelen\u00e9 \u2013 elegantn\u00e9 pleten\u00e9 ruk\u00e1vniky TATTJA, ktor\u00e9 sp\u00e1jaj\u00fa teplo, komfort a nad\u010dasov\u00fd \u0161t\u00fdl.\",\"breadcrumb\":{\"@id\":\"https:\/\/www.tattja.com\/product\/damske-oblecenie-rukavniky-katja-tmavozelene\/#breadcrumb\"},\"inLanguage\":\"da-DK\",\"potentialAction\":[{\"@type\":\"ReadAction\",\"target\":[\"https:\/\/www.tattja.com\/product\/damske-oblecenie-rukavniky-katja-tmavozelene\/\"]}]},{\"@type\":\"ImageObject\",\"inLanguage\":\"da-DK\",\"@id\":\"https:\/\/www.tattja.com\/product\/damske-oblecenie-rukavniky-katja-tmavozelene\/#primaryimage\",\"url\":\"https:\/\/www.tattja.com\/wp-content\/uploads\/2025\/12\/tmavozeleny-rukavniky-spredu-43.webp\",\"contentUrl\":\"https:\/\/www.tattja.com\/wp-content\/uploads\/2025\/12\/tmavozeleny-rukavniky-spredu-43.webp\",\"width\":1365,\"height\":2048,\"caption\":\"Ruk\u00e1vniky KATJA tmavozelen\u00e9 \u2013 predn\u00fd poh\u013ead | TATTJA\"},{\"@type\":\"BreadcrumbList\",\"@id\":\"https:\/\/www.tattja.com\/product\/damske-oblecenie-rukavniky-katja-tmavozelene\/#breadcrumb\",\"itemListElement\":[{\"@type\":\"ListItem\",\"position\":1,\"name\":\"Domov\",\"item\":\"https:\/\/www.tattja.com\/\"},{\"@type\":\"ListItem\",\"position\":2,\"name\":\"Produkty\",\"item\":\"https:\/\/www.tattja.com\/damske-oblecenie-produkty\/\"},{\"@type\":\"ListItem\",\"position\":3,\"name\":\"D\u00e1mske oble\u010denie ruk\u00e1vniky KATJA tmavozelen\u00e9\"}]},{\"@type\":\"WebSite\",\"@id\":\"https:\/\/www.tattja.com\/#website\",\"url\":\"https:\/\/www.tattja.com\/\",\"name\":\"TATTJA\",\"description\":\"D\u00e1mske oble\u010denie z extra jemnej merino vlny \u2014 ru\u010dne pleten\u00e9 na Slovensku\",\"potentialAction\":[{\"@type\":\"SearchAction\",\"target\":{\"@type\":\"EntryPoint\",\"urlTemplate\":\"https:\/\/www.tattja.com\/?s={search_term_string}\"},\"query-input\":{\"@type\":\"PropertyValueSpecification\",\"valueRequired\":true,\"valueName\":\"search_term_string\"}}],\"inLanguage\":\"da-DK\"}]}<\/script>\n<!-- \/ Yoast SEO plugin. -->","yoast_head_json":{"title":"D\u00e1mske oble\u010denie ruk\u00e1vniky KATJA tmavozelen\u00e9 - TATTJA","description":"D\u00e1mske oble\u010denie ruk\u00e1vniky KATJA tmavozelen\u00e9 \u2013 elegantn\u00e9 pleten\u00e9 ruk\u00e1vniky TATTJA, ktor\u00e9 sp\u00e1jaj\u00fa teplo, komfort a nad\u010dasov\u00fd \u0161t\u00fdl.","robots":{"index":"index","follow":"follow","max-snippet":"max-snippet:-1","max-image-preview":"max-image-preview:large","max-video-preview":"max-video-preview:-1"},"canonical":"https:\/\/www.tattja.com\/da\/product\/damske-oblecenie-rukavniky-katja-tmavozelene\/","og_locale":"da_DK","og_type":"article","og_title":"D\u00e1mske oble\u010denie ruk\u00e1vniky KATJA tmavozelen\u00e9 - TATTJA","og_description":"D\u00e1mske oble\u010denie ruk\u00e1vniky KATJA tmavozelen\u00e9 \u2013 elegantn\u00e9 pleten\u00e9 ruk\u00e1vniky TATTJA, ktor\u00e9 sp\u00e1jaj\u00fa teplo, komfort a nad\u010dasov\u00fd \u0161t\u00fdl.","og_url":"https:\/\/www.tattja.com\/da\/product\/damske-oblecenie-rukavniky-katja-tmavozelene\/","og_site_name":"TATTJA","article_modified_time":"2026-04-05T17:44:42+00:00","og_image":[{"width":1365,"height":2048,"url":"https:\/\/www.tattja.com\/wp-content\/uploads\/2025\/12\/tmavozeleny-rukavniky-spredu-43.webp","type":"image\/webp"}],"twitter_card":"summary_large_image","twitter_misc":{"Estimeret l\u00e6setid":"2 minutter"},"schema":{"@context":"https:\/\/schema.org","@graph":[{"@type":"WebPage","@id":"https:\/\/www.tattja.com\/product\/damske-oblecenie-rukavniky-katja-tmavozelene\/","url":"https:\/\/www.tattja.com\/product\/damske-oblecenie-rukavniky-katja-tmavozelene\/","name":"D\u00e1mske oble\u010denie ruk\u00e1vniky KATJA tmavozelen\u00e9 - TATTJA","isPartOf":{"@id":"https:\/\/www.tattja.com\/#website"},"primaryImageOfPage":{"@id":"https:\/\/www.tattja.com\/product\/damske-oblecenie-rukavniky-katja-tmavozelene\/#primaryimage"},"image":{"@id":"https:\/\/www.tattja.com\/product\/damske-oblecenie-rukavniky-katja-tmavozelene\/#primaryimage"},"thumbnailUrl":"https:\/\/www.tattja.com\/wp-content\/uploads\/2025\/12\/tmavozeleny-rukavniky-spredu-43.webp","datePublished":"2025-08-21T08:51:13+00:00","dateModified":"2026-04-05T17:44:42+00:00","description":"D\u00e1mske oble\u010denie ruk\u00e1vniky KATJA tmavozelen\u00e9 \u2013 elegantn\u00e9 pleten\u00e9 ruk\u00e1vniky TATTJA, ktor\u00e9 sp\u00e1jaj\u00fa teplo, komfort a nad\u010dasov\u00fd \u0161t\u00fdl.","breadcrumb":{"@id":"https:\/\/www.tattja.com\/product\/damske-oblecenie-rukavniky-katja-tmavozelene\/#breadcrumb"},"inLanguage":"da-DK","potentialAction":[{"@type":"ReadAction","target":["https:\/\/www.tattja.com\/product\/damske-oblecenie-rukavniky-katja-tmavozelene\/"]}]},{"@type":"ImageObject","inLanguage":"da-DK","@id":"https:\/\/www.tattja.com\/product\/damske-oblecenie-rukavniky-katja-tmavozelene\/#primaryimage","url":"https:\/\/www.tattja.com\/wp-content\/uploads\/2025\/12\/tmavozeleny-rukavniky-spredu-43.webp","contentUrl":"https:\/\/www.tattja.com\/wp-content\/uploads\/2025\/12\/tmavozeleny-rukavniky-spredu-43.webp","width":1365,"height":2048,"caption":"Ruk\u00e1vniky KATJA tmavozelen\u00e9 \u2013 predn\u00fd poh\u013ead | TATTJA"},{"@type":"BreadcrumbList","@id":"https:\/\/www.tattja.com\/product\/damske-oblecenie-rukavniky-katja-tmavozelene\/#breadcrumb","itemListElement":[{"@type":"ListItem","position":1,"name":"Domov","item":"https:\/\/www.tattja.com\/"},{"@type":"ListItem","position":2,"name":"Produkty","item":"https:\/\/www.tattja.com\/damske-oblecenie-produkty\/"},{"@type":"ListItem","position":3,"name":"D\u00e1mske oble\u010denie ruk\u00e1vniky KATJA tmavozelen\u00e9"}]},{"@type":"WebSite","@id":"https:\/\/www.tattja.com\/#website","url":"https:\/\/www.tattja.com\/","name":"TATTJA","description":"D\u00e1mske oble\u010denie z extra jemnej merino vlny \u2014 ru\u010dne pleten\u00e9 na Slovensku","potentialAction":[{"@type":"SearchAction","target":{"@type":"EntryPoint","urlTemplate":"https:\/\/www.tattja.com\/?s={search_term_string}"},"query-input":{"@type":"PropertyValueSpecification","valueRequired":true,"valueName":"search_term_string"}}],"inLanguage":"da-DK"}]}},"_links":{"self":[{"href":"https:\/\/www.tattja.com\/da\/wp-json\/wp\/v2\/product\/2117","targetHints":{"allow":["GET"]}}],"collection":[{"href":"https:\/\/www.tattja.com\/da\/wp-json\/wp\/v2\/product"}],"about":[{"href":"https:\/\/www.tattja.com\/da\/wp-json\/wp\/v2\/types\/product"}],"replies":[{"embeddable":true,"href":"https:\/\/www.tattja.com\/da\/wp-json\/wp\/v2\/comments?post=2117"}],"version-history":[{"count":5,"href":"https:\/\/www.tattja.com\/da\/wp-json\/wp\/v2\/product\/2117\/revisions"}],"predecessor-version":[{"id":5886,"href":"https:\/\/www.tattja.com\/da\/wp-json\/wp\/v2\/product\/2117\/revisions\/5886"}],"wp:featuredmedia":[{"embeddable":true,"href":"https:\/\/www.tattja.com\/da\/wp-json\/wp\/v2\/media\/7423"}],"wp:attachment":[{"href":"https:\/\/www.tattja.com\/da\/wp-json\/wp\/v2\/media?parent=2117"}],"wp:term":[{"taxonomy":"product_brand","embeddable":true,"href":"https:\/\/www.tattja.com\/da\/wp-json\/wp\/v2\/product_brand?post=2117"},{"taxonomy":"product_cat","embeddable":true,"href":"https:\/\/www.tattja.com\/da\/wp-json\/wp\/v2\/product_cat?post=2117"},{"taxonomy":"product_tag","embeddable":true,"href":"https:\/\/www.tattja.com\/da\/wp-json\/wp\/v2\/product_tag?post=2117"}],"curies":[{"name":"wp","href":"https:\/\/api.w.org\/{rel}","templated":true}]}}