{"id":2119,"date":"2025-08-21T10:52:24","date_gmt":"2025-08-21T08:52:24","guid":{"rendered":"https:\/\/www.tattja.com\/?post_type=product&#038;p=2119"},"modified":"2026-04-05T19:44:41","modified_gmt":"2026-04-05T17:44:41","slug":"damske-oblecenie-driekovnik-natasja-tmavozeleny","status":"publish","type":"product","link":"https:\/\/www.tattja.com\/da\/product\/damske-oblecenie-driekovnik-natasja-tmavozeleny\/","title":{"rendered":"Damet\u00f8jsskjorte NATASJA m\u00f8rkegr\u00f8n"},"content":{"rendered":"<p data-start=\"853\" data-end=\"1109\"><strong data-start=\"853\" data-end=\"904\">Damet\u00f8jsskjorte NATASJA m\u00f8rkegr\u00f8n<\/strong> je dokonal\u00fd pr\u00edklad spojenia elegancie, pohodlia a funk\u010dnosti. Tento pleten\u00fd doplnok z kolekcie <strong data-start=\"1001\" data-end=\"1011\">TATTJA<\/strong> jemne obop\u00edna p\u00e1s, zv\u00fdraz\u0148uje siluetu a z\u00e1rove\u0148 prin\u00e1\u0161a teplo a komfort po\u010das chladnej\u0161\u00edch dn\u00ed.<\/p>\n<p data-start=\"1111\" data-end=\"1445\">Tmavozelen\u00e1 farba vy\u017earuje pokoj, h\u013abku a harm\u00f3niu. Evokuje silu pr\u00edrody, p\u00f4sob\u00ed elegantne a sofistikovane. Skvele lad\u00ed so svetl\u00fdmi i tmav\u0161\u00edmi t\u00f3nmi, \u010d\u00edm vytv\u00e1ra univerz\u00e1lny z\u00e1klad pre mno\u017estvo outfitov. Tento driekovn\u00edk je v\u00fdnimo\u010dnou vo\u013ebou pre \u017eeny, ktor\u00e9 preferuj\u00fa prirodzen\u00fd \u0161t\u00fdl, no z\u00e1rove\u0148 chc\u00fa p\u00f4sobi\u0165 elegantne a sebavedomo.<\/p>\n<p data-start=\"1447\" data-end=\"1779\">Jemn\u00e1 rebrovan\u00e1 pletenina sa prisp\u00f4sob\u00ed postave a zabezpe\u010d\u00ed pohodlie pri nosen\u00ed. Ka\u017ed\u00fd detail je spracovan\u00fd s d\u00f4razom na kvalitu, aby k\u00fasok vyzeral \u017eensky a p\u00f4sobil pr\u00edjemne. Driekovn\u00edk NATASJA mo\u017eno nosi\u0165 samostatne ako dominantn\u00fd prvok outfitu, alebo kombinova\u0165 s n\u00e1kr\u010dn\u00edkom, ruk\u00e1vnikmi a \u010diapkou z rovnakej kolekcie <strong data-start=\"1766\" data-end=\"1776\">TATTJA<\/strong>.<\/p>\n<p data-start=\"1781\" data-end=\"2017\">D\u00e1mske oble\u010denie driekovn\u00edk NATASJA tmavozelen\u00fd sa hod\u00ed na be\u017en\u00e9 dni aj \u0161peci\u00e1lne pr\u00edle\u017eitosti. V\u017edy p\u00f4sob\u00ed moderne a prirodzene, nech u\u017e ho skombinuje\u0161 s \u013eanovou ko\u0161e\u013eou, kab\u00e1tom \u010di svetr\u00edkom. Tmavozelen\u00fd odtie\u0148 zv\u00fdrazn\u00ed \u017eensk\u00fa kr\u00e1su a dod\u00e1 \u0161atn\u00edku nad\u010dasov\u00fd charakter.<\/p>\n<p data-start=\"2019\" data-end=\"2124\">Oplev sk\u00f8nheden i delikatesse, sofistikerede detaljer og feminin stil, der vil holde dig varm og... <a href=\"https:\/\/www.tattja.com\/da\/product-category\/damske-oblecenie\/doplnky-jednotlivo\/driekovniky\/\">i andre farver.<\/a><\/p>\n<p data-start=\"2126\" data-end=\"2268\"><strong data-start=\"2126\" data-end=\"2180\">Se her, <a href=\"https:\/\/shop.bogensberger.co.at\/produkt-schlagwort\/merino-extrafein\/\">fra hvilke materialer<\/a> vi producerer vores v\u00e6rker<\/strong> a doprajte si k\u00fasok, ktor\u00fd sp\u00e1ja kvalitu, pohodlie a autentick\u00fa eleganciu <strong data-start=\"2255\" data-end=\"2265\">TATTJA<\/strong>.<\/p>","protected":false},"excerpt":{"rendered":"<p data-start=\"657\" data-end=\"811\"><strong data-start=\"657\" data-end=\"708\">Damet\u00f8jsskjorte NATASJA m\u00f8rkegr\u00f8n<\/strong> sp\u00e1ja funk\u010dnos\u0165 a eleganciu. M\u00e4kk\u00e1 pletenina obopne postavu, zahreje telo a pod\u010diarkne \u017eensk\u00fd p\u00f4vab.<\/p>","protected":false},"featured_media":7445,"comment_status":"open","ping_status":"closed","template":"","meta":[],"product_brand":[],"product_cat":[300,298,230,280,225],"product_tag":[],"class_list":{"0":"post-2119","1":"product","2":"type-product","3":"status-publish","4":"has-post-thumbnail","6":"product_cat-damske-oblecenie","7":"product_cat-doplnky-jednotlivo","8":"product_cat-driekovnik-tmavozeleny","9":"product_cat-driekovniky","10":"product_cat-pleteninove-doplnky-tmavozelene","12":"first","13":"instock","14":"taxable","15":"shipping-taxable","16":"purchasable","17":"product-type-simple"},"yoast_head":"<!-- This site is optimized with the Yoast SEO plugin v26.0 - https:\/\/yoast.com\/wordpress\/plugins\/seo\/ -->\n<title>D\u00e1mske oble\u010denie driekovn\u00edk NATASJA tmavozelen\u00fd - TATTJA<\/title>\n<meta name=\"description\" content=\"D\u00e1mske oble\u010denie driekovn\u00edk NATASJA tmavozelen\u00fd \u2013 elegantn\u00fd pleten\u00fd doplnok, ktor\u00fd zahreje, zv\u00fdrazn\u00ed p\u00e1s a dod\u00e1 outfitu svie\u017eos\u0165 a noblesu.\" \/>\n<meta name=\"robots\" content=\"index, follow, max-snippet:-1, max-image-preview:large, max-video-preview:-1\" \/>\n<link rel=\"canonical\" href=\"https:\/\/www.tattja.com\/da\/product\/damske-oblecenie-driekovnik-natasja-tmavozeleny\/\" \/>\n<meta property=\"og:locale\" content=\"da_DK\" \/>\n<meta property=\"og:type\" content=\"article\" \/>\n<meta property=\"og:title\" content=\"D\u00e1mske oble\u010denie driekovn\u00edk NATASJA tmavozelen\u00fd - TATTJA\" \/>\n<meta property=\"og:description\" content=\"D\u00e1mske oble\u010denie driekovn\u00edk NATASJA tmavozelen\u00fd \u2013 elegantn\u00fd pleten\u00fd doplnok, ktor\u00fd zahreje, zv\u00fdrazn\u00ed p\u00e1s a dod\u00e1 outfitu svie\u017eos\u0165 a noblesu.\" \/>\n<meta property=\"og:url\" content=\"https:\/\/www.tattja.com\/da\/product\/damske-oblecenie-driekovnik-natasja-tmavozeleny\/\" \/>\n<meta property=\"og:site_name\" content=\"TATTJA\" \/>\n<meta property=\"article:modified_time\" content=\"2026-04-05T17:44:41+00:00\" \/>\n<meta property=\"og:image\" content=\"https:\/\/www.tattja.com\/wp-content\/uploads\/2025\/12\/tmavozeleny-driekovnik-spredu-1.webp\" \/>\n\t<meta property=\"og:image:width\" content=\"1365\" \/>\n\t<meta property=\"og:image:height\" content=\"2048\" \/>\n\t<meta property=\"og:image:type\" content=\"image\/webp\" \/>\n<meta name=\"twitter:card\" content=\"summary_large_image\" \/>\n<meta name=\"twitter:label1\" content=\"Estimeret l\u00e6setid\" \/>\n\t<meta name=\"twitter:data1\" content=\"2 minutter\" \/>\n<script type=\"application\/ld+json\" class=\"yoast-schema-graph\">{\"@context\":\"https:\/\/schema.org\",\"@graph\":[{\"@type\":\"WebPage\",\"@id\":\"https:\/\/www.tattja.com\/product\/damske-oblecenie-driekovnik-natasja-tmavozeleny\/\",\"url\":\"https:\/\/www.tattja.com\/product\/damske-oblecenie-driekovnik-natasja-tmavozeleny\/\",\"name\":\"D\u00e1mske oble\u010denie driekovn\u00edk NATASJA tmavozelen\u00fd - TATTJA\",\"isPartOf\":{\"@id\":\"https:\/\/www.tattja.com\/#website\"},\"primaryImageOfPage\":{\"@id\":\"https:\/\/www.tattja.com\/product\/damske-oblecenie-driekovnik-natasja-tmavozeleny\/#primaryimage\"},\"image\":{\"@id\":\"https:\/\/www.tattja.com\/product\/damske-oblecenie-driekovnik-natasja-tmavozeleny\/#primaryimage\"},\"thumbnailUrl\":\"https:\/\/www.tattja.com\/wp-content\/uploads\/2025\/12\/tmavozeleny-driekovnik-spredu-1.webp\",\"datePublished\":\"2025-08-21T08:52:24+00:00\",\"dateModified\":\"2026-04-05T17:44:41+00:00\",\"description\":\"D\u00e1mske oble\u010denie driekovn\u00edk NATASJA tmavozelen\u00fd \u2013 elegantn\u00fd pleten\u00fd doplnok, ktor\u00fd zahreje, zv\u00fdrazn\u00ed p\u00e1s a dod\u00e1 outfitu svie\u017eos\u0165 a noblesu.\",\"breadcrumb\":{\"@id\":\"https:\/\/www.tattja.com\/product\/damske-oblecenie-driekovnik-natasja-tmavozeleny\/#breadcrumb\"},\"inLanguage\":\"da-DK\",\"potentialAction\":[{\"@type\":\"ReadAction\",\"target\":[\"https:\/\/www.tattja.com\/product\/damske-oblecenie-driekovnik-natasja-tmavozeleny\/\"]}]},{\"@type\":\"ImageObject\",\"inLanguage\":\"da-DK\",\"@id\":\"https:\/\/www.tattja.com\/product\/damske-oblecenie-driekovnik-natasja-tmavozeleny\/#primaryimage\",\"url\":\"https:\/\/www.tattja.com\/wp-content\/uploads\/2025\/12\/tmavozeleny-driekovnik-spredu-1.webp\",\"contentUrl\":\"https:\/\/www.tattja.com\/wp-content\/uploads\/2025\/12\/tmavozeleny-driekovnik-spredu-1.webp\",\"width\":1365,\"height\":2048,\"caption\":\"Driekovn\u00edk NATASJA tmavozelen\u00fd \u2013 predn\u00fd poh\u013ead | TATTJA\"},{\"@type\":\"BreadcrumbList\",\"@id\":\"https:\/\/www.tattja.com\/product\/damske-oblecenie-driekovnik-natasja-tmavozeleny\/#breadcrumb\",\"itemListElement\":[{\"@type\":\"ListItem\",\"position\":1,\"name\":\"Domov\",\"item\":\"https:\/\/www.tattja.com\/\"},{\"@type\":\"ListItem\",\"position\":2,\"name\":\"Produkty\",\"item\":\"https:\/\/www.tattja.com\/damske-oblecenie-produkty\/\"},{\"@type\":\"ListItem\",\"position\":3,\"name\":\"D\u00e1mske oble\u010denie driekovn\u00edk NATASJA tmavozelen\u00fd\"}]},{\"@type\":\"WebSite\",\"@id\":\"https:\/\/www.tattja.com\/#website\",\"url\":\"https:\/\/www.tattja.com\/\",\"name\":\"TATTJA\",\"description\":\"D\u00e1mske oble\u010denie z extra jemnej merino vlny \u2014 ru\u010dne pleten\u00e9 na Slovensku\",\"potentialAction\":[{\"@type\":\"SearchAction\",\"target\":{\"@type\":\"EntryPoint\",\"urlTemplate\":\"https:\/\/www.tattja.com\/?s={search_term_string}\"},\"query-input\":{\"@type\":\"PropertyValueSpecification\",\"valueRequired\":true,\"valueName\":\"search_term_string\"}}],\"inLanguage\":\"da-DK\"}]}<\/script>\n<!-- \/ Yoast SEO plugin. -->","yoast_head_json":{"title":"D\u00e1mske oble\u010denie driekovn\u00edk NATASJA tmavozelen\u00fd - TATTJA","description":"D\u00e1mske oble\u010denie driekovn\u00edk NATASJA tmavozelen\u00fd \u2013 elegantn\u00fd pleten\u00fd doplnok, ktor\u00fd zahreje, zv\u00fdrazn\u00ed p\u00e1s a dod\u00e1 outfitu svie\u017eos\u0165 a noblesu.","robots":{"index":"index","follow":"follow","max-snippet":"max-snippet:-1","max-image-preview":"max-image-preview:large","max-video-preview":"max-video-preview:-1"},"canonical":"https:\/\/www.tattja.com\/da\/product\/damske-oblecenie-driekovnik-natasja-tmavozeleny\/","og_locale":"da_DK","og_type":"article","og_title":"D\u00e1mske oble\u010denie driekovn\u00edk NATASJA tmavozelen\u00fd - TATTJA","og_description":"D\u00e1mske oble\u010denie driekovn\u00edk NATASJA tmavozelen\u00fd \u2013 elegantn\u00fd pleten\u00fd doplnok, ktor\u00fd zahreje, zv\u00fdrazn\u00ed p\u00e1s a dod\u00e1 outfitu svie\u017eos\u0165 a noblesu.","og_url":"https:\/\/www.tattja.com\/da\/product\/damske-oblecenie-driekovnik-natasja-tmavozeleny\/","og_site_name":"TATTJA","article_modified_time":"2026-04-05T17:44:41+00:00","og_image":[{"width":1365,"height":2048,"url":"https:\/\/www.tattja.com\/wp-content\/uploads\/2025\/12\/tmavozeleny-driekovnik-spredu-1.webp","type":"image\/webp"}],"twitter_card":"summary_large_image","twitter_misc":{"Estimeret l\u00e6setid":"2 minutter"},"schema":{"@context":"https:\/\/schema.org","@graph":[{"@type":"WebPage","@id":"https:\/\/www.tattja.com\/product\/damske-oblecenie-driekovnik-natasja-tmavozeleny\/","url":"https:\/\/www.tattja.com\/product\/damske-oblecenie-driekovnik-natasja-tmavozeleny\/","name":"D\u00e1mske oble\u010denie driekovn\u00edk NATASJA tmavozelen\u00fd - TATTJA","isPartOf":{"@id":"https:\/\/www.tattja.com\/#website"},"primaryImageOfPage":{"@id":"https:\/\/www.tattja.com\/product\/damske-oblecenie-driekovnik-natasja-tmavozeleny\/#primaryimage"},"image":{"@id":"https:\/\/www.tattja.com\/product\/damske-oblecenie-driekovnik-natasja-tmavozeleny\/#primaryimage"},"thumbnailUrl":"https:\/\/www.tattja.com\/wp-content\/uploads\/2025\/12\/tmavozeleny-driekovnik-spredu-1.webp","datePublished":"2025-08-21T08:52:24+00:00","dateModified":"2026-04-05T17:44:41+00:00","description":"D\u00e1mske oble\u010denie driekovn\u00edk NATASJA tmavozelen\u00fd \u2013 elegantn\u00fd pleten\u00fd doplnok, ktor\u00fd zahreje, zv\u00fdrazn\u00ed p\u00e1s a dod\u00e1 outfitu svie\u017eos\u0165 a noblesu.","breadcrumb":{"@id":"https:\/\/www.tattja.com\/product\/damske-oblecenie-driekovnik-natasja-tmavozeleny\/#breadcrumb"},"inLanguage":"da-DK","potentialAction":[{"@type":"ReadAction","target":["https:\/\/www.tattja.com\/product\/damske-oblecenie-driekovnik-natasja-tmavozeleny\/"]}]},{"@type":"ImageObject","inLanguage":"da-DK","@id":"https:\/\/www.tattja.com\/product\/damske-oblecenie-driekovnik-natasja-tmavozeleny\/#primaryimage","url":"https:\/\/www.tattja.com\/wp-content\/uploads\/2025\/12\/tmavozeleny-driekovnik-spredu-1.webp","contentUrl":"https:\/\/www.tattja.com\/wp-content\/uploads\/2025\/12\/tmavozeleny-driekovnik-spredu-1.webp","width":1365,"height":2048,"caption":"Driekovn\u00edk NATASJA tmavozelen\u00fd \u2013 predn\u00fd poh\u013ead | TATTJA"},{"@type":"BreadcrumbList","@id":"https:\/\/www.tattja.com\/product\/damske-oblecenie-driekovnik-natasja-tmavozeleny\/#breadcrumb","itemListElement":[{"@type":"ListItem","position":1,"name":"Domov","item":"https:\/\/www.tattja.com\/"},{"@type":"ListItem","position":2,"name":"Produkty","item":"https:\/\/www.tattja.com\/damske-oblecenie-produkty\/"},{"@type":"ListItem","position":3,"name":"D\u00e1mske oble\u010denie driekovn\u00edk NATASJA tmavozelen\u00fd"}]},{"@type":"WebSite","@id":"https:\/\/www.tattja.com\/#website","url":"https:\/\/www.tattja.com\/","name":"TATTJA","description":"D\u00e1mske oble\u010denie z extra jemnej merino vlny \u2014 ru\u010dne pleten\u00e9 na Slovensku","potentialAction":[{"@type":"SearchAction","target":{"@type":"EntryPoint","urlTemplate":"https:\/\/www.tattja.com\/?s={search_term_string}"},"query-input":{"@type":"PropertyValueSpecification","valueRequired":true,"valueName":"search_term_string"}}],"inLanguage":"da-DK"}]}},"_links":{"self":[{"href":"https:\/\/www.tattja.com\/da\/wp-json\/wp\/v2\/product\/2119","targetHints":{"allow":["GET"]}}],"collection":[{"href":"https:\/\/www.tattja.com\/da\/wp-json\/wp\/v2\/product"}],"about":[{"href":"https:\/\/www.tattja.com\/da\/wp-json\/wp\/v2\/types\/product"}],"replies":[{"embeddable":true,"href":"https:\/\/www.tattja.com\/da\/wp-json\/wp\/v2\/comments?post=2119"}],"version-history":[{"count":5,"href":"https:\/\/www.tattja.com\/da\/wp-json\/wp\/v2\/product\/2119\/revisions"}],"predecessor-version":[{"id":5859,"href":"https:\/\/www.tattja.com\/da\/wp-json\/wp\/v2\/product\/2119\/revisions\/5859"}],"wp:featuredmedia":[{"embeddable":true,"href":"https:\/\/www.tattja.com\/da\/wp-json\/wp\/v2\/media\/7445"}],"wp:attachment":[{"href":"https:\/\/www.tattja.com\/da\/wp-json\/wp\/v2\/media?parent=2119"}],"wp:term":[{"taxonomy":"product_brand","embeddable":true,"href":"https:\/\/www.tattja.com\/da\/wp-json\/wp\/v2\/product_brand?post=2119"},{"taxonomy":"product_cat","embeddable":true,"href":"https:\/\/www.tattja.com\/da\/wp-json\/wp\/v2\/product_cat?post=2119"},{"taxonomy":"product_tag","embeddable":true,"href":"https:\/\/www.tattja.com\/da\/wp-json\/wp\/v2\/product_tag?post=2119"}],"curies":[{"name":"wp","href":"https:\/\/api.w.org\/{rel}","templated":true}]}}