{"id":2145,"date":"2025-08-21T11:07:25","date_gmt":"2025-08-21T09:07:25","guid":{"rendered":"https:\/\/www.tattja.com\/?post_type=product&#038;p=2145"},"modified":"2026-04-05T19:44:38","modified_gmt":"2026-04-05T17:44:38","slug":"damske-oblecenie-ciapka-anja-tmavofialova","status":"publish","type":"product","link":"https:\/\/www.tattja.com\/da\/product\/damske-oblecenie-ciapka-anja-tmavofialova\/","title":{"rendered":"Damet\u00f8jskasket ANJA m\u00f8rk lilla"},"content":{"rendered":"<p data-start=\"861\" data-end=\"1109\"><strong data-start=\"861\" data-end=\"906\">Damet\u00f8jskasket ANJA m\u00f8rk lilla<\/strong> er indbegrebet af elegance og sofistikeret stil. Denne model fra kollektionen <strong data-start=\"980\" data-end=\"990\">TATTJA<\/strong> kombinerer raffinement, sofistikering og funktionalitet for at skabe det perfekte tilbeh\u00f8r til kvinder, der elsker detaljer med karakter.<\/p>\n<p data-start=\"1111\" data-end=\"1411\">Den m\u00f8rke lilla farve ser dyb og sensuel ud og tilf\u00f8jer et strejf af mystik til outfittet. Den symboliserer feminin styrke, selvtillid og ro. Kombineret med det minimalistiske design ser kasketten b\u00e5de moderne og tidl\u00f8s ud. Den supplerer perfekt et outfit i neutrale toner, men forst\u00e6rker ogs\u00e5 kontrasten med mere dristige farver.<\/p>\n<p data-start=\"1413\" data-end=\"1728\">Den fine ribstruktur tilpasser sig naturligt til hovedet og giver en f\u00f8lelse af komfort og varme p\u00e5 kolde dage. Det strikkede stof er behageligt at r\u00f8re ved, \u00e5ndbart og bevarer sin form selv ved daglig brug. Hvert sting udtrykker den v\u00e6gt p\u00e5 kvalitet og pr\u00e6cisionsh\u00e5ndv\u00e6rk, som er typisk for m\u00e6rket. <strong data-start=\"1715\" data-end=\"1725\">TATTJA<\/strong>.<\/p>\n<p data-start=\"1730\" data-end=\"1945\">Det stilfulde visir giver kasketten en moderne, fed karakter, samtidig med at det beskytter \u00f8jnene mod solens str\u00e5ler eller vind. Den kombinerer det praktiske med et elegant look, hvilket g\u00f8r kasketten til et unikt stykke t\u00f8j i enhver garderobe.<\/p>\n<p data-start=\"1947\" data-end=\"2161\"><strong data-start=\"1947\" data-end=\"1975\">Damet\u00f8jskasket ANJA m\u00f8rk lilla<\/strong> er velegnet til afslappede dage, g\u00e5ture og urbane outfits. Kombineres med en shrug, armbind eller en halsvarmer <strong data-start=\"2083\" data-end=\"2093\">TATTJA<\/strong> skaber en harmonisk helhed, der understreger enhver kvindes personlighed.<\/p>\n<p data-start=\"2163\" data-end=\"2268\">Oplev sk\u00f8nheden i delikatesse, sofistikerede detaljer og feminin stil, der vil holde dig varm og... <a href=\"https:\/\/www.tattja.com\/da\/product-category\/damske-oblecenie\/doplnky-jednotlivo\/ciapky\/\">i andre farver<\/a>.<\/p>\n<p data-start=\"2270\" data-end=\"2408\"><strong data-start=\"2270\" data-end=\"2324\">Se her, <a href=\"https:\/\/shop.bogensberger.co.at\/produkt-schlagwort\/merino-extrafein\/\">fra hvilket materiale<\/a>i vi producerer vores v\u00e6rker<\/strong> og lad dig inspirere af kvaliteten og det elegante h\u00e5ndv\u00e6rk. <strong data-start=\"2395\" data-end=\"2405\">TATTJA<\/strong>.<\/p>","protected":false},"excerpt":{"rendered":"<p><strong data-start=\"665\" data-end=\"710\">Damet\u00f8jskasket ANJA m\u00f8rk lilla<\/strong> - et symbol p\u00e5 femininitet og elegance. En luksuri\u00f8s strik, en moderne silhuet og et strejf af raffinement til ethvert stilfuldt outfit.<\/p>","protected":false},"featured_media":7577,"comment_status":"open","ping_status":"closed","template":"","meta":[],"product_brand":[],"product_cat":[200,282,298,193],"product_tag":[],"class_list":{"0":"post-2145","1":"product","2":"type-product","3":"status-publish","4":"has-post-thumbnail","6":"product_cat-ciapka-tmavofialova","7":"product_cat-ciapky","8":"product_cat-doplnky-jednotlivo","9":"product_cat-pleteninove-doplnky-tmavofialove","11":"first","12":"instock","13":"taxable","14":"shipping-taxable","15":"purchasable","16":"product-type-simple"},"yoast_head":"<!-- This site is optimized with the Yoast SEO plugin v26.0 - https:\/\/yoast.com\/wordpress\/plugins\/seo\/ -->\n<title>D\u00e1mske oble\u010denie \u010diapka ANJA tmavofialov\u00e1 - TATTJA<\/title>\n<meta name=\"description\" content=\"D\u00e1mske oble\u010denie \u010diapka ANJA tmavofialov\u00e1 \u2013 elegantn\u00fd doplnok, ktor\u00fd sp\u00e1ja noblesu, komfort a \u017eensk\u00fd \u0161t\u00fdl v modernej pletenej podobe.\" \/>\n<meta name=\"robots\" content=\"index, follow, max-snippet:-1, max-image-preview:large, max-video-preview:-1\" \/>\n<link rel=\"canonical\" href=\"https:\/\/www.tattja.com\/da\/product\/damske-oblecenie-ciapka-anja-tmavofialova\/\" \/>\n<meta property=\"og:locale\" content=\"da_DK\" \/>\n<meta property=\"og:type\" content=\"article\" \/>\n<meta property=\"og:title\" content=\"D\u00e1mske oble\u010denie \u010diapka ANJA tmavofialov\u00e1 - TATTJA\" \/>\n<meta property=\"og:description\" content=\"D\u00e1mske oble\u010denie \u010diapka ANJA tmavofialov\u00e1 \u2013 elegantn\u00fd doplnok, ktor\u00fd sp\u00e1ja noblesu, komfort a \u017eensk\u00fd \u0161t\u00fdl v modernej pletenej podobe.\" \/>\n<meta property=\"og:url\" content=\"https:\/\/www.tattja.com\/da\/product\/damske-oblecenie-ciapka-anja-tmavofialova\/\" \/>\n<meta property=\"og:site_name\" content=\"TATTJA\" \/>\n<meta property=\"article:modified_time\" content=\"2026-04-05T17:44:38+00:00\" \/>\n<meta property=\"og:image\" content=\"https:\/\/www.tattja.com\/wp-content\/uploads\/2026\/01\/tmavofialovy-ciapka-spredu-43.webp\" \/>\n\t<meta property=\"og:image:width\" content=\"1365\" \/>\n\t<meta property=\"og:image:height\" content=\"2048\" \/>\n\t<meta property=\"og:image:type\" content=\"image\/webp\" \/>\n<meta name=\"twitter:card\" content=\"summary_large_image\" \/>\n<meta name=\"twitter:label1\" content=\"Estimeret l\u00e6setid\" \/>\n\t<meta name=\"twitter:data1\" content=\"2 minutter\" \/>\n<script type=\"application\/ld+json\" class=\"yoast-schema-graph\">{\"@context\":\"https:\/\/schema.org\",\"@graph\":[{\"@type\":\"WebPage\",\"@id\":\"https:\/\/www.tattja.com\/product\/damske-oblecenie-ciapka-anja-tmavofialova\/\",\"url\":\"https:\/\/www.tattja.com\/product\/damske-oblecenie-ciapka-anja-tmavofialova\/\",\"name\":\"D\u00e1mske oble\u010denie \u010diapka ANJA tmavofialov\u00e1 - TATTJA\",\"isPartOf\":{\"@id\":\"https:\/\/www.tattja.com\/#website\"},\"primaryImageOfPage\":{\"@id\":\"https:\/\/www.tattja.com\/product\/damske-oblecenie-ciapka-anja-tmavofialova\/#primaryimage\"},\"image\":{\"@id\":\"https:\/\/www.tattja.com\/product\/damske-oblecenie-ciapka-anja-tmavofialova\/#primaryimage\"},\"thumbnailUrl\":\"https:\/\/www.tattja.com\/wp-content\/uploads\/2026\/01\/tmavofialovy-ciapka-spredu-43.webp\",\"datePublished\":\"2025-08-21T09:07:25+00:00\",\"dateModified\":\"2026-04-05T17:44:38+00:00\",\"description\":\"D\u00e1mske oble\u010denie \u010diapka ANJA tmavofialov\u00e1 \u2013 elegantn\u00fd doplnok, ktor\u00fd sp\u00e1ja noblesu, komfort a \u017eensk\u00fd \u0161t\u00fdl v modernej pletenej podobe.\",\"breadcrumb\":{\"@id\":\"https:\/\/www.tattja.com\/product\/damske-oblecenie-ciapka-anja-tmavofialova\/#breadcrumb\"},\"inLanguage\":\"da-DK\",\"potentialAction\":[{\"@type\":\"ReadAction\",\"target\":[\"https:\/\/www.tattja.com\/product\/damske-oblecenie-ciapka-anja-tmavofialova\/\"]}]},{\"@type\":\"ImageObject\",\"inLanguage\":\"da-DK\",\"@id\":\"https:\/\/www.tattja.com\/product\/damske-oblecenie-ciapka-anja-tmavofialova\/#primaryimage\",\"url\":\"https:\/\/www.tattja.com\/wp-content\/uploads\/2026\/01\/tmavofialovy-ciapka-spredu-43.webp\",\"contentUrl\":\"https:\/\/www.tattja.com\/wp-content\/uploads\/2026\/01\/tmavofialovy-ciapka-spredu-43.webp\",\"width\":1365,\"height\":2048,\"caption\":\"\u010ciapka ANJA tmavofialov\u00e1 \u2013 predn\u00fd poh\u013ead | TATTJA\"},{\"@type\":\"BreadcrumbList\",\"@id\":\"https:\/\/www.tattja.com\/product\/damske-oblecenie-ciapka-anja-tmavofialova\/#breadcrumb\",\"itemListElement\":[{\"@type\":\"ListItem\",\"position\":1,\"name\":\"Domov\",\"item\":\"https:\/\/www.tattja.com\/\"},{\"@type\":\"ListItem\",\"position\":2,\"name\":\"Produkty\",\"item\":\"https:\/\/www.tattja.com\/damske-oblecenie-produkty\/\"},{\"@type\":\"ListItem\",\"position\":3,\"name\":\"D\u00e1mske oble\u010denie \u010diapka ANJA tmavofialov\u00e1\"}]},{\"@type\":\"WebSite\",\"@id\":\"https:\/\/www.tattja.com\/#website\",\"url\":\"https:\/\/www.tattja.com\/\",\"name\":\"TATTJA\",\"description\":\"D\u00e1mske oble\u010denie z extra jemnej merino vlny \u2014 ru\u010dne pleten\u00e9 na Slovensku\",\"potentialAction\":[{\"@type\":\"SearchAction\",\"target\":{\"@type\":\"EntryPoint\",\"urlTemplate\":\"https:\/\/www.tattja.com\/?s={search_term_string}\"},\"query-input\":{\"@type\":\"PropertyValueSpecification\",\"valueRequired\":true,\"valueName\":\"search_term_string\"}}],\"inLanguage\":\"da-DK\"}]}<\/script>\n<!-- \/ Yoast SEO plugin. -->","yoast_head_json":{"title":"D\u00e1mske oble\u010denie \u010diapka ANJA tmavofialov\u00e1 - TATTJA","description":"D\u00e1mske oble\u010denie \u010diapka ANJA tmavofialov\u00e1 \u2013 elegantn\u00fd doplnok, ktor\u00fd sp\u00e1ja noblesu, komfort a \u017eensk\u00fd \u0161t\u00fdl v modernej pletenej podobe.","robots":{"index":"index","follow":"follow","max-snippet":"max-snippet:-1","max-image-preview":"max-image-preview:large","max-video-preview":"max-video-preview:-1"},"canonical":"https:\/\/www.tattja.com\/da\/product\/damske-oblecenie-ciapka-anja-tmavofialova\/","og_locale":"da_DK","og_type":"article","og_title":"D\u00e1mske oble\u010denie \u010diapka ANJA tmavofialov\u00e1 - TATTJA","og_description":"D\u00e1mske oble\u010denie \u010diapka ANJA tmavofialov\u00e1 \u2013 elegantn\u00fd doplnok, ktor\u00fd sp\u00e1ja noblesu, komfort a \u017eensk\u00fd \u0161t\u00fdl v modernej pletenej podobe.","og_url":"https:\/\/www.tattja.com\/da\/product\/damske-oblecenie-ciapka-anja-tmavofialova\/","og_site_name":"TATTJA","article_modified_time":"2026-04-05T17:44:38+00:00","og_image":[{"width":1365,"height":2048,"url":"https:\/\/www.tattja.com\/wp-content\/uploads\/2026\/01\/tmavofialovy-ciapka-spredu-43.webp","type":"image\/webp"}],"twitter_card":"summary_large_image","twitter_misc":{"Estimeret l\u00e6setid":"2 minutter"},"schema":{"@context":"https:\/\/schema.org","@graph":[{"@type":"WebPage","@id":"https:\/\/www.tattja.com\/product\/damske-oblecenie-ciapka-anja-tmavofialova\/","url":"https:\/\/www.tattja.com\/product\/damske-oblecenie-ciapka-anja-tmavofialova\/","name":"D\u00e1mske oble\u010denie \u010diapka ANJA tmavofialov\u00e1 - TATTJA","isPartOf":{"@id":"https:\/\/www.tattja.com\/#website"},"primaryImageOfPage":{"@id":"https:\/\/www.tattja.com\/product\/damske-oblecenie-ciapka-anja-tmavofialova\/#primaryimage"},"image":{"@id":"https:\/\/www.tattja.com\/product\/damske-oblecenie-ciapka-anja-tmavofialova\/#primaryimage"},"thumbnailUrl":"https:\/\/www.tattja.com\/wp-content\/uploads\/2026\/01\/tmavofialovy-ciapka-spredu-43.webp","datePublished":"2025-08-21T09:07:25+00:00","dateModified":"2026-04-05T17:44:38+00:00","description":"D\u00e1mske oble\u010denie \u010diapka ANJA tmavofialov\u00e1 \u2013 elegantn\u00fd doplnok, ktor\u00fd sp\u00e1ja noblesu, komfort a \u017eensk\u00fd \u0161t\u00fdl v modernej pletenej podobe.","breadcrumb":{"@id":"https:\/\/www.tattja.com\/product\/damske-oblecenie-ciapka-anja-tmavofialova\/#breadcrumb"},"inLanguage":"da-DK","potentialAction":[{"@type":"ReadAction","target":["https:\/\/www.tattja.com\/product\/damske-oblecenie-ciapka-anja-tmavofialova\/"]}]},{"@type":"ImageObject","inLanguage":"da-DK","@id":"https:\/\/www.tattja.com\/product\/damske-oblecenie-ciapka-anja-tmavofialova\/#primaryimage","url":"https:\/\/www.tattja.com\/wp-content\/uploads\/2026\/01\/tmavofialovy-ciapka-spredu-43.webp","contentUrl":"https:\/\/www.tattja.com\/wp-content\/uploads\/2026\/01\/tmavofialovy-ciapka-spredu-43.webp","width":1365,"height":2048,"caption":"\u010ciapka ANJA tmavofialov\u00e1 \u2013 predn\u00fd poh\u013ead | TATTJA"},{"@type":"BreadcrumbList","@id":"https:\/\/www.tattja.com\/product\/damske-oblecenie-ciapka-anja-tmavofialova\/#breadcrumb","itemListElement":[{"@type":"ListItem","position":1,"name":"Domov","item":"https:\/\/www.tattja.com\/"},{"@type":"ListItem","position":2,"name":"Produkty","item":"https:\/\/www.tattja.com\/damske-oblecenie-produkty\/"},{"@type":"ListItem","position":3,"name":"D\u00e1mske oble\u010denie \u010diapka ANJA tmavofialov\u00e1"}]},{"@type":"WebSite","@id":"https:\/\/www.tattja.com\/#website","url":"https:\/\/www.tattja.com\/","name":"TATTJA","description":"D\u00e1mske oble\u010denie z extra jemnej merino vlny \u2014 ru\u010dne pleten\u00e9 na Slovensku","potentialAction":[{"@type":"SearchAction","target":{"@type":"EntryPoint","urlTemplate":"https:\/\/www.tattja.com\/?s={search_term_string}"},"query-input":{"@type":"PropertyValueSpecification","valueRequired":true,"valueName":"search_term_string"}}],"inLanguage":"da-DK"}]}},"_links":{"self":[{"href":"https:\/\/www.tattja.com\/da\/wp-json\/wp\/v2\/product\/2145","targetHints":{"allow":["GET"]}}],"collection":[{"href":"https:\/\/www.tattja.com\/da\/wp-json\/wp\/v2\/product"}],"about":[{"href":"https:\/\/www.tattja.com\/da\/wp-json\/wp\/v2\/types\/product"}],"replies":[{"embeddable":true,"href":"https:\/\/www.tattja.com\/da\/wp-json\/wp\/v2\/comments?post=2145"}],"version-history":[{"count":6,"href":"https:\/\/www.tattja.com\/da\/wp-json\/wp\/v2\/product\/2145\/revisions"}],"predecessor-version":[{"id":5910,"href":"https:\/\/www.tattja.com\/da\/wp-json\/wp\/v2\/product\/2145\/revisions\/5910"}],"wp:featuredmedia":[{"embeddable":true,"href":"https:\/\/www.tattja.com\/da\/wp-json\/wp\/v2\/media\/7577"}],"wp:attachment":[{"href":"https:\/\/www.tattja.com\/da\/wp-json\/wp\/v2\/media?parent=2145"}],"wp:term":[{"taxonomy":"product_brand","embeddable":true,"href":"https:\/\/www.tattja.com\/da\/wp-json\/wp\/v2\/product_brand?post=2145"},{"taxonomy":"product_cat","embeddable":true,"href":"https:\/\/www.tattja.com\/da\/wp-json\/wp\/v2\/product_cat?post=2145"},{"taxonomy":"product_tag","embeddable":true,"href":"https:\/\/www.tattja.com\/da\/wp-json\/wp\/v2\/product_tag?post=2145"}],"curies":[{"name":"wp","href":"https:\/\/api.w.org\/{rel}","templated":true}]}}