{"id":2153,"date":"2025-08-21T11:11:22","date_gmt":"2025-08-21T09:11:22","guid":{"rendered":"https:\/\/www.tattja.com\/?post_type=product&#038;p=2153"},"modified":"2026-04-05T19:44:38","modified_gmt":"2026-04-05T17:44:38","slug":"damske-oblecenie-dvojset-sighrith-tmavofialovy","status":"publish","type":"product","link":"https:\/\/www.tattja.com\/da\/product\/damske-oblecenie-dvojset-sighrith-tmavofialovy\/","title":{"rendered":"D\u00e1mske oble\u010denie 2-set SIGHRITH tmavofialov\u00fd"},"content":{"rendered":"<p data-start=\"823\" data-end=\"1197\"><strong data-start=\"823\" data-end=\"873\">Dobbelt s\u00e6t til kvinder SIGHRITH m\u00f8rk lilla<\/strong> kombinerer elegance, komfort og femininitet i \u00e9n enest\u00e5ende model. Dette tidl\u00f8se s\u00e6t best\u00e5r af en skulderklap og \u00e6rmer, som skaber en harmonisk helhed, der er ideel til hverdag og s\u00e6rlige lejligheder. Det fine strikstof tilpasser sig fint til figuren, fremh\u00e6ver silhuetten og giver varme p\u00e5 koldere dage.<\/p>\n<p data-start=\"1199\" data-end=\"1553\">Den m\u00f8rklilla farve er synonym med dybde, raffinement og sensualitet. Den symboliserer indre styrke og feminin elegance, som aldrig g\u00e5r af mode. Denne nuance er det perfekte valg for kvinder, der ikke er bange for at udtrykke deres stil med et subtilt strejf af luksus. Nem at kombinere - uanset om det er med neutrale toner eller dristigt tilbeh\u00f8r, ser den altid afbalanceret og sofistikeret ud.<\/p>\n<p data-start=\"1555\" data-end=\"1893\">Kraven smyger sig om taljen og ryggen for at give varmende komfort, mens \u00e6rmerne forl\u00e6nger armenes linjer og tilf\u00f8jer subtil dynamik til outfittet. Sammen skaber de et design, der ser naturligt og alligevel unikt ud. Dette dobbelte s\u00e6t b\u00e6rer TATTJAs brandfilosofi om at kombinere \u00e6stetisk sk\u00f8nhed, kvalitet og funktionalitet i \u00e9t tidl\u00f8st stykke.<\/p>\n<p data-start=\"1895\" data-end=\"2087\">Dobbelt s\u00e6t til kvinder SIGHRITH m\u00f8rkelilla er designet til kvinder, der s\u00e6tter pris p\u00e5 elegance og komfort i \u00e9t. Med SIGHRITH dobbelts\u00e6t m\u00f8rklilla bliver hver dag til et \u00f8jeblik, hvor du f\u00f8ler dig selvsikker, feminin og stilfuld.<\/p>\n<p data-start=\"2089\" data-end=\"2317\">Oplev sk\u00f8nheden i delikatesse, sofistikerede detaljer og feminin stil, der vil holde dig varm og... <a href=\"https:\/\/www.tattja.com\/da\/product-category\/damske-oblecenie\/dvojsety\/driekovnik-a-rukavniky\/\">i andre farver.<\/a><br data-start=\"2192\" data-end=\"2195\" \/><strong data-start=\"2195\" data-end=\"2249\">Se her, <a href=\"https:\/\/shop.bogensberger.co.at\/produkt-schlagwort\/merino-extrafein\/\">fra hvilke materialer<\/a> vi producerer vores v\u00e6rker<\/strong>, og fork\u00e6l dig selv med et stykke t\u00f8j, der kombinerer femininitet, komfort og luksus.<\/p>","protected":false},"excerpt":{"rendered":"<p>Dobbelt s\u00e6t til kvinder SIGHRITH m\u00f8rk lilla er et symbol p\u00e5 raffinement og feminin selvtillid. Den kombinerer elegance, komfort og raffinement i en tidl\u00f8s farve, der udstr\u00e5ler dybde og stil.<\/p>","protected":false},"featured_media":7586,"comment_status":"open","ping_status":"closed","template":"","meta":[],"product_brand":[],"product_cat":[289,300,293,196,193],"product_tag":[],"class_list":{"0":"post-2153","1":"product","2":"type-product","3":"status-publish","4":"has-post-thumbnail","6":"product_cat-dvojsety","7":"product_cat-damske-oblecenie","8":"product_cat-driekovnik-a-rukavniky","9":"product_cat-dvojsety-tmavofialove","10":"product_cat-pleteninove-doplnky-tmavofialove","12":"first","13":"instock","14":"taxable","15":"shipping-taxable","16":"purchasable","17":"product-type-simple"},"yoast_head":"<!-- This site is optimized with the Yoast SEO plugin v26.0 - https:\/\/yoast.com\/wordpress\/plugins\/seo\/ -->\n<title>D\u00e1mske oble\u010denie 2-set SIGHRITH tmavofialov\u00fd - TATTJA<\/title>\n<meta name=\"description\" content=\"D\u00e1mske oble\u010denie dvojset SIGHRITH tmavofialov\u00fd \u2013 noblesn\u00fd, hrejiv\u00fd a \u017eensk\u00fd komplet, ktor\u00fd sp\u00e1ja eleganciu, jemnos\u0165 a modern\u00fd dizajn v jednom k\u00fasku.\" \/>\n<meta name=\"robots\" content=\"index, follow, max-snippet:-1, max-image-preview:large, max-video-preview:-1\" \/>\n<link rel=\"canonical\" href=\"https:\/\/www.tattja.com\/da\/product\/damske-oblecenie-dvojset-sighrith-tmavofialovy\/\" \/>\n<meta property=\"og:locale\" content=\"da_DK\" \/>\n<meta property=\"og:type\" content=\"article\" \/>\n<meta property=\"og:title\" content=\"D\u00e1mske oble\u010denie 2-set SIGHRITH tmavofialov\u00fd - TATTJA\" \/>\n<meta property=\"og:description\" content=\"D\u00e1mske oble\u010denie dvojset SIGHRITH tmavofialov\u00fd \u2013 noblesn\u00fd, hrejiv\u00fd a \u017eensk\u00fd komplet, ktor\u00fd sp\u00e1ja eleganciu, jemnos\u0165 a modern\u00fd dizajn v jednom k\u00fasku.\" \/>\n<meta property=\"og:url\" content=\"https:\/\/www.tattja.com\/da\/product\/damske-oblecenie-dvojset-sighrith-tmavofialovy\/\" \/>\n<meta property=\"og:site_name\" content=\"TATTJA\" \/>\n<meta property=\"article:modified_time\" content=\"2026-04-05T17:44:38+00:00\" \/>\n<meta property=\"og:image\" content=\"https:\/\/www.tattja.com\/wp-content\/uploads\/2026\/01\/tmavofialovy-dvojset-driekovnik-rukavniky-spredu-10.webp\" \/>\n\t<meta property=\"og:image:width\" content=\"1365\" \/>\n\t<meta property=\"og:image:height\" content=\"2048\" \/>\n\t<meta property=\"og:image:type\" content=\"image\/webp\" \/>\n<meta name=\"twitter:card\" content=\"summary_large_image\" \/>\n<meta name=\"twitter:label1\" content=\"Estimeret l\u00e6setid\" \/>\n\t<meta name=\"twitter:data1\" content=\"2 minutter\" \/>\n<script type=\"application\/ld+json\" class=\"yoast-schema-graph\">{\"@context\":\"https:\/\/schema.org\",\"@graph\":[{\"@type\":\"WebPage\",\"@id\":\"https:\/\/www.tattja.com\/product\/damske-oblecenie-dvojset-sighrith-tmavofialovy\/\",\"url\":\"https:\/\/www.tattja.com\/product\/damske-oblecenie-dvojset-sighrith-tmavofialovy\/\",\"name\":\"D\u00e1mske oble\u010denie 2-set SIGHRITH tmavofialov\u00fd - TATTJA\",\"isPartOf\":{\"@id\":\"https:\/\/www.tattja.com\/#website\"},\"primaryImageOfPage\":{\"@id\":\"https:\/\/www.tattja.com\/product\/damske-oblecenie-dvojset-sighrith-tmavofialovy\/#primaryimage\"},\"image\":{\"@id\":\"https:\/\/www.tattja.com\/product\/damske-oblecenie-dvojset-sighrith-tmavofialovy\/#primaryimage\"},\"thumbnailUrl\":\"https:\/\/www.tattja.com\/wp-content\/uploads\/2026\/01\/tmavofialovy-dvojset-driekovnik-rukavniky-spredu-10.webp\",\"datePublished\":\"2025-08-21T09:11:22+00:00\",\"dateModified\":\"2026-04-05T17:44:38+00:00\",\"description\":\"D\u00e1mske oble\u010denie dvojset SIGHRITH tmavofialov\u00fd \u2013 noblesn\u00fd, hrejiv\u00fd a \u017eensk\u00fd komplet, ktor\u00fd sp\u00e1ja eleganciu, jemnos\u0165 a modern\u00fd dizajn v jednom k\u00fasku.\",\"breadcrumb\":{\"@id\":\"https:\/\/www.tattja.com\/product\/damske-oblecenie-dvojset-sighrith-tmavofialovy\/#breadcrumb\"},\"inLanguage\":\"da-DK\",\"potentialAction\":[{\"@type\":\"ReadAction\",\"target\":[\"https:\/\/www.tattja.com\/product\/damske-oblecenie-dvojset-sighrith-tmavofialovy\/\"]}]},{\"@type\":\"ImageObject\",\"inLanguage\":\"da-DK\",\"@id\":\"https:\/\/www.tattja.com\/product\/damske-oblecenie-dvojset-sighrith-tmavofialovy\/#primaryimage\",\"url\":\"https:\/\/www.tattja.com\/wp-content\/uploads\/2026\/01\/tmavofialovy-dvojset-driekovnik-rukavniky-spredu-10.webp\",\"contentUrl\":\"https:\/\/www.tattja.com\/wp-content\/uploads\/2026\/01\/tmavofialovy-dvojset-driekovnik-rukavniky-spredu-10.webp\",\"width\":1365,\"height\":2048,\"caption\":\"Dvojset SIGHRITH tmavofialov\u00fd \u2013 driekovn\u00edk a ruk\u00e1vniky, predn\u00fd poh\u013ead | TATTJA\"},{\"@type\":\"BreadcrumbList\",\"@id\":\"https:\/\/www.tattja.com\/product\/damske-oblecenie-dvojset-sighrith-tmavofialovy\/#breadcrumb\",\"itemListElement\":[{\"@type\":\"ListItem\",\"position\":1,\"name\":\"Domov\",\"item\":\"https:\/\/www.tattja.com\/\"},{\"@type\":\"ListItem\",\"position\":2,\"name\":\"Produkty\",\"item\":\"https:\/\/www.tattja.com\/damske-oblecenie-produkty\/\"},{\"@type\":\"ListItem\",\"position\":3,\"name\":\"D\u00e1mske oble\u010denie 2-set SIGHRITH tmavofialov\u00fd\"}]},{\"@type\":\"WebSite\",\"@id\":\"https:\/\/www.tattja.com\/#website\",\"url\":\"https:\/\/www.tattja.com\/\",\"name\":\"TATTJA\",\"description\":\"D\u00e1mske oble\u010denie z extra jemnej merino vlny \u2014 ru\u010dne pleten\u00e9 na Slovensku\",\"potentialAction\":[{\"@type\":\"SearchAction\",\"target\":{\"@type\":\"EntryPoint\",\"urlTemplate\":\"https:\/\/www.tattja.com\/?s={search_term_string}\"},\"query-input\":{\"@type\":\"PropertyValueSpecification\",\"valueRequired\":true,\"valueName\":\"search_term_string\"}}],\"inLanguage\":\"da-DK\"}]}<\/script>\n<!-- \/ Yoast SEO plugin. -->","yoast_head_json":{"title":"D\u00e1mske oble\u010denie 2-set SIGHRITH tmavofialov\u00fd - TATTJA","description":"D\u00e1mske oble\u010denie dvojset SIGHRITH tmavofialov\u00fd \u2013 noblesn\u00fd, hrejiv\u00fd a \u017eensk\u00fd komplet, ktor\u00fd sp\u00e1ja eleganciu, jemnos\u0165 a modern\u00fd dizajn v jednom k\u00fasku.","robots":{"index":"index","follow":"follow","max-snippet":"max-snippet:-1","max-image-preview":"max-image-preview:large","max-video-preview":"max-video-preview:-1"},"canonical":"https:\/\/www.tattja.com\/da\/product\/damske-oblecenie-dvojset-sighrith-tmavofialovy\/","og_locale":"da_DK","og_type":"article","og_title":"D\u00e1mske oble\u010denie 2-set SIGHRITH tmavofialov\u00fd - TATTJA","og_description":"D\u00e1mske oble\u010denie dvojset SIGHRITH tmavofialov\u00fd \u2013 noblesn\u00fd, hrejiv\u00fd a \u017eensk\u00fd komplet, ktor\u00fd sp\u00e1ja eleganciu, jemnos\u0165 a modern\u00fd dizajn v jednom k\u00fasku.","og_url":"https:\/\/www.tattja.com\/da\/product\/damske-oblecenie-dvojset-sighrith-tmavofialovy\/","og_site_name":"TATTJA","article_modified_time":"2026-04-05T17:44:38+00:00","og_image":[{"width":1365,"height":2048,"url":"https:\/\/www.tattja.com\/wp-content\/uploads\/2026\/01\/tmavofialovy-dvojset-driekovnik-rukavniky-spredu-10.webp","type":"image\/webp"}],"twitter_card":"summary_large_image","twitter_misc":{"Estimeret l\u00e6setid":"2 minutter"},"schema":{"@context":"https:\/\/schema.org","@graph":[{"@type":"WebPage","@id":"https:\/\/www.tattja.com\/product\/damske-oblecenie-dvojset-sighrith-tmavofialovy\/","url":"https:\/\/www.tattja.com\/product\/damske-oblecenie-dvojset-sighrith-tmavofialovy\/","name":"D\u00e1mske oble\u010denie 2-set SIGHRITH tmavofialov\u00fd - TATTJA","isPartOf":{"@id":"https:\/\/www.tattja.com\/#website"},"primaryImageOfPage":{"@id":"https:\/\/www.tattja.com\/product\/damske-oblecenie-dvojset-sighrith-tmavofialovy\/#primaryimage"},"image":{"@id":"https:\/\/www.tattja.com\/product\/damske-oblecenie-dvojset-sighrith-tmavofialovy\/#primaryimage"},"thumbnailUrl":"https:\/\/www.tattja.com\/wp-content\/uploads\/2026\/01\/tmavofialovy-dvojset-driekovnik-rukavniky-spredu-10.webp","datePublished":"2025-08-21T09:11:22+00:00","dateModified":"2026-04-05T17:44:38+00:00","description":"D\u00e1mske oble\u010denie dvojset SIGHRITH tmavofialov\u00fd \u2013 noblesn\u00fd, hrejiv\u00fd a \u017eensk\u00fd komplet, ktor\u00fd sp\u00e1ja eleganciu, jemnos\u0165 a modern\u00fd dizajn v jednom k\u00fasku.","breadcrumb":{"@id":"https:\/\/www.tattja.com\/product\/damske-oblecenie-dvojset-sighrith-tmavofialovy\/#breadcrumb"},"inLanguage":"da-DK","potentialAction":[{"@type":"ReadAction","target":["https:\/\/www.tattja.com\/product\/damske-oblecenie-dvojset-sighrith-tmavofialovy\/"]}]},{"@type":"ImageObject","inLanguage":"da-DK","@id":"https:\/\/www.tattja.com\/product\/damske-oblecenie-dvojset-sighrith-tmavofialovy\/#primaryimage","url":"https:\/\/www.tattja.com\/wp-content\/uploads\/2026\/01\/tmavofialovy-dvojset-driekovnik-rukavniky-spredu-10.webp","contentUrl":"https:\/\/www.tattja.com\/wp-content\/uploads\/2026\/01\/tmavofialovy-dvojset-driekovnik-rukavniky-spredu-10.webp","width":1365,"height":2048,"caption":"Dvojset SIGHRITH tmavofialov\u00fd \u2013 driekovn\u00edk a ruk\u00e1vniky, predn\u00fd poh\u013ead | TATTJA"},{"@type":"BreadcrumbList","@id":"https:\/\/www.tattja.com\/product\/damske-oblecenie-dvojset-sighrith-tmavofialovy\/#breadcrumb","itemListElement":[{"@type":"ListItem","position":1,"name":"Domov","item":"https:\/\/www.tattja.com\/"},{"@type":"ListItem","position":2,"name":"Produkty","item":"https:\/\/www.tattja.com\/damske-oblecenie-produkty\/"},{"@type":"ListItem","position":3,"name":"D\u00e1mske oble\u010denie 2-set SIGHRITH tmavofialov\u00fd"}]},{"@type":"WebSite","@id":"https:\/\/www.tattja.com\/#website","url":"https:\/\/www.tattja.com\/","name":"TATTJA","description":"D\u00e1mske oble\u010denie z extra jemnej merino vlny \u2014 ru\u010dne pleten\u00e9 na Slovensku","potentialAction":[{"@type":"SearchAction","target":{"@type":"EntryPoint","urlTemplate":"https:\/\/www.tattja.com\/?s={search_term_string}"},"query-input":{"@type":"PropertyValueSpecification","valueRequired":true,"valueName":"search_term_string"}}],"inLanguage":"da-DK"}]}},"_links":{"self":[{"href":"https:\/\/www.tattja.com\/da\/wp-json\/wp\/v2\/product\/2153","targetHints":{"allow":["GET"]}}],"collection":[{"href":"https:\/\/www.tattja.com\/da\/wp-json\/wp\/v2\/product"}],"about":[{"href":"https:\/\/www.tattja.com\/da\/wp-json\/wp\/v2\/types\/product"}],"replies":[{"embeddable":true,"href":"https:\/\/www.tattja.com\/da\/wp-json\/wp\/v2\/comments?post=2153"}],"version-history":[{"count":6,"href":"https:\/\/www.tattja.com\/da\/wp-json\/wp\/v2\/product\/2153\/revisions"}],"predecessor-version":[{"id":7162,"href":"https:\/\/www.tattja.com\/da\/wp-json\/wp\/v2\/product\/2153\/revisions\/7162"}],"wp:featuredmedia":[{"embeddable":true,"href":"https:\/\/www.tattja.com\/da\/wp-json\/wp\/v2\/media\/7586"}],"wp:attachment":[{"href":"https:\/\/www.tattja.com\/da\/wp-json\/wp\/v2\/media?parent=2153"}],"wp:term":[{"taxonomy":"product_brand","embeddable":true,"href":"https:\/\/www.tattja.com\/da\/wp-json\/wp\/v2\/product_brand?post=2153"},{"taxonomy":"product_cat","embeddable":true,"href":"https:\/\/www.tattja.com\/da\/wp-json\/wp\/v2\/product_cat?post=2153"},{"taxonomy":"product_tag","embeddable":true,"href":"https:\/\/www.tattja.com\/da\/wp-json\/wp\/v2\/product_tag?post=2153"}],"curies":[{"name":"wp","href":"https:\/\/api.w.org\/{rel}","templated":true}]}}