{"id":2155,"date":"2025-08-21T11:12:18","date_gmt":"2025-08-21T09:12:18","guid":{"rendered":"https:\/\/www.tattja.com\/?post_type=product&#038;p=2155"},"modified":"2026-04-05T19:44:37","modified_gmt":"2026-04-05T17:44:37","slug":"damske-oblecenie-dvojset-rigmor-tmavofialovy","status":"publish","type":"product","link":"https:\/\/www.tattja.com\/da\/product\/damske-oblecenie-dvojset-rigmor-tmavofialovy\/","title":{"rendered":"D\u00e1mske oble\u010denie 2-set RIGMOR tmavofialov\u00fd"},"content":{"rendered":"<p data-start=\"895\" data-end=\"1220\"><strong data-start=\"895\" data-end=\"943\">Damet\u00f8j dobbelt s\u00e6t RIGMOR m\u00f8rk lilla<\/strong> kombinerer raffinement, femininitet og en f\u00f8lelse af luksus. Dette elegante dobbelts\u00e6t er designet til kvinder, der elsker at kombinere funktionalitet, stil og komfort i \u00e9t tidl\u00f8st stykke. Den finstrikkede struktur tilpasser sig kroppen, varmer behageligt og skaber en f\u00f8lelse af komfort ved hver bev\u00e6gelse.<\/p>\n<p data-start=\"1222\" data-end=\"1540\">Den m\u00f8rklilla farve ser elegant, mystisk og sofistikeret ud. Den er et symbol p\u00e5 selvtillid, pondus og feminin charme. Halsstykket l\u00e6gger sig blidt om skuldrene og beskytter mod kulden, mens \u00e6rmerne tilf\u00f8rer outfittet pift og en funktionel dimension. Sammen skaber de et stilfuldt ensemble, der vil skille sig ud i b\u00e5de afslappede og mere formelle outfits.<\/p>\n<p data-start=\"1542\" data-end=\"1844\">Dobbelt s\u00e6t til kvinder RIGMOR m\u00f8rk lilla er det ideelle tilbeh\u00f8r til kvinder, der ikke \u00f8nsker at v\u00e6lge mellem komfort og elegance. Det kombinerer subtile detaljer med et sofistikeret design, der l\u00f8fter ethvert outfit til et nyt niveau. Takket v\u00e6re sin alsidighed er det velegnet til arbejde, byen og en social sammenkomst.<\/p>\n<p data-start=\"1846\" data-end=\"1992\">Hvert element i TATTJA-kollektionen er skabt med fokus p\u00e5 kvalitet og detaljer, s\u00e5 dobbelts\u00e6ttet ikke kun bliver et moderigtigt, men ogs\u00e5 et holdbart element i din garderobe.<\/p>\n<p data-start=\"1994\" data-end=\"2233\">Oplev sk\u00f8nheden i delikatesse, sofistikerede detaljer og feminin stil, der vil holde dig varm og... <a href=\"https:\/\/www.tattja.com\/da\/product-category\/damske-oblecenie\/dvojsety\/nakrcnik-a-rukavniky\/\">i andre farver.<\/a><br data-start=\"2097\" data-end=\"2100\" \/><strong data-start=\"2100\" data-end=\"2154\">Se her, <a href=\"https:\/\/shop.bogensberger.co.at\/produkt-schlagwort\/merino-extrafein\/\">fra hvilke materialer<\/a> vi producerer vores v\u00e6rker<\/strong> - Oplev kvalitet, der kombinerer komfort, stil og elegance i hver eneste detalje.<\/p>","protected":false},"excerpt":{"rendered":"<p>Dobbelt s\u00e6t til kvinder RIGMOR m\u00f8rkelilla kombinerer elegance, raffinement og varmende komfort. De fine hals- og \u00e6rmeafslutninger i en raffineret farve understreger kvindelighed og stil. Dette dobbelts\u00e6t er ideelt til kvinder, der s\u00e6tter pris p\u00e5 kvalitet, sofistikerede detaljer og et unikt look.<\/p>","protected":false},"featured_media":7595,"comment_status":"open","ping_status":"closed","template":"","meta":[],"product_brand":[],"product_cat":[289,300,196,292,193],"product_tag":[],"class_list":{"0":"post-2155","1":"product","2":"type-product","3":"status-publish","4":"has-post-thumbnail","6":"product_cat-dvojsety","7":"product_cat-damske-oblecenie","8":"product_cat-dvojsety-tmavofialove","9":"product_cat-nakrcnik-a-rukavniky","10":"product_cat-pleteninove-doplnky-tmavofialove","12":"first","13":"instock","14":"taxable","15":"shipping-taxable","16":"purchasable","17":"product-type-simple"},"yoast_head":"<!-- This site is optimized with the Yoast SEO plugin v26.0 - https:\/\/yoast.com\/wordpress\/plugins\/seo\/ -->\n<title>D\u00e1mske oble\u010denie 2-set RIGMOR tmavofialov\u00fd - TATTJA<\/title>\n<meta name=\"description\" content=\"D\u00e1mske oble\u010denie dvojset RIGMOR tmavofialov\u00fd \u2013 noblesn\u00fd set s n\u00e1kr\u010dn\u00edkom a ruk\u00e1vnikmi pre \u017eeny, ktor\u00e9 miluj\u00fa eleganciu, pohodlie a jedine\u010dn\u00fd \u0161t\u00fdl.\" \/>\n<meta name=\"robots\" content=\"index, follow, max-snippet:-1, max-image-preview:large, max-video-preview:-1\" \/>\n<link rel=\"canonical\" href=\"https:\/\/www.tattja.com\/da\/product\/damske-oblecenie-dvojset-rigmor-tmavofialovy\/\" \/>\n<meta property=\"og:locale\" content=\"da_DK\" \/>\n<meta property=\"og:type\" content=\"article\" \/>\n<meta property=\"og:title\" content=\"D\u00e1mske oble\u010denie 2-set RIGMOR tmavofialov\u00fd - TATTJA\" \/>\n<meta property=\"og:description\" content=\"D\u00e1mske oble\u010denie dvojset RIGMOR tmavofialov\u00fd \u2013 noblesn\u00fd set s n\u00e1kr\u010dn\u00edkom a ruk\u00e1vnikmi pre \u017eeny, ktor\u00e9 miluj\u00fa eleganciu, pohodlie a jedine\u010dn\u00fd \u0161t\u00fdl.\" \/>\n<meta property=\"og:url\" content=\"https:\/\/www.tattja.com\/da\/product\/damske-oblecenie-dvojset-rigmor-tmavofialovy\/\" \/>\n<meta property=\"og:site_name\" content=\"TATTJA\" \/>\n<meta property=\"article:modified_time\" content=\"2026-04-05T17:44:37+00:00\" \/>\n<meta property=\"og:image\" content=\"https:\/\/www.tattja.com\/wp-content\/uploads\/2026\/01\/tmavofialovy-dvojset-nakrcnik-rukavniky-spredu-13.webp\" \/>\n\t<meta property=\"og:image:width\" content=\"1365\" \/>\n\t<meta property=\"og:image:height\" content=\"2048\" \/>\n\t<meta property=\"og:image:type\" content=\"image\/webp\" \/>\n<meta name=\"twitter:card\" content=\"summary_large_image\" \/>\n<meta name=\"twitter:label1\" content=\"Estimeret l\u00e6setid\" \/>\n\t<meta name=\"twitter:data1\" content=\"2 minutter\" \/>\n<script type=\"application\/ld+json\" class=\"yoast-schema-graph\">{\"@context\":\"https:\/\/schema.org\",\"@graph\":[{\"@type\":\"WebPage\",\"@id\":\"https:\/\/www.tattja.com\/product\/damske-oblecenie-dvojset-rigmor-tmavofialovy\/\",\"url\":\"https:\/\/www.tattja.com\/product\/damske-oblecenie-dvojset-rigmor-tmavofialovy\/\",\"name\":\"D\u00e1mske oble\u010denie 2-set RIGMOR tmavofialov\u00fd - TATTJA\",\"isPartOf\":{\"@id\":\"https:\/\/www.tattja.com\/#website\"},\"primaryImageOfPage\":{\"@id\":\"https:\/\/www.tattja.com\/product\/damske-oblecenie-dvojset-rigmor-tmavofialovy\/#primaryimage\"},\"image\":{\"@id\":\"https:\/\/www.tattja.com\/product\/damske-oblecenie-dvojset-rigmor-tmavofialovy\/#primaryimage\"},\"thumbnailUrl\":\"https:\/\/www.tattja.com\/wp-content\/uploads\/2026\/01\/tmavofialovy-dvojset-nakrcnik-rukavniky-spredu-13.webp\",\"datePublished\":\"2025-08-21T09:12:18+00:00\",\"dateModified\":\"2026-04-05T17:44:37+00:00\",\"description\":\"D\u00e1mske oble\u010denie dvojset RIGMOR tmavofialov\u00fd \u2013 noblesn\u00fd set s n\u00e1kr\u010dn\u00edkom a ruk\u00e1vnikmi pre \u017eeny, ktor\u00e9 miluj\u00fa eleganciu, pohodlie a jedine\u010dn\u00fd \u0161t\u00fdl.\",\"breadcrumb\":{\"@id\":\"https:\/\/www.tattja.com\/product\/damske-oblecenie-dvojset-rigmor-tmavofialovy\/#breadcrumb\"},\"inLanguage\":\"da-DK\",\"potentialAction\":[{\"@type\":\"ReadAction\",\"target\":[\"https:\/\/www.tattja.com\/product\/damske-oblecenie-dvojset-rigmor-tmavofialovy\/\"]}]},{\"@type\":\"ImageObject\",\"inLanguage\":\"da-DK\",\"@id\":\"https:\/\/www.tattja.com\/product\/damske-oblecenie-dvojset-rigmor-tmavofialovy\/#primaryimage\",\"url\":\"https:\/\/www.tattja.com\/wp-content\/uploads\/2026\/01\/tmavofialovy-dvojset-nakrcnik-rukavniky-spredu-13.webp\",\"contentUrl\":\"https:\/\/www.tattja.com\/wp-content\/uploads\/2026\/01\/tmavofialovy-dvojset-nakrcnik-rukavniky-spredu-13.webp\",\"width\":1365,\"height\":2048,\"caption\":\"Dvojset RIGMOR tmavofialov\u00fd \u2013 n\u00e1kr\u010dn\u00edk a ruk\u00e1vniky, predn\u00fd poh\u013ead | TATTJA\"},{\"@type\":\"BreadcrumbList\",\"@id\":\"https:\/\/www.tattja.com\/product\/damske-oblecenie-dvojset-rigmor-tmavofialovy\/#breadcrumb\",\"itemListElement\":[{\"@type\":\"ListItem\",\"position\":1,\"name\":\"Domov\",\"item\":\"https:\/\/www.tattja.com\/\"},{\"@type\":\"ListItem\",\"position\":2,\"name\":\"Produkty\",\"item\":\"https:\/\/www.tattja.com\/damske-oblecenie-produkty\/\"},{\"@type\":\"ListItem\",\"position\":3,\"name\":\"D\u00e1mske oble\u010denie 2-set RIGMOR tmavofialov\u00fd\"}]},{\"@type\":\"WebSite\",\"@id\":\"https:\/\/www.tattja.com\/#website\",\"url\":\"https:\/\/www.tattja.com\/\",\"name\":\"TATTJA\",\"description\":\"D\u00e1mske oble\u010denie z extra jemnej merino vlny \u2014 ru\u010dne pleten\u00e9 na Slovensku\",\"potentialAction\":[{\"@type\":\"SearchAction\",\"target\":{\"@type\":\"EntryPoint\",\"urlTemplate\":\"https:\/\/www.tattja.com\/?s={search_term_string}\"},\"query-input\":{\"@type\":\"PropertyValueSpecification\",\"valueRequired\":true,\"valueName\":\"search_term_string\"}}],\"inLanguage\":\"da-DK\"}]}<\/script>\n<!-- \/ Yoast SEO plugin. -->","yoast_head_json":{"title":"D\u00e1mske oble\u010denie 2-set RIGMOR tmavofialov\u00fd - TATTJA","description":"D\u00e1mske oble\u010denie dvojset RIGMOR tmavofialov\u00fd \u2013 noblesn\u00fd set s n\u00e1kr\u010dn\u00edkom a ruk\u00e1vnikmi pre \u017eeny, ktor\u00e9 miluj\u00fa eleganciu, pohodlie a jedine\u010dn\u00fd \u0161t\u00fdl.","robots":{"index":"index","follow":"follow","max-snippet":"max-snippet:-1","max-image-preview":"max-image-preview:large","max-video-preview":"max-video-preview:-1"},"canonical":"https:\/\/www.tattja.com\/da\/product\/damske-oblecenie-dvojset-rigmor-tmavofialovy\/","og_locale":"da_DK","og_type":"article","og_title":"D\u00e1mske oble\u010denie 2-set RIGMOR tmavofialov\u00fd - TATTJA","og_description":"D\u00e1mske oble\u010denie dvojset RIGMOR tmavofialov\u00fd \u2013 noblesn\u00fd set s n\u00e1kr\u010dn\u00edkom a ruk\u00e1vnikmi pre \u017eeny, ktor\u00e9 miluj\u00fa eleganciu, pohodlie a jedine\u010dn\u00fd \u0161t\u00fdl.","og_url":"https:\/\/www.tattja.com\/da\/product\/damske-oblecenie-dvojset-rigmor-tmavofialovy\/","og_site_name":"TATTJA","article_modified_time":"2026-04-05T17:44:37+00:00","og_image":[{"width":1365,"height":2048,"url":"https:\/\/www.tattja.com\/wp-content\/uploads\/2026\/01\/tmavofialovy-dvojset-nakrcnik-rukavniky-spredu-13.webp","type":"image\/webp"}],"twitter_card":"summary_large_image","twitter_misc":{"Estimeret l\u00e6setid":"2 minutter"},"schema":{"@context":"https:\/\/schema.org","@graph":[{"@type":"WebPage","@id":"https:\/\/www.tattja.com\/product\/damske-oblecenie-dvojset-rigmor-tmavofialovy\/","url":"https:\/\/www.tattja.com\/product\/damske-oblecenie-dvojset-rigmor-tmavofialovy\/","name":"D\u00e1mske oble\u010denie 2-set RIGMOR tmavofialov\u00fd - TATTJA","isPartOf":{"@id":"https:\/\/www.tattja.com\/#website"},"primaryImageOfPage":{"@id":"https:\/\/www.tattja.com\/product\/damske-oblecenie-dvojset-rigmor-tmavofialovy\/#primaryimage"},"image":{"@id":"https:\/\/www.tattja.com\/product\/damske-oblecenie-dvojset-rigmor-tmavofialovy\/#primaryimage"},"thumbnailUrl":"https:\/\/www.tattja.com\/wp-content\/uploads\/2026\/01\/tmavofialovy-dvojset-nakrcnik-rukavniky-spredu-13.webp","datePublished":"2025-08-21T09:12:18+00:00","dateModified":"2026-04-05T17:44:37+00:00","description":"D\u00e1mske oble\u010denie dvojset RIGMOR tmavofialov\u00fd \u2013 noblesn\u00fd set s n\u00e1kr\u010dn\u00edkom a ruk\u00e1vnikmi pre \u017eeny, ktor\u00e9 miluj\u00fa eleganciu, pohodlie a jedine\u010dn\u00fd \u0161t\u00fdl.","breadcrumb":{"@id":"https:\/\/www.tattja.com\/product\/damske-oblecenie-dvojset-rigmor-tmavofialovy\/#breadcrumb"},"inLanguage":"da-DK","potentialAction":[{"@type":"ReadAction","target":["https:\/\/www.tattja.com\/product\/damske-oblecenie-dvojset-rigmor-tmavofialovy\/"]}]},{"@type":"ImageObject","inLanguage":"da-DK","@id":"https:\/\/www.tattja.com\/product\/damske-oblecenie-dvojset-rigmor-tmavofialovy\/#primaryimage","url":"https:\/\/www.tattja.com\/wp-content\/uploads\/2026\/01\/tmavofialovy-dvojset-nakrcnik-rukavniky-spredu-13.webp","contentUrl":"https:\/\/www.tattja.com\/wp-content\/uploads\/2026\/01\/tmavofialovy-dvojset-nakrcnik-rukavniky-spredu-13.webp","width":1365,"height":2048,"caption":"Dvojset RIGMOR tmavofialov\u00fd \u2013 n\u00e1kr\u010dn\u00edk a ruk\u00e1vniky, predn\u00fd poh\u013ead | TATTJA"},{"@type":"BreadcrumbList","@id":"https:\/\/www.tattja.com\/product\/damske-oblecenie-dvojset-rigmor-tmavofialovy\/#breadcrumb","itemListElement":[{"@type":"ListItem","position":1,"name":"Domov","item":"https:\/\/www.tattja.com\/"},{"@type":"ListItem","position":2,"name":"Produkty","item":"https:\/\/www.tattja.com\/damske-oblecenie-produkty\/"},{"@type":"ListItem","position":3,"name":"D\u00e1mske oble\u010denie 2-set RIGMOR tmavofialov\u00fd"}]},{"@type":"WebSite","@id":"https:\/\/www.tattja.com\/#website","url":"https:\/\/www.tattja.com\/","name":"TATTJA","description":"D\u00e1mske oble\u010denie z extra jemnej merino vlny \u2014 ru\u010dne pleten\u00e9 na Slovensku","potentialAction":[{"@type":"SearchAction","target":{"@type":"EntryPoint","urlTemplate":"https:\/\/www.tattja.com\/?s={search_term_string}"},"query-input":{"@type":"PropertyValueSpecification","valueRequired":true,"valueName":"search_term_string"}}],"inLanguage":"da-DK"}]}},"_links":{"self":[{"href":"https:\/\/www.tattja.com\/da\/wp-json\/wp\/v2\/product\/2155","targetHints":{"allow":["GET"]}}],"collection":[{"href":"https:\/\/www.tattja.com\/da\/wp-json\/wp\/v2\/product"}],"about":[{"href":"https:\/\/www.tattja.com\/da\/wp-json\/wp\/v2\/types\/product"}],"replies":[{"embeddable":true,"href":"https:\/\/www.tattja.com\/da\/wp-json\/wp\/v2\/comments?post=2155"}],"version-history":[{"count":6,"href":"https:\/\/www.tattja.com\/da\/wp-json\/wp\/v2\/product\/2155\/revisions"}],"predecessor-version":[{"id":7161,"href":"https:\/\/www.tattja.com\/da\/wp-json\/wp\/v2\/product\/2155\/revisions\/7161"}],"wp:featuredmedia":[{"embeddable":true,"href":"https:\/\/www.tattja.com\/da\/wp-json\/wp\/v2\/media\/7595"}],"wp:attachment":[{"href":"https:\/\/www.tattja.com\/da\/wp-json\/wp\/v2\/media?parent=2155"}],"wp:term":[{"taxonomy":"product_brand","embeddable":true,"href":"https:\/\/www.tattja.com\/da\/wp-json\/wp\/v2\/product_brand?post=2155"},{"taxonomy":"product_cat","embeddable":true,"href":"https:\/\/www.tattja.com\/da\/wp-json\/wp\/v2\/product_cat?post=2155"},{"taxonomy":"product_tag","embeddable":true,"href":"https:\/\/www.tattja.com\/da\/wp-json\/wp\/v2\/product_tag?post=2155"}],"curies":[{"name":"wp","href":"https:\/\/api.w.org\/{rel}","templated":true}]}}