{"id":2163,"date":"2025-08-21T11:16:40","date_gmt":"2025-08-21T09:16:40","guid":{"rendered":"https:\/\/www.tattja.com\/?post_type=product&#038;p=2163"},"modified":"2026-04-05T19:44:37","modified_gmt":"2026-04-05T17:44:37","slug":"damske-oblecenie-dvojset-ingeborg-tmavofialovy","status":"publish","type":"product","link":"https:\/\/www.tattja.com\/da\/product\/damske-oblecenie-dvojset-ingeborg-tmavofialovy\/","title":{"rendered":"D\u00e1mske oble\u010denie 2-set INGEBORG tmavofialov\u00fd"},"content":{"rendered":"<p data-start=\"916\" data-end=\"1211\"><strong data-start=\"916\" data-end=\"966\">Dobbelt s\u00e6t til kvinder INGEBORG m\u00f8rk lilla<\/strong> kombinerer varme, elegance og tidl\u00f8st design. Dette enest\u00e5ende s\u00e6t fra kollektionen <strong data-start=\"1052\" data-end=\"1062\">TATTJA<\/strong> best\u00e5r af to ikoniske dele - en hue og en strikket halsvarmer, som tilsammen skaber en harmonisk helhed, der er ideel til den moderne kvinde med sans for stil.<\/p>\n<p data-start=\"1213\" data-end=\"1533\">Den m\u00f8rklilla nuance udstr\u00e5ler raffinement, indre styrke og feminin elegance. Dens dybe tone er b\u00e5de mystisk og sofistikeret og tilf\u00f8jer et strejf af originalitet til ethvert outfit. Denne farve fremh\u00e6ver b\u00e6rerens naturlige sk\u00f8nhed og selvtillid og passer perfekt til b\u00e5de neutrale og mere fyldige nuancer i efter\u00e5rs- og vintergarderoben.<\/p>\n<p data-start=\"1535\" data-end=\"1794\">Halsvarmeren smyger sig om skuldre og hals og giver en f\u00f8lelse af komfort og varme, mens h\u00e6tten med skjold tilf\u00f8rer en moderne, men elegant karakter til hele ensemblet. Kombinationen er et bevis p\u00e5, at det praktiske kan g\u00e5 h\u00e5nd i h\u00e5nd med luksus og feminin raffinement.<\/p>\n<p data-start=\"1796\" data-end=\"2095\">Dobbelt s\u00e6t damet\u00f8j <strong data-start=\"1804\" data-end=\"1829\">INGEBORG m\u00f8rk lilla<\/strong> er velegnet til byture, rejser og fritid. Takket v\u00e6re kvalitetsh\u00e5ndv\u00e6rket og den elastiske struktur i det strikkede stof giver den komfort hele dagen og holder formen selv efter brug. Det er det ideelle tilbeh\u00f8r til den kvinde, der \u00f8nsker det bedste i det enkle.<\/p>\n<p data-start=\"2097\" data-end=\"2202\">Oplev sk\u00f8nheden i delikatesse, sofistikerede detaljer og feminin stil, der vil holde dig varm og... <a href=\"https:\/\/www.tattja.com\/da\/product-category\/damske-oblecenie\/dvojsety\/nakrcnik-a-ciapka\/\">i andre farver<\/a>.<\/p>\n<p data-start=\"2204\" data-end=\"2340\"><strong data-start=\"2204\" data-end=\"2258\">Se, hvilke materialer vi bruger til at lave vores v\u00e6rker<\/strong> og fork\u00e6l dig selv med en kombination af varmende elegance, funktionalitet og \u00e6stetisk perfektion.<\/p>","protected":false},"excerpt":{"rendered":"<h6>M\u00f8rklilla tredelt s\u00e6t - elegance i det perfekte samspil mellem en varm halsvarmer, en stilfuld shrug og en raffineret hue.<\/h6>","protected":false},"featured_media":7589,"comment_status":"open","ping_status":"closed","template":"","meta":[],"product_brand":[],"product_cat":[289,300,196,291,193],"product_tag":[],"class_list":{"0":"post-2163","1":"product","2":"type-product","3":"status-publish","4":"has-post-thumbnail","6":"product_cat-dvojsety","7":"product_cat-damske-oblecenie","8":"product_cat-dvojsety-tmavofialove","9":"product_cat-nakrcnik-a-ciapka","10":"product_cat-pleteninove-doplnky-tmavofialove","12":"first","13":"instock","14":"taxable","15":"shipping-taxable","16":"purchasable","17":"product-type-simple"},"yoast_head":"<!-- This site is optimized with the Yoast SEO plugin v26.0 - https:\/\/yoast.com\/wordpress\/plugins\/seo\/ -->\n<title>D\u00e1mske oble\u010denie 2-set INGEBORG tmavofialov\u00fd - TATTJA<\/title>\n<meta name=\"description\" content=\"D\u00e1mske oble\u010denie dvojset INGEBORG tmavofialov\u00fd \u2013 elegantn\u00e1 kombin\u00e1cia \u010diapky a n\u00e1kr\u010dn\u00edka v odtieni, ktor\u00fd sp\u00e1ja noblesu, \u017eenskos\u0165 a modern\u00fd \u0161t\u00fdl.\" \/>\n<meta name=\"robots\" content=\"index, follow, max-snippet:-1, max-image-preview:large, max-video-preview:-1\" \/>\n<link rel=\"canonical\" href=\"https:\/\/www.tattja.com\/da\/product\/damske-oblecenie-dvojset-ingeborg-tmavofialovy\/\" \/>\n<meta property=\"og:locale\" content=\"da_DK\" \/>\n<meta property=\"og:type\" content=\"article\" \/>\n<meta property=\"og:title\" content=\"D\u00e1mske oble\u010denie 2-set INGEBORG tmavofialov\u00fd - TATTJA\" \/>\n<meta property=\"og:description\" content=\"D\u00e1mske oble\u010denie dvojset INGEBORG tmavofialov\u00fd \u2013 elegantn\u00e1 kombin\u00e1cia \u010diapky a n\u00e1kr\u010dn\u00edka v odtieni, ktor\u00fd sp\u00e1ja noblesu, \u017eenskos\u0165 a modern\u00fd \u0161t\u00fdl.\" \/>\n<meta property=\"og:url\" content=\"https:\/\/www.tattja.com\/da\/product\/damske-oblecenie-dvojset-ingeborg-tmavofialovy\/\" \/>\n<meta property=\"og:site_name\" content=\"TATTJA\" \/>\n<meta property=\"article:modified_time\" content=\"2026-04-05T17:44:37+00:00\" \/>\n<meta property=\"og:image\" content=\"https:\/\/www.tattja.com\/wp-content\/uploads\/2026\/01\/tmavofialovy-dvojset-nakrcnik-ciapka-spredu-40.webp\" \/>\n\t<meta property=\"og:image:width\" content=\"1365\" \/>\n\t<meta property=\"og:image:height\" content=\"2048\" \/>\n\t<meta property=\"og:image:type\" content=\"image\/webp\" \/>\n<meta name=\"twitter:card\" content=\"summary_large_image\" \/>\n<meta name=\"twitter:label1\" content=\"Estimeret l\u00e6setid\" \/>\n\t<meta name=\"twitter:data1\" content=\"2 minutter\" \/>\n<script type=\"application\/ld+json\" class=\"yoast-schema-graph\">{\"@context\":\"https:\/\/schema.org\",\"@graph\":[{\"@type\":\"WebPage\",\"@id\":\"https:\/\/www.tattja.com\/product\/damske-oblecenie-dvojset-ingeborg-tmavofialovy\/\",\"url\":\"https:\/\/www.tattja.com\/product\/damske-oblecenie-dvojset-ingeborg-tmavofialovy\/\",\"name\":\"D\u00e1mske oble\u010denie 2-set INGEBORG tmavofialov\u00fd - TATTJA\",\"isPartOf\":{\"@id\":\"https:\/\/www.tattja.com\/#website\"},\"primaryImageOfPage\":{\"@id\":\"https:\/\/www.tattja.com\/product\/damske-oblecenie-dvojset-ingeborg-tmavofialovy\/#primaryimage\"},\"image\":{\"@id\":\"https:\/\/www.tattja.com\/product\/damske-oblecenie-dvojset-ingeborg-tmavofialovy\/#primaryimage\"},\"thumbnailUrl\":\"https:\/\/www.tattja.com\/wp-content\/uploads\/2026\/01\/tmavofialovy-dvojset-nakrcnik-ciapka-spredu-40.webp\",\"datePublished\":\"2025-08-21T09:16:40+00:00\",\"dateModified\":\"2026-04-05T17:44:37+00:00\",\"description\":\"D\u00e1mske oble\u010denie dvojset INGEBORG tmavofialov\u00fd \u2013 elegantn\u00e1 kombin\u00e1cia \u010diapky a n\u00e1kr\u010dn\u00edka v odtieni, ktor\u00fd sp\u00e1ja noblesu, \u017eenskos\u0165 a modern\u00fd \u0161t\u00fdl.\",\"breadcrumb\":{\"@id\":\"https:\/\/www.tattja.com\/product\/damske-oblecenie-dvojset-ingeborg-tmavofialovy\/#breadcrumb\"},\"inLanguage\":\"da-DK\",\"potentialAction\":[{\"@type\":\"ReadAction\",\"target\":[\"https:\/\/www.tattja.com\/product\/damske-oblecenie-dvojset-ingeborg-tmavofialovy\/\"]}]},{\"@type\":\"ImageObject\",\"inLanguage\":\"da-DK\",\"@id\":\"https:\/\/www.tattja.com\/product\/damske-oblecenie-dvojset-ingeborg-tmavofialovy\/#primaryimage\",\"url\":\"https:\/\/www.tattja.com\/wp-content\/uploads\/2026\/01\/tmavofialovy-dvojset-nakrcnik-ciapka-spredu-40.webp\",\"contentUrl\":\"https:\/\/www.tattja.com\/wp-content\/uploads\/2026\/01\/tmavofialovy-dvojset-nakrcnik-ciapka-spredu-40.webp\",\"width\":1365,\"height\":2048,\"caption\":\"Dvojset INGEBORG tmavofialov\u00fd \u2013 \u010diapka a n\u00e1kr\u010dn\u00edk, predn\u00fd poh\u013ead | TATTJA\"},{\"@type\":\"BreadcrumbList\",\"@id\":\"https:\/\/www.tattja.com\/product\/damske-oblecenie-dvojset-ingeborg-tmavofialovy\/#breadcrumb\",\"itemListElement\":[{\"@type\":\"ListItem\",\"position\":1,\"name\":\"Domov\",\"item\":\"https:\/\/www.tattja.com\/\"},{\"@type\":\"ListItem\",\"position\":2,\"name\":\"Produkty\",\"item\":\"https:\/\/www.tattja.com\/damske-oblecenie-produkty\/\"},{\"@type\":\"ListItem\",\"position\":3,\"name\":\"D\u00e1mske oble\u010denie 2-set INGEBORG tmavofialov\u00fd\"}]},{\"@type\":\"WebSite\",\"@id\":\"https:\/\/www.tattja.com\/#website\",\"url\":\"https:\/\/www.tattja.com\/\",\"name\":\"TATTJA\",\"description\":\"D\u00e1mske oble\u010denie z extra jemnej merino vlny \u2014 ru\u010dne pleten\u00e9 na Slovensku\",\"potentialAction\":[{\"@type\":\"SearchAction\",\"target\":{\"@type\":\"EntryPoint\",\"urlTemplate\":\"https:\/\/www.tattja.com\/?s={search_term_string}\"},\"query-input\":{\"@type\":\"PropertyValueSpecification\",\"valueRequired\":true,\"valueName\":\"search_term_string\"}}],\"inLanguage\":\"da-DK\"}]}<\/script>\n<!-- \/ Yoast SEO plugin. -->","yoast_head_json":{"title":"D\u00e1mske oble\u010denie 2-set INGEBORG tmavofialov\u00fd - TATTJA","description":"D\u00e1mske oble\u010denie dvojset INGEBORG tmavofialov\u00fd \u2013 elegantn\u00e1 kombin\u00e1cia \u010diapky a n\u00e1kr\u010dn\u00edka v odtieni, ktor\u00fd sp\u00e1ja noblesu, \u017eenskos\u0165 a modern\u00fd \u0161t\u00fdl.","robots":{"index":"index","follow":"follow","max-snippet":"max-snippet:-1","max-image-preview":"max-image-preview:large","max-video-preview":"max-video-preview:-1"},"canonical":"https:\/\/www.tattja.com\/da\/product\/damske-oblecenie-dvojset-ingeborg-tmavofialovy\/","og_locale":"da_DK","og_type":"article","og_title":"D\u00e1mske oble\u010denie 2-set INGEBORG tmavofialov\u00fd - TATTJA","og_description":"D\u00e1mske oble\u010denie dvojset INGEBORG tmavofialov\u00fd \u2013 elegantn\u00e1 kombin\u00e1cia \u010diapky a n\u00e1kr\u010dn\u00edka v odtieni, ktor\u00fd sp\u00e1ja noblesu, \u017eenskos\u0165 a modern\u00fd \u0161t\u00fdl.","og_url":"https:\/\/www.tattja.com\/da\/product\/damske-oblecenie-dvojset-ingeborg-tmavofialovy\/","og_site_name":"TATTJA","article_modified_time":"2026-04-05T17:44:37+00:00","og_image":[{"width":1365,"height":2048,"url":"https:\/\/www.tattja.com\/wp-content\/uploads\/2026\/01\/tmavofialovy-dvojset-nakrcnik-ciapka-spredu-40.webp","type":"image\/webp"}],"twitter_card":"summary_large_image","twitter_misc":{"Estimeret l\u00e6setid":"2 minutter"},"schema":{"@context":"https:\/\/schema.org","@graph":[{"@type":"WebPage","@id":"https:\/\/www.tattja.com\/product\/damske-oblecenie-dvojset-ingeborg-tmavofialovy\/","url":"https:\/\/www.tattja.com\/product\/damske-oblecenie-dvojset-ingeborg-tmavofialovy\/","name":"D\u00e1mske oble\u010denie 2-set INGEBORG tmavofialov\u00fd - TATTJA","isPartOf":{"@id":"https:\/\/www.tattja.com\/#website"},"primaryImageOfPage":{"@id":"https:\/\/www.tattja.com\/product\/damske-oblecenie-dvojset-ingeborg-tmavofialovy\/#primaryimage"},"image":{"@id":"https:\/\/www.tattja.com\/product\/damske-oblecenie-dvojset-ingeborg-tmavofialovy\/#primaryimage"},"thumbnailUrl":"https:\/\/www.tattja.com\/wp-content\/uploads\/2026\/01\/tmavofialovy-dvojset-nakrcnik-ciapka-spredu-40.webp","datePublished":"2025-08-21T09:16:40+00:00","dateModified":"2026-04-05T17:44:37+00:00","description":"D\u00e1mske oble\u010denie dvojset INGEBORG tmavofialov\u00fd \u2013 elegantn\u00e1 kombin\u00e1cia \u010diapky a n\u00e1kr\u010dn\u00edka v odtieni, ktor\u00fd sp\u00e1ja noblesu, \u017eenskos\u0165 a modern\u00fd \u0161t\u00fdl.","breadcrumb":{"@id":"https:\/\/www.tattja.com\/product\/damske-oblecenie-dvojset-ingeborg-tmavofialovy\/#breadcrumb"},"inLanguage":"da-DK","potentialAction":[{"@type":"ReadAction","target":["https:\/\/www.tattja.com\/product\/damske-oblecenie-dvojset-ingeborg-tmavofialovy\/"]}]},{"@type":"ImageObject","inLanguage":"da-DK","@id":"https:\/\/www.tattja.com\/product\/damske-oblecenie-dvojset-ingeborg-tmavofialovy\/#primaryimage","url":"https:\/\/www.tattja.com\/wp-content\/uploads\/2026\/01\/tmavofialovy-dvojset-nakrcnik-ciapka-spredu-40.webp","contentUrl":"https:\/\/www.tattja.com\/wp-content\/uploads\/2026\/01\/tmavofialovy-dvojset-nakrcnik-ciapka-spredu-40.webp","width":1365,"height":2048,"caption":"Dvojset INGEBORG tmavofialov\u00fd \u2013 \u010diapka a n\u00e1kr\u010dn\u00edk, predn\u00fd poh\u013ead | TATTJA"},{"@type":"BreadcrumbList","@id":"https:\/\/www.tattja.com\/product\/damske-oblecenie-dvojset-ingeborg-tmavofialovy\/#breadcrumb","itemListElement":[{"@type":"ListItem","position":1,"name":"Domov","item":"https:\/\/www.tattja.com\/"},{"@type":"ListItem","position":2,"name":"Produkty","item":"https:\/\/www.tattja.com\/damske-oblecenie-produkty\/"},{"@type":"ListItem","position":3,"name":"D\u00e1mske oble\u010denie 2-set INGEBORG tmavofialov\u00fd"}]},{"@type":"WebSite","@id":"https:\/\/www.tattja.com\/#website","url":"https:\/\/www.tattja.com\/","name":"TATTJA","description":"D\u00e1mske oble\u010denie z extra jemnej merino vlny \u2014 ru\u010dne pleten\u00e9 na Slovensku","potentialAction":[{"@type":"SearchAction","target":{"@type":"EntryPoint","urlTemplate":"https:\/\/www.tattja.com\/?s={search_term_string}"},"query-input":{"@type":"PropertyValueSpecification","valueRequired":true,"valueName":"search_term_string"}}],"inLanguage":"da-DK"}]}},"_links":{"self":[{"href":"https:\/\/www.tattja.com\/da\/wp-json\/wp\/v2\/product\/2163","targetHints":{"allow":["GET"]}}],"collection":[{"href":"https:\/\/www.tattja.com\/da\/wp-json\/wp\/v2\/product"}],"about":[{"href":"https:\/\/www.tattja.com\/da\/wp-json\/wp\/v2\/types\/product"}],"replies":[{"embeddable":true,"href":"https:\/\/www.tattja.com\/da\/wp-json\/wp\/v2\/comments?post=2163"}],"version-history":[{"count":6,"href":"https:\/\/www.tattja.com\/da\/wp-json\/wp\/v2\/product\/2163\/revisions"}],"predecessor-version":[{"id":7157,"href":"https:\/\/www.tattja.com\/da\/wp-json\/wp\/v2\/product\/2163\/revisions\/7157"}],"wp:featuredmedia":[{"embeddable":true,"href":"https:\/\/www.tattja.com\/da\/wp-json\/wp\/v2\/media\/7589"}],"wp:attachment":[{"href":"https:\/\/www.tattja.com\/da\/wp-json\/wp\/v2\/media?parent=2163"}],"wp:term":[{"taxonomy":"product_brand","embeddable":true,"href":"https:\/\/www.tattja.com\/da\/wp-json\/wp\/v2\/product_brand?post=2163"},{"taxonomy":"product_cat","embeddable":true,"href":"https:\/\/www.tattja.com\/da\/wp-json\/wp\/v2\/product_cat?post=2163"},{"taxonomy":"product_tag","embeddable":true,"href":"https:\/\/www.tattja.com\/da\/wp-json\/wp\/v2\/product_tag?post=2163"}],"curies":[{"name":"wp","href":"https:\/\/api.w.org\/{rel}","templated":true}]}}