{"id":2191,"date":"2025-08-22T10:39:54","date_gmt":"2025-08-22T08:39:54","guid":{"rendered":"https:\/\/www.tattja.com\/?post_type=product&#038;p=2191"},"modified":"2026-04-05T19:44:33","modified_gmt":"2026-04-05T17:44:33","slug":"dvojset-magnhild-tmavosivy","status":"publish","type":"product","link":"https:\/\/www.tattja.com\/da\/product\/dvojset-magnhild-tmavosivy\/","title":{"rendered":"D\u00e1mske oble\u010denie 2-set MAGNHILD tmavosiv\u00fd"},"content":{"rendered":"<p data-start=\"887\" data-end=\"1152\"><strong data-start=\"887\" data-end=\"934\">Dobbelt s\u00e6t til kvinder MAGNHILD m\u00f8rkegr\u00e5<\/strong> kombinerer funktionelt design, feminin charme og tidl\u00f8s elegance. Dette s\u00e6t fra kollektionen <strong data-start=\"1020\" data-end=\"1030\">TATTJA<\/strong> best\u00e5r af en kasket og en shrug, som tilsammen skaber en harmonisk balance mellem det praktiske og det luksuri\u00f8se.<\/p>\n<p data-start=\"1154\" data-end=\"1454\">Den m\u00f8rkegr\u00e5 nuance symboliserer selvsikkerhed, styrke og subtil raffinement. Den er alsidig, nem at mikse og matche og ser elegant ud i ethvert outfit - fra casual til urban eller arbejdsstil. Denne tone afsl\u00f8rer den naturlige selvtillid hos en kvinde, der ved, at \u00e6gte luksus ligger i enkelhed og detaljer.<\/p>\n<p data-start=\"1456\" data-end=\"1802\">Den ribbede halsudsk\u00e6ring smyger sig om kroppens midte, fremh\u00e6ver silhuetten og giver behagelig varme. Den fungerer som et sofistikeret element i garderoben - diskret, men alligevel karakteristisk. En h\u00e6tte i samme nuance fuldender s\u00e6ttet og giver det en afbalanceret \u00e6stetik. Det bl\u00f8de, finstrikkede stof giver komfort p\u00e5 kolde dage og ser samtidig luksuri\u00f8st ud.<\/p>\n<p data-start=\"1804\" data-end=\"2107\">Dobbelt s\u00e6t damet\u00f8j <strong data-start=\"1812\" data-end=\"1834\">MAGNHILD m\u00f8rkegr\u00e5<\/strong> er perfekt til kvinder, der elsker balancen mellem stil og komfort. Hver detalje afspejler brandets filosofi <strong data-start=\"1941\" data-end=\"1951\">TATTJA<\/strong> - Kombinationen af funktionalitet, pr\u00e6cision og feminin selvtillid. Dette s\u00e6t vil skille sig ud b\u00e5de som elegant tilbeh\u00f8r og som base for lag p\u00e5 lag i en minimalistisk stil.<\/p>\n<p data-start=\"2109\" data-end=\"2214\">Oplev sk\u00f8nheden i delikatesse, sofistikerede detaljer og feminin stil, der vil holde dig varm og... <a href=\"https:\/\/www.tattja.com\/da\/product-category\/damske-oblecenie\/dvojsety\/driekovnik-a-ciapka\/\">i andre farver<\/a>.<\/p>\n<p data-start=\"2216\" data-end=\"2347\"><strong data-start=\"2216\" data-end=\"2270\">Se her,<a href=\"https:\/\/shop.bogensberger.co.at\/produkt-schlagwort\/merino-extrafein\/\"> fra hvilke materialer<\/a> vi producerer vores v\u00e6rker<\/strong> og fork\u00e6l dig selv med komfort, der ledsager dig med lethed gennem hver dag.<\/p>","protected":false},"excerpt":{"rendered":"<p data-start=\"696\" data-end=\"845\"><strong data-start=\"696\" data-end=\"743\">Dobbelt s\u00e6t til kvinder MAGNHILD m\u00f8rkegr\u00e5<\/strong> - Et elegant s\u00e6t med kasket og skulderklap, der giver TATTJA-m\u00e6rket moderne komfort og tidl\u00f8s stil.<\/p>","protected":false},"featured_media":7725,"comment_status":"open","ping_status":"closed","template":"","meta":[],"product_brand":[],"product_cat":[289,294,212,209],"product_tag":[],"class_list":{"0":"post-2191","1":"product","2":"type-product","3":"status-publish","4":"has-post-thumbnail","6":"product_cat-dvojsety","7":"product_cat-driekovnik-a-ciapka","8":"product_cat-dvojsety-tmavosive","9":"product_cat-pleteninove-doplnky-tmavosive","11":"first","12":"instock","13":"taxable","14":"shipping-taxable","15":"purchasable","16":"product-type-simple"},"yoast_head":"<!-- This site is optimized with the Yoast SEO plugin v26.0 - https:\/\/yoast.com\/wordpress\/plugins\/seo\/ -->\n<title>D\u00e1mske oble\u010denie 2-set MAGNHILD tmavosiv\u00fd - TATTJA<\/title>\n<meta name=\"description\" content=\"D\u00e1mske oble\u010denie dvojset MAGNHILD tmavosiv\u00fd \u2013 \u0161t\u00fdlov\u00e1 kombin\u00e1cia \u010diapky a driekovn\u00edka, ktor\u00e1 sp\u00e1ja eleganciu, funk\u010dnos\u0165 a pohodlie.\" \/>\n<meta name=\"robots\" content=\"index, follow, max-snippet:-1, max-image-preview:large, max-video-preview:-1\" \/>\n<link rel=\"canonical\" href=\"https:\/\/www.tattja.com\/da\/product\/dvojset-magnhild-tmavosivy\/\" \/>\n<meta property=\"og:locale\" content=\"da_DK\" \/>\n<meta property=\"og:type\" content=\"article\" \/>\n<meta property=\"og:title\" content=\"D\u00e1mske oble\u010denie 2-set MAGNHILD tmavosiv\u00fd - TATTJA\" \/>\n<meta property=\"og:description\" content=\"D\u00e1mske oble\u010denie dvojset MAGNHILD tmavosiv\u00fd \u2013 \u0161t\u00fdlov\u00e1 kombin\u00e1cia \u010diapky a driekovn\u00edka, ktor\u00e1 sp\u00e1ja eleganciu, funk\u010dnos\u0165 a pohodlie.\" \/>\n<meta property=\"og:url\" content=\"https:\/\/www.tattja.com\/da\/product\/dvojset-magnhild-tmavosivy\/\" \/>\n<meta property=\"og:site_name\" content=\"TATTJA\" \/>\n<meta property=\"article:modified_time\" content=\"2026-04-05T17:44:33+00:00\" \/>\n<meta property=\"og:image\" content=\"https:\/\/www.tattja.com\/wp-content\/uploads\/2026\/01\/tmavosivy-dvojset-driekovnik-ciapka-spredu-22.webp\" \/>\n\t<meta property=\"og:image:width\" content=\"1365\" \/>\n\t<meta property=\"og:image:height\" content=\"2048\" \/>\n\t<meta property=\"og:image:type\" content=\"image\/webp\" \/>\n<meta name=\"twitter:card\" content=\"summary_large_image\" \/>\n<meta name=\"twitter:label1\" content=\"Estimeret l\u00e6setid\" \/>\n\t<meta name=\"twitter:data1\" content=\"2 minutter\" \/>\n<script type=\"application\/ld+json\" class=\"yoast-schema-graph\">{\"@context\":\"https:\/\/schema.org\",\"@graph\":[{\"@type\":\"WebPage\",\"@id\":\"https:\/\/www.tattja.com\/product\/dvojset-magnhild-tmavosivy\/\",\"url\":\"https:\/\/www.tattja.com\/product\/dvojset-magnhild-tmavosivy\/\",\"name\":\"D\u00e1mske oble\u010denie 2-set MAGNHILD tmavosiv\u00fd - TATTJA\",\"isPartOf\":{\"@id\":\"https:\/\/www.tattja.com\/#website\"},\"primaryImageOfPage\":{\"@id\":\"https:\/\/www.tattja.com\/product\/dvojset-magnhild-tmavosivy\/#primaryimage\"},\"image\":{\"@id\":\"https:\/\/www.tattja.com\/product\/dvojset-magnhild-tmavosivy\/#primaryimage\"},\"thumbnailUrl\":\"https:\/\/www.tattja.com\/wp-content\/uploads\/2026\/01\/tmavosivy-dvojset-driekovnik-ciapka-spredu-22.webp\",\"datePublished\":\"2025-08-22T08:39:54+00:00\",\"dateModified\":\"2026-04-05T17:44:33+00:00\",\"description\":\"D\u00e1mske oble\u010denie dvojset MAGNHILD tmavosiv\u00fd \u2013 \u0161t\u00fdlov\u00e1 kombin\u00e1cia \u010diapky a driekovn\u00edka, ktor\u00e1 sp\u00e1ja eleganciu, funk\u010dnos\u0165 a pohodlie.\",\"breadcrumb\":{\"@id\":\"https:\/\/www.tattja.com\/product\/dvojset-magnhild-tmavosivy\/#breadcrumb\"},\"inLanguage\":\"da-DK\",\"potentialAction\":[{\"@type\":\"ReadAction\",\"target\":[\"https:\/\/www.tattja.com\/product\/dvojset-magnhild-tmavosivy\/\"]}]},{\"@type\":\"ImageObject\",\"inLanguage\":\"da-DK\",\"@id\":\"https:\/\/www.tattja.com\/product\/dvojset-magnhild-tmavosivy\/#primaryimage\",\"url\":\"https:\/\/www.tattja.com\/wp-content\/uploads\/2026\/01\/tmavosivy-dvojset-driekovnik-ciapka-spredu-22.webp\",\"contentUrl\":\"https:\/\/www.tattja.com\/wp-content\/uploads\/2026\/01\/tmavosivy-dvojset-driekovnik-ciapka-spredu-22.webp\",\"width\":1365,\"height\":2048,\"caption\":\"Tmavosiv\u00fd dvojset MAGNHILD \u2013 \u010diapka a driekovn\u00edk TATTJA\"},{\"@type\":\"BreadcrumbList\",\"@id\":\"https:\/\/www.tattja.com\/product\/dvojset-magnhild-tmavosivy\/#breadcrumb\",\"itemListElement\":[{\"@type\":\"ListItem\",\"position\":1,\"name\":\"Domov\",\"item\":\"https:\/\/www.tattja.com\/\"},{\"@type\":\"ListItem\",\"position\":2,\"name\":\"Produkty\",\"item\":\"https:\/\/www.tattja.com\/damske-oblecenie-produkty\/\"},{\"@type\":\"ListItem\",\"position\":3,\"name\":\"D\u00e1mske oble\u010denie 2-set MAGNHILD tmavosiv\u00fd\"}]},{\"@type\":\"WebSite\",\"@id\":\"https:\/\/www.tattja.com\/#website\",\"url\":\"https:\/\/www.tattja.com\/\",\"name\":\"TATTJA\",\"description\":\"D\u00e1mske oble\u010denie z extra jemnej merino vlny \u2014 ru\u010dne pleten\u00e9 na Slovensku\",\"potentialAction\":[{\"@type\":\"SearchAction\",\"target\":{\"@type\":\"EntryPoint\",\"urlTemplate\":\"https:\/\/www.tattja.com\/?s={search_term_string}\"},\"query-input\":{\"@type\":\"PropertyValueSpecification\",\"valueRequired\":true,\"valueName\":\"search_term_string\"}}],\"inLanguage\":\"da-DK\"}]}<\/script>\n<!-- \/ Yoast SEO plugin. -->","yoast_head_json":{"title":"D\u00e1mske oble\u010denie 2-set MAGNHILD tmavosiv\u00fd - TATTJA","description":"D\u00e1mske oble\u010denie dvojset MAGNHILD tmavosiv\u00fd \u2013 \u0161t\u00fdlov\u00e1 kombin\u00e1cia \u010diapky a driekovn\u00edka, ktor\u00e1 sp\u00e1ja eleganciu, funk\u010dnos\u0165 a pohodlie.","robots":{"index":"index","follow":"follow","max-snippet":"max-snippet:-1","max-image-preview":"max-image-preview:large","max-video-preview":"max-video-preview:-1"},"canonical":"https:\/\/www.tattja.com\/da\/product\/dvojset-magnhild-tmavosivy\/","og_locale":"da_DK","og_type":"article","og_title":"D\u00e1mske oble\u010denie 2-set MAGNHILD tmavosiv\u00fd - TATTJA","og_description":"D\u00e1mske oble\u010denie dvojset MAGNHILD tmavosiv\u00fd \u2013 \u0161t\u00fdlov\u00e1 kombin\u00e1cia \u010diapky a driekovn\u00edka, ktor\u00e1 sp\u00e1ja eleganciu, funk\u010dnos\u0165 a pohodlie.","og_url":"https:\/\/www.tattja.com\/da\/product\/dvojset-magnhild-tmavosivy\/","og_site_name":"TATTJA","article_modified_time":"2026-04-05T17:44:33+00:00","og_image":[{"width":1365,"height":2048,"url":"https:\/\/www.tattja.com\/wp-content\/uploads\/2026\/01\/tmavosivy-dvojset-driekovnik-ciapka-spredu-22.webp","type":"image\/webp"}],"twitter_card":"summary_large_image","twitter_misc":{"Estimeret l\u00e6setid":"2 minutter"},"schema":{"@context":"https:\/\/schema.org","@graph":[{"@type":"WebPage","@id":"https:\/\/www.tattja.com\/product\/dvojset-magnhild-tmavosivy\/","url":"https:\/\/www.tattja.com\/product\/dvojset-magnhild-tmavosivy\/","name":"D\u00e1mske oble\u010denie 2-set MAGNHILD tmavosiv\u00fd - TATTJA","isPartOf":{"@id":"https:\/\/www.tattja.com\/#website"},"primaryImageOfPage":{"@id":"https:\/\/www.tattja.com\/product\/dvojset-magnhild-tmavosivy\/#primaryimage"},"image":{"@id":"https:\/\/www.tattja.com\/product\/dvojset-magnhild-tmavosivy\/#primaryimage"},"thumbnailUrl":"https:\/\/www.tattja.com\/wp-content\/uploads\/2026\/01\/tmavosivy-dvojset-driekovnik-ciapka-spredu-22.webp","datePublished":"2025-08-22T08:39:54+00:00","dateModified":"2026-04-05T17:44:33+00:00","description":"D\u00e1mske oble\u010denie dvojset MAGNHILD tmavosiv\u00fd \u2013 \u0161t\u00fdlov\u00e1 kombin\u00e1cia \u010diapky a driekovn\u00edka, ktor\u00e1 sp\u00e1ja eleganciu, funk\u010dnos\u0165 a pohodlie.","breadcrumb":{"@id":"https:\/\/www.tattja.com\/product\/dvojset-magnhild-tmavosivy\/#breadcrumb"},"inLanguage":"da-DK","potentialAction":[{"@type":"ReadAction","target":["https:\/\/www.tattja.com\/product\/dvojset-magnhild-tmavosivy\/"]}]},{"@type":"ImageObject","inLanguage":"da-DK","@id":"https:\/\/www.tattja.com\/product\/dvojset-magnhild-tmavosivy\/#primaryimage","url":"https:\/\/www.tattja.com\/wp-content\/uploads\/2026\/01\/tmavosivy-dvojset-driekovnik-ciapka-spredu-22.webp","contentUrl":"https:\/\/www.tattja.com\/wp-content\/uploads\/2026\/01\/tmavosivy-dvojset-driekovnik-ciapka-spredu-22.webp","width":1365,"height":2048,"caption":"Tmavosiv\u00fd dvojset MAGNHILD \u2013 \u010diapka a driekovn\u00edk TATTJA"},{"@type":"BreadcrumbList","@id":"https:\/\/www.tattja.com\/product\/dvojset-magnhild-tmavosivy\/#breadcrumb","itemListElement":[{"@type":"ListItem","position":1,"name":"Domov","item":"https:\/\/www.tattja.com\/"},{"@type":"ListItem","position":2,"name":"Produkty","item":"https:\/\/www.tattja.com\/damske-oblecenie-produkty\/"},{"@type":"ListItem","position":3,"name":"D\u00e1mske oble\u010denie 2-set MAGNHILD tmavosiv\u00fd"}]},{"@type":"WebSite","@id":"https:\/\/www.tattja.com\/#website","url":"https:\/\/www.tattja.com\/","name":"TATTJA","description":"D\u00e1mske oble\u010denie z extra jemnej merino vlny \u2014 ru\u010dne pleten\u00e9 na Slovensku","potentialAction":[{"@type":"SearchAction","target":{"@type":"EntryPoint","urlTemplate":"https:\/\/www.tattja.com\/?s={search_term_string}"},"query-input":{"@type":"PropertyValueSpecification","valueRequired":true,"valueName":"search_term_string"}}],"inLanguage":"da-DK"}]}},"_links":{"self":[{"href":"https:\/\/www.tattja.com\/da\/wp-json\/wp\/v2\/product\/2191","targetHints":{"allow":["GET"]}}],"collection":[{"href":"https:\/\/www.tattja.com\/da\/wp-json\/wp\/v2\/product"}],"about":[{"href":"https:\/\/www.tattja.com\/da\/wp-json\/wp\/v2\/types\/product"}],"replies":[{"embeddable":true,"href":"https:\/\/www.tattja.com\/da\/wp-json\/wp\/v2\/comments?post=2191"}],"version-history":[{"count":6,"href":"https:\/\/www.tattja.com\/da\/wp-json\/wp\/v2\/product\/2191\/revisions"}],"predecessor-version":[{"id":7147,"href":"https:\/\/www.tattja.com\/da\/wp-json\/wp\/v2\/product\/2191\/revisions\/7147"}],"wp:featuredmedia":[{"embeddable":true,"href":"https:\/\/www.tattja.com\/da\/wp-json\/wp\/v2\/media\/7725"}],"wp:attachment":[{"href":"https:\/\/www.tattja.com\/da\/wp-json\/wp\/v2\/media?parent=2191"}],"wp:term":[{"taxonomy":"product_brand","embeddable":true,"href":"https:\/\/www.tattja.com\/da\/wp-json\/wp\/v2\/product_brand?post=2191"},{"taxonomy":"product_cat","embeddable":true,"href":"https:\/\/www.tattja.com\/da\/wp-json\/wp\/v2\/product_cat?post=2191"},{"taxonomy":"product_tag","embeddable":true,"href":"https:\/\/www.tattja.com\/da\/wp-json\/wp\/v2\/product_tag?post=2191"}],"curies":[{"name":"wp","href":"https:\/\/api.w.org\/{rel}","templated":true}]}}