{"id":2195,"date":"2025-08-22T10:42:43","date_gmt":"2025-08-22T08:42:43","guid":{"rendered":"https:\/\/www.tattja.com\/?post_type=product&#038;p=2195"},"modified":"2026-04-05T19:44:33","modified_gmt":"2026-04-05T17:44:33","slug":"damske-oblecenie-trojset-dakin-tmavosivy","status":"publish","type":"product","link":"https:\/\/www.tattja.com\/da\/product\/damske-oblecenie-trojset-dakin-tmavosivy\/","title":{"rendered":"D\u00e1mske oble\u010denie 3-set DAKIN tmavosiv\u00fd"},"content":{"rendered":"<p data-start=\"986\" data-end=\"1221\"><strong data-start=\"986\" data-end=\"1030\">Damet\u00f8j i tre s\u00e6t DAKIN m\u00f8rkegr\u00e5<\/strong> er indbegrebet af underspillet elegance, varmende komfort og tidl\u00f8st design. Denne model fra kollektionen <strong data-start=\"1132\" data-end=\"1142\">TATTJA<\/strong> er skabt til kvinder, der s\u00e6tter pris p\u00e5 kvalitet, stil og subtil raffinement.<\/p>\n<p data-start=\"1223\" data-end=\"1572\">Det tredobbelte s\u00e6t indeholder tre matchende dele - en halsvarmer, en nakkevarmer og armvarmere. Halsvarmeren omslutter halsen i en varm omfavnelse, fungerer som en delikat juvel i tekstilform og giver helheden en raffineret karakter. Hagesm\u00e6kken fremh\u00e6ver de feminine linjer og giver behagelig varme ved taljen. \u00c6rmerne giver lethed og bev\u00e6gelse og fuldender det \u00e6stetisk rene look.<\/p>\n<p data-start=\"1574\" data-end=\"1867\">Den m\u00f8rkegr\u00e5 nuance udstr\u00e5ler ro, balance og indre styrke. Denne farve er b\u00e5de selvsikker og alsidig - den passer til enhver stil, fra urban minimalisme til sofistikeret elegance. Den er perfekt til kvinder, der leder efter et tidl\u00f8st stykke t\u00f8j, der passer til enhver lejlighed.<\/p>\n<p data-start=\"1869\" data-end=\"2161\">Det strikkede stof af h\u00f8j kvalitet giver bl\u00f8dhed, fleksibilitet og komfort hele dagen. Hver eneste detalje i playsuiten <strong data-start=\"1979\" data-end=\"1989\">TATTJA<\/strong>er forfinet til perfektion for at kombinere \u00e6stetik med funktionalitet. Resultatet er en model, der giver elegance i enkelhed og et subtilt strejf af luksus i hverdagen.<\/p>\n<p data-start=\"2163\" data-end=\"2282\">DAKINs m\u00f8rkegr\u00e5 tre-s\u00e6t til kvinder er mere end bare t\u00f8j - det er et udtryk for personlig stil, selvtillid og indre harmoni.<\/p>\n<p data-start=\"2284\" data-end=\"2389\">Oplev sk\u00f8nheden i delikatesse, sofistikerede detaljer og feminin stil, der vil holde dig varm og... <a href=\"https:\/\/www.tattja.com\/da\/product-category\/damske-oblecenie\/trojsety-3\/nakrcnik-a-driekovnik-a-rukavniky\/\">i andre farver<\/a>.<\/p>\n<p data-start=\"2391\" data-end=\"2519\"><strong data-start=\"2391\" data-end=\"2445\">Se her, <a href=\"https:\/\/shop.bogensberger.co.at\/produkt-schlagwort\/merino-extrafein\/\">fra hvilke materialer<\/a> vi producerer vores v\u00e6rker<\/strong> og fork\u00e6l dig selv med den unikke oplevelse af at r\u00f8re ved et luksuri\u00f8st strikket stof <strong data-start=\"2506\" data-end=\"2516\">TATTJA<\/strong>.<\/p>","protected":false},"excerpt":{"rendered":"<p><strong data-start=\"630\" data-end=\"674\">Damet\u00f8j i tre s\u00e6t DAKIN m\u00f8rkegr\u00e5<\/strong> kombinerer elegance, komfort og tidl\u00f8shed. Halsudsk\u00e6ring, halsvarmer og \u00e6rmer skaber en harmonisk helhed, der ser delikat og luksuri\u00f8s ud. Den m\u00f8rkegr\u00e5 farve giver ro og selvtillid, hvilket g\u00f8r dette s\u00e6t ideelt til kvinder, der elsker minimalistisk stil med et raffineret touch.<\/p>","protected":false},"featured_media":7758,"comment_status":"open","ping_status":"closed","template":"","meta":[],"product_brand":[],"product_cat":[284,285,209,211],"product_tag":[],"class_list":{"0":"post-2195","1":"product","2":"type-product","3":"status-publish","4":"has-post-thumbnail","6":"product_cat-trojsety-3","7":"product_cat-nakrcnik-a-driekovnik-a-rukavniky","8":"product_cat-pleteninove-doplnky-tmavosive","9":"product_cat-trojsety-tmavosive","11":"first","12":"instock","13":"taxable","14":"shipping-taxable","15":"purchasable","16":"product-type-simple"},"yoast_head":"<!-- This site is optimized with the Yoast SEO plugin v26.0 - https:\/\/yoast.com\/wordpress\/plugins\/seo\/ -->\n<title>D\u00e1mske oble\u010denie 3-set DAKIN tmavosiv\u00fd - TATTJA<\/title>\n<meta name=\"description\" content=\"D\u00e1mske oble\u010denie trojset DAKIN tmavosiv\u00fd \u2013 elegantn\u00fd pleten\u00fd set TATTJA s n\u00e1kr\u010dn\u00edkom, driekovn\u00edkom a ruk\u00e1vnikmi v nad\u010dasovej sivej.\" \/>\n<meta name=\"robots\" content=\"index, follow, max-snippet:-1, max-image-preview:large, max-video-preview:-1\" \/>\n<link rel=\"canonical\" href=\"https:\/\/www.tattja.com\/da\/product\/damske-oblecenie-trojset-dakin-tmavosivy\/\" \/>\n<meta property=\"og:locale\" content=\"da_DK\" \/>\n<meta property=\"og:type\" content=\"article\" \/>\n<meta property=\"og:title\" content=\"D\u00e1mske oble\u010denie 3-set DAKIN tmavosiv\u00fd - TATTJA\" \/>\n<meta property=\"og:description\" content=\"D\u00e1mske oble\u010denie trojset DAKIN tmavosiv\u00fd \u2013 elegantn\u00fd pleten\u00fd set TATTJA s n\u00e1kr\u010dn\u00edkom, driekovn\u00edkom a ruk\u00e1vnikmi v nad\u010dasovej sivej.\" \/>\n<meta property=\"og:url\" content=\"https:\/\/www.tattja.com\/da\/product\/damske-oblecenie-trojset-dakin-tmavosivy\/\" \/>\n<meta property=\"og:site_name\" content=\"TATTJA\" \/>\n<meta property=\"article:modified_time\" content=\"2026-04-05T17:44:33+00:00\" \/>\n<meta property=\"og:image\" content=\"https:\/\/www.tattja.com\/wp-content\/uploads\/2026\/01\/tmavosivy-trojset-nakrcnik-driekovnik-rukavniky-splredu-7.webp\" \/>\n\t<meta property=\"og:image:width\" content=\"1365\" \/>\n\t<meta property=\"og:image:height\" content=\"2048\" \/>\n\t<meta property=\"og:image:type\" content=\"image\/webp\" \/>\n<meta name=\"twitter:card\" content=\"summary_large_image\" \/>\n<meta name=\"twitter:label1\" content=\"Estimeret l\u00e6setid\" \/>\n\t<meta name=\"twitter:data1\" content=\"2 minutter\" \/>\n<script type=\"application\/ld+json\" class=\"yoast-schema-graph\">{\"@context\":\"https:\/\/schema.org\",\"@graph\":[{\"@type\":\"WebPage\",\"@id\":\"https:\/\/www.tattja.com\/product\/damske-oblecenie-trojset-dakin-tmavosivy\/\",\"url\":\"https:\/\/www.tattja.com\/product\/damske-oblecenie-trojset-dakin-tmavosivy\/\",\"name\":\"D\u00e1mske oble\u010denie 3-set DAKIN tmavosiv\u00fd - TATTJA\",\"isPartOf\":{\"@id\":\"https:\/\/www.tattja.com\/#website\"},\"primaryImageOfPage\":{\"@id\":\"https:\/\/www.tattja.com\/product\/damske-oblecenie-trojset-dakin-tmavosivy\/#primaryimage\"},\"image\":{\"@id\":\"https:\/\/www.tattja.com\/product\/damske-oblecenie-trojset-dakin-tmavosivy\/#primaryimage\"},\"thumbnailUrl\":\"https:\/\/www.tattja.com\/wp-content\/uploads\/2026\/01\/tmavosivy-trojset-nakrcnik-driekovnik-rukavniky-splredu-7.webp\",\"datePublished\":\"2025-08-22T08:42:43+00:00\",\"dateModified\":\"2026-04-05T17:44:33+00:00\",\"description\":\"D\u00e1mske oble\u010denie trojset DAKIN tmavosiv\u00fd \u2013 elegantn\u00fd pleten\u00fd set TATTJA s n\u00e1kr\u010dn\u00edkom, driekovn\u00edkom a ruk\u00e1vnikmi v nad\u010dasovej sivej.\",\"breadcrumb\":{\"@id\":\"https:\/\/www.tattja.com\/product\/damske-oblecenie-trojset-dakin-tmavosivy\/#breadcrumb\"},\"inLanguage\":\"da-DK\",\"potentialAction\":[{\"@type\":\"ReadAction\",\"target\":[\"https:\/\/www.tattja.com\/product\/damske-oblecenie-trojset-dakin-tmavosivy\/\"]}]},{\"@type\":\"ImageObject\",\"inLanguage\":\"da-DK\",\"@id\":\"https:\/\/www.tattja.com\/product\/damske-oblecenie-trojset-dakin-tmavosivy\/#primaryimage\",\"url\":\"https:\/\/www.tattja.com\/wp-content\/uploads\/2026\/01\/tmavosivy-trojset-nakrcnik-driekovnik-rukavniky-splredu-7.webp\",\"contentUrl\":\"https:\/\/www.tattja.com\/wp-content\/uploads\/2026\/01\/tmavosivy-trojset-nakrcnik-driekovnik-rukavniky-splredu-7.webp\",\"width\":1365,\"height\":2048,\"caption\":\"Tmavosiv\u00fd pleten\u00fd trojset DAKIN TATTJA \u2013 nad\u010dasov\u00e1 elegancia a hrejiv\u00fd komfort\"},{\"@type\":\"BreadcrumbList\",\"@id\":\"https:\/\/www.tattja.com\/product\/damske-oblecenie-trojset-dakin-tmavosivy\/#breadcrumb\",\"itemListElement\":[{\"@type\":\"ListItem\",\"position\":1,\"name\":\"Domov\",\"item\":\"https:\/\/www.tattja.com\/\"},{\"@type\":\"ListItem\",\"position\":2,\"name\":\"Produkty\",\"item\":\"https:\/\/www.tattja.com\/damske-oblecenie-produkty\/\"},{\"@type\":\"ListItem\",\"position\":3,\"name\":\"D\u00e1mske oble\u010denie 3-set DAKIN tmavosiv\u00fd\"}]},{\"@type\":\"WebSite\",\"@id\":\"https:\/\/www.tattja.com\/#website\",\"url\":\"https:\/\/www.tattja.com\/\",\"name\":\"TATTJA\",\"description\":\"D\u00e1mske oble\u010denie z extra jemnej merino vlny \u2014 ru\u010dne pleten\u00e9 na Slovensku\",\"potentialAction\":[{\"@type\":\"SearchAction\",\"target\":{\"@type\":\"EntryPoint\",\"urlTemplate\":\"https:\/\/www.tattja.com\/?s={search_term_string}\"},\"query-input\":{\"@type\":\"PropertyValueSpecification\",\"valueRequired\":true,\"valueName\":\"search_term_string\"}}],\"inLanguage\":\"da-DK\"}]}<\/script>\n<!-- \/ Yoast SEO plugin. -->","yoast_head_json":{"title":"D\u00e1mske oble\u010denie 3-set DAKIN tmavosiv\u00fd - TATTJA","description":"D\u00e1mske oble\u010denie trojset DAKIN tmavosiv\u00fd \u2013 elegantn\u00fd pleten\u00fd set TATTJA s n\u00e1kr\u010dn\u00edkom, driekovn\u00edkom a ruk\u00e1vnikmi v nad\u010dasovej sivej.","robots":{"index":"index","follow":"follow","max-snippet":"max-snippet:-1","max-image-preview":"max-image-preview:large","max-video-preview":"max-video-preview:-1"},"canonical":"https:\/\/www.tattja.com\/da\/product\/damske-oblecenie-trojset-dakin-tmavosivy\/","og_locale":"da_DK","og_type":"article","og_title":"D\u00e1mske oble\u010denie 3-set DAKIN tmavosiv\u00fd - TATTJA","og_description":"D\u00e1mske oble\u010denie trojset DAKIN tmavosiv\u00fd \u2013 elegantn\u00fd pleten\u00fd set TATTJA s n\u00e1kr\u010dn\u00edkom, driekovn\u00edkom a ruk\u00e1vnikmi v nad\u010dasovej sivej.","og_url":"https:\/\/www.tattja.com\/da\/product\/damske-oblecenie-trojset-dakin-tmavosivy\/","og_site_name":"TATTJA","article_modified_time":"2026-04-05T17:44:33+00:00","og_image":[{"width":1365,"height":2048,"url":"https:\/\/www.tattja.com\/wp-content\/uploads\/2026\/01\/tmavosivy-trojset-nakrcnik-driekovnik-rukavniky-splredu-7.webp","type":"image\/webp"}],"twitter_card":"summary_large_image","twitter_misc":{"Estimeret l\u00e6setid":"2 minutter"},"schema":{"@context":"https:\/\/schema.org","@graph":[{"@type":"WebPage","@id":"https:\/\/www.tattja.com\/product\/damske-oblecenie-trojset-dakin-tmavosivy\/","url":"https:\/\/www.tattja.com\/product\/damske-oblecenie-trojset-dakin-tmavosivy\/","name":"D\u00e1mske oble\u010denie 3-set DAKIN tmavosiv\u00fd - TATTJA","isPartOf":{"@id":"https:\/\/www.tattja.com\/#website"},"primaryImageOfPage":{"@id":"https:\/\/www.tattja.com\/product\/damske-oblecenie-trojset-dakin-tmavosivy\/#primaryimage"},"image":{"@id":"https:\/\/www.tattja.com\/product\/damske-oblecenie-trojset-dakin-tmavosivy\/#primaryimage"},"thumbnailUrl":"https:\/\/www.tattja.com\/wp-content\/uploads\/2026\/01\/tmavosivy-trojset-nakrcnik-driekovnik-rukavniky-splredu-7.webp","datePublished":"2025-08-22T08:42:43+00:00","dateModified":"2026-04-05T17:44:33+00:00","description":"D\u00e1mske oble\u010denie trojset DAKIN tmavosiv\u00fd \u2013 elegantn\u00fd pleten\u00fd set TATTJA s n\u00e1kr\u010dn\u00edkom, driekovn\u00edkom a ruk\u00e1vnikmi v nad\u010dasovej sivej.","breadcrumb":{"@id":"https:\/\/www.tattja.com\/product\/damske-oblecenie-trojset-dakin-tmavosivy\/#breadcrumb"},"inLanguage":"da-DK","potentialAction":[{"@type":"ReadAction","target":["https:\/\/www.tattja.com\/product\/damske-oblecenie-trojset-dakin-tmavosivy\/"]}]},{"@type":"ImageObject","inLanguage":"da-DK","@id":"https:\/\/www.tattja.com\/product\/damske-oblecenie-trojset-dakin-tmavosivy\/#primaryimage","url":"https:\/\/www.tattja.com\/wp-content\/uploads\/2026\/01\/tmavosivy-trojset-nakrcnik-driekovnik-rukavniky-splredu-7.webp","contentUrl":"https:\/\/www.tattja.com\/wp-content\/uploads\/2026\/01\/tmavosivy-trojset-nakrcnik-driekovnik-rukavniky-splredu-7.webp","width":1365,"height":2048,"caption":"Tmavosiv\u00fd pleten\u00fd trojset DAKIN TATTJA \u2013 nad\u010dasov\u00e1 elegancia a hrejiv\u00fd komfort"},{"@type":"BreadcrumbList","@id":"https:\/\/www.tattja.com\/product\/damske-oblecenie-trojset-dakin-tmavosivy\/#breadcrumb","itemListElement":[{"@type":"ListItem","position":1,"name":"Domov","item":"https:\/\/www.tattja.com\/"},{"@type":"ListItem","position":2,"name":"Produkty","item":"https:\/\/www.tattja.com\/damske-oblecenie-produkty\/"},{"@type":"ListItem","position":3,"name":"D\u00e1mske oble\u010denie 3-set DAKIN tmavosiv\u00fd"}]},{"@type":"WebSite","@id":"https:\/\/www.tattja.com\/#website","url":"https:\/\/www.tattja.com\/","name":"TATTJA","description":"D\u00e1mske oble\u010denie z extra jemnej merino vlny \u2014 ru\u010dne pleten\u00e9 na Slovensku","potentialAction":[{"@type":"SearchAction","target":{"@type":"EntryPoint","urlTemplate":"https:\/\/www.tattja.com\/?s={search_term_string}"},"query-input":{"@type":"PropertyValueSpecification","valueRequired":true,"valueName":"search_term_string"}}],"inLanguage":"da-DK"}]}},"_links":{"self":[{"href":"https:\/\/www.tattja.com\/da\/wp-json\/wp\/v2\/product\/2195","targetHints":{"allow":["GET"]}}],"collection":[{"href":"https:\/\/www.tattja.com\/da\/wp-json\/wp\/v2\/product"}],"about":[{"href":"https:\/\/www.tattja.com\/da\/wp-json\/wp\/v2\/types\/product"}],"replies":[{"embeddable":true,"href":"https:\/\/www.tattja.com\/da\/wp-json\/wp\/v2\/comments?post=2195"}],"version-history":[{"count":6,"href":"https:\/\/www.tattja.com\/da\/wp-json\/wp\/v2\/product\/2195\/revisions"}],"predecessor-version":[{"id":7145,"href":"https:\/\/www.tattja.com\/da\/wp-json\/wp\/v2\/product\/2195\/revisions\/7145"}],"wp:featuredmedia":[{"embeddable":true,"href":"https:\/\/www.tattja.com\/da\/wp-json\/wp\/v2\/media\/7758"}],"wp:attachment":[{"href":"https:\/\/www.tattja.com\/da\/wp-json\/wp\/v2\/media?parent=2195"}],"wp:term":[{"taxonomy":"product_brand","embeddable":true,"href":"https:\/\/www.tattja.com\/da\/wp-json\/wp\/v2\/product_brand?post=2195"},{"taxonomy":"product_cat","embeddable":true,"href":"https:\/\/www.tattja.com\/da\/wp-json\/wp\/v2\/product_cat?post=2195"},{"taxonomy":"product_tag","embeddable":true,"href":"https:\/\/www.tattja.com\/da\/wp-json\/wp\/v2\/product_tag?post=2195"}],"curies":[{"name":"wp","href":"https:\/\/api.w.org\/{rel}","templated":true}]}}