{"id":7869,"date":"2026-01-12T21:26:40","date_gmt":"2026-01-12T20:26:40","guid":{"rendered":"https:\/\/www.tattja.com\/?post_type=product&#038;p=7869"},"modified":"2026-04-05T19:44:31","modified_gmt":"2026-04-05T17:44:31","slug":"damske-oblecenie-nakrcnik-tanja-cerveny","status":"publish","type":"product","link":"https:\/\/www.tattja.com\/da\/product\/damske-oblecenie-nakrcnik-tanja-cerveny\/","title":{"rendered":"D\u00e1mske oble\u010denie n\u00e1kr\u010dn\u00edk TANJA \u010derven\u00fd"},"content":{"rendered":"<div class=\"relative basis-auto flex-col -mb-(--composer-overlap-px) [--composer-overlap-px:28px] grow flex\">\n<div class=\"flex flex-col text-sm pb-25\">\n<article class=\"text-token-text-primary w-full focus:outline-none [--shadow-height:45px] has-data-writing-block:pointer-events-none has-data-writing-block:-mt-(--shadow-height) has-data-writing-block:pt-(--shadow-height) [&amp;:has([data-writing-block])&gt;*]:pointer-events-auto scroll-mt-[calc(var(--header-height)+min(200px,max(70px,20svh)))]\" dir=\"auto\" tabindex=\"-1\" data-turn-id=\"request-6963e0ce-03c8-8331-8c85-e44131e76878-7\" data-testid=\"conversation-turn-80\" data-scroll-anchor=\"true\" data-turn=\"assistant\">\n<div class=\"text-base my-auto mx-auto pb-10 [--thread-content-margin:--spacing(4)] @w-sm\/main:[--thread-content-margin:--spacing(6)] @w-lg\/main:[--thread-content-margin:--spacing(16)] px-(--thread-content-margin)\">\n<div class=\"[--thread-content-max-width:40rem] @w-lg\/main:[--thread-content-max-width:48rem] mx-auto max-w-(--thread-content-max-width) flex-1 group\/turn-messages focus-visible:outline-hidden relative flex w-full min-w-0 flex-col agent-turn\" tabindex=\"-1\">\n<div class=\"flex max-w-full flex-col grow\">\n<div class=\"min-h-8 text-message relative flex w-full flex-col items-end gap-2 text-start break-words whitespace-normal [.text-message+&amp;]:mt-1\" dir=\"auto\" data-message-author-role=\"assistant\" data-message-id=\"d9a026e7-59ca-4795-ba5b-40266e4526c6\" data-message-model-slug=\"gpt-5-2\">\n<div class=\"flex w-full flex-col gap-1 empty:hidden first:pt-[1px]\">\n<div class=\"markdown prose dark:prose-invert w-full break-words light markdown-new-styling\">\n<p data-start=\"123\" data-end=\"363\"><strong data-start=\"123\" data-end=\"166\">D\u00e1mske oble\u010denie n\u00e1kr\u010dn\u00edk TANJA \u010derven\u00fd<\/strong> sp\u00e1ja v\u00e1\u0161e\u0148, eleganciu a nad\u010dasov\u00fd dizajn v jednom v\u00fdraznom doplnku. Tento model z kolekcie <strong data-start=\"259\" data-end=\"269\">TATTJA<\/strong> je ur\u010den\u00fd pre \u017eeny, ktor\u00e9 chc\u00fa svojmu outfitu doda\u0165 energiu, sebavedomie a luxusn\u00fd charakter.<\/p>\n<p data-start=\"365\" data-end=\"673\">N\u00e1kr\u010dn\u00edk TANJA jemne obop\u00edna ramen\u00e1 a krk, \u010d\u00edm prin\u00e1\u0161a pr\u00edjemn\u00e9 teplo, m\u00e4kkos\u0165 a ochranu po\u010das chladnej\u0161\u00edch dn\u00ed. Jeho \u0161trukt\u00farovan\u00e1 pletenina sa prisp\u00f4sobuje postave a zaru\u010duje pohodln\u00e9 nosenie po\u010das cel\u00e9ho d\u0148a. V\u010faka univerz\u00e1lnemu tvaru sa \u013eahko kombinuje s elegantn\u00fdm kab\u00e1tom, ko\u0161e\u013eou aj mestsk\u00fdm outfitom.<\/p>\n<p data-start=\"675\" data-end=\"1011\">\u010cerven\u00fd odtie\u0148 p\u00f4sob\u00ed v\u00fdrazne, \u017eensky a sofistikovane. Symbolizuje v\u00e1\u0161e\u0148, silu a sebavedomie, ktor\u00e9 dodaj\u00fa outfitu luxusn\u00fd a nezamenite\u013en\u00fd vzh\u013ead. Tento doplnok je ide\u00e1lny pre \u017eeny, ktor\u00e9 sa neboja farieb a chc\u00fa, aby ich \u0161t\u00fdl vy\u017earoval osobnos\u0165 a energiu. Vynikne ako samostatn\u00fd k\u00fasok, ale aj ako s\u00fa\u010das\u0165 vrstvenia so svetrom \u010di kab\u00e1tom.<\/p>\n<p data-start=\"1013\" data-end=\"1200\">Pr\u00e9miov\u00e1 pletenina z jemn\u00fdch vl\u00e1kien zabezpe\u010duje odolnos\u0165, pru\u017enos\u0165 a elegantn\u00fd sp\u00e1d. Ka\u017ed\u00fd detail modelu <strong data-start=\"1119\" data-end=\"1128\">TANJA<\/strong> je prec\u00edzne spracovan\u00fd s d\u00f4razom na estetiku, komfort a dlh\u00fa \u017eivotnos\u0165.<\/p>\n<p data-start=\"1202\" data-end=\"1328\">D\u00e1mske oble\u010denie n\u00e1kr\u010dn\u00edk TANJA \u010derven\u00fd v\u00e1s zahreje, roz\u017eiari v\u00e1\u0161 outfit a stane sa neprehliadnute\u013enou s\u00fa\u010das\u0165ou v\u00e1\u0161ho \u0161atn\u00edka.<\/p>\n<\/div>\n<\/div>\n<\/div>\n<\/div>\n<\/div>\n<\/div>\n<\/article>\n<\/div>\n<\/div>\n<p data-start=\"2035\" data-end=\"2140\">Oplev sk\u00f8nheden i delikatesse, sofistikerede detaljer og feminin stil, der vil holde dig varm og... <a href=\"https:\/\/www.tattja.com\/da\/product-category\/damske-oblecenie\/doplnky-jednotlivo\/nakrcniky\/\">i andre farver<\/a>.<\/p>\n<p data-start=\"2142\" data-end=\"2279\"><strong data-start=\"2142\" data-end=\"2196\">Se her, <a href=\"https:\/\/shop.bogensberger.co.at\/produkt-schlagwort\/merino-extrafein\/\">fra hvilke materialer<\/a> vi producerer vores v\u00e6rker<\/strong> a doprajte si spojenie komfortu, luxusu a elegancie v nad\u010dasovom dizajne TATTJA.<\/p>","protected":false},"excerpt":{"rendered":"<p data-start=\"654\" data-end=\"877\"><strong data-start=\"56\" data-end=\"99\">D\u00e1mske oble\u010denie n\u00e1kr\u010dn\u00edk TANJA \u010derven\u00fd<\/strong> predstavuje v\u00fdrazn\u00fd elegantn\u00fd doplnok, ktor\u00fd zahreje a z\u00e1rove\u0148 zv\u00fdrazn\u00ed v\u00e1\u0161 osobit\u00fd \u0161t\u00fdl. Je m\u00e4kk\u00fd, pru\u017en\u00fd a v\u010faka pr\u00e9miovej pletenine prin\u00e1\u0161a komfort aj luxusn\u00fa noblesu do ka\u017ed\u00e9ho outfitu. \u2764\ufe0f<\/p>\n<p data-start=\"654\" data-end=\"877\">","protected":false},"featured_media":7652,"comment_status":"open","ping_status":"closed","template":"","meta":[],"product_brand":[],"product_cat":[333,298,267,339,213,279,332,209],"product_tag":[],"class_list":{"0":"post-7869","1":"product","2":"type-product","3":"status-publish","4":"has-post-thumbnail","6":"product_cat-doplnky-cervene","7":"product_cat-doplnky-jednotlivo","8":"product_cat-jednotlive-doplnky-tmavosive","9":"product_cat-nakrcnik-cerveny","10":"product_cat-nakrcnik-tmavosivy","11":"product_cat-nakrcniky","12":"product_cat-pleteninove-doplnky-cervene","13":"product_cat-pleteninove-doplnky-tmavosive","15":"first","16":"instock","17":"taxable","18":"shipping-taxable","19":"purchasable","20":"product-type-simple"},"yoast_head":"<!-- This site is optimized with the Yoast SEO plugin v26.0 - https:\/\/yoast.com\/wordpress\/plugins\/seo\/ -->\n<title>D\u00e1mske oble\u010denie n\u00e1kr\u010dn\u00edk TANJA \u010derven\u00fd - TATTJA<\/title>\n<meta name=\"description\" content=\"D\u00e1mske oble\u010denie n\u00e1kr\u010dn\u00edk TANJA \u010derven\u00fd \u2013 minimalistick\u00fd doplnok TATTJA, ktor\u00fd sp\u00e1ja eleganciu, komfort a nad\u010dasov\u00fd dizajn pre ka\u017edodenn\u00fd luxus.\" \/>\n<meta name=\"robots\" content=\"index, follow, max-snippet:-1, max-image-preview:large, max-video-preview:-1\" \/>\n<link rel=\"canonical\" href=\"https:\/\/www.tattja.com\/da\/product\/damske-oblecenie-nakrcnik-tanja-cerveny\/\" \/>\n<meta property=\"og:locale\" content=\"da_DK\" \/>\n<meta property=\"og:type\" content=\"article\" \/>\n<meta property=\"og:title\" content=\"D\u00e1mske oble\u010denie n\u00e1kr\u010dn\u00edk TANJA \u010derven\u00fd - TATTJA\" \/>\n<meta property=\"og:description\" content=\"D\u00e1mske oble\u010denie n\u00e1kr\u010dn\u00edk TANJA \u010derven\u00fd \u2013 minimalistick\u00fd doplnok TATTJA, ktor\u00fd sp\u00e1ja eleganciu, komfort a nad\u010dasov\u00fd dizajn pre ka\u017edodenn\u00fd luxus.\" \/>\n<meta property=\"og:url\" content=\"https:\/\/www.tattja.com\/da\/product\/damske-oblecenie-nakrcnik-tanja-cerveny\/\" \/>\n<meta property=\"og:site_name\" content=\"TATTJA\" \/>\n<meta property=\"article:modified_time\" content=\"2026-04-05T17:44:31+00:00\" \/>\n<meta property=\"og:image\" content=\"https:\/\/www.tattja.com\/wp-content\/uploads\/2026\/01\/cerveny-nakrcnik-spredu.webp\" \/>\n\t<meta property=\"og:image:width\" content=\"1365\" \/>\n\t<meta property=\"og:image:height\" content=\"2048\" \/>\n\t<meta property=\"og:image:type\" content=\"image\/webp\" \/>\n<meta name=\"twitter:card\" content=\"summary_large_image\" \/>\n<meta name=\"twitter:label1\" content=\"Estimeret l\u00e6setid\" \/>\n\t<meta name=\"twitter:data1\" content=\"2 minutter\" \/>\n<script type=\"application\/ld+json\" class=\"yoast-schema-graph\">{\"@context\":\"https:\/\/schema.org\",\"@graph\":[{\"@type\":\"WebPage\",\"@id\":\"https:\/\/www.tattja.com\/product\/damske-oblecenie-nakrcnik-tanja-cerveny\/\",\"url\":\"https:\/\/www.tattja.com\/product\/damske-oblecenie-nakrcnik-tanja-cerveny\/\",\"name\":\"D\u00e1mske oble\u010denie n\u00e1kr\u010dn\u00edk TANJA \u010derven\u00fd - TATTJA\",\"isPartOf\":{\"@id\":\"https:\/\/www.tattja.com\/#website\"},\"primaryImageOfPage\":{\"@id\":\"https:\/\/www.tattja.com\/product\/damske-oblecenie-nakrcnik-tanja-cerveny\/#primaryimage\"},\"image\":{\"@id\":\"https:\/\/www.tattja.com\/product\/damske-oblecenie-nakrcnik-tanja-cerveny\/#primaryimage\"},\"thumbnailUrl\":\"https:\/\/www.tattja.com\/wp-content\/uploads\/2026\/01\/cerveny-nakrcnik-spredu.webp\",\"datePublished\":\"2026-01-12T20:26:40+00:00\",\"dateModified\":\"2026-04-05T17:44:31+00:00\",\"description\":\"D\u00e1mske oble\u010denie n\u00e1kr\u010dn\u00edk TANJA \u010derven\u00fd \u2013 minimalistick\u00fd doplnok TATTJA, ktor\u00fd sp\u00e1ja eleganciu, komfort a nad\u010dasov\u00fd dizajn pre ka\u017edodenn\u00fd luxus.\",\"breadcrumb\":{\"@id\":\"https:\/\/www.tattja.com\/product\/damske-oblecenie-nakrcnik-tanja-cerveny\/#breadcrumb\"},\"inLanguage\":\"da-DK\",\"potentialAction\":[{\"@type\":\"ReadAction\",\"target\":[\"https:\/\/www.tattja.com\/product\/damske-oblecenie-nakrcnik-tanja-cerveny\/\"]}]},{\"@type\":\"ImageObject\",\"inLanguage\":\"da-DK\",\"@id\":\"https:\/\/www.tattja.com\/product\/damske-oblecenie-nakrcnik-tanja-cerveny\/#primaryimage\",\"url\":\"https:\/\/www.tattja.com\/wp-content\/uploads\/2026\/01\/cerveny-nakrcnik-spredu.webp\",\"contentUrl\":\"https:\/\/www.tattja.com\/wp-content\/uploads\/2026\/01\/cerveny-nakrcnik-spredu.webp\",\"width\":1365,\"height\":2048,\"caption\":\"\u010cerven\u00fd pleten\u00fd n\u00e1kr\u010dn\u00edk TANJA zna\u010dky TATTJA (spredu)\"},{\"@type\":\"BreadcrumbList\",\"@id\":\"https:\/\/www.tattja.com\/product\/damske-oblecenie-nakrcnik-tanja-cerveny\/#breadcrumb\",\"itemListElement\":[{\"@type\":\"ListItem\",\"position\":1,\"name\":\"Domov\",\"item\":\"https:\/\/www.tattja.com\/\"},{\"@type\":\"ListItem\",\"position\":2,\"name\":\"Produkty\",\"item\":\"https:\/\/www.tattja.com\/damske-oblecenie-produkty\/\"},{\"@type\":\"ListItem\",\"position\":3,\"name\":\"D\u00e1mske oble\u010denie n\u00e1kr\u010dn\u00edk TANJA \u010derven\u00fd\"}]},{\"@type\":\"WebSite\",\"@id\":\"https:\/\/www.tattja.com\/#website\",\"url\":\"https:\/\/www.tattja.com\/\",\"name\":\"TATTJA\",\"description\":\"D\u00e1mske oble\u010denie z extra jemnej merino vlny \u2014 ru\u010dne pleten\u00e9 na Slovensku\",\"potentialAction\":[{\"@type\":\"SearchAction\",\"target\":{\"@type\":\"EntryPoint\",\"urlTemplate\":\"https:\/\/www.tattja.com\/?s={search_term_string}\"},\"query-input\":{\"@type\":\"PropertyValueSpecification\",\"valueRequired\":true,\"valueName\":\"search_term_string\"}}],\"inLanguage\":\"da-DK\"}]}<\/script>\n<!-- \/ Yoast SEO plugin. -->","yoast_head_json":{"title":"D\u00e1mske oble\u010denie n\u00e1kr\u010dn\u00edk TANJA \u010derven\u00fd - TATTJA","description":"D\u00e1mske oble\u010denie n\u00e1kr\u010dn\u00edk TANJA \u010derven\u00fd \u2013 minimalistick\u00fd doplnok TATTJA, ktor\u00fd sp\u00e1ja eleganciu, komfort a nad\u010dasov\u00fd dizajn pre ka\u017edodenn\u00fd luxus.","robots":{"index":"index","follow":"follow","max-snippet":"max-snippet:-1","max-image-preview":"max-image-preview:large","max-video-preview":"max-video-preview:-1"},"canonical":"https:\/\/www.tattja.com\/da\/product\/damske-oblecenie-nakrcnik-tanja-cerveny\/","og_locale":"da_DK","og_type":"article","og_title":"D\u00e1mske oble\u010denie n\u00e1kr\u010dn\u00edk TANJA \u010derven\u00fd - TATTJA","og_description":"D\u00e1mske oble\u010denie n\u00e1kr\u010dn\u00edk TANJA \u010derven\u00fd \u2013 minimalistick\u00fd doplnok TATTJA, ktor\u00fd sp\u00e1ja eleganciu, komfort a nad\u010dasov\u00fd dizajn pre ka\u017edodenn\u00fd luxus.","og_url":"https:\/\/www.tattja.com\/da\/product\/damske-oblecenie-nakrcnik-tanja-cerveny\/","og_site_name":"TATTJA","article_modified_time":"2026-04-05T17:44:31+00:00","og_image":[{"width":1365,"height":2048,"url":"https:\/\/www.tattja.com\/wp-content\/uploads\/2026\/01\/cerveny-nakrcnik-spredu.webp","type":"image\/webp"}],"twitter_card":"summary_large_image","twitter_misc":{"Estimeret l\u00e6setid":"2 minutter"},"schema":{"@context":"https:\/\/schema.org","@graph":[{"@type":"WebPage","@id":"https:\/\/www.tattja.com\/product\/damske-oblecenie-nakrcnik-tanja-cerveny\/","url":"https:\/\/www.tattja.com\/product\/damske-oblecenie-nakrcnik-tanja-cerveny\/","name":"D\u00e1mske oble\u010denie n\u00e1kr\u010dn\u00edk TANJA \u010derven\u00fd - TATTJA","isPartOf":{"@id":"https:\/\/www.tattja.com\/#website"},"primaryImageOfPage":{"@id":"https:\/\/www.tattja.com\/product\/damske-oblecenie-nakrcnik-tanja-cerveny\/#primaryimage"},"image":{"@id":"https:\/\/www.tattja.com\/product\/damske-oblecenie-nakrcnik-tanja-cerveny\/#primaryimage"},"thumbnailUrl":"https:\/\/www.tattja.com\/wp-content\/uploads\/2026\/01\/cerveny-nakrcnik-spredu.webp","datePublished":"2026-01-12T20:26:40+00:00","dateModified":"2026-04-05T17:44:31+00:00","description":"D\u00e1mske oble\u010denie n\u00e1kr\u010dn\u00edk TANJA \u010derven\u00fd \u2013 minimalistick\u00fd doplnok TATTJA, ktor\u00fd sp\u00e1ja eleganciu, komfort a nad\u010dasov\u00fd dizajn pre ka\u017edodenn\u00fd luxus.","breadcrumb":{"@id":"https:\/\/www.tattja.com\/product\/damske-oblecenie-nakrcnik-tanja-cerveny\/#breadcrumb"},"inLanguage":"da-DK","potentialAction":[{"@type":"ReadAction","target":["https:\/\/www.tattja.com\/product\/damske-oblecenie-nakrcnik-tanja-cerveny\/"]}]},{"@type":"ImageObject","inLanguage":"da-DK","@id":"https:\/\/www.tattja.com\/product\/damske-oblecenie-nakrcnik-tanja-cerveny\/#primaryimage","url":"https:\/\/www.tattja.com\/wp-content\/uploads\/2026\/01\/cerveny-nakrcnik-spredu.webp","contentUrl":"https:\/\/www.tattja.com\/wp-content\/uploads\/2026\/01\/cerveny-nakrcnik-spredu.webp","width":1365,"height":2048,"caption":"\u010cerven\u00fd pleten\u00fd n\u00e1kr\u010dn\u00edk TANJA zna\u010dky TATTJA (spredu)"},{"@type":"BreadcrumbList","@id":"https:\/\/www.tattja.com\/product\/damske-oblecenie-nakrcnik-tanja-cerveny\/#breadcrumb","itemListElement":[{"@type":"ListItem","position":1,"name":"Domov","item":"https:\/\/www.tattja.com\/"},{"@type":"ListItem","position":2,"name":"Produkty","item":"https:\/\/www.tattja.com\/damske-oblecenie-produkty\/"},{"@type":"ListItem","position":3,"name":"D\u00e1mske oble\u010denie n\u00e1kr\u010dn\u00edk TANJA \u010derven\u00fd"}]},{"@type":"WebSite","@id":"https:\/\/www.tattja.com\/#website","url":"https:\/\/www.tattja.com\/","name":"TATTJA","description":"D\u00e1mske oble\u010denie z extra jemnej merino vlny \u2014 ru\u010dne pleten\u00e9 na Slovensku","potentialAction":[{"@type":"SearchAction","target":{"@type":"EntryPoint","urlTemplate":"https:\/\/www.tattja.com\/?s={search_term_string}"},"query-input":{"@type":"PropertyValueSpecification","valueRequired":true,"valueName":"search_term_string"}}],"inLanguage":"da-DK"}]}},"_links":{"self":[{"href":"https:\/\/www.tattja.com\/da\/wp-json\/wp\/v2\/product\/7869","targetHints":{"allow":["GET"]}}],"collection":[{"href":"https:\/\/www.tattja.com\/da\/wp-json\/wp\/v2\/product"}],"about":[{"href":"https:\/\/www.tattja.com\/da\/wp-json\/wp\/v2\/types\/product"}],"replies":[{"embeddable":true,"href":"https:\/\/www.tattja.com\/da\/wp-json\/wp\/v2\/comments?post=7869"}],"version-history":[{"count":3,"href":"https:\/\/www.tattja.com\/da\/wp-json\/wp\/v2\/product\/7869\/revisions"}],"predecessor-version":[{"id":7884,"href":"https:\/\/www.tattja.com\/da\/wp-json\/wp\/v2\/product\/7869\/revisions\/7884"}],"wp:featuredmedia":[{"embeddable":true,"href":"https:\/\/www.tattja.com\/da\/wp-json\/wp\/v2\/media\/7652"}],"wp:attachment":[{"href":"https:\/\/www.tattja.com\/da\/wp-json\/wp\/v2\/media?parent=7869"}],"wp:term":[{"taxonomy":"product_brand","embeddable":true,"href":"https:\/\/www.tattja.com\/da\/wp-json\/wp\/v2\/product_brand?post=7869"},{"taxonomy":"product_cat","embeddable":true,"href":"https:\/\/www.tattja.com\/da\/wp-json\/wp\/v2\/product_cat?post=7869"},{"taxonomy":"product_tag","embeddable":true,"href":"https:\/\/www.tattja.com\/da\/wp-json\/wp\/v2\/product_tag?post=7869"}],"curies":[{"name":"wp","href":"https:\/\/api.w.org\/{rel}","templated":true}]}}