{"id":11,"date":"2021-01-17T05:07:26","date_gmt":"2021-01-17T05:07:26","guid":{"rendered":"https:\/\/www.tattja.com\/?page_id=11"},"modified":"2025-11-03T21:44:33","modified_gmt":"2025-11-03T20:44:33","slug":"wishlist","status":"publish","type":"page","link":"https:\/\/www.tattja.com\/de\/wishlist\/","title":{"rendered":"Wishlist"},"content":{"rendered":"<p>[yith_wcwl_wishlist]<\/p>","protected":false},"excerpt":{"rendered":"","protected":false},"author":1,"featured_media":0,"parent":0,"menu_order":0,"comment_status":"closed","ping_status":"closed","template":"","meta":{"footnotes":""},"class_list":["post-11","page","type-page","status-publish","hentry"],"yoast_head":"<!-- This site is optimized with the Yoast SEO plugin v26.0 - https:\/\/yoast.com\/wordpress\/plugins\/seo\/ -->\n<title>Wishlist - TATTJA<\/title>\n<meta name=\"description\" content=\"Wishlist TATTJA \u2013 ulo\u017ete si svoje ob\u013e\u00faben\u00e9 pleten\u00e9 doplnky z merino vlny a vr\u00e1\u0165te sa k nim nesk\u00f4r. In\u0161pirujte sa a tvorte svoj \u0161t\u00fdl.\" \/>\n<meta name=\"robots\" content=\"index, follow, max-snippet:-1, max-image-preview:large, max-video-preview:-1\" \/>\n<link rel=\"canonical\" href=\"https:\/\/www.tattja.com\/de\/wishlist\/\" \/>\n<meta property=\"og:locale\" content=\"de_DE\" \/>\n<meta property=\"og:type\" content=\"article\" \/>\n<meta property=\"og:title\" content=\"Wishlist - TATTJA\" \/>\n<meta property=\"og:description\" content=\"Wishlist TATTJA \u2013 ulo\u017ete si svoje ob\u013e\u00faben\u00e9 pleten\u00e9 doplnky z merino vlny a vr\u00e1\u0165te sa k nim nesk\u00f4r. In\u0161pirujte sa a tvorte svoj \u0161t\u00fdl.\" \/>\n<meta property=\"og:url\" content=\"https:\/\/www.tattja.com\/de\/wishlist\/\" \/>\n<meta property=\"og:site_name\" content=\"TATTJA\" \/>\n<meta property=\"article:modified_time\" content=\"2025-11-03T20:44:33+00:00\" \/>\n<meta name=\"twitter:card\" content=\"summary_large_image\" \/>\n<meta name=\"twitter:label1\" content=\"Gesch\u00e4tzte Lesezeit\" \/>\n\t<meta name=\"twitter:data1\" content=\"1\u00a0Minute\" \/>\n<script type=\"application\/ld+json\" class=\"yoast-schema-graph\">{\"@context\":\"https:\/\/schema.org\",\"@graph\":[{\"@type\":\"WebPage\",\"@id\":\"https:\/\/www.tattja.com\/wishlist\/\",\"url\":\"https:\/\/www.tattja.com\/wishlist\/\",\"name\":\"Wishlist - TATTJA\",\"isPartOf\":{\"@id\":\"https:\/\/www.tattja.com\/#website\"},\"datePublished\":\"2021-01-17T05:07:26+00:00\",\"dateModified\":\"2025-11-03T20:44:33+00:00\",\"description\":\"Wishlist TATTJA \u2013 ulo\u017ete si svoje ob\u013e\u00faben\u00e9 pleten\u00e9 doplnky z merino vlny a vr\u00e1\u0165te sa k nim nesk\u00f4r. In\u0161pirujte sa a tvorte svoj \u0161t\u00fdl.\",\"breadcrumb\":{\"@id\":\"https:\/\/www.tattja.com\/wishlist\/#breadcrumb\"},\"inLanguage\":\"de\",\"potentialAction\":[{\"@type\":\"ReadAction\",\"target\":[\"https:\/\/www.tattja.com\/wishlist\/\"]}]},{\"@type\":\"BreadcrumbList\",\"@id\":\"https:\/\/www.tattja.com\/wishlist\/#breadcrumb\",\"itemListElement\":[{\"@type\":\"ListItem\",\"position\":1,\"name\":\"Domov\",\"item\":\"https:\/\/www.tattja.com\/\"},{\"@type\":\"ListItem\",\"position\":2,\"name\":\"Wishlist\"}]},{\"@type\":\"WebSite\",\"@id\":\"https:\/\/www.tattja.com\/#website\",\"url\":\"https:\/\/www.tattja.com\/\",\"name\":\"TATTJA\",\"description\":\"D\u00e1mske oble\u010denie z extra jemnej merino vlny \u2014 ru\u010dne pleten\u00e9 na Slovensku\",\"potentialAction\":[{\"@type\":\"SearchAction\",\"target\":{\"@type\":\"EntryPoint\",\"urlTemplate\":\"https:\/\/www.tattja.com\/?s={search_term_string}\"},\"query-input\":{\"@type\":\"PropertyValueSpecification\",\"valueRequired\":true,\"valueName\":\"search_term_string\"}}],\"inLanguage\":\"de\"}]}<\/script>\n<!-- \/ Yoast SEO plugin. -->","yoast_head_json":{"title":"Wishlist - TATTJA","description":"Wishlist TATTJA \u2013 ulo\u017ete si svoje ob\u013e\u00faben\u00e9 pleten\u00e9 doplnky z merino vlny a vr\u00e1\u0165te sa k nim nesk\u00f4r. In\u0161pirujte sa a tvorte svoj \u0161t\u00fdl.","robots":{"index":"index","follow":"follow","max-snippet":"max-snippet:-1","max-image-preview":"max-image-preview:large","max-video-preview":"max-video-preview:-1"},"canonical":"https:\/\/www.tattja.com\/de\/wishlist\/","og_locale":"de_DE","og_type":"article","og_title":"Wishlist - TATTJA","og_description":"Wishlist TATTJA \u2013 ulo\u017ete si svoje ob\u013e\u00faben\u00e9 pleten\u00e9 doplnky z merino vlny a vr\u00e1\u0165te sa k nim nesk\u00f4r. In\u0161pirujte sa a tvorte svoj \u0161t\u00fdl.","og_url":"https:\/\/www.tattja.com\/de\/wishlist\/","og_site_name":"TATTJA","article_modified_time":"2025-11-03T20:44:33+00:00","twitter_card":"summary_large_image","twitter_misc":{"Gesch\u00e4tzte Lesezeit":"1\u00a0Minute"},"schema":{"@context":"https:\/\/schema.org","@graph":[{"@type":"WebPage","@id":"https:\/\/www.tattja.com\/wishlist\/","url":"https:\/\/www.tattja.com\/wishlist\/","name":"Wishlist - TATTJA","isPartOf":{"@id":"https:\/\/www.tattja.com\/#website"},"datePublished":"2021-01-17T05:07:26+00:00","dateModified":"2025-11-03T20:44:33+00:00","description":"Wishlist TATTJA \u2013 ulo\u017ete si svoje ob\u013e\u00faben\u00e9 pleten\u00e9 doplnky z merino vlny a vr\u00e1\u0165te sa k nim nesk\u00f4r. In\u0161pirujte sa a tvorte svoj \u0161t\u00fdl.","breadcrumb":{"@id":"https:\/\/www.tattja.com\/wishlist\/#breadcrumb"},"inLanguage":"de","potentialAction":[{"@type":"ReadAction","target":["https:\/\/www.tattja.com\/wishlist\/"]}]},{"@type":"BreadcrumbList","@id":"https:\/\/www.tattja.com\/wishlist\/#breadcrumb","itemListElement":[{"@type":"ListItem","position":1,"name":"Domov","item":"https:\/\/www.tattja.com\/"},{"@type":"ListItem","position":2,"name":"Wishlist"}]},{"@type":"WebSite","@id":"https:\/\/www.tattja.com\/#website","url":"https:\/\/www.tattja.com\/","name":"TATTJA","description":"D\u00e1mske oble\u010denie z extra jemnej merino vlny \u2014 ru\u010dne pleten\u00e9 na Slovensku","potentialAction":[{"@type":"SearchAction","target":{"@type":"EntryPoint","urlTemplate":"https:\/\/www.tattja.com\/?s={search_term_string}"},"query-input":{"@type":"PropertyValueSpecification","valueRequired":true,"valueName":"search_term_string"}}],"inLanguage":"de"}]}},"_links":{"self":[{"href":"https:\/\/www.tattja.com\/de\/wp-json\/wp\/v2\/pages\/11","targetHints":{"allow":["GET"]}}],"collection":[{"href":"https:\/\/www.tattja.com\/de\/wp-json\/wp\/v2\/pages"}],"about":[{"href":"https:\/\/www.tattja.com\/de\/wp-json\/wp\/v2\/types\/page"}],"author":[{"embeddable":true,"href":"https:\/\/www.tattja.com\/de\/wp-json\/wp\/v2\/users\/1"}],"replies":[{"embeddable":true,"href":"https:\/\/www.tattja.com\/de\/wp-json\/wp\/v2\/comments?post=11"}],"version-history":[{"count":1,"href":"https:\/\/www.tattja.com\/de\/wp-json\/wp\/v2\/pages\/11\/revisions"}],"predecessor-version":[{"id":3204,"href":"https:\/\/www.tattja.com\/de\/wp-json\/wp\/v2\/pages\/11\/revisions\/3204"}],"wp:attachment":[{"href":"https:\/\/www.tattja.com\/de\/wp-json\/wp\/v2\/media?parent=11"}],"curies":[{"name":"wp","href":"https:\/\/api.w.org\/{rel}","templated":true}]}}