{"id":5055,"date":"2025-10-04T16:12:58","date_gmt":"2025-10-04T14:12:58","guid":{"rendered":"https:\/\/www.tattja.com\/?page_id=5055"},"modified":"2025-12-04T10:04:01","modified_gmt":"2025-12-04T09:04:01","slug":"katalog","status":"publish","type":"page","link":"https:\/\/www.tattja.com\/de\/katalog\/","title":{"rendered":"Katalog"},"content":{"rendered":"","protected":false},"excerpt":{"rendered":"","protected":false},"author":1,"featured_media":0,"parent":0,"menu_order":0,"comment_status":"closed","ping_status":"closed","template":"","meta":{"footnotes":""},"class_list":["post-5055","page","type-page","status-publish","hentry"],"yoast_head":"<!-- This site is optimized with the Yoast SEO plugin v26.0 - https:\/\/yoast.com\/wordpress\/plugins\/seo\/ -->\n<title>Katal\u00f3g - TATTJA<\/title>\n<meta name=\"description\" content=\"Prezrite si katal\u00f3g TATTJA \u2013 luxusn\u00e9 pleten\u00e9 doplnky z merino vlny. Objavte v\u0161etk\u00fdch 13 farieb a 4 typy produktov v \u0161t\u00fdlov\u00fdch kombin\u00e1ci\u00e1ch.\" \/>\n<meta name=\"robots\" content=\"index, follow, max-snippet:-1, max-image-preview:large, max-video-preview:-1\" \/>\n<link rel=\"canonical\" href=\"https:\/\/www.tattja.com\/de\/katalog\/\" \/>\n<meta property=\"og:locale\" content=\"de_DE\" \/>\n<meta property=\"og:type\" content=\"article\" \/>\n<meta property=\"og:title\" content=\"Katal\u00f3g - TATTJA\" \/>\n<meta property=\"og:description\" content=\"Prezrite si katal\u00f3g TATTJA \u2013 luxusn\u00e9 pleten\u00e9 doplnky z merino vlny. Objavte v\u0161etk\u00fdch 13 farieb a 4 typy produktov v \u0161t\u00fdlov\u00fdch kombin\u00e1ci\u00e1ch.\" \/>\n<meta property=\"og:url\" content=\"https:\/\/www.tattja.com\/de\/katalog\/\" \/>\n<meta property=\"og:site_name\" content=\"TATTJA\" \/>\n<meta property=\"article:modified_time\" content=\"2025-12-04T09:04:01+00:00\" \/>\n<meta name=\"twitter:card\" content=\"summary_large_image\" \/>\n<script type=\"application\/ld+json\" class=\"yoast-schema-graph\">{\"@context\":\"https:\/\/schema.org\",\"@graph\":[{\"@type\":\"WebPage\",\"@id\":\"https:\/\/www.tattja.com\/katalog\/\",\"url\":\"https:\/\/www.tattja.com\/katalog\/\",\"name\":\"Katal\u00f3g - TATTJA\",\"isPartOf\":{\"@id\":\"https:\/\/www.tattja.com\/#website\"},\"datePublished\":\"2025-10-04T14:12:58+00:00\",\"dateModified\":\"2025-12-04T09:04:01+00:00\",\"description\":\"Prezrite si katal\u00f3g TATTJA \u2013 luxusn\u00e9 pleten\u00e9 doplnky z merino vlny. Objavte v\u0161etk\u00fdch 13 farieb a 4 typy produktov v \u0161t\u00fdlov\u00fdch kombin\u00e1ci\u00e1ch.\",\"breadcrumb\":{\"@id\":\"https:\/\/www.tattja.com\/katalog\/#breadcrumb\"},\"inLanguage\":\"de\",\"potentialAction\":[{\"@type\":\"ReadAction\",\"target\":[\"https:\/\/www.tattja.com\/katalog\/\"]}]},{\"@type\":\"BreadcrumbList\",\"@id\":\"https:\/\/www.tattja.com\/katalog\/#breadcrumb\",\"itemListElement\":[{\"@type\":\"ListItem\",\"position\":1,\"name\":\"Domov\",\"item\":\"https:\/\/www.tattja.com\/\"},{\"@type\":\"ListItem\",\"position\":2,\"name\":\"Katal\u00f3g\"}]},{\"@type\":\"WebSite\",\"@id\":\"https:\/\/www.tattja.com\/#website\",\"url\":\"https:\/\/www.tattja.com\/\",\"name\":\"TATTJA\",\"description\":\"D\u00e1mske oble\u010denie z extra jemnej merino vlny \u2014 ru\u010dne pleten\u00e9 na Slovensku\",\"potentialAction\":[{\"@type\":\"SearchAction\",\"target\":{\"@type\":\"EntryPoint\",\"urlTemplate\":\"https:\/\/www.tattja.com\/?s={search_term_string}\"},\"query-input\":{\"@type\":\"PropertyValueSpecification\",\"valueRequired\":true,\"valueName\":\"search_term_string\"}}],\"inLanguage\":\"de\"}]}<\/script>\n<!-- \/ Yoast SEO plugin. -->","yoast_head_json":{"title":"Katal\u00f3g - TATTJA","description":"Prezrite si katal\u00f3g TATTJA \u2013 luxusn\u00e9 pleten\u00e9 doplnky z merino vlny. Objavte v\u0161etk\u00fdch 13 farieb a 4 typy produktov v \u0161t\u00fdlov\u00fdch kombin\u00e1ci\u00e1ch.","robots":{"index":"index","follow":"follow","max-snippet":"max-snippet:-1","max-image-preview":"max-image-preview:large","max-video-preview":"max-video-preview:-1"},"canonical":"https:\/\/www.tattja.com\/de\/katalog\/","og_locale":"de_DE","og_type":"article","og_title":"Katal\u00f3g - TATTJA","og_description":"Prezrite si katal\u00f3g TATTJA \u2013 luxusn\u00e9 pleten\u00e9 doplnky z merino vlny. Objavte v\u0161etk\u00fdch 13 farieb a 4 typy produktov v \u0161t\u00fdlov\u00fdch kombin\u00e1ci\u00e1ch.","og_url":"https:\/\/www.tattja.com\/de\/katalog\/","og_site_name":"TATTJA","article_modified_time":"2025-12-04T09:04:01+00:00","twitter_card":"summary_large_image","schema":{"@context":"https:\/\/schema.org","@graph":[{"@type":"WebPage","@id":"https:\/\/www.tattja.com\/katalog\/","url":"https:\/\/www.tattja.com\/katalog\/","name":"Katal\u00f3g - TATTJA","isPartOf":{"@id":"https:\/\/www.tattja.com\/#website"},"datePublished":"2025-10-04T14:12:58+00:00","dateModified":"2025-12-04T09:04:01+00:00","description":"Prezrite si katal\u00f3g TATTJA \u2013 luxusn\u00e9 pleten\u00e9 doplnky z merino vlny. Objavte v\u0161etk\u00fdch 13 farieb a 4 typy produktov v \u0161t\u00fdlov\u00fdch kombin\u00e1ci\u00e1ch.","breadcrumb":{"@id":"https:\/\/www.tattja.com\/katalog\/#breadcrumb"},"inLanguage":"de","potentialAction":[{"@type":"ReadAction","target":["https:\/\/www.tattja.com\/katalog\/"]}]},{"@type":"BreadcrumbList","@id":"https:\/\/www.tattja.com\/katalog\/#breadcrumb","itemListElement":[{"@type":"ListItem","position":1,"name":"Domov","item":"https:\/\/www.tattja.com\/"},{"@type":"ListItem","position":2,"name":"Katal\u00f3g"}]},{"@type":"WebSite","@id":"https:\/\/www.tattja.com\/#website","url":"https:\/\/www.tattja.com\/","name":"TATTJA","description":"D\u00e1mske oble\u010denie z extra jemnej merino vlny \u2014 ru\u010dne pleten\u00e9 na Slovensku","potentialAction":[{"@type":"SearchAction","target":{"@type":"EntryPoint","urlTemplate":"https:\/\/www.tattja.com\/?s={search_term_string}"},"query-input":{"@type":"PropertyValueSpecification","valueRequired":true,"valueName":"search_term_string"}}],"inLanguage":"de"}]}},"_links":{"self":[{"href":"https:\/\/www.tattja.com\/de\/wp-json\/wp\/v2\/pages\/5055","targetHints":{"allow":["GET"]}}],"collection":[{"href":"https:\/\/www.tattja.com\/de\/wp-json\/wp\/v2\/pages"}],"about":[{"href":"https:\/\/www.tattja.com\/de\/wp-json\/wp\/v2\/types\/page"}],"author":[{"embeddable":true,"href":"https:\/\/www.tattja.com\/de\/wp-json\/wp\/v2\/users\/1"}],"replies":[{"embeddable":true,"href":"https:\/\/www.tattja.com\/de\/wp-json\/wp\/v2\/comments?post=5055"}],"version-history":[{"count":1,"href":"https:\/\/www.tattja.com\/de\/wp-json\/wp\/v2\/pages\/5055\/revisions"}],"predecessor-version":[{"id":5057,"href":"https:\/\/www.tattja.com\/de\/wp-json\/wp\/v2\/pages\/5055\/revisions\/5057"}],"wp:attachment":[{"href":"https:\/\/www.tattja.com\/de\/wp-json\/wp\/v2\/media?parent=5055"}],"curies":[{"name":"wp","href":"https:\/\/api.w.org\/{rel}","templated":true}]}}