{"id":1727,"date":"2025-07-28T09:10:52","date_gmt":"2025-07-28T07:10:52","guid":{"rendered":"https:\/\/www.tattja.com\/?post_type=product&#038;p=1727"},"modified":"2026-04-05T19:45:12","modified_gmt":"2026-04-05T17:45:12","slug":"damske-oblecenie-ciapka-anja-kremovo-vanilkova","status":"publish","type":"product","link":"https:\/\/www.tattja.com\/de\/product\/damske-oblecenie-ciapka-anja-kremovo-vanilkova\/","title":{"rendered":"Damenbekleidung M\u00fctze ANJA creme-vanille"},"content":{"rendered":"<p data-start=\"850\" data-end=\"1163\"><strong data-start=\"850\" data-end=\"900\">Damenbekleidung M\u00fctze ANJA creme-vanille<\/strong> Es bringt Raffinesse, Eleganz und zeitlosen Stil in Ihre Garderobe. Dieses Modell aus der Kollektion <strong data-start=\"980\" data-end=\"990\">TATTJA<\/strong> vereint Komfort, Zweckm\u00e4\u00dfigkeit und feminines Design in perfekter Harmonie. Dank seines Farbtons sieht er vielseitig aus, Sie k\u00f6nnen ihn leicht kombinieren. Er verleiht Ihrer Einrichtung einen klaren, raffinierten Look.<\/p>\n<p data-start=\"1165\" data-end=\"1487\">Wir haben die M\u00fctze aus weichem, seidigem Garn gestrickt, das sich angenehm an den Kopf anschmiegt und an k\u00e4lteren Tagen w\u00e4rmt. Das Material ist atmungsaktiv, leicht und f\u00fchlt sich weich an und bietet auch bei l\u00e4ngerem Tragen maximalen Komfort. Jedes Detail wurde sorgf\u00e4ltig ausgearbeitet, so dass sie nicht nur praktisch, sondern auch ein \u00e4sthetisches Accessoire ist.<\/p>\n<p data-start=\"1489\" data-end=\"1706\">Der cremig-vanillige Farbton wirkt frisch und feminin. Er kann den Teint aufhellen und die Gesichtsz\u00fcge akzentuieren. Dank seiner neutralen Farbe passt er sowohl zu dunkleren als auch zu helleren Kleidungsst\u00fccken - von Jeans und Hemden bis hin zu eleganten M\u00e4nteln.<\/p>\n<p data-start=\"1708\" data-end=\"1964\">Der stylische Schirm verleiht der M\u00fctze einen subtilen urbanen Akzent und sch\u00fctzt die Augen vor Sonneneinstrahlung oder Wind. In Kombination mit der weichen Textur des Gestricks entsteht eine ausgewogene Mischung aus Funktionalit\u00e4t und Stil. Dieses Modell kann f\u00fcr die \u00dcbergangszeit, auf Reisen oder im Alltag getragen werden.<\/p>\n<p data-start=\"1966\" data-end=\"2065\">M\u00fctze f\u00fcr Damenbekleidung <strong data-start=\"1973\" data-end=\"1999\">ANJA Creme-Vanille<\/strong> zeichnet sich durch seine Vielseitigkeit aus und kann jedes Outfit erg\u00e4nzen.<\/p>\n<p data-start=\"2067\" data-end=\"2172\">Entdecken Sie die Sch\u00f6nheit der Zartheit, die raffinierten Details und den femininen Stil, der Sie warm h\u00e4lt und <a href=\"https:\/\/www.tattja.com\/de\/product-category\/damske-oblecenie\/doplnky-jednotlivo\/ciapky\/\">in anderen Farben<\/a>.<\/p>\n<p data-start=\"2174\" data-end=\"2309\"><strong data-start=\"2174\" data-end=\"2228\">Siehe, <a href=\"https:\/\/shop.bogensberger.co.at\/produkt-schlagwort\/merino-extrafein\/\">aus welchen Materialien<\/a> wir produzieren unsere St\u00fccke<\/strong> und verw\u00f6hnen Sie sich mit einer Kombination aus Eleganz, Komfort und zeitlosem Design <strong data-start=\"2296\" data-end=\"2306\">TATTJA<\/strong>.<\/p>","protected":false},"excerpt":{"rendered":"<p><strong data-start=\"651\" data-end=\"701\">Damenbekleidung M\u00fctze ANJA creme-vanille<\/strong> vereint Raffinesse, Eleganz und Komfort. Ein weicher Strick, eine stilvolle Silhouette und ein vielseitiger Farbton f\u00fcr die moderne Frau.<\/p>","protected":false},"featured_media":2333,"comment_status":"open","ping_status":"closed","template":"","meta":[],"product_brand":[],"product_cat":[144,282,300,298,137],"product_tag":[],"class_list":{"0":"post-1727","1":"product","2":"type-product","3":"status-publish","4":"has-post-thumbnail","6":"product_cat-ciapka-kremovo-vanilkova","7":"product_cat-ciapky","8":"product_cat-damske-oblecenie","9":"product_cat-doplnky-jednotlivo","10":"product_cat-pleteninove-doplnky-kremovo-vanilkove","12":"first","13":"instock","14":"taxable","15":"shipping-taxable","16":"purchasable","17":"product-type-simple"},"yoast_head":"<!-- This site is optimized with the Yoast SEO plugin v26.0 - https:\/\/yoast.com\/wordpress\/plugins\/seo\/ -->\n<title>D\u00e1mske oble\u010denie \u010diapka ANJA kr\u00e9movo-vanilkov\u00e1 - TATTJA<\/title>\n<meta name=\"description\" content=\"D\u00e1mske oble\u010denie \u010diapka ANJA kr\u00e9movo-vanilkov\u00e1 \u2013 jemn\u00e1, elegantn\u00e1 a praktick\u00e1 \u010diapka s modern\u00fdm dizajnom a univerz\u00e1lnym odtie\u0148om.\" \/>\n<meta name=\"robots\" content=\"index, follow, max-snippet:-1, max-image-preview:large, max-video-preview:-1\" \/>\n<link rel=\"canonical\" href=\"https:\/\/www.tattja.com\/de\/product\/damske-oblecenie-ciapka-anja-kremovo-vanilkova\/\" \/>\n<meta property=\"og:locale\" content=\"de_DE\" \/>\n<meta property=\"og:type\" content=\"article\" \/>\n<meta property=\"og:title\" content=\"D\u00e1mske oble\u010denie \u010diapka ANJA kr\u00e9movo-vanilkov\u00e1 - TATTJA\" \/>\n<meta property=\"og:description\" content=\"D\u00e1mske oble\u010denie \u010diapka ANJA kr\u00e9movo-vanilkov\u00e1 \u2013 jemn\u00e1, elegantn\u00e1 a praktick\u00e1 \u010diapka s modern\u00fdm dizajnom a univerz\u00e1lnym odtie\u0148om.\" \/>\n<meta property=\"og:url\" content=\"https:\/\/www.tattja.com\/de\/product\/damske-oblecenie-ciapka-anja-kremovo-vanilkova\/\" \/>\n<meta property=\"og:site_name\" content=\"TATTJA\" \/>\n<meta property=\"article:modified_time\" content=\"2026-04-05T17:45:12+00:00\" \/>\n<meta property=\"og:image\" content=\"https:\/\/www.tattja.com\/wp-content\/uploads\/2025\/09\/kremovo-vanilkovy-ciapka-spredu-43-2.webp\" \/>\n\t<meta property=\"og:image:width\" content=\"1365\" \/>\n\t<meta property=\"og:image:height\" content=\"2048\" \/>\n\t<meta property=\"og:image:type\" content=\"image\/webp\" \/>\n<meta name=\"twitter:card\" content=\"summary_large_image\" \/>\n<meta name=\"twitter:label1\" content=\"Gesch\u00e4tzte Lesezeit\" \/>\n\t<meta name=\"twitter:data1\" content=\"2\u00a0Minuten\" \/>\n<script type=\"application\/ld+json\" class=\"yoast-schema-graph\">{\"@context\":\"https:\/\/schema.org\",\"@graph\":[{\"@type\":\"WebPage\",\"@id\":\"https:\/\/www.tattja.com\/product\/damske-oblecenie-ciapka-anja-kremovo-vanilkova\/\",\"url\":\"https:\/\/www.tattja.com\/product\/damske-oblecenie-ciapka-anja-kremovo-vanilkova\/\",\"name\":\"D\u00e1mske oble\u010denie \u010diapka ANJA kr\u00e9movo-vanilkov\u00e1 - TATTJA\",\"isPartOf\":{\"@id\":\"https:\/\/www.tattja.com\/#website\"},\"primaryImageOfPage\":{\"@id\":\"https:\/\/www.tattja.com\/product\/damske-oblecenie-ciapka-anja-kremovo-vanilkova\/#primaryimage\"},\"image\":{\"@id\":\"https:\/\/www.tattja.com\/product\/damske-oblecenie-ciapka-anja-kremovo-vanilkova\/#primaryimage\"},\"thumbnailUrl\":\"https:\/\/www.tattja.com\/wp-content\/uploads\/2025\/09\/kremovo-vanilkovy-ciapka-spredu-43-2.webp\",\"datePublished\":\"2025-07-28T07:10:52+00:00\",\"dateModified\":\"2026-04-05T17:45:12+00:00\",\"description\":\"D\u00e1mske oble\u010denie \u010diapka ANJA kr\u00e9movo-vanilkov\u00e1 \u2013 jemn\u00e1, elegantn\u00e1 a praktick\u00e1 \u010diapka s modern\u00fdm dizajnom a univerz\u00e1lnym odtie\u0148om.\",\"breadcrumb\":{\"@id\":\"https:\/\/www.tattja.com\/product\/damske-oblecenie-ciapka-anja-kremovo-vanilkova\/#breadcrumb\"},\"inLanguage\":\"de\",\"potentialAction\":[{\"@type\":\"ReadAction\",\"target\":[\"https:\/\/www.tattja.com\/product\/damske-oblecenie-ciapka-anja-kremovo-vanilkova\/\"]}]},{\"@type\":\"ImageObject\",\"inLanguage\":\"de\",\"@id\":\"https:\/\/www.tattja.com\/product\/damske-oblecenie-ciapka-anja-kremovo-vanilkova\/#primaryimage\",\"url\":\"https:\/\/www.tattja.com\/wp-content\/uploads\/2025\/09\/kremovo-vanilkovy-ciapka-spredu-43-2.webp\",\"contentUrl\":\"https:\/\/www.tattja.com\/wp-content\/uploads\/2025\/09\/kremovo-vanilkovy-ciapka-spredu-43-2.webp\",\"width\":1365,\"height\":2048,\"caption\":\"\u010ciapka ANJA \u2013 kr\u00e9movo-vanilkov\u00e1 pleten\u00e1 \u010diapka TATTJA | predn\u00fd poh\u013ead\"},{\"@type\":\"BreadcrumbList\",\"@id\":\"https:\/\/www.tattja.com\/product\/damske-oblecenie-ciapka-anja-kremovo-vanilkova\/#breadcrumb\",\"itemListElement\":[{\"@type\":\"ListItem\",\"position\":1,\"name\":\"Domov\",\"item\":\"https:\/\/www.tattja.com\/\"},{\"@type\":\"ListItem\",\"position\":2,\"name\":\"Produkty\",\"item\":\"https:\/\/www.tattja.com\/damske-oblecenie-produkty\/\"},{\"@type\":\"ListItem\",\"position\":3,\"name\":\"D\u00e1mske oble\u010denie \u010diapka ANJA kr\u00e9movo-vanilkov\u00e1\"}]},{\"@type\":\"WebSite\",\"@id\":\"https:\/\/www.tattja.com\/#website\",\"url\":\"https:\/\/www.tattja.com\/\",\"name\":\"TATTJA\",\"description\":\"D\u00e1mske oble\u010denie z extra jemnej merino vlny \u2014 ru\u010dne pleten\u00e9 na Slovensku\",\"potentialAction\":[{\"@type\":\"SearchAction\",\"target\":{\"@type\":\"EntryPoint\",\"urlTemplate\":\"https:\/\/www.tattja.com\/?s={search_term_string}\"},\"query-input\":{\"@type\":\"PropertyValueSpecification\",\"valueRequired\":true,\"valueName\":\"search_term_string\"}}],\"inLanguage\":\"de\"}]}<\/script>\n<!-- \/ Yoast SEO plugin. -->","yoast_head_json":{"title":"D\u00e1mske oble\u010denie \u010diapka ANJA kr\u00e9movo-vanilkov\u00e1 - TATTJA","description":"D\u00e1mske oble\u010denie \u010diapka ANJA kr\u00e9movo-vanilkov\u00e1 \u2013 jemn\u00e1, elegantn\u00e1 a praktick\u00e1 \u010diapka s modern\u00fdm dizajnom a univerz\u00e1lnym odtie\u0148om.","robots":{"index":"index","follow":"follow","max-snippet":"max-snippet:-1","max-image-preview":"max-image-preview:large","max-video-preview":"max-video-preview:-1"},"canonical":"https:\/\/www.tattja.com\/de\/product\/damske-oblecenie-ciapka-anja-kremovo-vanilkova\/","og_locale":"de_DE","og_type":"article","og_title":"D\u00e1mske oble\u010denie \u010diapka ANJA kr\u00e9movo-vanilkov\u00e1 - TATTJA","og_description":"D\u00e1mske oble\u010denie \u010diapka ANJA kr\u00e9movo-vanilkov\u00e1 \u2013 jemn\u00e1, elegantn\u00e1 a praktick\u00e1 \u010diapka s modern\u00fdm dizajnom a univerz\u00e1lnym odtie\u0148om.","og_url":"https:\/\/www.tattja.com\/de\/product\/damske-oblecenie-ciapka-anja-kremovo-vanilkova\/","og_site_name":"TATTJA","article_modified_time":"2026-04-05T17:45:12+00:00","og_image":[{"width":1365,"height":2048,"url":"https:\/\/www.tattja.com\/wp-content\/uploads\/2025\/09\/kremovo-vanilkovy-ciapka-spredu-43-2.webp","type":"image\/webp"}],"twitter_card":"summary_large_image","twitter_misc":{"Gesch\u00e4tzte Lesezeit":"2\u00a0Minuten"},"schema":{"@context":"https:\/\/schema.org","@graph":[{"@type":"WebPage","@id":"https:\/\/www.tattja.com\/product\/damske-oblecenie-ciapka-anja-kremovo-vanilkova\/","url":"https:\/\/www.tattja.com\/product\/damske-oblecenie-ciapka-anja-kremovo-vanilkova\/","name":"D\u00e1mske oble\u010denie \u010diapka ANJA kr\u00e9movo-vanilkov\u00e1 - TATTJA","isPartOf":{"@id":"https:\/\/www.tattja.com\/#website"},"primaryImageOfPage":{"@id":"https:\/\/www.tattja.com\/product\/damske-oblecenie-ciapka-anja-kremovo-vanilkova\/#primaryimage"},"image":{"@id":"https:\/\/www.tattja.com\/product\/damske-oblecenie-ciapka-anja-kremovo-vanilkova\/#primaryimage"},"thumbnailUrl":"https:\/\/www.tattja.com\/wp-content\/uploads\/2025\/09\/kremovo-vanilkovy-ciapka-spredu-43-2.webp","datePublished":"2025-07-28T07:10:52+00:00","dateModified":"2026-04-05T17:45:12+00:00","description":"D\u00e1mske oble\u010denie \u010diapka ANJA kr\u00e9movo-vanilkov\u00e1 \u2013 jemn\u00e1, elegantn\u00e1 a praktick\u00e1 \u010diapka s modern\u00fdm dizajnom a univerz\u00e1lnym odtie\u0148om.","breadcrumb":{"@id":"https:\/\/www.tattja.com\/product\/damske-oblecenie-ciapka-anja-kremovo-vanilkova\/#breadcrumb"},"inLanguage":"de","potentialAction":[{"@type":"ReadAction","target":["https:\/\/www.tattja.com\/product\/damske-oblecenie-ciapka-anja-kremovo-vanilkova\/"]}]},{"@type":"ImageObject","inLanguage":"de","@id":"https:\/\/www.tattja.com\/product\/damske-oblecenie-ciapka-anja-kremovo-vanilkova\/#primaryimage","url":"https:\/\/www.tattja.com\/wp-content\/uploads\/2025\/09\/kremovo-vanilkovy-ciapka-spredu-43-2.webp","contentUrl":"https:\/\/www.tattja.com\/wp-content\/uploads\/2025\/09\/kremovo-vanilkovy-ciapka-spredu-43-2.webp","width":1365,"height":2048,"caption":"\u010ciapka ANJA \u2013 kr\u00e9movo-vanilkov\u00e1 pleten\u00e1 \u010diapka TATTJA | predn\u00fd poh\u013ead"},{"@type":"BreadcrumbList","@id":"https:\/\/www.tattja.com\/product\/damske-oblecenie-ciapka-anja-kremovo-vanilkova\/#breadcrumb","itemListElement":[{"@type":"ListItem","position":1,"name":"Domov","item":"https:\/\/www.tattja.com\/"},{"@type":"ListItem","position":2,"name":"Produkty","item":"https:\/\/www.tattja.com\/damske-oblecenie-produkty\/"},{"@type":"ListItem","position":3,"name":"D\u00e1mske oble\u010denie \u010diapka ANJA kr\u00e9movo-vanilkov\u00e1"}]},{"@type":"WebSite","@id":"https:\/\/www.tattja.com\/#website","url":"https:\/\/www.tattja.com\/","name":"TATTJA","description":"D\u00e1mske oble\u010denie z extra jemnej merino vlny \u2014 ru\u010dne pleten\u00e9 na Slovensku","potentialAction":[{"@type":"SearchAction","target":{"@type":"EntryPoint","urlTemplate":"https:\/\/www.tattja.com\/?s={search_term_string}"},"query-input":{"@type":"PropertyValueSpecification","valueRequired":true,"valueName":"search_term_string"}}],"inLanguage":"de"}]}},"_links":{"self":[{"href":"https:\/\/www.tattja.com\/de\/wp-json\/wp\/v2\/product\/1727","targetHints":{"allow":["GET"]}}],"collection":[{"href":"https:\/\/www.tattja.com\/de\/wp-json\/wp\/v2\/product"}],"about":[{"href":"https:\/\/www.tattja.com\/de\/wp-json\/wp\/v2\/types\/product"}],"replies":[{"embeddable":true,"href":"https:\/\/www.tattja.com\/de\/wp-json\/wp\/v2\/comments?post=1727"}],"version-history":[{"count":6,"href":"https:\/\/www.tattja.com\/de\/wp-json\/wp\/v2\/product\/1727\/revisions"}],"predecessor-version":[{"id":5906,"href":"https:\/\/www.tattja.com\/de\/wp-json\/wp\/v2\/product\/1727\/revisions\/5906"}],"wp:featuredmedia":[{"embeddable":true,"href":"https:\/\/www.tattja.com\/de\/wp-json\/wp\/v2\/media\/2333"}],"wp:attachment":[{"href":"https:\/\/www.tattja.com\/de\/wp-json\/wp\/v2\/media?parent=1727"}],"wp:term":[{"taxonomy":"product_brand","embeddable":true,"href":"https:\/\/www.tattja.com\/de\/wp-json\/wp\/v2\/product_brand?post=1727"},{"taxonomy":"product_cat","embeddable":true,"href":"https:\/\/www.tattja.com\/de\/wp-json\/wp\/v2\/product_cat?post=1727"},{"taxonomy":"product_tag","embeddable":true,"href":"https:\/\/www.tattja.com\/de\/wp-json\/wp\/v2\/product_tag?post=1727"}],"curies":[{"name":"wp","href":"https:\/\/api.w.org\/{rel}","templated":true}]}}