{"id":1803,"date":"2025-07-29T07:58:06","date_gmt":"2025-07-29T05:58:06","guid":{"rendered":"https:\/\/www.tattja.com\/?post_type=product&#038;p=1803"},"modified":"2026-04-05T19:45:12","modified_gmt":"2026-04-05T17:45:12","slug":"damske-oblecenie-dvojset-sighrith-kremovo-vanilkovy","status":"publish","type":"product","link":"https:\/\/www.tattja.com\/de\/product\/damske-oblecenie-dvojset-sighrith-kremovo-vanilkovy\/","title":{"rendered":"D\u00e1mske oble\u010denie 2-set SIGHRITH kr\u00e9movo-vanilkov\u00fd"},"content":{"rendered":"<p data-start=\"834\" data-end=\"1259\"><strong data-start=\"834\" data-end=\"889\">Damen-Doppelset SIGHRITH creme-vanille<\/strong> predstavuje dokonal\u00fa rovnov\u00e1hu medzi eleganciou, funk\u010dnos\u0165ou a \u017eenskos\u0165ou. Tento nad\u010dasov\u00fd set sp\u00e1ja driekovn\u00edk a ruk\u00e1vniky, vytvoren\u00e9 z m\u00e4kkej pleteniny, ktor\u00e1 je pr\u00edjemn\u00e1 na dotyk a poskytuje maxim\u00e1lny komfort po\u010das d\u0148a. Jemn\u00e1 \u0161trukt\u00fara materi\u00e1lu p\u00f4sob\u00ed luxusne, no z\u00e1rove\u0148 prakticky, tak\u017ee ide o ide\u00e1lny k\u00fasok pre \u017eeny, ktor\u00e9 h\u013eadaj\u00fa spojenie kr\u00e1sy, kvality a komfortu.<\/p>\n<p data-start=\"1261\" data-end=\"1537\">Kr\u00e9movo-vanilkov\u00fd odtie\u0148 vy\u017earuje \u010distotu, noblesu a prirodzen\u00fa eleganciu. V\u010faka svojej univerz\u00e1lnosti sa \u013eahko kombinuje s ak\u00fdmko\u013evek outfitom \u2013 od elegantn\u00fdch \u0161iat a\u017e po le\u017e\u00e9rne nohavice. Tento t\u00f3n prinesie svetlo do ka\u017ed\u00e9ho \u0161atn\u00edka a p\u00f4sob\u00ed svie\u017eo v ka\u017edom ro\u010dnom obdob\u00ed.<\/p>\n<p data-start=\"1539\" data-end=\"1840\">Driekovn\u00edk jemne obop\u00edna p\u00e1s a chrb\u00e1t, \u010d\u00edm poskytuje hrejiv\u00fd pocit bezpe\u010dia. Ruk\u00e1vniky n\u00e1sledne vytv\u00e1raj\u00fa harmonick\u00fd doplnok, ktor\u00fd predl\u017euje siluetu r\u00fak a zv\u00fdraz\u0148uje \u017eenskos\u0165. Spolu tvoria dizajnovo prepracovan\u00fd celok, ktor\u00fd p\u00f4sob\u00ed sofistikovane a modern\u00fdm sp\u00f4sobom pod\u010diarkuje osobnos\u0165 nosite\u013eky.<\/p>\n<p data-start=\"1842\" data-end=\"2074\">D\u00e1mske oble\u010denie dvojset SIGHRITH kr\u00e9movo-vanilkov\u00fd a jehokKa\u017ed\u00fd detail odr\u00e1\u017ea prec\u00edzne spracovanie a filozofiu zna\u010dky TATTJA \u2013 sp\u00e1ja\u0165 vizu\u00e1lnu jednoduchos\u0165 s pocitom luxusu. Tento model je ide\u00e1lny pre \u017eeny, ktor\u00e9 si potrpia na kvalitu, komfort a estetick\u00fd \u0161t\u00fdl v jednom.<\/p>\n<p data-start=\"2076\" data-end=\"2315\">Entdecken Sie die Sch\u00f6nheit der Zartheit, die raffinierten Details und den femininen Stil, der Sie warm h\u00e4lt und <a href=\"https:\/\/www.tattja.com\/de\/product-category\/damske-oblecenie\/dvojsety\/driekovnik-a-rukavniky\/\">in anderen Farben.<\/a><br data-start=\"2179\" data-end=\"2182\" \/><strong data-start=\"2182\" data-end=\"2236\">Siehe, <a href=\"https:\/\/shop.bogensberger.co.at\/produkt-schlagwort\/merino-extrafein\/\">aus welchen Materialien<\/a> wir produzieren unsere St\u00fccke<\/strong>, a doprajte si dotyk kvality, ktor\u00e1 premen\u00ed v\u0161edn\u00fd de\u0148 na okamih v\u00fdnimo\u010dnosti.<\/p>","protected":false},"excerpt":{"rendered":"<p>D\u00e1mske oble\u010denie dvojset SIGHRITH kr\u00e9movo-vanilkov\u00fd sp\u00e1ja eleganciu, jemnos\u0165 a funk\u010dnos\u0165. Driekovn\u00edk a ruk\u00e1vniky v svetlom vanilkovom odtieni pon\u00fakaj\u00fa pohodlie, hrejivos\u0165 a \u0161t\u00fdl pre ka\u017edodenn\u00e9 nosenie.<\/p>","protected":false},"featured_media":2342,"comment_status":"open","ping_status":"closed","template":"","meta":[],"product_brand":[],"product_cat":[289,300,293,140,137],"product_tag":[],"class_list":{"0":"post-1803","1":"product","2":"type-product","3":"status-publish","4":"has-post-thumbnail","6":"product_cat-dvojsety","7":"product_cat-damske-oblecenie","8":"product_cat-driekovnik-a-rukavniky","9":"product_cat-dvojsety-kremovo-vanilkove","10":"product_cat-pleteninove-doplnky-kremovo-vanilkove","12":"first","13":"instock","14":"taxable","15":"shipping-taxable","16":"purchasable","17":"product-type-simple"},"yoast_head":"<!-- This site is optimized with the Yoast SEO plugin v26.0 - https:\/\/yoast.com\/wordpress\/plugins\/seo\/ -->\n<title>D\u00e1mske oble\u010denie 2-set SIGHRITH kr\u00e9movo-vanilkov\u00fd - TATTJA<\/title>\n<meta name=\"description\" content=\"D\u00e1mske oble\u010denie dvojset SIGHRITH kr\u00e9movo-vanilkov\u00fd \u2013 jemn\u00fd, nad\u010dasov\u00fd a hrejiv\u00fd komplet z m\u00e4kkej pleteniny, ktor\u00fd sp\u00e1ja noblesu a pohodlie v jednom.\" \/>\n<meta name=\"robots\" content=\"index, follow, max-snippet:-1, max-image-preview:large, max-video-preview:-1\" \/>\n<link rel=\"canonical\" href=\"https:\/\/www.tattja.com\/de\/product\/damske-oblecenie-dvojset-sighrith-kremovo-vanilkovy\/\" \/>\n<meta property=\"og:locale\" content=\"de_DE\" \/>\n<meta property=\"og:type\" content=\"article\" \/>\n<meta property=\"og:title\" content=\"D\u00e1mske oble\u010denie 2-set SIGHRITH kr\u00e9movo-vanilkov\u00fd - TATTJA\" \/>\n<meta property=\"og:description\" content=\"D\u00e1mske oble\u010denie dvojset SIGHRITH kr\u00e9movo-vanilkov\u00fd \u2013 jemn\u00fd, nad\u010dasov\u00fd a hrejiv\u00fd komplet z m\u00e4kkej pleteniny, ktor\u00fd sp\u00e1ja noblesu a pohodlie v jednom.\" \/>\n<meta property=\"og:url\" content=\"https:\/\/www.tattja.com\/de\/product\/damske-oblecenie-dvojset-sighrith-kremovo-vanilkovy\/\" \/>\n<meta property=\"og:site_name\" content=\"TATTJA\" \/>\n<meta property=\"article:modified_time\" content=\"2026-04-05T17:45:12+00:00\" \/>\n<meta property=\"og:image\" content=\"https:\/\/www.tattja.com\/wp-content\/uploads\/2025\/09\/kremovo-vanilkovy-dvojset-driekovnik-rukavniky-spredu-16.webp\" \/>\n\t<meta property=\"og:image:width\" content=\"1365\" \/>\n\t<meta property=\"og:image:height\" content=\"2048\" \/>\n\t<meta property=\"og:image:type\" content=\"image\/webp\" \/>\n<meta name=\"twitter:card\" content=\"summary_large_image\" \/>\n<meta name=\"twitter:label1\" content=\"Gesch\u00e4tzte Lesezeit\" \/>\n\t<meta name=\"twitter:data1\" content=\"2\u00a0Minuten\" \/>\n<script type=\"application\/ld+json\" class=\"yoast-schema-graph\">{\"@context\":\"https:\/\/schema.org\",\"@graph\":[{\"@type\":\"WebPage\",\"@id\":\"https:\/\/www.tattja.com\/product\/damske-oblecenie-dvojset-sighrith-kremovo-vanilkovy\/\",\"url\":\"https:\/\/www.tattja.com\/product\/damske-oblecenie-dvojset-sighrith-kremovo-vanilkovy\/\",\"name\":\"D\u00e1mske oble\u010denie 2-set SIGHRITH kr\u00e9movo-vanilkov\u00fd - TATTJA\",\"isPartOf\":{\"@id\":\"https:\/\/www.tattja.com\/#website\"},\"primaryImageOfPage\":{\"@id\":\"https:\/\/www.tattja.com\/product\/damske-oblecenie-dvojset-sighrith-kremovo-vanilkovy\/#primaryimage\"},\"image\":{\"@id\":\"https:\/\/www.tattja.com\/product\/damske-oblecenie-dvojset-sighrith-kremovo-vanilkovy\/#primaryimage\"},\"thumbnailUrl\":\"https:\/\/www.tattja.com\/wp-content\/uploads\/2025\/09\/kremovo-vanilkovy-dvojset-driekovnik-rukavniky-spredu-16.webp\",\"datePublished\":\"2025-07-29T05:58:06+00:00\",\"dateModified\":\"2026-04-05T17:45:12+00:00\",\"description\":\"D\u00e1mske oble\u010denie dvojset SIGHRITH kr\u00e9movo-vanilkov\u00fd \u2013 jemn\u00fd, nad\u010dasov\u00fd a hrejiv\u00fd komplet z m\u00e4kkej pleteniny, ktor\u00fd sp\u00e1ja noblesu a pohodlie v jednom.\",\"breadcrumb\":{\"@id\":\"https:\/\/www.tattja.com\/product\/damske-oblecenie-dvojset-sighrith-kremovo-vanilkovy\/#breadcrumb\"},\"inLanguage\":\"de\",\"potentialAction\":[{\"@type\":\"ReadAction\",\"target\":[\"https:\/\/www.tattja.com\/product\/damske-oblecenie-dvojset-sighrith-kremovo-vanilkovy\/\"]}]},{\"@type\":\"ImageObject\",\"inLanguage\":\"de\",\"@id\":\"https:\/\/www.tattja.com\/product\/damske-oblecenie-dvojset-sighrith-kremovo-vanilkovy\/#primaryimage\",\"url\":\"https:\/\/www.tattja.com\/wp-content\/uploads\/2025\/09\/kremovo-vanilkovy-dvojset-driekovnik-rukavniky-spredu-16.webp\",\"contentUrl\":\"https:\/\/www.tattja.com\/wp-content\/uploads\/2025\/09\/kremovo-vanilkovy-dvojset-driekovnik-rukavniky-spredu-16.webp\",\"width\":1365,\"height\":2048,\"caption\":\"Dvojset SIGHRITH \u2013 kr\u00e9movo-vanilkov\u00fd driekovn\u00edk a ruk\u00e1vniky TATTJA | predn\u00fd poh\u013ead\"},{\"@type\":\"BreadcrumbList\",\"@id\":\"https:\/\/www.tattja.com\/product\/damske-oblecenie-dvojset-sighrith-kremovo-vanilkovy\/#breadcrumb\",\"itemListElement\":[{\"@type\":\"ListItem\",\"position\":1,\"name\":\"Domov\",\"item\":\"https:\/\/www.tattja.com\/\"},{\"@type\":\"ListItem\",\"position\":2,\"name\":\"Produkty\",\"item\":\"https:\/\/www.tattja.com\/damske-oblecenie-produkty\/\"},{\"@type\":\"ListItem\",\"position\":3,\"name\":\"D\u00e1mske oble\u010denie 2-set SIGHRITH kr\u00e9movo-vanilkov\u00fd\"}]},{\"@type\":\"WebSite\",\"@id\":\"https:\/\/www.tattja.com\/#website\",\"url\":\"https:\/\/www.tattja.com\/\",\"name\":\"TATTJA\",\"description\":\"D\u00e1mske oble\u010denie z extra jemnej merino vlny \u2014 ru\u010dne pleten\u00e9 na Slovensku\",\"potentialAction\":[{\"@type\":\"SearchAction\",\"target\":{\"@type\":\"EntryPoint\",\"urlTemplate\":\"https:\/\/www.tattja.com\/?s={search_term_string}\"},\"query-input\":{\"@type\":\"PropertyValueSpecification\",\"valueRequired\":true,\"valueName\":\"search_term_string\"}}],\"inLanguage\":\"de\"}]}<\/script>\n<!-- \/ Yoast SEO plugin. -->","yoast_head_json":{"title":"D\u00e1mske oble\u010denie 2-set SIGHRITH kr\u00e9movo-vanilkov\u00fd - TATTJA","description":"D\u00e1mske oble\u010denie dvojset SIGHRITH kr\u00e9movo-vanilkov\u00fd \u2013 jemn\u00fd, nad\u010dasov\u00fd a hrejiv\u00fd komplet z m\u00e4kkej pleteniny, ktor\u00fd sp\u00e1ja noblesu a pohodlie v jednom.","robots":{"index":"index","follow":"follow","max-snippet":"max-snippet:-1","max-image-preview":"max-image-preview:large","max-video-preview":"max-video-preview:-1"},"canonical":"https:\/\/www.tattja.com\/de\/product\/damske-oblecenie-dvojset-sighrith-kremovo-vanilkovy\/","og_locale":"de_DE","og_type":"article","og_title":"D\u00e1mske oble\u010denie 2-set SIGHRITH kr\u00e9movo-vanilkov\u00fd - TATTJA","og_description":"D\u00e1mske oble\u010denie dvojset SIGHRITH kr\u00e9movo-vanilkov\u00fd \u2013 jemn\u00fd, nad\u010dasov\u00fd a hrejiv\u00fd komplet z m\u00e4kkej pleteniny, ktor\u00fd sp\u00e1ja noblesu a pohodlie v jednom.","og_url":"https:\/\/www.tattja.com\/de\/product\/damske-oblecenie-dvojset-sighrith-kremovo-vanilkovy\/","og_site_name":"TATTJA","article_modified_time":"2026-04-05T17:45:12+00:00","og_image":[{"width":1365,"height":2048,"url":"https:\/\/www.tattja.com\/wp-content\/uploads\/2025\/09\/kremovo-vanilkovy-dvojset-driekovnik-rukavniky-spredu-16.webp","type":"image\/webp"}],"twitter_card":"summary_large_image","twitter_misc":{"Gesch\u00e4tzte Lesezeit":"2\u00a0Minuten"},"schema":{"@context":"https:\/\/schema.org","@graph":[{"@type":"WebPage","@id":"https:\/\/www.tattja.com\/product\/damske-oblecenie-dvojset-sighrith-kremovo-vanilkovy\/","url":"https:\/\/www.tattja.com\/product\/damske-oblecenie-dvojset-sighrith-kremovo-vanilkovy\/","name":"D\u00e1mske oble\u010denie 2-set SIGHRITH kr\u00e9movo-vanilkov\u00fd - TATTJA","isPartOf":{"@id":"https:\/\/www.tattja.com\/#website"},"primaryImageOfPage":{"@id":"https:\/\/www.tattja.com\/product\/damske-oblecenie-dvojset-sighrith-kremovo-vanilkovy\/#primaryimage"},"image":{"@id":"https:\/\/www.tattja.com\/product\/damske-oblecenie-dvojset-sighrith-kremovo-vanilkovy\/#primaryimage"},"thumbnailUrl":"https:\/\/www.tattja.com\/wp-content\/uploads\/2025\/09\/kremovo-vanilkovy-dvojset-driekovnik-rukavniky-spredu-16.webp","datePublished":"2025-07-29T05:58:06+00:00","dateModified":"2026-04-05T17:45:12+00:00","description":"D\u00e1mske oble\u010denie dvojset SIGHRITH kr\u00e9movo-vanilkov\u00fd \u2013 jemn\u00fd, nad\u010dasov\u00fd a hrejiv\u00fd komplet z m\u00e4kkej pleteniny, ktor\u00fd sp\u00e1ja noblesu a pohodlie v jednom.","breadcrumb":{"@id":"https:\/\/www.tattja.com\/product\/damske-oblecenie-dvojset-sighrith-kremovo-vanilkovy\/#breadcrumb"},"inLanguage":"de","potentialAction":[{"@type":"ReadAction","target":["https:\/\/www.tattja.com\/product\/damske-oblecenie-dvojset-sighrith-kremovo-vanilkovy\/"]}]},{"@type":"ImageObject","inLanguage":"de","@id":"https:\/\/www.tattja.com\/product\/damske-oblecenie-dvojset-sighrith-kremovo-vanilkovy\/#primaryimage","url":"https:\/\/www.tattja.com\/wp-content\/uploads\/2025\/09\/kremovo-vanilkovy-dvojset-driekovnik-rukavniky-spredu-16.webp","contentUrl":"https:\/\/www.tattja.com\/wp-content\/uploads\/2025\/09\/kremovo-vanilkovy-dvojset-driekovnik-rukavniky-spredu-16.webp","width":1365,"height":2048,"caption":"Dvojset SIGHRITH \u2013 kr\u00e9movo-vanilkov\u00fd driekovn\u00edk a ruk\u00e1vniky TATTJA | predn\u00fd poh\u013ead"},{"@type":"BreadcrumbList","@id":"https:\/\/www.tattja.com\/product\/damske-oblecenie-dvojset-sighrith-kremovo-vanilkovy\/#breadcrumb","itemListElement":[{"@type":"ListItem","position":1,"name":"Domov","item":"https:\/\/www.tattja.com\/"},{"@type":"ListItem","position":2,"name":"Produkty","item":"https:\/\/www.tattja.com\/damske-oblecenie-produkty\/"},{"@type":"ListItem","position":3,"name":"D\u00e1mske oble\u010denie 2-set SIGHRITH kr\u00e9movo-vanilkov\u00fd"}]},{"@type":"WebSite","@id":"https:\/\/www.tattja.com\/#website","url":"https:\/\/www.tattja.com\/","name":"TATTJA","description":"D\u00e1mske oble\u010denie z extra jemnej merino vlny \u2014 ru\u010dne pleten\u00e9 na Slovensku","potentialAction":[{"@type":"SearchAction","target":{"@type":"EntryPoint","urlTemplate":"https:\/\/www.tattja.com\/?s={search_term_string}"},"query-input":{"@type":"PropertyValueSpecification","valueRequired":true,"valueName":"search_term_string"}}],"inLanguage":"de"}]}},"_links":{"self":[{"href":"https:\/\/www.tattja.com\/de\/wp-json\/wp\/v2\/product\/1803","targetHints":{"allow":["GET"]}}],"collection":[{"href":"https:\/\/www.tattja.com\/de\/wp-json\/wp\/v2\/product"}],"about":[{"href":"https:\/\/www.tattja.com\/de\/wp-json\/wp\/v2\/types\/product"}],"replies":[{"embeddable":true,"href":"https:\/\/www.tattja.com\/de\/wp-json\/wp\/v2\/comments?post=1803"}],"version-history":[{"count":6,"href":"https:\/\/www.tattja.com\/de\/wp-json\/wp\/v2\/product\/1803\/revisions"}],"predecessor-version":[{"id":7281,"href":"https:\/\/www.tattja.com\/de\/wp-json\/wp\/v2\/product\/1803\/revisions\/7281"}],"wp:featuredmedia":[{"embeddable":true,"href":"https:\/\/www.tattja.com\/de\/wp-json\/wp\/v2\/media\/2342"}],"wp:attachment":[{"href":"https:\/\/www.tattja.com\/de\/wp-json\/wp\/v2\/media?parent=1803"}],"wp:term":[{"taxonomy":"product_brand","embeddable":true,"href":"https:\/\/www.tattja.com\/de\/wp-json\/wp\/v2\/product_brand?post=1803"},{"taxonomy":"product_cat","embeddable":true,"href":"https:\/\/www.tattja.com\/de\/wp-json\/wp\/v2\/product_cat?post=1803"},{"taxonomy":"product_tag","embeddable":true,"href":"https:\/\/www.tattja.com\/de\/wp-json\/wp\/v2\/product_tag?post=1803"}],"curies":[{"name":"wp","href":"https:\/\/api.w.org\/{rel}","templated":true}]}}