{"id":1819,"date":"2025-07-29T08:20:45","date_gmt":"2025-07-29T06:20:45","guid":{"rendered":"https:\/\/www.tattja.com\/?post_type=product&#038;p=1819"},"modified":"2026-04-05T19:45:08","modified_gmt":"2026-04-05T17:45:08","slug":"damske-oblecenie-stvorset-tattja-kremovo-vanilkovy","status":"publish","type":"product","link":"https:\/\/www.tattja.com\/de\/product\/damske-oblecenie-stvorset-tattja-kremovo-vanilkovy\/","title":{"rendered":"D\u00e1mske oble\u010denie 4-set TATTJA kr\u00e9movo-vanilkov\u00fd"},"content":{"rendered":"<p data-start=\"1167\" data-end=\"1516\"><strong data-start=\"1167\" data-end=\"1223\">Damenbekleidung - Vierteilig TATTJA creme-vanille<\/strong> ist ein elegantes Strickset, das Weichheit, Komfort und feminine Eleganz verk\u00f6rpert. Dieses vierteilige Set besteht aus vier perfekt aufeinander abgestimmten Teilen - einer M\u00fctze, einem Halsw\u00e4rmer, \u00c4rmeln und einem Shrug. Zusammen ergeben sie ein harmonisches Outfit, das die weibliche Silhouette betont und an kalten Tagen angenehm w\u00e4rmt.<\/p>\n<p data-start=\"1518\" data-end=\"1809\">Das Halstuch wird als eleganter Schal getragen, der die Schultern weich umh\u00fcllt und jeder Bewegung Raffinesse verleiht. Der Kragen akzentuiert die Taille und verleiht dem K\u00f6rper Stabilit\u00e4t und Anmut. Die \u00c4rmel verl\u00e4ngern die Linien der Arme und verleihen dem Outfit einen modernen Touch. Die M\u00fctze rundet das Ganze mit einer dezenten Silhouette ab und verleiht einen besonderen Charme.<\/p>\n<p data-start=\"1811\" data-end=\"2097\"><strong data-start=\"1811\" data-end=\"1839\">Cremig-vanilliger Farbton<\/strong> symbolisiert Reinheit, Heiterkeit und zeitlose Eleganz. Es zeichnet sich durch seine Vielseitigkeit aus - es passt zu jedem Stil und Anlass. Dieses Vierblatt passt perfekt in die Winter- und Fr\u00fchlingsgarderobe und verwandelt mit seiner Zartheit allt\u00e4gliche Momente in einen \u00e4sthetischen Genuss.<\/p>\n<p data-start=\"2099\" data-end=\"2283\">Produktion von <strong>MERINO-Wolle <\/strong>garantiert Weichheit, Atmungsaktivit\u00e4t und ein warmes Gef\u00fchl den ganzen Tag lang. Dank der hochwertigen Verarbeitung beh\u00e4lt jedes Teil seine Form, Elastizit\u00e4t und angenehme Textur.<\/p>\n<p data-start=\"2285\" data-end=\"2508\"><strong data-start=\"2285\" data-end=\"2312\">Vierteiliges TATTJA f\u00fcr Frauen creme-vanille<\/strong> wurde f\u00fcr die Frau entworfen, die Details, Komfort und Raffinesse in einem zu sch\u00e4tzen wei\u00df. Dieses vierteilige Set ist mehr als nur ein Accessoire - es ist eine Erfahrung von Einfachheit, Luxus und Weiblichkeit, die Sie bei jeder Bewegung sp\u00fcren.<\/p>\n<p data-start=\"2285\" data-end=\"2508\">Entdecken Sie die Sch\u00f6nheit der Zartheit, die raffinierten Details und den femininen Stil, der Sie erw\u00e4rmen wird und <a href=\"https:\/\/www.tattja.com\/de\/product-category\/produkty\/stvorset\/\">in anderen Farben<\/a>.<\/p>\n<p data-start=\"2510\" data-end=\"2651\"><strong data-start=\"2510\" data-end=\"2567\">Siehe, <a href=\"https:\/\/shop.bogensberger.co.at\/produkt-schlagwort\/merino-extrafein\/\">aus welchen Materialien<\/a> unsere St\u00fccke werden hergestellt<\/strong> - entdecken Sie die Herkunft, die Qualit\u00e4t und das Gef\u00fchl der Naturfasern, die TATTJA einzigartig machen.<\/p>","protected":false},"excerpt":{"rendered":"<p><strong data-start=\"847\" data-end=\"903\">Vierteiliges TATTJA f\u00fcr Frauen creme-vanille<\/strong> kombiniert Raffinesse, Eleganz und Komfort. Vier aufeinander abgestimmte Teile - M\u00fctze, Halstuch, Armb\u00e4nder und Shrug - ergeben das perfekte Outfit f\u00fcr eine Frau, die Nat\u00fcrlichkeit, Raffinesse und zeitlosen Stil liebt.<\/p>","protected":false},"featured_media":2363,"comment_status":"open","ping_status":"closed","template":"","meta":[],"product_brand":[],"product_cat":[296,300,297,137,138],"product_tag":[],"class_list":{"0":"post-1819","1":"product","2":"type-product","3":"status-publish","4":"has-post-thumbnail","6":"product_cat-stvorset","7":"product_cat-damske-oblecenie","8":"product_cat-nakrcnik-a-driekovnik-a-rukavniky-a-ciapka","9":"product_cat-pleteninove-doplnky-kremovo-vanilkove","10":"product_cat-stvorset-kremovo-vanilkovy","12":"first","13":"instock","14":"taxable","15":"shipping-taxable","16":"purchasable","17":"product-type-simple"},"yoast_head":"<!-- This site is optimized with the Yoast SEO plugin v26.0 - https:\/\/yoast.com\/wordpress\/plugins\/seo\/ -->\n<title>D\u00e1mske oble\u010denie 4-set TATTJA kr\u00e9movo-vanilkov\u00fd - TATTJA<\/title>\n<meta name=\"description\" content=\"D\u00e1mske oble\u010denie \u0161tvorset TATTJA kr\u00e9movo-vanilkov\u00fd je elegantn\u00fd pleten\u00fd komplet s \u010diapkou, n\u00e1kr\u010dn\u00edkom a ruk\u00e1vnikmi. Jemnos\u0165, teplo a noblesa v jednom sete.\" \/>\n<meta name=\"robots\" content=\"index, follow, max-snippet:-1, max-image-preview:large, max-video-preview:-1\" \/>\n<link rel=\"canonical\" href=\"https:\/\/www.tattja.com\/de\/product\/damske-oblecenie-stvorset-tattja-kremovo-vanilkovy\/\" \/>\n<meta property=\"og:locale\" content=\"de_DE\" \/>\n<meta property=\"og:type\" content=\"article\" \/>\n<meta property=\"og:title\" content=\"D\u00e1mske oble\u010denie 4-set TATTJA kr\u00e9movo-vanilkov\u00fd - TATTJA\" \/>\n<meta property=\"og:description\" content=\"D\u00e1mske oble\u010denie \u0161tvorset TATTJA kr\u00e9movo-vanilkov\u00fd je elegantn\u00fd pleten\u00fd komplet s \u010diapkou, n\u00e1kr\u010dn\u00edkom a ruk\u00e1vnikmi. Jemnos\u0165, teplo a noblesa v jednom sete.\" \/>\n<meta property=\"og:url\" content=\"https:\/\/www.tattja.com\/de\/product\/damske-oblecenie-stvorset-tattja-kremovo-vanilkovy\/\" \/>\n<meta property=\"og:site_name\" content=\"TATTJA\" \/>\n<meta property=\"article:modified_time\" content=\"2026-04-05T17:45:08+00:00\" \/>\n<meta property=\"og:image\" content=\"https:\/\/www.tattja.com\/wp-content\/uploads\/2025\/09\/kremovo-vanilkovy-stvorset-nakrcnik-driekovnik-rukavniky-ciapka-spredu-10-2.webp\" \/>\n\t<meta property=\"og:image:width\" content=\"1365\" \/>\n\t<meta property=\"og:image:height\" content=\"2048\" \/>\n\t<meta property=\"og:image:type\" content=\"image\/webp\" \/>\n<meta name=\"twitter:card\" content=\"summary_large_image\" \/>\n<meta name=\"twitter:label1\" content=\"Gesch\u00e4tzte Lesezeit\" \/>\n\t<meta name=\"twitter:data1\" content=\"2\u00a0Minuten\" \/>\n<script type=\"application\/ld+json\" class=\"yoast-schema-graph\">{\"@context\":\"https:\/\/schema.org\",\"@graph\":[{\"@type\":\"WebPage\",\"@id\":\"https:\/\/www.tattja.com\/product\/damske-oblecenie-stvorset-tattja-kremovo-vanilkovy\/\",\"url\":\"https:\/\/www.tattja.com\/product\/damske-oblecenie-stvorset-tattja-kremovo-vanilkovy\/\",\"name\":\"D\u00e1mske oble\u010denie 4-set TATTJA kr\u00e9movo-vanilkov\u00fd - TATTJA\",\"isPartOf\":{\"@id\":\"https:\/\/www.tattja.com\/#website\"},\"primaryImageOfPage\":{\"@id\":\"https:\/\/www.tattja.com\/product\/damske-oblecenie-stvorset-tattja-kremovo-vanilkovy\/#primaryimage\"},\"image\":{\"@id\":\"https:\/\/www.tattja.com\/product\/damske-oblecenie-stvorset-tattja-kremovo-vanilkovy\/#primaryimage\"},\"thumbnailUrl\":\"https:\/\/www.tattja.com\/wp-content\/uploads\/2025\/09\/kremovo-vanilkovy-stvorset-nakrcnik-driekovnik-rukavniky-ciapka-spredu-10-2.webp\",\"datePublished\":\"2025-07-29T06:20:45+00:00\",\"dateModified\":\"2026-04-05T17:45:08+00:00\",\"description\":\"D\u00e1mske oble\u010denie \u0161tvorset TATTJA kr\u00e9movo-vanilkov\u00fd je elegantn\u00fd pleten\u00fd komplet s \u010diapkou, n\u00e1kr\u010dn\u00edkom a ruk\u00e1vnikmi. Jemnos\u0165, teplo a noblesa v jednom sete.\",\"breadcrumb\":{\"@id\":\"https:\/\/www.tattja.com\/product\/damske-oblecenie-stvorset-tattja-kremovo-vanilkovy\/#breadcrumb\"},\"inLanguage\":\"de\",\"potentialAction\":[{\"@type\":\"ReadAction\",\"target\":[\"https:\/\/www.tattja.com\/product\/damske-oblecenie-stvorset-tattja-kremovo-vanilkovy\/\"]}]},{\"@type\":\"ImageObject\",\"inLanguage\":\"de\",\"@id\":\"https:\/\/www.tattja.com\/product\/damske-oblecenie-stvorset-tattja-kremovo-vanilkovy\/#primaryimage\",\"url\":\"https:\/\/www.tattja.com\/wp-content\/uploads\/2025\/09\/kremovo-vanilkovy-stvorset-nakrcnik-driekovnik-rukavniky-ciapka-spredu-10-2.webp\",\"contentUrl\":\"https:\/\/www.tattja.com\/wp-content\/uploads\/2025\/09\/kremovo-vanilkovy-stvorset-nakrcnik-driekovnik-rukavniky-ciapka-spredu-10-2.webp\",\"width\":1365,\"height\":2048,\"caption\":\"\u0160tvorset TATTJA \u010diapka + n\u00e1kr\u010dn\u00edk + driekovn\u00edk + ruk\u00e1vniky v kr\u00e9movo-vanilkovej \u2013 predn\u00fd poh\u013ead\"},{\"@type\":\"BreadcrumbList\",\"@id\":\"https:\/\/www.tattja.com\/product\/damske-oblecenie-stvorset-tattja-kremovo-vanilkovy\/#breadcrumb\",\"itemListElement\":[{\"@type\":\"ListItem\",\"position\":1,\"name\":\"Domov\",\"item\":\"https:\/\/www.tattja.com\/\"},{\"@type\":\"ListItem\",\"position\":2,\"name\":\"Produkty\",\"item\":\"https:\/\/www.tattja.com\/damske-oblecenie-produkty\/\"},{\"@type\":\"ListItem\",\"position\":3,\"name\":\"D\u00e1mske oble\u010denie 4-set TATTJA kr\u00e9movo-vanilkov\u00fd\"}]},{\"@type\":\"WebSite\",\"@id\":\"https:\/\/www.tattja.com\/#website\",\"url\":\"https:\/\/www.tattja.com\/\",\"name\":\"TATTJA\",\"description\":\"D\u00e1mske oble\u010denie z extra jemnej merino vlny \u2014 ru\u010dne pleten\u00e9 na Slovensku\",\"potentialAction\":[{\"@type\":\"SearchAction\",\"target\":{\"@type\":\"EntryPoint\",\"urlTemplate\":\"https:\/\/www.tattja.com\/?s={search_term_string}\"},\"query-input\":{\"@type\":\"PropertyValueSpecification\",\"valueRequired\":true,\"valueName\":\"search_term_string\"}}],\"inLanguage\":\"de\"}]}<\/script>\n<!-- \/ Yoast SEO plugin. -->","yoast_head_json":{"title":"D\u00e1mske oble\u010denie 4-set TATTJA kr\u00e9movo-vanilkov\u00fd - TATTJA","description":"D\u00e1mske oble\u010denie \u0161tvorset TATTJA kr\u00e9movo-vanilkov\u00fd je elegantn\u00fd pleten\u00fd komplet s \u010diapkou, n\u00e1kr\u010dn\u00edkom a ruk\u00e1vnikmi. Jemnos\u0165, teplo a noblesa v jednom sete.","robots":{"index":"index","follow":"follow","max-snippet":"max-snippet:-1","max-image-preview":"max-image-preview:large","max-video-preview":"max-video-preview:-1"},"canonical":"https:\/\/www.tattja.com\/de\/product\/damske-oblecenie-stvorset-tattja-kremovo-vanilkovy\/","og_locale":"de_DE","og_type":"article","og_title":"D\u00e1mske oble\u010denie 4-set TATTJA kr\u00e9movo-vanilkov\u00fd - TATTJA","og_description":"D\u00e1mske oble\u010denie \u0161tvorset TATTJA kr\u00e9movo-vanilkov\u00fd je elegantn\u00fd pleten\u00fd komplet s \u010diapkou, n\u00e1kr\u010dn\u00edkom a ruk\u00e1vnikmi. Jemnos\u0165, teplo a noblesa v jednom sete.","og_url":"https:\/\/www.tattja.com\/de\/product\/damske-oblecenie-stvorset-tattja-kremovo-vanilkovy\/","og_site_name":"TATTJA","article_modified_time":"2026-04-05T17:45:08+00:00","og_image":[{"width":1365,"height":2048,"url":"https:\/\/www.tattja.com\/wp-content\/uploads\/2025\/09\/kremovo-vanilkovy-stvorset-nakrcnik-driekovnik-rukavniky-ciapka-spredu-10-2.webp","type":"image\/webp"}],"twitter_card":"summary_large_image","twitter_misc":{"Gesch\u00e4tzte Lesezeit":"2\u00a0Minuten"},"schema":{"@context":"https:\/\/schema.org","@graph":[{"@type":"WebPage","@id":"https:\/\/www.tattja.com\/product\/damske-oblecenie-stvorset-tattja-kremovo-vanilkovy\/","url":"https:\/\/www.tattja.com\/product\/damske-oblecenie-stvorset-tattja-kremovo-vanilkovy\/","name":"D\u00e1mske oble\u010denie 4-set TATTJA kr\u00e9movo-vanilkov\u00fd - TATTJA","isPartOf":{"@id":"https:\/\/www.tattja.com\/#website"},"primaryImageOfPage":{"@id":"https:\/\/www.tattja.com\/product\/damske-oblecenie-stvorset-tattja-kremovo-vanilkovy\/#primaryimage"},"image":{"@id":"https:\/\/www.tattja.com\/product\/damske-oblecenie-stvorset-tattja-kremovo-vanilkovy\/#primaryimage"},"thumbnailUrl":"https:\/\/www.tattja.com\/wp-content\/uploads\/2025\/09\/kremovo-vanilkovy-stvorset-nakrcnik-driekovnik-rukavniky-ciapka-spredu-10-2.webp","datePublished":"2025-07-29T06:20:45+00:00","dateModified":"2026-04-05T17:45:08+00:00","description":"D\u00e1mske oble\u010denie \u0161tvorset TATTJA kr\u00e9movo-vanilkov\u00fd je elegantn\u00fd pleten\u00fd komplet s \u010diapkou, n\u00e1kr\u010dn\u00edkom a ruk\u00e1vnikmi. Jemnos\u0165, teplo a noblesa v jednom sete.","breadcrumb":{"@id":"https:\/\/www.tattja.com\/product\/damske-oblecenie-stvorset-tattja-kremovo-vanilkovy\/#breadcrumb"},"inLanguage":"de","potentialAction":[{"@type":"ReadAction","target":["https:\/\/www.tattja.com\/product\/damske-oblecenie-stvorset-tattja-kremovo-vanilkovy\/"]}]},{"@type":"ImageObject","inLanguage":"de","@id":"https:\/\/www.tattja.com\/product\/damske-oblecenie-stvorset-tattja-kremovo-vanilkovy\/#primaryimage","url":"https:\/\/www.tattja.com\/wp-content\/uploads\/2025\/09\/kremovo-vanilkovy-stvorset-nakrcnik-driekovnik-rukavniky-ciapka-spredu-10-2.webp","contentUrl":"https:\/\/www.tattja.com\/wp-content\/uploads\/2025\/09\/kremovo-vanilkovy-stvorset-nakrcnik-driekovnik-rukavniky-ciapka-spredu-10-2.webp","width":1365,"height":2048,"caption":"\u0160tvorset TATTJA \u010diapka + n\u00e1kr\u010dn\u00edk + driekovn\u00edk + ruk\u00e1vniky v kr\u00e9movo-vanilkovej \u2013 predn\u00fd poh\u013ead"},{"@type":"BreadcrumbList","@id":"https:\/\/www.tattja.com\/product\/damske-oblecenie-stvorset-tattja-kremovo-vanilkovy\/#breadcrumb","itemListElement":[{"@type":"ListItem","position":1,"name":"Domov","item":"https:\/\/www.tattja.com\/"},{"@type":"ListItem","position":2,"name":"Produkty","item":"https:\/\/www.tattja.com\/damske-oblecenie-produkty\/"},{"@type":"ListItem","position":3,"name":"D\u00e1mske oble\u010denie 4-set TATTJA kr\u00e9movo-vanilkov\u00fd"}]},{"@type":"WebSite","@id":"https:\/\/www.tattja.com\/#website","url":"https:\/\/www.tattja.com\/","name":"TATTJA","description":"D\u00e1mske oble\u010denie z extra jemnej merino vlny \u2014 ru\u010dne pleten\u00e9 na Slovensku","potentialAction":[{"@type":"SearchAction","target":{"@type":"EntryPoint","urlTemplate":"https:\/\/www.tattja.com\/?s={search_term_string}"},"query-input":{"@type":"PropertyValueSpecification","valueRequired":true,"valueName":"search_term_string"}}],"inLanguage":"de"}]}},"_links":{"self":[{"href":"https:\/\/www.tattja.com\/de\/wp-json\/wp\/v2\/product\/1819","targetHints":{"allow":["GET"]}}],"collection":[{"href":"https:\/\/www.tattja.com\/de\/wp-json\/wp\/v2\/product"}],"about":[{"href":"https:\/\/www.tattja.com\/de\/wp-json\/wp\/v2\/types\/product"}],"replies":[{"embeddable":true,"href":"https:\/\/www.tattja.com\/de\/wp-json\/wp\/v2\/comments?post=1819"}],"version-history":[{"count":6,"href":"https:\/\/www.tattja.com\/de\/wp-json\/wp\/v2\/product\/1819\/revisions"}],"predecessor-version":[{"id":7273,"href":"https:\/\/www.tattja.com\/de\/wp-json\/wp\/v2\/product\/1819\/revisions\/7273"}],"wp:featuredmedia":[{"embeddable":true,"href":"https:\/\/www.tattja.com\/de\/wp-json\/wp\/v2\/media\/2363"}],"wp:attachment":[{"href":"https:\/\/www.tattja.com\/de\/wp-json\/wp\/v2\/media?parent=1819"}],"wp:term":[{"taxonomy":"product_brand","embeddable":true,"href":"https:\/\/www.tattja.com\/de\/wp-json\/wp\/v2\/product_brand?post=1819"},{"taxonomy":"product_cat","embeddable":true,"href":"https:\/\/www.tattja.com\/de\/wp-json\/wp\/v2\/product_cat?post=1819"},{"taxonomy":"product_tag","embeddable":true,"href":"https:\/\/www.tattja.com\/de\/wp-json\/wp\/v2\/product_tag?post=1819"}],"curies":[{"name":"wp","href":"https:\/\/api.w.org\/{rel}","templated":true}]}}