{"id":1824,"date":"2025-08-06T07:25:38","date_gmt":"2025-08-06T05:25:38","guid":{"rendered":"https:\/\/www.tattja.com\/?post_type=product&#038;p=1824"},"modified":"2026-04-05T19:45:08","modified_gmt":"2026-04-05T17:45:08","slug":"damske-oblecenie-ciapka-anja-horcicovo-zlta","status":"publish","type":"product","link":"https:\/\/www.tattja.com\/de\/product\/damske-oblecenie-ciapka-anja-horcicovo-zlta\/","title":{"rendered":"Damenbekleidung M\u00fctze ANJA senfgelb"},"content":{"rendered":"<p data-start=\"922\" data-end=\"1197\"><strong data-start=\"922\" data-end=\"969\">Damenbekleidung M\u00fctze ANJA senfgelb<\/strong> ist eine Kombination aus Eleganz, Komfort und Energieausstrahlung. Diese au\u00dfergew\u00f6hnliche Erg\u00e4nzung der Kollektion <strong data-start=\"1059\" data-end=\"1069\">TATTJA<\/strong> bringt Frische, Optimismus und Selbstvertrauen in Ihr Alltagsoutfit. Es ist ideal f\u00fcr Frauen, die Stil, Qualit\u00e4t und Details lieben.<\/p>\n<p data-start=\"1199\" data-end=\"1473\">Der senfgelbe Farbton symbolisiert W\u00e4rme, Freude und kreative Energie. Er kann selbst ein minimalistisches Outfit aufhellen und ihm einen Hauch von Originalit\u00e4t verleihen. Dank dieses leuchtenden Tons wirkt die M\u00fctze unverwechselbar und dennoch harmonisch - sie passt sowohl zu hellen als auch zu dunklen Kleidungsfarben perfekt.<\/p>\n<p data-start=\"1475\" data-end=\"1750\">Das feine Gestrick schmiegt sich weich und bequem um den Kopf und sorgt f\u00fcr ein w\u00e4rmendes Gef\u00fchl an k\u00e4lteren Tagen. Die weiche Textur passt sich der Kopfform an und beh\u00e4lt dabei ihre Form und ihren weichen Glanz. Die pr\u00e4zise Verarbeitung garantiert eine lange Lebensdauer und die typische Qualit\u00e4t der Marke <strong data-start=\"1737\" data-end=\"1747\">TATTJA<\/strong>.<\/p>\n<p data-start=\"1752\" data-end=\"1962\">Die moderne Silhouette verleiht der M\u00fctze sowohl Funktionalit\u00e4t als auch urbanes Flair. Sie sch\u00fctzt die Augen vor Wind oder Sonne und unterstreicht gleichzeitig die weiblichen Z\u00fcge. Es ist ein Detail, das Funktionalit\u00e4t mit Eleganz verbindet und dem Outfit einen unverwechselbaren Charakter verleiht.<\/p>\n<p data-start=\"1964\" data-end=\"2258\"><strong data-start=\"1964\" data-end=\"1994\">Damenbekleidung M\u00fctze ANJA senfgelb<\/strong> als Accessoire, um die Individualit\u00e4t zu unterstreichen und eine Dosis Energie und Licht in jeden Tag zu bringen. In Kombination mit anderen St\u00fccken aus der Kollektion <strong data-start=\"2160\" data-end=\"2170\">TATTJA<\/strong> - Mit Shrug, Muff oder Neckwarmer - es entsteht ein harmonisches und raffiniertes Ganzes.<\/p>\n<p data-start=\"2260\" data-end=\"2365\">Entdecken Sie die Sch\u00f6nheit der Zartheit, die raffinierten Details und den femininen Stil, der Sie warm h\u00e4lt und <a href=\"https:\/\/www.tattja.com\/de\/product-category\/damske-oblecenie\/doplnky-jednotlivo\/ciapky\/\">in anderen Farben.<\/a><\/p>\n<p data-start=\"2367\" data-end=\"2490\"><strong data-start=\"2367\" data-end=\"2421\">Siehe, <a href=\"https:\/\/shop.bogensberger.co.at\/produkt-schlagwort\/merino-extrafein\/\">aus welchen Materialien<\/a> wir produzieren unsere St\u00fccke<\/strong> und g\u00f6nnen Sie sich unvergleichlichen Komfort, der bei jedem Tragen hervorsticht.<\/p>","protected":false},"excerpt":{"rendered":"<p><strong data-start=\"724\" data-end=\"771\">Damenbekleidung M\u00fctze ANJA senfgelb<\/strong> - Luxuri\u00f6ser Strick, leuchtender Farbton und pr\u00e4zises Design, das Ihrem Stil Optimismus, W\u00e4rme und Raffinesse verleiht.<\/p>","protected":false},"featured_media":7522,"comment_status":"open","ping_status":"closed","template":"","meta":[],"product_brand":[],"product_cat":[192,282,300,263,298,185],"product_tag":[],"class_list":{"0":"post-1824","1":"product","2":"type-product","3":"status-publish","4":"has-post-thumbnail","6":"product_cat-ciapka-horcicovo-zlta","7":"product_cat-ciapky","8":"product_cat-damske-oblecenie","9":"product_cat-jednotlive-doplnky-horcicovo-zlte","10":"product_cat-doplnky-jednotlivo","11":"product_cat-pleteninove-doplnky-horcicovo-zlte","13":"first","14":"instock","15":"taxable","16":"shipping-taxable","17":"purchasable","18":"product-type-simple"},"yoast_head":"<!-- This site is optimized with the Yoast SEO plugin v26.0 - https:\/\/yoast.com\/wordpress\/plugins\/seo\/ -->\n<title>D\u00e1mske oble\u010denie \u010diapka ANJA hor\u010dicovo-\u017elt\u00e1 - TATTJA<\/title>\n<meta name=\"description\" content=\"D\u00e1mske oble\u010denie \u010diapka ANJA hor\u010dicovo-\u017elt\u00e1 \u2013 hrejiv\u00e1 elegancia, jemn\u00e1 pletenina a \u017eiariv\u00fd odtie\u0148 pre \u017eeny, ktor\u00e9 miluj\u00fa \u0161t\u00fdl a pohodlie.\" \/>\n<meta name=\"robots\" content=\"index, follow, max-snippet:-1, max-image-preview:large, max-video-preview:-1\" \/>\n<link rel=\"canonical\" href=\"https:\/\/www.tattja.com\/de\/product\/damske-oblecenie-ciapka-anja-horcicovo-zlta\/\" \/>\n<meta property=\"og:locale\" content=\"de_DE\" \/>\n<meta property=\"og:type\" content=\"article\" \/>\n<meta property=\"og:title\" content=\"D\u00e1mske oble\u010denie \u010diapka ANJA hor\u010dicovo-\u017elt\u00e1 - TATTJA\" \/>\n<meta property=\"og:description\" content=\"D\u00e1mske oble\u010denie \u010diapka ANJA hor\u010dicovo-\u017elt\u00e1 \u2013 hrejiv\u00e1 elegancia, jemn\u00e1 pletenina a \u017eiariv\u00fd odtie\u0148 pre \u017eeny, ktor\u00e9 miluj\u00fa \u0161t\u00fdl a pohodlie.\" \/>\n<meta property=\"og:url\" content=\"https:\/\/www.tattja.com\/de\/product\/damske-oblecenie-ciapka-anja-horcicovo-zlta\/\" \/>\n<meta property=\"og:site_name\" content=\"TATTJA\" \/>\n<meta property=\"article:modified_time\" content=\"2026-04-05T17:45:08+00:00\" \/>\n<meta property=\"og:image\" content=\"https:\/\/www.tattja.com\/wp-content\/uploads\/2026\/01\/horcicovo-zlty-ciapka-spredu-43.webp\" \/>\n\t<meta property=\"og:image:width\" content=\"1365\" \/>\n\t<meta property=\"og:image:height\" content=\"2048\" \/>\n\t<meta property=\"og:image:type\" content=\"image\/webp\" \/>\n<meta name=\"twitter:card\" content=\"summary_large_image\" \/>\n<meta name=\"twitter:label1\" content=\"Gesch\u00e4tzte Lesezeit\" \/>\n\t<meta name=\"twitter:data1\" content=\"2\u00a0Minuten\" \/>\n<script type=\"application\/ld+json\" class=\"yoast-schema-graph\">{\"@context\":\"https:\/\/schema.org\",\"@graph\":[{\"@type\":\"WebPage\",\"@id\":\"https:\/\/www.tattja.com\/product\/damske-oblecenie-ciapka-anja-horcicovo-zlta\/\",\"url\":\"https:\/\/www.tattja.com\/product\/damske-oblecenie-ciapka-anja-horcicovo-zlta\/\",\"name\":\"D\u00e1mske oble\u010denie \u010diapka ANJA hor\u010dicovo-\u017elt\u00e1 - TATTJA\",\"isPartOf\":{\"@id\":\"https:\/\/www.tattja.com\/#website\"},\"primaryImageOfPage\":{\"@id\":\"https:\/\/www.tattja.com\/product\/damske-oblecenie-ciapka-anja-horcicovo-zlta\/#primaryimage\"},\"image\":{\"@id\":\"https:\/\/www.tattja.com\/product\/damske-oblecenie-ciapka-anja-horcicovo-zlta\/#primaryimage\"},\"thumbnailUrl\":\"https:\/\/www.tattja.com\/wp-content\/uploads\/2026\/01\/horcicovo-zlty-ciapka-spredu-43.webp\",\"datePublished\":\"2025-08-06T05:25:38+00:00\",\"dateModified\":\"2026-04-05T17:45:08+00:00\",\"description\":\"D\u00e1mske oble\u010denie \u010diapka ANJA hor\u010dicovo-\u017elt\u00e1 \u2013 hrejiv\u00e1 elegancia, jemn\u00e1 pletenina a \u017eiariv\u00fd odtie\u0148 pre \u017eeny, ktor\u00e9 miluj\u00fa \u0161t\u00fdl a pohodlie.\",\"breadcrumb\":{\"@id\":\"https:\/\/www.tattja.com\/product\/damske-oblecenie-ciapka-anja-horcicovo-zlta\/#breadcrumb\"},\"inLanguage\":\"de\",\"potentialAction\":[{\"@type\":\"ReadAction\",\"target\":[\"https:\/\/www.tattja.com\/product\/damske-oblecenie-ciapka-anja-horcicovo-zlta\/\"]}]},{\"@type\":\"ImageObject\",\"inLanguage\":\"de\",\"@id\":\"https:\/\/www.tattja.com\/product\/damske-oblecenie-ciapka-anja-horcicovo-zlta\/#primaryimage\",\"url\":\"https:\/\/www.tattja.com\/wp-content\/uploads\/2026\/01\/horcicovo-zlty-ciapka-spredu-43.webp\",\"contentUrl\":\"https:\/\/www.tattja.com\/wp-content\/uploads\/2026\/01\/horcicovo-zlty-ciapka-spredu-43.webp\",\"width\":1365,\"height\":2048,\"caption\":\"Elegantn\u00e1 pleten\u00e1 \u010diapka ANJA v hor\u010dicovo-\u017eltom odtieni \u2013 TATTJA\"},{\"@type\":\"BreadcrumbList\",\"@id\":\"https:\/\/www.tattja.com\/product\/damske-oblecenie-ciapka-anja-horcicovo-zlta\/#breadcrumb\",\"itemListElement\":[{\"@type\":\"ListItem\",\"position\":1,\"name\":\"Domov\",\"item\":\"https:\/\/www.tattja.com\/\"},{\"@type\":\"ListItem\",\"position\":2,\"name\":\"Produkty\",\"item\":\"https:\/\/www.tattja.com\/damske-oblecenie-produkty\/\"},{\"@type\":\"ListItem\",\"position\":3,\"name\":\"D\u00e1mske oble\u010denie \u010diapka ANJA hor\u010dicovo-\u017elt\u00e1\"}]},{\"@type\":\"WebSite\",\"@id\":\"https:\/\/www.tattja.com\/#website\",\"url\":\"https:\/\/www.tattja.com\/\",\"name\":\"TATTJA\",\"description\":\"D\u00e1mske oble\u010denie z extra jemnej merino vlny \u2014 ru\u010dne pleten\u00e9 na Slovensku\",\"potentialAction\":[{\"@type\":\"SearchAction\",\"target\":{\"@type\":\"EntryPoint\",\"urlTemplate\":\"https:\/\/www.tattja.com\/?s={search_term_string}\"},\"query-input\":{\"@type\":\"PropertyValueSpecification\",\"valueRequired\":true,\"valueName\":\"search_term_string\"}}],\"inLanguage\":\"de\"}]}<\/script>\n<!-- \/ Yoast SEO plugin. -->","yoast_head_json":{"title":"D\u00e1mske oble\u010denie \u010diapka ANJA hor\u010dicovo-\u017elt\u00e1 - TATTJA","description":"D\u00e1mske oble\u010denie \u010diapka ANJA hor\u010dicovo-\u017elt\u00e1 \u2013 hrejiv\u00e1 elegancia, jemn\u00e1 pletenina a \u017eiariv\u00fd odtie\u0148 pre \u017eeny, ktor\u00e9 miluj\u00fa \u0161t\u00fdl a pohodlie.","robots":{"index":"index","follow":"follow","max-snippet":"max-snippet:-1","max-image-preview":"max-image-preview:large","max-video-preview":"max-video-preview:-1"},"canonical":"https:\/\/www.tattja.com\/de\/product\/damske-oblecenie-ciapka-anja-horcicovo-zlta\/","og_locale":"de_DE","og_type":"article","og_title":"D\u00e1mske oble\u010denie \u010diapka ANJA hor\u010dicovo-\u017elt\u00e1 - TATTJA","og_description":"D\u00e1mske oble\u010denie \u010diapka ANJA hor\u010dicovo-\u017elt\u00e1 \u2013 hrejiv\u00e1 elegancia, jemn\u00e1 pletenina a \u017eiariv\u00fd odtie\u0148 pre \u017eeny, ktor\u00e9 miluj\u00fa \u0161t\u00fdl a pohodlie.","og_url":"https:\/\/www.tattja.com\/de\/product\/damske-oblecenie-ciapka-anja-horcicovo-zlta\/","og_site_name":"TATTJA","article_modified_time":"2026-04-05T17:45:08+00:00","og_image":[{"width":1365,"height":2048,"url":"https:\/\/www.tattja.com\/wp-content\/uploads\/2026\/01\/horcicovo-zlty-ciapka-spredu-43.webp","type":"image\/webp"}],"twitter_card":"summary_large_image","twitter_misc":{"Gesch\u00e4tzte Lesezeit":"2\u00a0Minuten"},"schema":{"@context":"https:\/\/schema.org","@graph":[{"@type":"WebPage","@id":"https:\/\/www.tattja.com\/product\/damske-oblecenie-ciapka-anja-horcicovo-zlta\/","url":"https:\/\/www.tattja.com\/product\/damske-oblecenie-ciapka-anja-horcicovo-zlta\/","name":"D\u00e1mske oble\u010denie \u010diapka ANJA hor\u010dicovo-\u017elt\u00e1 - TATTJA","isPartOf":{"@id":"https:\/\/www.tattja.com\/#website"},"primaryImageOfPage":{"@id":"https:\/\/www.tattja.com\/product\/damske-oblecenie-ciapka-anja-horcicovo-zlta\/#primaryimage"},"image":{"@id":"https:\/\/www.tattja.com\/product\/damske-oblecenie-ciapka-anja-horcicovo-zlta\/#primaryimage"},"thumbnailUrl":"https:\/\/www.tattja.com\/wp-content\/uploads\/2026\/01\/horcicovo-zlty-ciapka-spredu-43.webp","datePublished":"2025-08-06T05:25:38+00:00","dateModified":"2026-04-05T17:45:08+00:00","description":"D\u00e1mske oble\u010denie \u010diapka ANJA hor\u010dicovo-\u017elt\u00e1 \u2013 hrejiv\u00e1 elegancia, jemn\u00e1 pletenina a \u017eiariv\u00fd odtie\u0148 pre \u017eeny, ktor\u00e9 miluj\u00fa \u0161t\u00fdl a pohodlie.","breadcrumb":{"@id":"https:\/\/www.tattja.com\/product\/damske-oblecenie-ciapka-anja-horcicovo-zlta\/#breadcrumb"},"inLanguage":"de","potentialAction":[{"@type":"ReadAction","target":["https:\/\/www.tattja.com\/product\/damske-oblecenie-ciapka-anja-horcicovo-zlta\/"]}]},{"@type":"ImageObject","inLanguage":"de","@id":"https:\/\/www.tattja.com\/product\/damske-oblecenie-ciapka-anja-horcicovo-zlta\/#primaryimage","url":"https:\/\/www.tattja.com\/wp-content\/uploads\/2026\/01\/horcicovo-zlty-ciapka-spredu-43.webp","contentUrl":"https:\/\/www.tattja.com\/wp-content\/uploads\/2026\/01\/horcicovo-zlty-ciapka-spredu-43.webp","width":1365,"height":2048,"caption":"Elegantn\u00e1 pleten\u00e1 \u010diapka ANJA v hor\u010dicovo-\u017eltom odtieni \u2013 TATTJA"},{"@type":"BreadcrumbList","@id":"https:\/\/www.tattja.com\/product\/damske-oblecenie-ciapka-anja-horcicovo-zlta\/#breadcrumb","itemListElement":[{"@type":"ListItem","position":1,"name":"Domov","item":"https:\/\/www.tattja.com\/"},{"@type":"ListItem","position":2,"name":"Produkty","item":"https:\/\/www.tattja.com\/damske-oblecenie-produkty\/"},{"@type":"ListItem","position":3,"name":"D\u00e1mske oble\u010denie \u010diapka ANJA hor\u010dicovo-\u017elt\u00e1"}]},{"@type":"WebSite","@id":"https:\/\/www.tattja.com\/#website","url":"https:\/\/www.tattja.com\/","name":"TATTJA","description":"D\u00e1mske oble\u010denie z extra jemnej merino vlny \u2014 ru\u010dne pleten\u00e9 na Slovensku","potentialAction":[{"@type":"SearchAction","target":{"@type":"EntryPoint","urlTemplate":"https:\/\/www.tattja.com\/?s={search_term_string}"},"query-input":{"@type":"PropertyValueSpecification","valueRequired":true,"valueName":"search_term_string"}}],"inLanguage":"de"}]}},"_links":{"self":[{"href":"https:\/\/www.tattja.com\/de\/wp-json\/wp\/v2\/product\/1824","targetHints":{"allow":["GET"]}}],"collection":[{"href":"https:\/\/www.tattja.com\/de\/wp-json\/wp\/v2\/product"}],"about":[{"href":"https:\/\/www.tattja.com\/de\/wp-json\/wp\/v2\/types\/product"}],"replies":[{"embeddable":true,"href":"https:\/\/www.tattja.com\/de\/wp-json\/wp\/v2\/comments?post=1824"}],"version-history":[{"count":6,"href":"https:\/\/www.tattja.com\/de\/wp-json\/wp\/v2\/product\/1824\/revisions"}],"predecessor-version":[{"id":2817,"href":"https:\/\/www.tattja.com\/de\/wp-json\/wp\/v2\/product\/1824\/revisions\/2817"}],"wp:featuredmedia":[{"embeddable":true,"href":"https:\/\/www.tattja.com\/de\/wp-json\/wp\/v2\/media\/7522"}],"wp:attachment":[{"href":"https:\/\/www.tattja.com\/de\/wp-json\/wp\/v2\/media?parent=1824"}],"wp:term":[{"taxonomy":"product_brand","embeddable":true,"href":"https:\/\/www.tattja.com\/de\/wp-json\/wp\/v2\/product_brand?post=1824"},{"taxonomy":"product_cat","embeddable":true,"href":"https:\/\/www.tattja.com\/de\/wp-json\/wp\/v2\/product_cat?post=1824"},{"taxonomy":"product_tag","embeddable":true,"href":"https:\/\/www.tattja.com\/de\/wp-json\/wp\/v2\/product_tag?post=1824"}],"curies":[{"name":"wp","href":"https:\/\/api.w.org\/{rel}","templated":true}]}}