{"id":1828,"date":"2025-08-06T07:29:40","date_gmt":"2025-08-06T05:29:40","guid":{"rendered":"https:\/\/www.tattja.com\/?post_type=product&#038;p=1828"},"modified":"2026-04-05T19:45:08","modified_gmt":"2026-04-05T17:45:08","slug":"damske-oblecenie-driekovnik-natasja-horcicovo-zlty","status":"publish","type":"product","link":"https:\/\/www.tattja.com\/de\/product\/damske-oblecenie-driekovnik-natasja-horcicovo-zlty\/","title":{"rendered":"Damenbekleidung Shirt NATASJA senfgelb"},"content":{"rendered":"<p data-start=\"893\" data-end=\"1171\"><strong data-start=\"893\" data-end=\"947\">Damenbekleidung Shirt NATASJA senfgelb<\/strong> ist ein originelles Strickaccessoire, das Zweckm\u00e4\u00dfigkeit, Komfort und au\u00dfergew\u00f6hnlichen Stil vereint. Dieses elegante St\u00fcck aus der Kollektion <strong data-start=\"1064\" data-end=\"1074\">TATTJA<\/strong> umspielt sanft die Taille, bietet ein Gef\u00fchl von w\u00e4rmendem Komfort und ist gleichzeitig ein moderner Modeakzent.<\/p>\n<p data-start=\"1173\" data-end=\"1519\">Die senfgelbe Farbe strahlt Energie, Optimismus und Frische aus. Sie erinnert an die W\u00e4rme der Sonnenstrahlen, die jeden Tag erhellen. Dieser kr\u00e4ftige Farbton verleiht einem Outfit einen einzigartigen Charakter, der die Aufmerksamkeit auf sich zieht und die nat\u00fcrliche Silhouette einer Frau betont. In Kombination mit dem minimalistischen Design entsteht ein ausgewogenes Ganzes, das modern und anspruchsvoll wirkt.<\/p>\n<p data-start=\"1521\" data-end=\"1954\">Die Rippenstruktur des Gestricks schmiegt sich sanft an die Figur an und betont die grazilen Linien des K\u00f6rpers. Das Material bietet au\u00dfergew\u00f6hnliche W\u00e4rme und ist gleichzeitig atmungsaktiv und weich. Dieser Shrug kann als modisches Einzelst\u00fcck oder in Kombination mit einem Hemd, Pullover oder Mantel getragen werden. Er l\u00e4sst sich auch gut mit anderen Teilen der Kollektion kombinieren <strong data-start=\"1836\" data-end=\"1846\">TATTJA<\/strong>, wie Armb\u00e4nder, M\u00fctzen oder Halsb\u00e4nder, die zusammen ein durchdachtes Outfit mit eigenem Charakter ergeben.<\/p>\n<p data-start=\"1956\" data-end=\"2094\">Das Damenhemd NATASJA senfgelb haben wir f\u00fcr Frauen entworfen, die gerne Komfort mit Luxus verbinden. So k\u00f6nnen Sie Ihren unverwechselbaren Stil in jedem Moment zum Ausdruck bringen.<\/p>\n<p data-start=\"2096\" data-end=\"2201\">Entdecken Sie die Sch\u00f6nheit der Zartheit, die raffinierten Details und den femininen Stil, der Sie warm h\u00e4lt und <a href=\"https:\/\/www.tattja.com\/de\/product-category\/damske-oblecenie\/doplnky-jednotlivo\/driekovniky\/\">in anderen Farben.<\/a><\/p>\n<p data-start=\"2203\" data-end=\"2330\"><strong data-start=\"2203\" data-end=\"2257\">Siehe, <a href=\"https:\/\/shop.bogensberger.co.at\/produkt-schlagwort\/merino-extrafein\/\">aus welchen Materialien<\/a> wir produzieren unsere St\u00fccke<\/strong> und g\u00f6nnen Sie sich einen Hauch von Qualit\u00e4t, W\u00e4rme und Eleganz der Marke <strong data-start=\"2317\" data-end=\"2327\">TATTJA<\/strong>.<\/p>","protected":false},"excerpt":{"rendered":"<p><strong data-start=\"674\" data-end=\"728\">Damenbekleidung Shirt NATASJA senfgelb<\/strong> verbindet Funktionalit\u00e4t, Eleganz und W\u00e4rme. Er fungiert als stilvoller Akzent, der ein Outfit aufhellt und die weiblichen Linien unterstreicht.<\/p>","protected":false},"featured_media":7525,"comment_status":"open","ping_status":"closed","template":"","meta":[],"product_brand":[],"product_cat":[300,263,298,190,280,185],"product_tag":[],"class_list":{"0":"post-1828","1":"product","2":"type-product","3":"status-publish","4":"has-post-thumbnail","6":"product_cat-damske-oblecenie","7":"product_cat-jednotlive-doplnky-horcicovo-zlte","8":"product_cat-doplnky-jednotlivo","9":"product_cat-driekovnik-horcicovo-zlty","10":"product_cat-driekovniky","11":"product_cat-pleteninove-doplnky-horcicovo-zlte","13":"first","14":"instock","15":"taxable","16":"shipping-taxable","17":"purchasable","18":"product-type-simple"},"yoast_head":"<!-- This site is optimized with the Yoast SEO plugin v26.0 - https:\/\/yoast.com\/wordpress\/plugins\/seo\/ -->\n<title>D\u00e1mske oble\u010denie driekovn\u00edk NATASJA hor\u010dicovo-\u017elt\u00fd - TATTJA<\/title>\n<meta name=\"description\" content=\"D\u00e1mske oble\u010denie driekovn\u00edk NATASJA hor\u010dicovo-\u017elt\u00fd \u2013 elegantn\u00fd pleten\u00fd doplnok, ktor\u00fd zahreje, zv\u00fdrazn\u00ed p\u00e1s a dod\u00e1 outfitu hrejiv\u00fd luxus a \u0161t\u00fdl.\" \/>\n<meta name=\"robots\" content=\"index, follow, max-snippet:-1, max-image-preview:large, max-video-preview:-1\" \/>\n<link rel=\"canonical\" href=\"https:\/\/www.tattja.com\/de\/product\/damske-oblecenie-driekovnik-natasja-horcicovo-zlty\/\" \/>\n<meta property=\"og:locale\" content=\"de_DE\" \/>\n<meta property=\"og:type\" content=\"article\" \/>\n<meta property=\"og:title\" content=\"D\u00e1mske oble\u010denie driekovn\u00edk NATASJA hor\u010dicovo-\u017elt\u00fd - TATTJA\" \/>\n<meta property=\"og:description\" content=\"D\u00e1mske oble\u010denie driekovn\u00edk NATASJA hor\u010dicovo-\u017elt\u00fd \u2013 elegantn\u00fd pleten\u00fd doplnok, ktor\u00fd zahreje, zv\u00fdrazn\u00ed p\u00e1s a dod\u00e1 outfitu hrejiv\u00fd luxus a \u0161t\u00fdl.\" \/>\n<meta property=\"og:url\" content=\"https:\/\/www.tattja.com\/de\/product\/damske-oblecenie-driekovnik-natasja-horcicovo-zlty\/\" \/>\n<meta property=\"og:site_name\" content=\"TATTJA\" \/>\n<meta property=\"article:modified_time\" content=\"2026-04-05T17:45:08+00:00\" \/>\n<meta property=\"og:image\" content=\"https:\/\/www.tattja.com\/wp-content\/uploads\/2026\/01\/horcicovo-zlty-driekovnik-spredu-37.webp\" \/>\n\t<meta property=\"og:image:width\" content=\"1365\" \/>\n\t<meta property=\"og:image:height\" content=\"2048\" \/>\n\t<meta property=\"og:image:type\" content=\"image\/webp\" \/>\n<meta name=\"twitter:card\" content=\"summary_large_image\" \/>\n<meta name=\"twitter:label1\" content=\"Gesch\u00e4tzte Lesezeit\" \/>\n\t<meta name=\"twitter:data1\" content=\"2\u00a0Minuten\" \/>\n<script type=\"application\/ld+json\" class=\"yoast-schema-graph\">{\"@context\":\"https:\/\/schema.org\",\"@graph\":[{\"@type\":\"WebPage\",\"@id\":\"https:\/\/www.tattja.com\/product\/damske-oblecenie-driekovnik-natasja-horcicovo-zlty\/\",\"url\":\"https:\/\/www.tattja.com\/product\/damske-oblecenie-driekovnik-natasja-horcicovo-zlty\/\",\"name\":\"D\u00e1mske oble\u010denie driekovn\u00edk NATASJA hor\u010dicovo-\u017elt\u00fd - TATTJA\",\"isPartOf\":{\"@id\":\"https:\/\/www.tattja.com\/#website\"},\"primaryImageOfPage\":{\"@id\":\"https:\/\/www.tattja.com\/product\/damske-oblecenie-driekovnik-natasja-horcicovo-zlty\/#primaryimage\"},\"image\":{\"@id\":\"https:\/\/www.tattja.com\/product\/damske-oblecenie-driekovnik-natasja-horcicovo-zlty\/#primaryimage\"},\"thumbnailUrl\":\"https:\/\/www.tattja.com\/wp-content\/uploads\/2026\/01\/horcicovo-zlty-driekovnik-spredu-37.webp\",\"datePublished\":\"2025-08-06T05:29:40+00:00\",\"dateModified\":\"2026-04-05T17:45:08+00:00\",\"description\":\"D\u00e1mske oble\u010denie driekovn\u00edk NATASJA hor\u010dicovo-\u017elt\u00fd \u2013 elegantn\u00fd pleten\u00fd doplnok, ktor\u00fd zahreje, zv\u00fdrazn\u00ed p\u00e1s a dod\u00e1 outfitu hrejiv\u00fd luxus a \u0161t\u00fdl.\",\"breadcrumb\":{\"@id\":\"https:\/\/www.tattja.com\/product\/damske-oblecenie-driekovnik-natasja-horcicovo-zlty\/#breadcrumb\"},\"inLanguage\":\"de\",\"potentialAction\":[{\"@type\":\"ReadAction\",\"target\":[\"https:\/\/www.tattja.com\/product\/damske-oblecenie-driekovnik-natasja-horcicovo-zlty\/\"]}]},{\"@type\":\"ImageObject\",\"inLanguage\":\"de\",\"@id\":\"https:\/\/www.tattja.com\/product\/damske-oblecenie-driekovnik-natasja-horcicovo-zlty\/#primaryimage\",\"url\":\"https:\/\/www.tattja.com\/wp-content\/uploads\/2026\/01\/horcicovo-zlty-driekovnik-spredu-37.webp\",\"contentUrl\":\"https:\/\/www.tattja.com\/wp-content\/uploads\/2026\/01\/horcicovo-zlty-driekovnik-spredu-37.webp\",\"width\":1365,\"height\":2048,\"caption\":\"Elegantn\u00fd pleten\u00fd driekovn\u00edk NATASJA v hor\u010dicovo-\u017eltom odtieni \u2013 TATTJA\"},{\"@type\":\"BreadcrumbList\",\"@id\":\"https:\/\/www.tattja.com\/product\/damske-oblecenie-driekovnik-natasja-horcicovo-zlty\/#breadcrumb\",\"itemListElement\":[{\"@type\":\"ListItem\",\"position\":1,\"name\":\"Domov\",\"item\":\"https:\/\/www.tattja.com\/\"},{\"@type\":\"ListItem\",\"position\":2,\"name\":\"Produkty\",\"item\":\"https:\/\/www.tattja.com\/damske-oblecenie-produkty\/\"},{\"@type\":\"ListItem\",\"position\":3,\"name\":\"D\u00e1mske oble\u010denie driekovn\u00edk NATASJA hor\u010dicovo-\u017elt\u00fd\"}]},{\"@type\":\"WebSite\",\"@id\":\"https:\/\/www.tattja.com\/#website\",\"url\":\"https:\/\/www.tattja.com\/\",\"name\":\"TATTJA\",\"description\":\"D\u00e1mske oble\u010denie z extra jemnej merino vlny \u2014 ru\u010dne pleten\u00e9 na Slovensku\",\"potentialAction\":[{\"@type\":\"SearchAction\",\"target\":{\"@type\":\"EntryPoint\",\"urlTemplate\":\"https:\/\/www.tattja.com\/?s={search_term_string}\"},\"query-input\":{\"@type\":\"PropertyValueSpecification\",\"valueRequired\":true,\"valueName\":\"search_term_string\"}}],\"inLanguage\":\"de\"}]}<\/script>\n<!-- \/ Yoast SEO plugin. -->","yoast_head_json":{"title":"D\u00e1mske oble\u010denie driekovn\u00edk NATASJA hor\u010dicovo-\u017elt\u00fd - TATTJA","description":"D\u00e1mske oble\u010denie driekovn\u00edk NATASJA hor\u010dicovo-\u017elt\u00fd \u2013 elegantn\u00fd pleten\u00fd doplnok, ktor\u00fd zahreje, zv\u00fdrazn\u00ed p\u00e1s a dod\u00e1 outfitu hrejiv\u00fd luxus a \u0161t\u00fdl.","robots":{"index":"index","follow":"follow","max-snippet":"max-snippet:-1","max-image-preview":"max-image-preview:large","max-video-preview":"max-video-preview:-1"},"canonical":"https:\/\/www.tattja.com\/de\/product\/damske-oblecenie-driekovnik-natasja-horcicovo-zlty\/","og_locale":"de_DE","og_type":"article","og_title":"D\u00e1mske oble\u010denie driekovn\u00edk NATASJA hor\u010dicovo-\u017elt\u00fd - TATTJA","og_description":"D\u00e1mske oble\u010denie driekovn\u00edk NATASJA hor\u010dicovo-\u017elt\u00fd \u2013 elegantn\u00fd pleten\u00fd doplnok, ktor\u00fd zahreje, zv\u00fdrazn\u00ed p\u00e1s a dod\u00e1 outfitu hrejiv\u00fd luxus a \u0161t\u00fdl.","og_url":"https:\/\/www.tattja.com\/de\/product\/damske-oblecenie-driekovnik-natasja-horcicovo-zlty\/","og_site_name":"TATTJA","article_modified_time":"2026-04-05T17:45:08+00:00","og_image":[{"width":1365,"height":2048,"url":"https:\/\/www.tattja.com\/wp-content\/uploads\/2026\/01\/horcicovo-zlty-driekovnik-spredu-37.webp","type":"image\/webp"}],"twitter_card":"summary_large_image","twitter_misc":{"Gesch\u00e4tzte Lesezeit":"2\u00a0Minuten"},"schema":{"@context":"https:\/\/schema.org","@graph":[{"@type":"WebPage","@id":"https:\/\/www.tattja.com\/product\/damske-oblecenie-driekovnik-natasja-horcicovo-zlty\/","url":"https:\/\/www.tattja.com\/product\/damske-oblecenie-driekovnik-natasja-horcicovo-zlty\/","name":"D\u00e1mske oble\u010denie driekovn\u00edk NATASJA hor\u010dicovo-\u017elt\u00fd - TATTJA","isPartOf":{"@id":"https:\/\/www.tattja.com\/#website"},"primaryImageOfPage":{"@id":"https:\/\/www.tattja.com\/product\/damske-oblecenie-driekovnik-natasja-horcicovo-zlty\/#primaryimage"},"image":{"@id":"https:\/\/www.tattja.com\/product\/damske-oblecenie-driekovnik-natasja-horcicovo-zlty\/#primaryimage"},"thumbnailUrl":"https:\/\/www.tattja.com\/wp-content\/uploads\/2026\/01\/horcicovo-zlty-driekovnik-spredu-37.webp","datePublished":"2025-08-06T05:29:40+00:00","dateModified":"2026-04-05T17:45:08+00:00","description":"D\u00e1mske oble\u010denie driekovn\u00edk NATASJA hor\u010dicovo-\u017elt\u00fd \u2013 elegantn\u00fd pleten\u00fd doplnok, ktor\u00fd zahreje, zv\u00fdrazn\u00ed p\u00e1s a dod\u00e1 outfitu hrejiv\u00fd luxus a \u0161t\u00fdl.","breadcrumb":{"@id":"https:\/\/www.tattja.com\/product\/damske-oblecenie-driekovnik-natasja-horcicovo-zlty\/#breadcrumb"},"inLanguage":"de","potentialAction":[{"@type":"ReadAction","target":["https:\/\/www.tattja.com\/product\/damske-oblecenie-driekovnik-natasja-horcicovo-zlty\/"]}]},{"@type":"ImageObject","inLanguage":"de","@id":"https:\/\/www.tattja.com\/product\/damske-oblecenie-driekovnik-natasja-horcicovo-zlty\/#primaryimage","url":"https:\/\/www.tattja.com\/wp-content\/uploads\/2026\/01\/horcicovo-zlty-driekovnik-spredu-37.webp","contentUrl":"https:\/\/www.tattja.com\/wp-content\/uploads\/2026\/01\/horcicovo-zlty-driekovnik-spredu-37.webp","width":1365,"height":2048,"caption":"Elegantn\u00fd pleten\u00fd driekovn\u00edk NATASJA v hor\u010dicovo-\u017eltom odtieni \u2013 TATTJA"},{"@type":"BreadcrumbList","@id":"https:\/\/www.tattja.com\/product\/damske-oblecenie-driekovnik-natasja-horcicovo-zlty\/#breadcrumb","itemListElement":[{"@type":"ListItem","position":1,"name":"Domov","item":"https:\/\/www.tattja.com\/"},{"@type":"ListItem","position":2,"name":"Produkty","item":"https:\/\/www.tattja.com\/damske-oblecenie-produkty\/"},{"@type":"ListItem","position":3,"name":"D\u00e1mske oble\u010denie driekovn\u00edk NATASJA hor\u010dicovo-\u017elt\u00fd"}]},{"@type":"WebSite","@id":"https:\/\/www.tattja.com\/#website","url":"https:\/\/www.tattja.com\/","name":"TATTJA","description":"D\u00e1mske oble\u010denie z extra jemnej merino vlny \u2014 ru\u010dne pleten\u00e9 na Slovensku","potentialAction":[{"@type":"SearchAction","target":{"@type":"EntryPoint","urlTemplate":"https:\/\/www.tattja.com\/?s={search_term_string}"},"query-input":{"@type":"PropertyValueSpecification","valueRequired":true,"valueName":"search_term_string"}}],"inLanguage":"de"}]}},"_links":{"self":[{"href":"https:\/\/www.tattja.com\/de\/wp-json\/wp\/v2\/product\/1828","targetHints":{"allow":["GET"]}}],"collection":[{"href":"https:\/\/www.tattja.com\/de\/wp-json\/wp\/v2\/product"}],"about":[{"href":"https:\/\/www.tattja.com\/de\/wp-json\/wp\/v2\/types\/product"}],"replies":[{"embeddable":true,"href":"https:\/\/www.tattja.com\/de\/wp-json\/wp\/v2\/comments?post=1828"}],"version-history":[{"count":6,"href":"https:\/\/www.tattja.com\/de\/wp-json\/wp\/v2\/product\/1828\/revisions"}],"predecessor-version":[{"id":5867,"href":"https:\/\/www.tattja.com\/de\/wp-json\/wp\/v2\/product\/1828\/revisions\/5867"}],"wp:featuredmedia":[{"embeddable":true,"href":"https:\/\/www.tattja.com\/de\/wp-json\/wp\/v2\/media\/7525"}],"wp:attachment":[{"href":"https:\/\/www.tattja.com\/de\/wp-json\/wp\/v2\/media?parent=1828"}],"wp:term":[{"taxonomy":"product_brand","embeddable":true,"href":"https:\/\/www.tattja.com\/de\/wp-json\/wp\/v2\/product_brand?post=1828"},{"taxonomy":"product_cat","embeddable":true,"href":"https:\/\/www.tattja.com\/de\/wp-json\/wp\/v2\/product_cat?post=1828"},{"taxonomy":"product_tag","embeddable":true,"href":"https:\/\/www.tattja.com\/de\/wp-json\/wp\/v2\/product_tag?post=1828"}],"curies":[{"name":"wp","href":"https:\/\/api.w.org\/{rel}","templated":true}]}}