{"id":1836,"date":"2025-08-06T07:39:29","date_gmt":"2025-08-06T05:39:29","guid":{"rendered":"https:\/\/www.tattja.com\/?post_type=product&#038;p=1836"},"modified":"2026-04-05T19:45:07","modified_gmt":"2026-04-05T17:45:07","slug":"damske-oblecenie-dvojset-rigmor-horcicovo-zlty","status":"publish","type":"product","link":"https:\/\/www.tattja.com\/de\/product\/damske-oblecenie-dvojset-rigmor-horcicovo-zlty\/","title":{"rendered":"D\u00e1mske oble\u010denie 2-set RIGMOR hor\u010dicovo-\u017elt\u00fd"},"content":{"rendered":"<p data-start=\"852\" data-end=\"1197\"><strong data-start=\"852\" data-end=\"902\">Damenbekleidung Doppelset RIGMOR senfgelb<\/strong> vereint Lebendigkeit, Weiblichkeit und zeitlose Eleganz in einem einzigen Modell. Dieses hals- und \u00e4rmellose Doppelset bietet eine Kombination aus Komfort, Stil und luxuri\u00f6sem Design. Der weiche Rippenstrick schmiegt sich mit Leichtigkeit an den K\u00f6rper an, w\u00e4rmt an k\u00fchleren Tagen und sieht dabei elegant und raffiniert aus.<\/p>\n<p data-start=\"1199\" data-end=\"1467\">Die senfgelbe Farbe strahlt W\u00e4rme, Optimismus und Selbstvertrauen aus. Sie setzt einen einzigartigen Akzent in einem Outfit, belebt neutrale T\u00f6ne und unterstreicht die nat\u00fcrliche Anmut jeder Frau. Dieser Farbton ist eine der auff\u00e4lligsten Farben in der TATTJA-Kollektion und wirkt frisch, energiegeladen und modern.<\/p>\n<p data-start=\"1469\" data-end=\"1707\">Das Nackenband schmiegt sich sanft an Schultern und Hals an und sorgt f\u00fcr ein angenehmes Tragegef\u00fchl, w\u00e4hrend die \u00c4rmel die Armlinie verl\u00e4ngern und dem Outfit sowohl Funktionalit\u00e4t als auch Eleganz verleihen. Jedes Element des Wamses wurde mit Liebe zum Detail, Qualit\u00e4t und femininer Ausstrahlung entworfen.<\/p>\n<p data-start=\"1709\" data-end=\"2032\">Das senfgelbe Damen-Doppelset RIGMOR bietet Vielseitigkeit und Originalit\u00e4t - Sie k\u00f6nnen es allein tragen oder mit anderen Teilen aus der TATTJA-Kollektion, wie einem Shrug oder einer M\u00fctze, kombinieren, um ein perfekt abgestimmtes drei- oder vierteiliges Set zu schaffen. Es ist ideal f\u00fcr Frauen, die einzigartige Accessoires lieben und Funktionalit\u00e4t mit Eleganz verbinden m\u00f6chten.<\/p>\n<p data-start=\"2034\" data-end=\"2278\">Entdecken Sie die Sch\u00f6nheit der Zartheit, die raffinierten Details und den femininen Stil, der Sie warm h\u00e4lt und <a href=\"https:\/\/www.tattja.com\/de\/product-category\/damske-oblecenie\/dvojsety\/nakrcnik-a-rukavniky\/\">in anderen Farben.<\/a><br data-start=\"2137\" data-end=\"2140\" \/><strong data-start=\"2140\" data-end=\"2194\">Siehe, <a href=\"https:\/\/shop.bogensberger.co.at\/produkt-schlagwort\/merino-extrafein\/\">aus welchen Materialien<\/a> wir produzieren unsere St\u00fccke<\/strong>, und g\u00f6nnen Sie sich einen Hauch von Qualit\u00e4t, der Komfort, Weiblichkeit und unverwechselbaren Charme vereint<\/p>","protected":false},"excerpt":{"rendered":"<p>Das senfgelbe Damen-Doppelset von RIGMOR vereint strahlende Energie, Komfort und Eleganz. Ein warmer Halsw\u00e4rmer und Armstulpen bilden das perfekte Set f\u00fcr Frauen, die sich von der Masse abheben und sich jeden Tag besonders f\u00fchlen wollen.<\/p>","protected":false},"featured_media":7540,"comment_status":"open","ping_status":"closed","template":"","meta":[],"product_brand":[],"product_cat":[289,188,292,185],"product_tag":[],"class_list":{"0":"post-1836","1":"product","2":"type-product","3":"status-publish","4":"has-post-thumbnail","6":"product_cat-dvojsety","7":"product_cat-dvojsety-horcicovo-zlte","8":"product_cat-nakrcnik-a-rukavniky","9":"product_cat-pleteninove-doplnky-horcicovo-zlte","11":"first","12":"instock","13":"taxable","14":"shipping-taxable","15":"purchasable","16":"product-type-simple"},"yoast_head":"<!-- This site is optimized with the Yoast SEO plugin v26.0 - https:\/\/yoast.com\/wordpress\/plugins\/seo\/ -->\n<title>D\u00e1mske oble\u010denie 2-set RIGMOR hor\u010dicovo-\u017elt\u00fd - TATTJA<\/title>\n<meta name=\"description\" content=\"D\u00e1mske oble\u010denie dvojset RIGMOR hor\u010dicovo-\u017elt\u00fd \u2013 \u017eiariv\u00fd luxus a hrejiv\u00fd komfort. N\u00e1kr\u010dn\u00edk a ruk\u00e1vniky, ktor\u00e9 premenia ka\u017ed\u00fd de\u0148 na \u0161t\u00fdlov\u00fd z\u00e1\u017eitok.\" \/>\n<meta name=\"robots\" content=\"index, follow, max-snippet:-1, max-image-preview:large, max-video-preview:-1\" \/>\n<link rel=\"canonical\" href=\"https:\/\/www.tattja.com\/de\/product\/damske-oblecenie-dvojset-rigmor-horcicovo-zlty\/\" \/>\n<meta property=\"og:locale\" content=\"de_DE\" \/>\n<meta property=\"og:type\" content=\"article\" \/>\n<meta property=\"og:title\" content=\"D\u00e1mske oble\u010denie 2-set RIGMOR hor\u010dicovo-\u017elt\u00fd - TATTJA\" \/>\n<meta property=\"og:description\" content=\"D\u00e1mske oble\u010denie dvojset RIGMOR hor\u010dicovo-\u017elt\u00fd \u2013 \u017eiariv\u00fd luxus a hrejiv\u00fd komfort. N\u00e1kr\u010dn\u00edk a ruk\u00e1vniky, ktor\u00e9 premenia ka\u017ed\u00fd de\u0148 na \u0161t\u00fdlov\u00fd z\u00e1\u017eitok.\" \/>\n<meta property=\"og:url\" content=\"https:\/\/www.tattja.com\/de\/product\/damske-oblecenie-dvojset-rigmor-horcicovo-zlty\/\" \/>\n<meta property=\"og:site_name\" content=\"TATTJA\" \/>\n<meta property=\"article:modified_time\" content=\"2026-04-05T17:45:07+00:00\" \/>\n<meta property=\"og:image\" content=\"https:\/\/www.tattja.com\/wp-content\/uploads\/2026\/01\/horcicovo-zlty-dvojset-nakrcnik-rukavniky-spredu-4.webp\" \/>\n\t<meta property=\"og:image:width\" content=\"1365\" \/>\n\t<meta property=\"og:image:height\" content=\"2047\" \/>\n\t<meta property=\"og:image:type\" content=\"image\/webp\" \/>\n<meta name=\"twitter:card\" content=\"summary_large_image\" \/>\n<meta name=\"twitter:label1\" content=\"Gesch\u00e4tzte Lesezeit\" \/>\n\t<meta name=\"twitter:data1\" content=\"2\u00a0Minuten\" \/>\n<script type=\"application\/ld+json\" class=\"yoast-schema-graph\">{\"@context\":\"https:\/\/schema.org\",\"@graph\":[{\"@type\":\"WebPage\",\"@id\":\"https:\/\/www.tattja.com\/product\/damske-oblecenie-dvojset-rigmor-horcicovo-zlty\/\",\"url\":\"https:\/\/www.tattja.com\/product\/damske-oblecenie-dvojset-rigmor-horcicovo-zlty\/\",\"name\":\"D\u00e1mske oble\u010denie 2-set RIGMOR hor\u010dicovo-\u017elt\u00fd - TATTJA\",\"isPartOf\":{\"@id\":\"https:\/\/www.tattja.com\/#website\"},\"primaryImageOfPage\":{\"@id\":\"https:\/\/www.tattja.com\/product\/damske-oblecenie-dvojset-rigmor-horcicovo-zlty\/#primaryimage\"},\"image\":{\"@id\":\"https:\/\/www.tattja.com\/product\/damske-oblecenie-dvojset-rigmor-horcicovo-zlty\/#primaryimage\"},\"thumbnailUrl\":\"https:\/\/www.tattja.com\/wp-content\/uploads\/2026\/01\/horcicovo-zlty-dvojset-nakrcnik-rukavniky-spredu-4.webp\",\"datePublished\":\"2025-08-06T05:39:29+00:00\",\"dateModified\":\"2026-04-05T17:45:07+00:00\",\"description\":\"D\u00e1mske oble\u010denie dvojset RIGMOR hor\u010dicovo-\u017elt\u00fd \u2013 \u017eiariv\u00fd luxus a hrejiv\u00fd komfort. N\u00e1kr\u010dn\u00edk a ruk\u00e1vniky, ktor\u00e9 premenia ka\u017ed\u00fd de\u0148 na \u0161t\u00fdlov\u00fd z\u00e1\u017eitok.\",\"breadcrumb\":{\"@id\":\"https:\/\/www.tattja.com\/product\/damske-oblecenie-dvojset-rigmor-horcicovo-zlty\/#breadcrumb\"},\"inLanguage\":\"de\",\"potentialAction\":[{\"@type\":\"ReadAction\",\"target\":[\"https:\/\/www.tattja.com\/product\/damske-oblecenie-dvojset-rigmor-horcicovo-zlty\/\"]}]},{\"@type\":\"ImageObject\",\"inLanguage\":\"de\",\"@id\":\"https:\/\/www.tattja.com\/product\/damske-oblecenie-dvojset-rigmor-horcicovo-zlty\/#primaryimage\",\"url\":\"https:\/\/www.tattja.com\/wp-content\/uploads\/2026\/01\/horcicovo-zlty-dvojset-nakrcnik-rukavniky-spredu-4.webp\",\"contentUrl\":\"https:\/\/www.tattja.com\/wp-content\/uploads\/2026\/01\/horcicovo-zlty-dvojset-nakrcnik-rukavniky-spredu-4.webp\",\"width\":1365,\"height\":2047,\"caption\":\"Elegantn\u00fd pleten\u00fd dvojset RIGMOR v hor\u010dicovo-\u017eltom odtieni \u2013 TATTJA\"},{\"@type\":\"BreadcrumbList\",\"@id\":\"https:\/\/www.tattja.com\/product\/damske-oblecenie-dvojset-rigmor-horcicovo-zlty\/#breadcrumb\",\"itemListElement\":[{\"@type\":\"ListItem\",\"position\":1,\"name\":\"Domov\",\"item\":\"https:\/\/www.tattja.com\/\"},{\"@type\":\"ListItem\",\"position\":2,\"name\":\"Produkty\",\"item\":\"https:\/\/www.tattja.com\/damske-oblecenie-produkty\/\"},{\"@type\":\"ListItem\",\"position\":3,\"name\":\"D\u00e1mske oble\u010denie 2-set RIGMOR hor\u010dicovo-\u017elt\u00fd\"}]},{\"@type\":\"WebSite\",\"@id\":\"https:\/\/www.tattja.com\/#website\",\"url\":\"https:\/\/www.tattja.com\/\",\"name\":\"TATTJA\",\"description\":\"D\u00e1mske oble\u010denie z extra jemnej merino vlny \u2014 ru\u010dne pleten\u00e9 na Slovensku\",\"potentialAction\":[{\"@type\":\"SearchAction\",\"target\":{\"@type\":\"EntryPoint\",\"urlTemplate\":\"https:\/\/www.tattja.com\/?s={search_term_string}\"},\"query-input\":{\"@type\":\"PropertyValueSpecification\",\"valueRequired\":true,\"valueName\":\"search_term_string\"}}],\"inLanguage\":\"de\"}]}<\/script>\n<!-- \/ Yoast SEO plugin. -->","yoast_head_json":{"title":"D\u00e1mske oble\u010denie 2-set RIGMOR hor\u010dicovo-\u017elt\u00fd - TATTJA","description":"D\u00e1mske oble\u010denie dvojset RIGMOR hor\u010dicovo-\u017elt\u00fd \u2013 \u017eiariv\u00fd luxus a hrejiv\u00fd komfort. N\u00e1kr\u010dn\u00edk a ruk\u00e1vniky, ktor\u00e9 premenia ka\u017ed\u00fd de\u0148 na \u0161t\u00fdlov\u00fd z\u00e1\u017eitok.","robots":{"index":"index","follow":"follow","max-snippet":"max-snippet:-1","max-image-preview":"max-image-preview:large","max-video-preview":"max-video-preview:-1"},"canonical":"https:\/\/www.tattja.com\/de\/product\/damske-oblecenie-dvojset-rigmor-horcicovo-zlty\/","og_locale":"de_DE","og_type":"article","og_title":"D\u00e1mske oble\u010denie 2-set RIGMOR hor\u010dicovo-\u017elt\u00fd - TATTJA","og_description":"D\u00e1mske oble\u010denie dvojset RIGMOR hor\u010dicovo-\u017elt\u00fd \u2013 \u017eiariv\u00fd luxus a hrejiv\u00fd komfort. N\u00e1kr\u010dn\u00edk a ruk\u00e1vniky, ktor\u00e9 premenia ka\u017ed\u00fd de\u0148 na \u0161t\u00fdlov\u00fd z\u00e1\u017eitok.","og_url":"https:\/\/www.tattja.com\/de\/product\/damske-oblecenie-dvojset-rigmor-horcicovo-zlty\/","og_site_name":"TATTJA","article_modified_time":"2026-04-05T17:45:07+00:00","og_image":[{"width":1365,"height":2047,"url":"https:\/\/www.tattja.com\/wp-content\/uploads\/2026\/01\/horcicovo-zlty-dvojset-nakrcnik-rukavniky-spredu-4.webp","type":"image\/webp"}],"twitter_card":"summary_large_image","twitter_misc":{"Gesch\u00e4tzte Lesezeit":"2\u00a0Minuten"},"schema":{"@context":"https:\/\/schema.org","@graph":[{"@type":"WebPage","@id":"https:\/\/www.tattja.com\/product\/damske-oblecenie-dvojset-rigmor-horcicovo-zlty\/","url":"https:\/\/www.tattja.com\/product\/damske-oblecenie-dvojset-rigmor-horcicovo-zlty\/","name":"D\u00e1mske oble\u010denie 2-set RIGMOR hor\u010dicovo-\u017elt\u00fd - TATTJA","isPartOf":{"@id":"https:\/\/www.tattja.com\/#website"},"primaryImageOfPage":{"@id":"https:\/\/www.tattja.com\/product\/damske-oblecenie-dvojset-rigmor-horcicovo-zlty\/#primaryimage"},"image":{"@id":"https:\/\/www.tattja.com\/product\/damske-oblecenie-dvojset-rigmor-horcicovo-zlty\/#primaryimage"},"thumbnailUrl":"https:\/\/www.tattja.com\/wp-content\/uploads\/2026\/01\/horcicovo-zlty-dvojset-nakrcnik-rukavniky-spredu-4.webp","datePublished":"2025-08-06T05:39:29+00:00","dateModified":"2026-04-05T17:45:07+00:00","description":"D\u00e1mske oble\u010denie dvojset RIGMOR hor\u010dicovo-\u017elt\u00fd \u2013 \u017eiariv\u00fd luxus a hrejiv\u00fd komfort. N\u00e1kr\u010dn\u00edk a ruk\u00e1vniky, ktor\u00e9 premenia ka\u017ed\u00fd de\u0148 na \u0161t\u00fdlov\u00fd z\u00e1\u017eitok.","breadcrumb":{"@id":"https:\/\/www.tattja.com\/product\/damske-oblecenie-dvojset-rigmor-horcicovo-zlty\/#breadcrumb"},"inLanguage":"de","potentialAction":[{"@type":"ReadAction","target":["https:\/\/www.tattja.com\/product\/damske-oblecenie-dvojset-rigmor-horcicovo-zlty\/"]}]},{"@type":"ImageObject","inLanguage":"de","@id":"https:\/\/www.tattja.com\/product\/damske-oblecenie-dvojset-rigmor-horcicovo-zlty\/#primaryimage","url":"https:\/\/www.tattja.com\/wp-content\/uploads\/2026\/01\/horcicovo-zlty-dvojset-nakrcnik-rukavniky-spredu-4.webp","contentUrl":"https:\/\/www.tattja.com\/wp-content\/uploads\/2026\/01\/horcicovo-zlty-dvojset-nakrcnik-rukavniky-spredu-4.webp","width":1365,"height":2047,"caption":"Elegantn\u00fd pleten\u00fd dvojset RIGMOR v hor\u010dicovo-\u017eltom odtieni \u2013 TATTJA"},{"@type":"BreadcrumbList","@id":"https:\/\/www.tattja.com\/product\/damske-oblecenie-dvojset-rigmor-horcicovo-zlty\/#breadcrumb","itemListElement":[{"@type":"ListItem","position":1,"name":"Domov","item":"https:\/\/www.tattja.com\/"},{"@type":"ListItem","position":2,"name":"Produkty","item":"https:\/\/www.tattja.com\/damske-oblecenie-produkty\/"},{"@type":"ListItem","position":3,"name":"D\u00e1mske oble\u010denie 2-set RIGMOR hor\u010dicovo-\u017elt\u00fd"}]},{"@type":"WebSite","@id":"https:\/\/www.tattja.com\/#website","url":"https:\/\/www.tattja.com\/","name":"TATTJA","description":"D\u00e1mske oble\u010denie z extra jemnej merino vlny \u2014 ru\u010dne pleten\u00e9 na Slovensku","potentialAction":[{"@type":"SearchAction","target":{"@type":"EntryPoint","urlTemplate":"https:\/\/www.tattja.com\/?s={search_term_string}"},"query-input":{"@type":"PropertyValueSpecification","valueRequired":true,"valueName":"search_term_string"}}],"inLanguage":"de"}]}},"_links":{"self":[{"href":"https:\/\/www.tattja.com\/de\/wp-json\/wp\/v2\/product\/1836","targetHints":{"allow":["GET"]}}],"collection":[{"href":"https:\/\/www.tattja.com\/de\/wp-json\/wp\/v2\/product"}],"about":[{"href":"https:\/\/www.tattja.com\/de\/wp-json\/wp\/v2\/types\/product"}],"replies":[{"embeddable":true,"href":"https:\/\/www.tattja.com\/de\/wp-json\/wp\/v2\/comments?post=1836"}],"version-history":[{"count":6,"href":"https:\/\/www.tattja.com\/de\/wp-json\/wp\/v2\/product\/1836\/revisions"}],"predecessor-version":[{"id":7271,"href":"https:\/\/www.tattja.com\/de\/wp-json\/wp\/v2\/product\/1836\/revisions\/7271"}],"wp:featuredmedia":[{"embeddable":true,"href":"https:\/\/www.tattja.com\/de\/wp-json\/wp\/v2\/media\/7540"}],"wp:attachment":[{"href":"https:\/\/www.tattja.com\/de\/wp-json\/wp\/v2\/media?parent=1836"}],"wp:term":[{"taxonomy":"product_brand","embeddable":true,"href":"https:\/\/www.tattja.com\/de\/wp-json\/wp\/v2\/product_brand?post=1836"},{"taxonomy":"product_cat","embeddable":true,"href":"https:\/\/www.tattja.com\/de\/wp-json\/wp\/v2\/product_cat?post=1836"},{"taxonomy":"product_tag","embeddable":true,"href":"https:\/\/www.tattja.com\/de\/wp-json\/wp\/v2\/product_tag?post=1836"}],"curies":[{"name":"wp","href":"https:\/\/api.w.org\/{rel}","templated":true}]}}