{"id":1840,"date":"2025-08-06T07:42:45","date_gmt":"2025-08-06T05:42:45","guid":{"rendered":"https:\/\/www.tattja.com\/?post_type=product&#038;p=1840"},"modified":"2026-04-05T19:45:07","modified_gmt":"2026-04-05T17:45:07","slug":"damske-oblecenie-dvojset-ragbborg-horcicovo-zlty","status":"publish","type":"product","link":"https:\/\/www.tattja.com\/de\/product\/damske-oblecenie-dvojset-ragbborg-horcicovo-zlty\/","title":{"rendered":"D\u00e1mske oble\u010denie 2-set RAGBBORG hor\u010dicovo-\u017elt\u00fd"},"content":{"rendered":"<p data-start=\"1004\" data-end=\"1281\"><strong data-start=\"1004\" data-end=\"1056\">Damenbekleidung Doppelset RAGBBORG senfgelb<\/strong> ist eine Kombination aus stilvoller Eleganz, Komfort und unverwechselbarem Design. Dieses Modell aus der Kollektion <strong data-start=\"1144\" data-end=\"1154\">TATTJA<\/strong> kombiniert eine M\u00fctze mit einem Hemd und gestrickten \u00c4rmeln in einem leuchtenden Farbton, der W\u00e4rme, Energie und eine positive Stimmung in das Outfit bringt.<\/p>\n<p data-start=\"1283\" data-end=\"1581\">Die \u00c4rmel aus weichem Strickstoff w\u00e4rmen die H\u00e4nde und lassen gleichzeitig Bewegungsfreiheit. Ihre Struktur ist \u00e4sthetisch ansprechend und unterstreicht die femininen Linien. Die M\u00fctze mit Schild sch\u00fctzt vor K\u00e4lte und Wind und verleiht dem ganzen Set ein elegantes Detail. Zusammen bilden sie eine Harmonie aus Funktionalit\u00e4t, Stil und einem unverwechselbaren modischen Akzent.<\/p>\n<p data-start=\"1583\" data-end=\"1914\">Hor\u010dicovo-\u017elt\u00fd odtie\u0148 symbolizuje vitalitu, optimizmus a odvahu. P\u00f4sob\u00ed ako z\u00e1blesk slnka aj po\u010das pochm\u00farnych dn\u00ed a dod\u00e1va outfitu \u0161mrnc i tepl\u00fd kontrast. Tento dvojset je ide\u00e1lny na jesenn\u00e9 aj zimn\u00e9 obdobie, do mesta, pr\u00e1ce \u010di na vo\u013en\u00fd \u010das. Jeho farba kr\u00e1sne lad\u00ed so sivou, b\u00e9\u017eovou aj tmavou modrou, \u010do umo\u017e\u0148uje r\u00f4zne kombin\u00e1cie.<\/p>\n<p data-start=\"1916\" data-end=\"2190\">Damenbekleidung im Doppelpack <strong data-start=\"1922\" data-end=\"1949\">RAGBBORG senfgelb<\/strong> ist eine Kombination aus luxuri\u00f6sem Komfort, modernem Look und handgefertigten Details. Marke <strong data-start=\"2047\" data-end=\"2057\">TATTJA<\/strong> liefert ein Design, das weibliche St\u00e4rke und kreativen Geist einf\u00e4ngt - man sp\u00fcrt die handwerkliche Pr\u00e4zision und \u00e4sthetische Ausgewogenheit in jedem Faden.<\/p>\n<p data-start=\"2192\" data-end=\"2297\">Entdecken Sie die Sch\u00f6nheit der Zartheit, die raffinierten Details und den femininen Stil, der Sie warm h\u00e4lt und <a href=\"https:\/\/www.tattja.com\/de\/product-category\/damske-oblecenie\/dvojsety\/rukavniky-a-ciapka\/\">in anderen Farben<\/a>.<\/p>\n<p data-start=\"2299\" data-end=\"2446\"><strong data-start=\"2299\" data-end=\"2353\">Siehe, <a href=\"https:\/\/shop.bogensberger.co.at\/produkt-schlagwort\/merino-extrafein\/\">aus welchem Material<\/a>in der wir unsere St\u00fccke produzieren<\/strong>, und entdecken Sie die einzigartige Mischung aus Qualit\u00e4t, Komfort und nat\u00fcrlicher Eleganz der Marke <strong data-start=\"2433\" data-end=\"2443\">TATTJA<\/strong>.<\/p>\n<p>&nbsp;<\/p>","protected":false},"excerpt":{"rendered":"<p><strong data-start=\"670\" data-end=\"722\">Damenbekleidung Doppelset RAGBBORG senfgelb<\/strong> bringt Energie, Stil und Komfort zusammen. Gestrickte \u00c4rmel und eine M\u00fctze mit Schal in einem satten Senfton verleihen dem Outfit einen einzigartigen Ausdruck. Dieses Doppelset wird von der Frau gesch\u00e4tzt, die Eleganz mit einem Hauch von Glanz mag und ein St\u00fcck sucht, das jeden Tag erhellt.<\/p>","protected":false},"featured_media":7543,"comment_status":"open","ping_status":"closed","template":"","meta":[],"product_brand":[],"product_cat":[289,300,188,185,295],"product_tag":[],"class_list":{"0":"post-1840","1":"product","2":"type-product","3":"status-publish","4":"has-post-thumbnail","6":"product_cat-dvojsety","7":"product_cat-damske-oblecenie","8":"product_cat-dvojsety-horcicovo-zlte","9":"product_cat-pleteninove-doplnky-horcicovo-zlte","10":"product_cat-rukavniky-a-ciapka","12":"first","13":"instock","14":"taxable","15":"shipping-taxable","16":"purchasable","17":"product-type-simple"},"yoast_head":"<!-- This site is optimized with the Yoast SEO plugin v26.0 - https:\/\/yoast.com\/wordpress\/plugins\/seo\/ -->\n<title>D\u00e1mske oble\u010denie 2-set RAGBBORG hor\u010dicovo-\u017elt\u00fd - TATTJA<\/title>\n<meta name=\"description\" content=\"D\u00e1mske oble\u010denie dvojset RAGBBORG hor\u010dicovo-\u017elt\u00fd \u2013 odv\u00e1\u017eny dotyk luxusu, ktor\u00fd sp\u00e1ja eleganciu, pohodlie a energiu v slne\u010dnom odtieni zna\u010dky TATTJA.\" \/>\n<meta name=\"robots\" content=\"index, follow, max-snippet:-1, max-image-preview:large, max-video-preview:-1\" \/>\n<link rel=\"canonical\" href=\"https:\/\/www.tattja.com\/de\/product\/damske-oblecenie-dvojset-ragbborg-horcicovo-zlty\/\" \/>\n<meta property=\"og:locale\" content=\"de_DE\" \/>\n<meta property=\"og:type\" content=\"article\" \/>\n<meta property=\"og:title\" content=\"D\u00e1mske oble\u010denie 2-set RAGBBORG hor\u010dicovo-\u017elt\u00fd - TATTJA\" \/>\n<meta property=\"og:description\" content=\"D\u00e1mske oble\u010denie dvojset RAGBBORG hor\u010dicovo-\u017elt\u00fd \u2013 odv\u00e1\u017eny dotyk luxusu, ktor\u00fd sp\u00e1ja eleganciu, pohodlie a energiu v slne\u010dnom odtieni zna\u010dky TATTJA.\" \/>\n<meta property=\"og:url\" content=\"https:\/\/www.tattja.com\/de\/product\/damske-oblecenie-dvojset-ragbborg-horcicovo-zlty\/\" \/>\n<meta property=\"og:site_name\" content=\"TATTJA\" \/>\n<meta property=\"article:modified_time\" content=\"2026-04-05T17:45:07+00:00\" \/>\n<meta property=\"og:image\" content=\"https:\/\/www.tattja.com\/wp-content\/uploads\/2026\/01\/horcicovo-zlty-dvojset-rukavniky-ciapka-spredu-19.webp\" \/>\n\t<meta property=\"og:image:width\" content=\"1365\" \/>\n\t<meta property=\"og:image:height\" content=\"2048\" \/>\n\t<meta property=\"og:image:type\" content=\"image\/webp\" \/>\n<meta name=\"twitter:card\" content=\"summary_large_image\" \/>\n<meta name=\"twitter:label1\" content=\"Gesch\u00e4tzte Lesezeit\" \/>\n\t<meta name=\"twitter:data1\" content=\"2\u00a0Minuten\" \/>\n<script type=\"application\/ld+json\" class=\"yoast-schema-graph\">{\"@context\":\"https:\/\/schema.org\",\"@graph\":[{\"@type\":\"WebPage\",\"@id\":\"https:\/\/www.tattja.com\/product\/damske-oblecenie-dvojset-ragbborg-horcicovo-zlty\/\",\"url\":\"https:\/\/www.tattja.com\/product\/damske-oblecenie-dvojset-ragbborg-horcicovo-zlty\/\",\"name\":\"D\u00e1mske oble\u010denie 2-set RAGBBORG hor\u010dicovo-\u017elt\u00fd - TATTJA\",\"isPartOf\":{\"@id\":\"https:\/\/www.tattja.com\/#website\"},\"primaryImageOfPage\":{\"@id\":\"https:\/\/www.tattja.com\/product\/damske-oblecenie-dvojset-ragbborg-horcicovo-zlty\/#primaryimage\"},\"image\":{\"@id\":\"https:\/\/www.tattja.com\/product\/damske-oblecenie-dvojset-ragbborg-horcicovo-zlty\/#primaryimage\"},\"thumbnailUrl\":\"https:\/\/www.tattja.com\/wp-content\/uploads\/2026\/01\/horcicovo-zlty-dvojset-rukavniky-ciapka-spredu-19.webp\",\"datePublished\":\"2025-08-06T05:42:45+00:00\",\"dateModified\":\"2026-04-05T17:45:07+00:00\",\"description\":\"D\u00e1mske oble\u010denie dvojset RAGBBORG hor\u010dicovo-\u017elt\u00fd \u2013 odv\u00e1\u017eny dotyk luxusu, ktor\u00fd sp\u00e1ja eleganciu, pohodlie a energiu v slne\u010dnom odtieni zna\u010dky TATTJA.\",\"breadcrumb\":{\"@id\":\"https:\/\/www.tattja.com\/product\/damske-oblecenie-dvojset-ragbborg-horcicovo-zlty\/#breadcrumb\"},\"inLanguage\":\"de\",\"potentialAction\":[{\"@type\":\"ReadAction\",\"target\":[\"https:\/\/www.tattja.com\/product\/damske-oblecenie-dvojset-ragbborg-horcicovo-zlty\/\"]}]},{\"@type\":\"ImageObject\",\"inLanguage\":\"de\",\"@id\":\"https:\/\/www.tattja.com\/product\/damske-oblecenie-dvojset-ragbborg-horcicovo-zlty\/#primaryimage\",\"url\":\"https:\/\/www.tattja.com\/wp-content\/uploads\/2026\/01\/horcicovo-zlty-dvojset-rukavniky-ciapka-spredu-19.webp\",\"contentUrl\":\"https:\/\/www.tattja.com\/wp-content\/uploads\/2026\/01\/horcicovo-zlty-dvojset-rukavniky-ciapka-spredu-19.webp\",\"width\":1365,\"height\":2048,\"caption\":\"Elegantn\u00fd pleten\u00fd dvojset RAGGBORG v hor\u010dicovo-\u017eltom odtieni \u2013 TATTJA\"},{\"@type\":\"BreadcrumbList\",\"@id\":\"https:\/\/www.tattja.com\/product\/damske-oblecenie-dvojset-ragbborg-horcicovo-zlty\/#breadcrumb\",\"itemListElement\":[{\"@type\":\"ListItem\",\"position\":1,\"name\":\"Domov\",\"item\":\"https:\/\/www.tattja.com\/\"},{\"@type\":\"ListItem\",\"position\":2,\"name\":\"Produkty\",\"item\":\"https:\/\/www.tattja.com\/damske-oblecenie-produkty\/\"},{\"@type\":\"ListItem\",\"position\":3,\"name\":\"D\u00e1mske oble\u010denie 2-set RAGBBORG hor\u010dicovo-\u017elt\u00fd\"}]},{\"@type\":\"WebSite\",\"@id\":\"https:\/\/www.tattja.com\/#website\",\"url\":\"https:\/\/www.tattja.com\/\",\"name\":\"TATTJA\",\"description\":\"D\u00e1mske oble\u010denie z extra jemnej merino vlny \u2014 ru\u010dne pleten\u00e9 na Slovensku\",\"potentialAction\":[{\"@type\":\"SearchAction\",\"target\":{\"@type\":\"EntryPoint\",\"urlTemplate\":\"https:\/\/www.tattja.com\/?s={search_term_string}\"},\"query-input\":{\"@type\":\"PropertyValueSpecification\",\"valueRequired\":true,\"valueName\":\"search_term_string\"}}],\"inLanguage\":\"de\"}]}<\/script>\n<!-- \/ Yoast SEO plugin. -->","yoast_head_json":{"title":"D\u00e1mske oble\u010denie 2-set RAGBBORG hor\u010dicovo-\u017elt\u00fd - TATTJA","description":"D\u00e1mske oble\u010denie dvojset RAGBBORG hor\u010dicovo-\u017elt\u00fd \u2013 odv\u00e1\u017eny dotyk luxusu, ktor\u00fd sp\u00e1ja eleganciu, pohodlie a energiu v slne\u010dnom odtieni zna\u010dky TATTJA.","robots":{"index":"index","follow":"follow","max-snippet":"max-snippet:-1","max-image-preview":"max-image-preview:large","max-video-preview":"max-video-preview:-1"},"canonical":"https:\/\/www.tattja.com\/de\/product\/damske-oblecenie-dvojset-ragbborg-horcicovo-zlty\/","og_locale":"de_DE","og_type":"article","og_title":"D\u00e1mske oble\u010denie 2-set RAGBBORG hor\u010dicovo-\u017elt\u00fd - TATTJA","og_description":"D\u00e1mske oble\u010denie dvojset RAGBBORG hor\u010dicovo-\u017elt\u00fd \u2013 odv\u00e1\u017eny dotyk luxusu, ktor\u00fd sp\u00e1ja eleganciu, pohodlie a energiu v slne\u010dnom odtieni zna\u010dky TATTJA.","og_url":"https:\/\/www.tattja.com\/de\/product\/damske-oblecenie-dvojset-ragbborg-horcicovo-zlty\/","og_site_name":"TATTJA","article_modified_time":"2026-04-05T17:45:07+00:00","og_image":[{"width":1365,"height":2048,"url":"https:\/\/www.tattja.com\/wp-content\/uploads\/2026\/01\/horcicovo-zlty-dvojset-rukavniky-ciapka-spredu-19.webp","type":"image\/webp"}],"twitter_card":"summary_large_image","twitter_misc":{"Gesch\u00e4tzte Lesezeit":"2\u00a0Minuten"},"schema":{"@context":"https:\/\/schema.org","@graph":[{"@type":"WebPage","@id":"https:\/\/www.tattja.com\/product\/damske-oblecenie-dvojset-ragbborg-horcicovo-zlty\/","url":"https:\/\/www.tattja.com\/product\/damske-oblecenie-dvojset-ragbborg-horcicovo-zlty\/","name":"D\u00e1mske oble\u010denie 2-set RAGBBORG hor\u010dicovo-\u017elt\u00fd - TATTJA","isPartOf":{"@id":"https:\/\/www.tattja.com\/#website"},"primaryImageOfPage":{"@id":"https:\/\/www.tattja.com\/product\/damske-oblecenie-dvojset-ragbborg-horcicovo-zlty\/#primaryimage"},"image":{"@id":"https:\/\/www.tattja.com\/product\/damske-oblecenie-dvojset-ragbborg-horcicovo-zlty\/#primaryimage"},"thumbnailUrl":"https:\/\/www.tattja.com\/wp-content\/uploads\/2026\/01\/horcicovo-zlty-dvojset-rukavniky-ciapka-spredu-19.webp","datePublished":"2025-08-06T05:42:45+00:00","dateModified":"2026-04-05T17:45:07+00:00","description":"D\u00e1mske oble\u010denie dvojset RAGBBORG hor\u010dicovo-\u017elt\u00fd \u2013 odv\u00e1\u017eny dotyk luxusu, ktor\u00fd sp\u00e1ja eleganciu, pohodlie a energiu v slne\u010dnom odtieni zna\u010dky TATTJA.","breadcrumb":{"@id":"https:\/\/www.tattja.com\/product\/damske-oblecenie-dvojset-ragbborg-horcicovo-zlty\/#breadcrumb"},"inLanguage":"de","potentialAction":[{"@type":"ReadAction","target":["https:\/\/www.tattja.com\/product\/damske-oblecenie-dvojset-ragbborg-horcicovo-zlty\/"]}]},{"@type":"ImageObject","inLanguage":"de","@id":"https:\/\/www.tattja.com\/product\/damske-oblecenie-dvojset-ragbborg-horcicovo-zlty\/#primaryimage","url":"https:\/\/www.tattja.com\/wp-content\/uploads\/2026\/01\/horcicovo-zlty-dvojset-rukavniky-ciapka-spredu-19.webp","contentUrl":"https:\/\/www.tattja.com\/wp-content\/uploads\/2026\/01\/horcicovo-zlty-dvojset-rukavniky-ciapka-spredu-19.webp","width":1365,"height":2048,"caption":"Elegantn\u00fd pleten\u00fd dvojset RAGGBORG v hor\u010dicovo-\u017eltom odtieni \u2013 TATTJA"},{"@type":"BreadcrumbList","@id":"https:\/\/www.tattja.com\/product\/damske-oblecenie-dvojset-ragbborg-horcicovo-zlty\/#breadcrumb","itemListElement":[{"@type":"ListItem","position":1,"name":"Domov","item":"https:\/\/www.tattja.com\/"},{"@type":"ListItem","position":2,"name":"Produkty","item":"https:\/\/www.tattja.com\/damske-oblecenie-produkty\/"},{"@type":"ListItem","position":3,"name":"D\u00e1mske oble\u010denie 2-set RAGBBORG hor\u010dicovo-\u017elt\u00fd"}]},{"@type":"WebSite","@id":"https:\/\/www.tattja.com\/#website","url":"https:\/\/www.tattja.com\/","name":"TATTJA","description":"D\u00e1mske oble\u010denie z extra jemnej merino vlny \u2014 ru\u010dne pleten\u00e9 na Slovensku","potentialAction":[{"@type":"SearchAction","target":{"@type":"EntryPoint","urlTemplate":"https:\/\/www.tattja.com\/?s={search_term_string}"},"query-input":{"@type":"PropertyValueSpecification","valueRequired":true,"valueName":"search_term_string"}}],"inLanguage":"de"}]}},"_links":{"self":[{"href":"https:\/\/www.tattja.com\/de\/wp-json\/wp\/v2\/product\/1840","targetHints":{"allow":["GET"]}}],"collection":[{"href":"https:\/\/www.tattja.com\/de\/wp-json\/wp\/v2\/product"}],"about":[{"href":"https:\/\/www.tattja.com\/de\/wp-json\/wp\/v2\/types\/product"}],"replies":[{"embeddable":true,"href":"https:\/\/www.tattja.com\/de\/wp-json\/wp\/v2\/comments?post=1840"}],"version-history":[{"count":6,"href":"https:\/\/www.tattja.com\/de\/wp-json\/wp\/v2\/product\/1840\/revisions"}],"predecessor-version":[{"id":7718,"href":"https:\/\/www.tattja.com\/de\/wp-json\/wp\/v2\/product\/1840\/revisions\/7718"}],"wp:featuredmedia":[{"embeddable":true,"href":"https:\/\/www.tattja.com\/de\/wp-json\/wp\/v2\/media\/7543"}],"wp:attachment":[{"href":"https:\/\/www.tattja.com\/de\/wp-json\/wp\/v2\/media?parent=1840"}],"wp:term":[{"taxonomy":"product_brand","embeddable":true,"href":"https:\/\/www.tattja.com\/de\/wp-json\/wp\/v2\/product_brand?post=1840"},{"taxonomy":"product_cat","embeddable":true,"href":"https:\/\/www.tattja.com\/de\/wp-json\/wp\/v2\/product_cat?post=1840"},{"taxonomy":"product_tag","embeddable":true,"href":"https:\/\/www.tattja.com\/de\/wp-json\/wp\/v2\/product_tag?post=1840"}],"curies":[{"name":"wp","href":"https:\/\/api.w.org\/{rel}","templated":true}]}}