{"id":1844,"date":"2025-08-06T07:46:43","date_gmt":"2025-08-06T05:46:43","guid":{"rendered":"https:\/\/www.tattja.com\/?post_type=product&#038;p=1844"},"modified":"2026-04-05T19:45:07","modified_gmt":"2026-04-05T17:45:07","slug":"tattja-dvojset-ingeborg-horcicovo-zlty","status":"publish","type":"product","link":"https:\/\/www.tattja.com\/de\/product\/tattja-dvojset-ingeborg-horcicovo-zlty\/","title":{"rendered":"D\u00e1mske oble\u010denie 2-set INGEBORG hor\u010dicovo-\u017elt\u00fd"},"content":{"rendered":"<p data-start=\"933\" data-end=\"1210\"><strong data-start=\"933\" data-end=\"985\">Damenbekleidung Doppelset INGEBORG senfgelb<\/strong> steht f\u00fcr eine Verschmelzung von Energie, Eleganz und weiblichem Selbstbewusstsein. Dieses ikonische Set aus der Kollektion <strong data-start=\"1080\" data-end=\"1090\">TATTJA<\/strong> kombiniert eine M\u00fctze mit einem Schal und einem gestrickten Halsw\u00e4rmer zu einem harmonischen Ganzen, das Stil, Komfort und Funktionalit\u00e4t in einem verk\u00f6rpert.<\/p>\n<p data-start=\"1212\" data-end=\"1552\">Der senfgelbe Farbton symbolisiert W\u00e4rme, Optimismus und nat\u00fcrliche Ausstrahlung. Es ist eine Farbe, die ein Outfit aufhellt und sofort die Aufmerksamkeit auf sich zieht - sie wirkt luxuri\u00f6s und doch frisch. Sie l\u00e4sst sich sowohl mit neutralen als auch mit kontrastierenden Farben gut kombinieren, um mutige, aber dennoch ausgewogene Kombinationen f\u00fcr den Alltag und besondere Anl\u00e4sse zu schaffen.<\/p>\n<p data-start=\"1554\" data-end=\"1891\">Der Nackenw\u00e4rmer aus feinem Rippenstrick schmiegt sich sanft an Schultern und Nacken an, bietet ein w\u00e4rmendes Gef\u00fchl von Komfort und rundet gleichzeitig die Silhouette elegant ab. Die M\u00fctze mit Schild sch\u00fctzt den Kopf vor Wind und Sonne, w\u00e4hrend ihre Form dem Outfit einen modernen und femininen Touch verleiht. Durch die Kombination der beiden entsteht ein ausgewogenes Duett, das den unverwechselbaren Stil der Tr\u00e4gerin unterstreicht.<\/p>\n<p data-start=\"1893\" data-end=\"2135\">Damenbekleidung im Doppelpack <strong data-start=\"1901\" data-end=\"1928\">INGEBORG senfgelb<\/strong> wurde f\u00fcr Frauen entworfen, die die Kombination aus Funktionalit\u00e4t, \u00c4sthetik und Handwerkskunst lieben. Jedes Detail wird sorgf\u00e4ltig mit der Aufmerksamkeit f\u00fcr Pr\u00e4zision und zeitlose Eleganz gefertigt, die das Markenzeichen der Marke ist. <strong data-start=\"2114\" data-end=\"2124\">TATTJA<\/strong>typisch.<\/p>\n<p data-start=\"2137\" data-end=\"2242\">Entdecken Sie die Sch\u00f6nheit der Zartheit, die raffinierten Details und den femininen Stil, der Sie warm h\u00e4lt und <a href=\"https:\/\/www.tattja.com\/de\/product-category\/damske-oblecenie\/dvojsety\/nakrcnik-a-ciapka\/\">in anderen Farben<\/a>.<\/p>\n<p data-start=\"2244\" data-end=\"2395\"><strong data-start=\"2244\" data-end=\"2298\">Siehe, <a href=\"https:\/\/shop.bogensberger.co.at\/produkt-schlagwort\/merino-extrafein\/\">aus welchen Materialien<\/a> wir produzieren unsere St\u00fccke<\/strong> und g\u00f6nnen Sie sich einen Hauch von Premium-Luxus, der sich durch Komfort, Qualit\u00e4t und einzigartiges Design auszeichnet.<\/p>","protected":false},"excerpt":{"rendered":"<p data-start=\"735\" data-end=\"891\"><strong data-start=\"735\" data-end=\"787\">Damenbekleidung Doppelset INGEBORG senfgelb<\/strong> - Eine Verschmelzung von w\u00e4rmendem Komfort, Raffinesse und moderner Ausstrahlung in einem einzigen zeitlosen TATTJA Set.<\/p>","protected":false},"featured_media":7534,"comment_status":"open","ping_status":"closed","template":"","meta":[],"product_brand":[],"product_cat":[289,300,188,291,185],"product_tag":[],"class_list":{"0":"post-1844","1":"product","2":"type-product","3":"status-publish","4":"has-post-thumbnail","6":"product_cat-dvojsety","7":"product_cat-damske-oblecenie","8":"product_cat-dvojsety-horcicovo-zlte","9":"product_cat-nakrcnik-a-ciapka","10":"product_cat-pleteninove-doplnky-horcicovo-zlte","12":"first","13":"instock","14":"taxable","15":"shipping-taxable","16":"purchasable","17":"product-type-simple"},"yoast_head":"<!-- This site is optimized with the Yoast SEO plugin v26.0 - https:\/\/yoast.com\/wordpress\/plugins\/seo\/ -->\n<title>D\u00e1mske oble\u010denie 2-set INGEBORG hor\u010dicovo-\u017elt\u00fd - TATTJA<\/title>\n<meta name=\"description\" content=\"D\u00e1mske oble\u010denie dvojset INGEBORG hor\u010dicovo-\u017elt\u00fd \u2013 luxusn\u00fd set \u010diapky a n\u00e1kr\u010dn\u00edka v odtieni energie a elegancie, ktor\u00fd roz\u017eiari ka\u017ed\u00fd de\u0148.\" \/>\n<meta name=\"robots\" content=\"index, follow, max-snippet:-1, max-image-preview:large, max-video-preview:-1\" \/>\n<link rel=\"canonical\" href=\"https:\/\/www.tattja.com\/de\/product\/tattja-dvojset-ingeborg-horcicovo-zlty\/\" \/>\n<meta property=\"og:locale\" content=\"de_DE\" \/>\n<meta property=\"og:type\" content=\"article\" \/>\n<meta property=\"og:title\" content=\"D\u00e1mske oble\u010denie 2-set INGEBORG hor\u010dicovo-\u017elt\u00fd - TATTJA\" \/>\n<meta property=\"og:description\" content=\"D\u00e1mske oble\u010denie dvojset INGEBORG hor\u010dicovo-\u017elt\u00fd \u2013 luxusn\u00fd set \u010diapky a n\u00e1kr\u010dn\u00edka v odtieni energie a elegancie, ktor\u00fd roz\u017eiari ka\u017ed\u00fd de\u0148.\" \/>\n<meta property=\"og:url\" content=\"https:\/\/www.tattja.com\/de\/product\/tattja-dvojset-ingeborg-horcicovo-zlty\/\" \/>\n<meta property=\"og:site_name\" content=\"TATTJA\" \/>\n<meta property=\"article:modified_time\" content=\"2026-04-05T17:45:07+00:00\" \/>\n<meta property=\"og:image\" content=\"https:\/\/www.tattja.com\/wp-content\/uploads\/2026\/01\/horcicovo-zlty-dvojset-nakrcnik-ciapka-spredu-25.webp\" \/>\n\t<meta property=\"og:image:width\" content=\"1365\" \/>\n\t<meta property=\"og:image:height\" content=\"2048\" \/>\n\t<meta property=\"og:image:type\" content=\"image\/webp\" \/>\n<meta name=\"twitter:card\" content=\"summary_large_image\" \/>\n<meta name=\"twitter:label1\" content=\"Gesch\u00e4tzte Lesezeit\" \/>\n\t<meta name=\"twitter:data1\" content=\"2\u00a0Minuten\" \/>\n<script type=\"application\/ld+json\" class=\"yoast-schema-graph\">{\"@context\":\"https:\/\/schema.org\",\"@graph\":[{\"@type\":\"WebPage\",\"@id\":\"https:\/\/www.tattja.com\/product\/tattja-dvojset-ingeborg-horcicovo-zlty\/\",\"url\":\"https:\/\/www.tattja.com\/product\/tattja-dvojset-ingeborg-horcicovo-zlty\/\",\"name\":\"D\u00e1mske oble\u010denie 2-set INGEBORG hor\u010dicovo-\u017elt\u00fd - TATTJA\",\"isPartOf\":{\"@id\":\"https:\/\/www.tattja.com\/#website\"},\"primaryImageOfPage\":{\"@id\":\"https:\/\/www.tattja.com\/product\/tattja-dvojset-ingeborg-horcicovo-zlty\/#primaryimage\"},\"image\":{\"@id\":\"https:\/\/www.tattja.com\/product\/tattja-dvojset-ingeborg-horcicovo-zlty\/#primaryimage\"},\"thumbnailUrl\":\"https:\/\/www.tattja.com\/wp-content\/uploads\/2026\/01\/horcicovo-zlty-dvojset-nakrcnik-ciapka-spredu-25.webp\",\"datePublished\":\"2025-08-06T05:46:43+00:00\",\"dateModified\":\"2026-04-05T17:45:07+00:00\",\"description\":\"D\u00e1mske oble\u010denie dvojset INGEBORG hor\u010dicovo-\u017elt\u00fd \u2013 luxusn\u00fd set \u010diapky a n\u00e1kr\u010dn\u00edka v odtieni energie a elegancie, ktor\u00fd roz\u017eiari ka\u017ed\u00fd de\u0148.\",\"breadcrumb\":{\"@id\":\"https:\/\/www.tattja.com\/product\/tattja-dvojset-ingeborg-horcicovo-zlty\/#breadcrumb\"},\"inLanguage\":\"de\",\"potentialAction\":[{\"@type\":\"ReadAction\",\"target\":[\"https:\/\/www.tattja.com\/product\/tattja-dvojset-ingeborg-horcicovo-zlty\/\"]}]},{\"@type\":\"ImageObject\",\"inLanguage\":\"de\",\"@id\":\"https:\/\/www.tattja.com\/product\/tattja-dvojset-ingeborg-horcicovo-zlty\/#primaryimage\",\"url\":\"https:\/\/www.tattja.com\/wp-content\/uploads\/2026\/01\/horcicovo-zlty-dvojset-nakrcnik-ciapka-spredu-25.webp\",\"contentUrl\":\"https:\/\/www.tattja.com\/wp-content\/uploads\/2026\/01\/horcicovo-zlty-dvojset-nakrcnik-ciapka-spredu-25.webp\",\"width\":1365,\"height\":2048,\"caption\":\"Elegantn\u00fd pleten\u00fd dvojset INGEBORG v hor\u010dicovo-\u017eltom odtieni \u2013 TATTJA\"},{\"@type\":\"BreadcrumbList\",\"@id\":\"https:\/\/www.tattja.com\/product\/tattja-dvojset-ingeborg-horcicovo-zlty\/#breadcrumb\",\"itemListElement\":[{\"@type\":\"ListItem\",\"position\":1,\"name\":\"Domov\",\"item\":\"https:\/\/www.tattja.com\/\"},{\"@type\":\"ListItem\",\"position\":2,\"name\":\"Produkty\",\"item\":\"https:\/\/www.tattja.com\/damske-oblecenie-produkty\/\"},{\"@type\":\"ListItem\",\"position\":3,\"name\":\"D\u00e1mske oble\u010denie 2-set INGEBORG hor\u010dicovo-\u017elt\u00fd\"}]},{\"@type\":\"WebSite\",\"@id\":\"https:\/\/www.tattja.com\/#website\",\"url\":\"https:\/\/www.tattja.com\/\",\"name\":\"TATTJA\",\"description\":\"D\u00e1mske oble\u010denie z extra jemnej merino vlny \u2014 ru\u010dne pleten\u00e9 na Slovensku\",\"potentialAction\":[{\"@type\":\"SearchAction\",\"target\":{\"@type\":\"EntryPoint\",\"urlTemplate\":\"https:\/\/www.tattja.com\/?s={search_term_string}\"},\"query-input\":{\"@type\":\"PropertyValueSpecification\",\"valueRequired\":true,\"valueName\":\"search_term_string\"}}],\"inLanguage\":\"de\"}]}<\/script>\n<!-- \/ Yoast SEO plugin. -->","yoast_head_json":{"title":"D\u00e1mske oble\u010denie 2-set INGEBORG hor\u010dicovo-\u017elt\u00fd - TATTJA","description":"D\u00e1mske oble\u010denie dvojset INGEBORG hor\u010dicovo-\u017elt\u00fd \u2013 luxusn\u00fd set \u010diapky a n\u00e1kr\u010dn\u00edka v odtieni energie a elegancie, ktor\u00fd roz\u017eiari ka\u017ed\u00fd de\u0148.","robots":{"index":"index","follow":"follow","max-snippet":"max-snippet:-1","max-image-preview":"max-image-preview:large","max-video-preview":"max-video-preview:-1"},"canonical":"https:\/\/www.tattja.com\/de\/product\/tattja-dvojset-ingeborg-horcicovo-zlty\/","og_locale":"de_DE","og_type":"article","og_title":"D\u00e1mske oble\u010denie 2-set INGEBORG hor\u010dicovo-\u017elt\u00fd - TATTJA","og_description":"D\u00e1mske oble\u010denie dvojset INGEBORG hor\u010dicovo-\u017elt\u00fd \u2013 luxusn\u00fd set \u010diapky a n\u00e1kr\u010dn\u00edka v odtieni energie a elegancie, ktor\u00fd roz\u017eiari ka\u017ed\u00fd de\u0148.","og_url":"https:\/\/www.tattja.com\/de\/product\/tattja-dvojset-ingeborg-horcicovo-zlty\/","og_site_name":"TATTJA","article_modified_time":"2026-04-05T17:45:07+00:00","og_image":[{"width":1365,"height":2048,"url":"https:\/\/www.tattja.com\/wp-content\/uploads\/2026\/01\/horcicovo-zlty-dvojset-nakrcnik-ciapka-spredu-25.webp","type":"image\/webp"}],"twitter_card":"summary_large_image","twitter_misc":{"Gesch\u00e4tzte Lesezeit":"2\u00a0Minuten"},"schema":{"@context":"https:\/\/schema.org","@graph":[{"@type":"WebPage","@id":"https:\/\/www.tattja.com\/product\/tattja-dvojset-ingeborg-horcicovo-zlty\/","url":"https:\/\/www.tattja.com\/product\/tattja-dvojset-ingeborg-horcicovo-zlty\/","name":"D\u00e1mske oble\u010denie 2-set INGEBORG hor\u010dicovo-\u017elt\u00fd - TATTJA","isPartOf":{"@id":"https:\/\/www.tattja.com\/#website"},"primaryImageOfPage":{"@id":"https:\/\/www.tattja.com\/product\/tattja-dvojset-ingeborg-horcicovo-zlty\/#primaryimage"},"image":{"@id":"https:\/\/www.tattja.com\/product\/tattja-dvojset-ingeborg-horcicovo-zlty\/#primaryimage"},"thumbnailUrl":"https:\/\/www.tattja.com\/wp-content\/uploads\/2026\/01\/horcicovo-zlty-dvojset-nakrcnik-ciapka-spredu-25.webp","datePublished":"2025-08-06T05:46:43+00:00","dateModified":"2026-04-05T17:45:07+00:00","description":"D\u00e1mske oble\u010denie dvojset INGEBORG hor\u010dicovo-\u017elt\u00fd \u2013 luxusn\u00fd set \u010diapky a n\u00e1kr\u010dn\u00edka v odtieni energie a elegancie, ktor\u00fd roz\u017eiari ka\u017ed\u00fd de\u0148.","breadcrumb":{"@id":"https:\/\/www.tattja.com\/product\/tattja-dvojset-ingeborg-horcicovo-zlty\/#breadcrumb"},"inLanguage":"de","potentialAction":[{"@type":"ReadAction","target":["https:\/\/www.tattja.com\/product\/tattja-dvojset-ingeborg-horcicovo-zlty\/"]}]},{"@type":"ImageObject","inLanguage":"de","@id":"https:\/\/www.tattja.com\/product\/tattja-dvojset-ingeborg-horcicovo-zlty\/#primaryimage","url":"https:\/\/www.tattja.com\/wp-content\/uploads\/2026\/01\/horcicovo-zlty-dvojset-nakrcnik-ciapka-spredu-25.webp","contentUrl":"https:\/\/www.tattja.com\/wp-content\/uploads\/2026\/01\/horcicovo-zlty-dvojset-nakrcnik-ciapka-spredu-25.webp","width":1365,"height":2048,"caption":"Elegantn\u00fd pleten\u00fd dvojset INGEBORG v hor\u010dicovo-\u017eltom odtieni \u2013 TATTJA"},{"@type":"BreadcrumbList","@id":"https:\/\/www.tattja.com\/product\/tattja-dvojset-ingeborg-horcicovo-zlty\/#breadcrumb","itemListElement":[{"@type":"ListItem","position":1,"name":"Domov","item":"https:\/\/www.tattja.com\/"},{"@type":"ListItem","position":2,"name":"Produkty","item":"https:\/\/www.tattja.com\/damske-oblecenie-produkty\/"},{"@type":"ListItem","position":3,"name":"D\u00e1mske oble\u010denie 2-set INGEBORG hor\u010dicovo-\u017elt\u00fd"}]},{"@type":"WebSite","@id":"https:\/\/www.tattja.com\/#website","url":"https:\/\/www.tattja.com\/","name":"TATTJA","description":"D\u00e1mske oble\u010denie z extra jemnej merino vlny \u2014 ru\u010dne pleten\u00e9 na Slovensku","potentialAction":[{"@type":"SearchAction","target":{"@type":"EntryPoint","urlTemplate":"https:\/\/www.tattja.com\/?s={search_term_string}"},"query-input":{"@type":"PropertyValueSpecification","valueRequired":true,"valueName":"search_term_string"}}],"inLanguage":"de"}]}},"_links":{"self":[{"href":"https:\/\/www.tattja.com\/de\/wp-json\/wp\/v2\/product\/1844","targetHints":{"allow":["GET"]}}],"collection":[{"href":"https:\/\/www.tattja.com\/de\/wp-json\/wp\/v2\/product"}],"about":[{"href":"https:\/\/www.tattja.com\/de\/wp-json\/wp\/v2\/types\/product"}],"replies":[{"embeddable":true,"href":"https:\/\/www.tattja.com\/de\/wp-json\/wp\/v2\/comments?post=1844"}],"version-history":[{"count":6,"href":"https:\/\/www.tattja.com\/de\/wp-json\/wp\/v2\/product\/1844\/revisions"}],"predecessor-version":[{"id":7267,"href":"https:\/\/www.tattja.com\/de\/wp-json\/wp\/v2\/product\/1844\/revisions\/7267"}],"wp:featuredmedia":[{"embeddable":true,"href":"https:\/\/www.tattja.com\/de\/wp-json\/wp\/v2\/media\/7534"}],"wp:attachment":[{"href":"https:\/\/www.tattja.com\/de\/wp-json\/wp\/v2\/media?parent=1844"}],"wp:term":[{"taxonomy":"product_brand","embeddable":true,"href":"https:\/\/www.tattja.com\/de\/wp-json\/wp\/v2\/product_brand?post=1844"},{"taxonomy":"product_cat","embeddable":true,"href":"https:\/\/www.tattja.com\/de\/wp-json\/wp\/v2\/product_cat?post=1844"},{"taxonomy":"product_tag","embeddable":true,"href":"https:\/\/www.tattja.com\/de\/wp-json\/wp\/v2\/product_tag?post=1844"}],"curies":[{"name":"wp","href":"https:\/\/api.w.org\/{rel}","templated":true}]}}