{"id":1848,"date":"2025-08-06T07:50:44","date_gmt":"2025-08-06T05:50:44","guid":{"rendered":"https:\/\/www.tattja.com\/?post_type=product&#038;p=1848"},"modified":"2026-04-05T19:45:06","modified_gmt":"2026-04-05T17:45:06","slug":"damske-oblecenie-trojset-gunvar-horcicovo-zlty","status":"publish","type":"product","link":"https:\/\/www.tattja.com\/de\/product\/damske-oblecenie-trojset-gunvar-horcicovo-zlty\/","title":{"rendered":"D\u00e1mske oble\u010denie 3-set GUNVAR hor\u010dicovo-\u017elt\u00fd"},"content":{"rendered":"<p data-start=\"1014\" data-end=\"1247\"><strong data-start=\"1014\" data-end=\"1064\">Damenbekleidung triset GUNVAR senfgelb<\/strong> vereinigt Eleganz, Energie und Funktionalit\u00e4t in einem au\u00dfergew\u00f6hnlichen Set. Dieses Modell aus der <strong data-start=\"1161\" data-end=\"1171\">TATTJA<\/strong> wurde f\u00fcr moderne Frauen geschaffen, die Stil lieben, aber nicht auf Komfort verzichten wollen.<\/p>\n<p data-start=\"1249\" data-end=\"1634\">Das dreiteilige Set besteht aus drei raffinierten Teilen - einem Shrug, Armstulpen und einer M\u00fctze mit Schal. Der Latz formt sanft die Taille, sch\u00fctzt die Lenden und w\u00e4rmt an kalten Tagen. Die \u00c4rmel sorgen f\u00fcr mehr Bewegungsfreiheit und verleihen dem Outfit Raffinesse, w\u00e4hrend die M\u00fctze mit Schal ein modernes Detail ist, das die Pers\u00f6nlichkeit unterstreicht. Zusammen bilden sie ein harmonisches Ganzes, das gleichzeitig praktisch und \u00e4sthetisch ist.<\/p>\n<p data-start=\"1636\" data-end=\"1977\">Die Farbe Senfgelb bringt sonnige Energie und Optimismus in den Kleiderschrank. Sie strahlt Selbstvertrauen, Vitalit\u00e4t und weibliche St\u00e4rke aus. Sie ist ideal f\u00fcr Frauen, die auf elegante Weise beeindrucken wollen - mit einer Dosis Originalit\u00e4t und Stil. Dieser Farbton l\u00e4sst sich wunderbar mit neutralen T\u00f6nen wie Grau, Creme oder Schwarz kombinieren, so dass das Dreierset immer frisch und zeitlos wirkt.<\/p>\n<p data-start=\"1979\" data-end=\"2192\">Das Gestrick mit feiner Rippenstruktur ist dehnbar, weich und passt sich der Figur an. Jedes St\u00fcck aus der Kollektion <strong data-start=\"2085\" data-end=\"2095\">TATTJA<\/strong>zeichnet sich durch pr\u00e4zise Verarbeitung und Liebe zum Detail aus, was hohen Komfort und lange Lebensdauer garantiert.<\/p>\n<p data-start=\"2194\" data-end=\"2312\">Das senfgelbe Damen-Dreierset von GUNVAR ist mehr als nur ein Accessoire - es ist ein Ausdruck von Pers\u00f6nlichkeit, Kreativit\u00e4t und nat\u00fcrlicher Eleganz.<\/p>\n<p data-start=\"2314\" data-end=\"2419\">Entdecken Sie die Sch\u00f6nheit der Zartheit, die raffinierten Details und den femininen Stil, der Sie warm h\u00e4lt und <a href=\"https:\/\/www.tattja.com\/de\/product-category\/damske-oblecenie\/trojsety-3\/driekovnik-a-rukavniky-a-ciapka\/\">in anderen Farben.<\/a><\/p>\n<p data-start=\"2421\" data-end=\"2554\"><strong data-start=\"2421\" data-end=\"2475\">Siehe, <a href=\"https:\/\/shop.bogensberger.co.at\/produkt-schlagwort\/merino-extrafein\/\">aus welchen Materialien<\/a> wir produzieren unsere St\u00fccke<\/strong> und g\u00f6nnen Sie sich einen originellen Hauch von Luxus in Form von modischer Kunst von <strong data-start=\"2541\" data-end=\"2551\">TATTJA<\/strong>.<\/p>","protected":false},"excerpt":{"rendered":"<p data-start=\"657\" data-end=\"972\"><strong data-start=\"657\" data-end=\"707\">Damenbekleidung triset GUNVAR senfgelb<\/strong> ist ein Symbol f\u00fcr Energie, Mut und Weiblichkeit. Der Kragen betont die Taille, die \u00c4rmel verleihen Anmut, und die M\u00fctze mit Schal verleiht dem Outfit einen modernen Touch. Der senfgelbe Farbton strahlt W\u00e4rme, Vitalit\u00e4t und Stilsicherheit aus - so wie es die Marke beschreibt <strong data-start=\"959\" data-end=\"969\">TATTJA<\/strong>.<\/p>","protected":false},"featured_media":7555,"comment_status":"open","ping_status":"closed","template":"","meta":[],"product_brand":[],"product_cat":[284,300,288,185,187],"product_tag":[],"class_list":{"0":"post-1848","1":"product","2":"type-product","3":"status-publish","4":"has-post-thumbnail","6":"product_cat-trojsety-3","7":"product_cat-damske-oblecenie","8":"product_cat-driekovnik-a-rukavniky-a-ciapka","9":"product_cat-pleteninove-doplnky-horcicovo-zlte","10":"product_cat-trojsety-horcicovo-zlte","12":"first","13":"instock","14":"taxable","15":"shipping-taxable","16":"purchasable","17":"product-type-simple"},"yoast_head":"<!-- This site is optimized with the Yoast SEO plugin v26.0 - https:\/\/yoast.com\/wordpress\/plugins\/seo\/ -->\n<title>D\u00e1mske oble\u010denie 3-set GUNVAR hor\u010dicovo-\u017elt\u00fd - TATTJA<\/title>\n<meta name=\"description\" content=\"D\u00e1mske oble\u010denie trojset GUNVAR hor\u010dicovo-\u017elt\u00fd \u2013 luxusn\u00fd pleten\u00fd set TATTJA, ktor\u00fd sp\u00e1ja energiu, \u0161t\u00fdl a pohodlie v \u017eiarivej farbe noblesy.\" \/>\n<meta name=\"robots\" content=\"index, follow, max-snippet:-1, max-image-preview:large, max-video-preview:-1\" \/>\n<link rel=\"canonical\" href=\"https:\/\/www.tattja.com\/de\/product\/damske-oblecenie-trojset-gunvar-horcicovo-zlty\/\" \/>\n<meta property=\"og:locale\" content=\"de_DE\" \/>\n<meta property=\"og:type\" content=\"article\" \/>\n<meta property=\"og:title\" content=\"D\u00e1mske oble\u010denie 3-set GUNVAR hor\u010dicovo-\u017elt\u00fd - TATTJA\" \/>\n<meta property=\"og:description\" content=\"D\u00e1mske oble\u010denie trojset GUNVAR hor\u010dicovo-\u017elt\u00fd \u2013 luxusn\u00fd pleten\u00fd set TATTJA, ktor\u00fd sp\u00e1ja energiu, \u0161t\u00fdl a pohodlie v \u017eiarivej farbe noblesy.\" \/>\n<meta property=\"og:url\" content=\"https:\/\/www.tattja.com\/de\/product\/damske-oblecenie-trojset-gunvar-horcicovo-zlty\/\" \/>\n<meta property=\"og:site_name\" content=\"TATTJA\" \/>\n<meta property=\"article:modified_time\" content=\"2026-04-05T17:45:06+00:00\" \/>\n<meta property=\"og:image\" content=\"https:\/\/www.tattja.com\/wp-content\/uploads\/2026\/01\/horcicovo-zlty-trojset-driekovnik-rukavniky-ciapka-spredu-40.webp\" \/>\n\t<meta property=\"og:image:width\" content=\"1365\" \/>\n\t<meta property=\"og:image:height\" content=\"2048\" \/>\n\t<meta property=\"og:image:type\" content=\"image\/webp\" \/>\n<meta name=\"twitter:card\" content=\"summary_large_image\" \/>\n<meta name=\"twitter:label1\" content=\"Gesch\u00e4tzte Lesezeit\" \/>\n\t<meta name=\"twitter:data1\" content=\"2\u00a0Minuten\" \/>\n<script type=\"application\/ld+json\" class=\"yoast-schema-graph\">{\"@context\":\"https:\/\/schema.org\",\"@graph\":[{\"@type\":\"WebPage\",\"@id\":\"https:\/\/www.tattja.com\/product\/damske-oblecenie-trojset-gunvar-horcicovo-zlty\/\",\"url\":\"https:\/\/www.tattja.com\/product\/damske-oblecenie-trojset-gunvar-horcicovo-zlty\/\",\"name\":\"D\u00e1mske oble\u010denie 3-set GUNVAR hor\u010dicovo-\u017elt\u00fd - TATTJA\",\"isPartOf\":{\"@id\":\"https:\/\/www.tattja.com\/#website\"},\"primaryImageOfPage\":{\"@id\":\"https:\/\/www.tattja.com\/product\/damske-oblecenie-trojset-gunvar-horcicovo-zlty\/#primaryimage\"},\"image\":{\"@id\":\"https:\/\/www.tattja.com\/product\/damske-oblecenie-trojset-gunvar-horcicovo-zlty\/#primaryimage\"},\"thumbnailUrl\":\"https:\/\/www.tattja.com\/wp-content\/uploads\/2026\/01\/horcicovo-zlty-trojset-driekovnik-rukavniky-ciapka-spredu-40.webp\",\"datePublished\":\"2025-08-06T05:50:44+00:00\",\"dateModified\":\"2026-04-05T17:45:06+00:00\",\"description\":\"D\u00e1mske oble\u010denie trojset GUNVAR hor\u010dicovo-\u017elt\u00fd \u2013 luxusn\u00fd pleten\u00fd set TATTJA, ktor\u00fd sp\u00e1ja energiu, \u0161t\u00fdl a pohodlie v \u017eiarivej farbe noblesy.\",\"breadcrumb\":{\"@id\":\"https:\/\/www.tattja.com\/product\/damske-oblecenie-trojset-gunvar-horcicovo-zlty\/#breadcrumb\"},\"inLanguage\":\"de\",\"potentialAction\":[{\"@type\":\"ReadAction\",\"target\":[\"https:\/\/www.tattja.com\/product\/damske-oblecenie-trojset-gunvar-horcicovo-zlty\/\"]}]},{\"@type\":\"ImageObject\",\"inLanguage\":\"de\",\"@id\":\"https:\/\/www.tattja.com\/product\/damske-oblecenie-trojset-gunvar-horcicovo-zlty\/#primaryimage\",\"url\":\"https:\/\/www.tattja.com\/wp-content\/uploads\/2026\/01\/horcicovo-zlty-trojset-driekovnik-rukavniky-ciapka-spredu-40.webp\",\"contentUrl\":\"https:\/\/www.tattja.com\/wp-content\/uploads\/2026\/01\/horcicovo-zlty-trojset-driekovnik-rukavniky-ciapka-spredu-40.webp\",\"width\":1365,\"height\":2048,\"caption\":\"Elegantn\u00fd pleten\u00fd trojset GUNVAR v hor\u010dicovo-\u017eltom odtieni \u2013 TATTJA\"},{\"@type\":\"BreadcrumbList\",\"@id\":\"https:\/\/www.tattja.com\/product\/damske-oblecenie-trojset-gunvar-horcicovo-zlty\/#breadcrumb\",\"itemListElement\":[{\"@type\":\"ListItem\",\"position\":1,\"name\":\"Domov\",\"item\":\"https:\/\/www.tattja.com\/\"},{\"@type\":\"ListItem\",\"position\":2,\"name\":\"Produkty\",\"item\":\"https:\/\/www.tattja.com\/damske-oblecenie-produkty\/\"},{\"@type\":\"ListItem\",\"position\":3,\"name\":\"D\u00e1mske oble\u010denie 3-set GUNVAR hor\u010dicovo-\u017elt\u00fd\"}]},{\"@type\":\"WebSite\",\"@id\":\"https:\/\/www.tattja.com\/#website\",\"url\":\"https:\/\/www.tattja.com\/\",\"name\":\"TATTJA\",\"description\":\"D\u00e1mske oble\u010denie z extra jemnej merino vlny \u2014 ru\u010dne pleten\u00e9 na Slovensku\",\"potentialAction\":[{\"@type\":\"SearchAction\",\"target\":{\"@type\":\"EntryPoint\",\"urlTemplate\":\"https:\/\/www.tattja.com\/?s={search_term_string}\"},\"query-input\":{\"@type\":\"PropertyValueSpecification\",\"valueRequired\":true,\"valueName\":\"search_term_string\"}}],\"inLanguage\":\"de\"}]}<\/script>\n<!-- \/ Yoast SEO plugin. -->","yoast_head_json":{"title":"D\u00e1mske oble\u010denie 3-set GUNVAR hor\u010dicovo-\u017elt\u00fd - TATTJA","description":"D\u00e1mske oble\u010denie trojset GUNVAR hor\u010dicovo-\u017elt\u00fd \u2013 luxusn\u00fd pleten\u00fd set TATTJA, ktor\u00fd sp\u00e1ja energiu, \u0161t\u00fdl a pohodlie v \u017eiarivej farbe noblesy.","robots":{"index":"index","follow":"follow","max-snippet":"max-snippet:-1","max-image-preview":"max-image-preview:large","max-video-preview":"max-video-preview:-1"},"canonical":"https:\/\/www.tattja.com\/de\/product\/damske-oblecenie-trojset-gunvar-horcicovo-zlty\/","og_locale":"de_DE","og_type":"article","og_title":"D\u00e1mske oble\u010denie 3-set GUNVAR hor\u010dicovo-\u017elt\u00fd - TATTJA","og_description":"D\u00e1mske oble\u010denie trojset GUNVAR hor\u010dicovo-\u017elt\u00fd \u2013 luxusn\u00fd pleten\u00fd set TATTJA, ktor\u00fd sp\u00e1ja energiu, \u0161t\u00fdl a pohodlie v \u017eiarivej farbe noblesy.","og_url":"https:\/\/www.tattja.com\/de\/product\/damske-oblecenie-trojset-gunvar-horcicovo-zlty\/","og_site_name":"TATTJA","article_modified_time":"2026-04-05T17:45:06+00:00","og_image":[{"width":1365,"height":2048,"url":"https:\/\/www.tattja.com\/wp-content\/uploads\/2026\/01\/horcicovo-zlty-trojset-driekovnik-rukavniky-ciapka-spredu-40.webp","type":"image\/webp"}],"twitter_card":"summary_large_image","twitter_misc":{"Gesch\u00e4tzte Lesezeit":"2\u00a0Minuten"},"schema":{"@context":"https:\/\/schema.org","@graph":[{"@type":"WebPage","@id":"https:\/\/www.tattja.com\/product\/damske-oblecenie-trojset-gunvar-horcicovo-zlty\/","url":"https:\/\/www.tattja.com\/product\/damske-oblecenie-trojset-gunvar-horcicovo-zlty\/","name":"D\u00e1mske oble\u010denie 3-set GUNVAR hor\u010dicovo-\u017elt\u00fd - TATTJA","isPartOf":{"@id":"https:\/\/www.tattja.com\/#website"},"primaryImageOfPage":{"@id":"https:\/\/www.tattja.com\/product\/damske-oblecenie-trojset-gunvar-horcicovo-zlty\/#primaryimage"},"image":{"@id":"https:\/\/www.tattja.com\/product\/damske-oblecenie-trojset-gunvar-horcicovo-zlty\/#primaryimage"},"thumbnailUrl":"https:\/\/www.tattja.com\/wp-content\/uploads\/2026\/01\/horcicovo-zlty-trojset-driekovnik-rukavniky-ciapka-spredu-40.webp","datePublished":"2025-08-06T05:50:44+00:00","dateModified":"2026-04-05T17:45:06+00:00","description":"D\u00e1mske oble\u010denie trojset GUNVAR hor\u010dicovo-\u017elt\u00fd \u2013 luxusn\u00fd pleten\u00fd set TATTJA, ktor\u00fd sp\u00e1ja energiu, \u0161t\u00fdl a pohodlie v \u017eiarivej farbe noblesy.","breadcrumb":{"@id":"https:\/\/www.tattja.com\/product\/damske-oblecenie-trojset-gunvar-horcicovo-zlty\/#breadcrumb"},"inLanguage":"de","potentialAction":[{"@type":"ReadAction","target":["https:\/\/www.tattja.com\/product\/damske-oblecenie-trojset-gunvar-horcicovo-zlty\/"]}]},{"@type":"ImageObject","inLanguage":"de","@id":"https:\/\/www.tattja.com\/product\/damske-oblecenie-trojset-gunvar-horcicovo-zlty\/#primaryimage","url":"https:\/\/www.tattja.com\/wp-content\/uploads\/2026\/01\/horcicovo-zlty-trojset-driekovnik-rukavniky-ciapka-spredu-40.webp","contentUrl":"https:\/\/www.tattja.com\/wp-content\/uploads\/2026\/01\/horcicovo-zlty-trojset-driekovnik-rukavniky-ciapka-spredu-40.webp","width":1365,"height":2048,"caption":"Elegantn\u00fd pleten\u00fd trojset GUNVAR v hor\u010dicovo-\u017eltom odtieni \u2013 TATTJA"},{"@type":"BreadcrumbList","@id":"https:\/\/www.tattja.com\/product\/damske-oblecenie-trojset-gunvar-horcicovo-zlty\/#breadcrumb","itemListElement":[{"@type":"ListItem","position":1,"name":"Domov","item":"https:\/\/www.tattja.com\/"},{"@type":"ListItem","position":2,"name":"Produkty","item":"https:\/\/www.tattja.com\/damske-oblecenie-produkty\/"},{"@type":"ListItem","position":3,"name":"D\u00e1mske oble\u010denie 3-set GUNVAR hor\u010dicovo-\u017elt\u00fd"}]},{"@type":"WebSite","@id":"https:\/\/www.tattja.com\/#website","url":"https:\/\/www.tattja.com\/","name":"TATTJA","description":"D\u00e1mske oble\u010denie z extra jemnej merino vlny \u2014 ru\u010dne pleten\u00e9 na Slovensku","potentialAction":[{"@type":"SearchAction","target":{"@type":"EntryPoint","urlTemplate":"https:\/\/www.tattja.com\/?s={search_term_string}"},"query-input":{"@type":"PropertyValueSpecification","valueRequired":true,"valueName":"search_term_string"}}],"inLanguage":"de"}]}},"_links":{"self":[{"href":"https:\/\/www.tattja.com\/de\/wp-json\/wp\/v2\/product\/1848","targetHints":{"allow":["GET"]}}],"collection":[{"href":"https:\/\/www.tattja.com\/de\/wp-json\/wp\/v2\/product"}],"about":[{"href":"https:\/\/www.tattja.com\/de\/wp-json\/wp\/v2\/types\/product"}],"replies":[{"embeddable":true,"href":"https:\/\/www.tattja.com\/de\/wp-json\/wp\/v2\/comments?post=1848"}],"version-history":[{"count":6,"href":"https:\/\/www.tattja.com\/de\/wp-json\/wp\/v2\/product\/1848\/revisions"}],"predecessor-version":[{"id":7265,"href":"https:\/\/www.tattja.com\/de\/wp-json\/wp\/v2\/product\/1848\/revisions\/7265"}],"wp:featuredmedia":[{"embeddable":true,"href":"https:\/\/www.tattja.com\/de\/wp-json\/wp\/v2\/media\/7555"}],"wp:attachment":[{"href":"https:\/\/www.tattja.com\/de\/wp-json\/wp\/v2\/media?parent=1848"}],"wp:term":[{"taxonomy":"product_brand","embeddable":true,"href":"https:\/\/www.tattja.com\/de\/wp-json\/wp\/v2\/product_brand?post=1848"},{"taxonomy":"product_cat","embeddable":true,"href":"https:\/\/www.tattja.com\/de\/wp-json\/wp\/v2\/product_cat?post=1848"},{"taxonomy":"product_tag","embeddable":true,"href":"https:\/\/www.tattja.com\/de\/wp-json\/wp\/v2\/product_tag?post=1848"}],"curies":[{"name":"wp","href":"https:\/\/api.w.org\/{rel}","templated":true}]}}