{"id":1862,"date":"2025-08-08T07:22:48","date_gmt":"2025-08-08T05:22:48","guid":{"rendered":"https:\/\/www.tattja.com\/?post_type=product&#038;p=1862"},"modified":"2026-04-05T19:45:06","modified_gmt":"2026-04-05T17:45:06","slug":"damske-oblecenie-ciapka-anja-cerveno-oranzova-lososova","status":"publish","type":"product","link":"https:\/\/www.tattja.com\/de\/product\/damske-oblecenie-ciapka-anja-cerveno-oranzova-lososova\/","title":{"rendered":"Damenbekleidung M\u00fctze ANJA rot-orange-lachs"},"content":{"rendered":"<p data-start=\"911\" data-end=\"1191\"><strong data-start=\"911\" data-end=\"969\">Damenbekleidung M\u00fctze ANJA rot-orange-lachs<\/strong> ist eine Kombination aus Energie, Weiblichkeit und zeitlosem Stil. Dieses au\u00dfergew\u00f6hnliche Accessoire aus der Kollektion <strong data-start=\"1057\" data-end=\"1067\">TATTJA<\/strong> besticht durch seine frische Farbe, das bequeme Gestrick und die pr\u00e4zise Verarbeitung, die den au\u00dfergew\u00f6hnlichen Charakter der Marke unterstreicht.<\/p>\n<p data-start=\"1193\" data-end=\"1532\">Der lebendige Farbton oszilliert zwischen intensivem Rot, warmem Orange und der Sanftheit eines Lachstons. Diese Farbharmonie l\u00e4sst die M\u00fctze verspielt und doch elegant wirken. Sie bringt Optimismus, Freude und femininen Charme in das Outfit. Sie l\u00e4sst sich gut mit neutralen T\u00f6nen und kontrastierenden Teilen kombinieren und er\u00f6ffnet unendliche Stylingm\u00f6glichkeiten.<\/p>\n<p data-start=\"1534\" data-end=\"1777\">Der feine Rippenstrick passt sich der Kopfform an und sorgt f\u00fcr ein angenehmes Gef\u00fchl von W\u00e4rme und Komfort. Das Material f\u00fchlt sich weich an und beh\u00e4lt dennoch seine Form und elegante Textur. Dank der pr\u00e4zisen Verarbeitung verbindet die M\u00fctze Praktikabilit\u00e4t mit \u00e4sthetischer Perfektion.<\/p>\n<p data-start=\"1779\" data-end=\"2054\">Die raffinierte Silhouette verleiht der M\u00fctze einen modernen, urbanen Touch und erh\u00f6ht ihre Funktionalit\u00e4t. Sie sch\u00fctzt die Augen vor Wind und Sonnenstrahlen und schafft eine raffinierte Silhouette. Dieses Detail hebt das Modell von anderen ab <strong data-start=\"1964\" data-end=\"1972\">ANJA<\/strong> von gew\u00f6hnlichen Strickm\u00fctzen und macht sie zu einem ikonischen Accessoire f\u00fcr den t\u00e4glichen Stil.<\/p>\n<p data-start=\"2056\" data-end=\"2305\"><strong data-start=\"2056\" data-end=\"2097\">Damenbekleidung M\u00fctze ANJA rot-orange-lachs<\/strong> hebt sich sowohl allein als auch in Kombination mit anderen Teilen der Kollektion hervor <strong data-start=\"2162\" data-end=\"2172\">TATTJA<\/strong>- mit einem Hemdkragen, Armb\u00e4ndern oder einem Halsw\u00e4rmer. Zusammen bilden sie ein harmonisches Ganzes, das Komfort, Originalit\u00e4t und feminine Eleganz vereint.<\/p>\n<p data-start=\"2307\" data-end=\"2412\">Entdecken Sie die Sch\u00f6nheit der Zartheit, die raffinierten Details und den femininen Stil, der Sie warm h\u00e4lt und <a href=\"https:\/\/www.tattja.com\/de\/product-category\/damske-oblecenie\/doplnky-jednotlivo\/ciapky\/\">in anderen Farben<\/a>.<\/p>\n<p data-start=\"2414\" data-end=\"2527\"><strong data-start=\"2414\" data-end=\"2468\">Siehe, <a href=\"https:\/\/shop.bogensberger.co.at\/produkt-schlagwort\/merino-extrafein\/\">aus welchen Materialien<\/a> wir produzieren unsere St\u00fccke<\/strong> und g\u00f6nnen Sie sich einen Hauch von Luxus, den Sie in jeder Faser sp\u00fcren k\u00f6nnen.<\/p>","protected":false},"excerpt":{"rendered":"<p><strong data-start=\"704\" data-end=\"762\">Damenbekleidung M\u00fctze ANJA rot-orange-lachs<\/strong> - Eine lebendige Strickm\u00fctze mit Schal, die W\u00e4rme, Weiblichkeit und Verspieltheit in einem einzigartig modischen Design vereint.<\/p>","protected":false},"featured_media":7077,"comment_status":"open","ping_status":"closed","template":"","meta":[],"product_brand":[],"product_cat":[176,282,300,298,169],"product_tag":[],"class_list":{"0":"post-1862","1":"product","2":"type-product","3":"status-publish","4":"has-post-thumbnail","6":"product_cat-ciapka-cervenooranzova-lososova","7":"product_cat-ciapky","8":"product_cat-damske-oblecenie","9":"product_cat-doplnky-jednotlivo","10":"product_cat-pleteninove-doplnky-cervenooranzove-lososove","12":"first","13":"instock","14":"taxable","15":"shipping-taxable","16":"purchasable","17":"product-type-simple"},"yoast_head":"<!-- This site is optimized with the Yoast SEO plugin v26.0 - https:\/\/yoast.com\/wordpress\/plugins\/seo\/ -->\n<title>D\u00e1mske oble\u010denie \u010diapka ANJA \u010derveno-oran\u017eov\u00e1-lososov\u00e1 - TATTJA<\/title>\n<meta name=\"description\" content=\"D\u00e1mske oble\u010denie \u010diapka ANJA \u010derveno-oran\u017eovo-lososov\u00e1 \u2013 svie\u017ea energia, \u017eensk\u00fd \u0161arm a jemn\u00e1 pletenina pre pohodlie a \u0161t\u00fdl po\u010das chladn\u00fdch dn\u00ed.\" \/>\n<meta name=\"robots\" content=\"index, follow, max-snippet:-1, max-image-preview:large, max-video-preview:-1\" \/>\n<link rel=\"canonical\" href=\"https:\/\/www.tattja.com\/de\/product\/damske-oblecenie-ciapka-anja-cerveno-oranzova-lososova\/\" \/>\n<meta property=\"og:locale\" content=\"de_DE\" \/>\n<meta property=\"og:type\" content=\"article\" \/>\n<meta property=\"og:title\" content=\"D\u00e1mske oble\u010denie \u010diapka ANJA \u010derveno-oran\u017eov\u00e1-lososov\u00e1 - TATTJA\" \/>\n<meta property=\"og:description\" content=\"D\u00e1mske oble\u010denie \u010diapka ANJA \u010derveno-oran\u017eovo-lososov\u00e1 \u2013 svie\u017ea energia, \u017eensk\u00fd \u0161arm a jemn\u00e1 pletenina pre pohodlie a \u0161t\u00fdl po\u010das chladn\u00fdch dn\u00ed.\" \/>\n<meta property=\"og:url\" content=\"https:\/\/www.tattja.com\/de\/product\/damske-oblecenie-ciapka-anja-cerveno-oranzova-lososova\/\" \/>\n<meta property=\"og:site_name\" content=\"TATTJA\" \/>\n<meta property=\"article:modified_time\" content=\"2026-04-05T17:45:06+00:00\" \/>\n<meta property=\"og:image\" content=\"https:\/\/www.tattja.com\/wp-content\/uploads\/2025\/12\/cerveno-oranzovy-lososovy-ciapka-spredu-43.webp\" \/>\n\t<meta property=\"og:image:width\" content=\"1365\" \/>\n\t<meta property=\"og:image:height\" content=\"2048\" \/>\n\t<meta property=\"og:image:type\" content=\"image\/webp\" \/>\n<meta name=\"twitter:card\" content=\"summary_large_image\" \/>\n<meta name=\"twitter:label1\" content=\"Gesch\u00e4tzte Lesezeit\" \/>\n\t<meta name=\"twitter:data1\" content=\"2\u00a0Minuten\" \/>\n<script type=\"application\/ld+json\" class=\"yoast-schema-graph\">{\"@context\":\"https:\/\/schema.org\",\"@graph\":[{\"@type\":\"WebPage\",\"@id\":\"https:\/\/www.tattja.com\/product\/damske-oblecenie-ciapka-anja-cerveno-oranzova-lososova\/\",\"url\":\"https:\/\/www.tattja.com\/product\/damske-oblecenie-ciapka-anja-cerveno-oranzova-lososova\/\",\"name\":\"D\u00e1mske oble\u010denie \u010diapka ANJA \u010derveno-oran\u017eov\u00e1-lososov\u00e1 - TATTJA\",\"isPartOf\":{\"@id\":\"https:\/\/www.tattja.com\/#website\"},\"primaryImageOfPage\":{\"@id\":\"https:\/\/www.tattja.com\/product\/damske-oblecenie-ciapka-anja-cerveno-oranzova-lososova\/#primaryimage\"},\"image\":{\"@id\":\"https:\/\/www.tattja.com\/product\/damske-oblecenie-ciapka-anja-cerveno-oranzova-lososova\/#primaryimage\"},\"thumbnailUrl\":\"https:\/\/www.tattja.com\/wp-content\/uploads\/2025\/12\/cerveno-oranzovy-lososovy-ciapka-spredu-43.webp\",\"datePublished\":\"2025-08-08T05:22:48+00:00\",\"dateModified\":\"2026-04-05T17:45:06+00:00\",\"description\":\"D\u00e1mske oble\u010denie \u010diapka ANJA \u010derveno-oran\u017eovo-lososov\u00e1 \u2013 svie\u017ea energia, \u017eensk\u00fd \u0161arm a jemn\u00e1 pletenina pre pohodlie a \u0161t\u00fdl po\u010das chladn\u00fdch dn\u00ed.\",\"breadcrumb\":{\"@id\":\"https:\/\/www.tattja.com\/product\/damske-oblecenie-ciapka-anja-cerveno-oranzova-lososova\/#breadcrumb\"},\"inLanguage\":\"de\",\"potentialAction\":[{\"@type\":\"ReadAction\",\"target\":[\"https:\/\/www.tattja.com\/product\/damske-oblecenie-ciapka-anja-cerveno-oranzova-lososova\/\"]}]},{\"@type\":\"ImageObject\",\"inLanguage\":\"de\",\"@id\":\"https:\/\/www.tattja.com\/product\/damske-oblecenie-ciapka-anja-cerveno-oranzova-lososova\/#primaryimage\",\"url\":\"https:\/\/www.tattja.com\/wp-content\/uploads\/2025\/12\/cerveno-oranzovy-lososovy-ciapka-spredu-43.webp\",\"contentUrl\":\"https:\/\/www.tattja.com\/wp-content\/uploads\/2025\/12\/cerveno-oranzovy-lososovy-ciapka-spredu-43.webp\",\"width\":1365,\"height\":2048,\"caption\":\"\u010ciapka ANJA \u2013 \u010derveno-oran\u017eovo-lososov\u00fd odtie\u0148 v prednom poh\u013eade\"},{\"@type\":\"BreadcrumbList\",\"@id\":\"https:\/\/www.tattja.com\/product\/damske-oblecenie-ciapka-anja-cerveno-oranzova-lososova\/#breadcrumb\",\"itemListElement\":[{\"@type\":\"ListItem\",\"position\":1,\"name\":\"Domov\",\"item\":\"https:\/\/www.tattja.com\/\"},{\"@type\":\"ListItem\",\"position\":2,\"name\":\"Produkty\",\"item\":\"https:\/\/www.tattja.com\/damske-oblecenie-produkty\/\"},{\"@type\":\"ListItem\",\"position\":3,\"name\":\"D\u00e1mske oble\u010denie \u010diapka ANJA \u010derveno-oran\u017eov\u00e1-lososov\u00e1\"}]},{\"@type\":\"WebSite\",\"@id\":\"https:\/\/www.tattja.com\/#website\",\"url\":\"https:\/\/www.tattja.com\/\",\"name\":\"TATTJA\",\"description\":\"D\u00e1mske oble\u010denie z extra jemnej merino vlny \u2014 ru\u010dne pleten\u00e9 na Slovensku\",\"potentialAction\":[{\"@type\":\"SearchAction\",\"target\":{\"@type\":\"EntryPoint\",\"urlTemplate\":\"https:\/\/www.tattja.com\/?s={search_term_string}\"},\"query-input\":{\"@type\":\"PropertyValueSpecification\",\"valueRequired\":true,\"valueName\":\"search_term_string\"}}],\"inLanguage\":\"de\"}]}<\/script>\n<!-- \/ Yoast SEO plugin. -->","yoast_head_json":{"title":"D\u00e1mske oble\u010denie \u010diapka ANJA \u010derveno-oran\u017eov\u00e1-lososov\u00e1 - TATTJA","description":"D\u00e1mske oble\u010denie \u010diapka ANJA \u010derveno-oran\u017eovo-lososov\u00e1 \u2013 svie\u017ea energia, \u017eensk\u00fd \u0161arm a jemn\u00e1 pletenina pre pohodlie a \u0161t\u00fdl po\u010das chladn\u00fdch dn\u00ed.","robots":{"index":"index","follow":"follow","max-snippet":"max-snippet:-1","max-image-preview":"max-image-preview:large","max-video-preview":"max-video-preview:-1"},"canonical":"https:\/\/www.tattja.com\/de\/product\/damske-oblecenie-ciapka-anja-cerveno-oranzova-lososova\/","og_locale":"de_DE","og_type":"article","og_title":"D\u00e1mske oble\u010denie \u010diapka ANJA \u010derveno-oran\u017eov\u00e1-lososov\u00e1 - TATTJA","og_description":"D\u00e1mske oble\u010denie \u010diapka ANJA \u010derveno-oran\u017eovo-lososov\u00e1 \u2013 svie\u017ea energia, \u017eensk\u00fd \u0161arm a jemn\u00e1 pletenina pre pohodlie a \u0161t\u00fdl po\u010das chladn\u00fdch dn\u00ed.","og_url":"https:\/\/www.tattja.com\/de\/product\/damske-oblecenie-ciapka-anja-cerveno-oranzova-lososova\/","og_site_name":"TATTJA","article_modified_time":"2026-04-05T17:45:06+00:00","og_image":[{"width":1365,"height":2048,"url":"https:\/\/www.tattja.com\/wp-content\/uploads\/2025\/12\/cerveno-oranzovy-lososovy-ciapka-spredu-43.webp","type":"image\/webp"}],"twitter_card":"summary_large_image","twitter_misc":{"Gesch\u00e4tzte Lesezeit":"2\u00a0Minuten"},"schema":{"@context":"https:\/\/schema.org","@graph":[{"@type":"WebPage","@id":"https:\/\/www.tattja.com\/product\/damske-oblecenie-ciapka-anja-cerveno-oranzova-lososova\/","url":"https:\/\/www.tattja.com\/product\/damske-oblecenie-ciapka-anja-cerveno-oranzova-lososova\/","name":"D\u00e1mske oble\u010denie \u010diapka ANJA \u010derveno-oran\u017eov\u00e1-lososov\u00e1 - TATTJA","isPartOf":{"@id":"https:\/\/www.tattja.com\/#website"},"primaryImageOfPage":{"@id":"https:\/\/www.tattja.com\/product\/damske-oblecenie-ciapka-anja-cerveno-oranzova-lososova\/#primaryimage"},"image":{"@id":"https:\/\/www.tattja.com\/product\/damske-oblecenie-ciapka-anja-cerveno-oranzova-lososova\/#primaryimage"},"thumbnailUrl":"https:\/\/www.tattja.com\/wp-content\/uploads\/2025\/12\/cerveno-oranzovy-lososovy-ciapka-spredu-43.webp","datePublished":"2025-08-08T05:22:48+00:00","dateModified":"2026-04-05T17:45:06+00:00","description":"D\u00e1mske oble\u010denie \u010diapka ANJA \u010derveno-oran\u017eovo-lososov\u00e1 \u2013 svie\u017ea energia, \u017eensk\u00fd \u0161arm a jemn\u00e1 pletenina pre pohodlie a \u0161t\u00fdl po\u010das chladn\u00fdch dn\u00ed.","breadcrumb":{"@id":"https:\/\/www.tattja.com\/product\/damske-oblecenie-ciapka-anja-cerveno-oranzova-lososova\/#breadcrumb"},"inLanguage":"de","potentialAction":[{"@type":"ReadAction","target":["https:\/\/www.tattja.com\/product\/damske-oblecenie-ciapka-anja-cerveno-oranzova-lososova\/"]}]},{"@type":"ImageObject","inLanguage":"de","@id":"https:\/\/www.tattja.com\/product\/damske-oblecenie-ciapka-anja-cerveno-oranzova-lososova\/#primaryimage","url":"https:\/\/www.tattja.com\/wp-content\/uploads\/2025\/12\/cerveno-oranzovy-lososovy-ciapka-spredu-43.webp","contentUrl":"https:\/\/www.tattja.com\/wp-content\/uploads\/2025\/12\/cerveno-oranzovy-lososovy-ciapka-spredu-43.webp","width":1365,"height":2048,"caption":"\u010ciapka ANJA \u2013 \u010derveno-oran\u017eovo-lososov\u00fd odtie\u0148 v prednom poh\u013eade"},{"@type":"BreadcrumbList","@id":"https:\/\/www.tattja.com\/product\/damske-oblecenie-ciapka-anja-cerveno-oranzova-lososova\/#breadcrumb","itemListElement":[{"@type":"ListItem","position":1,"name":"Domov","item":"https:\/\/www.tattja.com\/"},{"@type":"ListItem","position":2,"name":"Produkty","item":"https:\/\/www.tattja.com\/damske-oblecenie-produkty\/"},{"@type":"ListItem","position":3,"name":"D\u00e1mske oble\u010denie \u010diapka ANJA \u010derveno-oran\u017eov\u00e1-lososov\u00e1"}]},{"@type":"WebSite","@id":"https:\/\/www.tattja.com\/#website","url":"https:\/\/www.tattja.com\/","name":"TATTJA","description":"D\u00e1mske oble\u010denie z extra jemnej merino vlny \u2014 ru\u010dne pleten\u00e9 na Slovensku","potentialAction":[{"@type":"SearchAction","target":{"@type":"EntryPoint","urlTemplate":"https:\/\/www.tattja.com\/?s={search_term_string}"},"query-input":{"@type":"PropertyValueSpecification","valueRequired":true,"valueName":"search_term_string"}}],"inLanguage":"de"}]}},"_links":{"self":[{"href":"https:\/\/www.tattja.com\/de\/wp-json\/wp\/v2\/product\/1862","targetHints":{"allow":["GET"]}}],"collection":[{"href":"https:\/\/www.tattja.com\/de\/wp-json\/wp\/v2\/product"}],"about":[{"href":"https:\/\/www.tattja.com\/de\/wp-json\/wp\/v2\/types\/product"}],"replies":[{"embeddable":true,"href":"https:\/\/www.tattja.com\/de\/wp-json\/wp\/v2\/comments?post=1862"}],"version-history":[{"count":6,"href":"https:\/\/www.tattja.com\/de\/wp-json\/wp\/v2\/product\/1862\/revisions"}],"predecessor-version":[{"id":5922,"href":"https:\/\/www.tattja.com\/de\/wp-json\/wp\/v2\/product\/1862\/revisions\/5922"}],"wp:featuredmedia":[{"embeddable":true,"href":"https:\/\/www.tattja.com\/de\/wp-json\/wp\/v2\/media\/7077"}],"wp:attachment":[{"href":"https:\/\/www.tattja.com\/de\/wp-json\/wp\/v2\/media?parent=1862"}],"wp:term":[{"taxonomy":"product_brand","embeddable":true,"href":"https:\/\/www.tattja.com\/de\/wp-json\/wp\/v2\/product_brand?post=1862"},{"taxonomy":"product_cat","embeddable":true,"href":"https:\/\/www.tattja.com\/de\/wp-json\/wp\/v2\/product_cat?post=1862"},{"taxonomy":"product_tag","embeddable":true,"href":"https:\/\/www.tattja.com\/de\/wp-json\/wp\/v2\/product_tag?post=1862"}],"curies":[{"name":"wp","href":"https:\/\/api.w.org\/{rel}","templated":true}]}}