{"id":1864,"date":"2025-08-08T07:23:44","date_gmt":"2025-08-08T05:23:44","guid":{"rendered":"https:\/\/www.tattja.com\/?post_type=product&#038;p=1864"},"modified":"2026-04-05T19:45:06","modified_gmt":"2026-04-05T17:45:06","slug":"rukavniky-katja-cerveno-oranzove-lososove","status":"publish","type":"product","link":"https:\/\/www.tattja.com\/de\/product\/rukavniky-katja-cerveno-oranzove-lososove\/","title":{"rendered":"Damenbekleidung \u00c4rmel KATJA rot-orange lachs"},"content":{"rendered":"<p data-start=\"887\" data-end=\"1190\"><strong data-start=\"887\" data-end=\"949\">Damenbekleidung \u00c4rmel KATJA rot-orange lachs<\/strong> predstavuj\u00fa kombin\u00e1ciu hravosti, elegancie a pohodlia. Tento v\u00fdrazn\u00fd doplnok z kolekcie <strong data-start=\"1038\" data-end=\"1048\">TATTJA<\/strong> premen\u00ed be\u017en\u00fd outfit na jedine\u010dn\u00fd \u0161t\u00fdlov\u00fd celok. Ruk\u00e1vniky sp\u00e1jaj\u00fa funk\u010dnos\u0165 s estetikou a prin\u00e1\u0161aj\u00fa pocit tepla aj po\u010das chladnej\u0161\u00edch dn\u00ed.<\/p>\n<p data-start=\"1192\" data-end=\"1544\">\u010cerveno-oran\u017eovo-lososov\u00e1 farba vy\u017earuje energiu, \u017eenskos\u0165 a optimizmus. Je to odtie\u0148, ktor\u00fd roz\u017eiari ple\u0165 a dod\u00e1 cel\u00e9mu outfitu svie\u017ei a odv\u00e1\u017eny t\u00f3n. Vynikne v kontraste s bielou, b\u00e9\u017eovou \u010di sivou, no p\u00f4sob\u00ed harmonicky aj s jemn\u00fdmi pastelmi. Ruk\u00e1vniky v tejto farbe oslovia \u017eeny, ktor\u00e9 chc\u00fa vyjadri\u0165 svoju osobnos\u0165 prostredn\u00edctvom farieb a detailov.<\/p>\n<p data-start=\"1546\" data-end=\"1836\">Rebrovan\u00e1 \u0161trukt\u00fara pleteniny zaru\u010duje pru\u017enos\u0165, pohodlie a pr\u00edjemn\u00fd dotyk. Ruk\u00e1vniky sa prisp\u00f4sobia tvaru r\u00fak, jemne ich obopn\u00fa a zost\u00e1vaj\u00fa komfortn\u00e9 aj pri dlh\u0161om nosen\u00ed. Ka\u017ed\u00fd p\u00e1r je vyroben\u00fd s d\u00f4razom na kvalitu, prepracovan\u00e9 detaily a estetick\u00fa \u010distotu typick\u00fa pre zna\u010dku <strong data-start=\"1823\" data-end=\"1833\">TATTJA<\/strong>.<\/p>\n<p data-start=\"1838\" data-end=\"2109\">Armb\u00e4nder f\u00fcr Damenbekleidung <strong data-start=\"1848\" data-end=\"1883\">KATJA \u010derveno-oran\u017eov\u00e9 lososov\u00e9<\/strong> s\u00fa ide\u00e1lne na vrstvenie \u2013 zaujm\u00fa ako samostatn\u00fd m\u00f3dny akcent, no vynikn\u00fa aj v kombin\u00e1cii s driekovn\u00edkom, n\u00e1kr\u010dn\u00edkom \u010di \u010diapkou z rovnakej kolekcie. Spolu vytv\u00e1raj\u00fa harmonick\u00fd a \u0161t\u00fdlov\u00fd celok, ktor\u00fd pod\u010diarkne va\u0161u \u017eenskos\u0165.<\/p>\n<p data-start=\"2111\" data-end=\"2216\">Entdecken Sie die Sch\u00f6nheit der Zartheit, die raffinierten Details und den femininen Stil, der Sie warm h\u00e4lt und <a href=\"https:\/\/www.tattja.com\/de\/product-category\/damske-oblecenie\/doplnky-jednotlivo\/rukavniky-2\/\">in anderen Farben<\/a>.<\/p>\n<p data-start=\"2218\" data-end=\"2370\"><strong data-start=\"2218\" data-end=\"2272\">Siehe, <a href=\"https:\/\/shop.bogensberger.co.at\/produkt-schlagwort\/merino-extrafein\/\">aus welchen Materialien<\/a> wir produzieren unsere St\u00fccke<\/strong> a nechajte sa unies\u0165 kvalitou, pohodl\u00edm a luxusom, ktor\u00e9 charakterizuj\u00fa ka\u017ed\u00fd model <strong data-start=\"2357\" data-end=\"2367\">TATTJA<\/strong>.<\/p>","protected":false},"excerpt":{"rendered":"<p><strong data-start=\"674\" data-end=\"736\">Damenbekleidung \u00c4rmel KATJA rot-orange lachs<\/strong> dodaj\u00fa v\u00e1\u0161mu outfitu svie\u017eos\u0165, energiu a \u0161mrnc. Jemn\u00e1 pletenina prin\u00e1\u0161a komfort, \u017eenskos\u0165 a \u0161t\u00fdl v jednom.<\/p>","protected":false},"featured_media":7104,"comment_status":"open","ping_status":"closed","template":"","meta":[],"product_brand":[],"product_cat":[300,298,169,281,175],"product_tag":[],"class_list":{"0":"post-1864","1":"product","2":"type-product","3":"status-publish","4":"has-post-thumbnail","6":"product_cat-damske-oblecenie","7":"product_cat-doplnky-jednotlivo","8":"product_cat-pleteninove-doplnky-cervenooranzove-lososove","9":"product_cat-rukavniky-2","10":"product_cat-rukavniky-cervenooranzove-lososove","12":"first","13":"instock","14":"taxable","15":"shipping-taxable","16":"purchasable","17":"product-type-simple"},"yoast_head":"<!-- This site is optimized with the Yoast SEO plugin v26.0 - https:\/\/yoast.com\/wordpress\/plugins\/seo\/ -->\n<title>D\u00e1mske oble\u010denie ruk\u00e1vniky KATJA \u010derveno-oran\u017eov\u00e9 lososov\u00e9 - TATTJA<\/title>\n<meta name=\"description\" content=\"D\u00e1mske oble\u010denie ruk\u00e1vniky KATJA \u010derveno-oran\u017eov\u00e9 lososov\u00e9 \u2013 hrejiv\u00fd, v\u00fdrazn\u00fd a \u017eensk\u00fd doplnok, ktor\u00fd sp\u00e1ja eleganciu, \u0161t\u00fdl a pohodlie.\" \/>\n<meta name=\"robots\" content=\"index, follow, max-snippet:-1, max-image-preview:large, max-video-preview:-1\" \/>\n<link rel=\"canonical\" href=\"https:\/\/www.tattja.com\/de\/product\/rukavniky-katja-cerveno-oranzove-lososove\/\" \/>\n<meta property=\"og:locale\" content=\"de_DE\" \/>\n<meta property=\"og:type\" content=\"article\" \/>\n<meta property=\"og:title\" content=\"D\u00e1mske oble\u010denie ruk\u00e1vniky KATJA \u010derveno-oran\u017eov\u00e9 lososov\u00e9 - TATTJA\" \/>\n<meta property=\"og:description\" content=\"D\u00e1mske oble\u010denie ruk\u00e1vniky KATJA \u010derveno-oran\u017eov\u00e9 lososov\u00e9 \u2013 hrejiv\u00fd, v\u00fdrazn\u00fd a \u017eensk\u00fd doplnok, ktor\u00fd sp\u00e1ja eleganciu, \u0161t\u00fdl a pohodlie.\" \/>\n<meta property=\"og:url\" content=\"https:\/\/www.tattja.com\/de\/product\/rukavniky-katja-cerveno-oranzove-lososove\/\" \/>\n<meta property=\"og:site_name\" content=\"TATTJA\" \/>\n<meta property=\"article:modified_time\" content=\"2026-04-05T17:45:06+00:00\" \/>\n<meta property=\"og:image\" content=\"https:\/\/www.tattja.com\/wp-content\/uploads\/2025\/12\/cerveno-oranzovy-lososovy-rukavniky-spredu-31.webp\" \/>\n\t<meta property=\"og:image:width\" content=\"1365\" \/>\n\t<meta property=\"og:image:height\" content=\"2048\" \/>\n\t<meta property=\"og:image:type\" content=\"image\/webp\" \/>\n<meta name=\"twitter:card\" content=\"summary_large_image\" \/>\n<meta name=\"twitter:label1\" content=\"Gesch\u00e4tzte Lesezeit\" \/>\n\t<meta name=\"twitter:data1\" content=\"2\u00a0Minuten\" \/>\n<script type=\"application\/ld+json\" class=\"yoast-schema-graph\">{\"@context\":\"https:\/\/schema.org\",\"@graph\":[{\"@type\":\"WebPage\",\"@id\":\"https:\/\/www.tattja.com\/product\/rukavniky-katja-cerveno-oranzove-lososove\/\",\"url\":\"https:\/\/www.tattja.com\/product\/rukavniky-katja-cerveno-oranzove-lososove\/\",\"name\":\"D\u00e1mske oble\u010denie ruk\u00e1vniky KATJA \u010derveno-oran\u017eov\u00e9 lososov\u00e9 - TATTJA\",\"isPartOf\":{\"@id\":\"https:\/\/www.tattja.com\/#website\"},\"primaryImageOfPage\":{\"@id\":\"https:\/\/www.tattja.com\/product\/rukavniky-katja-cerveno-oranzove-lososove\/#primaryimage\"},\"image\":{\"@id\":\"https:\/\/www.tattja.com\/product\/rukavniky-katja-cerveno-oranzove-lososove\/#primaryimage\"},\"thumbnailUrl\":\"https:\/\/www.tattja.com\/wp-content\/uploads\/2025\/12\/cerveno-oranzovy-lososovy-rukavniky-spredu-31.webp\",\"datePublished\":\"2025-08-08T05:23:44+00:00\",\"dateModified\":\"2026-04-05T17:45:06+00:00\",\"description\":\"D\u00e1mske oble\u010denie ruk\u00e1vniky KATJA \u010derveno-oran\u017eov\u00e9 lososov\u00e9 \u2013 hrejiv\u00fd, v\u00fdrazn\u00fd a \u017eensk\u00fd doplnok, ktor\u00fd sp\u00e1ja eleganciu, \u0161t\u00fdl a pohodlie.\",\"breadcrumb\":{\"@id\":\"https:\/\/www.tattja.com\/product\/rukavniky-katja-cerveno-oranzove-lososove\/#breadcrumb\"},\"inLanguage\":\"de\",\"potentialAction\":[{\"@type\":\"ReadAction\",\"target\":[\"https:\/\/www.tattja.com\/product\/rukavniky-katja-cerveno-oranzove-lososove\/\"]}]},{\"@type\":\"ImageObject\",\"inLanguage\":\"de\",\"@id\":\"https:\/\/www.tattja.com\/product\/rukavniky-katja-cerveno-oranzove-lososove\/#primaryimage\",\"url\":\"https:\/\/www.tattja.com\/wp-content\/uploads\/2025\/12\/cerveno-oranzovy-lososovy-rukavniky-spredu-31.webp\",\"contentUrl\":\"https:\/\/www.tattja.com\/wp-content\/uploads\/2025\/12\/cerveno-oranzovy-lososovy-rukavniky-spredu-31.webp\",\"width\":1365,\"height\":2048,\"caption\":\"Ruk\u00e1vniky KATJA v \u010derveno-oran\u017eovo-lososovej farbe \u2013 predn\u00fd poh\u013ead\"},{\"@type\":\"BreadcrumbList\",\"@id\":\"https:\/\/www.tattja.com\/product\/rukavniky-katja-cerveno-oranzove-lososove\/#breadcrumb\",\"itemListElement\":[{\"@type\":\"ListItem\",\"position\":1,\"name\":\"Domov\",\"item\":\"https:\/\/www.tattja.com\/\"},{\"@type\":\"ListItem\",\"position\":2,\"name\":\"Produkty\",\"item\":\"https:\/\/www.tattja.com\/damske-oblecenie-produkty\/\"},{\"@type\":\"ListItem\",\"position\":3,\"name\":\"D\u00e1mske oble\u010denie ruk\u00e1vniky KATJA \u010derveno-oran\u017eov\u00e9 lososov\u00e9\"}]},{\"@type\":\"WebSite\",\"@id\":\"https:\/\/www.tattja.com\/#website\",\"url\":\"https:\/\/www.tattja.com\/\",\"name\":\"TATTJA\",\"description\":\"D\u00e1mske oble\u010denie z extra jemnej merino vlny \u2014 ru\u010dne pleten\u00e9 na Slovensku\",\"potentialAction\":[{\"@type\":\"SearchAction\",\"target\":{\"@type\":\"EntryPoint\",\"urlTemplate\":\"https:\/\/www.tattja.com\/?s={search_term_string}\"},\"query-input\":{\"@type\":\"PropertyValueSpecification\",\"valueRequired\":true,\"valueName\":\"search_term_string\"}}],\"inLanguage\":\"de\"}]}<\/script>\n<!-- \/ Yoast SEO plugin. -->","yoast_head_json":{"title":"D\u00e1mske oble\u010denie ruk\u00e1vniky KATJA \u010derveno-oran\u017eov\u00e9 lososov\u00e9 - TATTJA","description":"D\u00e1mske oble\u010denie ruk\u00e1vniky KATJA \u010derveno-oran\u017eov\u00e9 lososov\u00e9 \u2013 hrejiv\u00fd, v\u00fdrazn\u00fd a \u017eensk\u00fd doplnok, ktor\u00fd sp\u00e1ja eleganciu, \u0161t\u00fdl a pohodlie.","robots":{"index":"index","follow":"follow","max-snippet":"max-snippet:-1","max-image-preview":"max-image-preview:large","max-video-preview":"max-video-preview:-1"},"canonical":"https:\/\/www.tattja.com\/de\/product\/rukavniky-katja-cerveno-oranzove-lososove\/","og_locale":"de_DE","og_type":"article","og_title":"D\u00e1mske oble\u010denie ruk\u00e1vniky KATJA \u010derveno-oran\u017eov\u00e9 lososov\u00e9 - TATTJA","og_description":"D\u00e1mske oble\u010denie ruk\u00e1vniky KATJA \u010derveno-oran\u017eov\u00e9 lososov\u00e9 \u2013 hrejiv\u00fd, v\u00fdrazn\u00fd a \u017eensk\u00fd doplnok, ktor\u00fd sp\u00e1ja eleganciu, \u0161t\u00fdl a pohodlie.","og_url":"https:\/\/www.tattja.com\/de\/product\/rukavniky-katja-cerveno-oranzove-lososove\/","og_site_name":"TATTJA","article_modified_time":"2026-04-05T17:45:06+00:00","og_image":[{"width":1365,"height":2048,"url":"https:\/\/www.tattja.com\/wp-content\/uploads\/2025\/12\/cerveno-oranzovy-lososovy-rukavniky-spredu-31.webp","type":"image\/webp"}],"twitter_card":"summary_large_image","twitter_misc":{"Gesch\u00e4tzte Lesezeit":"2\u00a0Minuten"},"schema":{"@context":"https:\/\/schema.org","@graph":[{"@type":"WebPage","@id":"https:\/\/www.tattja.com\/product\/rukavniky-katja-cerveno-oranzove-lososove\/","url":"https:\/\/www.tattja.com\/product\/rukavniky-katja-cerveno-oranzove-lososove\/","name":"D\u00e1mske oble\u010denie ruk\u00e1vniky KATJA \u010derveno-oran\u017eov\u00e9 lososov\u00e9 - TATTJA","isPartOf":{"@id":"https:\/\/www.tattja.com\/#website"},"primaryImageOfPage":{"@id":"https:\/\/www.tattja.com\/product\/rukavniky-katja-cerveno-oranzove-lososove\/#primaryimage"},"image":{"@id":"https:\/\/www.tattja.com\/product\/rukavniky-katja-cerveno-oranzove-lososove\/#primaryimage"},"thumbnailUrl":"https:\/\/www.tattja.com\/wp-content\/uploads\/2025\/12\/cerveno-oranzovy-lososovy-rukavniky-spredu-31.webp","datePublished":"2025-08-08T05:23:44+00:00","dateModified":"2026-04-05T17:45:06+00:00","description":"D\u00e1mske oble\u010denie ruk\u00e1vniky KATJA \u010derveno-oran\u017eov\u00e9 lososov\u00e9 \u2013 hrejiv\u00fd, v\u00fdrazn\u00fd a \u017eensk\u00fd doplnok, ktor\u00fd sp\u00e1ja eleganciu, \u0161t\u00fdl a pohodlie.","breadcrumb":{"@id":"https:\/\/www.tattja.com\/product\/rukavniky-katja-cerveno-oranzove-lososove\/#breadcrumb"},"inLanguage":"de","potentialAction":[{"@type":"ReadAction","target":["https:\/\/www.tattja.com\/product\/rukavniky-katja-cerveno-oranzove-lososove\/"]}]},{"@type":"ImageObject","inLanguage":"de","@id":"https:\/\/www.tattja.com\/product\/rukavniky-katja-cerveno-oranzove-lososove\/#primaryimage","url":"https:\/\/www.tattja.com\/wp-content\/uploads\/2025\/12\/cerveno-oranzovy-lososovy-rukavniky-spredu-31.webp","contentUrl":"https:\/\/www.tattja.com\/wp-content\/uploads\/2025\/12\/cerveno-oranzovy-lososovy-rukavniky-spredu-31.webp","width":1365,"height":2048,"caption":"Ruk\u00e1vniky KATJA v \u010derveno-oran\u017eovo-lososovej farbe \u2013 predn\u00fd poh\u013ead"},{"@type":"BreadcrumbList","@id":"https:\/\/www.tattja.com\/product\/rukavniky-katja-cerveno-oranzove-lososove\/#breadcrumb","itemListElement":[{"@type":"ListItem","position":1,"name":"Domov","item":"https:\/\/www.tattja.com\/"},{"@type":"ListItem","position":2,"name":"Produkty","item":"https:\/\/www.tattja.com\/damske-oblecenie-produkty\/"},{"@type":"ListItem","position":3,"name":"D\u00e1mske oble\u010denie ruk\u00e1vniky KATJA \u010derveno-oran\u017eov\u00e9 lososov\u00e9"}]},{"@type":"WebSite","@id":"https:\/\/www.tattja.com\/#website","url":"https:\/\/www.tattja.com\/","name":"TATTJA","description":"D\u00e1mske oble\u010denie z extra jemnej merino vlny \u2014 ru\u010dne pleten\u00e9 na Slovensku","potentialAction":[{"@type":"SearchAction","target":{"@type":"EntryPoint","urlTemplate":"https:\/\/www.tattja.com\/?s={search_term_string}"},"query-input":{"@type":"PropertyValueSpecification","valueRequired":true,"valueName":"search_term_string"}}],"inLanguage":"de"}]}},"_links":{"self":[{"href":"https:\/\/www.tattja.com\/de\/wp-json\/wp\/v2\/product\/1864","targetHints":{"allow":["GET"]}}],"collection":[{"href":"https:\/\/www.tattja.com\/de\/wp-json\/wp\/v2\/product"}],"about":[{"href":"https:\/\/www.tattja.com\/de\/wp-json\/wp\/v2\/types\/product"}],"replies":[{"embeddable":true,"href":"https:\/\/www.tattja.com\/de\/wp-json\/wp\/v2\/comments?post=1864"}],"version-history":[{"count":6,"href":"https:\/\/www.tattja.com\/de\/wp-json\/wp\/v2\/product\/1864\/revisions"}],"predecessor-version":[{"id":5896,"href":"https:\/\/www.tattja.com\/de\/wp-json\/wp\/v2\/product\/1864\/revisions\/5896"}],"wp:featuredmedia":[{"embeddable":true,"href":"https:\/\/www.tattja.com\/de\/wp-json\/wp\/v2\/media\/7104"}],"wp:attachment":[{"href":"https:\/\/www.tattja.com\/de\/wp-json\/wp\/v2\/media?parent=1864"}],"wp:term":[{"taxonomy":"product_brand","embeddable":true,"href":"https:\/\/www.tattja.com\/de\/wp-json\/wp\/v2\/product_brand?post=1864"},{"taxonomy":"product_cat","embeddable":true,"href":"https:\/\/www.tattja.com\/de\/wp-json\/wp\/v2\/product_cat?post=1864"},{"taxonomy":"product_tag","embeddable":true,"href":"https:\/\/www.tattja.com\/de\/wp-json\/wp\/v2\/product_tag?post=1864"}],"curies":[{"name":"wp","href":"https:\/\/api.w.org\/{rel}","templated":true}]}}