{"id":1890,"date":"2025-08-08T07:55:20","date_gmt":"2025-08-08T05:55:20","guid":{"rendered":"https:\/\/www.tattja.com\/?post_type=product&#038;p=1890"},"modified":"2026-04-05T19:45:02","modified_gmt":"2026-04-05T17:45:02","slug":"stvorset-tattja-cerveno-oranzovy-lososovy","status":"publish","type":"product","link":"https:\/\/www.tattja.com\/de\/product\/stvorset-tattja-cerveno-oranzovy-lososovy\/","title":{"rendered":"D\u00e1mske oble\u010denie 4-set TATTJA \u010derveno-oran\u017eov\u00fd lososov\u00fd"},"content":{"rendered":"<p data-start=\"974\" data-end=\"1393\"><strong data-start=\"974\" data-end=\"1019\">Vierteiliges TATTJA f\u00fcr Frauen rot-orange lachsfarben<\/strong> ist der Inbegriff von Weiblichkeit, Eleganz und au\u00dfergew\u00f6hnlichem Stil. Dieses luxuri\u00f6se Ensemble besteht aus vier ikonischen Teilen - einem Halstuch, einem Shrug, Armb\u00e4ndern und einer M\u00fctze mit Schal. Zusammen schaffen diese Teile ein harmonisches Gleichgewicht zwischen Funktionalit\u00e4t und \u00c4sthetik. Wir haben jedes Element mit viel Liebe zum Detail, Komfort und originellem Design entworfen, um die Individualit\u00e4t jeder Frau zu unterstreichen.<\/p>\n<p data-start=\"1395\" data-end=\"1693\">Der rot-orangefarbene Lachsfarbton zeichnet sich durch seine w\u00e4rmende Energie und Sinnlichkeit aus. Es ist eine Farbe, die Mut, Leidenschaft und Zuversicht symbolisiert, aber gleichzeitig subtil und raffiniert wirkt. Dank dieser harmonischen Farbkombination wirkt das Ensemble optimistisch und strahlend - die perfekte Erg\u00e4nzung sowohl f\u00fcr Winter- als auch f\u00fcr Fr\u00fchlingsoutfits.<\/p>\n<p data-start=\"1695\" data-end=\"2003\">Der Feinstrick schmiegt sich raffiniert an den K\u00f6rper an, das Nackenband sorgt f\u00fcr einen w\u00e4rmenden Touch, der Shrug betont die Figur, die \u00c4rmelb\u00fcndchen f\u00fcgen ein elegantes Detail hinzu und die M\u00fctze mit Schal schlie\u00dft den gesamten Look mit einem modernen Charakter ab. Zusammen schaffen sie ein einzigartiges Gef\u00fchl von Komfort und Selbstvertrauen, das die St\u00e4rke und nat\u00fcrliche Sch\u00f6nheit einer Frau unterstreicht.<\/p>\n<p data-start=\"2005\" data-end=\"2222\"><strong data-start=\"2005\" data-end=\"2050\">Vierteiliges TATTJA f\u00fcr Frauen rot-orange lachsfarben<\/strong> ist mehr als nur ein modisches Accessoire - es ist ein Erlebnis, das Luxus, Funktionalit\u00e4t und die Freude an der Farbe vereint. Er ist ideal f\u00fcr Frauen, die sich von der Masse abheben und sich jeden Tag besonders f\u00fchlen wollen.<\/p>\n<p data-start=\"2005\" data-end=\"2222\">Entdecken Sie die Sch\u00f6nheit des Feinsinns, die raffinierten Details und den femininen Stil, der Sie erw\u00e4rmen wird <a href=\"https:\/\/www.tattja.com\/de\/product-category\/produkty\/stvorset\/\">auch in anderen Farben<\/a>.<\/p>\n<p data-start=\"2224\" data-end=\"2373\"><strong data-start=\"2224\" data-end=\"2281\">Siehe, <a href=\"https:\/\/shop.bogensberger.co.at\/produkt-schlagwort\/merino-extrafein\/\">aus welchen Materialien<\/a> wir produzieren unsere St\u00fccke<\/strong>, und entdecken Sie den authentischen Komfort, die ehrliche Handwerkskunst und die Qualit\u00e4t, die die Marke TATTJA auszeichnet.<\/p>","protected":false},"excerpt":{"rendered":"<p><strong data-start=\"677\" data-end=\"722\">Vierteiliges TATTJA f\u00fcr Frauen rot-orange lachsfarben<\/strong> strahlt Weiblichkeit, Energie und Stil aus. Die vier Strickteile - M\u00fctze, Halsw\u00e4rmer, \u00c4rmel und Shrug - bilden ein harmonisches Ganzes, das Komfort, Eleganz und kr\u00e4ftige Farben mit Raffinesse verbindet.<\/p>","protected":false},"featured_media":7107,"comment_status":"open","ping_status":"closed","template":"","meta":[],"product_brand":[],"product_cat":[296,300,297,169,170],"product_tag":[],"class_list":{"0":"post-1890","1":"product","2":"type-product","3":"status-publish","4":"has-post-thumbnail","6":"product_cat-stvorset","7":"product_cat-damske-oblecenie","8":"product_cat-nakrcnik-a-driekovnik-a-rukavniky-a-ciapka","9":"product_cat-pleteninove-doplnky-cervenooranzove-lososove","10":"product_cat-stvorset-cervenooranzovy-lososovy","12":"first","13":"instock","14":"taxable","15":"shipping-taxable","16":"purchasable","17":"product-type-simple"},"yoast_head":"<!-- This site is optimized with the Yoast SEO plugin v26.0 - https:\/\/yoast.com\/wordpress\/plugins\/seo\/ -->\n<title>D\u00e1mske oble\u010denie 4-set TATTJA \u010derveno-oran\u017eov\u00fd lososov\u00fd - TATTJA<\/title>\n<meta name=\"description\" content=\"D\u00e1mske oble\u010denie \u0161tvorset TATTJA \u010derveno-oran\u017eov\u00fd lososov\u00fd \u2013 luxusn\u00fd d\u00e1msky komplet, ktor\u00fd sp\u00e1ja v\u00e1\u0161e\u0148 farby, \u017eenskos\u0165 a nad\u010dasov\u00fa eleganciu v jednom sete.\" \/>\n<meta name=\"robots\" content=\"index, follow, max-snippet:-1, max-image-preview:large, max-video-preview:-1\" \/>\n<link rel=\"canonical\" href=\"https:\/\/www.tattja.com\/de\/product\/stvorset-tattja-cerveno-oranzovy-lososovy\/\" \/>\n<meta property=\"og:locale\" content=\"de_DE\" \/>\n<meta property=\"og:type\" content=\"article\" \/>\n<meta property=\"og:title\" content=\"D\u00e1mske oble\u010denie 4-set TATTJA \u010derveno-oran\u017eov\u00fd lososov\u00fd - TATTJA\" \/>\n<meta property=\"og:description\" content=\"D\u00e1mske oble\u010denie \u0161tvorset TATTJA \u010derveno-oran\u017eov\u00fd lososov\u00fd \u2013 luxusn\u00fd d\u00e1msky komplet, ktor\u00fd sp\u00e1ja v\u00e1\u0161e\u0148 farby, \u017eenskos\u0165 a nad\u010dasov\u00fa eleganciu v jednom sete.\" \/>\n<meta property=\"og:url\" content=\"https:\/\/www.tattja.com\/de\/product\/stvorset-tattja-cerveno-oranzovy-lososovy\/\" \/>\n<meta property=\"og:site_name\" content=\"TATTJA\" \/>\n<meta property=\"article:modified_time\" content=\"2026-04-05T17:45:02+00:00\" \/>\n<meta property=\"og:image\" content=\"https:\/\/www.tattja.com\/wp-content\/uploads\/2025\/12\/cerveno-oranzovy-lososovy-stvorset-nakrcnik-driekovnik-rukavniky-ciapka-spredu-10.webp\" \/>\n\t<meta property=\"og:image:width\" content=\"1365\" \/>\n\t<meta property=\"og:image:height\" content=\"2048\" \/>\n\t<meta property=\"og:image:type\" content=\"image\/webp\" \/>\n<meta name=\"twitter:card\" content=\"summary_large_image\" \/>\n<meta name=\"twitter:label1\" content=\"Gesch\u00e4tzte Lesezeit\" \/>\n\t<meta name=\"twitter:data1\" content=\"2\u00a0Minuten\" \/>\n<script type=\"application\/ld+json\" class=\"yoast-schema-graph\">{\"@context\":\"https:\/\/schema.org\",\"@graph\":[{\"@type\":\"WebPage\",\"@id\":\"https:\/\/www.tattja.com\/product\/stvorset-tattja-cerveno-oranzovy-lososovy\/\",\"url\":\"https:\/\/www.tattja.com\/product\/stvorset-tattja-cerveno-oranzovy-lososovy\/\",\"name\":\"D\u00e1mske oble\u010denie 4-set TATTJA \u010derveno-oran\u017eov\u00fd lososov\u00fd - TATTJA\",\"isPartOf\":{\"@id\":\"https:\/\/www.tattja.com\/#website\"},\"primaryImageOfPage\":{\"@id\":\"https:\/\/www.tattja.com\/product\/stvorset-tattja-cerveno-oranzovy-lososovy\/#primaryimage\"},\"image\":{\"@id\":\"https:\/\/www.tattja.com\/product\/stvorset-tattja-cerveno-oranzovy-lososovy\/#primaryimage\"},\"thumbnailUrl\":\"https:\/\/www.tattja.com\/wp-content\/uploads\/2025\/12\/cerveno-oranzovy-lososovy-stvorset-nakrcnik-driekovnik-rukavniky-ciapka-spredu-10.webp\",\"datePublished\":\"2025-08-08T05:55:20+00:00\",\"dateModified\":\"2026-04-05T17:45:02+00:00\",\"description\":\"D\u00e1mske oble\u010denie \u0161tvorset TATTJA \u010derveno-oran\u017eov\u00fd lososov\u00fd \u2013 luxusn\u00fd d\u00e1msky komplet, ktor\u00fd sp\u00e1ja v\u00e1\u0161e\u0148 farby, \u017eenskos\u0165 a nad\u010dasov\u00fa eleganciu v jednom sete.\",\"breadcrumb\":{\"@id\":\"https:\/\/www.tattja.com\/product\/stvorset-tattja-cerveno-oranzovy-lososovy\/#breadcrumb\"},\"inLanguage\":\"de\",\"potentialAction\":[{\"@type\":\"ReadAction\",\"target\":[\"https:\/\/www.tattja.com\/product\/stvorset-tattja-cerveno-oranzovy-lososovy\/\"]}]},{\"@type\":\"ImageObject\",\"inLanguage\":\"de\",\"@id\":\"https:\/\/www.tattja.com\/product\/stvorset-tattja-cerveno-oranzovy-lososovy\/#primaryimage\",\"url\":\"https:\/\/www.tattja.com\/wp-content\/uploads\/2025\/12\/cerveno-oranzovy-lososovy-stvorset-nakrcnik-driekovnik-rukavniky-ciapka-spredu-10.webp\",\"contentUrl\":\"https:\/\/www.tattja.com\/wp-content\/uploads\/2025\/12\/cerveno-oranzovy-lososovy-stvorset-nakrcnik-driekovnik-rukavniky-ciapka-spredu-10.webp\",\"width\":1365,\"height\":2048,\"caption\":\"\u0160tvorset \u010diapka + n\u00e1kr\u010dn\u00edk + driekovn\u00edk + ruk\u00e1vniky v \u010derveno-oran\u017eovo-lososovej farbe \u2013 predn\u00fd poh\u013ead\"},{\"@type\":\"BreadcrumbList\",\"@id\":\"https:\/\/www.tattja.com\/product\/stvorset-tattja-cerveno-oranzovy-lososovy\/#breadcrumb\",\"itemListElement\":[{\"@type\":\"ListItem\",\"position\":1,\"name\":\"Domov\",\"item\":\"https:\/\/www.tattja.com\/\"},{\"@type\":\"ListItem\",\"position\":2,\"name\":\"Produkty\",\"item\":\"https:\/\/www.tattja.com\/damske-oblecenie-produkty\/\"},{\"@type\":\"ListItem\",\"position\":3,\"name\":\"D\u00e1mske oble\u010denie 4-set TATTJA \u010derveno-oran\u017eov\u00fd lososov\u00fd\"}]},{\"@type\":\"WebSite\",\"@id\":\"https:\/\/www.tattja.com\/#website\",\"url\":\"https:\/\/www.tattja.com\/\",\"name\":\"TATTJA\",\"description\":\"D\u00e1mske oble\u010denie z extra jemnej merino vlny \u2014 ru\u010dne pleten\u00e9 na Slovensku\",\"potentialAction\":[{\"@type\":\"SearchAction\",\"target\":{\"@type\":\"EntryPoint\",\"urlTemplate\":\"https:\/\/www.tattja.com\/?s={search_term_string}\"},\"query-input\":{\"@type\":\"PropertyValueSpecification\",\"valueRequired\":true,\"valueName\":\"search_term_string\"}}],\"inLanguage\":\"de\"}]}<\/script>\n<!-- \/ Yoast SEO plugin. -->","yoast_head_json":{"title":"D\u00e1mske oble\u010denie 4-set TATTJA \u010derveno-oran\u017eov\u00fd lososov\u00fd - TATTJA","description":"D\u00e1mske oble\u010denie \u0161tvorset TATTJA \u010derveno-oran\u017eov\u00fd lososov\u00fd \u2013 luxusn\u00fd d\u00e1msky komplet, ktor\u00fd sp\u00e1ja v\u00e1\u0161e\u0148 farby, \u017eenskos\u0165 a nad\u010dasov\u00fa eleganciu v jednom sete.","robots":{"index":"index","follow":"follow","max-snippet":"max-snippet:-1","max-image-preview":"max-image-preview:large","max-video-preview":"max-video-preview:-1"},"canonical":"https:\/\/www.tattja.com\/de\/product\/stvorset-tattja-cerveno-oranzovy-lososovy\/","og_locale":"de_DE","og_type":"article","og_title":"D\u00e1mske oble\u010denie 4-set TATTJA \u010derveno-oran\u017eov\u00fd lososov\u00fd - TATTJA","og_description":"D\u00e1mske oble\u010denie \u0161tvorset TATTJA \u010derveno-oran\u017eov\u00fd lososov\u00fd \u2013 luxusn\u00fd d\u00e1msky komplet, ktor\u00fd sp\u00e1ja v\u00e1\u0161e\u0148 farby, \u017eenskos\u0165 a nad\u010dasov\u00fa eleganciu v jednom sete.","og_url":"https:\/\/www.tattja.com\/de\/product\/stvorset-tattja-cerveno-oranzovy-lososovy\/","og_site_name":"TATTJA","article_modified_time":"2026-04-05T17:45:02+00:00","og_image":[{"width":1365,"height":2048,"url":"https:\/\/www.tattja.com\/wp-content\/uploads\/2025\/12\/cerveno-oranzovy-lososovy-stvorset-nakrcnik-driekovnik-rukavniky-ciapka-spredu-10.webp","type":"image\/webp"}],"twitter_card":"summary_large_image","twitter_misc":{"Gesch\u00e4tzte Lesezeit":"2\u00a0Minuten"},"schema":{"@context":"https:\/\/schema.org","@graph":[{"@type":"WebPage","@id":"https:\/\/www.tattja.com\/product\/stvorset-tattja-cerveno-oranzovy-lososovy\/","url":"https:\/\/www.tattja.com\/product\/stvorset-tattja-cerveno-oranzovy-lososovy\/","name":"D\u00e1mske oble\u010denie 4-set TATTJA \u010derveno-oran\u017eov\u00fd lososov\u00fd - TATTJA","isPartOf":{"@id":"https:\/\/www.tattja.com\/#website"},"primaryImageOfPage":{"@id":"https:\/\/www.tattja.com\/product\/stvorset-tattja-cerveno-oranzovy-lososovy\/#primaryimage"},"image":{"@id":"https:\/\/www.tattja.com\/product\/stvorset-tattja-cerveno-oranzovy-lososovy\/#primaryimage"},"thumbnailUrl":"https:\/\/www.tattja.com\/wp-content\/uploads\/2025\/12\/cerveno-oranzovy-lososovy-stvorset-nakrcnik-driekovnik-rukavniky-ciapka-spredu-10.webp","datePublished":"2025-08-08T05:55:20+00:00","dateModified":"2026-04-05T17:45:02+00:00","description":"D\u00e1mske oble\u010denie \u0161tvorset TATTJA \u010derveno-oran\u017eov\u00fd lososov\u00fd \u2013 luxusn\u00fd d\u00e1msky komplet, ktor\u00fd sp\u00e1ja v\u00e1\u0161e\u0148 farby, \u017eenskos\u0165 a nad\u010dasov\u00fa eleganciu v jednom sete.","breadcrumb":{"@id":"https:\/\/www.tattja.com\/product\/stvorset-tattja-cerveno-oranzovy-lososovy\/#breadcrumb"},"inLanguage":"de","potentialAction":[{"@type":"ReadAction","target":["https:\/\/www.tattja.com\/product\/stvorset-tattja-cerveno-oranzovy-lososovy\/"]}]},{"@type":"ImageObject","inLanguage":"de","@id":"https:\/\/www.tattja.com\/product\/stvorset-tattja-cerveno-oranzovy-lososovy\/#primaryimage","url":"https:\/\/www.tattja.com\/wp-content\/uploads\/2025\/12\/cerveno-oranzovy-lososovy-stvorset-nakrcnik-driekovnik-rukavniky-ciapka-spredu-10.webp","contentUrl":"https:\/\/www.tattja.com\/wp-content\/uploads\/2025\/12\/cerveno-oranzovy-lososovy-stvorset-nakrcnik-driekovnik-rukavniky-ciapka-spredu-10.webp","width":1365,"height":2048,"caption":"\u0160tvorset \u010diapka + n\u00e1kr\u010dn\u00edk + driekovn\u00edk + ruk\u00e1vniky v \u010derveno-oran\u017eovo-lososovej farbe \u2013 predn\u00fd poh\u013ead"},{"@type":"BreadcrumbList","@id":"https:\/\/www.tattja.com\/product\/stvorset-tattja-cerveno-oranzovy-lososovy\/#breadcrumb","itemListElement":[{"@type":"ListItem","position":1,"name":"Domov","item":"https:\/\/www.tattja.com\/"},{"@type":"ListItem","position":2,"name":"Produkty","item":"https:\/\/www.tattja.com\/damske-oblecenie-produkty\/"},{"@type":"ListItem","position":3,"name":"D\u00e1mske oble\u010denie 4-set TATTJA \u010derveno-oran\u017eov\u00fd lososov\u00fd"}]},{"@type":"WebSite","@id":"https:\/\/www.tattja.com\/#website","url":"https:\/\/www.tattja.com\/","name":"TATTJA","description":"D\u00e1mske oble\u010denie z extra jemnej merino vlny \u2014 ru\u010dne pleten\u00e9 na Slovensku","potentialAction":[{"@type":"SearchAction","target":{"@type":"EntryPoint","urlTemplate":"https:\/\/www.tattja.com\/?s={search_term_string}"},"query-input":{"@type":"PropertyValueSpecification","valueRequired":true,"valueName":"search_term_string"}}],"inLanguage":"de"}]}},"_links":{"self":[{"href":"https:\/\/www.tattja.com\/de\/wp-json\/wp\/v2\/product\/1890","targetHints":{"allow":["GET"]}}],"collection":[{"href":"https:\/\/www.tattja.com\/de\/wp-json\/wp\/v2\/product"}],"about":[{"href":"https:\/\/www.tattja.com\/de\/wp-json\/wp\/v2\/types\/product"}],"replies":[{"embeddable":true,"href":"https:\/\/www.tattja.com\/de\/wp-json\/wp\/v2\/comments?post=1890"}],"version-history":[{"count":6,"href":"https:\/\/www.tattja.com\/de\/wp-json\/wp\/v2\/product\/1890\/revisions"}],"predecessor-version":[{"id":7251,"href":"https:\/\/www.tattja.com\/de\/wp-json\/wp\/v2\/product\/1890\/revisions\/7251"}],"wp:featuredmedia":[{"embeddable":true,"href":"https:\/\/www.tattja.com\/de\/wp-json\/wp\/v2\/media\/7107"}],"wp:attachment":[{"href":"https:\/\/www.tattja.com\/de\/wp-json\/wp\/v2\/media?parent=1890"}],"wp:term":[{"taxonomy":"product_brand","embeddable":true,"href":"https:\/\/www.tattja.com\/de\/wp-json\/wp\/v2\/product_brand?post=1890"},{"taxonomy":"product_cat","embeddable":true,"href":"https:\/\/www.tattja.com\/de\/wp-json\/wp\/v2\/product_cat?post=1890"},{"taxonomy":"product_tag","embeddable":true,"href":"https:\/\/www.tattja.com\/de\/wp-json\/wp\/v2\/product_tag?post=1890"}],"curies":[{"name":"wp","href":"https:\/\/api.w.org\/{rel}","templated":true}]}}