{"id":1894,"date":"2025-08-11T10:13:06","date_gmt":"2025-08-11T08:13:06","guid":{"rendered":"https:\/\/www.tattja.com\/?post_type=product&#038;p=1894"},"modified":"2026-04-05T19:45:01","modified_gmt":"2026-04-05T17:45:01","slug":"rukavniky-katja-cyklamenove","status":"publish","type":"product","link":"https:\/\/www.tattja.com\/de\/product\/rukavniky-katja-cyklamenove\/","title":{"rendered":"Damenbekleidung Armb\u00e4nder KATJA cyclamen"},"content":{"rendered":"<p data-start=\"900\" data-end=\"1250\"><strong data-start=\"900\" data-end=\"948\">Damenbekleidung Armb\u00e4nder KATJA cyclamen<\/strong> prin\u00e1\u0161aj\u00fa spojenie luxusu, pohodlia a osobit\u00e9ho \u0161t\u00fdlu. Tento elegantn\u00fd pleten\u00fd doplnok z kolekcie <strong data-start=\"1047\" data-end=\"1057\">TATTJA<\/strong> zahreje, zv\u00fdrazn\u00ed \u017eenskos\u0165 a dod\u00e1 ka\u017ed\u00e9mu outfitu energiu. V\u010faka m\u00e4kkej pletenine s jemnou rebrovanou \u0161trukt\u00farou ruk\u00e1vniky pr\u00edjemne obop\u00ednaj\u00fa pa\u017ee a poskytuj\u00fa komfort po\u010das chladnej\u0161\u00edch dn\u00ed.<\/p>\n<p data-start=\"1252\" data-end=\"1622\">Cykl\u00e1menov\u00e1 farba p\u00f4sob\u00ed v\u00fdrazne, sebavedomo a optimisticky. Je ide\u00e1lna pre \u017eeny, ktor\u00e9 sa neboja vynikn\u00fa\u0165 a miluj\u00fa farby s n\u00e1bojom energie. Tento odtie\u0148 okam\u017eite o\u017eiv\u00ed minimalistick\u00fd aj elegantn\u00fd outfit a dod\u00e1 mu \u0161t\u00fdlov\u00fd kontrast. Ruk\u00e1vniky KATJA v cykl\u00e1menovej farbe s\u00fa dokonal\u00fdm sp\u00f4sobom, ako vnies\u0165 do ka\u017edodenn\u00e9ho obliekania odv\u00e1\u017eny, no st\u00e1le sofistikovan\u00fd prvok.<\/p>\n<p data-start=\"1624\" data-end=\"1915\">Ich univerz\u00e1lny strih umo\u017e\u0148uje kombin\u00e1ciu s ko\u0161e\u013eou, \u0161atami, kab\u00e1tom \u010di svetr\u00edkom. Ka\u017ed\u00fd detail je navrhnut\u00fd tak, aby podporil \u017eensk\u00fa siluetu a priniesol rovnov\u00e1hu medzi funk\u010dnos\u0165ou a kr\u00e1sou. Materi\u00e1l ruk\u00e1vnikov je jemn\u00fd, hrejiv\u00fd a z\u00e1rove\u0148 priedu\u0161n\u00fd, \u010do zaru\u010duje komfort pri ka\u017edom pohybe.<\/p>\n<p data-start=\"1917\" data-end=\"2137\">D\u00e1mske oble\u010denie ruk\u00e1vniky KATJA cykl\u00e1menov\u00e9 s\u00fa viac ne\u017e len praktick\u00fd doplnok. S\u00fa v\u00fdrazom osobnosti, vkusu a l\u00e1sky k detailu. Ich prepracovan\u00e9 spracovanie a pr\u00e9miov\u00e1 kvalita z nich robia nad\u010dasov\u00fd k\u00fasok, ktor\u00fd vynikne v ka\u017edej sez\u00f3ne.<\/p>\n<p data-start=\"2139\" data-end=\"2244\">Entdecken Sie die Sch\u00f6nheit der Zartheit, die raffinierten Details und den femininen Stil, der Sie warm h\u00e4lt und <a href=\"https:\/\/www.tattja.com\/de\/product-category\/damske-oblecenie\/doplnky-jednotlivo\/rukavniky-2\/\">in anderen Farben.<\/a><\/p>\n<p data-start=\"2246\" data-end=\"2391\"><strong data-start=\"2246\" data-end=\"2300\">Siehe, <a href=\"https:\/\/shop.bogensberger.co.at\/produkt-schlagwort\/merino-extrafein\/\">aus welchen Materialien <\/a>wir produzieren unsere St\u00fccke<\/strong> a doprajte si spojenie luxusu, pohodlia a originality, ktor\u00e9 definuje zna\u010dku <strong data-start=\"2378\" data-end=\"2388\">TATTJA<\/strong>.<\/p>","protected":false},"excerpt":{"rendered":"<p><strong data-start=\"695\" data-end=\"743\">Damenbekleidung Armb\u00e4nder KATJA cyclamen<\/strong> s\u00fa v\u00fdrazn\u00e9 pleten\u00e9 doplnky, ktor\u00e9 sp\u00e1jaj\u00fa komfort, \u0161t\u00fdl a \u017eensk\u00fa energiu. Dodaj\u00fa v\u00e1\u0161mu outfitu odvahu a noblesu.<\/p>","protected":false},"featured_media":2231,"comment_status":"open","ping_status":"closed","template":"","meta":[],"product_brand":[],"product_cat":[300,298,134,281,125],"product_tag":[],"class_list":{"0":"post-1894","1":"product","2":"type-product","3":"status-publish","4":"has-post-thumbnail","6":"product_cat-damske-oblecenie","7":"product_cat-doplnky-jednotlivo","8":"product_cat-pleteninove-doplnky-cyklamenove","9":"product_cat-rukavniky-2","10":"product_cat-rukavniky","12":"first","13":"instock","14":"taxable","15":"shipping-taxable","16":"purchasable","17":"product-type-simple"},"yoast_head":"<!-- This site is optimized with the Yoast SEO plugin v26.0 - https:\/\/yoast.com\/wordpress\/plugins\/seo\/ -->\n<title>D\u00e1mske oble\u010denie ruk\u00e1vniky KATJA cykl\u00e1menov\u00e9 - TATTJA<\/title>\n<meta name=\"description\" content=\"D\u00e1mske oble\u010denie ruk\u00e1vniky KATJA cykl\u00e1menov\u00e9 \u2013 luxusn\u00e9 pleten\u00e9 doplnky, ktor\u00e9 dodaj\u00fa energiu, \u0161t\u00fdl a \u017eenskos\u0165. Pre \u017eeny, ktor\u00e9 miluj\u00fa eleganciu.\" \/>\n<meta name=\"robots\" content=\"index, follow, max-snippet:-1, max-image-preview:large, max-video-preview:-1\" \/>\n<link rel=\"canonical\" href=\"https:\/\/www.tattja.com\/de\/product\/rukavniky-katja-cyklamenove\/\" \/>\n<meta property=\"og:locale\" content=\"de_DE\" \/>\n<meta property=\"og:type\" content=\"article\" \/>\n<meta property=\"og:title\" content=\"D\u00e1mske oble\u010denie ruk\u00e1vniky KATJA cykl\u00e1menov\u00e9 - TATTJA\" \/>\n<meta property=\"og:description\" content=\"D\u00e1mske oble\u010denie ruk\u00e1vniky KATJA cykl\u00e1menov\u00e9 \u2013 luxusn\u00e9 pleten\u00e9 doplnky, ktor\u00e9 dodaj\u00fa energiu, \u0161t\u00fdl a \u017eenskos\u0165. Pre \u017eeny, ktor\u00e9 miluj\u00fa eleganciu.\" \/>\n<meta property=\"og:url\" content=\"https:\/\/www.tattja.com\/de\/product\/rukavniky-katja-cyklamenove\/\" \/>\n<meta property=\"og:site_name\" content=\"TATTJA\" \/>\n<meta property=\"article:modified_time\" content=\"2026-04-05T17:45:01+00:00\" \/>\n<meta property=\"og:image\" content=\"https:\/\/www.tattja.com\/wp-content\/uploads\/2025\/08\/cyklamenovy-rukavniky-spredu.webp\" \/>\n\t<meta property=\"og:image:width\" content=\"1365\" \/>\n\t<meta property=\"og:image:height\" content=\"2047\" \/>\n\t<meta property=\"og:image:type\" content=\"image\/webp\" \/>\n<meta name=\"twitter:card\" content=\"summary_large_image\" \/>\n<meta name=\"twitter:label1\" content=\"Gesch\u00e4tzte Lesezeit\" \/>\n\t<meta name=\"twitter:data1\" content=\"2\u00a0Minuten\" \/>\n<script type=\"application\/ld+json\" class=\"yoast-schema-graph\">{\"@context\":\"https:\/\/schema.org\",\"@graph\":[{\"@type\":\"WebPage\",\"@id\":\"https:\/\/www.tattja.com\/product\/rukavniky-katja-cyklamenove\/\",\"url\":\"https:\/\/www.tattja.com\/product\/rukavniky-katja-cyklamenove\/\",\"name\":\"D\u00e1mske oble\u010denie ruk\u00e1vniky KATJA cykl\u00e1menov\u00e9 - TATTJA\",\"isPartOf\":{\"@id\":\"https:\/\/www.tattja.com\/#website\"},\"primaryImageOfPage\":{\"@id\":\"https:\/\/www.tattja.com\/product\/rukavniky-katja-cyklamenove\/#primaryimage\"},\"image\":{\"@id\":\"https:\/\/www.tattja.com\/product\/rukavniky-katja-cyklamenove\/#primaryimage\"},\"thumbnailUrl\":\"https:\/\/www.tattja.com\/wp-content\/uploads\/2025\/08\/cyklamenovy-rukavniky-spredu.webp\",\"datePublished\":\"2025-08-11T08:13:06+00:00\",\"dateModified\":\"2026-04-05T17:45:01+00:00\",\"description\":\"D\u00e1mske oble\u010denie ruk\u00e1vniky KATJA cykl\u00e1menov\u00e9 \u2013 luxusn\u00e9 pleten\u00e9 doplnky, ktor\u00e9 dodaj\u00fa energiu, \u0161t\u00fdl a \u017eenskos\u0165. Pre \u017eeny, ktor\u00e9 miluj\u00fa eleganciu.\",\"breadcrumb\":{\"@id\":\"https:\/\/www.tattja.com\/product\/rukavniky-katja-cyklamenove\/#breadcrumb\"},\"inLanguage\":\"de\",\"potentialAction\":[{\"@type\":\"ReadAction\",\"target\":[\"https:\/\/www.tattja.com\/product\/rukavniky-katja-cyklamenove\/\"]}]},{\"@type\":\"ImageObject\",\"inLanguage\":\"de\",\"@id\":\"https:\/\/www.tattja.com\/product\/rukavniky-katja-cyklamenove\/#primaryimage\",\"url\":\"https:\/\/www.tattja.com\/wp-content\/uploads\/2025\/08\/cyklamenovy-rukavniky-spredu.webp\",\"contentUrl\":\"https:\/\/www.tattja.com\/wp-content\/uploads\/2025\/08\/cyklamenovy-rukavniky-spredu.webp\",\"width\":1365,\"height\":2047,\"caption\":\"Ruk\u00e1vniky KATJA \u2013 cykl\u00e1menov\u00e9 pleten\u00e9 ruk\u00e1vniky TATTJA | predn\u00fd poh\u013ead\"},{\"@type\":\"BreadcrumbList\",\"@id\":\"https:\/\/www.tattja.com\/product\/rukavniky-katja-cyklamenove\/#breadcrumb\",\"itemListElement\":[{\"@type\":\"ListItem\",\"position\":1,\"name\":\"Domov\",\"item\":\"https:\/\/www.tattja.com\/\"},{\"@type\":\"ListItem\",\"position\":2,\"name\":\"Produkty\",\"item\":\"https:\/\/www.tattja.com\/damske-oblecenie-produkty\/\"},{\"@type\":\"ListItem\",\"position\":3,\"name\":\"D\u00e1mske oble\u010denie ruk\u00e1vniky KATJA cykl\u00e1menov\u00e9\"}]},{\"@type\":\"WebSite\",\"@id\":\"https:\/\/www.tattja.com\/#website\",\"url\":\"https:\/\/www.tattja.com\/\",\"name\":\"TATTJA\",\"description\":\"D\u00e1mske oble\u010denie z extra jemnej merino vlny \u2014 ru\u010dne pleten\u00e9 na Slovensku\",\"potentialAction\":[{\"@type\":\"SearchAction\",\"target\":{\"@type\":\"EntryPoint\",\"urlTemplate\":\"https:\/\/www.tattja.com\/?s={search_term_string}\"},\"query-input\":{\"@type\":\"PropertyValueSpecification\",\"valueRequired\":true,\"valueName\":\"search_term_string\"}}],\"inLanguage\":\"de\"}]}<\/script>\n<!-- \/ Yoast SEO plugin. -->","yoast_head_json":{"title":"D\u00e1mske oble\u010denie ruk\u00e1vniky KATJA cykl\u00e1menov\u00e9 - TATTJA","description":"D\u00e1mske oble\u010denie ruk\u00e1vniky KATJA cykl\u00e1menov\u00e9 \u2013 luxusn\u00e9 pleten\u00e9 doplnky, ktor\u00e9 dodaj\u00fa energiu, \u0161t\u00fdl a \u017eenskos\u0165. Pre \u017eeny, ktor\u00e9 miluj\u00fa eleganciu.","robots":{"index":"index","follow":"follow","max-snippet":"max-snippet:-1","max-image-preview":"max-image-preview:large","max-video-preview":"max-video-preview:-1"},"canonical":"https:\/\/www.tattja.com\/de\/product\/rukavniky-katja-cyklamenove\/","og_locale":"de_DE","og_type":"article","og_title":"D\u00e1mske oble\u010denie ruk\u00e1vniky KATJA cykl\u00e1menov\u00e9 - TATTJA","og_description":"D\u00e1mske oble\u010denie ruk\u00e1vniky KATJA cykl\u00e1menov\u00e9 \u2013 luxusn\u00e9 pleten\u00e9 doplnky, ktor\u00e9 dodaj\u00fa energiu, \u0161t\u00fdl a \u017eenskos\u0165. Pre \u017eeny, ktor\u00e9 miluj\u00fa eleganciu.","og_url":"https:\/\/www.tattja.com\/de\/product\/rukavniky-katja-cyklamenove\/","og_site_name":"TATTJA","article_modified_time":"2026-04-05T17:45:01+00:00","og_image":[{"width":1365,"height":2047,"url":"https:\/\/www.tattja.com\/wp-content\/uploads\/2025\/08\/cyklamenovy-rukavniky-spredu.webp","type":"image\/webp"}],"twitter_card":"summary_large_image","twitter_misc":{"Gesch\u00e4tzte Lesezeit":"2\u00a0Minuten"},"schema":{"@context":"https:\/\/schema.org","@graph":[{"@type":"WebPage","@id":"https:\/\/www.tattja.com\/product\/rukavniky-katja-cyklamenove\/","url":"https:\/\/www.tattja.com\/product\/rukavniky-katja-cyklamenove\/","name":"D\u00e1mske oble\u010denie ruk\u00e1vniky KATJA cykl\u00e1menov\u00e9 - TATTJA","isPartOf":{"@id":"https:\/\/www.tattja.com\/#website"},"primaryImageOfPage":{"@id":"https:\/\/www.tattja.com\/product\/rukavniky-katja-cyklamenove\/#primaryimage"},"image":{"@id":"https:\/\/www.tattja.com\/product\/rukavniky-katja-cyklamenove\/#primaryimage"},"thumbnailUrl":"https:\/\/www.tattja.com\/wp-content\/uploads\/2025\/08\/cyklamenovy-rukavniky-spredu.webp","datePublished":"2025-08-11T08:13:06+00:00","dateModified":"2026-04-05T17:45:01+00:00","description":"D\u00e1mske oble\u010denie ruk\u00e1vniky KATJA cykl\u00e1menov\u00e9 \u2013 luxusn\u00e9 pleten\u00e9 doplnky, ktor\u00e9 dodaj\u00fa energiu, \u0161t\u00fdl a \u017eenskos\u0165. Pre \u017eeny, ktor\u00e9 miluj\u00fa eleganciu.","breadcrumb":{"@id":"https:\/\/www.tattja.com\/product\/rukavniky-katja-cyklamenove\/#breadcrumb"},"inLanguage":"de","potentialAction":[{"@type":"ReadAction","target":["https:\/\/www.tattja.com\/product\/rukavniky-katja-cyklamenove\/"]}]},{"@type":"ImageObject","inLanguage":"de","@id":"https:\/\/www.tattja.com\/product\/rukavniky-katja-cyklamenove\/#primaryimage","url":"https:\/\/www.tattja.com\/wp-content\/uploads\/2025\/08\/cyklamenovy-rukavniky-spredu.webp","contentUrl":"https:\/\/www.tattja.com\/wp-content\/uploads\/2025\/08\/cyklamenovy-rukavniky-spredu.webp","width":1365,"height":2047,"caption":"Ruk\u00e1vniky KATJA \u2013 cykl\u00e1menov\u00e9 pleten\u00e9 ruk\u00e1vniky TATTJA | predn\u00fd poh\u013ead"},{"@type":"BreadcrumbList","@id":"https:\/\/www.tattja.com\/product\/rukavniky-katja-cyklamenove\/#breadcrumb","itemListElement":[{"@type":"ListItem","position":1,"name":"Domov","item":"https:\/\/www.tattja.com\/"},{"@type":"ListItem","position":2,"name":"Produkty","item":"https:\/\/www.tattja.com\/damske-oblecenie-produkty\/"},{"@type":"ListItem","position":3,"name":"D\u00e1mske oble\u010denie ruk\u00e1vniky KATJA cykl\u00e1menov\u00e9"}]},{"@type":"WebSite","@id":"https:\/\/www.tattja.com\/#website","url":"https:\/\/www.tattja.com\/","name":"TATTJA","description":"D\u00e1mske oble\u010denie z extra jemnej merino vlny \u2014 ru\u010dne pleten\u00e9 na Slovensku","potentialAction":[{"@type":"SearchAction","target":{"@type":"EntryPoint","urlTemplate":"https:\/\/www.tattja.com\/?s={search_term_string}"},"query-input":{"@type":"PropertyValueSpecification","valueRequired":true,"valueName":"search_term_string"}}],"inLanguage":"de"}]}},"_links":{"self":[{"href":"https:\/\/www.tattja.com\/de\/wp-json\/wp\/v2\/product\/1894","targetHints":{"allow":["GET"]}}],"collection":[{"href":"https:\/\/www.tattja.com\/de\/wp-json\/wp\/v2\/product"}],"about":[{"href":"https:\/\/www.tattja.com\/de\/wp-json\/wp\/v2\/types\/product"}],"replies":[{"embeddable":true,"href":"https:\/\/www.tattja.com\/de\/wp-json\/wp\/v2\/comments?post=1894"}],"version-history":[{"count":5,"href":"https:\/\/www.tattja.com\/de\/wp-json\/wp\/v2\/product\/1894\/revisions"}],"predecessor-version":[{"id":5878,"href":"https:\/\/www.tattja.com\/de\/wp-json\/wp\/v2\/product\/1894\/revisions\/5878"}],"wp:featuredmedia":[{"embeddable":true,"href":"https:\/\/www.tattja.com\/de\/wp-json\/wp\/v2\/media\/2231"}],"wp:attachment":[{"href":"https:\/\/www.tattja.com\/de\/wp-json\/wp\/v2\/media?parent=1894"}],"wp:term":[{"taxonomy":"product_brand","embeddable":true,"href":"https:\/\/www.tattja.com\/de\/wp-json\/wp\/v2\/product_brand?post=1894"},{"taxonomy":"product_cat","embeddable":true,"href":"https:\/\/www.tattja.com\/de\/wp-json\/wp\/v2\/product_cat?post=1894"},{"taxonomy":"product_tag","embeddable":true,"href":"https:\/\/www.tattja.com\/de\/wp-json\/wp\/v2\/product_tag?post=1894"}],"curies":[{"name":"wp","href":"https:\/\/api.w.org\/{rel}","templated":true}]}}