{"id":1900,"date":"2025-08-13T19:05:18","date_gmt":"2025-08-13T17:05:18","guid":{"rendered":"https:\/\/www.tattja.com\/?post_type=product&#038;p=1900"},"modified":"2026-04-05T19:45:01","modified_gmt":"2026-04-05T17:45:01","slug":"dvojset-sighrith-cyklamenovy","status":"publish","type":"product","link":"https:\/\/www.tattja.com\/de\/product\/dvojset-sighrith-cyklamenovy\/","title":{"rendered":"D\u00e1mske oble\u010denie 2-set SIGHRITH cykl\u00e1menov\u00fd"},"content":{"rendered":"<p data-start=\"880\" data-end=\"1165\"><strong data-start=\"880\" data-end=\"929\">Damenbekleidung Doppelset SIGHRITH Cyclamen<\/strong> predstavuje spojenie modernej noblesy, \u017eenskosti a praktickosti. Tento jedine\u010dn\u00fd model kombinuje elegantn\u00fd driekovn\u00edk a ruk\u00e1vniky do harmonick\u00e9ho celku, ktor\u00fd zv\u00fdraz\u0148uje \u017eensk\u00fa postavu a z\u00e1rove\u0148 poskytuje pocit pohodlia a hrejivosti.<\/p>\n<p data-start=\"1167\" data-end=\"1502\">Cykl\u00e1menov\u00e1 farba p\u00f4sob\u00ed energicky, odv\u00e1\u017ene a \u017eensky. Symbolizuje v\u00e1\u0161e\u0148, rados\u0165 a vn\u00fatorn\u00fa silu \u017eeny, ktor\u00e1 vie, \u010do chce. Tento t\u00f3n o\u017eiv\u00ed ka\u017ed\u00fd outfit, pritiahne poh\u013eady a stane sa dominantn\u00fdm akcentom v\u00e1\u0161ho \u0161atn\u00edka. Jemn\u00e1 rebrovan\u00e1 \u0161trukt\u00fara \u00fapletu pr\u00edjemne prilieha k telu, zahreje po\u010das chladnej\u0161\u00edch dn\u00ed a zachov\u00e1va ladn\u00fa siluetu.<\/p>\n<p data-start=\"1504\" data-end=\"1781\">Driekovn\u00edk obop\u00edna p\u00e1s ako elegantn\u00fd doplnok, ktor\u00fd sp\u00e1ja funk\u010dnos\u0165 s estetick\u00fdm detailom. Ruk\u00e1vniky ladne predl\u017euj\u00fa l\u00ednie r\u00fak a prid\u00e1vaj\u00fa outfitu harmonick\u00fa rovnov\u00e1hu. Celkov\u00fd dizajn vy\u017earuje sebaistotu, sofistikovanos\u0165 a zmyselnos\u0165, ktor\u00e9 s\u00fa typick\u00e9 pre \u0161t\u00fdl zna\u010dky TATTJA.<\/p>\n<p data-start=\"1783\" data-end=\"2021\">D\u00e1mske oble\u010denie dvojset SIGHRITH cykl\u00e1menov\u00fd je ide\u00e1lny pre \u017eeny, ktor\u00e9 t\u00fa\u017eia po jedine\u010dnom k\u00fasku, v ktorom sa sn\u00fabi luxus, pohodlie a nad\u010dasov\u00fd vzh\u013ead. Vynikne v kombin\u00e1cii s ko\u0161e\u013eou, \u0161atami \u010di elegantn\u00fdmi nohavicami \u2013 v ka\u017edom outfite pod\u010diarkne osobnos\u0165 nosite\u013eky.<\/p>\n<p data-start=\"2023\" data-end=\"2259\">Entdecken Sie die Sch\u00f6nheit der Zartheit, die raffinierten Details und den femininen Stil, der Sie warm h\u00e4lt und <a href=\"https:\/\/www.tattja.com\/de\/product-category\/damske-oblecenie\/dvojsety\/driekovnik-a-rukavniky\/\">in anderen Farben.<\/a><br data-start=\"2126\" data-end=\"2129\" \/><strong data-start=\"2129\" data-end=\"2183\">Siehe, <a href=\"https:\/\/shop.bogensberger.co.at\/produkt-schlagwort\/merino-extrafein\/\">aus welchen Materialien<\/a> wir produzieren unsere St\u00fccke<\/strong>, a doprajte si dotyk kvality, ktor\u00fd sp\u00e1ja eleganciu, komfort a \u017eensk\u00fd \u0161arm.<\/p>","protected":false},"excerpt":{"rendered":"<p>D\u00e1mske oble\u010denie dvojset SIGHRITH cykl\u00e1menov\u00fd sp\u00e1ja v\u00e1\u0161e\u0148, eleganciu a pohodlie. \u017diariv\u00e1 cykl\u00e1menov\u00e1 farba dod\u00e1va energiu, zatia\u013e \u010do jemn\u00fd \u00faplet prin\u00e1\u0161a hrejivos\u0165 a v\u00fdnimo\u010dn\u00fd komfort pre ka\u017edodenn\u00fd \u0161t\u00fdl.<\/p>","protected":false},"featured_media":2237,"comment_status":"open","ping_status":"closed","template":"","meta":[],"product_brand":[],"product_cat":[289,300,293,129,134],"product_tag":[],"class_list":{"0":"post-1900","1":"product","2":"type-product","3":"status-publish","4":"has-post-thumbnail","6":"product_cat-dvojsety","7":"product_cat-damske-oblecenie","8":"product_cat-driekovnik-a-rukavniky","9":"product_cat-dvojsety-cyklamenove","10":"product_cat-pleteninove-doplnky-cyklamenove","12":"first","13":"instock","14":"taxable","15":"shipping-taxable","16":"purchasable","17":"product-type-simple"},"yoast_head":"<!-- This site is optimized with the Yoast SEO plugin v26.0 - https:\/\/yoast.com\/wordpress\/plugins\/seo\/ -->\n<title>D\u00e1mske oble\u010denie 2-set SIGHRITH cykl\u00e1menov\u00fd - TATTJA<\/title>\n<meta name=\"description\" content=\"D\u00e1mske oble\u010denie dvojset SIGHRITH cykl\u00e1menov\u00fd \u2013 \u017eiariv\u00fd symbol \u017eenskosti a sebavedomia. Luxusn\u00fd driekovn\u00edk a ruk\u00e1vniky v modernom cykl\u00e1menovom odtieni.\" \/>\n<meta name=\"robots\" content=\"index, follow, max-snippet:-1, max-image-preview:large, max-video-preview:-1\" \/>\n<link rel=\"canonical\" href=\"https:\/\/www.tattja.com\/de\/product\/dvojset-sighrith-cyklamenovy\/\" \/>\n<meta property=\"og:locale\" content=\"de_DE\" \/>\n<meta property=\"og:type\" content=\"article\" \/>\n<meta property=\"og:title\" content=\"D\u00e1mske oble\u010denie 2-set SIGHRITH cykl\u00e1menov\u00fd - TATTJA\" \/>\n<meta property=\"og:description\" content=\"D\u00e1mske oble\u010denie dvojset SIGHRITH cykl\u00e1menov\u00fd \u2013 \u017eiariv\u00fd symbol \u017eenskosti a sebavedomia. Luxusn\u00fd driekovn\u00edk a ruk\u00e1vniky v modernom cykl\u00e1menovom odtieni.\" \/>\n<meta property=\"og:url\" content=\"https:\/\/www.tattja.com\/de\/product\/dvojset-sighrith-cyklamenovy\/\" \/>\n<meta property=\"og:site_name\" content=\"TATTJA\" \/>\n<meta property=\"article:modified_time\" content=\"2026-04-05T17:45:01+00:00\" \/>\n<meta property=\"og:image\" content=\"https:\/\/www.tattja.com\/wp-content\/uploads\/2025\/08\/cyklamenovy-dvojset-driekovnik-rukavniky-spredu.webp\" \/>\n\t<meta property=\"og:image:width\" content=\"1365\" \/>\n\t<meta property=\"og:image:height\" content=\"2048\" \/>\n\t<meta property=\"og:image:type\" content=\"image\/webp\" \/>\n<meta name=\"twitter:card\" content=\"summary_large_image\" \/>\n<meta name=\"twitter:label1\" content=\"Gesch\u00e4tzte Lesezeit\" \/>\n\t<meta name=\"twitter:data1\" content=\"2\u00a0Minuten\" \/>\n<script type=\"application\/ld+json\" class=\"yoast-schema-graph\">{\"@context\":\"https:\/\/schema.org\",\"@graph\":[{\"@type\":\"WebPage\",\"@id\":\"https:\/\/www.tattja.com\/product\/dvojset-sighrith-cyklamenovy\/\",\"url\":\"https:\/\/www.tattja.com\/product\/dvojset-sighrith-cyklamenovy\/\",\"name\":\"D\u00e1mske oble\u010denie 2-set SIGHRITH cykl\u00e1menov\u00fd - TATTJA\",\"isPartOf\":{\"@id\":\"https:\/\/www.tattja.com\/#website\"},\"primaryImageOfPage\":{\"@id\":\"https:\/\/www.tattja.com\/product\/dvojset-sighrith-cyklamenovy\/#primaryimage\"},\"image\":{\"@id\":\"https:\/\/www.tattja.com\/product\/dvojset-sighrith-cyklamenovy\/#primaryimage\"},\"thumbnailUrl\":\"https:\/\/www.tattja.com\/wp-content\/uploads\/2025\/08\/cyklamenovy-dvojset-driekovnik-rukavniky-spredu.webp\",\"datePublished\":\"2025-08-13T17:05:18+00:00\",\"dateModified\":\"2026-04-05T17:45:01+00:00\",\"description\":\"D\u00e1mske oble\u010denie dvojset SIGHRITH cykl\u00e1menov\u00fd \u2013 \u017eiariv\u00fd symbol \u017eenskosti a sebavedomia. Luxusn\u00fd driekovn\u00edk a ruk\u00e1vniky v modernom cykl\u00e1menovom odtieni.\",\"breadcrumb\":{\"@id\":\"https:\/\/www.tattja.com\/product\/dvojset-sighrith-cyklamenovy\/#breadcrumb\"},\"inLanguage\":\"de\",\"potentialAction\":[{\"@type\":\"ReadAction\",\"target\":[\"https:\/\/www.tattja.com\/product\/dvojset-sighrith-cyklamenovy\/\"]}]},{\"@type\":\"ImageObject\",\"inLanguage\":\"de\",\"@id\":\"https:\/\/www.tattja.com\/product\/dvojset-sighrith-cyklamenovy\/#primaryimage\",\"url\":\"https:\/\/www.tattja.com\/wp-content\/uploads\/2025\/08\/cyklamenovy-dvojset-driekovnik-rukavniky-spredu.webp\",\"contentUrl\":\"https:\/\/www.tattja.com\/wp-content\/uploads\/2025\/08\/cyklamenovy-dvojset-driekovnik-rukavniky-spredu.webp\",\"width\":1365,\"height\":2048,\"caption\":\"Cykl\u00e1menov\u00fd dvojset SIGHRITH \u2013 driekovn\u00edk a ruk\u00e1vniky TATTJA | predn\u00fd poh\u013ead\"},{\"@type\":\"BreadcrumbList\",\"@id\":\"https:\/\/www.tattja.com\/product\/dvojset-sighrith-cyklamenovy\/#breadcrumb\",\"itemListElement\":[{\"@type\":\"ListItem\",\"position\":1,\"name\":\"Domov\",\"item\":\"https:\/\/www.tattja.com\/\"},{\"@type\":\"ListItem\",\"position\":2,\"name\":\"Produkty\",\"item\":\"https:\/\/www.tattja.com\/damske-oblecenie-produkty\/\"},{\"@type\":\"ListItem\",\"position\":3,\"name\":\"D\u00e1mske oble\u010denie 2-set SIGHRITH cykl\u00e1menov\u00fd\"}]},{\"@type\":\"WebSite\",\"@id\":\"https:\/\/www.tattja.com\/#website\",\"url\":\"https:\/\/www.tattja.com\/\",\"name\":\"TATTJA\",\"description\":\"D\u00e1mske oble\u010denie z extra jemnej merino vlny \u2014 ru\u010dne pleten\u00e9 na Slovensku\",\"potentialAction\":[{\"@type\":\"SearchAction\",\"target\":{\"@type\":\"EntryPoint\",\"urlTemplate\":\"https:\/\/www.tattja.com\/?s={search_term_string}\"},\"query-input\":{\"@type\":\"PropertyValueSpecification\",\"valueRequired\":true,\"valueName\":\"search_term_string\"}}],\"inLanguage\":\"de\"}]}<\/script>\n<!-- \/ Yoast SEO plugin. -->","yoast_head_json":{"title":"D\u00e1mske oble\u010denie 2-set SIGHRITH cykl\u00e1menov\u00fd - TATTJA","description":"D\u00e1mske oble\u010denie dvojset SIGHRITH cykl\u00e1menov\u00fd \u2013 \u017eiariv\u00fd symbol \u017eenskosti a sebavedomia. Luxusn\u00fd driekovn\u00edk a ruk\u00e1vniky v modernom cykl\u00e1menovom odtieni.","robots":{"index":"index","follow":"follow","max-snippet":"max-snippet:-1","max-image-preview":"max-image-preview:large","max-video-preview":"max-video-preview:-1"},"canonical":"https:\/\/www.tattja.com\/de\/product\/dvojset-sighrith-cyklamenovy\/","og_locale":"de_DE","og_type":"article","og_title":"D\u00e1mske oble\u010denie 2-set SIGHRITH cykl\u00e1menov\u00fd - TATTJA","og_description":"D\u00e1mske oble\u010denie dvojset SIGHRITH cykl\u00e1menov\u00fd \u2013 \u017eiariv\u00fd symbol \u017eenskosti a sebavedomia. Luxusn\u00fd driekovn\u00edk a ruk\u00e1vniky v modernom cykl\u00e1menovom odtieni.","og_url":"https:\/\/www.tattja.com\/de\/product\/dvojset-sighrith-cyklamenovy\/","og_site_name":"TATTJA","article_modified_time":"2026-04-05T17:45:01+00:00","og_image":[{"width":1365,"height":2048,"url":"https:\/\/www.tattja.com\/wp-content\/uploads\/2025\/08\/cyklamenovy-dvojset-driekovnik-rukavniky-spredu.webp","type":"image\/webp"}],"twitter_card":"summary_large_image","twitter_misc":{"Gesch\u00e4tzte Lesezeit":"2\u00a0Minuten"},"schema":{"@context":"https:\/\/schema.org","@graph":[{"@type":"WebPage","@id":"https:\/\/www.tattja.com\/product\/dvojset-sighrith-cyklamenovy\/","url":"https:\/\/www.tattja.com\/product\/dvojset-sighrith-cyklamenovy\/","name":"D\u00e1mske oble\u010denie 2-set SIGHRITH cykl\u00e1menov\u00fd - TATTJA","isPartOf":{"@id":"https:\/\/www.tattja.com\/#website"},"primaryImageOfPage":{"@id":"https:\/\/www.tattja.com\/product\/dvojset-sighrith-cyklamenovy\/#primaryimage"},"image":{"@id":"https:\/\/www.tattja.com\/product\/dvojset-sighrith-cyklamenovy\/#primaryimage"},"thumbnailUrl":"https:\/\/www.tattja.com\/wp-content\/uploads\/2025\/08\/cyklamenovy-dvojset-driekovnik-rukavniky-spredu.webp","datePublished":"2025-08-13T17:05:18+00:00","dateModified":"2026-04-05T17:45:01+00:00","description":"D\u00e1mske oble\u010denie dvojset SIGHRITH cykl\u00e1menov\u00fd \u2013 \u017eiariv\u00fd symbol \u017eenskosti a sebavedomia. Luxusn\u00fd driekovn\u00edk a ruk\u00e1vniky v modernom cykl\u00e1menovom odtieni.","breadcrumb":{"@id":"https:\/\/www.tattja.com\/product\/dvojset-sighrith-cyklamenovy\/#breadcrumb"},"inLanguage":"de","potentialAction":[{"@type":"ReadAction","target":["https:\/\/www.tattja.com\/product\/dvojset-sighrith-cyklamenovy\/"]}]},{"@type":"ImageObject","inLanguage":"de","@id":"https:\/\/www.tattja.com\/product\/dvojset-sighrith-cyklamenovy\/#primaryimage","url":"https:\/\/www.tattja.com\/wp-content\/uploads\/2025\/08\/cyklamenovy-dvojset-driekovnik-rukavniky-spredu.webp","contentUrl":"https:\/\/www.tattja.com\/wp-content\/uploads\/2025\/08\/cyklamenovy-dvojset-driekovnik-rukavniky-spredu.webp","width":1365,"height":2048,"caption":"Cykl\u00e1menov\u00fd dvojset SIGHRITH \u2013 driekovn\u00edk a ruk\u00e1vniky TATTJA | predn\u00fd poh\u013ead"},{"@type":"BreadcrumbList","@id":"https:\/\/www.tattja.com\/product\/dvojset-sighrith-cyklamenovy\/#breadcrumb","itemListElement":[{"@type":"ListItem","position":1,"name":"Domov","item":"https:\/\/www.tattja.com\/"},{"@type":"ListItem","position":2,"name":"Produkty","item":"https:\/\/www.tattja.com\/damske-oblecenie-produkty\/"},{"@type":"ListItem","position":3,"name":"D\u00e1mske oble\u010denie 2-set SIGHRITH cykl\u00e1menov\u00fd"}]},{"@type":"WebSite","@id":"https:\/\/www.tattja.com\/#website","url":"https:\/\/www.tattja.com\/","name":"TATTJA","description":"D\u00e1mske oble\u010denie z extra jemnej merino vlny \u2014 ru\u010dne pleten\u00e9 na Slovensku","potentialAction":[{"@type":"SearchAction","target":{"@type":"EntryPoint","urlTemplate":"https:\/\/www.tattja.com\/?s={search_term_string}"},"query-input":{"@type":"PropertyValueSpecification","valueRequired":true,"valueName":"search_term_string"}}],"inLanguage":"de"}]}},"_links":{"self":[{"href":"https:\/\/www.tattja.com\/de\/wp-json\/wp\/v2\/product\/1900","targetHints":{"allow":["GET"]}}],"collection":[{"href":"https:\/\/www.tattja.com\/de\/wp-json\/wp\/v2\/product"}],"about":[{"href":"https:\/\/www.tattja.com\/de\/wp-json\/wp\/v2\/types\/product"}],"replies":[{"embeddable":true,"href":"https:\/\/www.tattja.com\/de\/wp-json\/wp\/v2\/comments?post=1900"}],"version-history":[{"count":6,"href":"https:\/\/www.tattja.com\/de\/wp-json\/wp\/v2\/product\/1900\/revisions"}],"predecessor-version":[{"id":7250,"href":"https:\/\/www.tattja.com\/de\/wp-json\/wp\/v2\/product\/1900\/revisions\/7250"}],"wp:featuredmedia":[{"embeddable":true,"href":"https:\/\/www.tattja.com\/de\/wp-json\/wp\/v2\/media\/2237"}],"wp:attachment":[{"href":"https:\/\/www.tattja.com\/de\/wp-json\/wp\/v2\/media?parent=1900"}],"wp:term":[{"taxonomy":"product_brand","embeddable":true,"href":"https:\/\/www.tattja.com\/de\/wp-json\/wp\/v2\/product_brand?post=1900"},{"taxonomy":"product_cat","embeddable":true,"href":"https:\/\/www.tattja.com\/de\/wp-json\/wp\/v2\/product_cat?post=1900"},{"taxonomy":"product_tag","embeddable":true,"href":"https:\/\/www.tattja.com\/de\/wp-json\/wp\/v2\/product_tag?post=1900"}],"curies":[{"name":"wp","href":"https:\/\/api.w.org\/{rel}","templated":true}]}}