{"id":1904,"date":"2025-08-13T19:06:43","date_gmt":"2025-08-13T17:06:43","guid":{"rendered":"https:\/\/www.tattja.com\/?post_type=product&#038;p=1904"},"modified":"2026-04-05T19:45:01","modified_gmt":"2026-04-05T17:45:01","slug":"damske-oblecenie-dvojset-ragnild-cyklamenovy","status":"publish","type":"product","link":"https:\/\/www.tattja.com\/de\/product\/damske-oblecenie-dvojset-ragnild-cyklamenovy\/","title":{"rendered":"D\u00e1mske oble\u010denie 2-set RAGNILD cykl\u00e1menov\u00fd"},"content":{"rendered":"<p data-start=\"998\" data-end=\"1293\"><strong data-start=\"998\" data-end=\"1046\">Damenbekleidung Doppelset RAGNILD Cyclamen<\/strong> je oslavou \u017eenskosti, farby a elegancie. Tento exkluz\u00edvny model z kolekcie <strong data-start=\"1122\" data-end=\"1132\">TATTJA<\/strong> sp\u00e1ja n\u00e1kr\u010dn\u00edk a driekovn\u00edk v dokonalej harm\u00f3nii funk\u010dnosti a \u0161t\u00fdlu. Cykl\u00e1menov\u00e1 farba, symbol v\u00e1\u0161ne a odhodlania, vn\u00e1\u0161a do ka\u017ed\u00e9ho d\u0148a energiu a sebavedomie.<\/p>\n<p data-start=\"1295\" data-end=\"1627\">N\u00e1kr\u010dn\u00edk jemne obop\u00edna ramen\u00e1, dod\u00e1va teplo a elegantne r\u00e1muje dekolt. Jeho tvar vytv\u00e1ra pocit luxusu a pohodlia, ktor\u00fd p\u00f4sob\u00ed prirodzene a sofistikovane. Driekovn\u00edk pod\u010diarkuje siluetu, prin\u00e1\u0161a jemnos\u0165, ale aj \u0161trukt\u00faru a zmysel pre detail. Spolu vytv\u00e1raj\u00fa vyv\u00e1\u017een\u00fd celok, ktor\u00fd zv\u00fdraz\u0148uje \u017eensk\u00fd p\u00f4vab bez oh\u013eadu na pr\u00edle\u017eitos\u0165.<\/p>\n<p data-start=\"1629\" data-end=\"1904\">Cykl\u00e1menov\u00fd odtie\u0148 prin\u00e1\u0161a do \u0161atn\u00edka svie\u017eos\u0165 a \u0161tipku odv\u00e1\u017enej estetiky. Kr\u00e1sne lad\u00ed s neutr\u00e1lnymi t\u00f3nmi ako biela, b\u00e9\u017eov\u00e1 \u010di siv\u00e1, no vynikne aj v kontraste s tmav\u0161\u00edmi odtie\u0148mi. Tento dvojset je ide\u00e1lny pre modern\u00fa \u017eenu, ktor\u00e1 vn\u00edma m\u00f3du ako vyjadrenie svojej osobnosti.<\/p>\n<p data-start=\"1906\" data-end=\"2241\">Model <strong data-start=\"1912\" data-end=\"1935\">RAGNILD cykl\u00e1menov\u00fd<\/strong> odr\u00e1\u017ea rukopis zna\u010dky <strong data-start=\"1958\" data-end=\"1968\">TATTJA<\/strong> \u2013 prepojenie kvalitn\u00e9ho spracovania, luxusn\u00fdch materi\u00e1lov a nad\u010dasov\u00e9ho dizajnu. Ka\u017ed\u00fd detail hovor\u00ed o prec\u00edznosti, remeselnom umen\u00ed a citlivom pr\u00edstupe k \u017eensk\u00e9mu \u0161t\u00fdlu. Tento dvojset p\u00f4sob\u00ed elegantne a z\u00e1rove\u0148 uvo\u013enene, \u010do z neho rob\u00ed v\u00fdnimo\u010dn\u00fd k\u00fasok pre ka\u017ed\u00fa sez\u00f3nu.<\/p>\n<p data-start=\"2243\" data-end=\"2348\">Entdecken Sie die Sch\u00f6nheit der Zartheit, die raffinierten Details und den femininen Stil, der Sie warm h\u00e4lt und <a href=\"https:\/\/www.tattja.com\/de\/product-category\/damske-oblecenie\/dvojsety\/nakrcnik-a-driekovnik\/\">in anderen Farben<\/a>.<\/p>\n<p data-start=\"2350\" data-end=\"2501\"><strong data-start=\"2350\" data-end=\"2404\">Siehe, <a href=\"https:\/\/shop.bogensberger.co.at\/produkt-schlagwort\/merino-extrafein\/\">aus welchen Materialien<\/a> wir produzieren unsere St\u00fccke<\/strong>, a spoznajte svet zna\u010dky <strong data-start=\"2430\" data-end=\"2440\">TATTJA<\/strong>, kde sa stret\u00e1va elegancia, \u017eenskos\u0165 a nad\u010dasov\u00e1 harm\u00f3nia.<\/p>","protected":false},"excerpt":{"rendered":"<p data-start=\"653\" data-end=\"955\"><strong data-start=\"653\" data-end=\"701\">Damenbekleidung Doppelset RAGNILD Cyclamen<\/strong> sp\u00e1ja noblesu a energiu v dokonalej harm\u00f3nii. Elegantn\u00fd n\u00e1kr\u010dn\u00edk a driekovn\u00edk v \u017eiarivej cykl\u00e1menovej farbe zv\u00fdraznia \u017eensk\u00e9 l\u00ednie a dodaj\u00fa outfitu \u0161mrnc. Tento set z kolekcie <strong data-start=\"878\" data-end=\"888\">TATTJA<\/strong>je ide\u00e1lny pre \u017eeny, ktor\u00e9 miluj\u00fa luxus, \u0161t\u00fdl a v\u00fdrazn\u00e9 detaily.<\/p>","protected":false},"featured_media":2243,"comment_status":"open","ping_status":"closed","template":"","meta":[],"product_brand":[],"product_cat":[289,300,129,290,134],"product_tag":[],"class_list":{"0":"post-1904","1":"product","2":"type-product","3":"status-publish","4":"has-post-thumbnail","6":"product_cat-dvojsety","7":"product_cat-damske-oblecenie","8":"product_cat-dvojsety-cyklamenove","9":"product_cat-nakrcnik-a-driekovnik","10":"product_cat-pleteninove-doplnky-cyklamenove","12":"first","13":"instock","14":"taxable","15":"shipping-taxable","16":"purchasable","17":"product-type-simple"},"yoast_head":"<!-- This site is optimized with the Yoast SEO plugin v26.0 - https:\/\/yoast.com\/wordpress\/plugins\/seo\/ -->\n<title>D\u00e1mske oble\u010denie 2-set RAGNILD cykl\u00e1menov\u00fd - TATTJA<\/title>\n<meta name=\"description\" content=\"D\u00e1mske oble\u010denie dvojset RAGNILD cykl\u00e1menov\u00fd \u2013 spojenie luxusu, farby a \u017eenskosti, ktor\u00e9 vnesie energiu, eleganciu a jedine\u010dnos\u0165 do ka\u017ed\u00e9ho d\u0148a.\" \/>\n<meta name=\"robots\" content=\"index, follow, max-snippet:-1, max-image-preview:large, max-video-preview:-1\" \/>\n<link rel=\"canonical\" href=\"https:\/\/www.tattja.com\/de\/product\/damske-oblecenie-dvojset-ragnild-cyklamenovy\/\" \/>\n<meta property=\"og:locale\" content=\"de_DE\" \/>\n<meta property=\"og:type\" content=\"article\" \/>\n<meta property=\"og:title\" content=\"D\u00e1mske oble\u010denie 2-set RAGNILD cykl\u00e1menov\u00fd - TATTJA\" \/>\n<meta property=\"og:description\" content=\"D\u00e1mske oble\u010denie dvojset RAGNILD cykl\u00e1menov\u00fd \u2013 spojenie luxusu, farby a \u017eenskosti, ktor\u00e9 vnesie energiu, eleganciu a jedine\u010dnos\u0165 do ka\u017ed\u00e9ho d\u0148a.\" \/>\n<meta property=\"og:url\" content=\"https:\/\/www.tattja.com\/de\/product\/damske-oblecenie-dvojset-ragnild-cyklamenovy\/\" \/>\n<meta property=\"og:site_name\" content=\"TATTJA\" \/>\n<meta property=\"article:modified_time\" content=\"2026-04-05T17:45:01+00:00\" \/>\n<meta property=\"og:image\" content=\"https:\/\/www.tattja.com\/wp-content\/uploads\/2025\/08\/cyklamenovy-dvojset-nakrcnik-driekovnik-spredu.webp\" \/>\n\t<meta property=\"og:image:width\" content=\"1365\" \/>\n\t<meta property=\"og:image:height\" content=\"2048\" \/>\n\t<meta property=\"og:image:type\" content=\"image\/webp\" \/>\n<meta name=\"twitter:card\" content=\"summary_large_image\" \/>\n<meta name=\"twitter:label1\" content=\"Gesch\u00e4tzte Lesezeit\" \/>\n\t<meta name=\"twitter:data1\" content=\"2\u00a0Minuten\" \/>\n<script type=\"application\/ld+json\" class=\"yoast-schema-graph\">{\"@context\":\"https:\/\/schema.org\",\"@graph\":[{\"@type\":\"WebPage\",\"@id\":\"https:\/\/www.tattja.com\/product\/damske-oblecenie-dvojset-ragnild-cyklamenovy\/\",\"url\":\"https:\/\/www.tattja.com\/product\/damske-oblecenie-dvojset-ragnild-cyklamenovy\/\",\"name\":\"D\u00e1mske oble\u010denie 2-set RAGNILD cykl\u00e1menov\u00fd - TATTJA\",\"isPartOf\":{\"@id\":\"https:\/\/www.tattja.com\/#website\"},\"primaryImageOfPage\":{\"@id\":\"https:\/\/www.tattja.com\/product\/damske-oblecenie-dvojset-ragnild-cyklamenovy\/#primaryimage\"},\"image\":{\"@id\":\"https:\/\/www.tattja.com\/product\/damske-oblecenie-dvojset-ragnild-cyklamenovy\/#primaryimage\"},\"thumbnailUrl\":\"https:\/\/www.tattja.com\/wp-content\/uploads\/2025\/08\/cyklamenovy-dvojset-nakrcnik-driekovnik-spredu.webp\",\"datePublished\":\"2025-08-13T17:06:43+00:00\",\"dateModified\":\"2026-04-05T17:45:01+00:00\",\"description\":\"D\u00e1mske oble\u010denie dvojset RAGNILD cykl\u00e1menov\u00fd \u2013 spojenie luxusu, farby a \u017eenskosti, ktor\u00e9 vnesie energiu, eleganciu a jedine\u010dnos\u0165 do ka\u017ed\u00e9ho d\u0148a.\",\"breadcrumb\":{\"@id\":\"https:\/\/www.tattja.com\/product\/damske-oblecenie-dvojset-ragnild-cyklamenovy\/#breadcrumb\"},\"inLanguage\":\"de\",\"potentialAction\":[{\"@type\":\"ReadAction\",\"target\":[\"https:\/\/www.tattja.com\/product\/damske-oblecenie-dvojset-ragnild-cyklamenovy\/\"]}]},{\"@type\":\"ImageObject\",\"inLanguage\":\"de\",\"@id\":\"https:\/\/www.tattja.com\/product\/damske-oblecenie-dvojset-ragnild-cyklamenovy\/#primaryimage\",\"url\":\"https:\/\/www.tattja.com\/wp-content\/uploads\/2025\/08\/cyklamenovy-dvojset-nakrcnik-driekovnik-spredu.webp\",\"contentUrl\":\"https:\/\/www.tattja.com\/wp-content\/uploads\/2025\/08\/cyklamenovy-dvojset-nakrcnik-driekovnik-spredu.webp\",\"width\":1365,\"height\":2048,\"caption\":\"Cykl\u00e1menov\u00fd dvojset RAGNILD \u2013 n\u00e1kr\u010dn\u00edk a driekovn\u00edk TATTJA | predn\u00fd poh\u013ead\"},{\"@type\":\"BreadcrumbList\",\"@id\":\"https:\/\/www.tattja.com\/product\/damske-oblecenie-dvojset-ragnild-cyklamenovy\/#breadcrumb\",\"itemListElement\":[{\"@type\":\"ListItem\",\"position\":1,\"name\":\"Domov\",\"item\":\"https:\/\/www.tattja.com\/\"},{\"@type\":\"ListItem\",\"position\":2,\"name\":\"Produkty\",\"item\":\"https:\/\/www.tattja.com\/damske-oblecenie-produkty\/\"},{\"@type\":\"ListItem\",\"position\":3,\"name\":\"D\u00e1mske oble\u010denie 2-set RAGNILD cykl\u00e1menov\u00fd\"}]},{\"@type\":\"WebSite\",\"@id\":\"https:\/\/www.tattja.com\/#website\",\"url\":\"https:\/\/www.tattja.com\/\",\"name\":\"TATTJA\",\"description\":\"D\u00e1mske oble\u010denie z extra jemnej merino vlny \u2014 ru\u010dne pleten\u00e9 na Slovensku\",\"potentialAction\":[{\"@type\":\"SearchAction\",\"target\":{\"@type\":\"EntryPoint\",\"urlTemplate\":\"https:\/\/www.tattja.com\/?s={search_term_string}\"},\"query-input\":{\"@type\":\"PropertyValueSpecification\",\"valueRequired\":true,\"valueName\":\"search_term_string\"}}],\"inLanguage\":\"de\"}]}<\/script>\n<!-- \/ Yoast SEO plugin. -->","yoast_head_json":{"title":"D\u00e1mske oble\u010denie 2-set RAGNILD cykl\u00e1menov\u00fd - TATTJA","description":"D\u00e1mske oble\u010denie dvojset RAGNILD cykl\u00e1menov\u00fd \u2013 spojenie luxusu, farby a \u017eenskosti, ktor\u00e9 vnesie energiu, eleganciu a jedine\u010dnos\u0165 do ka\u017ed\u00e9ho d\u0148a.","robots":{"index":"index","follow":"follow","max-snippet":"max-snippet:-1","max-image-preview":"max-image-preview:large","max-video-preview":"max-video-preview:-1"},"canonical":"https:\/\/www.tattja.com\/de\/product\/damske-oblecenie-dvojset-ragnild-cyklamenovy\/","og_locale":"de_DE","og_type":"article","og_title":"D\u00e1mske oble\u010denie 2-set RAGNILD cykl\u00e1menov\u00fd - TATTJA","og_description":"D\u00e1mske oble\u010denie dvojset RAGNILD cykl\u00e1menov\u00fd \u2013 spojenie luxusu, farby a \u017eenskosti, ktor\u00e9 vnesie energiu, eleganciu a jedine\u010dnos\u0165 do ka\u017ed\u00e9ho d\u0148a.","og_url":"https:\/\/www.tattja.com\/de\/product\/damske-oblecenie-dvojset-ragnild-cyklamenovy\/","og_site_name":"TATTJA","article_modified_time":"2026-04-05T17:45:01+00:00","og_image":[{"width":1365,"height":2048,"url":"https:\/\/www.tattja.com\/wp-content\/uploads\/2025\/08\/cyklamenovy-dvojset-nakrcnik-driekovnik-spredu.webp","type":"image\/webp"}],"twitter_card":"summary_large_image","twitter_misc":{"Gesch\u00e4tzte Lesezeit":"2\u00a0Minuten"},"schema":{"@context":"https:\/\/schema.org","@graph":[{"@type":"WebPage","@id":"https:\/\/www.tattja.com\/product\/damske-oblecenie-dvojset-ragnild-cyklamenovy\/","url":"https:\/\/www.tattja.com\/product\/damske-oblecenie-dvojset-ragnild-cyklamenovy\/","name":"D\u00e1mske oble\u010denie 2-set RAGNILD cykl\u00e1menov\u00fd - TATTJA","isPartOf":{"@id":"https:\/\/www.tattja.com\/#website"},"primaryImageOfPage":{"@id":"https:\/\/www.tattja.com\/product\/damske-oblecenie-dvojset-ragnild-cyklamenovy\/#primaryimage"},"image":{"@id":"https:\/\/www.tattja.com\/product\/damske-oblecenie-dvojset-ragnild-cyklamenovy\/#primaryimage"},"thumbnailUrl":"https:\/\/www.tattja.com\/wp-content\/uploads\/2025\/08\/cyklamenovy-dvojset-nakrcnik-driekovnik-spredu.webp","datePublished":"2025-08-13T17:06:43+00:00","dateModified":"2026-04-05T17:45:01+00:00","description":"D\u00e1mske oble\u010denie dvojset RAGNILD cykl\u00e1menov\u00fd \u2013 spojenie luxusu, farby a \u017eenskosti, ktor\u00e9 vnesie energiu, eleganciu a jedine\u010dnos\u0165 do ka\u017ed\u00e9ho d\u0148a.","breadcrumb":{"@id":"https:\/\/www.tattja.com\/product\/damske-oblecenie-dvojset-ragnild-cyklamenovy\/#breadcrumb"},"inLanguage":"de","potentialAction":[{"@type":"ReadAction","target":["https:\/\/www.tattja.com\/product\/damske-oblecenie-dvojset-ragnild-cyklamenovy\/"]}]},{"@type":"ImageObject","inLanguage":"de","@id":"https:\/\/www.tattja.com\/product\/damske-oblecenie-dvojset-ragnild-cyklamenovy\/#primaryimage","url":"https:\/\/www.tattja.com\/wp-content\/uploads\/2025\/08\/cyklamenovy-dvojset-nakrcnik-driekovnik-spredu.webp","contentUrl":"https:\/\/www.tattja.com\/wp-content\/uploads\/2025\/08\/cyklamenovy-dvojset-nakrcnik-driekovnik-spredu.webp","width":1365,"height":2048,"caption":"Cykl\u00e1menov\u00fd dvojset RAGNILD \u2013 n\u00e1kr\u010dn\u00edk a driekovn\u00edk TATTJA | predn\u00fd poh\u013ead"},{"@type":"BreadcrumbList","@id":"https:\/\/www.tattja.com\/product\/damske-oblecenie-dvojset-ragnild-cyklamenovy\/#breadcrumb","itemListElement":[{"@type":"ListItem","position":1,"name":"Domov","item":"https:\/\/www.tattja.com\/"},{"@type":"ListItem","position":2,"name":"Produkty","item":"https:\/\/www.tattja.com\/damske-oblecenie-produkty\/"},{"@type":"ListItem","position":3,"name":"D\u00e1mske oble\u010denie 2-set RAGNILD cykl\u00e1menov\u00fd"}]},{"@type":"WebSite","@id":"https:\/\/www.tattja.com\/#website","url":"https:\/\/www.tattja.com\/","name":"TATTJA","description":"D\u00e1mske oble\u010denie z extra jemnej merino vlny \u2014 ru\u010dne pleten\u00e9 na Slovensku","potentialAction":[{"@type":"SearchAction","target":{"@type":"EntryPoint","urlTemplate":"https:\/\/www.tattja.com\/?s={search_term_string}"},"query-input":{"@type":"PropertyValueSpecification","valueRequired":true,"valueName":"search_term_string"}}],"inLanguage":"de"}]}},"_links":{"self":[{"href":"https:\/\/www.tattja.com\/de\/wp-json\/wp\/v2\/product\/1904","targetHints":{"allow":["GET"]}}],"collection":[{"href":"https:\/\/www.tattja.com\/de\/wp-json\/wp\/v2\/product"}],"about":[{"href":"https:\/\/www.tattja.com\/de\/wp-json\/wp\/v2\/types\/product"}],"replies":[{"embeddable":true,"href":"https:\/\/www.tattja.com\/de\/wp-json\/wp\/v2\/comments?post=1904"}],"version-history":[{"count":6,"href":"https:\/\/www.tattja.com\/de\/wp-json\/wp\/v2\/product\/1904\/revisions"}],"predecessor-version":[{"id":7248,"href":"https:\/\/www.tattja.com\/de\/wp-json\/wp\/v2\/product\/1904\/revisions\/7248"}],"wp:featuredmedia":[{"embeddable":true,"href":"https:\/\/www.tattja.com\/de\/wp-json\/wp\/v2\/media\/2243"}],"wp:attachment":[{"href":"https:\/\/www.tattja.com\/de\/wp-json\/wp\/v2\/media?parent=1904"}],"wp:term":[{"taxonomy":"product_brand","embeddable":true,"href":"https:\/\/www.tattja.com\/de\/wp-json\/wp\/v2\/product_brand?post=1904"},{"taxonomy":"product_cat","embeddable":true,"href":"https:\/\/www.tattja.com\/de\/wp-json\/wp\/v2\/product_cat?post=1904"},{"taxonomy":"product_tag","embeddable":true,"href":"https:\/\/www.tattja.com\/de\/wp-json\/wp\/v2\/product_tag?post=1904"}],"curies":[{"name":"wp","href":"https:\/\/api.w.org\/{rel}","templated":true}]}}