{"id":1920,"date":"2025-08-13T19:15:18","date_gmt":"2025-08-13T17:15:18","guid":{"rendered":"https:\/\/www.tattja.com\/?post_type=product&#038;p=1920"},"modified":"2026-04-05T19:45:00","modified_gmt":"2026-04-05T17:45:00","slug":"stvorset-tattja-cyklamenovy","status":"publish","type":"product","link":"https:\/\/www.tattja.com\/de\/product\/stvorset-tattja-cyklamenovy\/","title":{"rendered":"D\u00e1mske oble\u010denie 4-set TATTJA cykl\u00e1menov\u00fd"},"content":{"rendered":"<p data-start=\"1029\" data-end=\"1479\"><strong data-start=\"1029\" data-end=\"1079\">Vierteiliges TATTJA-Cyclamen f\u00fcr Frauen<\/strong> haben wir ein elegantes Strickensemble geschaffen, das Weiblichkeit, Energie und Luxus in einer Harmonie vereint. Das Quatrefoil besteht aus vier sorgf\u00e4ltig entworfenen Teilen - einer M\u00fctze, einem Halsw\u00e4rmer, Armstulpen und einem Shrug. Jedes Detail hat seine eigene Bedeutung. Das Halstuch legt sich um die Schultern und betont die Haltung, die M\u00fctze sch\u00fctzt vor K\u00e4lte und verleiht einen unverwechselbaren Charme. Die \u00c4rmel f\u00fcgen dem Outfit ein modernes Element hinzu und der Shrug betont mit seiner eleganten Linie die feminine Silhouette.<\/p>\n<p data-start=\"1481\" data-end=\"1702\">Die Farbe Cyclamen steht f\u00fcr Energie, Entschlossenheit und weibliches Selbstbewusstsein. Die Farbe Cyclamen unterstreicht nicht nur den Stil, sondern auch die innere St\u00e4rke. Dieses vierteilige Set sticht in jedem Kleiderschrank hervor, denn es kann einen gew\u00f6hnlichen Tag in ein elegantes Erlebnis verwandeln.<\/p>\n<p data-start=\"1704\" data-end=\"1924\">Wir haben das Strickset aus <strong>MERINO-Wolle<\/strong>, das f\u00fcr W\u00e4rme, Atmungsaktivit\u00e4t und au\u00dfergew\u00f6hnlichen Komfort sorgt. Dank der hochwertigen Qualit\u00e4t passt sich jedes Teil den Bewegungen des K\u00f6rpers an und beh\u00e4lt gleichzeitig seine Form und Weichheit.<\/p>\n<p data-start=\"1926\" data-end=\"2104\">Der vierteilige Damenanzug TATTJA cyclamen ist ein Symbol der Eleganz f\u00fcr die moderne Frau, die Qualit\u00e4t, Stil und Authentizit\u00e4t sch\u00e4tzt. In jeder Geste sp\u00fcrt man Raffinesse, Zartheit und Selbstvertrauen.<\/p>\n<p data-start=\"2106\" data-end=\"2341\">Dieser Vierzeiler bietet nicht nur ein modisches Design, sondern dr\u00fcckt auch ein Gef\u00fchlserlebnis aus. Er verbindet W\u00e4rme, \u00c4sthetik und pers\u00f6nliche Ausstrahlung.<\/p>\n<p data-start=\"2106\" data-end=\"2341\">Entdecken Sie die Sch\u00f6nheit der Zartheit, die raffinierten Details und den femininen Stil, der Sie w\u00e4rmt und <a href=\"https:\/\/www.tattja.com\/de\/product-category\/produkty\/stvorset\/\">in anderen Farben<\/a>.<br data-start=\"2210\" data-end=\"2213\" \/><strong data-start=\"2213\" data-end=\"2270\">Siehe, <a href=\"https:\/\/shop.bogensberger.co.at\/produkt-schlagwort\/merino-extrafein\/\">aus welchen Materialien<\/a> unsere St\u00fccke werden hergestellt<\/strong> - Entdecken Sie die Qualit\u00e4t, die jede Ber\u00fchrung in ein Gef\u00fchl der Exzellenz verwandelt.<\/p>","protected":false},"excerpt":{"rendered":"<p data-start=\"707\" data-end=\"955\"><strong data-start=\"707\" data-end=\"757\">Damenbekleidung - Vierer-Set TATTJA Cyclamen<\/strong> vereint Energie, Eleganz und Komfort. Vier Strickteile - eine M\u00fctze, ein Halsw\u00e4rmer, Armstulpen und ein Shrug - bilden ein harmonisches Outfit f\u00fcr die moderne Frau, die Raffinesse und einen w\u00e4rmenden Sinn f\u00fcr Exzellenz liebt.<\/p>","protected":false},"featured_media":2255,"comment_status":"open","ping_status":"closed","template":"","meta":[],"product_brand":[],"product_cat":[296,300,297,134,131],"product_tag":[],"class_list":{"0":"post-1920","1":"product","2":"type-product","3":"status-publish","4":"has-post-thumbnail","6":"product_cat-stvorset","7":"product_cat-damske-oblecenie","8":"product_cat-nakrcnik-a-driekovnik-a-rukavniky-a-ciapka","9":"product_cat-pleteninove-doplnky-cyklamenove","10":"product_cat-stvorsety","12":"first","13":"instock","14":"taxable","15":"shipping-taxable","16":"purchasable","17":"product-type-simple"},"yoast_head":"<!-- This site is optimized with the Yoast SEO plugin v26.0 - https:\/\/yoast.com\/wordpress\/plugins\/seo\/ -->\n<title>D\u00e1mske oble\u010denie 4-set TATTJA cykl\u00e1menov\u00fd - TATTJA<\/title>\n<meta name=\"description\" content=\"D\u00e1mske oble\u010denie \u0161tvorset TATTJA cykl\u00e1menov\u00fd je elegantn\u00fd pleten\u00fd komplet s \u010diapkou, n\u00e1kr\u010dn\u00edkom a ruk\u00e1vnikmi. Noblesa, \u0161t\u00fdl a hrejiv\u00e1 \u017eenskos\u0165 v jednom.\" \/>\n<meta name=\"robots\" content=\"index, follow, max-snippet:-1, max-image-preview:large, max-video-preview:-1\" \/>\n<link rel=\"canonical\" href=\"https:\/\/www.tattja.com\/de\/product\/stvorset-tattja-cyklamenovy\/\" \/>\n<meta property=\"og:locale\" content=\"de_DE\" \/>\n<meta property=\"og:type\" content=\"article\" \/>\n<meta property=\"og:title\" content=\"D\u00e1mske oble\u010denie 4-set TATTJA cykl\u00e1menov\u00fd - TATTJA\" \/>\n<meta property=\"og:description\" content=\"D\u00e1mske oble\u010denie \u0161tvorset TATTJA cykl\u00e1menov\u00fd je elegantn\u00fd pleten\u00fd komplet s \u010diapkou, n\u00e1kr\u010dn\u00edkom a ruk\u00e1vnikmi. Noblesa, \u0161t\u00fdl a hrejiv\u00e1 \u017eenskos\u0165 v jednom.\" \/>\n<meta property=\"og:url\" content=\"https:\/\/www.tattja.com\/de\/product\/stvorset-tattja-cyklamenovy\/\" \/>\n<meta property=\"og:site_name\" content=\"TATTJA\" \/>\n<meta property=\"article:modified_time\" content=\"2026-04-05T17:45:00+00:00\" \/>\n<meta property=\"og:image\" content=\"https:\/\/www.tattja.com\/wp-content\/uploads\/2025\/08\/cyklamenovy-stvorset-nakrcnik-driekovnik-rukavniky-ciapka-spredu.webp\" \/>\n\t<meta property=\"og:image:width\" content=\"1365\" \/>\n\t<meta property=\"og:image:height\" content=\"2048\" \/>\n\t<meta property=\"og:image:type\" content=\"image\/webp\" \/>\n<meta name=\"twitter:card\" content=\"summary_large_image\" \/>\n<meta name=\"twitter:label1\" content=\"Gesch\u00e4tzte Lesezeit\" \/>\n\t<meta name=\"twitter:data1\" content=\"2\u00a0Minuten\" \/>\n<script type=\"application\/ld+json\" class=\"yoast-schema-graph\">{\"@context\":\"https:\/\/schema.org\",\"@graph\":[{\"@type\":\"WebPage\",\"@id\":\"https:\/\/www.tattja.com\/product\/stvorset-tattja-cyklamenovy\/\",\"url\":\"https:\/\/www.tattja.com\/product\/stvorset-tattja-cyklamenovy\/\",\"name\":\"D\u00e1mske oble\u010denie 4-set TATTJA cykl\u00e1menov\u00fd - TATTJA\",\"isPartOf\":{\"@id\":\"https:\/\/www.tattja.com\/#website\"},\"primaryImageOfPage\":{\"@id\":\"https:\/\/www.tattja.com\/product\/stvorset-tattja-cyklamenovy\/#primaryimage\"},\"image\":{\"@id\":\"https:\/\/www.tattja.com\/product\/stvorset-tattja-cyklamenovy\/#primaryimage\"},\"thumbnailUrl\":\"https:\/\/www.tattja.com\/wp-content\/uploads\/2025\/08\/cyklamenovy-stvorset-nakrcnik-driekovnik-rukavniky-ciapka-spredu.webp\",\"datePublished\":\"2025-08-13T17:15:18+00:00\",\"dateModified\":\"2026-04-05T17:45:00+00:00\",\"description\":\"D\u00e1mske oble\u010denie \u0161tvorset TATTJA cykl\u00e1menov\u00fd je elegantn\u00fd pleten\u00fd komplet s \u010diapkou, n\u00e1kr\u010dn\u00edkom a ruk\u00e1vnikmi. Noblesa, \u0161t\u00fdl a hrejiv\u00e1 \u017eenskos\u0165 v jednom.\",\"breadcrumb\":{\"@id\":\"https:\/\/www.tattja.com\/product\/stvorset-tattja-cyklamenovy\/#breadcrumb\"},\"inLanguage\":\"de\",\"potentialAction\":[{\"@type\":\"ReadAction\",\"target\":[\"https:\/\/www.tattja.com\/product\/stvorset-tattja-cyklamenovy\/\"]}]},{\"@type\":\"ImageObject\",\"inLanguage\":\"de\",\"@id\":\"https:\/\/www.tattja.com\/product\/stvorset-tattja-cyklamenovy\/#primaryimage\",\"url\":\"https:\/\/www.tattja.com\/wp-content\/uploads\/2025\/08\/cyklamenovy-stvorset-nakrcnik-driekovnik-rukavniky-ciapka-spredu.webp\",\"contentUrl\":\"https:\/\/www.tattja.com\/wp-content\/uploads\/2025\/08\/cyklamenovy-stvorset-nakrcnik-driekovnik-rukavniky-ciapka-spredu.webp\",\"width\":1365,\"height\":2048,\"caption\":\"Cykl\u00e1menov\u00fd \u0161tvorset TATTJA \u2013 n\u00e1kr\u010dn\u00edk, driekovn\u00edk, ruk\u00e1vniky a \u010diapka\"},{\"@type\":\"BreadcrumbList\",\"@id\":\"https:\/\/www.tattja.com\/product\/stvorset-tattja-cyklamenovy\/#breadcrumb\",\"itemListElement\":[{\"@type\":\"ListItem\",\"position\":1,\"name\":\"Domov\",\"item\":\"https:\/\/www.tattja.com\/\"},{\"@type\":\"ListItem\",\"position\":2,\"name\":\"Produkty\",\"item\":\"https:\/\/www.tattja.com\/damske-oblecenie-produkty\/\"},{\"@type\":\"ListItem\",\"position\":3,\"name\":\"D\u00e1mske oble\u010denie 4-set TATTJA cykl\u00e1menov\u00fd\"}]},{\"@type\":\"WebSite\",\"@id\":\"https:\/\/www.tattja.com\/#website\",\"url\":\"https:\/\/www.tattja.com\/\",\"name\":\"TATTJA\",\"description\":\"D\u00e1mske oble\u010denie z extra jemnej merino vlny \u2014 ru\u010dne pleten\u00e9 na Slovensku\",\"potentialAction\":[{\"@type\":\"SearchAction\",\"target\":{\"@type\":\"EntryPoint\",\"urlTemplate\":\"https:\/\/www.tattja.com\/?s={search_term_string}\"},\"query-input\":{\"@type\":\"PropertyValueSpecification\",\"valueRequired\":true,\"valueName\":\"search_term_string\"}}],\"inLanguage\":\"de\"}]}<\/script>\n<!-- \/ Yoast SEO plugin. -->","yoast_head_json":{"title":"D\u00e1mske oble\u010denie 4-set TATTJA cykl\u00e1menov\u00fd - TATTJA","description":"D\u00e1mske oble\u010denie \u0161tvorset TATTJA cykl\u00e1menov\u00fd je elegantn\u00fd pleten\u00fd komplet s \u010diapkou, n\u00e1kr\u010dn\u00edkom a ruk\u00e1vnikmi. Noblesa, \u0161t\u00fdl a hrejiv\u00e1 \u017eenskos\u0165 v jednom.","robots":{"index":"index","follow":"follow","max-snippet":"max-snippet:-1","max-image-preview":"max-image-preview:large","max-video-preview":"max-video-preview:-1"},"canonical":"https:\/\/www.tattja.com\/de\/product\/stvorset-tattja-cyklamenovy\/","og_locale":"de_DE","og_type":"article","og_title":"D\u00e1mske oble\u010denie 4-set TATTJA cykl\u00e1menov\u00fd - TATTJA","og_description":"D\u00e1mske oble\u010denie \u0161tvorset TATTJA cykl\u00e1menov\u00fd je elegantn\u00fd pleten\u00fd komplet s \u010diapkou, n\u00e1kr\u010dn\u00edkom a ruk\u00e1vnikmi. Noblesa, \u0161t\u00fdl a hrejiv\u00e1 \u017eenskos\u0165 v jednom.","og_url":"https:\/\/www.tattja.com\/de\/product\/stvorset-tattja-cyklamenovy\/","og_site_name":"TATTJA","article_modified_time":"2026-04-05T17:45:00+00:00","og_image":[{"width":1365,"height":2048,"url":"https:\/\/www.tattja.com\/wp-content\/uploads\/2025\/08\/cyklamenovy-stvorset-nakrcnik-driekovnik-rukavniky-ciapka-spredu.webp","type":"image\/webp"}],"twitter_card":"summary_large_image","twitter_misc":{"Gesch\u00e4tzte Lesezeit":"2\u00a0Minuten"},"schema":{"@context":"https:\/\/schema.org","@graph":[{"@type":"WebPage","@id":"https:\/\/www.tattja.com\/product\/stvorset-tattja-cyklamenovy\/","url":"https:\/\/www.tattja.com\/product\/stvorset-tattja-cyklamenovy\/","name":"D\u00e1mske oble\u010denie 4-set TATTJA cykl\u00e1menov\u00fd - TATTJA","isPartOf":{"@id":"https:\/\/www.tattja.com\/#website"},"primaryImageOfPage":{"@id":"https:\/\/www.tattja.com\/product\/stvorset-tattja-cyklamenovy\/#primaryimage"},"image":{"@id":"https:\/\/www.tattja.com\/product\/stvorset-tattja-cyklamenovy\/#primaryimage"},"thumbnailUrl":"https:\/\/www.tattja.com\/wp-content\/uploads\/2025\/08\/cyklamenovy-stvorset-nakrcnik-driekovnik-rukavniky-ciapka-spredu.webp","datePublished":"2025-08-13T17:15:18+00:00","dateModified":"2026-04-05T17:45:00+00:00","description":"D\u00e1mske oble\u010denie \u0161tvorset TATTJA cykl\u00e1menov\u00fd je elegantn\u00fd pleten\u00fd komplet s \u010diapkou, n\u00e1kr\u010dn\u00edkom a ruk\u00e1vnikmi. Noblesa, \u0161t\u00fdl a hrejiv\u00e1 \u017eenskos\u0165 v jednom.","breadcrumb":{"@id":"https:\/\/www.tattja.com\/product\/stvorset-tattja-cyklamenovy\/#breadcrumb"},"inLanguage":"de","potentialAction":[{"@type":"ReadAction","target":["https:\/\/www.tattja.com\/product\/stvorset-tattja-cyklamenovy\/"]}]},{"@type":"ImageObject","inLanguage":"de","@id":"https:\/\/www.tattja.com\/product\/stvorset-tattja-cyklamenovy\/#primaryimage","url":"https:\/\/www.tattja.com\/wp-content\/uploads\/2025\/08\/cyklamenovy-stvorset-nakrcnik-driekovnik-rukavniky-ciapka-spredu.webp","contentUrl":"https:\/\/www.tattja.com\/wp-content\/uploads\/2025\/08\/cyklamenovy-stvorset-nakrcnik-driekovnik-rukavniky-ciapka-spredu.webp","width":1365,"height":2048,"caption":"Cykl\u00e1menov\u00fd \u0161tvorset TATTJA \u2013 n\u00e1kr\u010dn\u00edk, driekovn\u00edk, ruk\u00e1vniky a \u010diapka"},{"@type":"BreadcrumbList","@id":"https:\/\/www.tattja.com\/product\/stvorset-tattja-cyklamenovy\/#breadcrumb","itemListElement":[{"@type":"ListItem","position":1,"name":"Domov","item":"https:\/\/www.tattja.com\/"},{"@type":"ListItem","position":2,"name":"Produkty","item":"https:\/\/www.tattja.com\/damske-oblecenie-produkty\/"},{"@type":"ListItem","position":3,"name":"D\u00e1mske oble\u010denie 4-set TATTJA cykl\u00e1menov\u00fd"}]},{"@type":"WebSite","@id":"https:\/\/www.tattja.com\/#website","url":"https:\/\/www.tattja.com\/","name":"TATTJA","description":"D\u00e1mske oble\u010denie z extra jemnej merino vlny \u2014 ru\u010dne pleten\u00e9 na Slovensku","potentialAction":[{"@type":"SearchAction","target":{"@type":"EntryPoint","urlTemplate":"https:\/\/www.tattja.com\/?s={search_term_string}"},"query-input":{"@type":"PropertyValueSpecification","valueRequired":true,"valueName":"search_term_string"}}],"inLanguage":"de"}]}},"_links":{"self":[{"href":"https:\/\/www.tattja.com\/de\/wp-json\/wp\/v2\/product\/1920","targetHints":{"allow":["GET"]}}],"collection":[{"href":"https:\/\/www.tattja.com\/de\/wp-json\/wp\/v2\/product"}],"about":[{"href":"https:\/\/www.tattja.com\/de\/wp-json\/wp\/v2\/types\/product"}],"replies":[{"embeddable":true,"href":"https:\/\/www.tattja.com\/de\/wp-json\/wp\/v2\/comments?post=1920"}],"version-history":[{"count":6,"href":"https:\/\/www.tattja.com\/de\/wp-json\/wp\/v2\/product\/1920\/revisions"}],"predecessor-version":[{"id":7240,"href":"https:\/\/www.tattja.com\/de\/wp-json\/wp\/v2\/product\/1920\/revisions\/7240"}],"wp:featuredmedia":[{"embeddable":true,"href":"https:\/\/www.tattja.com\/de\/wp-json\/wp\/v2\/media\/2255"}],"wp:attachment":[{"href":"https:\/\/www.tattja.com\/de\/wp-json\/wp\/v2\/media?parent=1920"}],"wp:term":[{"taxonomy":"product_brand","embeddable":true,"href":"https:\/\/www.tattja.com\/de\/wp-json\/wp\/v2\/product_brand?post=1920"},{"taxonomy":"product_cat","embeddable":true,"href":"https:\/\/www.tattja.com\/de\/wp-json\/wp\/v2\/product_cat?post=1920"},{"taxonomy":"product_tag","embeddable":true,"href":"https:\/\/www.tattja.com\/de\/wp-json\/wp\/v2\/product_tag?post=1920"}],"curies":[{"name":"wp","href":"https:\/\/api.w.org\/{rel}","templated":true}]}}