{"id":1922,"date":"2025-08-13T19:16:36","date_gmt":"2025-08-13T17:16:36","guid":{"rendered":"https:\/\/www.tattja.com\/?post_type=product&#038;p=1922"},"modified":"2026-04-05T19:44:58","modified_gmt":"2026-04-05T17:44:58","slug":"damske-oblecenie-ciapka-anja-bledomodra","status":"publish","type":"product","link":"https:\/\/www.tattja.com\/de\/product\/damske-oblecenie-ciapka-anja-bledomodra\/","title":{"rendered":"Damenbekleidung M\u00fctze ANJA blassblau"},"content":{"rendered":"<p data-start=\"911\" data-end=\"1194\"><strong data-start=\"911\" data-end=\"954\">Damenbekleidung M\u00fctze ANJA blassblau<\/strong> vereint Raffinesse, Zartheit und modernen Stil. Dieses elegante Accessoire aus der Kollektion <strong data-start=\"1036\" data-end=\"1046\">TATTJA<\/strong> ist eine Kombination aus pr\u00e4ziser Handwerkskunst, luxuri\u00f6sem Material und funktionellem Design, die von Frauen mit einem Auge f\u00fcr Details und Qualit\u00e4t gesch\u00e4tzt wird.<\/p>\n<p data-start=\"1196\" data-end=\"1486\">Der hellblaue Farbton wirkt frisch, harmonisch und zeitlos. Er strahlt Ruhe und feminine Sanftheit aus und verleiht dem Outfit einen raffinierten und dennoch leichten Charakter. Dieser vielseitige Ton ist leicht zu kombinieren - er passt sowohl zu hellen als auch zu dunklen Farben und schafft einen eleganten Kontrast.<\/p>\n<p data-start=\"1488\" data-end=\"1783\">Das feine Gestrick aus weichem Garn passt sich der Form des Kopfes an und sorgt f\u00fcr maximalen Komfort an kalten Tagen. Es ist atmungsaktiv, warm und f\u00fchlt sich angenehm an und vermittelt auch bei l\u00e4ngerem Tragen ein Gef\u00fchl von Weichheit und Komfort. Jede Masche spiegelt die f\u00fcr die Marke typische sorgf\u00e4ltige Handarbeit wider <strong data-start=\"1770\" data-end=\"1780\">TATTJA<\/strong>.<\/p>\n<p data-start=\"1785\" data-end=\"2079\">Die stilvolle Silhouette verleiht der M\u00fctze einen urbanen, schicken Touch. Sie bietet Schutz vor Wind und Sonnenstrahlen und bewahrt gleichzeitig eine feminine Silhouette und zeitlose \u00c4sthetik. Das minimalistische Design macht die M\u00fctze zu einem idealen Accessoire f\u00fcr die moderne Frau, die eine Mischung aus Funktionalit\u00e4t und Sch\u00f6nheit sucht.<\/p>\n<p data-start=\"2081\" data-end=\"2280\"><strong data-start=\"2081\" data-end=\"2107\">Damenbekleidung M\u00fctze ANJA blassblau<\/strong> ist perfekt geeignet f\u00fcr legere Tage, f\u00fcr die Stadt und f\u00fcr Spazierg\u00e4nge. Kombiniert mit einem Shrug, Mufflern oder einem Halsw\u00e4rmer aus der Kollektion <strong data-start=\"2234\" data-end=\"2244\">TATTJA<\/strong> schafft ein geschmackvolles, harmonisches Ganzes.<\/p>\n<p data-start=\"2282\" data-end=\"2387\">Entdecken Sie die Sch\u00f6nheit der Zartheit, die raffinierten Details und den femininen Stil, der Sie warm h\u00e4lt und <a href=\"https:\/\/www.tattja.com\/de\/product-category\/damske-oblecenie\/doplnky-jednotlivo\/ciapky\/\">in anderen Farben<\/a>.<\/p>\n<p data-start=\"2389\" data-end=\"2512\"><strong data-start=\"2389\" data-end=\"2443\">Siehe, <a href=\"https:\/\/shop.bogensberger.co.at\/produkt-schlagwort\/merino-extrafein\/\">aus welchen Materialien<\/a> wir produzieren unsere St\u00fccke<\/strong> und g\u00f6nnen Sie sich einen Hauch von Luxus, den Sie bei jedem Tragen lieben werden.<\/p>","protected":false},"excerpt":{"rendered":"<p data-start=\"706\" data-end=\"869\"><strong data-start=\"706\" data-end=\"749\">Damenbekleidung M\u00fctze ANJA blassblau<\/strong> - Feines Gestrick, frischer Farbton und pr\u00e4zises Design. Ein elegantes Accessoire, das Ihr Outfit aufpeppt und Ihre Weiblichkeit unterstreicht.<\/p>","protected":false},"featured_media":2418,"comment_status":"open","ping_status":"closed","template":"","meta":[],"product_brand":[],"product_cat":[160,282,300,298,153],"product_tag":[],"class_list":{"0":"post-1922","1":"product","2":"type-product","3":"status-publish","4":"has-post-thumbnail","6":"product_cat-ciapka-bledomodra","7":"product_cat-ciapky","8":"product_cat-damske-oblecenie","9":"product_cat-doplnky-jednotlivo","10":"product_cat-pleteninove-doplnky-bledomodre","12":"first","13":"instock","14":"taxable","15":"shipping-taxable","16":"purchasable","17":"product-type-simple"},"yoast_head":"<!-- This site is optimized with the Yoast SEO plugin v26.0 - https:\/\/yoast.com\/wordpress\/plugins\/seo\/ -->\n<title>D\u00e1mske oble\u010denie \u010diapka ANJA bledomodr\u00e1 - TATTJA<\/title>\n<meta name=\"description\" content=\"D\u00e1mske oble\u010denie \u010diapka ANJA bledomodr\u00e1 \u2013 jemn\u00e1, elegantn\u00e1 \u010diapka so \u0161iltom, ktor\u00e1 prin\u00e1\u0161a svie\u017eos\u0165, noblesu a modern\u00fd \u0161t\u00fdl v ka\u017edom detaile.\" \/>\n<meta name=\"robots\" content=\"index, follow, max-snippet:-1, max-image-preview:large, max-video-preview:-1\" \/>\n<link rel=\"canonical\" href=\"https:\/\/www.tattja.com\/de\/product\/damske-oblecenie-ciapka-anja-bledomodra\/\" \/>\n<meta property=\"og:locale\" content=\"de_DE\" \/>\n<meta property=\"og:type\" content=\"article\" \/>\n<meta property=\"og:title\" content=\"D\u00e1mske oble\u010denie \u010diapka ANJA bledomodr\u00e1 - TATTJA\" \/>\n<meta property=\"og:description\" content=\"D\u00e1mske oble\u010denie \u010diapka ANJA bledomodr\u00e1 \u2013 jemn\u00e1, elegantn\u00e1 \u010diapka so \u0161iltom, ktor\u00e1 prin\u00e1\u0161a svie\u017eos\u0165, noblesu a modern\u00fd \u0161t\u00fdl v ka\u017edom detaile.\" \/>\n<meta property=\"og:url\" content=\"https:\/\/www.tattja.com\/de\/product\/damske-oblecenie-ciapka-anja-bledomodra\/\" \/>\n<meta property=\"og:site_name\" content=\"TATTJA\" \/>\n<meta property=\"article:modified_time\" content=\"2026-04-05T17:44:58+00:00\" \/>\n<meta property=\"og:image\" content=\"https:\/\/www.tattja.com\/wp-content\/uploads\/2025\/09\/bledomodry-ciapka-spredu-22.webp\" \/>\n\t<meta property=\"og:image:width\" content=\"1365\" \/>\n\t<meta property=\"og:image:height\" content=\"2048\" \/>\n\t<meta property=\"og:image:type\" content=\"image\/webp\" \/>\n<meta name=\"twitter:card\" content=\"summary_large_image\" \/>\n<meta name=\"twitter:label1\" content=\"Gesch\u00e4tzte Lesezeit\" \/>\n\t<meta name=\"twitter:data1\" content=\"2\u00a0Minuten\" \/>\n<script type=\"application\/ld+json\" class=\"yoast-schema-graph\">{\"@context\":\"https:\/\/schema.org\",\"@graph\":[{\"@type\":\"WebPage\",\"@id\":\"https:\/\/www.tattja.com\/product\/damske-oblecenie-ciapka-anja-bledomodra\/\",\"url\":\"https:\/\/www.tattja.com\/product\/damske-oblecenie-ciapka-anja-bledomodra\/\",\"name\":\"D\u00e1mske oble\u010denie \u010diapka ANJA bledomodr\u00e1 - TATTJA\",\"isPartOf\":{\"@id\":\"https:\/\/www.tattja.com\/#website\"},\"primaryImageOfPage\":{\"@id\":\"https:\/\/www.tattja.com\/product\/damske-oblecenie-ciapka-anja-bledomodra\/#primaryimage\"},\"image\":{\"@id\":\"https:\/\/www.tattja.com\/product\/damske-oblecenie-ciapka-anja-bledomodra\/#primaryimage\"},\"thumbnailUrl\":\"https:\/\/www.tattja.com\/wp-content\/uploads\/2025\/09\/bledomodry-ciapka-spredu-22.webp\",\"datePublished\":\"2025-08-13T17:16:36+00:00\",\"dateModified\":\"2026-04-05T17:44:58+00:00\",\"description\":\"D\u00e1mske oble\u010denie \u010diapka ANJA bledomodr\u00e1 \u2013 jemn\u00e1, elegantn\u00e1 \u010diapka so \u0161iltom, ktor\u00e1 prin\u00e1\u0161a svie\u017eos\u0165, noblesu a modern\u00fd \u0161t\u00fdl v ka\u017edom detaile.\",\"breadcrumb\":{\"@id\":\"https:\/\/www.tattja.com\/product\/damske-oblecenie-ciapka-anja-bledomodra\/#breadcrumb\"},\"inLanguage\":\"de\",\"potentialAction\":[{\"@type\":\"ReadAction\",\"target\":[\"https:\/\/www.tattja.com\/product\/damske-oblecenie-ciapka-anja-bledomodra\/\"]}]},{\"@type\":\"ImageObject\",\"inLanguage\":\"de\",\"@id\":\"https:\/\/www.tattja.com\/product\/damske-oblecenie-ciapka-anja-bledomodra\/#primaryimage\",\"url\":\"https:\/\/www.tattja.com\/wp-content\/uploads\/2025\/09\/bledomodry-ciapka-spredu-22.webp\",\"contentUrl\":\"https:\/\/www.tattja.com\/wp-content\/uploads\/2025\/09\/bledomodry-ciapka-spredu-22.webp\",\"width\":1365,\"height\":2048,\"caption\":\"\u010ciapka ANJA \u2013 bledomodr\u00fd odtie\u0148 v prednom poh\u013eade\"},{\"@type\":\"BreadcrumbList\",\"@id\":\"https:\/\/www.tattja.com\/product\/damske-oblecenie-ciapka-anja-bledomodra\/#breadcrumb\",\"itemListElement\":[{\"@type\":\"ListItem\",\"position\":1,\"name\":\"Domov\",\"item\":\"https:\/\/www.tattja.com\/\"},{\"@type\":\"ListItem\",\"position\":2,\"name\":\"Produkty\",\"item\":\"https:\/\/www.tattja.com\/damske-oblecenie-produkty\/\"},{\"@type\":\"ListItem\",\"position\":3,\"name\":\"D\u00e1mske oble\u010denie \u010diapka ANJA bledomodr\u00e1\"}]},{\"@type\":\"WebSite\",\"@id\":\"https:\/\/www.tattja.com\/#website\",\"url\":\"https:\/\/www.tattja.com\/\",\"name\":\"TATTJA\",\"description\":\"D\u00e1mske oble\u010denie z extra jemnej merino vlny \u2014 ru\u010dne pleten\u00e9 na Slovensku\",\"potentialAction\":[{\"@type\":\"SearchAction\",\"target\":{\"@type\":\"EntryPoint\",\"urlTemplate\":\"https:\/\/www.tattja.com\/?s={search_term_string}\"},\"query-input\":{\"@type\":\"PropertyValueSpecification\",\"valueRequired\":true,\"valueName\":\"search_term_string\"}}],\"inLanguage\":\"de\"}]}<\/script>\n<!-- \/ Yoast SEO plugin. -->","yoast_head_json":{"title":"D\u00e1mske oble\u010denie \u010diapka ANJA bledomodr\u00e1 - TATTJA","description":"D\u00e1mske oble\u010denie \u010diapka ANJA bledomodr\u00e1 \u2013 jemn\u00e1, elegantn\u00e1 \u010diapka so \u0161iltom, ktor\u00e1 prin\u00e1\u0161a svie\u017eos\u0165, noblesu a modern\u00fd \u0161t\u00fdl v ka\u017edom detaile.","robots":{"index":"index","follow":"follow","max-snippet":"max-snippet:-1","max-image-preview":"max-image-preview:large","max-video-preview":"max-video-preview:-1"},"canonical":"https:\/\/www.tattja.com\/de\/product\/damske-oblecenie-ciapka-anja-bledomodra\/","og_locale":"de_DE","og_type":"article","og_title":"D\u00e1mske oble\u010denie \u010diapka ANJA bledomodr\u00e1 - TATTJA","og_description":"D\u00e1mske oble\u010denie \u010diapka ANJA bledomodr\u00e1 \u2013 jemn\u00e1, elegantn\u00e1 \u010diapka so \u0161iltom, ktor\u00e1 prin\u00e1\u0161a svie\u017eos\u0165, noblesu a modern\u00fd \u0161t\u00fdl v ka\u017edom detaile.","og_url":"https:\/\/www.tattja.com\/de\/product\/damske-oblecenie-ciapka-anja-bledomodra\/","og_site_name":"TATTJA","article_modified_time":"2026-04-05T17:44:58+00:00","og_image":[{"width":1365,"height":2048,"url":"https:\/\/www.tattja.com\/wp-content\/uploads\/2025\/09\/bledomodry-ciapka-spredu-22.webp","type":"image\/webp"}],"twitter_card":"summary_large_image","twitter_misc":{"Gesch\u00e4tzte Lesezeit":"2\u00a0Minuten"},"schema":{"@context":"https:\/\/schema.org","@graph":[{"@type":"WebPage","@id":"https:\/\/www.tattja.com\/product\/damske-oblecenie-ciapka-anja-bledomodra\/","url":"https:\/\/www.tattja.com\/product\/damske-oblecenie-ciapka-anja-bledomodra\/","name":"D\u00e1mske oble\u010denie \u010diapka ANJA bledomodr\u00e1 - TATTJA","isPartOf":{"@id":"https:\/\/www.tattja.com\/#website"},"primaryImageOfPage":{"@id":"https:\/\/www.tattja.com\/product\/damske-oblecenie-ciapka-anja-bledomodra\/#primaryimage"},"image":{"@id":"https:\/\/www.tattja.com\/product\/damske-oblecenie-ciapka-anja-bledomodra\/#primaryimage"},"thumbnailUrl":"https:\/\/www.tattja.com\/wp-content\/uploads\/2025\/09\/bledomodry-ciapka-spredu-22.webp","datePublished":"2025-08-13T17:16:36+00:00","dateModified":"2026-04-05T17:44:58+00:00","description":"D\u00e1mske oble\u010denie \u010diapka ANJA bledomodr\u00e1 \u2013 jemn\u00e1, elegantn\u00e1 \u010diapka so \u0161iltom, ktor\u00e1 prin\u00e1\u0161a svie\u017eos\u0165, noblesu a modern\u00fd \u0161t\u00fdl v ka\u017edom detaile.","breadcrumb":{"@id":"https:\/\/www.tattja.com\/product\/damske-oblecenie-ciapka-anja-bledomodra\/#breadcrumb"},"inLanguage":"de","potentialAction":[{"@type":"ReadAction","target":["https:\/\/www.tattja.com\/product\/damske-oblecenie-ciapka-anja-bledomodra\/"]}]},{"@type":"ImageObject","inLanguage":"de","@id":"https:\/\/www.tattja.com\/product\/damske-oblecenie-ciapka-anja-bledomodra\/#primaryimage","url":"https:\/\/www.tattja.com\/wp-content\/uploads\/2025\/09\/bledomodry-ciapka-spredu-22.webp","contentUrl":"https:\/\/www.tattja.com\/wp-content\/uploads\/2025\/09\/bledomodry-ciapka-spredu-22.webp","width":1365,"height":2048,"caption":"\u010ciapka ANJA \u2013 bledomodr\u00fd odtie\u0148 v prednom poh\u013eade"},{"@type":"BreadcrumbList","@id":"https:\/\/www.tattja.com\/product\/damske-oblecenie-ciapka-anja-bledomodra\/#breadcrumb","itemListElement":[{"@type":"ListItem","position":1,"name":"Domov","item":"https:\/\/www.tattja.com\/"},{"@type":"ListItem","position":2,"name":"Produkty","item":"https:\/\/www.tattja.com\/damske-oblecenie-produkty\/"},{"@type":"ListItem","position":3,"name":"D\u00e1mske oble\u010denie \u010diapka ANJA bledomodr\u00e1"}]},{"@type":"WebSite","@id":"https:\/\/www.tattja.com\/#website","url":"https:\/\/www.tattja.com\/","name":"TATTJA","description":"D\u00e1mske oble\u010denie z extra jemnej merino vlny \u2014 ru\u010dne pleten\u00e9 na Slovensku","potentialAction":[{"@type":"SearchAction","target":{"@type":"EntryPoint","urlTemplate":"https:\/\/www.tattja.com\/?s={search_term_string}"},"query-input":{"@type":"PropertyValueSpecification","valueRequired":true,"valueName":"search_term_string"}}],"inLanguage":"de"}]}},"_links":{"self":[{"href":"https:\/\/www.tattja.com\/de\/wp-json\/wp\/v2\/product\/1922","targetHints":{"allow":["GET"]}}],"collection":[{"href":"https:\/\/www.tattja.com\/de\/wp-json\/wp\/v2\/product"}],"about":[{"href":"https:\/\/www.tattja.com\/de\/wp-json\/wp\/v2\/types\/product"}],"replies":[{"embeddable":true,"href":"https:\/\/www.tattja.com\/de\/wp-json\/wp\/v2\/comments?post=1922"}],"version-history":[{"count":5,"href":"https:\/\/www.tattja.com\/de\/wp-json\/wp\/v2\/product\/1922\/revisions"}],"predecessor-version":[{"id":5914,"href":"https:\/\/www.tattja.com\/de\/wp-json\/wp\/v2\/product\/1922\/revisions\/5914"}],"wp:featuredmedia":[{"embeddable":true,"href":"https:\/\/www.tattja.com\/de\/wp-json\/wp\/v2\/media\/2418"}],"wp:attachment":[{"href":"https:\/\/www.tattja.com\/de\/wp-json\/wp\/v2\/media?parent=1922"}],"wp:term":[{"taxonomy":"product_brand","embeddable":true,"href":"https:\/\/www.tattja.com\/de\/wp-json\/wp\/v2\/product_brand?post=1922"},{"taxonomy":"product_cat","embeddable":true,"href":"https:\/\/www.tattja.com\/de\/wp-json\/wp\/v2\/product_cat?post=1922"},{"taxonomy":"product_tag","embeddable":true,"href":"https:\/\/www.tattja.com\/de\/wp-json\/wp\/v2\/product_tag?post=1922"}],"curies":[{"name":"wp","href":"https:\/\/api.w.org\/{rel}","templated":true}]}}