{"id":1926,"date":"2025-08-13T19:18:47","date_gmt":"2025-08-13T17:18:47","guid":{"rendered":"https:\/\/www.tattja.com\/?post_type=product&#038;p=1926"},"modified":"2026-04-05T19:44:58","modified_gmt":"2026-04-05T17:44:58","slug":"damske-oblecenie-driekovnik-natasja-bledomodry","status":"publish","type":"product","link":"https:\/\/www.tattja.com\/de\/product\/damske-oblecenie-driekovnik-natasja-bledomodry\/","title":{"rendered":"Damenbekleidung Shirt NATASJA blassblau"},"content":{"rendered":"<p data-start=\"850\" data-end=\"1112\"><strong data-start=\"850\" data-end=\"900\">Damenbekleidung Shirt NATASJA blassblau<\/strong> ist ein au\u00dfergew\u00f6hnliches Strickst\u00fcck, das Raffinesse, Komfort und zeitlose Eleganz vereint. Dieses feine Accessoire aus der Kollektion <strong data-start=\"1022\" data-end=\"1032\">TATTJA<\/strong> w\u00e4rmt den Taillenbereich, betont die weibliche Silhouette und verleiht dem Outfit einen \u00e4therischen Glamour.<\/p>\n<p data-start=\"1114\" data-end=\"1402\">Die blassblaue Farbe symbolisiert Harmonie, Frieden und Reinheit. Sie wirkt frisch, modern und l\u00e4sst sich sowohl mit hellen als auch mit dunklen T\u00f6nen gut kombinieren. Ein Halsband in diesem Farbton bringt einen frischen Hauch von Eleganz in die Garderobe - perfekt f\u00fcr Frauen, die einen dezenten, minimalistischen Stil mit Liebe zum Detail bevorzugen.<\/p>\n<p data-start=\"1404\" data-end=\"1747\">Der Rippenstrick aus hochwertigem Garn passt sich der Figur an, schmiegt sich sanft an die Taille und sorgt f\u00fcr eine nat\u00fcrlich geformte K\u00f6rperlinie. Dieser Shrug l\u00e4sst sich gut mit einem wei\u00dfen Hemd, einem eleganten Mantel oder einer leichten Strickjacke kombinieren. Dank der hochwertigen Verarbeitung werden Sie zu sch\u00e4tzen wissen, dass das Gestrick auch nach h\u00e4ufigem Tragen seine Form beh\u00e4lt. So wird sie f\u00fcr Sie zu einem langlebigen und funktionalen Accessoire.<\/p>\n<p data-start=\"1749\" data-end=\"2031\">Das blassblaue Damenhemd NATASJA ist ein vielseitiges Kleidungsst\u00fcck f\u00fcr den Alltag und besondere Anl\u00e4sse. Es schafft einen harmonischen Look, der Weiblichkeit, Eleganz und Liebe zum Detail unterstreicht. Es ist die perfekte Erg\u00e4nzung zu den anderen Teilen der Kollektion <strong data-start=\"1979\" data-end=\"1989\">TATTJA<\/strong>, wie Halst\u00fccher, Armbinden oder M\u00fctzen.<\/p>\n<p data-start=\"2033\" data-end=\"2138\">Entdecken Sie die Sch\u00f6nheit der Zartheit, die raffinierten Details und den femininen Stil, der Sie warm h\u00e4lt und <a href=\"https:\/\/www.tattja.com\/de\/product-category\/damske-oblecenie\/doplnky-jednotlivo\/driekovniky\/\">in anderen Farben<\/a>.<\/p>\n<p data-start=\"2140\" data-end=\"2280\"><strong data-start=\"2140\" data-end=\"2194\">Siehe, <a href=\"https:\/\/shop.bogensberger.co.at\/produkt-schlagwort\/merino-extrafein\/\">aus welchen Materialien<\/a> wir produzieren unsere St\u00fccke<\/strong> und lassen Sie sich von der Kombination aus Qualit\u00e4t, Komfort und nat\u00fcrlicher Eleganz der Marke verw\u00f6hnen <strong data-start=\"2267\" data-end=\"2277\">TATTJA<\/strong>.D<\/p>","protected":false},"excerpt":{"rendered":"<p data-start=\"635\" data-end=\"808\"><strong data-start=\"635\" data-end=\"685\">Damenbekleidung Shirt NATASJA blassblau<\/strong> vereint Eleganz, Komfort und Stil. Der weiche Strick schmiegt sich an den K\u00f6rper, betont die Silhouette und verleiht dem Outfit einen weichen, frischen Akzent.<\/p>","protected":false},"featured_media":2421,"comment_status":"open","ping_status":"closed","template":"","meta":[],"product_brand":[],"product_cat":[300,298,158,280,153],"product_tag":[],"class_list":{"0":"post-1926","1":"product","2":"type-product","3":"status-publish","4":"has-post-thumbnail","6":"product_cat-damske-oblecenie","7":"product_cat-doplnky-jednotlivo","8":"product_cat-driekovnik-bledomodry","9":"product_cat-driekovniky","10":"product_cat-pleteninove-doplnky-bledomodre","12":"first","13":"instock","14":"taxable","15":"shipping-taxable","16":"purchasable","17":"product-type-simple"},"yoast_head":"<!-- This site is optimized with the Yoast SEO plugin v26.0 - https:\/\/yoast.com\/wordpress\/plugins\/seo\/ -->\n<title>D\u00e1mske oble\u010denie driekovn\u00edk NATASJA bledomodr\u00fd - TATTJA<\/title>\n<meta name=\"description\" content=\"D\u00e1mske oble\u010denie driekovn\u00edk NATASJA bledomodr\u00fd \u2013 jemn\u00fd pleten\u00fd doplnok, ktor\u00fd zv\u00fdrazn\u00ed p\u00e1s, zahreje telo a dod\u00e1 outfitu n\u00e1dych svie\u017eosti a noblesy.\" \/>\n<meta name=\"robots\" content=\"index, follow, max-snippet:-1, max-image-preview:large, max-video-preview:-1\" \/>\n<link rel=\"canonical\" href=\"https:\/\/www.tattja.com\/de\/product\/damske-oblecenie-driekovnik-natasja-bledomodry\/\" \/>\n<meta property=\"og:locale\" content=\"de_DE\" \/>\n<meta property=\"og:type\" content=\"article\" \/>\n<meta property=\"og:title\" content=\"D\u00e1mske oble\u010denie driekovn\u00edk NATASJA bledomodr\u00fd - TATTJA\" \/>\n<meta property=\"og:description\" content=\"D\u00e1mske oble\u010denie driekovn\u00edk NATASJA bledomodr\u00fd \u2013 jemn\u00fd pleten\u00fd doplnok, ktor\u00fd zv\u00fdrazn\u00ed p\u00e1s, zahreje telo a dod\u00e1 outfitu n\u00e1dych svie\u017eosti a noblesy.\" \/>\n<meta property=\"og:url\" content=\"https:\/\/www.tattja.com\/de\/product\/damske-oblecenie-driekovnik-natasja-bledomodry\/\" \/>\n<meta property=\"og:site_name\" content=\"TATTJA\" \/>\n<meta property=\"article:modified_time\" content=\"2026-04-05T17:44:58+00:00\" \/>\n<meta property=\"og:image\" content=\"https:\/\/www.tattja.com\/wp-content\/uploads\/2025\/09\/bledomodry-driekovnik-spredu-1.webp\" \/>\n\t<meta property=\"og:image:width\" content=\"1365\" \/>\n\t<meta property=\"og:image:height\" content=\"2048\" \/>\n\t<meta property=\"og:image:type\" content=\"image\/webp\" \/>\n<meta name=\"twitter:card\" content=\"summary_large_image\" \/>\n<meta name=\"twitter:label1\" content=\"Gesch\u00e4tzte Lesezeit\" \/>\n\t<meta name=\"twitter:data1\" content=\"2\u00a0Minuten\" \/>\n<script type=\"application\/ld+json\" class=\"yoast-schema-graph\">{\"@context\":\"https:\/\/schema.org\",\"@graph\":[{\"@type\":\"WebPage\",\"@id\":\"https:\/\/www.tattja.com\/product\/damske-oblecenie-driekovnik-natasja-bledomodry\/\",\"url\":\"https:\/\/www.tattja.com\/product\/damske-oblecenie-driekovnik-natasja-bledomodry\/\",\"name\":\"D\u00e1mske oble\u010denie driekovn\u00edk NATASJA bledomodr\u00fd - TATTJA\",\"isPartOf\":{\"@id\":\"https:\/\/www.tattja.com\/#website\"},\"primaryImageOfPage\":{\"@id\":\"https:\/\/www.tattja.com\/product\/damske-oblecenie-driekovnik-natasja-bledomodry\/#primaryimage\"},\"image\":{\"@id\":\"https:\/\/www.tattja.com\/product\/damske-oblecenie-driekovnik-natasja-bledomodry\/#primaryimage\"},\"thumbnailUrl\":\"https:\/\/www.tattja.com\/wp-content\/uploads\/2025\/09\/bledomodry-driekovnik-spredu-1.webp\",\"datePublished\":\"2025-08-13T17:18:47+00:00\",\"dateModified\":\"2026-04-05T17:44:58+00:00\",\"description\":\"D\u00e1mske oble\u010denie driekovn\u00edk NATASJA bledomodr\u00fd \u2013 jemn\u00fd pleten\u00fd doplnok, ktor\u00fd zv\u00fdrazn\u00ed p\u00e1s, zahreje telo a dod\u00e1 outfitu n\u00e1dych svie\u017eosti a noblesy.\",\"breadcrumb\":{\"@id\":\"https:\/\/www.tattja.com\/product\/damske-oblecenie-driekovnik-natasja-bledomodry\/#breadcrumb\"},\"inLanguage\":\"de\",\"potentialAction\":[{\"@type\":\"ReadAction\",\"target\":[\"https:\/\/www.tattja.com\/product\/damske-oblecenie-driekovnik-natasja-bledomodry\/\"]}]},{\"@type\":\"ImageObject\",\"inLanguage\":\"de\",\"@id\":\"https:\/\/www.tattja.com\/product\/damske-oblecenie-driekovnik-natasja-bledomodry\/#primaryimage\",\"url\":\"https:\/\/www.tattja.com\/wp-content\/uploads\/2025\/09\/bledomodry-driekovnik-spredu-1.webp\",\"contentUrl\":\"https:\/\/www.tattja.com\/wp-content\/uploads\/2025\/09\/bledomodry-driekovnik-spredu-1.webp\",\"width\":1365,\"height\":2048,\"caption\":\"Driekovn\u00edk NATASJA v bledomodrej farbe \u2013 predn\u00fd poh\u013ead\"},{\"@type\":\"BreadcrumbList\",\"@id\":\"https:\/\/www.tattja.com\/product\/damske-oblecenie-driekovnik-natasja-bledomodry\/#breadcrumb\",\"itemListElement\":[{\"@type\":\"ListItem\",\"position\":1,\"name\":\"Domov\",\"item\":\"https:\/\/www.tattja.com\/\"},{\"@type\":\"ListItem\",\"position\":2,\"name\":\"Produkty\",\"item\":\"https:\/\/www.tattja.com\/damske-oblecenie-produkty\/\"},{\"@type\":\"ListItem\",\"position\":3,\"name\":\"D\u00e1mske oble\u010denie driekovn\u00edk NATASJA bledomodr\u00fd\"}]},{\"@type\":\"WebSite\",\"@id\":\"https:\/\/www.tattja.com\/#website\",\"url\":\"https:\/\/www.tattja.com\/\",\"name\":\"TATTJA\",\"description\":\"D\u00e1mske oble\u010denie z extra jemnej merino vlny \u2014 ru\u010dne pleten\u00e9 na Slovensku\",\"potentialAction\":[{\"@type\":\"SearchAction\",\"target\":{\"@type\":\"EntryPoint\",\"urlTemplate\":\"https:\/\/www.tattja.com\/?s={search_term_string}\"},\"query-input\":{\"@type\":\"PropertyValueSpecification\",\"valueRequired\":true,\"valueName\":\"search_term_string\"}}],\"inLanguage\":\"de\"}]}<\/script>\n<!-- \/ Yoast SEO plugin. -->","yoast_head_json":{"title":"D\u00e1mske oble\u010denie driekovn\u00edk NATASJA bledomodr\u00fd - TATTJA","description":"D\u00e1mske oble\u010denie driekovn\u00edk NATASJA bledomodr\u00fd \u2013 jemn\u00fd pleten\u00fd doplnok, ktor\u00fd zv\u00fdrazn\u00ed p\u00e1s, zahreje telo a dod\u00e1 outfitu n\u00e1dych svie\u017eosti a noblesy.","robots":{"index":"index","follow":"follow","max-snippet":"max-snippet:-1","max-image-preview":"max-image-preview:large","max-video-preview":"max-video-preview:-1"},"canonical":"https:\/\/www.tattja.com\/de\/product\/damske-oblecenie-driekovnik-natasja-bledomodry\/","og_locale":"de_DE","og_type":"article","og_title":"D\u00e1mske oble\u010denie driekovn\u00edk NATASJA bledomodr\u00fd - TATTJA","og_description":"D\u00e1mske oble\u010denie driekovn\u00edk NATASJA bledomodr\u00fd \u2013 jemn\u00fd pleten\u00fd doplnok, ktor\u00fd zv\u00fdrazn\u00ed p\u00e1s, zahreje telo a dod\u00e1 outfitu n\u00e1dych svie\u017eosti a noblesy.","og_url":"https:\/\/www.tattja.com\/de\/product\/damske-oblecenie-driekovnik-natasja-bledomodry\/","og_site_name":"TATTJA","article_modified_time":"2026-04-05T17:44:58+00:00","og_image":[{"width":1365,"height":2048,"url":"https:\/\/www.tattja.com\/wp-content\/uploads\/2025\/09\/bledomodry-driekovnik-spredu-1.webp","type":"image\/webp"}],"twitter_card":"summary_large_image","twitter_misc":{"Gesch\u00e4tzte Lesezeit":"2\u00a0Minuten"},"schema":{"@context":"https:\/\/schema.org","@graph":[{"@type":"WebPage","@id":"https:\/\/www.tattja.com\/product\/damske-oblecenie-driekovnik-natasja-bledomodry\/","url":"https:\/\/www.tattja.com\/product\/damske-oblecenie-driekovnik-natasja-bledomodry\/","name":"D\u00e1mske oble\u010denie driekovn\u00edk NATASJA bledomodr\u00fd - TATTJA","isPartOf":{"@id":"https:\/\/www.tattja.com\/#website"},"primaryImageOfPage":{"@id":"https:\/\/www.tattja.com\/product\/damske-oblecenie-driekovnik-natasja-bledomodry\/#primaryimage"},"image":{"@id":"https:\/\/www.tattja.com\/product\/damske-oblecenie-driekovnik-natasja-bledomodry\/#primaryimage"},"thumbnailUrl":"https:\/\/www.tattja.com\/wp-content\/uploads\/2025\/09\/bledomodry-driekovnik-spredu-1.webp","datePublished":"2025-08-13T17:18:47+00:00","dateModified":"2026-04-05T17:44:58+00:00","description":"D\u00e1mske oble\u010denie driekovn\u00edk NATASJA bledomodr\u00fd \u2013 jemn\u00fd pleten\u00fd doplnok, ktor\u00fd zv\u00fdrazn\u00ed p\u00e1s, zahreje telo a dod\u00e1 outfitu n\u00e1dych svie\u017eosti a noblesy.","breadcrumb":{"@id":"https:\/\/www.tattja.com\/product\/damske-oblecenie-driekovnik-natasja-bledomodry\/#breadcrumb"},"inLanguage":"de","potentialAction":[{"@type":"ReadAction","target":["https:\/\/www.tattja.com\/product\/damske-oblecenie-driekovnik-natasja-bledomodry\/"]}]},{"@type":"ImageObject","inLanguage":"de","@id":"https:\/\/www.tattja.com\/product\/damske-oblecenie-driekovnik-natasja-bledomodry\/#primaryimage","url":"https:\/\/www.tattja.com\/wp-content\/uploads\/2025\/09\/bledomodry-driekovnik-spredu-1.webp","contentUrl":"https:\/\/www.tattja.com\/wp-content\/uploads\/2025\/09\/bledomodry-driekovnik-spredu-1.webp","width":1365,"height":2048,"caption":"Driekovn\u00edk NATASJA v bledomodrej farbe \u2013 predn\u00fd poh\u013ead"},{"@type":"BreadcrumbList","@id":"https:\/\/www.tattja.com\/product\/damske-oblecenie-driekovnik-natasja-bledomodry\/#breadcrumb","itemListElement":[{"@type":"ListItem","position":1,"name":"Domov","item":"https:\/\/www.tattja.com\/"},{"@type":"ListItem","position":2,"name":"Produkty","item":"https:\/\/www.tattja.com\/damske-oblecenie-produkty\/"},{"@type":"ListItem","position":3,"name":"D\u00e1mske oble\u010denie driekovn\u00edk NATASJA bledomodr\u00fd"}]},{"@type":"WebSite","@id":"https:\/\/www.tattja.com\/#website","url":"https:\/\/www.tattja.com\/","name":"TATTJA","description":"D\u00e1mske oble\u010denie z extra jemnej merino vlny \u2014 ru\u010dne pleten\u00e9 na Slovensku","potentialAction":[{"@type":"SearchAction","target":{"@type":"EntryPoint","urlTemplate":"https:\/\/www.tattja.com\/?s={search_term_string}"},"query-input":{"@type":"PropertyValueSpecification","valueRequired":true,"valueName":"search_term_string"}}],"inLanguage":"de"}]}},"_links":{"self":[{"href":"https:\/\/www.tattja.com\/de\/wp-json\/wp\/v2\/product\/1926","targetHints":{"allow":["GET"]}}],"collection":[{"href":"https:\/\/www.tattja.com\/de\/wp-json\/wp\/v2\/product"}],"about":[{"href":"https:\/\/www.tattja.com\/de\/wp-json\/wp\/v2\/types\/product"}],"replies":[{"embeddable":true,"href":"https:\/\/www.tattja.com\/de\/wp-json\/wp\/v2\/comments?post=1926"}],"version-history":[{"count":6,"href":"https:\/\/www.tattja.com\/de\/wp-json\/wp\/v2\/product\/1926\/revisions"}],"predecessor-version":[{"id":5861,"href":"https:\/\/www.tattja.com\/de\/wp-json\/wp\/v2\/product\/1926\/revisions\/5861"}],"wp:featuredmedia":[{"embeddable":true,"href":"https:\/\/www.tattja.com\/de\/wp-json\/wp\/v2\/media\/2421"}],"wp:attachment":[{"href":"https:\/\/www.tattja.com\/de\/wp-json\/wp\/v2\/media?parent=1926"}],"wp:term":[{"taxonomy":"product_brand","embeddable":true,"href":"https:\/\/www.tattja.com\/de\/wp-json\/wp\/v2\/product_brand?post=1926"},{"taxonomy":"product_cat","embeddable":true,"href":"https:\/\/www.tattja.com\/de\/wp-json\/wp\/v2\/product_cat?post=1926"},{"taxonomy":"product_tag","embeddable":true,"href":"https:\/\/www.tattja.com\/de\/wp-json\/wp\/v2\/product_tag?post=1926"}],"curies":[{"name":"wp","href":"https:\/\/api.w.org\/{rel}","templated":true}]}}