{"id":1986,"date":"2025-08-14T17:33:30","date_gmt":"2025-08-14T15:33:30","guid":{"rendered":"https:\/\/www.tattja.com\/?post_type=product&#038;p=1986"},"modified":"2026-04-05T19:44:52","modified_gmt":"2026-04-05T17:44:52","slug":"damske-oblecenie-driekovnik-natasja-tmavotyrkysovy","status":"publish","type":"product","link":"https:\/\/www.tattja.com\/de\/product\/damske-oblecenie-driekovnik-natasja-tmavotyrkysovy\/","title":{"rendered":"Damenbekleidung Shirt NATASJA dunkel t\u00fcrkis"},"content":{"rendered":"<p data-start=\"901\" data-end=\"1221\"><strong data-start=\"901\" data-end=\"955\">Damenbekleidung Shirt NATASJA dunkel t\u00fcrkis<\/strong> je v\u00fdnimo\u010dn\u00fd pleten\u00fd doplnok, ktor\u00fd sp\u00e1ja funk\u010dnos\u0165, \u0161t\u00fdl a pohodlie. Tento elegantn\u00fd k\u00fasok z kolekcie <strong data-start=\"1059\" data-end=\"1069\">TATTJA<\/strong> jemne obop\u00edna p\u00e1s, poskytuje pr\u00edjemn\u00e9 teplo a zv\u00fdraz\u0148uje \u017eensk\u00e9 l\u00ednie. V\u010faka svojmu dizajnu prin\u00e1\u0161a do outfitu modern\u00fd, no st\u00e1le nad\u010dasov\u00fd charakter.<\/p>\n<p data-start=\"1223\" data-end=\"1617\">Tmavotyrkysov\u00e1 farba p\u00f4sob\u00ed ako dotyk h\u013abky a pokoja. In\u0161pirovali ju t\u00f3ny mora, ktor\u00e9 symbolizuj\u00fa vyrovnanos\u0165 a \u017eensk\u00fa sebad\u00f4veru. Tento odtie\u0148 dod\u00e1va \u0161atn\u00edku svie\u017eos\u0165 a prirodzen\u00fa eleganciu, v\u010faka ktorej vynikne\u0161 v ka\u017edej situ\u00e1cii. Driekovn\u00edk NATASJA v tmavotyrkysovej farbe sa hod\u00ed k neutr\u00e1lnym aj kontrastn\u00fdm t\u00f3nom a st\u00e1va sa univerz\u00e1lnym prvkom, ktor\u00fd \u013eahko kombinuje\u0161 do r\u00f4znych \u0161t\u00fdlov.<\/p>\n<p data-start=\"1619\" data-end=\"1922\">Jemn\u00e1 rebrovan\u00e1 \u0161trukt\u00fara pleteniny sa prisp\u00f4sob\u00ed postave, \u010d\u00edm zd\u00f4razn\u00ed p\u00e1s a tvaruje siluetu. Materi\u00e1l poskytuje hrejivos\u0165, no z\u00e1rove\u0148 zost\u00e1va priedu\u0161n\u00fd a hebk\u00fd. Tento driekovn\u00edk p\u00f4sob\u00ed luxusne, no z\u00e1rove\u0148 prirodzene \u2013 v\u010faka prec\u00edznemu spracovaniu a d\u00f4razu na detail, ktor\u00fd je pre <strong data-start=\"1901\" data-end=\"1911\">TATTJA<\/strong> typick\u00fd.<\/p>\n<p data-start=\"1924\" data-end=\"2139\">D\u00e1mske oble\u010denie driekovn\u00edk NATASJA tmavotyrkysov\u00fd m\u00f4\u017ee\u0161 nosi\u0165 samostatne alebo v kombin\u00e1cii s \u010fal\u0161\u00edmi k\u00faskami z kolekcie \u2013 s ruk\u00e1vnikmi, n\u00e1kr\u010dn\u00edkom \u010di \u010diapkou vytvor\u00ed\u0161 harmonick\u00fd a prepracovan\u00fd set. Je to doplnok, ktor\u00fd prin\u00e1\u0161a istotu, \u0161t\u00fdl a komfort v jednom.<\/p>\n<p data-start=\"2141\" data-end=\"2246\">Entdecken Sie die Sch\u00f6nheit der Zartheit, die raffinierten Details und den femininen Stil, der Sie warm h\u00e4lt und <a href=\"https:\/\/www.tattja.com\/de\/product-category\/damske-oblecenie\/doplnky-jednotlivo\/driekovniky\/\">in anderen Farben.<\/a><\/p>\n<p data-start=\"2248\" data-end=\"2417\"><strong data-start=\"2248\" data-end=\"2302\">Siehe,<a href=\"https:\/\/shop.bogensberger.co.at\/produkt-schlagwort\/merino-extrafein\/\"> aus welchen Materialien<\/a> wir produzieren unsere St\u00fccke<\/strong> a doprajte si spojenie kvality, pohodlia a elegancie, ktor\u00e9 robia z ka\u017ed\u00e9ho k\u00fasku <strong data-start=\"2385\" data-end=\"2395\">TATTJA<\/strong> origin\u00e1lny z\u00e1\u017eitok.<\/p>","protected":false},"excerpt":{"rendered":"<p data-start=\"691\" data-end=\"859\"><strong data-start=\"691\" data-end=\"745\">Damenbekleidung Shirt NATASJA dunkel t\u00fcrkis<\/strong> sp\u00e1ja \u017eenskos\u0165, komfort a eleganciu. Hlbok\u00fd odtie\u0148 tyrkysovej zv\u00fdrazn\u00ed siluetu a dod\u00e1 outfitu svie\u017eos\u0165 i pokoj.<\/p>","protected":false},"featured_media":7780,"comment_status":"open","ping_status":"closed","template":"","meta":[],"product_brand":[],"product_cat":[300,298,222,280,217],"product_tag":[],"class_list":{"0":"post-1986","1":"product","2":"type-product","3":"status-publish","4":"has-post-thumbnail","6":"product_cat-damske-oblecenie","7":"product_cat-doplnky-jednotlivo","8":"product_cat-driekovnik-tmavotyrkysovy","9":"product_cat-driekovniky","10":"product_cat-pleteninove-doplnky-tmavotyrkysove","12":"first","13":"instock","14":"taxable","15":"shipping-taxable","16":"purchasable","17":"product-type-simple"},"yoast_head":"<!-- This site is optimized with the Yoast SEO plugin v26.0 - https:\/\/yoast.com\/wordpress\/plugins\/seo\/ -->\n<title>D\u00e1mske oble\u010denie driekovn\u00edk NATASJA tmavotyrkysov\u00fd - TATTJA<\/title>\n<meta name=\"description\" content=\"D\u00e1mske oble\u010denie driekovn\u00edk NATASJA tmavotyrkysov\u00fd \u2013 elegantn\u00fd pleten\u00fd doplnok, ktor\u00fd zv\u00fdrazn\u00ed p\u00e1s, zahreje telo a dod\u00e1 outfitu noblesu a pokoj.\" \/>\n<meta name=\"robots\" content=\"index, follow, max-snippet:-1, max-image-preview:large, max-video-preview:-1\" \/>\n<link rel=\"canonical\" href=\"https:\/\/www.tattja.com\/de\/product\/damske-oblecenie-driekovnik-natasja-tmavotyrkysovy\/\" \/>\n<meta property=\"og:locale\" content=\"de_DE\" \/>\n<meta property=\"og:type\" content=\"article\" \/>\n<meta property=\"og:title\" content=\"D\u00e1mske oble\u010denie driekovn\u00edk NATASJA tmavotyrkysov\u00fd - TATTJA\" \/>\n<meta property=\"og:description\" content=\"D\u00e1mske oble\u010denie driekovn\u00edk NATASJA tmavotyrkysov\u00fd \u2013 elegantn\u00fd pleten\u00fd doplnok, ktor\u00fd zv\u00fdrazn\u00ed p\u00e1s, zahreje telo a dod\u00e1 outfitu noblesu a pokoj.\" \/>\n<meta property=\"og:url\" content=\"https:\/\/www.tattja.com\/de\/product\/damske-oblecenie-driekovnik-natasja-tmavotyrkysovy\/\" \/>\n<meta property=\"og:site_name\" content=\"TATTJA\" \/>\n<meta property=\"article:modified_time\" content=\"2026-04-05T17:44:52+00:00\" \/>\n<meta property=\"og:image\" content=\"https:\/\/www.tattja.com\/wp-content\/uploads\/2026\/01\/tmavotyrkysovy-driekovnik-spredu-25.webp\" \/>\n\t<meta property=\"og:image:width\" content=\"1365\" \/>\n\t<meta property=\"og:image:height\" content=\"2048\" \/>\n\t<meta property=\"og:image:type\" content=\"image\/webp\" \/>\n<meta name=\"twitter:card\" content=\"summary_large_image\" \/>\n<meta name=\"twitter:label1\" content=\"Gesch\u00e4tzte Lesezeit\" \/>\n\t<meta name=\"twitter:data1\" content=\"2\u00a0Minuten\" \/>\n<script type=\"application\/ld+json\" class=\"yoast-schema-graph\">{\"@context\":\"https:\/\/schema.org\",\"@graph\":[{\"@type\":\"WebPage\",\"@id\":\"https:\/\/www.tattja.com\/product\/damske-oblecenie-driekovnik-natasja-tmavotyrkysovy\/\",\"url\":\"https:\/\/www.tattja.com\/product\/damske-oblecenie-driekovnik-natasja-tmavotyrkysovy\/\",\"name\":\"D\u00e1mske oble\u010denie driekovn\u00edk NATASJA tmavotyrkysov\u00fd - TATTJA\",\"isPartOf\":{\"@id\":\"https:\/\/www.tattja.com\/#website\"},\"primaryImageOfPage\":{\"@id\":\"https:\/\/www.tattja.com\/product\/damske-oblecenie-driekovnik-natasja-tmavotyrkysovy\/#primaryimage\"},\"image\":{\"@id\":\"https:\/\/www.tattja.com\/product\/damske-oblecenie-driekovnik-natasja-tmavotyrkysovy\/#primaryimage\"},\"thumbnailUrl\":\"https:\/\/www.tattja.com\/wp-content\/uploads\/2026\/01\/tmavotyrkysovy-driekovnik-spredu-25.webp\",\"datePublished\":\"2025-08-14T15:33:30+00:00\",\"dateModified\":\"2026-04-05T17:44:52+00:00\",\"description\":\"D\u00e1mske oble\u010denie driekovn\u00edk NATASJA tmavotyrkysov\u00fd \u2013 elegantn\u00fd pleten\u00fd doplnok, ktor\u00fd zv\u00fdrazn\u00ed p\u00e1s, zahreje telo a dod\u00e1 outfitu noblesu a pokoj.\",\"breadcrumb\":{\"@id\":\"https:\/\/www.tattja.com\/product\/damske-oblecenie-driekovnik-natasja-tmavotyrkysovy\/#breadcrumb\"},\"inLanguage\":\"de\",\"potentialAction\":[{\"@type\":\"ReadAction\",\"target\":[\"https:\/\/www.tattja.com\/product\/damske-oblecenie-driekovnik-natasja-tmavotyrkysovy\/\"]}]},{\"@type\":\"ImageObject\",\"inLanguage\":\"de\",\"@id\":\"https:\/\/www.tattja.com\/product\/damske-oblecenie-driekovnik-natasja-tmavotyrkysovy\/#primaryimage\",\"url\":\"https:\/\/www.tattja.com\/wp-content\/uploads\/2026\/01\/tmavotyrkysovy-driekovnik-spredu-25.webp\",\"contentUrl\":\"https:\/\/www.tattja.com\/wp-content\/uploads\/2026\/01\/tmavotyrkysovy-driekovnik-spredu-25.webp\",\"width\":1365,\"height\":2048,\"caption\":\"Driekovn\u00edk NATASJA \u2013 tmavotyrkysov\u00fd pleten\u00fd doplnok TATTJA | predn\u00fd poh\u013ead\"},{\"@type\":\"BreadcrumbList\",\"@id\":\"https:\/\/www.tattja.com\/product\/damske-oblecenie-driekovnik-natasja-tmavotyrkysovy\/#breadcrumb\",\"itemListElement\":[{\"@type\":\"ListItem\",\"position\":1,\"name\":\"Domov\",\"item\":\"https:\/\/www.tattja.com\/\"},{\"@type\":\"ListItem\",\"position\":2,\"name\":\"Produkty\",\"item\":\"https:\/\/www.tattja.com\/damske-oblecenie-produkty\/\"},{\"@type\":\"ListItem\",\"position\":3,\"name\":\"D\u00e1mske oble\u010denie driekovn\u00edk NATASJA tmavotyrkysov\u00fd\"}]},{\"@type\":\"WebSite\",\"@id\":\"https:\/\/www.tattja.com\/#website\",\"url\":\"https:\/\/www.tattja.com\/\",\"name\":\"TATTJA\",\"description\":\"D\u00e1mske oble\u010denie z extra jemnej merino vlny \u2014 ru\u010dne pleten\u00e9 na Slovensku\",\"potentialAction\":[{\"@type\":\"SearchAction\",\"target\":{\"@type\":\"EntryPoint\",\"urlTemplate\":\"https:\/\/www.tattja.com\/?s={search_term_string}\"},\"query-input\":{\"@type\":\"PropertyValueSpecification\",\"valueRequired\":true,\"valueName\":\"search_term_string\"}}],\"inLanguage\":\"de\"}]}<\/script>\n<!-- \/ Yoast SEO plugin. -->","yoast_head_json":{"title":"D\u00e1mske oble\u010denie driekovn\u00edk NATASJA tmavotyrkysov\u00fd - TATTJA","description":"D\u00e1mske oble\u010denie driekovn\u00edk NATASJA tmavotyrkysov\u00fd \u2013 elegantn\u00fd pleten\u00fd doplnok, ktor\u00fd zv\u00fdrazn\u00ed p\u00e1s, zahreje telo a dod\u00e1 outfitu noblesu a pokoj.","robots":{"index":"index","follow":"follow","max-snippet":"max-snippet:-1","max-image-preview":"max-image-preview:large","max-video-preview":"max-video-preview:-1"},"canonical":"https:\/\/www.tattja.com\/de\/product\/damske-oblecenie-driekovnik-natasja-tmavotyrkysovy\/","og_locale":"de_DE","og_type":"article","og_title":"D\u00e1mske oble\u010denie driekovn\u00edk NATASJA tmavotyrkysov\u00fd - TATTJA","og_description":"D\u00e1mske oble\u010denie driekovn\u00edk NATASJA tmavotyrkysov\u00fd \u2013 elegantn\u00fd pleten\u00fd doplnok, ktor\u00fd zv\u00fdrazn\u00ed p\u00e1s, zahreje telo a dod\u00e1 outfitu noblesu a pokoj.","og_url":"https:\/\/www.tattja.com\/de\/product\/damske-oblecenie-driekovnik-natasja-tmavotyrkysovy\/","og_site_name":"TATTJA","article_modified_time":"2026-04-05T17:44:52+00:00","og_image":[{"width":1365,"height":2048,"url":"https:\/\/www.tattja.com\/wp-content\/uploads\/2026\/01\/tmavotyrkysovy-driekovnik-spredu-25.webp","type":"image\/webp"}],"twitter_card":"summary_large_image","twitter_misc":{"Gesch\u00e4tzte Lesezeit":"2\u00a0Minuten"},"schema":{"@context":"https:\/\/schema.org","@graph":[{"@type":"WebPage","@id":"https:\/\/www.tattja.com\/product\/damske-oblecenie-driekovnik-natasja-tmavotyrkysovy\/","url":"https:\/\/www.tattja.com\/product\/damske-oblecenie-driekovnik-natasja-tmavotyrkysovy\/","name":"D\u00e1mske oble\u010denie driekovn\u00edk NATASJA tmavotyrkysov\u00fd - TATTJA","isPartOf":{"@id":"https:\/\/www.tattja.com\/#website"},"primaryImageOfPage":{"@id":"https:\/\/www.tattja.com\/product\/damske-oblecenie-driekovnik-natasja-tmavotyrkysovy\/#primaryimage"},"image":{"@id":"https:\/\/www.tattja.com\/product\/damske-oblecenie-driekovnik-natasja-tmavotyrkysovy\/#primaryimage"},"thumbnailUrl":"https:\/\/www.tattja.com\/wp-content\/uploads\/2026\/01\/tmavotyrkysovy-driekovnik-spredu-25.webp","datePublished":"2025-08-14T15:33:30+00:00","dateModified":"2026-04-05T17:44:52+00:00","description":"D\u00e1mske oble\u010denie driekovn\u00edk NATASJA tmavotyrkysov\u00fd \u2013 elegantn\u00fd pleten\u00fd doplnok, ktor\u00fd zv\u00fdrazn\u00ed p\u00e1s, zahreje telo a dod\u00e1 outfitu noblesu a pokoj.","breadcrumb":{"@id":"https:\/\/www.tattja.com\/product\/damske-oblecenie-driekovnik-natasja-tmavotyrkysovy\/#breadcrumb"},"inLanguage":"de","potentialAction":[{"@type":"ReadAction","target":["https:\/\/www.tattja.com\/product\/damske-oblecenie-driekovnik-natasja-tmavotyrkysovy\/"]}]},{"@type":"ImageObject","inLanguage":"de","@id":"https:\/\/www.tattja.com\/product\/damske-oblecenie-driekovnik-natasja-tmavotyrkysovy\/#primaryimage","url":"https:\/\/www.tattja.com\/wp-content\/uploads\/2026\/01\/tmavotyrkysovy-driekovnik-spredu-25.webp","contentUrl":"https:\/\/www.tattja.com\/wp-content\/uploads\/2026\/01\/tmavotyrkysovy-driekovnik-spredu-25.webp","width":1365,"height":2048,"caption":"Driekovn\u00edk NATASJA \u2013 tmavotyrkysov\u00fd pleten\u00fd doplnok TATTJA | predn\u00fd poh\u013ead"},{"@type":"BreadcrumbList","@id":"https:\/\/www.tattja.com\/product\/damske-oblecenie-driekovnik-natasja-tmavotyrkysovy\/#breadcrumb","itemListElement":[{"@type":"ListItem","position":1,"name":"Domov","item":"https:\/\/www.tattja.com\/"},{"@type":"ListItem","position":2,"name":"Produkty","item":"https:\/\/www.tattja.com\/damske-oblecenie-produkty\/"},{"@type":"ListItem","position":3,"name":"D\u00e1mske oble\u010denie driekovn\u00edk NATASJA tmavotyrkysov\u00fd"}]},{"@type":"WebSite","@id":"https:\/\/www.tattja.com\/#website","url":"https:\/\/www.tattja.com\/","name":"TATTJA","description":"D\u00e1mske oble\u010denie z extra jemnej merino vlny \u2014 ru\u010dne pleten\u00e9 na Slovensku","potentialAction":[{"@type":"SearchAction","target":{"@type":"EntryPoint","urlTemplate":"https:\/\/www.tattja.com\/?s={search_term_string}"},"query-input":{"@type":"PropertyValueSpecification","valueRequired":true,"valueName":"search_term_string"}}],"inLanguage":"de"}]}},"_links":{"self":[{"href":"https:\/\/www.tattja.com\/de\/wp-json\/wp\/v2\/product\/1986","targetHints":{"allow":["GET"]}}],"collection":[{"href":"https:\/\/www.tattja.com\/de\/wp-json\/wp\/v2\/product"}],"about":[{"href":"https:\/\/www.tattja.com\/de\/wp-json\/wp\/v2\/types\/product"}],"replies":[{"embeddable":true,"href":"https:\/\/www.tattja.com\/de\/wp-json\/wp\/v2\/comments?post=1986"}],"version-history":[{"count":6,"href":"https:\/\/www.tattja.com\/de\/wp-json\/wp\/v2\/product\/1986\/revisions"}],"predecessor-version":[{"id":5871,"href":"https:\/\/www.tattja.com\/de\/wp-json\/wp\/v2\/product\/1986\/revisions\/5871"}],"wp:featuredmedia":[{"embeddable":true,"href":"https:\/\/www.tattja.com\/de\/wp-json\/wp\/v2\/media\/7780"}],"wp:attachment":[{"href":"https:\/\/www.tattja.com\/de\/wp-json\/wp\/v2\/media?parent=1986"}],"wp:term":[{"taxonomy":"product_brand","embeddable":true,"href":"https:\/\/www.tattja.com\/de\/wp-json\/wp\/v2\/product_brand?post=1986"},{"taxonomy":"product_cat","embeddable":true,"href":"https:\/\/www.tattja.com\/de\/wp-json\/wp\/v2\/product_cat?post=1986"},{"taxonomy":"product_tag","embeddable":true,"href":"https:\/\/www.tattja.com\/de\/wp-json\/wp\/v2\/product_tag?post=1986"}],"curies":[{"name":"wp","href":"https:\/\/api.w.org\/{rel}","templated":true}]}}