{"id":1994,"date":"2025-08-14T17:39:46","date_gmt":"2025-08-14T15:39:46","guid":{"rendered":"https:\/\/www.tattja.com\/?post_type=product&#038;p=1994"},"modified":"2026-04-05T19:44:52","modified_gmt":"2026-04-05T17:44:52","slug":"damske-oblecenie-dvojset-ragnild-tmavotyrkysovy","status":"publish","type":"product","link":"https:\/\/www.tattja.com\/de\/product\/damske-oblecenie-dvojset-ragnild-tmavotyrkysovy\/","title":{"rendered":"D\u00e1mske oble\u010denie 2-set RAGNILD tmavotyrkysov\u00fd"},"content":{"rendered":"<p data-start=\"1059\" data-end=\"1333\"><strong data-start=\"1059\" data-end=\"1110\">Damenbekleidung Doppelset RAGNILD dunkel t\u00fcrkis<\/strong> predstavuje spojenie sofistikovan\u00e9ho dizajnu, funk\u010dnosti a \u017eensk\u00e9ho p\u00f4vabu. Model z kolekcie <strong data-start=\"1204\" data-end=\"1214\">TATTJA<\/strong> tvoria n\u00e1kr\u010dn\u00edk a driekovn\u00edk, ktor\u00e9 sa navz\u00e1jom dop\u013a\u0148aj\u00fa v dokonalej rovnov\u00e1he medzi \u0161t\u00fdlom, komfortom a eleganciou.<\/p>\n<p data-start=\"1335\" data-end=\"1728\">N\u00e1kr\u010dn\u00edk jemne obop\u00edna ramen\u00e1 a krk, \u010d\u00edm poskytuje hrejiv\u00fd pocit a estetick\u00fa \u010distotu. Driekovn\u00edk zv\u00fdraz\u0148uje p\u00e1s, kop\u00edruje l\u00ednie postavy a vytv\u00e1ra vyv\u00e1\u017een\u00fa siluetu. Spolu vytv\u00e1raj\u00fa harmonick\u00fd celok, ktor\u00fd je ide\u00e1lny pre ka\u017edodenn\u00e9 nosenie aj \u0161peci\u00e1lne pr\u00edle\u017eitosti. Tento set je z\u00e1rove\u0148 praktick\u00fd aj elegantn\u00fd \u2013 vhodn\u00fd pre \u017eeny, ktor\u00e9 miluj\u00fa spojenie funk\u010dnosti, jemnosti a nad\u010dasov\u00e9ho \u0161t\u00fdlu.<\/p>\n<p data-start=\"1730\" data-end=\"2042\">Tmavotyrkysov\u00e1 farba pripom\u00edna h\u013abku oce\u00e1nu a symbolizuje pokoj, sebad\u00f4veru a \u017eensk\u00fa silu. Prin\u00e1\u0161a dotyk noblesy, ktor\u00fd pod\u010diarkuje kr\u00e1su ka\u017ed\u00e9ho pohybu a rozjasn\u00ed ka\u017ed\u00fd de\u0148. Tento t\u00f3n vynik\u00e1 svojou univerz\u00e1lnos\u0165ou \u2013 dokonale lad\u00ed so svetl\u00fdmi aj tmav\u0161\u00edmi odtie\u0148mi, \u010d\u00edm umo\u017e\u0148uje nekone\u010dn\u00e9 mo\u017enosti kombinovania.<\/p>\n<p data-start=\"2044\" data-end=\"2329\">Damenbekleidung im Doppelpack <strong data-start=\"2050\" data-end=\"2076\">RAGNILD tmavotyrkysov\u00fd<\/strong> spiegelt die Markenphilosophie wider <strong data-start=\"2101\" data-end=\"2111\">TATTJA<\/strong> \u2013 minimalistick\u00fd dizajn, d\u00f4raz na kvalitu spracovania a estetiku, ktor\u00e1 zost\u00e1va vern\u00e1 prirodzenej kr\u00e1se \u017eeny. Ka\u017ed\u00fd detail je premyslen\u00fd tak, aby set p\u00f4sobil luxusne, no z\u00e1rove\u0148 poskytoval pohodlie po\u010das cel\u00e9ho d\u0148a.<\/p>\n<p data-start=\"2331\" data-end=\"2436\">Entdecken Sie die Sch\u00f6nheit der Zartheit, die raffinierten Details und den femininen Stil, der Sie warm h\u00e4lt und <a href=\"https:\/\/www.tattja.com\/de\/product-category\/damske-oblecenie\/dvojsety\/nakrcnik-a-driekovnik\/\">in anderen Farben.<\/a><\/p>\n<p data-start=\"2438\" data-end=\"2564\"><strong data-start=\"2438\" data-end=\"2492\">Siehe, <a href=\"https:\/\/shop.bogensberger.co.at\/produkt-schlagwort\/merino-extrafein\/\">aus welchen Materialien<\/a> wir produzieren unsere St\u00fccke<\/strong>, a doprajte si dotyk kvality, ktor\u00fd sp\u00e1ja eleganciu s pocitom domova<\/p>","protected":false},"excerpt":{"rendered":"<p><strong data-start=\"705\" data-end=\"756\">Damenbekleidung Doppelset RAGNILD dunkel t\u00fcrkis<\/strong> sp\u00e1ja jemnos\u0165 a eleganciu s modern\u00fdm dizajnom. N\u00e1kr\u010dn\u00edk a driekovn\u00edk vytv\u00e1raj\u00fa harmonick\u00fd celok, ktor\u00fd zahreje, lichot\u00ed postave a dod\u00e1 outfitu v\u00fdnimo\u010dn\u00fd charakter. Tento dvojset v odtieni hlbokej tyrkysovej farby prin\u00e1\u0161a noblesu oce\u00e1nu a nad\u010dasov\u00fa \u017eenskos<\/p>","protected":false},"featured_media":7792,"comment_status":"open","ping_status":"closed","template":"","meta":[],"product_brand":[],"product_cat":[289,300,220,290,217],"product_tag":[],"class_list":{"0":"post-1994","1":"product","2":"type-product","3":"status-publish","4":"has-post-thumbnail","6":"product_cat-dvojsety","7":"product_cat-damske-oblecenie","8":"product_cat-dvojsety-tmavotyrkysove","9":"product_cat-nakrcnik-a-driekovnik","10":"product_cat-pleteninove-doplnky-tmavotyrkysove","12":"first","13":"instock","14":"taxable","15":"shipping-taxable","16":"purchasable","17":"product-type-simple"},"yoast_head":"<!-- This site is optimized with the Yoast SEO plugin v26.0 - https:\/\/yoast.com\/wordpress\/plugins\/seo\/ -->\n<title>D\u00e1mske oble\u010denie 2-set RAGNILD tmavotyrkysov\u00fd - TATTJA<\/title>\n<meta name=\"description\" content=\"D\u00e1mske oble\u010denie dvojset RAGNILD tmavotyrkysov\u00fd \u2013 elegantn\u00fd, hrejiv\u00fd a \u0161t\u00fdlov\u00fd set, ktor\u00fd sp\u00e1ja pohodlie, \u017eenskos\u0165 a noblesu v ka\u017edom detaile.\" \/>\n<meta name=\"robots\" content=\"index, follow, max-snippet:-1, max-image-preview:large, max-video-preview:-1\" \/>\n<link rel=\"canonical\" href=\"https:\/\/www.tattja.com\/de\/product\/damske-oblecenie-dvojset-ragnild-tmavotyrkysovy\/\" \/>\n<meta property=\"og:locale\" content=\"de_DE\" \/>\n<meta property=\"og:type\" content=\"article\" \/>\n<meta property=\"og:title\" content=\"D\u00e1mske oble\u010denie 2-set RAGNILD tmavotyrkysov\u00fd - TATTJA\" \/>\n<meta property=\"og:description\" content=\"D\u00e1mske oble\u010denie dvojset RAGNILD tmavotyrkysov\u00fd \u2013 elegantn\u00fd, hrejiv\u00fd a \u0161t\u00fdlov\u00fd set, ktor\u00fd sp\u00e1ja pohodlie, \u017eenskos\u0165 a noblesu v ka\u017edom detaile.\" \/>\n<meta property=\"og:url\" content=\"https:\/\/www.tattja.com\/de\/product\/damske-oblecenie-dvojset-ragnild-tmavotyrkysovy\/\" \/>\n<meta property=\"og:site_name\" content=\"TATTJA\" \/>\n<meta property=\"article:modified_time\" content=\"2026-04-05T17:44:52+00:00\" \/>\n<meta property=\"og:image\" content=\"https:\/\/www.tattja.com\/wp-content\/uploads\/2026\/01\/tmavotyrkysovy-dvojset-nakrcnik-driekovnik-spredu-4.webp\" \/>\n\t<meta property=\"og:image:width\" content=\"1365\" \/>\n\t<meta property=\"og:image:height\" content=\"2048\" \/>\n\t<meta property=\"og:image:type\" content=\"image\/webp\" \/>\n<meta name=\"twitter:card\" content=\"summary_large_image\" \/>\n<meta name=\"twitter:label1\" content=\"Gesch\u00e4tzte Lesezeit\" \/>\n\t<meta name=\"twitter:data1\" content=\"2\u00a0Minuten\" \/>\n<script type=\"application\/ld+json\" class=\"yoast-schema-graph\">{\"@context\":\"https:\/\/schema.org\",\"@graph\":[{\"@type\":\"WebPage\",\"@id\":\"https:\/\/www.tattja.com\/product\/damske-oblecenie-dvojset-ragnild-tmavotyrkysovy\/\",\"url\":\"https:\/\/www.tattja.com\/product\/damske-oblecenie-dvojset-ragnild-tmavotyrkysovy\/\",\"name\":\"D\u00e1mske oble\u010denie 2-set RAGNILD tmavotyrkysov\u00fd - TATTJA\",\"isPartOf\":{\"@id\":\"https:\/\/www.tattja.com\/#website\"},\"primaryImageOfPage\":{\"@id\":\"https:\/\/www.tattja.com\/product\/damske-oblecenie-dvojset-ragnild-tmavotyrkysovy\/#primaryimage\"},\"image\":{\"@id\":\"https:\/\/www.tattja.com\/product\/damske-oblecenie-dvojset-ragnild-tmavotyrkysovy\/#primaryimage\"},\"thumbnailUrl\":\"https:\/\/www.tattja.com\/wp-content\/uploads\/2026\/01\/tmavotyrkysovy-dvojset-nakrcnik-driekovnik-spredu-4.webp\",\"datePublished\":\"2025-08-14T15:39:46+00:00\",\"dateModified\":\"2026-04-05T17:44:52+00:00\",\"description\":\"D\u00e1mske oble\u010denie dvojset RAGNILD tmavotyrkysov\u00fd \u2013 elegantn\u00fd, hrejiv\u00fd a \u0161t\u00fdlov\u00fd set, ktor\u00fd sp\u00e1ja pohodlie, \u017eenskos\u0165 a noblesu v ka\u017edom detaile.\",\"breadcrumb\":{\"@id\":\"https:\/\/www.tattja.com\/product\/damske-oblecenie-dvojset-ragnild-tmavotyrkysovy\/#breadcrumb\"},\"inLanguage\":\"de\",\"potentialAction\":[{\"@type\":\"ReadAction\",\"target\":[\"https:\/\/www.tattja.com\/product\/damske-oblecenie-dvojset-ragnild-tmavotyrkysovy\/\"]}]},{\"@type\":\"ImageObject\",\"inLanguage\":\"de\",\"@id\":\"https:\/\/www.tattja.com\/product\/damske-oblecenie-dvojset-ragnild-tmavotyrkysovy\/#primaryimage\",\"url\":\"https:\/\/www.tattja.com\/wp-content\/uploads\/2026\/01\/tmavotyrkysovy-dvojset-nakrcnik-driekovnik-spredu-4.webp\",\"contentUrl\":\"https:\/\/www.tattja.com\/wp-content\/uploads\/2026\/01\/tmavotyrkysovy-dvojset-nakrcnik-driekovnik-spredu-4.webp\",\"width\":1365,\"height\":2048,\"caption\":\"Dvojset RAGNILD \u2013 tmavotyrkysov\u00fd n\u00e1kr\u010dn\u00edk a driekovn\u00edk TATTJA | predn\u00fd poh\u013ead\"},{\"@type\":\"BreadcrumbList\",\"@id\":\"https:\/\/www.tattja.com\/product\/damske-oblecenie-dvojset-ragnild-tmavotyrkysovy\/#breadcrumb\",\"itemListElement\":[{\"@type\":\"ListItem\",\"position\":1,\"name\":\"Domov\",\"item\":\"https:\/\/www.tattja.com\/\"},{\"@type\":\"ListItem\",\"position\":2,\"name\":\"Produkty\",\"item\":\"https:\/\/www.tattja.com\/damske-oblecenie-produkty\/\"},{\"@type\":\"ListItem\",\"position\":3,\"name\":\"D\u00e1mske oble\u010denie 2-set RAGNILD tmavotyrkysov\u00fd\"}]},{\"@type\":\"WebSite\",\"@id\":\"https:\/\/www.tattja.com\/#website\",\"url\":\"https:\/\/www.tattja.com\/\",\"name\":\"TATTJA\",\"description\":\"D\u00e1mske oble\u010denie z extra jemnej merino vlny \u2014 ru\u010dne pleten\u00e9 na Slovensku\",\"potentialAction\":[{\"@type\":\"SearchAction\",\"target\":{\"@type\":\"EntryPoint\",\"urlTemplate\":\"https:\/\/www.tattja.com\/?s={search_term_string}\"},\"query-input\":{\"@type\":\"PropertyValueSpecification\",\"valueRequired\":true,\"valueName\":\"search_term_string\"}}],\"inLanguage\":\"de\"}]}<\/script>\n<!-- \/ Yoast SEO plugin. -->","yoast_head_json":{"title":"D\u00e1mske oble\u010denie 2-set RAGNILD tmavotyrkysov\u00fd - TATTJA","description":"D\u00e1mske oble\u010denie dvojset RAGNILD tmavotyrkysov\u00fd \u2013 elegantn\u00fd, hrejiv\u00fd a \u0161t\u00fdlov\u00fd set, ktor\u00fd sp\u00e1ja pohodlie, \u017eenskos\u0165 a noblesu v ka\u017edom detaile.","robots":{"index":"index","follow":"follow","max-snippet":"max-snippet:-1","max-image-preview":"max-image-preview:large","max-video-preview":"max-video-preview:-1"},"canonical":"https:\/\/www.tattja.com\/de\/product\/damske-oblecenie-dvojset-ragnild-tmavotyrkysovy\/","og_locale":"de_DE","og_type":"article","og_title":"D\u00e1mske oble\u010denie 2-set RAGNILD tmavotyrkysov\u00fd - TATTJA","og_description":"D\u00e1mske oble\u010denie dvojset RAGNILD tmavotyrkysov\u00fd \u2013 elegantn\u00fd, hrejiv\u00fd a \u0161t\u00fdlov\u00fd set, ktor\u00fd sp\u00e1ja pohodlie, \u017eenskos\u0165 a noblesu v ka\u017edom detaile.","og_url":"https:\/\/www.tattja.com\/de\/product\/damske-oblecenie-dvojset-ragnild-tmavotyrkysovy\/","og_site_name":"TATTJA","article_modified_time":"2026-04-05T17:44:52+00:00","og_image":[{"width":1365,"height":2048,"url":"https:\/\/www.tattja.com\/wp-content\/uploads\/2026\/01\/tmavotyrkysovy-dvojset-nakrcnik-driekovnik-spredu-4.webp","type":"image\/webp"}],"twitter_card":"summary_large_image","twitter_misc":{"Gesch\u00e4tzte Lesezeit":"2\u00a0Minuten"},"schema":{"@context":"https:\/\/schema.org","@graph":[{"@type":"WebPage","@id":"https:\/\/www.tattja.com\/product\/damske-oblecenie-dvojset-ragnild-tmavotyrkysovy\/","url":"https:\/\/www.tattja.com\/product\/damske-oblecenie-dvojset-ragnild-tmavotyrkysovy\/","name":"D\u00e1mske oble\u010denie 2-set RAGNILD tmavotyrkysov\u00fd - TATTJA","isPartOf":{"@id":"https:\/\/www.tattja.com\/#website"},"primaryImageOfPage":{"@id":"https:\/\/www.tattja.com\/product\/damske-oblecenie-dvojset-ragnild-tmavotyrkysovy\/#primaryimage"},"image":{"@id":"https:\/\/www.tattja.com\/product\/damske-oblecenie-dvojset-ragnild-tmavotyrkysovy\/#primaryimage"},"thumbnailUrl":"https:\/\/www.tattja.com\/wp-content\/uploads\/2026\/01\/tmavotyrkysovy-dvojset-nakrcnik-driekovnik-spredu-4.webp","datePublished":"2025-08-14T15:39:46+00:00","dateModified":"2026-04-05T17:44:52+00:00","description":"D\u00e1mske oble\u010denie dvojset RAGNILD tmavotyrkysov\u00fd \u2013 elegantn\u00fd, hrejiv\u00fd a \u0161t\u00fdlov\u00fd set, ktor\u00fd sp\u00e1ja pohodlie, \u017eenskos\u0165 a noblesu v ka\u017edom detaile.","breadcrumb":{"@id":"https:\/\/www.tattja.com\/product\/damske-oblecenie-dvojset-ragnild-tmavotyrkysovy\/#breadcrumb"},"inLanguage":"de","potentialAction":[{"@type":"ReadAction","target":["https:\/\/www.tattja.com\/product\/damske-oblecenie-dvojset-ragnild-tmavotyrkysovy\/"]}]},{"@type":"ImageObject","inLanguage":"de","@id":"https:\/\/www.tattja.com\/product\/damske-oblecenie-dvojset-ragnild-tmavotyrkysovy\/#primaryimage","url":"https:\/\/www.tattja.com\/wp-content\/uploads\/2026\/01\/tmavotyrkysovy-dvojset-nakrcnik-driekovnik-spredu-4.webp","contentUrl":"https:\/\/www.tattja.com\/wp-content\/uploads\/2026\/01\/tmavotyrkysovy-dvojset-nakrcnik-driekovnik-spredu-4.webp","width":1365,"height":2048,"caption":"Dvojset RAGNILD \u2013 tmavotyrkysov\u00fd n\u00e1kr\u010dn\u00edk a driekovn\u00edk TATTJA | predn\u00fd poh\u013ead"},{"@type":"BreadcrumbList","@id":"https:\/\/www.tattja.com\/product\/damske-oblecenie-dvojset-ragnild-tmavotyrkysovy\/#breadcrumb","itemListElement":[{"@type":"ListItem","position":1,"name":"Domov","item":"https:\/\/www.tattja.com\/"},{"@type":"ListItem","position":2,"name":"Produkty","item":"https:\/\/www.tattja.com\/damske-oblecenie-produkty\/"},{"@type":"ListItem","position":3,"name":"D\u00e1mske oble\u010denie 2-set RAGNILD tmavotyrkysov\u00fd"}]},{"@type":"WebSite","@id":"https:\/\/www.tattja.com\/#website","url":"https:\/\/www.tattja.com\/","name":"TATTJA","description":"D\u00e1mske oble\u010denie z extra jemnej merino vlny \u2014 ru\u010dne pleten\u00e9 na Slovensku","potentialAction":[{"@type":"SearchAction","target":{"@type":"EntryPoint","urlTemplate":"https:\/\/www.tattja.com\/?s={search_term_string}"},"query-input":{"@type":"PropertyValueSpecification","valueRequired":true,"valueName":"search_term_string"}}],"inLanguage":"de"}]}},"_links":{"self":[{"href":"https:\/\/www.tattja.com\/de\/wp-json\/wp\/v2\/product\/1994","targetHints":{"allow":["GET"]}}],"collection":[{"href":"https:\/\/www.tattja.com\/de\/wp-json\/wp\/v2\/product"}],"about":[{"href":"https:\/\/www.tattja.com\/de\/wp-json\/wp\/v2\/types\/product"}],"replies":[{"embeddable":true,"href":"https:\/\/www.tattja.com\/de\/wp-json\/wp\/v2\/comments?post=1994"}],"version-history":[{"count":6,"href":"https:\/\/www.tattja.com\/de\/wp-json\/wp\/v2\/product\/1994\/revisions"}],"predecessor-version":[{"id":7215,"href":"https:\/\/www.tattja.com\/de\/wp-json\/wp\/v2\/product\/1994\/revisions\/7215"}],"wp:featuredmedia":[{"embeddable":true,"href":"https:\/\/www.tattja.com\/de\/wp-json\/wp\/v2\/media\/7792"}],"wp:attachment":[{"href":"https:\/\/www.tattja.com\/de\/wp-json\/wp\/v2\/media?parent=1994"}],"wp:term":[{"taxonomy":"product_brand","embeddable":true,"href":"https:\/\/www.tattja.com\/de\/wp-json\/wp\/v2\/product_brand?post=1994"},{"taxonomy":"product_cat","embeddable":true,"href":"https:\/\/www.tattja.com\/de\/wp-json\/wp\/v2\/product_cat?post=1994"},{"taxonomy":"product_tag","embeddable":true,"href":"https:\/\/www.tattja.com\/de\/wp-json\/wp\/v2\/product_tag?post=1994"}],"curies":[{"name":"wp","href":"https:\/\/api.w.org\/{rel}","templated":true}]}}