{"id":2049,"date":"2025-08-21T09:28:33","date_gmt":"2025-08-21T07:28:33","guid":{"rendered":"https:\/\/www.tattja.com\/?post_type=product&#038;p=2049"},"modified":"2026-04-05T19:44:47","modified_gmt":"2026-04-05T17:44:47","slug":"trojset-mimir-fosforovy-limetkovy","status":"publish","type":"product","link":"https:\/\/www.tattja.com\/de\/product\/trojset-mimir-fosforovy-limetkovy\/","title":{"rendered":"D\u00e1mske oble\u010denie 3-set MIMIR fosforov\u00fd limetkov\u00fd"},"content":{"rendered":"<p data-start=\"1022\" data-end=\"1323\"><strong data-start=\"1022\" data-end=\"1076\">Damenbekleidung dreiteilig MIMIR phosphorus lime<\/strong> vereint kr\u00e4ftige Farben, feminine Energie und moderne Eleganz. Dieses au\u00dfergew\u00f6hnliche Set der Marke <strong data-start=\"1175\" data-end=\"1185\">TATTJA<\/strong> Es besteht aus einem Halsw\u00e4rmer, Armb\u00e4ndern und einer M\u00fctze mit Schirm - drei Elemente, die zusammen ein harmonisches Ganzes mit einem starken visuellen Eindruck ergeben.<\/p>\n<p data-start=\"1325\" data-end=\"1684\">Der Farbton Phosphor-Limette symbolisiert Mut, Frische und Optimismus. Er bringt ein Gef\u00fchl von Freude und sonniger Energie auch an k\u00e4lteren Tagen. Er ist ideal f\u00fcr Frauen, die sich nicht scheuen, sich von der Masse abzuheben und die eine Kombination aus Originalit\u00e4t, Komfort und Luxus suchen. Dieser Farbton wirkt verspielt und doch elegant - seine Ausstrahlung erhellt jedes Outfit und verleiht ihm einen modernen Charakter.<\/p>\n<p data-start=\"1686\" data-end=\"2064\">Der Neckwarmer schmiegt sich sanft an Schultern und Nacken, die \u00c4rmel bieten W\u00e4rme und Bewegungsfreiheit, w\u00e4hrend die Beanie-M\u00fctze das Ganze mit urbaner Dynamik abrundet. Jedes Detail wurde durchdacht, um nicht nur optisch, sondern auch funktionell hervorzustechen. Der Rippenstrickstoff sieht luxuri\u00f6s aus, ist weich, atmungsaktiv und anpassungsf\u00e4hig. So bietet das Set einen Komfort, der zum selbstverst\u00e4ndlichen Bestandteil des t\u00e4glichen Stils wird.<\/p>\n<p data-start=\"2066\" data-end=\"2369\"><strong data-start=\"2066\" data-end=\"2120\">Damenbekleidung dreiteilig MIMIR phosphorus lime<\/strong> steht f\u00fcr eine Verschmelzung von Mode und k\u00fcnstlerischem Ausdruck. Es ist mehr als nur ein Accessoire - es verk\u00f6rpert die Kraft der Individualit\u00e4t, das Selbstvertrauen und den Mut zur Einzigartigkeit. Sie sticht als eigenst\u00e4ndiges Element hervor, l\u00e4sst sich aber auch perfekt mit anderen Teilen der Kollektion kombinieren <strong data-start=\"2356\" data-end=\"2366\">TATTJA<\/strong>.<\/p>\n<p data-start=\"2371\" data-end=\"2481\">Dieses Modell richtet sich an Frauen, die Farbe lieben, aber auch Wert auf ein ausgewogenes Design und raffinierte Details legen.<\/p>\n<p data-start=\"2371\" data-end=\"2481\">Entdecken Sie die Sch\u00f6nheit der Zartheit, die raffinierten Details und den femininen Stil, der Sie warm h\u00e4lt und <a href=\"https:\/\/www.tattja.com\/de\/product-category\/damske-oblecenie\/trojsety-3\/nakrcnik-a-rukavniky-a-ciapka\/\">in anderen Farben.<\/a><\/p>\n<p data-start=\"2483\" data-end=\"2636\"><strong data-start=\"2483\" data-end=\"2540\">Siehe, <a href=\"https:\/\/shop.bogensberger.co.at\/produkt-schlagwort\/merino-extrafein\/\">aus welchen Materialien<\/a> wir produzieren unsere St\u00fccke<\/strong> und entdecken Sie die Welt <strong data-start=\"2556\" data-end=\"2566\">TATTJA<\/strong>, wo Luxus, handwerkliche Pr\u00e4zision und nat\u00fcrliche Weiblichkeit aufeinandertreffen.<\/p>","protected":false},"excerpt":{"rendered":"<p><strong data-start=\"659\" data-end=\"713\">Damenbekleidung dreiteilig MIMIR phosphorus lime<\/strong> bringt eine gewagte Kombination aus Luxus und Frische. Der Halsausschnitt umspielt die Schultern, die \u00c4rmel betonen die femininen Linien und die M\u00fctze mit Schal setzt einen modernen Akzent. Der Phosphor-Limetten-Ton strahlt Energie und Optimismus aus und macht dieses Set zu einem ikonischen St\u00fcck der Kollektion <strong data-start=\"967\" data-end=\"977\">TATTJA<\/strong>.<\/p>","protected":false},"featured_media":7518,"comment_status":"open","ping_status":"closed","template":"","meta":[],"product_brand":[],"product_cat":[284,300,287,177,179],"product_tag":[],"class_list":{"0":"post-2049","1":"product","2":"type-product","3":"status-publish","4":"has-post-thumbnail","6":"product_cat-trojsety-3","7":"product_cat-damske-oblecenie","8":"product_cat-nakrcnik-a-rukavniky-a-ciapka","9":"product_cat-pleteninove-doplnky-fosforove-limetkove","10":"product_cat-trojsety-fosforove-limetkove","12":"first","13":"instock","14":"taxable","15":"shipping-taxable","16":"purchasable","17":"product-type-simple"},"yoast_head":"<!-- This site is optimized with the Yoast SEO plugin v26.0 - https:\/\/yoast.com\/wordpress\/plugins\/seo\/ -->\n<title>D\u00e1mske oble\u010denie 3-set MIMIR fosforov\u00fd limetkov\u00fd - TATTJA<\/title>\n<meta name=\"description\" content=\"D\u00e1mske oble\u010denie trojset MIMIR fosforov\u00fd limetkov\u00fd \u2013 luxusn\u00fd pleten\u00fd set TATTJA, ktor\u00fd sp\u00e1ja odv\u00e1\u017eny dizajn, energiu farby a pohodlie v jednom.\" \/>\n<meta name=\"robots\" content=\"index, follow, max-snippet:-1, max-image-preview:large, max-video-preview:-1\" \/>\n<link rel=\"canonical\" href=\"https:\/\/www.tattja.com\/de\/product\/trojset-mimir-fosforovy-limetkovy\/\" \/>\n<meta property=\"og:locale\" content=\"de_DE\" \/>\n<meta property=\"og:type\" content=\"article\" \/>\n<meta property=\"og:title\" content=\"D\u00e1mske oble\u010denie 3-set MIMIR fosforov\u00fd limetkov\u00fd - TATTJA\" \/>\n<meta property=\"og:description\" content=\"D\u00e1mske oble\u010denie trojset MIMIR fosforov\u00fd limetkov\u00fd \u2013 luxusn\u00fd pleten\u00fd set TATTJA, ktor\u00fd sp\u00e1ja odv\u00e1\u017eny dizajn, energiu farby a pohodlie v jednom.\" \/>\n<meta property=\"og:url\" content=\"https:\/\/www.tattja.com\/de\/product\/trojset-mimir-fosforovy-limetkovy\/\" \/>\n<meta property=\"og:site_name\" content=\"TATTJA\" \/>\n<meta property=\"article:modified_time\" content=\"2026-04-05T17:44:47+00:00\" \/>\n<meta property=\"og:image\" content=\"https:\/\/www.tattja.com\/wp-content\/uploads\/2026\/01\/fosforovy-limetkovy-trojset-nakrcnik-rukavniky-ciapka-spredu-31.webp\" \/>\n\t<meta property=\"og:image:width\" content=\"1365\" \/>\n\t<meta property=\"og:image:height\" content=\"2048\" \/>\n\t<meta property=\"og:image:type\" content=\"image\/webp\" \/>\n<meta name=\"twitter:card\" content=\"summary_large_image\" \/>\n<meta name=\"twitter:label1\" content=\"Gesch\u00e4tzte Lesezeit\" \/>\n\t<meta name=\"twitter:data1\" content=\"2\u00a0Minuten\" \/>\n<script type=\"application\/ld+json\" class=\"yoast-schema-graph\">{\"@context\":\"https:\/\/schema.org\",\"@graph\":[{\"@type\":\"WebPage\",\"@id\":\"https:\/\/www.tattja.com\/product\/trojset-mimir-fosforovy-limetkovy\/\",\"url\":\"https:\/\/www.tattja.com\/product\/trojset-mimir-fosforovy-limetkovy\/\",\"name\":\"D\u00e1mske oble\u010denie 3-set MIMIR fosforov\u00fd limetkov\u00fd - TATTJA\",\"isPartOf\":{\"@id\":\"https:\/\/www.tattja.com\/#website\"},\"primaryImageOfPage\":{\"@id\":\"https:\/\/www.tattja.com\/product\/trojset-mimir-fosforovy-limetkovy\/#primaryimage\"},\"image\":{\"@id\":\"https:\/\/www.tattja.com\/product\/trojset-mimir-fosforovy-limetkovy\/#primaryimage\"},\"thumbnailUrl\":\"https:\/\/www.tattja.com\/wp-content\/uploads\/2026\/01\/fosforovy-limetkovy-trojset-nakrcnik-rukavniky-ciapka-spredu-31.webp\",\"datePublished\":\"2025-08-21T07:28:33+00:00\",\"dateModified\":\"2026-04-05T17:44:47+00:00\",\"description\":\"D\u00e1mske oble\u010denie trojset MIMIR fosforov\u00fd limetkov\u00fd \u2013 luxusn\u00fd pleten\u00fd set TATTJA, ktor\u00fd sp\u00e1ja odv\u00e1\u017eny dizajn, energiu farby a pohodlie v jednom.\",\"breadcrumb\":{\"@id\":\"https:\/\/www.tattja.com\/product\/trojset-mimir-fosforovy-limetkovy\/#breadcrumb\"},\"inLanguage\":\"de\",\"potentialAction\":[{\"@type\":\"ReadAction\",\"target\":[\"https:\/\/www.tattja.com\/product\/trojset-mimir-fosforovy-limetkovy\/\"]}]},{\"@type\":\"ImageObject\",\"inLanguage\":\"de\",\"@id\":\"https:\/\/www.tattja.com\/product\/trojset-mimir-fosforovy-limetkovy\/#primaryimage\",\"url\":\"https:\/\/www.tattja.com\/wp-content\/uploads\/2026\/01\/fosforovy-limetkovy-trojset-nakrcnik-rukavniky-ciapka-spredu-31.webp\",\"contentUrl\":\"https:\/\/www.tattja.com\/wp-content\/uploads\/2026\/01\/fosforovy-limetkovy-trojset-nakrcnik-rukavniky-ciapka-spredu-31.webp\",\"width\":1365,\"height\":2048,\"caption\":\"D\u00e1msky pleten\u00fd trojset MIMIR \u2013 fosforovo-limetkov\u00fd | TATTJA\"},{\"@type\":\"BreadcrumbList\",\"@id\":\"https:\/\/www.tattja.com\/product\/trojset-mimir-fosforovy-limetkovy\/#breadcrumb\",\"itemListElement\":[{\"@type\":\"ListItem\",\"position\":1,\"name\":\"Domov\",\"item\":\"https:\/\/www.tattja.com\/\"},{\"@type\":\"ListItem\",\"position\":2,\"name\":\"Produkty\",\"item\":\"https:\/\/www.tattja.com\/damske-oblecenie-produkty\/\"},{\"@type\":\"ListItem\",\"position\":3,\"name\":\"D\u00e1mske oble\u010denie 3-set MIMIR fosforov\u00fd limetkov\u00fd\"}]},{\"@type\":\"WebSite\",\"@id\":\"https:\/\/www.tattja.com\/#website\",\"url\":\"https:\/\/www.tattja.com\/\",\"name\":\"TATTJA\",\"description\":\"D\u00e1mske oble\u010denie z extra jemnej merino vlny \u2014 ru\u010dne pleten\u00e9 na Slovensku\",\"potentialAction\":[{\"@type\":\"SearchAction\",\"target\":{\"@type\":\"EntryPoint\",\"urlTemplate\":\"https:\/\/www.tattja.com\/?s={search_term_string}\"},\"query-input\":{\"@type\":\"PropertyValueSpecification\",\"valueRequired\":true,\"valueName\":\"search_term_string\"}}],\"inLanguage\":\"de\"}]}<\/script>\n<!-- \/ Yoast SEO plugin. -->","yoast_head_json":{"title":"D\u00e1mske oble\u010denie 3-set MIMIR fosforov\u00fd limetkov\u00fd - TATTJA","description":"D\u00e1mske oble\u010denie trojset MIMIR fosforov\u00fd limetkov\u00fd \u2013 luxusn\u00fd pleten\u00fd set TATTJA, ktor\u00fd sp\u00e1ja odv\u00e1\u017eny dizajn, energiu farby a pohodlie v jednom.","robots":{"index":"index","follow":"follow","max-snippet":"max-snippet:-1","max-image-preview":"max-image-preview:large","max-video-preview":"max-video-preview:-1"},"canonical":"https:\/\/www.tattja.com\/de\/product\/trojset-mimir-fosforovy-limetkovy\/","og_locale":"de_DE","og_type":"article","og_title":"D\u00e1mske oble\u010denie 3-set MIMIR fosforov\u00fd limetkov\u00fd - TATTJA","og_description":"D\u00e1mske oble\u010denie trojset MIMIR fosforov\u00fd limetkov\u00fd \u2013 luxusn\u00fd pleten\u00fd set TATTJA, ktor\u00fd sp\u00e1ja odv\u00e1\u017eny dizajn, energiu farby a pohodlie v jednom.","og_url":"https:\/\/www.tattja.com\/de\/product\/trojset-mimir-fosforovy-limetkovy\/","og_site_name":"TATTJA","article_modified_time":"2026-04-05T17:44:47+00:00","og_image":[{"width":1365,"height":2048,"url":"https:\/\/www.tattja.com\/wp-content\/uploads\/2026\/01\/fosforovy-limetkovy-trojset-nakrcnik-rukavniky-ciapka-spredu-31.webp","type":"image\/webp"}],"twitter_card":"summary_large_image","twitter_misc":{"Gesch\u00e4tzte Lesezeit":"2\u00a0Minuten"},"schema":{"@context":"https:\/\/schema.org","@graph":[{"@type":"WebPage","@id":"https:\/\/www.tattja.com\/product\/trojset-mimir-fosforovy-limetkovy\/","url":"https:\/\/www.tattja.com\/product\/trojset-mimir-fosforovy-limetkovy\/","name":"D\u00e1mske oble\u010denie 3-set MIMIR fosforov\u00fd limetkov\u00fd - TATTJA","isPartOf":{"@id":"https:\/\/www.tattja.com\/#website"},"primaryImageOfPage":{"@id":"https:\/\/www.tattja.com\/product\/trojset-mimir-fosforovy-limetkovy\/#primaryimage"},"image":{"@id":"https:\/\/www.tattja.com\/product\/trojset-mimir-fosforovy-limetkovy\/#primaryimage"},"thumbnailUrl":"https:\/\/www.tattja.com\/wp-content\/uploads\/2026\/01\/fosforovy-limetkovy-trojset-nakrcnik-rukavniky-ciapka-spredu-31.webp","datePublished":"2025-08-21T07:28:33+00:00","dateModified":"2026-04-05T17:44:47+00:00","description":"D\u00e1mske oble\u010denie trojset MIMIR fosforov\u00fd limetkov\u00fd \u2013 luxusn\u00fd pleten\u00fd set TATTJA, ktor\u00fd sp\u00e1ja odv\u00e1\u017eny dizajn, energiu farby a pohodlie v jednom.","breadcrumb":{"@id":"https:\/\/www.tattja.com\/product\/trojset-mimir-fosforovy-limetkovy\/#breadcrumb"},"inLanguage":"de","potentialAction":[{"@type":"ReadAction","target":["https:\/\/www.tattja.com\/product\/trojset-mimir-fosforovy-limetkovy\/"]}]},{"@type":"ImageObject","inLanguage":"de","@id":"https:\/\/www.tattja.com\/product\/trojset-mimir-fosforovy-limetkovy\/#primaryimage","url":"https:\/\/www.tattja.com\/wp-content\/uploads\/2026\/01\/fosforovy-limetkovy-trojset-nakrcnik-rukavniky-ciapka-spredu-31.webp","contentUrl":"https:\/\/www.tattja.com\/wp-content\/uploads\/2026\/01\/fosforovy-limetkovy-trojset-nakrcnik-rukavniky-ciapka-spredu-31.webp","width":1365,"height":2048,"caption":"D\u00e1msky pleten\u00fd trojset MIMIR \u2013 fosforovo-limetkov\u00fd | TATTJA"},{"@type":"BreadcrumbList","@id":"https:\/\/www.tattja.com\/product\/trojset-mimir-fosforovy-limetkovy\/#breadcrumb","itemListElement":[{"@type":"ListItem","position":1,"name":"Domov","item":"https:\/\/www.tattja.com\/"},{"@type":"ListItem","position":2,"name":"Produkty","item":"https:\/\/www.tattja.com\/damske-oblecenie-produkty\/"},{"@type":"ListItem","position":3,"name":"D\u00e1mske oble\u010denie 3-set MIMIR fosforov\u00fd limetkov\u00fd"}]},{"@type":"WebSite","@id":"https:\/\/www.tattja.com\/#website","url":"https:\/\/www.tattja.com\/","name":"TATTJA","description":"D\u00e1mske oble\u010denie z extra jemnej merino vlny \u2014 ru\u010dne pleten\u00e9 na Slovensku","potentialAction":[{"@type":"SearchAction","target":{"@type":"EntryPoint","urlTemplate":"https:\/\/www.tattja.com\/?s={search_term_string}"},"query-input":{"@type":"PropertyValueSpecification","valueRequired":true,"valueName":"search_term_string"}}],"inLanguage":"de"}]}},"_links":{"self":[{"href":"https:\/\/www.tattja.com\/de\/wp-json\/wp\/v2\/product\/2049","targetHints":{"allow":["GET"]}}],"collection":[{"href":"https:\/\/www.tattja.com\/de\/wp-json\/wp\/v2\/product"}],"about":[{"href":"https:\/\/www.tattja.com\/de\/wp-json\/wp\/v2\/types\/product"}],"replies":[{"embeddable":true,"href":"https:\/\/www.tattja.com\/de\/wp-json\/wp\/v2\/comments?post=2049"}],"version-history":[{"count":6,"href":"https:\/\/www.tattja.com\/de\/wp-json\/wp\/v2\/product\/2049\/revisions"}],"predecessor-version":[{"id":7197,"href":"https:\/\/www.tattja.com\/de\/wp-json\/wp\/v2\/product\/2049\/revisions\/7197"}],"wp:featuredmedia":[{"embeddable":true,"href":"https:\/\/www.tattja.com\/de\/wp-json\/wp\/v2\/media\/7518"}],"wp:attachment":[{"href":"https:\/\/www.tattja.com\/de\/wp-json\/wp\/v2\/media?parent=2049"}],"wp:term":[{"taxonomy":"product_brand","embeddable":true,"href":"https:\/\/www.tattja.com\/de\/wp-json\/wp\/v2\/product_brand?post=2049"},{"taxonomy":"product_cat","embeddable":true,"href":"https:\/\/www.tattja.com\/de\/wp-json\/wp\/v2\/product_cat?post=2049"},{"taxonomy":"product_tag","embeddable":true,"href":"https:\/\/www.tattja.com\/de\/wp-json\/wp\/v2\/product_tag?post=2049"}],"curies":[{"name":"wp","href":"https:\/\/api.w.org\/{rel}","templated":true}]}}