{"id":2053,"date":"2025-08-21T09:31:17","date_gmt":"2025-08-21T07:31:17","guid":{"rendered":"https:\/\/www.tattja.com\/?post_type=product&#038;p=2053"},"modified":"2026-04-05T19:44:47","modified_gmt":"2026-04-05T17:44:47","slug":"damske-oblecenie-ciapka-anja-tmavomodra","status":"publish","type":"product","link":"https:\/\/www.tattja.com\/de\/product\/damske-oblecenie-ciapka-anja-tmavomodra\/","title":{"rendered":"Damenbekleidung M\u00fctze ANJA dunkelblau"},"content":{"rendered":"<p data-start=\"857\" data-end=\"1135\"><strong data-start=\"857\" data-end=\"900\">Damenbekleidung M\u00fctze ANJA dunkelblau<\/strong> ist der Inbegriff von Eleganz und modernem Luxus. Dieses ikonische St\u00fcck aus der Kollektion <strong data-start=\"978\" data-end=\"988\">TATTJA<\/strong> vereint Weiblichkeit, Zweckm\u00e4\u00dfigkeit und handwerkliche Pr\u00e4zision. Es ist ein Accessoire, das die Pers\u00f6nlichkeit jeder Frau unterstreicht und dem Outfit einen Hauch von Raffinesse verleiht.<\/p>\n<p data-start=\"1137\" data-end=\"1424\">Der tiefdunkle Blauton wirkt w\u00fcrdevoll, ausgewogen und zeitlos. Er symbolisiert Ruhe, St\u00e4rke und Raffinesse und ist damit ein ideales Accessoire f\u00fcr Frauen mit raffiniertem Geschmack. In Kombination mit minimalistischen Outfits bildet die M\u00fctze einen harmonischen Kontrast und verleiht dem Look einen eleganten Touch.<\/p>\n<p data-start=\"1426\" data-end=\"1724\">Der feine Rippenstrick f\u00fchlt sich angenehm an, passt sich der Kopfform an und sorgt f\u00fcr maximalen Komfort an k\u00e4lteren Tagen. Er ist atmungsaktiv, warm und beh\u00e4lt auch nach mehrmaligem Tragen seine Form. Jede Masche spiegelt die Liebe zum Detail und die Qualit\u00e4t wider, die die Marke auszeichnet. <strong data-start=\"1694\" data-end=\"1704\">TATTJA<\/strong> Merkmal.<\/p>\n<p data-start=\"1726\" data-end=\"1998\">Der stylische Schirm verleiht der M\u00fctze einen modernen, urbanen Look und erh\u00f6ht ihre Funktionalit\u00e4t - er sch\u00fctzt die Augen vor Sonneneinstrahlung und Wind und betont gleichzeitig die weiblichen Z\u00fcge. Dieses einzigartige Accessoire verbindet Zeitlosigkeit mit dezenter Extravaganz und schafft die perfekte Balance zwischen Eleganz und Komfort.<\/p>\n<p data-start=\"2000\" data-end=\"2214\"><strong data-start=\"2000\" data-end=\"2026\">Damenbekleidung M\u00fctze ANJA dunkelblau<\/strong> l\u00e4sst sich perfekt mit anderen Accessoires der Kollektion kombinieren <strong data-start=\"2081\" data-end=\"2091\">TATTJA<\/strong> - mit einem Hemdkragen, Armb\u00e4ndern oder einem Halsw\u00e4rmer. Zusammen ergeben sie ein ausgewogenes Ganzes, das Ihren Stil das ganze Jahr \u00fcber unterstreicht.<\/p>\n<p data-start=\"2216\" data-end=\"2321\">Entdecken Sie die Sch\u00f6nheit der Zartheit, die raffinierten Details und den femininen Stil, der Sie warm h\u00e4lt und <a href=\"https:\/\/www.tattja.com\/de\/product-category\/damske-oblecenie\/doplnky-jednotlivo\/ciapky\/\">in anderen Farben<\/a>.<\/p>\n<p data-start=\"2323\" data-end=\"2436\"><strong data-start=\"2323\" data-end=\"2377\">Siehe, <a href=\"https:\/\/shop.bogensberger.co.at\/produkt-schlagwort\/merino-extrafein\/\">aus welchen Materialien<\/a> wir produzieren unsere St\u00fccke<\/strong> und g\u00f6nnen Sie sich einen Hauch von Luxus, den Sie in jeder Faser sp\u00fcren k\u00f6nnen.<\/p>","protected":false},"excerpt":{"rendered":"<p><strong data-start=\"658\" data-end=\"701\">Damenbekleidung M\u00fctze ANJA dunkelblau<\/strong> - Feiner Rippenstrick, elegante Silhouette und ein tiefer Farbton der Raffinesse f\u00fcr Frauen, die Stil und Selbstbewusstsein ausstrahlen.<\/p>","protected":false},"featured_media":7673,"comment_status":"open","ping_status":"closed","template":"","meta":[],"product_brand":[],"product_cat":[208,282,300,298,201],"product_tag":[],"class_list":{"0":"post-2053","1":"product","2":"type-product","3":"status-publish","4":"has-post-thumbnail","6":"product_cat-ciapka-tmavomodra","7":"product_cat-ciapky","8":"product_cat-damske-oblecenie","9":"product_cat-doplnky-jednotlivo","10":"product_cat-pleteninove-doplnky-tmavomodre","12":"first","13":"instock","14":"taxable","15":"shipping-taxable","16":"purchasable","17":"product-type-simple"},"yoast_head":"<!-- This site is optimized with the Yoast SEO plugin v26.0 - https:\/\/yoast.com\/wordpress\/plugins\/seo\/ -->\n<title>D\u00e1mske oble\u010denie \u010diapka ANJA tmavomodr\u00e1 - TATTJA<\/title>\n<meta name=\"description\" content=\"D\u00e1mske oble\u010denie \u010diapka ANJA tmavomodr\u00e1 \u2013 luxusn\u00e1 pleten\u00e1 \u010diapka so \u0161iltom, ktor\u00e1 sp\u00e1ja eleganciu, komfort a noblesu v modernom mestskom \u0161t\u00fdle.\" \/>\n<meta name=\"robots\" content=\"index, follow, max-snippet:-1, max-image-preview:large, max-video-preview:-1\" \/>\n<link rel=\"canonical\" href=\"https:\/\/www.tattja.com\/de\/product\/damske-oblecenie-ciapka-anja-tmavomodra\/\" \/>\n<meta property=\"og:locale\" content=\"de_DE\" \/>\n<meta property=\"og:type\" content=\"article\" \/>\n<meta property=\"og:title\" content=\"D\u00e1mske oble\u010denie \u010diapka ANJA tmavomodr\u00e1 - TATTJA\" \/>\n<meta property=\"og:description\" content=\"D\u00e1mske oble\u010denie \u010diapka ANJA tmavomodr\u00e1 \u2013 luxusn\u00e1 pleten\u00e1 \u010diapka so \u0161iltom, ktor\u00e1 sp\u00e1ja eleganciu, komfort a noblesu v modernom mestskom \u0161t\u00fdle.\" \/>\n<meta property=\"og:url\" content=\"https:\/\/www.tattja.com\/de\/product\/damske-oblecenie-ciapka-anja-tmavomodra\/\" \/>\n<meta property=\"og:site_name\" content=\"TATTJA\" \/>\n<meta property=\"article:modified_time\" content=\"2026-04-05T17:44:47+00:00\" \/>\n<meta property=\"og:image\" content=\"https:\/\/www.tattja.com\/wp-content\/uploads\/2026\/01\/tmavomodry-ciapka-spredu-43.webp\" \/>\n\t<meta property=\"og:image:width\" content=\"1365\" \/>\n\t<meta property=\"og:image:height\" content=\"2048\" \/>\n\t<meta property=\"og:image:type\" content=\"image\/webp\" \/>\n<meta name=\"twitter:card\" content=\"summary_large_image\" \/>\n<meta name=\"twitter:label1\" content=\"Gesch\u00e4tzte Lesezeit\" \/>\n\t<meta name=\"twitter:data1\" content=\"2\u00a0Minuten\" \/>\n<script type=\"application\/ld+json\" class=\"yoast-schema-graph\">{\"@context\":\"https:\/\/schema.org\",\"@graph\":[{\"@type\":\"WebPage\",\"@id\":\"https:\/\/www.tattja.com\/product\/damske-oblecenie-ciapka-anja-tmavomodra\/\",\"url\":\"https:\/\/www.tattja.com\/product\/damske-oblecenie-ciapka-anja-tmavomodra\/\",\"name\":\"D\u00e1mske oble\u010denie \u010diapka ANJA tmavomodr\u00e1 - TATTJA\",\"isPartOf\":{\"@id\":\"https:\/\/www.tattja.com\/#website\"},\"primaryImageOfPage\":{\"@id\":\"https:\/\/www.tattja.com\/product\/damske-oblecenie-ciapka-anja-tmavomodra\/#primaryimage\"},\"image\":{\"@id\":\"https:\/\/www.tattja.com\/product\/damske-oblecenie-ciapka-anja-tmavomodra\/#primaryimage\"},\"thumbnailUrl\":\"https:\/\/www.tattja.com\/wp-content\/uploads\/2026\/01\/tmavomodry-ciapka-spredu-43.webp\",\"datePublished\":\"2025-08-21T07:31:17+00:00\",\"dateModified\":\"2026-04-05T17:44:47+00:00\",\"description\":\"D\u00e1mske oble\u010denie \u010diapka ANJA tmavomodr\u00e1 \u2013 luxusn\u00e1 pleten\u00e1 \u010diapka so \u0161iltom, ktor\u00e1 sp\u00e1ja eleganciu, komfort a noblesu v modernom mestskom \u0161t\u00fdle.\",\"breadcrumb\":{\"@id\":\"https:\/\/www.tattja.com\/product\/damske-oblecenie-ciapka-anja-tmavomodra\/#breadcrumb\"},\"inLanguage\":\"de\",\"potentialAction\":[{\"@type\":\"ReadAction\",\"target\":[\"https:\/\/www.tattja.com\/product\/damske-oblecenie-ciapka-anja-tmavomodra\/\"]}]},{\"@type\":\"ImageObject\",\"inLanguage\":\"de\",\"@id\":\"https:\/\/www.tattja.com\/product\/damske-oblecenie-ciapka-anja-tmavomodra\/#primaryimage\",\"url\":\"https:\/\/www.tattja.com\/wp-content\/uploads\/2026\/01\/tmavomodry-ciapka-spredu-43.webp\",\"contentUrl\":\"https:\/\/www.tattja.com\/wp-content\/uploads\/2026\/01\/tmavomodry-ciapka-spredu-43.webp\",\"width\":1365,\"height\":2048,\"caption\":\"Tmavomodr\u00e1 pleten\u00e1 \u010diapka ANJA TATTJA \u2013 poh\u013ead spredu\"},{\"@type\":\"BreadcrumbList\",\"@id\":\"https:\/\/www.tattja.com\/product\/damske-oblecenie-ciapka-anja-tmavomodra\/#breadcrumb\",\"itemListElement\":[{\"@type\":\"ListItem\",\"position\":1,\"name\":\"Domov\",\"item\":\"https:\/\/www.tattja.com\/\"},{\"@type\":\"ListItem\",\"position\":2,\"name\":\"Produkty\",\"item\":\"https:\/\/www.tattja.com\/damske-oblecenie-produkty\/\"},{\"@type\":\"ListItem\",\"position\":3,\"name\":\"D\u00e1mske oble\u010denie \u010diapka ANJA tmavomodr\u00e1\"}]},{\"@type\":\"WebSite\",\"@id\":\"https:\/\/www.tattja.com\/#website\",\"url\":\"https:\/\/www.tattja.com\/\",\"name\":\"TATTJA\",\"description\":\"D\u00e1mske oble\u010denie z extra jemnej merino vlny \u2014 ru\u010dne pleten\u00e9 na Slovensku\",\"potentialAction\":[{\"@type\":\"SearchAction\",\"target\":{\"@type\":\"EntryPoint\",\"urlTemplate\":\"https:\/\/www.tattja.com\/?s={search_term_string}\"},\"query-input\":{\"@type\":\"PropertyValueSpecification\",\"valueRequired\":true,\"valueName\":\"search_term_string\"}}],\"inLanguage\":\"de\"}]}<\/script>\n<!-- \/ Yoast SEO plugin. -->","yoast_head_json":{"title":"D\u00e1mske oble\u010denie \u010diapka ANJA tmavomodr\u00e1 - TATTJA","description":"D\u00e1mske oble\u010denie \u010diapka ANJA tmavomodr\u00e1 \u2013 luxusn\u00e1 pleten\u00e1 \u010diapka so \u0161iltom, ktor\u00e1 sp\u00e1ja eleganciu, komfort a noblesu v modernom mestskom \u0161t\u00fdle.","robots":{"index":"index","follow":"follow","max-snippet":"max-snippet:-1","max-image-preview":"max-image-preview:large","max-video-preview":"max-video-preview:-1"},"canonical":"https:\/\/www.tattja.com\/de\/product\/damske-oblecenie-ciapka-anja-tmavomodra\/","og_locale":"de_DE","og_type":"article","og_title":"D\u00e1mske oble\u010denie \u010diapka ANJA tmavomodr\u00e1 - TATTJA","og_description":"D\u00e1mske oble\u010denie \u010diapka ANJA tmavomodr\u00e1 \u2013 luxusn\u00e1 pleten\u00e1 \u010diapka so \u0161iltom, ktor\u00e1 sp\u00e1ja eleganciu, komfort a noblesu v modernom mestskom \u0161t\u00fdle.","og_url":"https:\/\/www.tattja.com\/de\/product\/damske-oblecenie-ciapka-anja-tmavomodra\/","og_site_name":"TATTJA","article_modified_time":"2026-04-05T17:44:47+00:00","og_image":[{"width":1365,"height":2048,"url":"https:\/\/www.tattja.com\/wp-content\/uploads\/2026\/01\/tmavomodry-ciapka-spredu-43.webp","type":"image\/webp"}],"twitter_card":"summary_large_image","twitter_misc":{"Gesch\u00e4tzte Lesezeit":"2\u00a0Minuten"},"schema":{"@context":"https:\/\/schema.org","@graph":[{"@type":"WebPage","@id":"https:\/\/www.tattja.com\/product\/damske-oblecenie-ciapka-anja-tmavomodra\/","url":"https:\/\/www.tattja.com\/product\/damske-oblecenie-ciapka-anja-tmavomodra\/","name":"D\u00e1mske oble\u010denie \u010diapka ANJA tmavomodr\u00e1 - TATTJA","isPartOf":{"@id":"https:\/\/www.tattja.com\/#website"},"primaryImageOfPage":{"@id":"https:\/\/www.tattja.com\/product\/damske-oblecenie-ciapka-anja-tmavomodra\/#primaryimage"},"image":{"@id":"https:\/\/www.tattja.com\/product\/damske-oblecenie-ciapka-anja-tmavomodra\/#primaryimage"},"thumbnailUrl":"https:\/\/www.tattja.com\/wp-content\/uploads\/2026\/01\/tmavomodry-ciapka-spredu-43.webp","datePublished":"2025-08-21T07:31:17+00:00","dateModified":"2026-04-05T17:44:47+00:00","description":"D\u00e1mske oble\u010denie \u010diapka ANJA tmavomodr\u00e1 \u2013 luxusn\u00e1 pleten\u00e1 \u010diapka so \u0161iltom, ktor\u00e1 sp\u00e1ja eleganciu, komfort a noblesu v modernom mestskom \u0161t\u00fdle.","breadcrumb":{"@id":"https:\/\/www.tattja.com\/product\/damske-oblecenie-ciapka-anja-tmavomodra\/#breadcrumb"},"inLanguage":"de","potentialAction":[{"@type":"ReadAction","target":["https:\/\/www.tattja.com\/product\/damske-oblecenie-ciapka-anja-tmavomodra\/"]}]},{"@type":"ImageObject","inLanguage":"de","@id":"https:\/\/www.tattja.com\/product\/damske-oblecenie-ciapka-anja-tmavomodra\/#primaryimage","url":"https:\/\/www.tattja.com\/wp-content\/uploads\/2026\/01\/tmavomodry-ciapka-spredu-43.webp","contentUrl":"https:\/\/www.tattja.com\/wp-content\/uploads\/2026\/01\/tmavomodry-ciapka-spredu-43.webp","width":1365,"height":2048,"caption":"Tmavomodr\u00e1 pleten\u00e1 \u010diapka ANJA TATTJA \u2013 poh\u013ead spredu"},{"@type":"BreadcrumbList","@id":"https:\/\/www.tattja.com\/product\/damske-oblecenie-ciapka-anja-tmavomodra\/#breadcrumb","itemListElement":[{"@type":"ListItem","position":1,"name":"Domov","item":"https:\/\/www.tattja.com\/"},{"@type":"ListItem","position":2,"name":"Produkty","item":"https:\/\/www.tattja.com\/damske-oblecenie-produkty\/"},{"@type":"ListItem","position":3,"name":"D\u00e1mske oble\u010denie \u010diapka ANJA tmavomodr\u00e1"}]},{"@type":"WebSite","@id":"https:\/\/www.tattja.com\/#website","url":"https:\/\/www.tattja.com\/","name":"TATTJA","description":"D\u00e1mske oble\u010denie z extra jemnej merino vlny \u2014 ru\u010dne pleten\u00e9 na Slovensku","potentialAction":[{"@type":"SearchAction","target":{"@type":"EntryPoint","urlTemplate":"https:\/\/www.tattja.com\/?s={search_term_string}"},"query-input":{"@type":"PropertyValueSpecification","valueRequired":true,"valueName":"search_term_string"}}],"inLanguage":"de"}]}},"_links":{"self":[{"href":"https:\/\/www.tattja.com\/de\/wp-json\/wp\/v2\/product\/2053","targetHints":{"allow":["GET"]}}],"collection":[{"href":"https:\/\/www.tattja.com\/de\/wp-json\/wp\/v2\/product"}],"about":[{"href":"https:\/\/www.tattja.com\/de\/wp-json\/wp\/v2\/types\/product"}],"replies":[{"embeddable":true,"href":"https:\/\/www.tattja.com\/de\/wp-json\/wp\/v2\/comments?post=2053"}],"version-history":[{"count":5,"href":"https:\/\/www.tattja.com\/de\/wp-json\/wp\/v2\/product\/2053\/revisions"}],"predecessor-version":[{"id":5916,"href":"https:\/\/www.tattja.com\/de\/wp-json\/wp\/v2\/product\/2053\/revisions\/5916"}],"wp:featuredmedia":[{"embeddable":true,"href":"https:\/\/www.tattja.com\/de\/wp-json\/wp\/v2\/media\/7673"}],"wp:attachment":[{"href":"https:\/\/www.tattja.com\/de\/wp-json\/wp\/v2\/media?parent=2053"}],"wp:term":[{"taxonomy":"product_brand","embeddable":true,"href":"https:\/\/www.tattja.com\/de\/wp-json\/wp\/v2\/product_brand?post=2053"},{"taxonomy":"product_cat","embeddable":true,"href":"https:\/\/www.tattja.com\/de\/wp-json\/wp\/v2\/product_cat?post=2053"},{"taxonomy":"product_tag","embeddable":true,"href":"https:\/\/www.tattja.com\/de\/wp-json\/wp\/v2\/product_tag?post=2053"}],"curies":[{"name":"wp","href":"https:\/\/api.w.org\/{rel}","templated":true}]}}