{"id":2085,"date":"2025-08-21T10:12:27","date_gmt":"2025-08-21T08:12:27","guid":{"rendered":"https:\/\/www.tattja.com\/?post_type=product&#038;p=2085"},"modified":"2026-04-05T19:44:43","modified_gmt":"2026-04-05T17:44:43","slug":"damske-oblecenie-ciapka-anja-bledofialova-orgovanova","status":"publish","type":"product","link":"https:\/\/www.tattja.com\/de\/product\/damske-oblecenie-ciapka-anja-bledofialova-orgovanova\/","title":{"rendered":"Damenbekleidung M\u00fctze ANJA blass violett flieder"},"content":{"rendered":"<p data-start=\"923\" data-end=\"1227\"><strong data-start=\"923\" data-end=\"979\">Damenbekleidung M\u00fctze ANJA blass violett flieder<\/strong> ist ein Synonym f\u00fcr Raffinesse, Weiblichkeit und modernen Luxus. Dieses elegante Accessoire aus der Kollektion <strong data-start=\"1068\" data-end=\"1078\">TATTJA<\/strong> Dar\u00fcber hinaus verbindet es w\u00e4rmenden Komfort mit zeitlosem Design und dem Charme von Fliederbl\u00fcten. Jedes Detail ist raffiniert und spiegelt die Einzigartigkeit und den Stil der Tr\u00e4gerin wider.<\/p>\n<p data-start=\"1229\" data-end=\"1525\">Die blassviolette Fliederfarbe strahlt Gelassenheit, feminine Sinnlichkeit und dezente Raffinesse aus. Der subtile Farbton wirkt frisch und elegant und passt zu einer Vielzahl von Outfitfarben - von hellen T\u00f6nen bis hin zu kontrastierenden dunklen Outfits. Dieser Farbton wird ein Favorit f\u00fcr Frauen sein, die sich Einzigartigkeit mit einem subtilen romantischen Touch w\u00fcnschen.<\/p>\n<p data-start=\"1527\" data-end=\"1762\">Das weiche Gestrick umh\u00fcllt den Kopf mit einem Gef\u00fchl von Weichheit und W\u00e4rme. Dank ihrer Elastizit\u00e4t und der pr\u00e4zisen Verarbeitung garantiert die M\u00fctze Komfort im Alltag. Die Strickstruktur ist atmungsaktiv und sch\u00fctzt gleichzeitig vor K\u00e4lte und verbindet Funktionalit\u00e4t und \u00c4sthetik.<\/p>\n<p data-start=\"1764\" data-end=\"2053\">Die raffinierte Silhouette verleiht der M\u00fctze eine praktische Dimension und unterstreicht ihren modernen Charakter. Sie sch\u00fctzt die Augen vor Wind und Sonne, schafft aber gleichzeitig eine harmonische Silhouette, die die weiblichen Gesichtsz\u00fcge betont. Jede Naht verr\u00e4t die Liebe zum Detail, die f\u00fcr die Marke typisch ist. <strong data-start=\"2023\" data-end=\"2033\">TATTJA<\/strong> Merkmal.<\/p>\n<p data-start=\"2055\" data-end=\"2261\"><strong data-start=\"2055\" data-end=\"2094\">Damenbekleidung Nein<\/strong><strong data-start=\"2055\" data-end=\"2094\">iapka ANJA blassviolett flieder<\/strong> l\u00e4sst sich perfekt mit einem Halsw\u00e4rmer, einem Shrug oder Armb\u00e4ndern aus der gleichen Kollektion kombinieren. Zusammen bilden sie ein elegantes, geschmackvolles und raffiniertes Set, das Ihre Garderobe aufpeppen wird.<\/p>\n<p data-start=\"2263\" data-end=\"2368\">Entdecken Sie die Sch\u00f6nheit der Zartheit, die raffinierten Details und den femininen Stil, der Sie warm h\u00e4lt und <a href=\"https:\/\/www.tattja.com\/de\/product-category\/damske-oblecenie\/doplnky-jednotlivo\/ciapky\/\">in anderen Farben<\/a>.<\/p>\n<p data-start=\"2370\" data-end=\"2492\"><strong data-start=\"2370\" data-end=\"2424\">Siehe, <a href=\"https:\/\/shop.bogensberger.co.at\/produkt-schlagwort\/merino-extrafein\/\">aus welchen Materialien<\/a> wir produzieren unsere St\u00fccke<\/strong> und verw\u00f6hnen Sie sich mit einer Kombination aus Qualit\u00e4t, Komfort und nat\u00fcrlicher Eleganz.<\/p>","protected":false},"excerpt":{"rendered":"<p><strong data-start=\"718\" data-end=\"774\">Damenbekleidung M\u00fctze ANJA blass violett flieder<\/strong> - Der weiche Strickstoff und der zarte Lila-Ton vereinen Eleganz, Komfort und feminine Zartheit in einem Accessoire.<\/p>","protected":false},"featured_media":7386,"comment_status":"open","ping_status":"closed","template":"","meta":[],"product_brand":[],"product_cat":[152,282,300,258,298,145],"product_tag":[],"class_list":{"0":"post-2085","1":"product","2":"type-product","3":"status-publish","4":"has-post-thumbnail","6":"product_cat-ciapka-bledofialova-orgovanova","7":"product_cat-ciapky","8":"product_cat-damske-oblecenie","9":"product_cat-jednotlive-doplnky-bledofialove-orgovanove","10":"product_cat-doplnky-jednotlivo","11":"product_cat-pleteninove-doplnky-bledofialove-orgovanove","13":"first","14":"instock","15":"taxable","16":"shipping-taxable","17":"purchasable","18":"product-type-simple"},"yoast_head":"<!-- This site is optimized with the Yoast SEO plugin v26.0 - https:\/\/yoast.com\/wordpress\/plugins\/seo\/ -->\n<title>D\u00e1mske oble\u010denie \u010diapka ANJA bledofialov\u00e1 orgov\u00e1nov\u00e1 - TATTJA<\/title>\n<meta name=\"description\" content=\"D\u00e1mske oble\u010denie \u010diapka ANJA bledofialov\u00e1 orgov\u00e1nov\u00e1 \u2013 jemn\u00e1 pletenina, modern\u00fd \u0161ilt a \u017eensk\u00fd \u0161arm v odtieni orgov\u00e1nu pre elegantn\u00fd, svie\u017ei \u0161t\u00fdl.\" \/>\n<meta name=\"robots\" content=\"index, follow, max-snippet:-1, max-image-preview:large, max-video-preview:-1\" \/>\n<link rel=\"canonical\" href=\"https:\/\/www.tattja.com\/de\/product\/damske-oblecenie-ciapka-anja-bledofialova-orgovanova\/\" \/>\n<meta property=\"og:locale\" content=\"de_DE\" \/>\n<meta property=\"og:type\" content=\"article\" \/>\n<meta property=\"og:title\" content=\"D\u00e1mske oble\u010denie \u010diapka ANJA bledofialov\u00e1 orgov\u00e1nov\u00e1 - TATTJA\" \/>\n<meta property=\"og:description\" content=\"D\u00e1mske oble\u010denie \u010diapka ANJA bledofialov\u00e1 orgov\u00e1nov\u00e1 \u2013 jemn\u00e1 pletenina, modern\u00fd \u0161ilt a \u017eensk\u00fd \u0161arm v odtieni orgov\u00e1nu pre elegantn\u00fd, svie\u017ei \u0161t\u00fdl.\" \/>\n<meta property=\"og:url\" content=\"https:\/\/www.tattja.com\/de\/product\/damske-oblecenie-ciapka-anja-bledofialova-orgovanova\/\" \/>\n<meta property=\"og:site_name\" content=\"TATTJA\" \/>\n<meta property=\"article:modified_time\" content=\"2026-04-05T17:44:43+00:00\" \/>\n<meta property=\"og:image\" content=\"https:\/\/www.tattja.com\/wp-content\/uploads\/2025\/12\/bledofialovy-orgovanovy-ciapka-spredu-28.webp\" \/>\n\t<meta property=\"og:image:width\" content=\"1365\" \/>\n\t<meta property=\"og:image:height\" content=\"2048\" \/>\n\t<meta property=\"og:image:type\" content=\"image\/webp\" \/>\n<meta name=\"twitter:card\" content=\"summary_large_image\" \/>\n<meta name=\"twitter:label1\" content=\"Gesch\u00e4tzte Lesezeit\" \/>\n\t<meta name=\"twitter:data1\" content=\"2\u00a0Minuten\" \/>\n<script type=\"application\/ld+json\" class=\"yoast-schema-graph\">{\"@context\":\"https:\/\/schema.org\",\"@graph\":[{\"@type\":\"WebPage\",\"@id\":\"https:\/\/www.tattja.com\/product\/damske-oblecenie-ciapka-anja-bledofialova-orgovanova\/\",\"url\":\"https:\/\/www.tattja.com\/product\/damske-oblecenie-ciapka-anja-bledofialova-orgovanova\/\",\"name\":\"D\u00e1mske oble\u010denie \u010diapka ANJA bledofialov\u00e1 orgov\u00e1nov\u00e1 - TATTJA\",\"isPartOf\":{\"@id\":\"https:\/\/www.tattja.com\/#website\"},\"primaryImageOfPage\":{\"@id\":\"https:\/\/www.tattja.com\/product\/damske-oblecenie-ciapka-anja-bledofialova-orgovanova\/#primaryimage\"},\"image\":{\"@id\":\"https:\/\/www.tattja.com\/product\/damske-oblecenie-ciapka-anja-bledofialova-orgovanova\/#primaryimage\"},\"thumbnailUrl\":\"https:\/\/www.tattja.com\/wp-content\/uploads\/2025\/12\/bledofialovy-orgovanovy-ciapka-spredu-28.webp\",\"datePublished\":\"2025-08-21T08:12:27+00:00\",\"dateModified\":\"2026-04-05T17:44:43+00:00\",\"description\":\"D\u00e1mske oble\u010denie \u010diapka ANJA bledofialov\u00e1 orgov\u00e1nov\u00e1 \u2013 jemn\u00e1 pletenina, modern\u00fd \u0161ilt a \u017eensk\u00fd \u0161arm v odtieni orgov\u00e1nu pre elegantn\u00fd, svie\u017ei \u0161t\u00fdl.\",\"breadcrumb\":{\"@id\":\"https:\/\/www.tattja.com\/product\/damske-oblecenie-ciapka-anja-bledofialova-orgovanova\/#breadcrumb\"},\"inLanguage\":\"de\",\"potentialAction\":[{\"@type\":\"ReadAction\",\"target\":[\"https:\/\/www.tattja.com\/product\/damske-oblecenie-ciapka-anja-bledofialova-orgovanova\/\"]}]},{\"@type\":\"ImageObject\",\"inLanguage\":\"de\",\"@id\":\"https:\/\/www.tattja.com\/product\/damske-oblecenie-ciapka-anja-bledofialova-orgovanova\/#primaryimage\",\"url\":\"https:\/\/www.tattja.com\/wp-content\/uploads\/2025\/12\/bledofialovy-orgovanovy-ciapka-spredu-28.webp\",\"contentUrl\":\"https:\/\/www.tattja.com\/wp-content\/uploads\/2025\/12\/bledofialovy-orgovanovy-ciapka-spredu-28.webp\",\"width\":1365,\"height\":2048,\"caption\":\"Bledofialovo-orgov\u00e1nov\u00e1 pleten\u00e1 \u010diapka ANJA \u2013 predn\u00fd poh\u013ead\"},{\"@type\":\"BreadcrumbList\",\"@id\":\"https:\/\/www.tattja.com\/product\/damske-oblecenie-ciapka-anja-bledofialova-orgovanova\/#breadcrumb\",\"itemListElement\":[{\"@type\":\"ListItem\",\"position\":1,\"name\":\"Domov\",\"item\":\"https:\/\/www.tattja.com\/\"},{\"@type\":\"ListItem\",\"position\":2,\"name\":\"Produkty\",\"item\":\"https:\/\/www.tattja.com\/damske-oblecenie-produkty\/\"},{\"@type\":\"ListItem\",\"position\":3,\"name\":\"D\u00e1mske oble\u010denie \u010diapka ANJA bledofialov\u00e1 orgov\u00e1nov\u00e1\"}]},{\"@type\":\"WebSite\",\"@id\":\"https:\/\/www.tattja.com\/#website\",\"url\":\"https:\/\/www.tattja.com\/\",\"name\":\"TATTJA\",\"description\":\"D\u00e1mske oble\u010denie z extra jemnej merino vlny \u2014 ru\u010dne pleten\u00e9 na Slovensku\",\"potentialAction\":[{\"@type\":\"SearchAction\",\"target\":{\"@type\":\"EntryPoint\",\"urlTemplate\":\"https:\/\/www.tattja.com\/?s={search_term_string}\"},\"query-input\":{\"@type\":\"PropertyValueSpecification\",\"valueRequired\":true,\"valueName\":\"search_term_string\"}}],\"inLanguage\":\"de\"}]}<\/script>\n<!-- \/ Yoast SEO plugin. -->","yoast_head_json":{"title":"D\u00e1mske oble\u010denie \u010diapka ANJA bledofialov\u00e1 orgov\u00e1nov\u00e1 - TATTJA","description":"D\u00e1mske oble\u010denie \u010diapka ANJA bledofialov\u00e1 orgov\u00e1nov\u00e1 \u2013 jemn\u00e1 pletenina, modern\u00fd \u0161ilt a \u017eensk\u00fd \u0161arm v odtieni orgov\u00e1nu pre elegantn\u00fd, svie\u017ei \u0161t\u00fdl.","robots":{"index":"index","follow":"follow","max-snippet":"max-snippet:-1","max-image-preview":"max-image-preview:large","max-video-preview":"max-video-preview:-1"},"canonical":"https:\/\/www.tattja.com\/de\/product\/damske-oblecenie-ciapka-anja-bledofialova-orgovanova\/","og_locale":"de_DE","og_type":"article","og_title":"D\u00e1mske oble\u010denie \u010diapka ANJA bledofialov\u00e1 orgov\u00e1nov\u00e1 - TATTJA","og_description":"D\u00e1mske oble\u010denie \u010diapka ANJA bledofialov\u00e1 orgov\u00e1nov\u00e1 \u2013 jemn\u00e1 pletenina, modern\u00fd \u0161ilt a \u017eensk\u00fd \u0161arm v odtieni orgov\u00e1nu pre elegantn\u00fd, svie\u017ei \u0161t\u00fdl.","og_url":"https:\/\/www.tattja.com\/de\/product\/damske-oblecenie-ciapka-anja-bledofialova-orgovanova\/","og_site_name":"TATTJA","article_modified_time":"2026-04-05T17:44:43+00:00","og_image":[{"width":1365,"height":2048,"url":"https:\/\/www.tattja.com\/wp-content\/uploads\/2025\/12\/bledofialovy-orgovanovy-ciapka-spredu-28.webp","type":"image\/webp"}],"twitter_card":"summary_large_image","twitter_misc":{"Gesch\u00e4tzte Lesezeit":"2\u00a0Minuten"},"schema":{"@context":"https:\/\/schema.org","@graph":[{"@type":"WebPage","@id":"https:\/\/www.tattja.com\/product\/damske-oblecenie-ciapka-anja-bledofialova-orgovanova\/","url":"https:\/\/www.tattja.com\/product\/damske-oblecenie-ciapka-anja-bledofialova-orgovanova\/","name":"D\u00e1mske oble\u010denie \u010diapka ANJA bledofialov\u00e1 orgov\u00e1nov\u00e1 - TATTJA","isPartOf":{"@id":"https:\/\/www.tattja.com\/#website"},"primaryImageOfPage":{"@id":"https:\/\/www.tattja.com\/product\/damske-oblecenie-ciapka-anja-bledofialova-orgovanova\/#primaryimage"},"image":{"@id":"https:\/\/www.tattja.com\/product\/damske-oblecenie-ciapka-anja-bledofialova-orgovanova\/#primaryimage"},"thumbnailUrl":"https:\/\/www.tattja.com\/wp-content\/uploads\/2025\/12\/bledofialovy-orgovanovy-ciapka-spredu-28.webp","datePublished":"2025-08-21T08:12:27+00:00","dateModified":"2026-04-05T17:44:43+00:00","description":"D\u00e1mske oble\u010denie \u010diapka ANJA bledofialov\u00e1 orgov\u00e1nov\u00e1 \u2013 jemn\u00e1 pletenina, modern\u00fd \u0161ilt a \u017eensk\u00fd \u0161arm v odtieni orgov\u00e1nu pre elegantn\u00fd, svie\u017ei \u0161t\u00fdl.","breadcrumb":{"@id":"https:\/\/www.tattja.com\/product\/damske-oblecenie-ciapka-anja-bledofialova-orgovanova\/#breadcrumb"},"inLanguage":"de","potentialAction":[{"@type":"ReadAction","target":["https:\/\/www.tattja.com\/product\/damske-oblecenie-ciapka-anja-bledofialova-orgovanova\/"]}]},{"@type":"ImageObject","inLanguage":"de","@id":"https:\/\/www.tattja.com\/product\/damske-oblecenie-ciapka-anja-bledofialova-orgovanova\/#primaryimage","url":"https:\/\/www.tattja.com\/wp-content\/uploads\/2025\/12\/bledofialovy-orgovanovy-ciapka-spredu-28.webp","contentUrl":"https:\/\/www.tattja.com\/wp-content\/uploads\/2025\/12\/bledofialovy-orgovanovy-ciapka-spredu-28.webp","width":1365,"height":2048,"caption":"Bledofialovo-orgov\u00e1nov\u00e1 pleten\u00e1 \u010diapka ANJA \u2013 predn\u00fd poh\u013ead"},{"@type":"BreadcrumbList","@id":"https:\/\/www.tattja.com\/product\/damske-oblecenie-ciapka-anja-bledofialova-orgovanova\/#breadcrumb","itemListElement":[{"@type":"ListItem","position":1,"name":"Domov","item":"https:\/\/www.tattja.com\/"},{"@type":"ListItem","position":2,"name":"Produkty","item":"https:\/\/www.tattja.com\/damske-oblecenie-produkty\/"},{"@type":"ListItem","position":3,"name":"D\u00e1mske oble\u010denie \u010diapka ANJA bledofialov\u00e1 orgov\u00e1nov\u00e1"}]},{"@type":"WebSite","@id":"https:\/\/www.tattja.com\/#website","url":"https:\/\/www.tattja.com\/","name":"TATTJA","description":"D\u00e1mske oble\u010denie z extra jemnej merino vlny \u2014 ru\u010dne pleten\u00e9 na Slovensku","potentialAction":[{"@type":"SearchAction","target":{"@type":"EntryPoint","urlTemplate":"https:\/\/www.tattja.com\/?s={search_term_string}"},"query-input":{"@type":"PropertyValueSpecification","valueRequired":true,"valueName":"search_term_string"}}],"inLanguage":"de"}]}},"_links":{"self":[{"href":"https:\/\/www.tattja.com\/de\/wp-json\/wp\/v2\/product\/2085","targetHints":{"allow":["GET"]}}],"collection":[{"href":"https:\/\/www.tattja.com\/de\/wp-json\/wp\/v2\/product"}],"about":[{"href":"https:\/\/www.tattja.com\/de\/wp-json\/wp\/v2\/types\/product"}],"replies":[{"embeddable":true,"href":"https:\/\/www.tattja.com\/de\/wp-json\/wp\/v2\/comments?post=2085"}],"version-history":[{"count":6,"href":"https:\/\/www.tattja.com\/de\/wp-json\/wp\/v2\/product\/2085\/revisions"}],"predecessor-version":[{"id":3378,"href":"https:\/\/www.tattja.com\/de\/wp-json\/wp\/v2\/product\/2085\/revisions\/3378"}],"wp:featuredmedia":[{"embeddable":true,"href":"https:\/\/www.tattja.com\/de\/wp-json\/wp\/v2\/media\/7386"}],"wp:attachment":[{"href":"https:\/\/www.tattja.com\/de\/wp-json\/wp\/v2\/media?parent=2085"}],"wp:term":[{"taxonomy":"product_brand","embeddable":true,"href":"https:\/\/www.tattja.com\/de\/wp-json\/wp\/v2\/product_brand?post=2085"},{"taxonomy":"product_cat","embeddable":true,"href":"https:\/\/www.tattja.com\/de\/wp-json\/wp\/v2\/product_cat?post=2085"},{"taxonomy":"product_tag","embeddable":true,"href":"https:\/\/www.tattja.com\/de\/wp-json\/wp\/v2\/product_tag?post=2085"}],"curies":[{"name":"wp","href":"https:\/\/api.w.org\/{rel}","templated":true}]}}