{"id":2089,"date":"2025-08-21T10:16:07","date_gmt":"2025-08-21T08:16:07","guid":{"rendered":"https:\/\/www.tattja.com\/?post_type=product&#038;p=2089"},"modified":"2026-04-05T19:44:43","modified_gmt":"2026-04-05T17:44:43","slug":"damske-oblecenie-driekovnik-natasja-bledofialovy-orgovanovy","status":"publish","type":"product","link":"https:\/\/www.tattja.com\/de\/product\/damske-oblecenie-driekovnik-natasja-bledofialovy-orgovanovy\/","title":{"rendered":"Damenbekleidung Hemdblusenkleid NATASJA blass lila flieder"},"content":{"rendered":"<p data-start=\"907\" data-end=\"1188\"><strong data-start=\"907\" data-end=\"970\">Damenbekleidung Hemdblusenkleid NATASJA blass lila flieder<\/strong> ist ein elegantes, gestricktes Accessoire, das Weiblichkeit, Komfort und zeitlosen Stil vereint. Dieser Shrug aus der Kollektion <strong data-start=\"1078\" data-end=\"1088\">TATTJA<\/strong> schmiegt sich sanft an die Taille, vermittelt ein Gef\u00fchl von W\u00e4rme und schafft eine anmutige Silhouette, die harmonisch und feminin wirkt.<\/p>\n<p data-start=\"1190\" data-end=\"1543\">Die blassviolette Farbe von Flieder symbolisiert Sanftheit, Frieden und \u00e4therische Sch\u00f6nheit. In einem Outfit wirkt er frisch und luxuri\u00f6s zugleich. Es ist eine ideale Wahl f\u00fcr Frauen, die ein Accessoire mit einem subtilen und doch unverwechselbaren Charakter suchen. Dieser Farbton belebt sowohl Neutralt\u00f6ne als auch dunklere T\u00f6ne, so dass sich die NATASJA-Halskette leicht zu einer Vielzahl von Stilen kombinieren l\u00e4sst - von minimalistisch bis romantisch.<\/p>\n<p data-start=\"1545\" data-end=\"1948\">Der Rippenstrick passt sich sch\u00f6n der Figur an, w\u00e4rmt die K\u00f6rpermitte und betont die nat\u00fcrlichen weiblichen Linien. Es ist aus hochwertigem Garn gefertigt, das Komfort, Haltbarkeit und Formstabilit\u00e4t garantiert. Sie k\u00f6nnen das Damen-Shirtkleid NATASJA pale lilac lilac allein als dominantes Element des Outfits tragen oder es mit einem Hemd, Pullover oder Mantel kombinieren. Es passt auch gut zu anderen Teilen aus der Kollektion <strong data-start=\"1897\" data-end=\"1907\">TATTJA<\/strong>, wie Armbinden, Halst\u00fccher und M\u00fctzen.<\/p>\n<p data-start=\"1950\" data-end=\"2098\">Es ist ein Accessoire, das Funktionalit\u00e4t, Eleganz und W\u00e4rme vereint. Jedes Detail spiegelt die Raffinesse und den Sinn f\u00fcr \u00c4sthetik wider, die f\u00fcr die Marke typisch sind <strong data-start=\"2085\" data-end=\"2095\">TATTJA<\/strong>.<\/p>\n<p data-start=\"2100\" data-end=\"2205\">Entdecken Sie die Sch\u00f6nheit der Zartheit, die raffinierten Details und den femininen Stil, der Sie warm h\u00e4lt und <a href=\"https:\/\/www.tattja.com\/de\/product-category\/damske-oblecenie\/doplnky-jednotlivo\/driekovniky\/\">in anderen Farben.<\/a><\/p>\n<p data-start=\"2207\" data-end=\"2340\"><strong data-start=\"2207\" data-end=\"2261\">Siehe, <a href=\"https:\/\/shop.bogensberger.co.at\/produkt-schlagwort\/merino-extrafein\/\">aus welchen Materialien<\/a> wir produzieren unsere St\u00fccke<\/strong> und verw\u00f6hnen Sie sich mit einer Kombination aus Qualit\u00e4t, Komfort und nat\u00fcrlicher Eleganz <strong data-start=\"2327\" data-end=\"2337\">TATTJA<\/strong>.<\/p>","protected":false},"excerpt":{"rendered":"<p><strong data-start=\"684\" data-end=\"747\">Damenbekleidung Hemdblusenkleid NATASJA blass lila flieder<\/strong> vereint Eleganz und Raffinesse. Der weiche Strick schmiegt sich an die Taille, betont die feminine Silhouette und verleiht dem Outfit einen frischen Hauch von Raffinesse.<\/p>","protected":false},"featured_media":7389,"comment_status":"open","ping_status":"closed","template":"","meta":[],"product_brand":[],"product_cat":[300,258,298,150,280,145],"product_tag":[],"class_list":{"0":"post-2089","1":"product","2":"type-product","3":"status-publish","4":"has-post-thumbnail","6":"product_cat-damske-oblecenie","7":"product_cat-jednotlive-doplnky-bledofialove-orgovanove","8":"product_cat-doplnky-jednotlivo","9":"product_cat-driekovnik-bledofialovy-orgovanovy","10":"product_cat-driekovniky","11":"product_cat-pleteninove-doplnky-bledofialove-orgovanove","13":"first","14":"instock","15":"taxable","16":"shipping-taxable","17":"purchasable","18":"product-type-simple"},"yoast_head":"<!-- This site is optimized with the Yoast SEO plugin v26.0 - https:\/\/yoast.com\/wordpress\/plugins\/seo\/ -->\n<title>D\u00e1mske oble\u010denie driekovn\u00edk NATASJA bledofialov\u00fd orgov\u00e1nov\u00fd - TATTJA<\/title>\n<meta name=\"description\" content=\"D\u00e1mske oble\u010denie driekovn\u00edk NATASJA bledofialov\u00fd orgov\u00e1nov\u00fd \u2013 jemn\u00fd pleten\u00fd doplnok, ktor\u00fd zv\u00fdrazn\u00ed p\u00e1s, zahreje telo a dod\u00e1 outfitu noblesu a ne\u017enos\u0165.\" \/>\n<meta name=\"robots\" content=\"index, follow, max-snippet:-1, max-image-preview:large, max-video-preview:-1\" \/>\n<link rel=\"canonical\" href=\"https:\/\/www.tattja.com\/de\/product\/damske-oblecenie-driekovnik-natasja-bledofialovy-orgovanovy\/\" \/>\n<meta property=\"og:locale\" content=\"de_DE\" \/>\n<meta property=\"og:type\" content=\"article\" \/>\n<meta property=\"og:title\" content=\"D\u00e1mske oble\u010denie driekovn\u00edk NATASJA bledofialov\u00fd orgov\u00e1nov\u00fd - TATTJA\" \/>\n<meta property=\"og:description\" content=\"D\u00e1mske oble\u010denie driekovn\u00edk NATASJA bledofialov\u00fd orgov\u00e1nov\u00fd \u2013 jemn\u00fd pleten\u00fd doplnok, ktor\u00fd zv\u00fdrazn\u00ed p\u00e1s, zahreje telo a dod\u00e1 outfitu noblesu a ne\u017enos\u0165.\" \/>\n<meta property=\"og:url\" content=\"https:\/\/www.tattja.com\/de\/product\/damske-oblecenie-driekovnik-natasja-bledofialovy-orgovanovy\/\" \/>\n<meta property=\"og:site_name\" content=\"TATTJA\" \/>\n<meta property=\"article:modified_time\" content=\"2026-04-05T17:44:43+00:00\" \/>\n<meta property=\"og:image\" content=\"https:\/\/www.tattja.com\/wp-content\/uploads\/2025\/12\/bledofialovy-orgovanovy-driekovnik-spredu-37.webp\" \/>\n\t<meta property=\"og:image:width\" content=\"1365\" \/>\n\t<meta property=\"og:image:height\" content=\"2048\" \/>\n\t<meta property=\"og:image:type\" content=\"image\/webp\" \/>\n<meta name=\"twitter:card\" content=\"summary_large_image\" \/>\n<meta name=\"twitter:label1\" content=\"Gesch\u00e4tzte Lesezeit\" \/>\n\t<meta name=\"twitter:data1\" content=\"2\u00a0Minuten\" \/>\n<script type=\"application\/ld+json\" class=\"yoast-schema-graph\">{\"@context\":\"https:\/\/schema.org\",\"@graph\":[{\"@type\":\"WebPage\",\"@id\":\"https:\/\/www.tattja.com\/product\/damske-oblecenie-driekovnik-natasja-bledofialovy-orgovanovy\/\",\"url\":\"https:\/\/www.tattja.com\/product\/damske-oblecenie-driekovnik-natasja-bledofialovy-orgovanovy\/\",\"name\":\"D\u00e1mske oble\u010denie driekovn\u00edk NATASJA bledofialov\u00fd orgov\u00e1nov\u00fd - TATTJA\",\"isPartOf\":{\"@id\":\"https:\/\/www.tattja.com\/#website\"},\"primaryImageOfPage\":{\"@id\":\"https:\/\/www.tattja.com\/product\/damske-oblecenie-driekovnik-natasja-bledofialovy-orgovanovy\/#primaryimage\"},\"image\":{\"@id\":\"https:\/\/www.tattja.com\/product\/damske-oblecenie-driekovnik-natasja-bledofialovy-orgovanovy\/#primaryimage\"},\"thumbnailUrl\":\"https:\/\/www.tattja.com\/wp-content\/uploads\/2025\/12\/bledofialovy-orgovanovy-driekovnik-spredu-37.webp\",\"datePublished\":\"2025-08-21T08:16:07+00:00\",\"dateModified\":\"2026-04-05T17:44:43+00:00\",\"description\":\"D\u00e1mske oble\u010denie driekovn\u00edk NATASJA bledofialov\u00fd orgov\u00e1nov\u00fd \u2013 jemn\u00fd pleten\u00fd doplnok, ktor\u00fd zv\u00fdrazn\u00ed p\u00e1s, zahreje telo a dod\u00e1 outfitu noblesu a ne\u017enos\u0165.\",\"breadcrumb\":{\"@id\":\"https:\/\/www.tattja.com\/product\/damske-oblecenie-driekovnik-natasja-bledofialovy-orgovanovy\/#breadcrumb\"},\"inLanguage\":\"de\",\"potentialAction\":[{\"@type\":\"ReadAction\",\"target\":[\"https:\/\/www.tattja.com\/product\/damske-oblecenie-driekovnik-natasja-bledofialovy-orgovanovy\/\"]}]},{\"@type\":\"ImageObject\",\"inLanguage\":\"de\",\"@id\":\"https:\/\/www.tattja.com\/product\/damske-oblecenie-driekovnik-natasja-bledofialovy-orgovanovy\/#primaryimage\",\"url\":\"https:\/\/www.tattja.com\/wp-content\/uploads\/2025\/12\/bledofialovy-orgovanovy-driekovnik-spredu-37.webp\",\"contentUrl\":\"https:\/\/www.tattja.com\/wp-content\/uploads\/2025\/12\/bledofialovy-orgovanovy-driekovnik-spredu-37.webp\",\"width\":1365,\"height\":2048,\"caption\":\"Bledofialovo-orgov\u00e1nov\u00fd pleten\u00fd driekovn\u00edk NATASJA \u2013 predn\u00fd poh\u013ead\"},{\"@type\":\"BreadcrumbList\",\"@id\":\"https:\/\/www.tattja.com\/product\/damske-oblecenie-driekovnik-natasja-bledofialovy-orgovanovy\/#breadcrumb\",\"itemListElement\":[{\"@type\":\"ListItem\",\"position\":1,\"name\":\"Domov\",\"item\":\"https:\/\/www.tattja.com\/\"},{\"@type\":\"ListItem\",\"position\":2,\"name\":\"Produkty\",\"item\":\"https:\/\/www.tattja.com\/damske-oblecenie-produkty\/\"},{\"@type\":\"ListItem\",\"position\":3,\"name\":\"D\u00e1mske oble\u010denie driekovn\u00edk NATASJA bledofialov\u00fd orgov\u00e1nov\u00fd\"}]},{\"@type\":\"WebSite\",\"@id\":\"https:\/\/www.tattja.com\/#website\",\"url\":\"https:\/\/www.tattja.com\/\",\"name\":\"TATTJA\",\"description\":\"D\u00e1mske oble\u010denie z extra jemnej merino vlny \u2014 ru\u010dne pleten\u00e9 na Slovensku\",\"potentialAction\":[{\"@type\":\"SearchAction\",\"target\":{\"@type\":\"EntryPoint\",\"urlTemplate\":\"https:\/\/www.tattja.com\/?s={search_term_string}\"},\"query-input\":{\"@type\":\"PropertyValueSpecification\",\"valueRequired\":true,\"valueName\":\"search_term_string\"}}],\"inLanguage\":\"de\"}]}<\/script>\n<!-- \/ Yoast SEO plugin. -->","yoast_head_json":{"title":"D\u00e1mske oble\u010denie driekovn\u00edk NATASJA bledofialov\u00fd orgov\u00e1nov\u00fd - TATTJA","description":"D\u00e1mske oble\u010denie driekovn\u00edk NATASJA bledofialov\u00fd orgov\u00e1nov\u00fd \u2013 jemn\u00fd pleten\u00fd doplnok, ktor\u00fd zv\u00fdrazn\u00ed p\u00e1s, zahreje telo a dod\u00e1 outfitu noblesu a ne\u017enos\u0165.","robots":{"index":"index","follow":"follow","max-snippet":"max-snippet:-1","max-image-preview":"max-image-preview:large","max-video-preview":"max-video-preview:-1"},"canonical":"https:\/\/www.tattja.com\/de\/product\/damske-oblecenie-driekovnik-natasja-bledofialovy-orgovanovy\/","og_locale":"de_DE","og_type":"article","og_title":"D\u00e1mske oble\u010denie driekovn\u00edk NATASJA bledofialov\u00fd orgov\u00e1nov\u00fd - TATTJA","og_description":"D\u00e1mske oble\u010denie driekovn\u00edk NATASJA bledofialov\u00fd orgov\u00e1nov\u00fd \u2013 jemn\u00fd pleten\u00fd doplnok, ktor\u00fd zv\u00fdrazn\u00ed p\u00e1s, zahreje telo a dod\u00e1 outfitu noblesu a ne\u017enos\u0165.","og_url":"https:\/\/www.tattja.com\/de\/product\/damske-oblecenie-driekovnik-natasja-bledofialovy-orgovanovy\/","og_site_name":"TATTJA","article_modified_time":"2026-04-05T17:44:43+00:00","og_image":[{"width":1365,"height":2048,"url":"https:\/\/www.tattja.com\/wp-content\/uploads\/2025\/12\/bledofialovy-orgovanovy-driekovnik-spredu-37.webp","type":"image\/webp"}],"twitter_card":"summary_large_image","twitter_misc":{"Gesch\u00e4tzte Lesezeit":"2\u00a0Minuten"},"schema":{"@context":"https:\/\/schema.org","@graph":[{"@type":"WebPage","@id":"https:\/\/www.tattja.com\/product\/damske-oblecenie-driekovnik-natasja-bledofialovy-orgovanovy\/","url":"https:\/\/www.tattja.com\/product\/damske-oblecenie-driekovnik-natasja-bledofialovy-orgovanovy\/","name":"D\u00e1mske oble\u010denie driekovn\u00edk NATASJA bledofialov\u00fd orgov\u00e1nov\u00fd - TATTJA","isPartOf":{"@id":"https:\/\/www.tattja.com\/#website"},"primaryImageOfPage":{"@id":"https:\/\/www.tattja.com\/product\/damske-oblecenie-driekovnik-natasja-bledofialovy-orgovanovy\/#primaryimage"},"image":{"@id":"https:\/\/www.tattja.com\/product\/damske-oblecenie-driekovnik-natasja-bledofialovy-orgovanovy\/#primaryimage"},"thumbnailUrl":"https:\/\/www.tattja.com\/wp-content\/uploads\/2025\/12\/bledofialovy-orgovanovy-driekovnik-spredu-37.webp","datePublished":"2025-08-21T08:16:07+00:00","dateModified":"2026-04-05T17:44:43+00:00","description":"D\u00e1mske oble\u010denie driekovn\u00edk NATASJA bledofialov\u00fd orgov\u00e1nov\u00fd \u2013 jemn\u00fd pleten\u00fd doplnok, ktor\u00fd zv\u00fdrazn\u00ed p\u00e1s, zahreje telo a dod\u00e1 outfitu noblesu a ne\u017enos\u0165.","breadcrumb":{"@id":"https:\/\/www.tattja.com\/product\/damske-oblecenie-driekovnik-natasja-bledofialovy-orgovanovy\/#breadcrumb"},"inLanguage":"de","potentialAction":[{"@type":"ReadAction","target":["https:\/\/www.tattja.com\/product\/damske-oblecenie-driekovnik-natasja-bledofialovy-orgovanovy\/"]}]},{"@type":"ImageObject","inLanguage":"de","@id":"https:\/\/www.tattja.com\/product\/damske-oblecenie-driekovnik-natasja-bledofialovy-orgovanovy\/#primaryimage","url":"https:\/\/www.tattja.com\/wp-content\/uploads\/2025\/12\/bledofialovy-orgovanovy-driekovnik-spredu-37.webp","contentUrl":"https:\/\/www.tattja.com\/wp-content\/uploads\/2025\/12\/bledofialovy-orgovanovy-driekovnik-spredu-37.webp","width":1365,"height":2048,"caption":"Bledofialovo-orgov\u00e1nov\u00fd pleten\u00fd driekovn\u00edk NATASJA \u2013 predn\u00fd poh\u013ead"},{"@type":"BreadcrumbList","@id":"https:\/\/www.tattja.com\/product\/damske-oblecenie-driekovnik-natasja-bledofialovy-orgovanovy\/#breadcrumb","itemListElement":[{"@type":"ListItem","position":1,"name":"Domov","item":"https:\/\/www.tattja.com\/"},{"@type":"ListItem","position":2,"name":"Produkty","item":"https:\/\/www.tattja.com\/damske-oblecenie-produkty\/"},{"@type":"ListItem","position":3,"name":"D\u00e1mske oble\u010denie driekovn\u00edk NATASJA bledofialov\u00fd orgov\u00e1nov\u00fd"}]},{"@type":"WebSite","@id":"https:\/\/www.tattja.com\/#website","url":"https:\/\/www.tattja.com\/","name":"TATTJA","description":"D\u00e1mske oble\u010denie z extra jemnej merino vlny \u2014 ru\u010dne pleten\u00e9 na Slovensku","potentialAction":[{"@type":"SearchAction","target":{"@type":"EntryPoint","urlTemplate":"https:\/\/www.tattja.com\/?s={search_term_string}"},"query-input":{"@type":"PropertyValueSpecification","valueRequired":true,"valueName":"search_term_string"}}],"inLanguage":"de"}]}},"_links":{"self":[{"href":"https:\/\/www.tattja.com\/de\/wp-json\/wp\/v2\/product\/2089","targetHints":{"allow":["GET"]}}],"collection":[{"href":"https:\/\/www.tattja.com\/de\/wp-json\/wp\/v2\/product"}],"about":[{"href":"https:\/\/www.tattja.com\/de\/wp-json\/wp\/v2\/types\/product"}],"replies":[{"embeddable":true,"href":"https:\/\/www.tattja.com\/de\/wp-json\/wp\/v2\/comments?post=2089"}],"version-history":[{"count":6,"href":"https:\/\/www.tattja.com\/de\/wp-json\/wp\/v2\/product\/2089\/revisions"}],"predecessor-version":[{"id":5865,"href":"https:\/\/www.tattja.com\/de\/wp-json\/wp\/v2\/product\/2089\/revisions\/5865"}],"wp:featuredmedia":[{"embeddable":true,"href":"https:\/\/www.tattja.com\/de\/wp-json\/wp\/v2\/media\/7389"}],"wp:attachment":[{"href":"https:\/\/www.tattja.com\/de\/wp-json\/wp\/v2\/media?parent=2089"}],"wp:term":[{"taxonomy":"product_brand","embeddable":true,"href":"https:\/\/www.tattja.com\/de\/wp-json\/wp\/v2\/product_brand?post=2089"},{"taxonomy":"product_cat","embeddable":true,"href":"https:\/\/www.tattja.com\/de\/wp-json\/wp\/v2\/product_cat?post=2089"},{"taxonomy":"product_tag","embeddable":true,"href":"https:\/\/www.tattja.com\/de\/wp-json\/wp\/v2\/product_tag?post=2089"}],"curies":[{"name":"wp","href":"https:\/\/api.w.org\/{rel}","templated":true}]}}