{"id":2091,"date":"2025-08-21T10:17:02","date_gmt":"2025-08-21T08:17:02","guid":{"rendered":"https:\/\/www.tattja.com\/?post_type=product&#038;p=2091"},"modified":"2026-04-05T19:44:43","modified_gmt":"2026-04-05T17:44:43","slug":"damske-oblecenie-nakrcnik-tanja-bledofialovy-orgovanovy","status":"publish","type":"product","link":"https:\/\/www.tattja.com\/de\/product\/damske-oblecenie-nakrcnik-tanja-bledofialovy-orgovanovy\/","title":{"rendered":"Damenbekleidung Halsw\u00e4rmer TANJA blass lila flieder"},"content":{"rendered":"<p data-start=\"884\" data-end=\"1108\"><strong data-start=\"884\" data-end=\"943\">Damenbekleidung Halsw\u00e4rmer TANJA blass lila flieder<\/strong> vereint Weichheit, Weiblichkeit und modernes Design. Dieses gestrickte Accessoire aus der Kollektion <strong data-start=\"1026\" data-end=\"1036\">TATTJA<\/strong> ist f\u00fcr Frauen gemacht, die harmonische Farben und zeitlosen Stil lieben.<\/p>\n<p data-start=\"1110\" data-end=\"1423\">Der lilafarbene, blassviolette Farbton ist zart, aber gleichzeitig stark. Er erinnert an Fr\u00fchlingsfrische, Gelassenheit und nat\u00fcrliche Eleganz, die jedes Outfit beleben. Dieser Halsw\u00e4rmer vereint subtilen Komfort und \u00e4sthetisches Gleichgewicht. Er passt perfekt zu einem Mantel, einer Strickjacke und einer Bluse und bietet eine Vielzahl von Kombinationsm\u00f6glichkeiten.<\/p>\n<p data-start=\"1425\" data-end=\"1748\">Der feine Rippenstrick umh\u00fcllt Schultern und Nacken, f\u00fchlt sich weich an und w\u00e4rmt angenehm an kalten Tagen. Dank seiner Leichtigkeit und Elastizit\u00e4t passt es sich den Bewegungen an und bietet Komfort ohne Kompromisse. Jedes Detail spiegelt die pr\u00e4zise Handarbeit und die Liebe zur handwerklichen Qualit\u00e4t wider, die typisch f\u00fcr die Marke TATTJA ist.<\/p>\n<p data-start=\"1750\" data-end=\"2025\">Damenbekleidung Halskette TANJA blass lila wird ein elegantes Accessoire, das die Pers\u00f6nlichkeit hervorheben wird und f\u00fcgen Sie einen femininen Charme, um das Outfit zu werden. Sein vielseitiges Design macht es perfekt f\u00fcr den Alltag und besondere Anl\u00e4sse. Es wird allein oder in Kombination mit anderen St\u00fccken aus der TATTJA Kollektion hervorstechen.<\/p>\n<p data-start=\"2027\" data-end=\"2259\">Dieser Lila-Ton sieht sauber und frisch aus und verleiht dem Outfit sowohl Subtilit\u00e4t als auch raffinierten Charme. Die hochwertige Strickqualit\u00e4t sorgt f\u00fcr Strapazierf\u00e4higkeit und langanhaltenden Komfort und macht es zu einem unverzichtbaren Teil einer eleganten Garderobe.<\/p>\n<p data-start=\"2261\" data-end=\"2366\">Entdecken Sie die Sch\u00f6nheit der Zartheit, die raffinierten Details und den femininen Stil, der Sie warm h\u00e4lt und <a href=\"https:\/\/www.tattja.com\/de\/product-category\/damske-oblecenie\/doplnky-jednotlivo\/nakrcniky\/\">in anderen Farben.<\/a><\/p>\n<p data-start=\"2368\" data-end=\"2484\"><strong data-start=\"2368\" data-end=\"2422\">Siehe, <a href=\"https:\/\/shop.bogensberger.co.at\/produkt-schlagwort\/merino-extrafein\/\">aus welchen Materialien<\/a> wir produzieren unsere St\u00fccke<\/strong> und lassen Sie sich von der Harmonie aus Qualit\u00e4t, Komfort und Design mitrei\u00dfen.<\/p>","protected":false},"excerpt":{"rendered":"<p data-start=\"671\" data-end=\"842\"><strong data-start=\"671\" data-end=\"730\">Damenbekleidung Halsw\u00e4rmer TANJA blass lila flieder<\/strong> verbindet die Weichheit von Strickwaren mit femininer Eleganz. Es belebt das Outfit mit seinem romantischen Ton und verleiht ihm einen frischen Charakter.<\/p>","protected":false},"featured_media":7369,"comment_status":"open","ping_status":"closed","template":"","meta":[],"product_brand":[],"product_cat":[300,258,298,149,279,145],"product_tag":[],"class_list":{"0":"post-2091","1":"product","2":"type-product","3":"status-publish","4":"has-post-thumbnail","6":"product_cat-damske-oblecenie","7":"product_cat-jednotlive-doplnky-bledofialove-orgovanove","8":"product_cat-doplnky-jednotlivo","9":"product_cat-nakrcnik-bledofialovy-orgovanovy","10":"product_cat-nakrcniky","11":"product_cat-pleteninove-doplnky-bledofialove-orgovanove","13":"first","14":"instock","15":"taxable","16":"shipping-taxable","17":"purchasable","18":"product-type-simple"},"yoast_head":"<!-- This site is optimized with the Yoast SEO plugin v26.0 - https:\/\/yoast.com\/wordpress\/plugins\/seo\/ -->\n<title>D\u00e1mske oble\u010denie n\u00e1kr\u010dn\u00edk TANJA bledofialov\u00fd orgov\u00e1nov\u00fd - TATTJA<\/title>\n<meta name=\"description\" content=\"D\u00e1mske oble\u010denie n\u00e1kr\u010dn\u00edk TANJA bledofialov\u00fd orgov\u00e1nov\u00fd \u2013 jemn\u00fd pleten\u00fd doplnok TATTJA, ktor\u00fd sp\u00e1ja \u017eenskos\u0165, romantiku a prirodzen\u00fa eleganciu.\" \/>\n<meta name=\"robots\" content=\"index, follow, max-snippet:-1, max-image-preview:large, max-video-preview:-1\" \/>\n<link rel=\"canonical\" href=\"https:\/\/www.tattja.com\/de\/product\/damske-oblecenie-nakrcnik-tanja-bledofialovy-orgovanovy\/\" \/>\n<meta property=\"og:locale\" content=\"de_DE\" \/>\n<meta property=\"og:type\" content=\"article\" \/>\n<meta property=\"og:title\" content=\"D\u00e1mske oble\u010denie n\u00e1kr\u010dn\u00edk TANJA bledofialov\u00fd orgov\u00e1nov\u00fd - TATTJA\" \/>\n<meta property=\"og:description\" content=\"D\u00e1mske oble\u010denie n\u00e1kr\u010dn\u00edk TANJA bledofialov\u00fd orgov\u00e1nov\u00fd \u2013 jemn\u00fd pleten\u00fd doplnok TATTJA, ktor\u00fd sp\u00e1ja \u017eenskos\u0165, romantiku a prirodzen\u00fa eleganciu.\" \/>\n<meta property=\"og:url\" content=\"https:\/\/www.tattja.com\/de\/product\/damske-oblecenie-nakrcnik-tanja-bledofialovy-orgovanovy\/\" \/>\n<meta property=\"og:site_name\" content=\"TATTJA\" \/>\n<meta property=\"article:modified_time\" content=\"2026-04-05T17:44:43+00:00\" \/>\n<meta property=\"og:image\" content=\"https:\/\/www.tattja.com\/wp-content\/uploads\/2025\/12\/bledofialovy-orgovanovy-nakrcnik-spredu-1.webp\" \/>\n\t<meta property=\"og:image:width\" content=\"1365\" \/>\n\t<meta property=\"og:image:height\" content=\"2048\" \/>\n\t<meta property=\"og:image:type\" content=\"image\/webp\" \/>\n<meta name=\"twitter:card\" content=\"summary_large_image\" \/>\n<meta name=\"twitter:label1\" content=\"Gesch\u00e4tzte Lesezeit\" \/>\n\t<meta name=\"twitter:data1\" content=\"2\u00a0Minuten\" \/>\n<script type=\"application\/ld+json\" class=\"yoast-schema-graph\">{\"@context\":\"https:\/\/schema.org\",\"@graph\":[{\"@type\":\"WebPage\",\"@id\":\"https:\/\/www.tattja.com\/product\/damske-oblecenie-nakrcnik-tanja-bledofialovy-orgovanovy\/\",\"url\":\"https:\/\/www.tattja.com\/product\/damske-oblecenie-nakrcnik-tanja-bledofialovy-orgovanovy\/\",\"name\":\"D\u00e1mske oble\u010denie n\u00e1kr\u010dn\u00edk TANJA bledofialov\u00fd orgov\u00e1nov\u00fd - TATTJA\",\"isPartOf\":{\"@id\":\"https:\/\/www.tattja.com\/#website\"},\"primaryImageOfPage\":{\"@id\":\"https:\/\/www.tattja.com\/product\/damske-oblecenie-nakrcnik-tanja-bledofialovy-orgovanovy\/#primaryimage\"},\"image\":{\"@id\":\"https:\/\/www.tattja.com\/product\/damske-oblecenie-nakrcnik-tanja-bledofialovy-orgovanovy\/#primaryimage\"},\"thumbnailUrl\":\"https:\/\/www.tattja.com\/wp-content\/uploads\/2025\/12\/bledofialovy-orgovanovy-nakrcnik-spredu-1.webp\",\"datePublished\":\"2025-08-21T08:17:02+00:00\",\"dateModified\":\"2026-04-05T17:44:43+00:00\",\"description\":\"D\u00e1mske oble\u010denie n\u00e1kr\u010dn\u00edk TANJA bledofialov\u00fd orgov\u00e1nov\u00fd \u2013 jemn\u00fd pleten\u00fd doplnok TATTJA, ktor\u00fd sp\u00e1ja \u017eenskos\u0165, romantiku a prirodzen\u00fa eleganciu.\",\"breadcrumb\":{\"@id\":\"https:\/\/www.tattja.com\/product\/damske-oblecenie-nakrcnik-tanja-bledofialovy-orgovanovy\/#breadcrumb\"},\"inLanguage\":\"de\",\"potentialAction\":[{\"@type\":\"ReadAction\",\"target\":[\"https:\/\/www.tattja.com\/product\/damske-oblecenie-nakrcnik-tanja-bledofialovy-orgovanovy\/\"]}]},{\"@type\":\"ImageObject\",\"inLanguage\":\"de\",\"@id\":\"https:\/\/www.tattja.com\/product\/damske-oblecenie-nakrcnik-tanja-bledofialovy-orgovanovy\/#primaryimage\",\"url\":\"https:\/\/www.tattja.com\/wp-content\/uploads\/2025\/12\/bledofialovy-orgovanovy-nakrcnik-spredu-1.webp\",\"contentUrl\":\"https:\/\/www.tattja.com\/wp-content\/uploads\/2025\/12\/bledofialovy-orgovanovy-nakrcnik-spredu-1.webp\",\"width\":1365,\"height\":2048,\"caption\":\"Bledofialovo-orgov\u00e1nov\u00fd pleten\u00fd n\u00e1kr\u010dn\u00edk TANJA \u2013 predn\u00fd poh\u013ead\"},{\"@type\":\"BreadcrumbList\",\"@id\":\"https:\/\/www.tattja.com\/product\/damske-oblecenie-nakrcnik-tanja-bledofialovy-orgovanovy\/#breadcrumb\",\"itemListElement\":[{\"@type\":\"ListItem\",\"position\":1,\"name\":\"Domov\",\"item\":\"https:\/\/www.tattja.com\/\"},{\"@type\":\"ListItem\",\"position\":2,\"name\":\"Produkty\",\"item\":\"https:\/\/www.tattja.com\/damske-oblecenie-produkty\/\"},{\"@type\":\"ListItem\",\"position\":3,\"name\":\"D\u00e1mske oble\u010denie n\u00e1kr\u010dn\u00edk TANJA bledofialov\u00fd orgov\u00e1nov\u00fd\"}]},{\"@type\":\"WebSite\",\"@id\":\"https:\/\/www.tattja.com\/#website\",\"url\":\"https:\/\/www.tattja.com\/\",\"name\":\"TATTJA\",\"description\":\"D\u00e1mske oble\u010denie z extra jemnej merino vlny \u2014 ru\u010dne pleten\u00e9 na Slovensku\",\"potentialAction\":[{\"@type\":\"SearchAction\",\"target\":{\"@type\":\"EntryPoint\",\"urlTemplate\":\"https:\/\/www.tattja.com\/?s={search_term_string}\"},\"query-input\":{\"@type\":\"PropertyValueSpecification\",\"valueRequired\":true,\"valueName\":\"search_term_string\"}}],\"inLanguage\":\"de\"}]}<\/script>\n<!-- \/ Yoast SEO plugin. -->","yoast_head_json":{"title":"D\u00e1mske oble\u010denie n\u00e1kr\u010dn\u00edk TANJA bledofialov\u00fd orgov\u00e1nov\u00fd - TATTJA","description":"D\u00e1mske oble\u010denie n\u00e1kr\u010dn\u00edk TANJA bledofialov\u00fd orgov\u00e1nov\u00fd \u2013 jemn\u00fd pleten\u00fd doplnok TATTJA, ktor\u00fd sp\u00e1ja \u017eenskos\u0165, romantiku a prirodzen\u00fa eleganciu.","robots":{"index":"index","follow":"follow","max-snippet":"max-snippet:-1","max-image-preview":"max-image-preview:large","max-video-preview":"max-video-preview:-1"},"canonical":"https:\/\/www.tattja.com\/de\/product\/damske-oblecenie-nakrcnik-tanja-bledofialovy-orgovanovy\/","og_locale":"de_DE","og_type":"article","og_title":"D\u00e1mske oble\u010denie n\u00e1kr\u010dn\u00edk TANJA bledofialov\u00fd orgov\u00e1nov\u00fd - TATTJA","og_description":"D\u00e1mske oble\u010denie n\u00e1kr\u010dn\u00edk TANJA bledofialov\u00fd orgov\u00e1nov\u00fd \u2013 jemn\u00fd pleten\u00fd doplnok TATTJA, ktor\u00fd sp\u00e1ja \u017eenskos\u0165, romantiku a prirodzen\u00fa eleganciu.","og_url":"https:\/\/www.tattja.com\/de\/product\/damske-oblecenie-nakrcnik-tanja-bledofialovy-orgovanovy\/","og_site_name":"TATTJA","article_modified_time":"2026-04-05T17:44:43+00:00","og_image":[{"width":1365,"height":2048,"url":"https:\/\/www.tattja.com\/wp-content\/uploads\/2025\/12\/bledofialovy-orgovanovy-nakrcnik-spredu-1.webp","type":"image\/webp"}],"twitter_card":"summary_large_image","twitter_misc":{"Gesch\u00e4tzte Lesezeit":"2\u00a0Minuten"},"schema":{"@context":"https:\/\/schema.org","@graph":[{"@type":"WebPage","@id":"https:\/\/www.tattja.com\/product\/damske-oblecenie-nakrcnik-tanja-bledofialovy-orgovanovy\/","url":"https:\/\/www.tattja.com\/product\/damske-oblecenie-nakrcnik-tanja-bledofialovy-orgovanovy\/","name":"D\u00e1mske oble\u010denie n\u00e1kr\u010dn\u00edk TANJA bledofialov\u00fd orgov\u00e1nov\u00fd - TATTJA","isPartOf":{"@id":"https:\/\/www.tattja.com\/#website"},"primaryImageOfPage":{"@id":"https:\/\/www.tattja.com\/product\/damske-oblecenie-nakrcnik-tanja-bledofialovy-orgovanovy\/#primaryimage"},"image":{"@id":"https:\/\/www.tattja.com\/product\/damske-oblecenie-nakrcnik-tanja-bledofialovy-orgovanovy\/#primaryimage"},"thumbnailUrl":"https:\/\/www.tattja.com\/wp-content\/uploads\/2025\/12\/bledofialovy-orgovanovy-nakrcnik-spredu-1.webp","datePublished":"2025-08-21T08:17:02+00:00","dateModified":"2026-04-05T17:44:43+00:00","description":"D\u00e1mske oble\u010denie n\u00e1kr\u010dn\u00edk TANJA bledofialov\u00fd orgov\u00e1nov\u00fd \u2013 jemn\u00fd pleten\u00fd doplnok TATTJA, ktor\u00fd sp\u00e1ja \u017eenskos\u0165, romantiku a prirodzen\u00fa eleganciu.","breadcrumb":{"@id":"https:\/\/www.tattja.com\/product\/damske-oblecenie-nakrcnik-tanja-bledofialovy-orgovanovy\/#breadcrumb"},"inLanguage":"de","potentialAction":[{"@type":"ReadAction","target":["https:\/\/www.tattja.com\/product\/damske-oblecenie-nakrcnik-tanja-bledofialovy-orgovanovy\/"]}]},{"@type":"ImageObject","inLanguage":"de","@id":"https:\/\/www.tattja.com\/product\/damske-oblecenie-nakrcnik-tanja-bledofialovy-orgovanovy\/#primaryimage","url":"https:\/\/www.tattja.com\/wp-content\/uploads\/2025\/12\/bledofialovy-orgovanovy-nakrcnik-spredu-1.webp","contentUrl":"https:\/\/www.tattja.com\/wp-content\/uploads\/2025\/12\/bledofialovy-orgovanovy-nakrcnik-spredu-1.webp","width":1365,"height":2048,"caption":"Bledofialovo-orgov\u00e1nov\u00fd pleten\u00fd n\u00e1kr\u010dn\u00edk TANJA \u2013 predn\u00fd poh\u013ead"},{"@type":"BreadcrumbList","@id":"https:\/\/www.tattja.com\/product\/damske-oblecenie-nakrcnik-tanja-bledofialovy-orgovanovy\/#breadcrumb","itemListElement":[{"@type":"ListItem","position":1,"name":"Domov","item":"https:\/\/www.tattja.com\/"},{"@type":"ListItem","position":2,"name":"Produkty","item":"https:\/\/www.tattja.com\/damske-oblecenie-produkty\/"},{"@type":"ListItem","position":3,"name":"D\u00e1mske oble\u010denie n\u00e1kr\u010dn\u00edk TANJA bledofialov\u00fd orgov\u00e1nov\u00fd"}]},{"@type":"WebSite","@id":"https:\/\/www.tattja.com\/#website","url":"https:\/\/www.tattja.com\/","name":"TATTJA","description":"D\u00e1mske oble\u010denie z extra jemnej merino vlny \u2014 ru\u010dne pleten\u00e9 na Slovensku","potentialAction":[{"@type":"SearchAction","target":{"@type":"EntryPoint","urlTemplate":"https:\/\/www.tattja.com\/?s={search_term_string}"},"query-input":{"@type":"PropertyValueSpecification","valueRequired":true,"valueName":"search_term_string"}}],"inLanguage":"de"}]}},"_links":{"self":[{"href":"https:\/\/www.tattja.com\/de\/wp-json\/wp\/v2\/product\/2091","targetHints":{"allow":["GET"]}}],"collection":[{"href":"https:\/\/www.tattja.com\/de\/wp-json\/wp\/v2\/product"}],"about":[{"href":"https:\/\/www.tattja.com\/de\/wp-json\/wp\/v2\/types\/product"}],"replies":[{"embeddable":true,"href":"https:\/\/www.tattja.com\/de\/wp-json\/wp\/v2\/comments?post=2091"}],"version-history":[{"count":6,"href":"https:\/\/www.tattja.com\/de\/wp-json\/wp\/v2\/product\/2091\/revisions"}],"predecessor-version":[{"id":5836,"href":"https:\/\/www.tattja.com\/de\/wp-json\/wp\/v2\/product\/2091\/revisions\/5836"}],"wp:featuredmedia":[{"embeddable":true,"href":"https:\/\/www.tattja.com\/de\/wp-json\/wp\/v2\/media\/7369"}],"wp:attachment":[{"href":"https:\/\/www.tattja.com\/de\/wp-json\/wp\/v2\/media?parent=2091"}],"wp:term":[{"taxonomy":"product_brand","embeddable":true,"href":"https:\/\/www.tattja.com\/de\/wp-json\/wp\/v2\/product_brand?post=2091"},{"taxonomy":"product_cat","embeddable":true,"href":"https:\/\/www.tattja.com\/de\/wp-json\/wp\/v2\/product_cat?post=2091"},{"taxonomy":"product_tag","embeddable":true,"href":"https:\/\/www.tattja.com\/de\/wp-json\/wp\/v2\/product_tag?post=2091"}],"curies":[{"name":"wp","href":"https:\/\/api.w.org\/{rel}","templated":true}]}}