{"id":2097,"date":"2025-08-21T10:38:46","date_gmt":"2025-08-21T08:38:46","guid":{"rendered":"https:\/\/www.tattja.com\/?post_type=product&#038;p=2097"},"modified":"2026-04-05T19:44:43","modified_gmt":"2026-04-05T17:44:43","slug":"damske-oblecenie-dvojset-ragnild-bledofialovy-orgovanovy","status":"publish","type":"product","link":"https:\/\/www.tattja.com\/de\/product\/damske-oblecenie-dvojset-ragnild-bledofialovy-orgovanovy\/","title":{"rendered":"D\u00e1mske oble\u010denie 2-set RAGNILD bledofialov\u00fd orgov\u00e1nov\u00fd"},"content":{"rendered":"<p data-start=\"1009\" data-end=\"1301\"><strong data-start=\"1009\" data-end=\"1069\">Damen-Doppelset RAGNILD blasslila flieder flieder<\/strong> ist der Inbegriff von Weichheit, Weiblichkeit und minimalistischer Eleganz. Dieses Doppelset aus der Kollektion <strong data-start=\"1168\" data-end=\"1178\">TATTJA<\/strong> besteht aus einem Halsw\u00e4rmer und einem Hemdkragen. Diese beiden ikonischen Teile erg\u00e4nzen sich gegenseitig in einem harmonischen Gleichgewicht zwischen Komfort und anspruchsvollem Stil.<\/p>\n<p data-start=\"1303\" data-end=\"1647\">Das Nackenband schmiegt sich sanft um Schultern und Nacken und spendet W\u00e4rme und einen sinnlichen Hauch von Weichheit. Der Kragen passt sich der Figur an, akzentuiert die Taille und verleiht dem Outfit zus\u00e4tzlich Struktur und optische Ausgewogenheit. Zusammen bilden sie ein Paar, das sich perfekt mit Jeans, R\u00f6cken oder eleganten Hosen kombinieren l\u00e4sst.  Das Ergebnis ist ein Outfit, das sauber, ausgewogen und zeitlos wirkt.<\/p>\n<p data-start=\"1649\" data-end=\"2015\">Der blassviolette Fliederton symbolisiert Ruhe, Sensibilit\u00e4t und nat\u00fcrliche Raffinesse. Dar\u00fcber hinaus setzt er einen subtilen Farbakzent, der jede Garderobe aufhellt. Sein Ton strahlt Femininit\u00e4t und Harmonie aus und ist der ideale Begleiter f\u00fcr Frauen, die ein Gleichgewicht zwischen Schlichtheit und Luxus suchen. Dieses Set verleiht jedem Outfit ein elegantes Detail und unterstreicht seinen stilvollen Charakter.<\/p>\n<p data-start=\"2017\" data-end=\"2253\">Damenbekleidung im Doppelpack <strong data-start=\"2023\" data-end=\"2058\">RAGNILD blassviolett flieder<\/strong> tr\u00e4gt die DNA der Marke <strong data-start=\"2083\" data-end=\"2093\">TATTJA<\/strong> - Klare Linien, die Betonung von Qualit\u00e4t, handwerkliches K\u00f6nnen und eine \u00c4sthetik, die \u00fcber die Modesaisonen hinausgeht. Jedes Detail spiegelt Raffinesse, Zartheit und feminine Anmut wider.<\/p>\n<p data-start=\"2255\" data-end=\"2360\">Entdecken Sie die Sch\u00f6nheit der Zartheit, die raffinierten Details und den femininen Stil, der Sie warm h\u00e4lt und <a href=\"https:\/\/www.tattja.com\/de\/product-category\/damske-oblecenie\/dvojsety\/nakrcnik-a-driekovnik\/\">in anderen Farben.<\/a><\/p>\n<p data-start=\"2362\" data-end=\"2507\"><strong data-start=\"2362\" data-end=\"2416\">Siehe auch, <a href=\"https:\/\/shop.bogensberger.co.at\/produkt-schlagwort\/merino-extrafein\/\">aus welchen Materialien<\/a> wir produzieren unsere St\u00fccke<\/strong>, und betrete die Welt <strong data-start=\"2437\" data-end=\"2447\">TATTJA<\/strong>, wo Eleganz mit Komfort und Handwerkskunst kombiniert wird.<\/p>","protected":false},"excerpt":{"rendered":"<p data-start=\"682\" data-end=\"966\"><strong data-start=\"682\" data-end=\"742\">Damen-Doppelset RAGNILD blasslila flieder flieder<\/strong> vereint Eleganz, Raffinesse und zeitloses Design. Krawatte und Halstuch bilden ein harmonisches Ganzes, das die weibliche Silhouette w\u00e4rmt und betont. Der Lila-Ton wirkt raffiniert, beruhigend und vermittelt ein Gef\u00fchl von subtilem Luxus.<\/p>","protected":false},"featured_media":7381,"comment_status":"open","ping_status":"closed","template":"","meta":[],"product_brand":[],"product_cat":[289,300,148,290,145],"product_tag":[],"class_list":{"0":"post-2097","1":"product","2":"type-product","3":"status-publish","4":"has-post-thumbnail","6":"product_cat-dvojsety","7":"product_cat-damske-oblecenie","8":"product_cat-dvojsety-bledofialove-orgovanove","9":"product_cat-nakrcnik-a-driekovnik","10":"product_cat-pleteninove-doplnky-bledofialove-orgovanove","12":"first","13":"instock","14":"taxable","15":"shipping-taxable","16":"purchasable","17":"product-type-simple"},"yoast_head":"<!-- This site is optimized with the Yoast SEO plugin v26.0 - https:\/\/yoast.com\/wordpress\/plugins\/seo\/ -->\n<title>D\u00e1mske oble\u010denie 2-set RAGNILD bledofialov\u00fd orgov\u00e1nov\u00fd - TATTJA<\/title>\n<meta name=\"description\" content=\"D\u00e1mske oble\u010denie dvojset RAGNILD bledofialov\u00fd orgov\u00e1nov\u00fd \u2013 jemn\u00e1 elegancia, \u017eenskos\u0165 a pohodlie v jednom. Luxusn\u00fd set, ktor\u00fd zv\u00fdrazn\u00ed tvoj \u0161t\u00fdl a p\u00f4vab.\" \/>\n<meta name=\"robots\" content=\"index, follow, max-snippet:-1, max-image-preview:large, max-video-preview:-1\" \/>\n<link rel=\"canonical\" href=\"https:\/\/www.tattja.com\/de\/product\/damske-oblecenie-dvojset-ragnild-bledofialovy-orgovanovy\/\" \/>\n<meta property=\"og:locale\" content=\"de_DE\" \/>\n<meta property=\"og:type\" content=\"article\" \/>\n<meta property=\"og:title\" content=\"D\u00e1mske oble\u010denie 2-set RAGNILD bledofialov\u00fd orgov\u00e1nov\u00fd - TATTJA\" \/>\n<meta property=\"og:description\" content=\"D\u00e1mske oble\u010denie dvojset RAGNILD bledofialov\u00fd orgov\u00e1nov\u00fd \u2013 jemn\u00e1 elegancia, \u017eenskos\u0165 a pohodlie v jednom. Luxusn\u00fd set, ktor\u00fd zv\u00fdrazn\u00ed tvoj \u0161t\u00fdl a p\u00f4vab.\" \/>\n<meta property=\"og:url\" content=\"https:\/\/www.tattja.com\/de\/product\/damske-oblecenie-dvojset-ragnild-bledofialovy-orgovanovy\/\" \/>\n<meta property=\"og:site_name\" content=\"TATTJA\" \/>\n<meta property=\"article:modified_time\" content=\"2026-04-05T17:44:43+00:00\" \/>\n<meta property=\"og:image\" content=\"https:\/\/www.tattja.com\/wp-content\/uploads\/2025\/12\/bledofialovy-orgovanovy-dvojset-nakrcnik-driekovnik-spredu-4.webp\" \/>\n\t<meta property=\"og:image:width\" content=\"1365\" \/>\n\t<meta property=\"og:image:height\" content=\"2048\" \/>\n\t<meta property=\"og:image:type\" content=\"image\/webp\" \/>\n<meta name=\"twitter:card\" content=\"summary_large_image\" \/>\n<meta name=\"twitter:label1\" content=\"Gesch\u00e4tzte Lesezeit\" \/>\n\t<meta name=\"twitter:data1\" content=\"2\u00a0Minuten\" \/>\n<script type=\"application\/ld+json\" class=\"yoast-schema-graph\">{\"@context\":\"https:\/\/schema.org\",\"@graph\":[{\"@type\":\"WebPage\",\"@id\":\"https:\/\/www.tattja.com\/product\/damske-oblecenie-dvojset-ragnild-bledofialovy-orgovanovy\/\",\"url\":\"https:\/\/www.tattja.com\/product\/damske-oblecenie-dvojset-ragnild-bledofialovy-orgovanovy\/\",\"name\":\"D\u00e1mske oble\u010denie 2-set RAGNILD bledofialov\u00fd orgov\u00e1nov\u00fd - TATTJA\",\"isPartOf\":{\"@id\":\"https:\/\/www.tattja.com\/#website\"},\"primaryImageOfPage\":{\"@id\":\"https:\/\/www.tattja.com\/product\/damske-oblecenie-dvojset-ragnild-bledofialovy-orgovanovy\/#primaryimage\"},\"image\":{\"@id\":\"https:\/\/www.tattja.com\/product\/damske-oblecenie-dvojset-ragnild-bledofialovy-orgovanovy\/#primaryimage\"},\"thumbnailUrl\":\"https:\/\/www.tattja.com\/wp-content\/uploads\/2025\/12\/bledofialovy-orgovanovy-dvojset-nakrcnik-driekovnik-spredu-4.webp\",\"datePublished\":\"2025-08-21T08:38:46+00:00\",\"dateModified\":\"2026-04-05T17:44:43+00:00\",\"description\":\"D\u00e1mske oble\u010denie dvojset RAGNILD bledofialov\u00fd orgov\u00e1nov\u00fd \u2013 jemn\u00e1 elegancia, \u017eenskos\u0165 a pohodlie v jednom. Luxusn\u00fd set, ktor\u00fd zv\u00fdrazn\u00ed tvoj \u0161t\u00fdl a p\u00f4vab.\",\"breadcrumb\":{\"@id\":\"https:\/\/www.tattja.com\/product\/damske-oblecenie-dvojset-ragnild-bledofialovy-orgovanovy\/#breadcrumb\"},\"inLanguage\":\"de\",\"potentialAction\":[{\"@type\":\"ReadAction\",\"target\":[\"https:\/\/www.tattja.com\/product\/damske-oblecenie-dvojset-ragnild-bledofialovy-orgovanovy\/\"]}]},{\"@type\":\"ImageObject\",\"inLanguage\":\"de\",\"@id\":\"https:\/\/www.tattja.com\/product\/damske-oblecenie-dvojset-ragnild-bledofialovy-orgovanovy\/#primaryimage\",\"url\":\"https:\/\/www.tattja.com\/wp-content\/uploads\/2025\/12\/bledofialovy-orgovanovy-dvojset-nakrcnik-driekovnik-spredu-4.webp\",\"contentUrl\":\"https:\/\/www.tattja.com\/wp-content\/uploads\/2025\/12\/bledofialovy-orgovanovy-dvojset-nakrcnik-driekovnik-spredu-4.webp\",\"width\":1365,\"height\":2048,\"caption\":\"Bledofialovo-orgov\u00e1nov\u00fd pleten\u00fd dvojset RAGNILD \u2013 n\u00e1kr\u010dn\u00edk a driekovn\u00edk, predn\u00fd poh\u013ead\"},{\"@type\":\"BreadcrumbList\",\"@id\":\"https:\/\/www.tattja.com\/product\/damske-oblecenie-dvojset-ragnild-bledofialovy-orgovanovy\/#breadcrumb\",\"itemListElement\":[{\"@type\":\"ListItem\",\"position\":1,\"name\":\"Domov\",\"item\":\"https:\/\/www.tattja.com\/\"},{\"@type\":\"ListItem\",\"position\":2,\"name\":\"Produkty\",\"item\":\"https:\/\/www.tattja.com\/damske-oblecenie-produkty\/\"},{\"@type\":\"ListItem\",\"position\":3,\"name\":\"D\u00e1mske oble\u010denie 2-set RAGNILD bledofialov\u00fd orgov\u00e1nov\u00fd\"}]},{\"@type\":\"WebSite\",\"@id\":\"https:\/\/www.tattja.com\/#website\",\"url\":\"https:\/\/www.tattja.com\/\",\"name\":\"TATTJA\",\"description\":\"D\u00e1mske oble\u010denie z extra jemnej merino vlny \u2014 ru\u010dne pleten\u00e9 na Slovensku\",\"potentialAction\":[{\"@type\":\"SearchAction\",\"target\":{\"@type\":\"EntryPoint\",\"urlTemplate\":\"https:\/\/www.tattja.com\/?s={search_term_string}\"},\"query-input\":{\"@type\":\"PropertyValueSpecification\",\"valueRequired\":true,\"valueName\":\"search_term_string\"}}],\"inLanguage\":\"de\"}]}<\/script>\n<!-- \/ Yoast SEO plugin. -->","yoast_head_json":{"title":"D\u00e1mske oble\u010denie 2-set RAGNILD bledofialov\u00fd orgov\u00e1nov\u00fd - TATTJA","description":"D\u00e1mske oble\u010denie dvojset RAGNILD bledofialov\u00fd orgov\u00e1nov\u00fd \u2013 jemn\u00e1 elegancia, \u017eenskos\u0165 a pohodlie v jednom. Luxusn\u00fd set, ktor\u00fd zv\u00fdrazn\u00ed tvoj \u0161t\u00fdl a p\u00f4vab.","robots":{"index":"index","follow":"follow","max-snippet":"max-snippet:-1","max-image-preview":"max-image-preview:large","max-video-preview":"max-video-preview:-1"},"canonical":"https:\/\/www.tattja.com\/de\/product\/damske-oblecenie-dvojset-ragnild-bledofialovy-orgovanovy\/","og_locale":"de_DE","og_type":"article","og_title":"D\u00e1mske oble\u010denie 2-set RAGNILD bledofialov\u00fd orgov\u00e1nov\u00fd - TATTJA","og_description":"D\u00e1mske oble\u010denie dvojset RAGNILD bledofialov\u00fd orgov\u00e1nov\u00fd \u2013 jemn\u00e1 elegancia, \u017eenskos\u0165 a pohodlie v jednom. Luxusn\u00fd set, ktor\u00fd zv\u00fdrazn\u00ed tvoj \u0161t\u00fdl a p\u00f4vab.","og_url":"https:\/\/www.tattja.com\/de\/product\/damske-oblecenie-dvojset-ragnild-bledofialovy-orgovanovy\/","og_site_name":"TATTJA","article_modified_time":"2026-04-05T17:44:43+00:00","og_image":[{"width":1365,"height":2048,"url":"https:\/\/www.tattja.com\/wp-content\/uploads\/2025\/12\/bledofialovy-orgovanovy-dvojset-nakrcnik-driekovnik-spredu-4.webp","type":"image\/webp"}],"twitter_card":"summary_large_image","twitter_misc":{"Gesch\u00e4tzte Lesezeit":"2\u00a0Minuten"},"schema":{"@context":"https:\/\/schema.org","@graph":[{"@type":"WebPage","@id":"https:\/\/www.tattja.com\/product\/damske-oblecenie-dvojset-ragnild-bledofialovy-orgovanovy\/","url":"https:\/\/www.tattja.com\/product\/damske-oblecenie-dvojset-ragnild-bledofialovy-orgovanovy\/","name":"D\u00e1mske oble\u010denie 2-set RAGNILD bledofialov\u00fd orgov\u00e1nov\u00fd - TATTJA","isPartOf":{"@id":"https:\/\/www.tattja.com\/#website"},"primaryImageOfPage":{"@id":"https:\/\/www.tattja.com\/product\/damske-oblecenie-dvojset-ragnild-bledofialovy-orgovanovy\/#primaryimage"},"image":{"@id":"https:\/\/www.tattja.com\/product\/damske-oblecenie-dvojset-ragnild-bledofialovy-orgovanovy\/#primaryimage"},"thumbnailUrl":"https:\/\/www.tattja.com\/wp-content\/uploads\/2025\/12\/bledofialovy-orgovanovy-dvojset-nakrcnik-driekovnik-spredu-4.webp","datePublished":"2025-08-21T08:38:46+00:00","dateModified":"2026-04-05T17:44:43+00:00","description":"D\u00e1mske oble\u010denie dvojset RAGNILD bledofialov\u00fd orgov\u00e1nov\u00fd \u2013 jemn\u00e1 elegancia, \u017eenskos\u0165 a pohodlie v jednom. Luxusn\u00fd set, ktor\u00fd zv\u00fdrazn\u00ed tvoj \u0161t\u00fdl a p\u00f4vab.","breadcrumb":{"@id":"https:\/\/www.tattja.com\/product\/damske-oblecenie-dvojset-ragnild-bledofialovy-orgovanovy\/#breadcrumb"},"inLanguage":"de","potentialAction":[{"@type":"ReadAction","target":["https:\/\/www.tattja.com\/product\/damske-oblecenie-dvojset-ragnild-bledofialovy-orgovanovy\/"]}]},{"@type":"ImageObject","inLanguage":"de","@id":"https:\/\/www.tattja.com\/product\/damske-oblecenie-dvojset-ragnild-bledofialovy-orgovanovy\/#primaryimage","url":"https:\/\/www.tattja.com\/wp-content\/uploads\/2025\/12\/bledofialovy-orgovanovy-dvojset-nakrcnik-driekovnik-spredu-4.webp","contentUrl":"https:\/\/www.tattja.com\/wp-content\/uploads\/2025\/12\/bledofialovy-orgovanovy-dvojset-nakrcnik-driekovnik-spredu-4.webp","width":1365,"height":2048,"caption":"Bledofialovo-orgov\u00e1nov\u00fd pleten\u00fd dvojset RAGNILD \u2013 n\u00e1kr\u010dn\u00edk a driekovn\u00edk, predn\u00fd poh\u013ead"},{"@type":"BreadcrumbList","@id":"https:\/\/www.tattja.com\/product\/damske-oblecenie-dvojset-ragnild-bledofialovy-orgovanovy\/#breadcrumb","itemListElement":[{"@type":"ListItem","position":1,"name":"Domov","item":"https:\/\/www.tattja.com\/"},{"@type":"ListItem","position":2,"name":"Produkty","item":"https:\/\/www.tattja.com\/damske-oblecenie-produkty\/"},{"@type":"ListItem","position":3,"name":"D\u00e1mske oble\u010denie 2-set RAGNILD bledofialov\u00fd orgov\u00e1nov\u00fd"}]},{"@type":"WebSite","@id":"https:\/\/www.tattja.com\/#website","url":"https:\/\/www.tattja.com\/","name":"TATTJA","description":"D\u00e1mske oble\u010denie z extra jemnej merino vlny \u2014 ru\u010dne pleten\u00e9 na Slovensku","potentialAction":[{"@type":"SearchAction","target":{"@type":"EntryPoint","urlTemplate":"https:\/\/www.tattja.com\/?s={search_term_string}"},"query-input":{"@type":"PropertyValueSpecification","valueRequired":true,"valueName":"search_term_string"}}],"inLanguage":"de"}]}},"_links":{"self":[{"href":"https:\/\/www.tattja.com\/de\/wp-json\/wp\/v2\/product\/2097","targetHints":{"allow":["GET"]}}],"collection":[{"href":"https:\/\/www.tattja.com\/de\/wp-json\/wp\/v2\/product"}],"about":[{"href":"https:\/\/www.tattja.com\/de\/wp-json\/wp\/v2\/types\/product"}],"replies":[{"embeddable":true,"href":"https:\/\/www.tattja.com\/de\/wp-json\/wp\/v2\/comments?post=2097"}],"version-history":[{"count":6,"href":"https:\/\/www.tattja.com\/de\/wp-json\/wp\/v2\/product\/2097\/revisions"}],"predecessor-version":[{"id":7182,"href":"https:\/\/www.tattja.com\/de\/wp-json\/wp\/v2\/product\/2097\/revisions\/7182"}],"wp:featuredmedia":[{"embeddable":true,"href":"https:\/\/www.tattja.com\/de\/wp-json\/wp\/v2\/media\/7381"}],"wp:attachment":[{"href":"https:\/\/www.tattja.com\/de\/wp-json\/wp\/v2\/media?parent=2097"}],"wp:term":[{"taxonomy":"product_brand","embeddable":true,"href":"https:\/\/www.tattja.com\/de\/wp-json\/wp\/v2\/product_brand?post=2097"},{"taxonomy":"product_cat","embeddable":true,"href":"https:\/\/www.tattja.com\/de\/wp-json\/wp\/v2\/product_cat?post=2097"},{"taxonomy":"product_tag","embeddable":true,"href":"https:\/\/www.tattja.com\/de\/wp-json\/wp\/v2\/product_tag?post=2097"}],"curies":[{"name":"wp","href":"https:\/\/api.w.org\/{rel}","templated":true}]}}