{"id":2107,"date":"2025-08-21T10:43:21","date_gmt":"2025-08-21T08:43:21","guid":{"rendered":"https:\/\/www.tattja.com\/?post_type=product&#038;p=2107"},"modified":"2026-04-05T19:44:42","modified_gmt":"2026-04-05T17:44:42","slug":"damske-oblecenie-trojset-gunvar-bledofialovy-orgovanovy","status":"publish","type":"product","link":"https:\/\/www.tattja.com\/de\/product\/damske-oblecenie-trojset-gunvar-bledofialovy-orgovanovy\/","title":{"rendered":"D\u00e1mske oble\u010denie 3-set GUNVAR bledofialov\u00fd orgov\u00e1nov\u00fd"},"content":{"rendered":"<p data-start=\"1075\" data-end=\"1351\"><strong data-start=\"1075\" data-end=\"1134\">Damenbekleidung dreiteilig GUNVAR blass lila flieder<\/strong> ist eine Kombination aus subtiler Eleganz, Funktionalit\u00e4t und luxuri\u00f6sem Komfort. Dieses Premium-Set der Marke <strong data-start=\"1236\" data-end=\"1246\">TATTJA<\/strong> haben wir f\u00fcr die Frau entworfen, die die Sch\u00f6nheit im Detail sieht und nach einem Modest\u00fcck sucht, das ihre Pers\u00f6nlichkeit unterstreicht.<\/p>\n<p data-start=\"1353\" data-end=\"1700\">Das dreiteilige Set besteht aus drei Teilen - dem Shirt, den Armb\u00e4ndern und der M\u00fctze mit Schild. Der Latz schmiegt sich sanft an die Taille, h\u00e4lt warm und gibt ein Gef\u00fchl von Sicherheit. Die \u00c4rmel verl\u00e4ngern die Silhouette der Arme und machen jede Bewegung weicher, w\u00e4hrend die M\u00fctze mit Schild das Outfit um ein praktisches und zugleich modisches Element erg\u00e4nzt. Alle drei Teile zusammen bilden ein harmonisches Ganzes, das elegant und feminin wirkt.<\/p>\n<p data-start=\"1702\" data-end=\"1973\">Die blasse lila-violette Farbe bringt Frische, Gelassenheit und subtile Raffinesse in das Outfit. Sie symbolisiert Weiblichkeit, Sensibilit\u00e4t und innere St\u00e4rke. Dieser Farbton l\u00e4sst sich wunderbar mit neutralen T\u00f6nen - Beige, Grau oder Wei\u00df - kombinieren und macht ihn zu einem vielseitigen Teil Ihrer Garderobe.<\/p>\n<p data-start=\"1975\" data-end=\"2210\">Der Strick ist weich, dehnbar und w\u00e4rmend und bietet den ganzen Tag \u00fcber Komfort und einen eleganten Look. Jedes Detail ist das Ergebnis einer sorgf\u00e4ltigen Handarbeit, die die Philosophie der Marke widerspiegelt <strong data-start=\"2153\" data-end=\"2163\">TATTJA<\/strong> - verbindet \u00c4sthetik, Handwerkskunst und Zeitlosigkeit.<\/p>\n<p data-start=\"2212\" data-end=\"2348\">Das GUNVAR Damen-Dreierset in blassem Flieder ist die ideale Wahl f\u00fcr Frauen, die eine Kombination aus Stil, Komfort und raffinierter Eleganz w\u00fcnschen.<\/p>\n<p data-start=\"2350\" data-end=\"2455\">Entdecken Sie die Sch\u00f6nheit der Zartheit, die raffinierten Details und den femininen Stil, der Sie warm h\u00e4lt und <a href=\"https:\/\/www.tattja.com\/de\/product-category\/damske-oblecenie\/trojsety-3\/driekovnik-a-rukavniky-a-ciapka\/\">in anderen Farben.<\/a><\/p>\n<p data-start=\"2457\" data-end=\"2606\"><strong data-start=\"2457\" data-end=\"2511\">Siehe, <a href=\"https:\/\/shop.bogensberger.co.at\/produkt-schlagwort\/merino-extrafein\/\">aus welchen Materialien<\/a> wir produzieren unsere St\u00fccke<\/strong> und sich von der Welt inspirieren lassen <strong data-start=\"2544\" data-end=\"2554\">TATTJA<\/strong>, wo Sch\u00f6nheit mit Komfort und Charme kombiniert wird.<\/p>","protected":false},"excerpt":{"rendered":"<p data-start=\"705\" data-end=\"1033\"><strong data-start=\"705\" data-end=\"764\">Damenbekleidung dreiteilig GUNVAR blass lila flieder<\/strong> bringt ein Gleichgewicht zwischen Eleganz und Komfort. Der Kragen formt sanft die Taille, die \u00c4rmel verleihen der Bewegung Anmut und die M\u00fctze mit Hemd rundet das Outfit mit einem modernen Touch ab. Die blasse lila-violette Farbe wirkt raffiniert, weich und feminin - ganz im Sinne der Marke <strong data-start=\"1020\" data-end=\"1030\">TATTJA<\/strong>.<\/p>","protected":false},"featured_media":7363,"comment_status":"open","ping_status":"closed","template":"","meta":[],"product_brand":[],"product_cat":[284,300,288,145,147],"product_tag":[],"class_list":{"0":"post-2107","1":"product","2":"type-product","3":"status-publish","4":"has-post-thumbnail","6":"product_cat-trojsety-3","7":"product_cat-damske-oblecenie","8":"product_cat-driekovnik-a-rukavniky-a-ciapka","9":"product_cat-pleteninove-doplnky-bledofialove-orgovanove","10":"product_cat-trojsety-bledofialove-orgovanove","12":"first","13":"instock","14":"taxable","15":"shipping-taxable","16":"purchasable","17":"product-type-simple"},"yoast_head":"<!-- This site is optimized with the Yoast SEO plugin v26.0 - https:\/\/yoast.com\/wordpress\/plugins\/seo\/ -->\n<title>D\u00e1mske oble\u010denie 3-set GUNVAR bledofialov\u00fd orgov\u00e1nov\u00fd - TATTJA<\/title>\n<meta name=\"description\" content=\"D\u00e1mske oble\u010denie trojset GUNVAR bledofialov\u00fd orgov\u00e1nov\u00fd \u2013 elegantn\u00fd pleten\u00fd set TATTJA v odtieni jemnej noblesy, ktor\u00fd sp\u00e1ja \u017eenskos\u0165, \u0161t\u00fdl a komfort.\" \/>\n<meta name=\"robots\" content=\"index, follow, max-snippet:-1, max-image-preview:large, max-video-preview:-1\" \/>\n<link rel=\"canonical\" href=\"https:\/\/www.tattja.com\/de\/product\/damske-oblecenie-trojset-gunvar-bledofialovy-orgovanovy\/\" \/>\n<meta property=\"og:locale\" content=\"de_DE\" \/>\n<meta property=\"og:type\" content=\"article\" \/>\n<meta property=\"og:title\" content=\"D\u00e1mske oble\u010denie 3-set GUNVAR bledofialov\u00fd orgov\u00e1nov\u00fd - TATTJA\" \/>\n<meta property=\"og:description\" content=\"D\u00e1mske oble\u010denie trojset GUNVAR bledofialov\u00fd orgov\u00e1nov\u00fd \u2013 elegantn\u00fd pleten\u00fd set TATTJA v odtieni jemnej noblesy, ktor\u00fd sp\u00e1ja \u017eenskos\u0165, \u0161t\u00fdl a komfort.\" \/>\n<meta property=\"og:url\" content=\"https:\/\/www.tattja.com\/de\/product\/damske-oblecenie-trojset-gunvar-bledofialovy-orgovanovy\/\" \/>\n<meta property=\"og:site_name\" content=\"TATTJA\" \/>\n<meta property=\"article:modified_time\" content=\"2026-04-05T17:44:42+00:00\" \/>\n<meta property=\"og:image\" content=\"https:\/\/www.tattja.com\/wp-content\/uploads\/2025\/12\/bledofialovy-orgovanovy-trojset-driekovnik-rukavniky-ciapka-spredu-13.webp\" \/>\n\t<meta property=\"og:image:width\" content=\"1365\" \/>\n\t<meta property=\"og:image:height\" content=\"2048\" \/>\n\t<meta property=\"og:image:type\" content=\"image\/webp\" \/>\n<meta name=\"twitter:card\" content=\"summary_large_image\" \/>\n<meta name=\"twitter:label1\" content=\"Gesch\u00e4tzte Lesezeit\" \/>\n\t<meta name=\"twitter:data1\" content=\"2\u00a0Minuten\" \/>\n<script type=\"application\/ld+json\" class=\"yoast-schema-graph\">{\"@context\":\"https:\/\/schema.org\",\"@graph\":[{\"@type\":\"WebPage\",\"@id\":\"https:\/\/www.tattja.com\/product\/damske-oblecenie-trojset-gunvar-bledofialovy-orgovanovy\/\",\"url\":\"https:\/\/www.tattja.com\/product\/damske-oblecenie-trojset-gunvar-bledofialovy-orgovanovy\/\",\"name\":\"D\u00e1mske oble\u010denie 3-set GUNVAR bledofialov\u00fd orgov\u00e1nov\u00fd - TATTJA\",\"isPartOf\":{\"@id\":\"https:\/\/www.tattja.com\/#website\"},\"primaryImageOfPage\":{\"@id\":\"https:\/\/www.tattja.com\/product\/damske-oblecenie-trojset-gunvar-bledofialovy-orgovanovy\/#primaryimage\"},\"image\":{\"@id\":\"https:\/\/www.tattja.com\/product\/damske-oblecenie-trojset-gunvar-bledofialovy-orgovanovy\/#primaryimage\"},\"thumbnailUrl\":\"https:\/\/www.tattja.com\/wp-content\/uploads\/2025\/12\/bledofialovy-orgovanovy-trojset-driekovnik-rukavniky-ciapka-spredu-13.webp\",\"datePublished\":\"2025-08-21T08:43:21+00:00\",\"dateModified\":\"2026-04-05T17:44:42+00:00\",\"description\":\"D\u00e1mske oble\u010denie trojset GUNVAR bledofialov\u00fd orgov\u00e1nov\u00fd \u2013 elegantn\u00fd pleten\u00fd set TATTJA v odtieni jemnej noblesy, ktor\u00fd sp\u00e1ja \u017eenskos\u0165, \u0161t\u00fdl a komfort.\",\"breadcrumb\":{\"@id\":\"https:\/\/www.tattja.com\/product\/damske-oblecenie-trojset-gunvar-bledofialovy-orgovanovy\/#breadcrumb\"},\"inLanguage\":\"de\",\"potentialAction\":[{\"@type\":\"ReadAction\",\"target\":[\"https:\/\/www.tattja.com\/product\/damske-oblecenie-trojset-gunvar-bledofialovy-orgovanovy\/\"]}]},{\"@type\":\"ImageObject\",\"inLanguage\":\"de\",\"@id\":\"https:\/\/www.tattja.com\/product\/damske-oblecenie-trojset-gunvar-bledofialovy-orgovanovy\/#primaryimage\",\"url\":\"https:\/\/www.tattja.com\/wp-content\/uploads\/2025\/12\/bledofialovy-orgovanovy-trojset-driekovnik-rukavniky-ciapka-spredu-13.webp\",\"contentUrl\":\"https:\/\/www.tattja.com\/wp-content\/uploads\/2025\/12\/bledofialovy-orgovanovy-trojset-driekovnik-rukavniky-ciapka-spredu-13.webp\",\"width\":1365,\"height\":2048,\"caption\":\"Bledofialovo-orgov\u00e1nov\u00fd pleten\u00fd trojset \u2013 driekovn\u00edk, ruk\u00e1vniky a \u010diapka, predn\u00fd poh\u013ead\"},{\"@type\":\"BreadcrumbList\",\"@id\":\"https:\/\/www.tattja.com\/product\/damske-oblecenie-trojset-gunvar-bledofialovy-orgovanovy\/#breadcrumb\",\"itemListElement\":[{\"@type\":\"ListItem\",\"position\":1,\"name\":\"Domov\",\"item\":\"https:\/\/www.tattja.com\/\"},{\"@type\":\"ListItem\",\"position\":2,\"name\":\"Produkty\",\"item\":\"https:\/\/www.tattja.com\/damske-oblecenie-produkty\/\"},{\"@type\":\"ListItem\",\"position\":3,\"name\":\"D\u00e1mske oble\u010denie 3-set GUNVAR bledofialov\u00fd orgov\u00e1nov\u00fd\"}]},{\"@type\":\"WebSite\",\"@id\":\"https:\/\/www.tattja.com\/#website\",\"url\":\"https:\/\/www.tattja.com\/\",\"name\":\"TATTJA\",\"description\":\"D\u00e1mske oble\u010denie z extra jemnej merino vlny \u2014 ru\u010dne pleten\u00e9 na Slovensku\",\"potentialAction\":[{\"@type\":\"SearchAction\",\"target\":{\"@type\":\"EntryPoint\",\"urlTemplate\":\"https:\/\/www.tattja.com\/?s={search_term_string}\"},\"query-input\":{\"@type\":\"PropertyValueSpecification\",\"valueRequired\":true,\"valueName\":\"search_term_string\"}}],\"inLanguage\":\"de\"}]}<\/script>\n<!-- \/ Yoast SEO plugin. -->","yoast_head_json":{"title":"D\u00e1mske oble\u010denie 3-set GUNVAR bledofialov\u00fd orgov\u00e1nov\u00fd - TATTJA","description":"D\u00e1mske oble\u010denie trojset GUNVAR bledofialov\u00fd orgov\u00e1nov\u00fd \u2013 elegantn\u00fd pleten\u00fd set TATTJA v odtieni jemnej noblesy, ktor\u00fd sp\u00e1ja \u017eenskos\u0165, \u0161t\u00fdl a komfort.","robots":{"index":"index","follow":"follow","max-snippet":"max-snippet:-1","max-image-preview":"max-image-preview:large","max-video-preview":"max-video-preview:-1"},"canonical":"https:\/\/www.tattja.com\/de\/product\/damske-oblecenie-trojset-gunvar-bledofialovy-orgovanovy\/","og_locale":"de_DE","og_type":"article","og_title":"D\u00e1mske oble\u010denie 3-set GUNVAR bledofialov\u00fd orgov\u00e1nov\u00fd - TATTJA","og_description":"D\u00e1mske oble\u010denie trojset GUNVAR bledofialov\u00fd orgov\u00e1nov\u00fd \u2013 elegantn\u00fd pleten\u00fd set TATTJA v odtieni jemnej noblesy, ktor\u00fd sp\u00e1ja \u017eenskos\u0165, \u0161t\u00fdl a komfort.","og_url":"https:\/\/www.tattja.com\/de\/product\/damske-oblecenie-trojset-gunvar-bledofialovy-orgovanovy\/","og_site_name":"TATTJA","article_modified_time":"2026-04-05T17:44:42+00:00","og_image":[{"width":1365,"height":2048,"url":"https:\/\/www.tattja.com\/wp-content\/uploads\/2025\/12\/bledofialovy-orgovanovy-trojset-driekovnik-rukavniky-ciapka-spredu-13.webp","type":"image\/webp"}],"twitter_card":"summary_large_image","twitter_misc":{"Gesch\u00e4tzte Lesezeit":"2\u00a0Minuten"},"schema":{"@context":"https:\/\/schema.org","@graph":[{"@type":"WebPage","@id":"https:\/\/www.tattja.com\/product\/damske-oblecenie-trojset-gunvar-bledofialovy-orgovanovy\/","url":"https:\/\/www.tattja.com\/product\/damske-oblecenie-trojset-gunvar-bledofialovy-orgovanovy\/","name":"D\u00e1mske oble\u010denie 3-set GUNVAR bledofialov\u00fd orgov\u00e1nov\u00fd - TATTJA","isPartOf":{"@id":"https:\/\/www.tattja.com\/#website"},"primaryImageOfPage":{"@id":"https:\/\/www.tattja.com\/product\/damske-oblecenie-trojset-gunvar-bledofialovy-orgovanovy\/#primaryimage"},"image":{"@id":"https:\/\/www.tattja.com\/product\/damske-oblecenie-trojset-gunvar-bledofialovy-orgovanovy\/#primaryimage"},"thumbnailUrl":"https:\/\/www.tattja.com\/wp-content\/uploads\/2025\/12\/bledofialovy-orgovanovy-trojset-driekovnik-rukavniky-ciapka-spredu-13.webp","datePublished":"2025-08-21T08:43:21+00:00","dateModified":"2026-04-05T17:44:42+00:00","description":"D\u00e1mske oble\u010denie trojset GUNVAR bledofialov\u00fd orgov\u00e1nov\u00fd \u2013 elegantn\u00fd pleten\u00fd set TATTJA v odtieni jemnej noblesy, ktor\u00fd sp\u00e1ja \u017eenskos\u0165, \u0161t\u00fdl a komfort.","breadcrumb":{"@id":"https:\/\/www.tattja.com\/product\/damske-oblecenie-trojset-gunvar-bledofialovy-orgovanovy\/#breadcrumb"},"inLanguage":"de","potentialAction":[{"@type":"ReadAction","target":["https:\/\/www.tattja.com\/product\/damske-oblecenie-trojset-gunvar-bledofialovy-orgovanovy\/"]}]},{"@type":"ImageObject","inLanguage":"de","@id":"https:\/\/www.tattja.com\/product\/damske-oblecenie-trojset-gunvar-bledofialovy-orgovanovy\/#primaryimage","url":"https:\/\/www.tattja.com\/wp-content\/uploads\/2025\/12\/bledofialovy-orgovanovy-trojset-driekovnik-rukavniky-ciapka-spredu-13.webp","contentUrl":"https:\/\/www.tattja.com\/wp-content\/uploads\/2025\/12\/bledofialovy-orgovanovy-trojset-driekovnik-rukavniky-ciapka-spredu-13.webp","width":1365,"height":2048,"caption":"Bledofialovo-orgov\u00e1nov\u00fd pleten\u00fd trojset \u2013 driekovn\u00edk, ruk\u00e1vniky a \u010diapka, predn\u00fd poh\u013ead"},{"@type":"BreadcrumbList","@id":"https:\/\/www.tattja.com\/product\/damske-oblecenie-trojset-gunvar-bledofialovy-orgovanovy\/#breadcrumb","itemListElement":[{"@type":"ListItem","position":1,"name":"Domov","item":"https:\/\/www.tattja.com\/"},{"@type":"ListItem","position":2,"name":"Produkty","item":"https:\/\/www.tattja.com\/damske-oblecenie-produkty\/"},{"@type":"ListItem","position":3,"name":"D\u00e1mske oble\u010denie 3-set GUNVAR bledofialov\u00fd orgov\u00e1nov\u00fd"}]},{"@type":"WebSite","@id":"https:\/\/www.tattja.com\/#website","url":"https:\/\/www.tattja.com\/","name":"TATTJA","description":"D\u00e1mske oble\u010denie z extra jemnej merino vlny \u2014 ru\u010dne pleten\u00e9 na Slovensku","potentialAction":[{"@type":"SearchAction","target":{"@type":"EntryPoint","urlTemplate":"https:\/\/www.tattja.com\/?s={search_term_string}"},"query-input":{"@type":"PropertyValueSpecification","valueRequired":true,"valueName":"search_term_string"}}],"inLanguage":"de"}]}},"_links":{"self":[{"href":"https:\/\/www.tattja.com\/de\/wp-json\/wp\/v2\/product\/2107","targetHints":{"allow":["GET"]}}],"collection":[{"href":"https:\/\/www.tattja.com\/de\/wp-json\/wp\/v2\/product"}],"about":[{"href":"https:\/\/www.tattja.com\/de\/wp-json\/wp\/v2\/types\/product"}],"replies":[{"embeddable":true,"href":"https:\/\/www.tattja.com\/de\/wp-json\/wp\/v2\/comments?post=2107"}],"version-history":[{"count":6,"href":"https:\/\/www.tattja.com\/de\/wp-json\/wp\/v2\/product\/2107\/revisions"}],"predecessor-version":[{"id":7177,"href":"https:\/\/www.tattja.com\/de\/wp-json\/wp\/v2\/product\/2107\/revisions\/7177"}],"wp:featuredmedia":[{"embeddable":true,"href":"https:\/\/www.tattja.com\/de\/wp-json\/wp\/v2\/media\/7363"}],"wp:attachment":[{"href":"https:\/\/www.tattja.com\/de\/wp-json\/wp\/v2\/media?parent=2107"}],"wp:term":[{"taxonomy":"product_brand","embeddable":true,"href":"https:\/\/www.tattja.com\/de\/wp-json\/wp\/v2\/product_brand?post=2107"},{"taxonomy":"product_cat","embeddable":true,"href":"https:\/\/www.tattja.com\/de\/wp-json\/wp\/v2\/product_cat?post=2107"},{"taxonomy":"product_tag","embeddable":true,"href":"https:\/\/www.tattja.com\/de\/wp-json\/wp\/v2\/product_tag?post=2107"}],"curies":[{"name":"wp","href":"https:\/\/api.w.org\/{rel}","templated":true}]}}