{"id":2109,"date":"2025-08-21T10:44:23","date_gmt":"2025-08-21T08:44:23","guid":{"rendered":"https:\/\/www.tattja.com\/?post_type=product&#038;p=2109"},"modified":"2026-04-05T19:44:42","modified_gmt":"2026-04-05T17:44:42","slug":"damske-oblecenie-trojset-mimir-bledofialovy-orgovanovy","status":"publish","type":"product","link":"https:\/\/www.tattja.com\/de\/product\/damske-oblecenie-trojset-mimir-bledofialovy-orgovanovy\/","title":{"rendered":"D\u00e1mske oble\u010denie 3-set MIMIR bledofialov\u00fd orgov\u00e1nov\u00fd"},"content":{"rendered":"<p data-start=\"1111\" data-end=\"1443\"><strong data-start=\"1111\" data-end=\"1169\">Damenbekleidung dreiteilig MIMIR blass lila flieder<\/strong> ist der Inbegriff von Raffinesse, Kultiviertheit und funktioneller Sch\u00f6nheit. Dieses elegante Strickset der Marke <strong data-start=\"1259\" data-end=\"1269\">TATTJA<\/strong> Es besteht aus einem Halsteil, Armb\u00e4ndern und einer Kappe mit Schirm - drei detaillierte Teile, die zusammen ein harmonisches Ganzes mit einem Hauch von Luxus und femininem Glamour bilden.<\/p>\n<p data-start=\"1445\" data-end=\"1750\">Der Farbton Flieder symbolisiert Ruhe, Sinnlichkeit und Weiblichkeit. Seine pastellige Zartheit ist \u00e4therisch, strahlt aber gleichzeitig Selbstbewusstsein und raffinierte Eleganz aus. Dieser Ton schmeichelt allen Hauttypen und ist ein vielseitiger Begleiter f\u00fcr das ganze Jahr - er erfrischt Sommerkombinationen und verleiht Winteroutfits W\u00e4rme.<\/p>\n<p data-start=\"1752\" data-end=\"2105\">Der Nackenw\u00e4rmer legt sich sanft um Hals und Schultern und vermittelt ein Gef\u00fchl von weicher W\u00e4rme und Komfort. Die \u00c4rmel betonen die Linie der Arme und f\u00fcgen dem Outfit ein stilvolles Detail hinzu, w\u00e4hrend die Beanie-M\u00fctze das Ensemble mit moderner, femininer Energie abrundet. Jedes Teil ist so konzipiert, dass es elegant aussieht und dennoch praktisch ist - es passt sich der Bewegung an, h\u00e4lt warm und hinterl\u00e4sst ein Gef\u00fchl von m\u00fchelosem Luxus.<\/p>\n<p data-start=\"2107\" data-end=\"2345\">Der Strickstoff ist dehnbar, atmungsaktiv und f\u00fchlt sich weich an und bietet jeden Tag au\u00dfergew\u00f6hnlichen Komfort. Die sorgf\u00e4ltige Verarbeitung des Materials zeugt von der Handwerkskunst und der Liebe zum Detail, die die Marke <strong data-start=\"2322\" data-end=\"2332\">TATTJA<\/strong>gekennzeichnet durch.<\/p>\n<p data-start=\"2347\" data-end=\"2589\"><strong data-start=\"2347\" data-end=\"2405\">Damenbekleidung dreiteilig MIMIR blass lila flieder<\/strong> ist das ideale Accessoire f\u00fcr Frauen, die auf der Suche nach einer Kombination aus Luxus, Komfort und Originalit\u00e4t sind. Dieses Modell verwandelt selbst ein einfaches Outfit in ein elegantes Ensemble, das Gelassenheit und feminine Kraft ausstrahlt.<\/p>\n<p data-start=\"2347\" data-end=\"2589\">Entdecken Sie die Sch\u00f6nheit der Zartheit, die raffinierten Details und den femininen Stil, der Sie warm h\u00e4lt und <a href=\"https:\/\/www.tattja.com\/de\/product-category\/damske-oblecenie\/trojsety-3\/nakrcnik-a-rukavniky-a-ciapka\/\">in anderen Farben<\/a>.<\/p>\n<p data-start=\"2591\" data-end=\"2761\"><strong data-start=\"2591\" data-end=\"2648\">Siehe, <a href=\"https:\/\/shop.bogensberger.co.at\/produkt-schlagwort\/merino-extrafein\/\">aus welchen Materialien<\/a> wir produzieren unsere St\u00fccke<\/strong> und entdecken Sie die Sch\u00f6nheit der Details, die Eleganz, Funktionalit\u00e4t und au\u00dfergew\u00f6hnliche Raffinesse eines jeden Modells vereinen <strong data-start=\"2748\" data-end=\"2758\">TATTJA<\/strong>.<\/p>","protected":false},"excerpt":{"rendered":"<p><strong data-start=\"723\" data-end=\"781\">Damenbekleidung dreiteilig MIMIR blass lila flieder<\/strong> vereint Raffinesse, Eleganz und Zweckm\u00e4\u00dfigkeit. Krawatte, \u00c4rmel und eine M\u00fctze mit Schild bilden ein harmonisches Ganzes, das w\u00e4rmt und die weibliche St\u00e4rke unterstreicht. Der Fliederton wirkt zart, frisch und raffiniert. Dieses Set ist ideal f\u00fcr Frauen, die den Komfort und den originellen Stil der Marke sch\u00e4tzen <strong data-start=\"1058\" data-end=\"1068\">TATTJA<\/strong>.<\/p>","protected":false},"featured_media":7352,"comment_status":"open","ping_status":"closed","template":"","meta":[],"product_brand":[],"product_cat":[284,300,287,145,147],"product_tag":[],"class_list":{"0":"post-2109","1":"product","2":"type-product","3":"status-publish","4":"has-post-thumbnail","6":"product_cat-trojsety-3","7":"product_cat-damske-oblecenie","8":"product_cat-nakrcnik-a-rukavniky-a-ciapka","9":"product_cat-pleteninove-doplnky-bledofialove-orgovanove","10":"product_cat-trojsety-bledofialove-orgovanove","12":"first","13":"instock","14":"taxable","15":"shipping-taxable","16":"purchasable","17":"product-type-simple"},"yoast_head":"<!-- This site is optimized with the Yoast SEO plugin v26.0 - https:\/\/yoast.com\/wordpress\/plugins\/seo\/ -->\n<title>D\u00e1mske oble\u010denie 3-set MIMIR bledofialov\u00fd orgov\u00e1nov\u00fd - TATTJA<\/title>\n<meta name=\"description\" content=\"D\u00e1mske oble\u010denie trojset MIMIR bledofialov\u00fd orgov\u00e1nov\u00fd \u2013 elegantn\u00fd pleten\u00fd set TATTJA sp\u00e1ja jemnos\u0165, luxus a pohodlie v t\u00f3ne ne\u017enej \u017eenskosti.\" \/>\n<meta name=\"robots\" content=\"index, follow, max-snippet:-1, max-image-preview:large, max-video-preview:-1\" \/>\n<link rel=\"canonical\" href=\"https:\/\/www.tattja.com\/de\/product\/damske-oblecenie-trojset-mimir-bledofialovy-orgovanovy\/\" \/>\n<meta property=\"og:locale\" content=\"de_DE\" \/>\n<meta property=\"og:type\" content=\"article\" \/>\n<meta property=\"og:title\" content=\"D\u00e1mske oble\u010denie 3-set MIMIR bledofialov\u00fd orgov\u00e1nov\u00fd - TATTJA\" \/>\n<meta property=\"og:description\" content=\"D\u00e1mske oble\u010denie trojset MIMIR bledofialov\u00fd orgov\u00e1nov\u00fd \u2013 elegantn\u00fd pleten\u00fd set TATTJA sp\u00e1ja jemnos\u0165, luxus a pohodlie v t\u00f3ne ne\u017enej \u017eenskosti.\" \/>\n<meta property=\"og:url\" content=\"https:\/\/www.tattja.com\/de\/product\/damske-oblecenie-trojset-mimir-bledofialovy-orgovanovy\/\" \/>\n<meta property=\"og:site_name\" content=\"TATTJA\" \/>\n<meta property=\"article:modified_time\" content=\"2026-04-05T17:44:42+00:00\" \/>\n<meta property=\"og:image\" content=\"https:\/\/www.tattja.com\/wp-content\/uploads\/2025\/12\/bledofialovy-orgovanovy-trojset-nakrcnik-rukavniky-ciapka-spredu-22.webp\" \/>\n\t<meta property=\"og:image:width\" content=\"1365\" \/>\n\t<meta property=\"og:image:height\" content=\"2048\" \/>\n\t<meta property=\"og:image:type\" content=\"image\/webp\" \/>\n<meta name=\"twitter:card\" content=\"summary_large_image\" \/>\n<meta name=\"twitter:label1\" content=\"Gesch\u00e4tzte Lesezeit\" \/>\n\t<meta name=\"twitter:data1\" content=\"2\u00a0Minuten\" \/>\n<script type=\"application\/ld+json\" class=\"yoast-schema-graph\">{\"@context\":\"https:\/\/schema.org\",\"@graph\":[{\"@type\":\"WebPage\",\"@id\":\"https:\/\/www.tattja.com\/product\/damske-oblecenie-trojset-mimir-bledofialovy-orgovanovy\/\",\"url\":\"https:\/\/www.tattja.com\/product\/damske-oblecenie-trojset-mimir-bledofialovy-orgovanovy\/\",\"name\":\"D\u00e1mske oble\u010denie 3-set MIMIR bledofialov\u00fd orgov\u00e1nov\u00fd - TATTJA\",\"isPartOf\":{\"@id\":\"https:\/\/www.tattja.com\/#website\"},\"primaryImageOfPage\":{\"@id\":\"https:\/\/www.tattja.com\/product\/damske-oblecenie-trojset-mimir-bledofialovy-orgovanovy\/#primaryimage\"},\"image\":{\"@id\":\"https:\/\/www.tattja.com\/product\/damske-oblecenie-trojset-mimir-bledofialovy-orgovanovy\/#primaryimage\"},\"thumbnailUrl\":\"https:\/\/www.tattja.com\/wp-content\/uploads\/2025\/12\/bledofialovy-orgovanovy-trojset-nakrcnik-rukavniky-ciapka-spredu-22.webp\",\"datePublished\":\"2025-08-21T08:44:23+00:00\",\"dateModified\":\"2026-04-05T17:44:42+00:00\",\"description\":\"D\u00e1mske oble\u010denie trojset MIMIR bledofialov\u00fd orgov\u00e1nov\u00fd \u2013 elegantn\u00fd pleten\u00fd set TATTJA sp\u00e1ja jemnos\u0165, luxus a pohodlie v t\u00f3ne ne\u017enej \u017eenskosti.\",\"breadcrumb\":{\"@id\":\"https:\/\/www.tattja.com\/product\/damske-oblecenie-trojset-mimir-bledofialovy-orgovanovy\/#breadcrumb\"},\"inLanguage\":\"de\",\"potentialAction\":[{\"@type\":\"ReadAction\",\"target\":[\"https:\/\/www.tattja.com\/product\/damske-oblecenie-trojset-mimir-bledofialovy-orgovanovy\/\"]}]},{\"@type\":\"ImageObject\",\"inLanguage\":\"de\",\"@id\":\"https:\/\/www.tattja.com\/product\/damske-oblecenie-trojset-mimir-bledofialovy-orgovanovy\/#primaryimage\",\"url\":\"https:\/\/www.tattja.com\/wp-content\/uploads\/2025\/12\/bledofialovy-orgovanovy-trojset-nakrcnik-rukavniky-ciapka-spredu-22.webp\",\"contentUrl\":\"https:\/\/www.tattja.com\/wp-content\/uploads\/2025\/12\/bledofialovy-orgovanovy-trojset-nakrcnik-rukavniky-ciapka-spredu-22.webp\",\"width\":1365,\"height\":2048,\"caption\":\"Bledofialovo-orgov\u00e1nov\u00fd pleten\u00fd trojset \u2013 n\u00e1kr\u010dn\u00edk, ruk\u00e1vniky a \u010diapka, predn\u00fd poh\u013ead\"},{\"@type\":\"BreadcrumbList\",\"@id\":\"https:\/\/www.tattja.com\/product\/damske-oblecenie-trojset-mimir-bledofialovy-orgovanovy\/#breadcrumb\",\"itemListElement\":[{\"@type\":\"ListItem\",\"position\":1,\"name\":\"Domov\",\"item\":\"https:\/\/www.tattja.com\/\"},{\"@type\":\"ListItem\",\"position\":2,\"name\":\"Produkty\",\"item\":\"https:\/\/www.tattja.com\/damske-oblecenie-produkty\/\"},{\"@type\":\"ListItem\",\"position\":3,\"name\":\"D\u00e1mske oble\u010denie 3-set MIMIR bledofialov\u00fd orgov\u00e1nov\u00fd\"}]},{\"@type\":\"WebSite\",\"@id\":\"https:\/\/www.tattja.com\/#website\",\"url\":\"https:\/\/www.tattja.com\/\",\"name\":\"TATTJA\",\"description\":\"D\u00e1mske oble\u010denie z extra jemnej merino vlny \u2014 ru\u010dne pleten\u00e9 na Slovensku\",\"potentialAction\":[{\"@type\":\"SearchAction\",\"target\":{\"@type\":\"EntryPoint\",\"urlTemplate\":\"https:\/\/www.tattja.com\/?s={search_term_string}\"},\"query-input\":{\"@type\":\"PropertyValueSpecification\",\"valueRequired\":true,\"valueName\":\"search_term_string\"}}],\"inLanguage\":\"de\"}]}<\/script>\n<!-- \/ Yoast SEO plugin. -->","yoast_head_json":{"title":"D\u00e1mske oble\u010denie 3-set MIMIR bledofialov\u00fd orgov\u00e1nov\u00fd - TATTJA","description":"D\u00e1mske oble\u010denie trojset MIMIR bledofialov\u00fd orgov\u00e1nov\u00fd \u2013 elegantn\u00fd pleten\u00fd set TATTJA sp\u00e1ja jemnos\u0165, luxus a pohodlie v t\u00f3ne ne\u017enej \u017eenskosti.","robots":{"index":"index","follow":"follow","max-snippet":"max-snippet:-1","max-image-preview":"max-image-preview:large","max-video-preview":"max-video-preview:-1"},"canonical":"https:\/\/www.tattja.com\/de\/product\/damske-oblecenie-trojset-mimir-bledofialovy-orgovanovy\/","og_locale":"de_DE","og_type":"article","og_title":"D\u00e1mske oble\u010denie 3-set MIMIR bledofialov\u00fd orgov\u00e1nov\u00fd - TATTJA","og_description":"D\u00e1mske oble\u010denie trojset MIMIR bledofialov\u00fd orgov\u00e1nov\u00fd \u2013 elegantn\u00fd pleten\u00fd set TATTJA sp\u00e1ja jemnos\u0165, luxus a pohodlie v t\u00f3ne ne\u017enej \u017eenskosti.","og_url":"https:\/\/www.tattja.com\/de\/product\/damske-oblecenie-trojset-mimir-bledofialovy-orgovanovy\/","og_site_name":"TATTJA","article_modified_time":"2026-04-05T17:44:42+00:00","og_image":[{"width":1365,"height":2048,"url":"https:\/\/www.tattja.com\/wp-content\/uploads\/2025\/12\/bledofialovy-orgovanovy-trojset-nakrcnik-rukavniky-ciapka-spredu-22.webp","type":"image\/webp"}],"twitter_card":"summary_large_image","twitter_misc":{"Gesch\u00e4tzte Lesezeit":"2\u00a0Minuten"},"schema":{"@context":"https:\/\/schema.org","@graph":[{"@type":"WebPage","@id":"https:\/\/www.tattja.com\/product\/damske-oblecenie-trojset-mimir-bledofialovy-orgovanovy\/","url":"https:\/\/www.tattja.com\/product\/damske-oblecenie-trojset-mimir-bledofialovy-orgovanovy\/","name":"D\u00e1mske oble\u010denie 3-set MIMIR bledofialov\u00fd orgov\u00e1nov\u00fd - TATTJA","isPartOf":{"@id":"https:\/\/www.tattja.com\/#website"},"primaryImageOfPage":{"@id":"https:\/\/www.tattja.com\/product\/damske-oblecenie-trojset-mimir-bledofialovy-orgovanovy\/#primaryimage"},"image":{"@id":"https:\/\/www.tattja.com\/product\/damske-oblecenie-trojset-mimir-bledofialovy-orgovanovy\/#primaryimage"},"thumbnailUrl":"https:\/\/www.tattja.com\/wp-content\/uploads\/2025\/12\/bledofialovy-orgovanovy-trojset-nakrcnik-rukavniky-ciapka-spredu-22.webp","datePublished":"2025-08-21T08:44:23+00:00","dateModified":"2026-04-05T17:44:42+00:00","description":"D\u00e1mske oble\u010denie trojset MIMIR bledofialov\u00fd orgov\u00e1nov\u00fd \u2013 elegantn\u00fd pleten\u00fd set TATTJA sp\u00e1ja jemnos\u0165, luxus a pohodlie v t\u00f3ne ne\u017enej \u017eenskosti.","breadcrumb":{"@id":"https:\/\/www.tattja.com\/product\/damske-oblecenie-trojset-mimir-bledofialovy-orgovanovy\/#breadcrumb"},"inLanguage":"de","potentialAction":[{"@type":"ReadAction","target":["https:\/\/www.tattja.com\/product\/damske-oblecenie-trojset-mimir-bledofialovy-orgovanovy\/"]}]},{"@type":"ImageObject","inLanguage":"de","@id":"https:\/\/www.tattja.com\/product\/damske-oblecenie-trojset-mimir-bledofialovy-orgovanovy\/#primaryimage","url":"https:\/\/www.tattja.com\/wp-content\/uploads\/2025\/12\/bledofialovy-orgovanovy-trojset-nakrcnik-rukavniky-ciapka-spredu-22.webp","contentUrl":"https:\/\/www.tattja.com\/wp-content\/uploads\/2025\/12\/bledofialovy-orgovanovy-trojset-nakrcnik-rukavniky-ciapka-spredu-22.webp","width":1365,"height":2048,"caption":"Bledofialovo-orgov\u00e1nov\u00fd pleten\u00fd trojset \u2013 n\u00e1kr\u010dn\u00edk, ruk\u00e1vniky a \u010diapka, predn\u00fd poh\u013ead"},{"@type":"BreadcrumbList","@id":"https:\/\/www.tattja.com\/product\/damske-oblecenie-trojset-mimir-bledofialovy-orgovanovy\/#breadcrumb","itemListElement":[{"@type":"ListItem","position":1,"name":"Domov","item":"https:\/\/www.tattja.com\/"},{"@type":"ListItem","position":2,"name":"Produkty","item":"https:\/\/www.tattja.com\/damske-oblecenie-produkty\/"},{"@type":"ListItem","position":3,"name":"D\u00e1mske oble\u010denie 3-set MIMIR bledofialov\u00fd orgov\u00e1nov\u00fd"}]},{"@type":"WebSite","@id":"https:\/\/www.tattja.com\/#website","url":"https:\/\/www.tattja.com\/","name":"TATTJA","description":"D\u00e1mske oble\u010denie z extra jemnej merino vlny \u2014 ru\u010dne pleten\u00e9 na Slovensku","potentialAction":[{"@type":"SearchAction","target":{"@type":"EntryPoint","urlTemplate":"https:\/\/www.tattja.com\/?s={search_term_string}"},"query-input":{"@type":"PropertyValueSpecification","valueRequired":true,"valueName":"search_term_string"}}],"inLanguage":"de"}]}},"_links":{"self":[{"href":"https:\/\/www.tattja.com\/de\/wp-json\/wp\/v2\/product\/2109","targetHints":{"allow":["GET"]}}],"collection":[{"href":"https:\/\/www.tattja.com\/de\/wp-json\/wp\/v2\/product"}],"about":[{"href":"https:\/\/www.tattja.com\/de\/wp-json\/wp\/v2\/types\/product"}],"replies":[{"embeddable":true,"href":"https:\/\/www.tattja.com\/de\/wp-json\/wp\/v2\/comments?post=2109"}],"version-history":[{"count":6,"href":"https:\/\/www.tattja.com\/de\/wp-json\/wp\/v2\/product\/2109\/revisions"}],"predecessor-version":[{"id":7176,"href":"https:\/\/www.tattja.com\/de\/wp-json\/wp\/v2\/product\/2109\/revisions\/7176"}],"wp:featuredmedia":[{"embeddable":true,"href":"https:\/\/www.tattja.com\/de\/wp-json\/wp\/v2\/media\/7352"}],"wp:attachment":[{"href":"https:\/\/www.tattja.com\/de\/wp-json\/wp\/v2\/media?parent=2109"}],"wp:term":[{"taxonomy":"product_brand","embeddable":true,"href":"https:\/\/www.tattja.com\/de\/wp-json\/wp\/v2\/product_brand?post=2109"},{"taxonomy":"product_cat","embeddable":true,"href":"https:\/\/www.tattja.com\/de\/wp-json\/wp\/v2\/product_cat?post=2109"},{"taxonomy":"product_tag","embeddable":true,"href":"https:\/\/www.tattja.com\/de\/wp-json\/wp\/v2\/product_tag?post=2109"}],"curies":[{"name":"wp","href":"https:\/\/api.w.org\/{rel}","templated":true}]}}