{"id":2111,"date":"2025-08-21T10:45:19","date_gmt":"2025-08-21T08:45:19","guid":{"rendered":"https:\/\/www.tattja.com\/?post_type=product&#038;p=2111"},"modified":"2026-04-05T19:44:42","modified_gmt":"2026-04-05T17:44:42","slug":"damske-oblecenie-rojset-solvej-bledofialovy-orgovanovy","status":"publish","type":"product","link":"https:\/\/www.tattja.com\/de\/product\/damske-oblecenie-rojset-solvej-bledofialovy-orgovanovy\/","title":{"rendered":"D\u00e1mske oble\u010denie 3-set SOLVEJ bledofialov\u00fd orgov\u00e1nov\u00fd"},"content":{"rendered":"<p data-start=\"955\" data-end=\"1329\"><strong data-start=\"955\" data-end=\"1014\">Damenbekleidung dreiteilig SOLVEJ blass lila flieder<\/strong> ist eine Hommage an Zartheit, Weiblichkeit und zeitlose Eleganz. Dieses gestrickte Set der Marke <strong data-start=\"1101\" data-end=\"1111\">TATTJA<\/strong> vereint Luxus, Funktionalit\u00e4t und nat\u00fcrliche Sch\u00f6nheit zu einem harmonischen Ganzen. Das dreiteilige Set besteht aus einem Halsw\u00e4rmer, einem Shrug und einer M\u00fctze mit Schirm - drei Teile, die zusammen ein durchdachtes Gleichgewicht zwischen Stil und Komfort schaffen.<\/p>\n<p data-start=\"1331\" data-end=\"1598\">Der Nackenw\u00e4rmer h\u00fcllt den Hals in W\u00e4rme und sorgt f\u00fcr einen subtilen Hauch von Ruhe, der Rundhalsausschnitt umh\u00fcllt den K\u00f6rper und betont die weiblichen Linien, w\u00e4hrend die Beanie-M\u00fctze dem Outfit einen modernen, urbanen Akzent verleiht. Zusammen ergeben sie ein Zusammenspiel, das raffiniert und doch nat\u00fcrlich wirkt.<\/p>\n<p data-start=\"1600\" data-end=\"1942\">Das blasse Violett in einem Fliederton bringt Ruhe und Anmut in das Outfit, reflektiert sanft das Licht und harmoniert mit verschiedenen Farbkombinationen. Der Strickstoff aus hochwertigen Fasern bietet au\u00dfergew\u00f6hnlichen Komfort, Weichheit und Atmungsaktivit\u00e4t. Jedes Detail des Trisuits spiegelt die handwerkliche Pr\u00e4zision und das Gesp\u00fcr f\u00fcr \u00c4sthetik wider, die die Marke TATTJA auszeichnen.<\/p>\n<p data-start=\"1944\" data-end=\"2137\">Das Damen-Outfit Dreier-Set SOLVEJ pale purple lilac wird im Stadt-Outfit, aber auch an freien Tagen auffallen. Es wird Ihr zuverl\u00e4ssiger Begleiter bei k\u00e4lterem Wetter werden und einen subtilen Hauch von Luxus in jeden Tag bringen.<\/p>\n<p data-start=\"2139\" data-end=\"2401\">Jedes St\u00fcck aus der SOLVEJ-Kollektion verk\u00f6rpert die Philosophie der Slow Fashion - Qualit\u00e4t, Handwerkskunst und feminine Anmut in jedem Detail.<\/p>\n<p data-start=\"2139\" data-end=\"2401\">Entdecken Sie die Sch\u00f6nheit der Zartheit, die raffinierten Details und den femininen Stil, der Sie warm h\u00e4lt und <a href=\"https:\/\/www.tattja.com\/de\/product-category\/produkty\/trojsety-3\/nakrcnik-a-driekovnik-a-ciapka\/\">in anderen Farben<\/a>.<br data-start=\"2254\" data-end=\"2257\" \/><strong data-start=\"2257\" data-end=\"2314\">Siehe, <a href=\"https:\/\/shop.bogensberger.co.at\/produkt-schlagwort\/merino-extrafein\/\">aus welchen Materialien<\/a> wir produzieren unsere St\u00fccke<\/strong>, und entdecken Sie, wie sich hochwertige Strickwaren in ein zeitloses Symbol f\u00fcr Eleganz und Harmonie verwandeln.<\/p>","protected":false},"excerpt":{"rendered":"<p><strong data-start=\"712\" data-end=\"771\">Damenbekleidung dreiteilig SOLVEJ blass lila flieder<\/strong> - Feines Damen-Set TATTJA mit Halsw\u00e4rmer, Nackenw\u00e4rmer und M\u00fctze. Es vereint Komfort, Luxus und feminine Eleganz in einem pastellfarbenen Fliederton.<\/p>","protected":false},"featured_media":7360,"comment_status":"open","ping_status":"closed","template":"","meta":[],"product_brand":[],"product_cat":[284,300,286,145,147],"product_tag":[],"class_list":{"0":"post-2111","1":"product","2":"type-product","3":"status-publish","4":"has-post-thumbnail","6":"product_cat-trojsety-3","7":"product_cat-damske-oblecenie","8":"product_cat-nakrcnik-a-driekovnik-a-ciapka","9":"product_cat-pleteninove-doplnky-bledofialove-orgovanove","10":"product_cat-trojsety-bledofialove-orgovanove","12":"first","13":"instock","14":"taxable","15":"shipping-taxable","16":"purchasable","17":"product-type-simple"},"yoast_head":"<!-- This site is optimized with the Yoast SEO plugin v26.0 - https:\/\/yoast.com\/wordpress\/plugins\/seo\/ -->\n<title>D\u00e1mske oble\u010denie 3-set SOLVEJ bledofialov\u00fd orgov\u00e1nov\u00fd - TATTJA<\/title>\n<meta name=\"description\" content=\"D\u00e1mske oble\u010denie trojset SOLVEJ bledofialov\u00fd orgov\u00e1nov\u00fd \u2013 jemn\u00fd pleten\u00fd komplet TATTJA, ktor\u00fd sp\u00e1ja \u017eenskos\u0165, noblesu a pohodlie v jednom elegantnom t\u00f3ne.\" \/>\n<meta name=\"robots\" content=\"index, follow, max-snippet:-1, max-image-preview:large, max-video-preview:-1\" \/>\n<link rel=\"canonical\" href=\"https:\/\/www.tattja.com\/de\/product\/damske-oblecenie-rojset-solvej-bledofialovy-orgovanovy\/\" \/>\n<meta property=\"og:locale\" content=\"de_DE\" \/>\n<meta property=\"og:type\" content=\"article\" \/>\n<meta property=\"og:title\" content=\"D\u00e1mske oble\u010denie 3-set SOLVEJ bledofialov\u00fd orgov\u00e1nov\u00fd - TATTJA\" \/>\n<meta property=\"og:description\" content=\"D\u00e1mske oble\u010denie trojset SOLVEJ bledofialov\u00fd orgov\u00e1nov\u00fd \u2013 jemn\u00fd pleten\u00fd komplet TATTJA, ktor\u00fd sp\u00e1ja \u017eenskos\u0165, noblesu a pohodlie v jednom elegantnom t\u00f3ne.\" \/>\n<meta property=\"og:url\" content=\"https:\/\/www.tattja.com\/de\/product\/damske-oblecenie-rojset-solvej-bledofialovy-orgovanovy\/\" \/>\n<meta property=\"og:site_name\" content=\"TATTJA\" \/>\n<meta property=\"article:modified_time\" content=\"2026-04-05T17:44:42+00:00\" \/>\n<meta property=\"og:image\" content=\"https:\/\/www.tattja.com\/wp-content\/uploads\/2025\/12\/bledofialovy-orgovanovy-trojset-nakrcnik-driekovnik-ciapka-spredu-31.webp\" \/>\n\t<meta property=\"og:image:width\" content=\"1365\" \/>\n\t<meta property=\"og:image:height\" content=\"2048\" \/>\n\t<meta property=\"og:image:type\" content=\"image\/webp\" \/>\n<meta name=\"twitter:card\" content=\"summary_large_image\" \/>\n<meta name=\"twitter:label1\" content=\"Gesch\u00e4tzte Lesezeit\" \/>\n\t<meta name=\"twitter:data1\" content=\"2\u00a0Minuten\" \/>\n<script type=\"application\/ld+json\" class=\"yoast-schema-graph\">{\"@context\":\"https:\/\/schema.org\",\"@graph\":[{\"@type\":\"WebPage\",\"@id\":\"https:\/\/www.tattja.com\/product\/damske-oblecenie-rojset-solvej-bledofialovy-orgovanovy\/\",\"url\":\"https:\/\/www.tattja.com\/product\/damske-oblecenie-rojset-solvej-bledofialovy-orgovanovy\/\",\"name\":\"D\u00e1mske oble\u010denie 3-set SOLVEJ bledofialov\u00fd orgov\u00e1nov\u00fd - TATTJA\",\"isPartOf\":{\"@id\":\"https:\/\/www.tattja.com\/#website\"},\"primaryImageOfPage\":{\"@id\":\"https:\/\/www.tattja.com\/product\/damske-oblecenie-rojset-solvej-bledofialovy-orgovanovy\/#primaryimage\"},\"image\":{\"@id\":\"https:\/\/www.tattja.com\/product\/damske-oblecenie-rojset-solvej-bledofialovy-orgovanovy\/#primaryimage\"},\"thumbnailUrl\":\"https:\/\/www.tattja.com\/wp-content\/uploads\/2025\/12\/bledofialovy-orgovanovy-trojset-nakrcnik-driekovnik-ciapka-spredu-31.webp\",\"datePublished\":\"2025-08-21T08:45:19+00:00\",\"dateModified\":\"2026-04-05T17:44:42+00:00\",\"description\":\"D\u00e1mske oble\u010denie trojset SOLVEJ bledofialov\u00fd orgov\u00e1nov\u00fd \u2013 jemn\u00fd pleten\u00fd komplet TATTJA, ktor\u00fd sp\u00e1ja \u017eenskos\u0165, noblesu a pohodlie v jednom elegantnom t\u00f3ne.\",\"breadcrumb\":{\"@id\":\"https:\/\/www.tattja.com\/product\/damske-oblecenie-rojset-solvej-bledofialovy-orgovanovy\/#breadcrumb\"},\"inLanguage\":\"de\",\"potentialAction\":[{\"@type\":\"ReadAction\",\"target\":[\"https:\/\/www.tattja.com\/product\/damske-oblecenie-rojset-solvej-bledofialovy-orgovanovy\/\"]}]},{\"@type\":\"ImageObject\",\"inLanguage\":\"de\",\"@id\":\"https:\/\/www.tattja.com\/product\/damske-oblecenie-rojset-solvej-bledofialovy-orgovanovy\/#primaryimage\",\"url\":\"https:\/\/www.tattja.com\/wp-content\/uploads\/2025\/12\/bledofialovy-orgovanovy-trojset-nakrcnik-driekovnik-ciapka-spredu-31.webp\",\"contentUrl\":\"https:\/\/www.tattja.com\/wp-content\/uploads\/2025\/12\/bledofialovy-orgovanovy-trojset-nakrcnik-driekovnik-ciapka-spredu-31.webp\",\"width\":1365,\"height\":2048,\"caption\":\"Bledofialovo-orgov\u00e1nov\u00fd pleten\u00fd trojset \u2013 n\u00e1kr\u010dn\u00edk, driekovn\u00edk a \u010diapka, predn\u00fd poh\u013ead\"},{\"@type\":\"BreadcrumbList\",\"@id\":\"https:\/\/www.tattja.com\/product\/damske-oblecenie-rojset-solvej-bledofialovy-orgovanovy\/#breadcrumb\",\"itemListElement\":[{\"@type\":\"ListItem\",\"position\":1,\"name\":\"Domov\",\"item\":\"https:\/\/www.tattja.com\/\"},{\"@type\":\"ListItem\",\"position\":2,\"name\":\"Produkty\",\"item\":\"https:\/\/www.tattja.com\/damske-oblecenie-produkty\/\"},{\"@type\":\"ListItem\",\"position\":3,\"name\":\"D\u00e1mske oble\u010denie 3-set SOLVEJ bledofialov\u00fd orgov\u00e1nov\u00fd\"}]},{\"@type\":\"WebSite\",\"@id\":\"https:\/\/www.tattja.com\/#website\",\"url\":\"https:\/\/www.tattja.com\/\",\"name\":\"TATTJA\",\"description\":\"D\u00e1mske oble\u010denie z extra jemnej merino vlny \u2014 ru\u010dne pleten\u00e9 na Slovensku\",\"potentialAction\":[{\"@type\":\"SearchAction\",\"target\":{\"@type\":\"EntryPoint\",\"urlTemplate\":\"https:\/\/www.tattja.com\/?s={search_term_string}\"},\"query-input\":{\"@type\":\"PropertyValueSpecification\",\"valueRequired\":true,\"valueName\":\"search_term_string\"}}],\"inLanguage\":\"de\"}]}<\/script>\n<!-- \/ Yoast SEO plugin. -->","yoast_head_json":{"title":"D\u00e1mske oble\u010denie 3-set SOLVEJ bledofialov\u00fd orgov\u00e1nov\u00fd - TATTJA","description":"D\u00e1mske oble\u010denie trojset SOLVEJ bledofialov\u00fd orgov\u00e1nov\u00fd \u2013 jemn\u00fd pleten\u00fd komplet TATTJA, ktor\u00fd sp\u00e1ja \u017eenskos\u0165, noblesu a pohodlie v jednom elegantnom t\u00f3ne.","robots":{"index":"index","follow":"follow","max-snippet":"max-snippet:-1","max-image-preview":"max-image-preview:large","max-video-preview":"max-video-preview:-1"},"canonical":"https:\/\/www.tattja.com\/de\/product\/damske-oblecenie-rojset-solvej-bledofialovy-orgovanovy\/","og_locale":"de_DE","og_type":"article","og_title":"D\u00e1mske oble\u010denie 3-set SOLVEJ bledofialov\u00fd orgov\u00e1nov\u00fd - TATTJA","og_description":"D\u00e1mske oble\u010denie trojset SOLVEJ bledofialov\u00fd orgov\u00e1nov\u00fd \u2013 jemn\u00fd pleten\u00fd komplet TATTJA, ktor\u00fd sp\u00e1ja \u017eenskos\u0165, noblesu a pohodlie v jednom elegantnom t\u00f3ne.","og_url":"https:\/\/www.tattja.com\/de\/product\/damske-oblecenie-rojset-solvej-bledofialovy-orgovanovy\/","og_site_name":"TATTJA","article_modified_time":"2026-04-05T17:44:42+00:00","og_image":[{"width":1365,"height":2048,"url":"https:\/\/www.tattja.com\/wp-content\/uploads\/2025\/12\/bledofialovy-orgovanovy-trojset-nakrcnik-driekovnik-ciapka-spredu-31.webp","type":"image\/webp"}],"twitter_card":"summary_large_image","twitter_misc":{"Gesch\u00e4tzte Lesezeit":"2\u00a0Minuten"},"schema":{"@context":"https:\/\/schema.org","@graph":[{"@type":"WebPage","@id":"https:\/\/www.tattja.com\/product\/damske-oblecenie-rojset-solvej-bledofialovy-orgovanovy\/","url":"https:\/\/www.tattja.com\/product\/damske-oblecenie-rojset-solvej-bledofialovy-orgovanovy\/","name":"D\u00e1mske oble\u010denie 3-set SOLVEJ bledofialov\u00fd orgov\u00e1nov\u00fd - TATTJA","isPartOf":{"@id":"https:\/\/www.tattja.com\/#website"},"primaryImageOfPage":{"@id":"https:\/\/www.tattja.com\/product\/damske-oblecenie-rojset-solvej-bledofialovy-orgovanovy\/#primaryimage"},"image":{"@id":"https:\/\/www.tattja.com\/product\/damske-oblecenie-rojset-solvej-bledofialovy-orgovanovy\/#primaryimage"},"thumbnailUrl":"https:\/\/www.tattja.com\/wp-content\/uploads\/2025\/12\/bledofialovy-orgovanovy-trojset-nakrcnik-driekovnik-ciapka-spredu-31.webp","datePublished":"2025-08-21T08:45:19+00:00","dateModified":"2026-04-05T17:44:42+00:00","description":"D\u00e1mske oble\u010denie trojset SOLVEJ bledofialov\u00fd orgov\u00e1nov\u00fd \u2013 jemn\u00fd pleten\u00fd komplet TATTJA, ktor\u00fd sp\u00e1ja \u017eenskos\u0165, noblesu a pohodlie v jednom elegantnom t\u00f3ne.","breadcrumb":{"@id":"https:\/\/www.tattja.com\/product\/damske-oblecenie-rojset-solvej-bledofialovy-orgovanovy\/#breadcrumb"},"inLanguage":"de","potentialAction":[{"@type":"ReadAction","target":["https:\/\/www.tattja.com\/product\/damske-oblecenie-rojset-solvej-bledofialovy-orgovanovy\/"]}]},{"@type":"ImageObject","inLanguage":"de","@id":"https:\/\/www.tattja.com\/product\/damske-oblecenie-rojset-solvej-bledofialovy-orgovanovy\/#primaryimage","url":"https:\/\/www.tattja.com\/wp-content\/uploads\/2025\/12\/bledofialovy-orgovanovy-trojset-nakrcnik-driekovnik-ciapka-spredu-31.webp","contentUrl":"https:\/\/www.tattja.com\/wp-content\/uploads\/2025\/12\/bledofialovy-orgovanovy-trojset-nakrcnik-driekovnik-ciapka-spredu-31.webp","width":1365,"height":2048,"caption":"Bledofialovo-orgov\u00e1nov\u00fd pleten\u00fd trojset \u2013 n\u00e1kr\u010dn\u00edk, driekovn\u00edk a \u010diapka, predn\u00fd poh\u013ead"},{"@type":"BreadcrumbList","@id":"https:\/\/www.tattja.com\/product\/damske-oblecenie-rojset-solvej-bledofialovy-orgovanovy\/#breadcrumb","itemListElement":[{"@type":"ListItem","position":1,"name":"Domov","item":"https:\/\/www.tattja.com\/"},{"@type":"ListItem","position":2,"name":"Produkty","item":"https:\/\/www.tattja.com\/damske-oblecenie-produkty\/"},{"@type":"ListItem","position":3,"name":"D\u00e1mske oble\u010denie 3-set SOLVEJ bledofialov\u00fd orgov\u00e1nov\u00fd"}]},{"@type":"WebSite","@id":"https:\/\/www.tattja.com\/#website","url":"https:\/\/www.tattja.com\/","name":"TATTJA","description":"D\u00e1mske oble\u010denie z extra jemnej merino vlny \u2014 ru\u010dne pleten\u00e9 na Slovensku","potentialAction":[{"@type":"SearchAction","target":{"@type":"EntryPoint","urlTemplate":"https:\/\/www.tattja.com\/?s={search_term_string}"},"query-input":{"@type":"PropertyValueSpecification","valueRequired":true,"valueName":"search_term_string"}}],"inLanguage":"de"}]}},"_links":{"self":[{"href":"https:\/\/www.tattja.com\/de\/wp-json\/wp\/v2\/product\/2111","targetHints":{"allow":["GET"]}}],"collection":[{"href":"https:\/\/www.tattja.com\/de\/wp-json\/wp\/v2\/product"}],"about":[{"href":"https:\/\/www.tattja.com\/de\/wp-json\/wp\/v2\/types\/product"}],"replies":[{"embeddable":true,"href":"https:\/\/www.tattja.com\/de\/wp-json\/wp\/v2\/comments?post=2111"}],"version-history":[{"count":6,"href":"https:\/\/www.tattja.com\/de\/wp-json\/wp\/v2\/product\/2111\/revisions"}],"predecessor-version":[{"id":7175,"href":"https:\/\/www.tattja.com\/de\/wp-json\/wp\/v2\/product\/2111\/revisions\/7175"}],"wp:featuredmedia":[{"embeddable":true,"href":"https:\/\/www.tattja.com\/de\/wp-json\/wp\/v2\/media\/7360"}],"wp:attachment":[{"href":"https:\/\/www.tattja.com\/de\/wp-json\/wp\/v2\/media?parent=2111"}],"wp:term":[{"taxonomy":"product_brand","embeddable":true,"href":"https:\/\/www.tattja.com\/de\/wp-json\/wp\/v2\/product_brand?post=2111"},{"taxonomy":"product_cat","embeddable":true,"href":"https:\/\/www.tattja.com\/de\/wp-json\/wp\/v2\/product_cat?post=2111"},{"taxonomy":"product_tag","embeddable":true,"href":"https:\/\/www.tattja.com\/de\/wp-json\/wp\/v2\/product_tag?post=2111"}],"curies":[{"name":"wp","href":"https:\/\/api.w.org\/{rel}","templated":true}]}}