{"id":2145,"date":"2025-08-21T11:07:25","date_gmt":"2025-08-21T09:07:25","guid":{"rendered":"https:\/\/www.tattja.com\/?post_type=product&#038;p=2145"},"modified":"2026-04-05T19:44:38","modified_gmt":"2026-04-05T17:44:38","slug":"damske-oblecenie-ciapka-anja-tmavofialova","status":"publish","type":"product","link":"https:\/\/www.tattja.com\/de\/product\/damske-oblecenie-ciapka-anja-tmavofialova\/","title":{"rendered":"Damenbekleidung M\u00fctze ANJA dunkel lila"},"content":{"rendered":"<p data-start=\"861\" data-end=\"1109\"><strong data-start=\"861\" data-end=\"906\">Damenbekleidung M\u00fctze ANJA dunkel lila<\/strong> ist der Inbegriff von Eleganz und anspruchsvollem Stil. Dieses Modell aus der Kollektion <strong data-start=\"980\" data-end=\"990\">TATTJA<\/strong> vereint Raffinesse, Eleganz und Funktionalit\u00e4t und ist damit das perfekte Accessoire f\u00fcr Frauen, die Details mit Charakter lieben.<\/p>\n<p data-start=\"1111\" data-end=\"1411\">Das dunkle Lila wirkt tief, sinnlich und verleiht dem Outfit einen Hauch von Geheimnis. Sie symbolisiert weibliche St\u00e4rke, Selbstvertrauen und Gelassenheit. In Kombination mit dem minimalistischen Design wirkt die M\u00fctze modern und doch zeitlos. Sie erg\u00e4nzt perfekt ein Outfit in neutralen T\u00f6nen, hebt aber auch den Kontrast zu kr\u00e4ftigeren Farben hervor.<\/p>\n<p data-start=\"1413\" data-end=\"1728\">Die feine Rippenstruktur passt sich dem Kopf auf nat\u00fcrliche Weise an und sorgt f\u00fcr ein Gef\u00fchl von Komfort und W\u00e4rme an kalten Tagen. Das Gestrick ist angenehm auf der Haut, atmungsaktiv und beh\u00e4lt auch bei t\u00e4glichem Tragen seine Form. Jede Masche dr\u00fcckt die f\u00fcr die Marke typische Betonung von Qualit\u00e4t und pr\u00e4ziser Handarbeit aus <strong data-start=\"1715\" data-end=\"1725\">TATTJA<\/strong>.<\/p>\n<p data-start=\"1730\" data-end=\"1945\">Der stilvolle Schirm verleiht der M\u00fctze einen modernen, k\u00fchnen Charakter und sch\u00fctzt die Augen vor Sonneneinstrahlung und Wind. Er verbindet Funktionalit\u00e4t mit einem eleganten Look und macht die Kappe zu einem einzigartigen St\u00fcck f\u00fcr jede Garderobe.<\/p>\n<p data-start=\"1947\" data-end=\"2161\"><strong data-start=\"1947\" data-end=\"1975\">Damenbekleidung M\u00fctze ANJA dunkel lila<\/strong> ist f\u00fcr legere Tage, Spazierg\u00e4nge und urbane Outfits geeignet. Kombiniert mit einem Shrug, Armb\u00e4ndern oder einem Halsw\u00e4rmer <strong data-start=\"2083\" data-end=\"2093\">TATTJA<\/strong> schafft ein harmonisches Ganzes, das die Pers\u00f6nlichkeit jeder Frau unterstreicht.<\/p>\n<p data-start=\"2163\" data-end=\"2268\">Entdecken Sie die Sch\u00f6nheit der Zartheit, die raffinierten Details und den femininen Stil, der Sie warm h\u00e4lt und <a href=\"https:\/\/www.tattja.com\/de\/product-category\/damske-oblecenie\/doplnky-jednotlivo\/ciapky\/\">in anderen Farben<\/a>.<\/p>\n<p data-start=\"2270\" data-end=\"2408\"><strong data-start=\"2270\" data-end=\"2324\">Siehe, <a href=\"https:\/\/shop.bogensberger.co.at\/produkt-schlagwort\/merino-extrafein\/\">aus welchem Material<\/a>in der wir unsere St\u00fccke produzieren<\/strong> und lassen Sie sich von der Qualit\u00e4t und der eleganten Handwerkskunst inspirieren <strong data-start=\"2395\" data-end=\"2405\">TATTJA<\/strong>.<\/p>","protected":false},"excerpt":{"rendered":"<p><strong data-start=\"665\" data-end=\"710\">Damenbekleidung M\u00fctze ANJA dunkel lila<\/strong> - ein Symbol f\u00fcr Weiblichkeit und Eleganz. Ein luxuri\u00f6ser Strick, eine moderne Silhouette und ein Hauch von Raffinesse f\u00fcr jedes stilvolle Outfit.<\/p>","protected":false},"featured_media":7577,"comment_status":"open","ping_status":"closed","template":"","meta":[],"product_brand":[],"product_cat":[200,282,298,193],"product_tag":[],"class_list":{"0":"post-2145","1":"product","2":"type-product","3":"status-publish","4":"has-post-thumbnail","6":"product_cat-ciapka-tmavofialova","7":"product_cat-ciapky","8":"product_cat-doplnky-jednotlivo","9":"product_cat-pleteninove-doplnky-tmavofialove","11":"first","12":"instock","13":"taxable","14":"shipping-taxable","15":"purchasable","16":"product-type-simple"},"yoast_head":"<!-- This site is optimized with the Yoast SEO plugin v26.0 - https:\/\/yoast.com\/wordpress\/plugins\/seo\/ -->\n<title>D\u00e1mske oble\u010denie \u010diapka ANJA tmavofialov\u00e1 - TATTJA<\/title>\n<meta name=\"description\" content=\"D\u00e1mske oble\u010denie \u010diapka ANJA tmavofialov\u00e1 \u2013 elegantn\u00fd doplnok, ktor\u00fd sp\u00e1ja noblesu, komfort a \u017eensk\u00fd \u0161t\u00fdl v modernej pletenej podobe.\" \/>\n<meta name=\"robots\" content=\"index, follow, max-snippet:-1, max-image-preview:large, max-video-preview:-1\" \/>\n<link rel=\"canonical\" href=\"https:\/\/www.tattja.com\/de\/product\/damske-oblecenie-ciapka-anja-tmavofialova\/\" \/>\n<meta property=\"og:locale\" content=\"de_DE\" \/>\n<meta property=\"og:type\" content=\"article\" \/>\n<meta property=\"og:title\" content=\"D\u00e1mske oble\u010denie \u010diapka ANJA tmavofialov\u00e1 - TATTJA\" \/>\n<meta property=\"og:description\" content=\"D\u00e1mske oble\u010denie \u010diapka ANJA tmavofialov\u00e1 \u2013 elegantn\u00fd doplnok, ktor\u00fd sp\u00e1ja noblesu, komfort a \u017eensk\u00fd \u0161t\u00fdl v modernej pletenej podobe.\" \/>\n<meta property=\"og:url\" content=\"https:\/\/www.tattja.com\/de\/product\/damske-oblecenie-ciapka-anja-tmavofialova\/\" \/>\n<meta property=\"og:site_name\" content=\"TATTJA\" \/>\n<meta property=\"article:modified_time\" content=\"2026-04-05T17:44:38+00:00\" \/>\n<meta property=\"og:image\" content=\"https:\/\/www.tattja.com\/wp-content\/uploads\/2026\/01\/tmavofialovy-ciapka-spredu-43.webp\" \/>\n\t<meta property=\"og:image:width\" content=\"1365\" \/>\n\t<meta property=\"og:image:height\" content=\"2048\" \/>\n\t<meta property=\"og:image:type\" content=\"image\/webp\" \/>\n<meta name=\"twitter:card\" content=\"summary_large_image\" \/>\n<meta name=\"twitter:label1\" content=\"Gesch\u00e4tzte Lesezeit\" \/>\n\t<meta name=\"twitter:data1\" content=\"2\u00a0Minuten\" \/>\n<script type=\"application\/ld+json\" class=\"yoast-schema-graph\">{\"@context\":\"https:\/\/schema.org\",\"@graph\":[{\"@type\":\"WebPage\",\"@id\":\"https:\/\/www.tattja.com\/product\/damske-oblecenie-ciapka-anja-tmavofialova\/\",\"url\":\"https:\/\/www.tattja.com\/product\/damske-oblecenie-ciapka-anja-tmavofialova\/\",\"name\":\"D\u00e1mske oble\u010denie \u010diapka ANJA tmavofialov\u00e1 - TATTJA\",\"isPartOf\":{\"@id\":\"https:\/\/www.tattja.com\/#website\"},\"primaryImageOfPage\":{\"@id\":\"https:\/\/www.tattja.com\/product\/damske-oblecenie-ciapka-anja-tmavofialova\/#primaryimage\"},\"image\":{\"@id\":\"https:\/\/www.tattja.com\/product\/damske-oblecenie-ciapka-anja-tmavofialova\/#primaryimage\"},\"thumbnailUrl\":\"https:\/\/www.tattja.com\/wp-content\/uploads\/2026\/01\/tmavofialovy-ciapka-spredu-43.webp\",\"datePublished\":\"2025-08-21T09:07:25+00:00\",\"dateModified\":\"2026-04-05T17:44:38+00:00\",\"description\":\"D\u00e1mske oble\u010denie \u010diapka ANJA tmavofialov\u00e1 \u2013 elegantn\u00fd doplnok, ktor\u00fd sp\u00e1ja noblesu, komfort a \u017eensk\u00fd \u0161t\u00fdl v modernej pletenej podobe.\",\"breadcrumb\":{\"@id\":\"https:\/\/www.tattja.com\/product\/damske-oblecenie-ciapka-anja-tmavofialova\/#breadcrumb\"},\"inLanguage\":\"de\",\"potentialAction\":[{\"@type\":\"ReadAction\",\"target\":[\"https:\/\/www.tattja.com\/product\/damske-oblecenie-ciapka-anja-tmavofialova\/\"]}]},{\"@type\":\"ImageObject\",\"inLanguage\":\"de\",\"@id\":\"https:\/\/www.tattja.com\/product\/damske-oblecenie-ciapka-anja-tmavofialova\/#primaryimage\",\"url\":\"https:\/\/www.tattja.com\/wp-content\/uploads\/2026\/01\/tmavofialovy-ciapka-spredu-43.webp\",\"contentUrl\":\"https:\/\/www.tattja.com\/wp-content\/uploads\/2026\/01\/tmavofialovy-ciapka-spredu-43.webp\",\"width\":1365,\"height\":2048,\"caption\":\"\u010ciapka ANJA tmavofialov\u00e1 \u2013 predn\u00fd poh\u013ead | TATTJA\"},{\"@type\":\"BreadcrumbList\",\"@id\":\"https:\/\/www.tattja.com\/product\/damske-oblecenie-ciapka-anja-tmavofialova\/#breadcrumb\",\"itemListElement\":[{\"@type\":\"ListItem\",\"position\":1,\"name\":\"Domov\",\"item\":\"https:\/\/www.tattja.com\/\"},{\"@type\":\"ListItem\",\"position\":2,\"name\":\"Produkty\",\"item\":\"https:\/\/www.tattja.com\/damske-oblecenie-produkty\/\"},{\"@type\":\"ListItem\",\"position\":3,\"name\":\"D\u00e1mske oble\u010denie \u010diapka ANJA tmavofialov\u00e1\"}]},{\"@type\":\"WebSite\",\"@id\":\"https:\/\/www.tattja.com\/#website\",\"url\":\"https:\/\/www.tattja.com\/\",\"name\":\"TATTJA\",\"description\":\"D\u00e1mske oble\u010denie z extra jemnej merino vlny \u2014 ru\u010dne pleten\u00e9 na Slovensku\",\"potentialAction\":[{\"@type\":\"SearchAction\",\"target\":{\"@type\":\"EntryPoint\",\"urlTemplate\":\"https:\/\/www.tattja.com\/?s={search_term_string}\"},\"query-input\":{\"@type\":\"PropertyValueSpecification\",\"valueRequired\":true,\"valueName\":\"search_term_string\"}}],\"inLanguage\":\"de\"}]}<\/script>\n<!-- \/ Yoast SEO plugin. -->","yoast_head_json":{"title":"D\u00e1mske oble\u010denie \u010diapka ANJA tmavofialov\u00e1 - TATTJA","description":"D\u00e1mske oble\u010denie \u010diapka ANJA tmavofialov\u00e1 \u2013 elegantn\u00fd doplnok, ktor\u00fd sp\u00e1ja noblesu, komfort a \u017eensk\u00fd \u0161t\u00fdl v modernej pletenej podobe.","robots":{"index":"index","follow":"follow","max-snippet":"max-snippet:-1","max-image-preview":"max-image-preview:large","max-video-preview":"max-video-preview:-1"},"canonical":"https:\/\/www.tattja.com\/de\/product\/damske-oblecenie-ciapka-anja-tmavofialova\/","og_locale":"de_DE","og_type":"article","og_title":"D\u00e1mske oble\u010denie \u010diapka ANJA tmavofialov\u00e1 - TATTJA","og_description":"D\u00e1mske oble\u010denie \u010diapka ANJA tmavofialov\u00e1 \u2013 elegantn\u00fd doplnok, ktor\u00fd sp\u00e1ja noblesu, komfort a \u017eensk\u00fd \u0161t\u00fdl v modernej pletenej podobe.","og_url":"https:\/\/www.tattja.com\/de\/product\/damske-oblecenie-ciapka-anja-tmavofialova\/","og_site_name":"TATTJA","article_modified_time":"2026-04-05T17:44:38+00:00","og_image":[{"width":1365,"height":2048,"url":"https:\/\/www.tattja.com\/wp-content\/uploads\/2026\/01\/tmavofialovy-ciapka-spredu-43.webp","type":"image\/webp"}],"twitter_card":"summary_large_image","twitter_misc":{"Gesch\u00e4tzte Lesezeit":"2\u00a0Minuten"},"schema":{"@context":"https:\/\/schema.org","@graph":[{"@type":"WebPage","@id":"https:\/\/www.tattja.com\/product\/damske-oblecenie-ciapka-anja-tmavofialova\/","url":"https:\/\/www.tattja.com\/product\/damske-oblecenie-ciapka-anja-tmavofialova\/","name":"D\u00e1mske oble\u010denie \u010diapka ANJA tmavofialov\u00e1 - TATTJA","isPartOf":{"@id":"https:\/\/www.tattja.com\/#website"},"primaryImageOfPage":{"@id":"https:\/\/www.tattja.com\/product\/damske-oblecenie-ciapka-anja-tmavofialova\/#primaryimage"},"image":{"@id":"https:\/\/www.tattja.com\/product\/damske-oblecenie-ciapka-anja-tmavofialova\/#primaryimage"},"thumbnailUrl":"https:\/\/www.tattja.com\/wp-content\/uploads\/2026\/01\/tmavofialovy-ciapka-spredu-43.webp","datePublished":"2025-08-21T09:07:25+00:00","dateModified":"2026-04-05T17:44:38+00:00","description":"D\u00e1mske oble\u010denie \u010diapka ANJA tmavofialov\u00e1 \u2013 elegantn\u00fd doplnok, ktor\u00fd sp\u00e1ja noblesu, komfort a \u017eensk\u00fd \u0161t\u00fdl v modernej pletenej podobe.","breadcrumb":{"@id":"https:\/\/www.tattja.com\/product\/damske-oblecenie-ciapka-anja-tmavofialova\/#breadcrumb"},"inLanguage":"de","potentialAction":[{"@type":"ReadAction","target":["https:\/\/www.tattja.com\/product\/damske-oblecenie-ciapka-anja-tmavofialova\/"]}]},{"@type":"ImageObject","inLanguage":"de","@id":"https:\/\/www.tattja.com\/product\/damske-oblecenie-ciapka-anja-tmavofialova\/#primaryimage","url":"https:\/\/www.tattja.com\/wp-content\/uploads\/2026\/01\/tmavofialovy-ciapka-spredu-43.webp","contentUrl":"https:\/\/www.tattja.com\/wp-content\/uploads\/2026\/01\/tmavofialovy-ciapka-spredu-43.webp","width":1365,"height":2048,"caption":"\u010ciapka ANJA tmavofialov\u00e1 \u2013 predn\u00fd poh\u013ead | TATTJA"},{"@type":"BreadcrumbList","@id":"https:\/\/www.tattja.com\/product\/damske-oblecenie-ciapka-anja-tmavofialova\/#breadcrumb","itemListElement":[{"@type":"ListItem","position":1,"name":"Domov","item":"https:\/\/www.tattja.com\/"},{"@type":"ListItem","position":2,"name":"Produkty","item":"https:\/\/www.tattja.com\/damske-oblecenie-produkty\/"},{"@type":"ListItem","position":3,"name":"D\u00e1mske oble\u010denie \u010diapka ANJA tmavofialov\u00e1"}]},{"@type":"WebSite","@id":"https:\/\/www.tattja.com\/#website","url":"https:\/\/www.tattja.com\/","name":"TATTJA","description":"D\u00e1mske oble\u010denie z extra jemnej merino vlny \u2014 ru\u010dne pleten\u00e9 na Slovensku","potentialAction":[{"@type":"SearchAction","target":{"@type":"EntryPoint","urlTemplate":"https:\/\/www.tattja.com\/?s={search_term_string}"},"query-input":{"@type":"PropertyValueSpecification","valueRequired":true,"valueName":"search_term_string"}}],"inLanguage":"de"}]}},"_links":{"self":[{"href":"https:\/\/www.tattja.com\/de\/wp-json\/wp\/v2\/product\/2145","targetHints":{"allow":["GET"]}}],"collection":[{"href":"https:\/\/www.tattja.com\/de\/wp-json\/wp\/v2\/product"}],"about":[{"href":"https:\/\/www.tattja.com\/de\/wp-json\/wp\/v2\/types\/product"}],"replies":[{"embeddable":true,"href":"https:\/\/www.tattja.com\/de\/wp-json\/wp\/v2\/comments?post=2145"}],"version-history":[{"count":6,"href":"https:\/\/www.tattja.com\/de\/wp-json\/wp\/v2\/product\/2145\/revisions"}],"predecessor-version":[{"id":5910,"href":"https:\/\/www.tattja.com\/de\/wp-json\/wp\/v2\/product\/2145\/revisions\/5910"}],"wp:featuredmedia":[{"embeddable":true,"href":"https:\/\/www.tattja.com\/de\/wp-json\/wp\/v2\/media\/7577"}],"wp:attachment":[{"href":"https:\/\/www.tattja.com\/de\/wp-json\/wp\/v2\/media?parent=2145"}],"wp:term":[{"taxonomy":"product_brand","embeddable":true,"href":"https:\/\/www.tattja.com\/de\/wp-json\/wp\/v2\/product_brand?post=2145"},{"taxonomy":"product_cat","embeddable":true,"href":"https:\/\/www.tattja.com\/de\/wp-json\/wp\/v2\/product_cat?post=2145"},{"taxonomy":"product_tag","embeddable":true,"href":"https:\/\/www.tattja.com\/de\/wp-json\/wp\/v2\/product_tag?post=2145"}],"curies":[{"name":"wp","href":"https:\/\/api.w.org\/{rel}","templated":true}]}}