{"id":2151,"date":"2025-08-21T11:10:22","date_gmt":"2025-08-21T09:10:22","guid":{"rendered":"https:\/\/www.tattja.com\/?post_type=product&#038;p=2151"},"modified":"2026-04-05T19:44:38","modified_gmt":"2026-04-05T17:44:38","slug":"damske-oblecenie-nakrcnik-tanja-tmavofialovy","status":"publish","type":"product","link":"https:\/\/www.tattja.com\/de\/product\/damske-oblecenie-nakrcnik-tanja-tmavofialovy\/","title":{"rendered":"Damenbekleidung Halsw\u00e4rmer TANJA dunkel lila"},"content":{"rendered":"<p data-start=\"807\" data-end=\"1090\"><strong data-start=\"807\" data-end=\"855\">Damenbekleidung Halsw\u00e4rmer TANJA dunkel lila<\/strong> ist ein elegantes Accessoire, das Sinnlichkeit, Komfort und modernes Design vereint. Dieses Modell aus der Kollektion <strong data-start=\"951\" data-end=\"961\">TATTJA<\/strong> ist eine Kombination aus handwerklicher Pr\u00e4zision und k\u00fcnstlerischer Sensibilit\u00e4t, die sie zu einem au\u00dfergew\u00f6hnlichen Element in der Garderobe einer jeden Frau macht.<\/p>\n<p data-start=\"1092\" data-end=\"1368\">Der dunkelviolette Farbton symbolisiert Raffinesse, Geheimnis und innere St\u00e4rke. Er wirkt elegant, aber gleichzeitig auch interessant und originell. Die Farbe unterstreicht die Weiblichkeit und bildet einen raffinierten Kontrast zur neutralen Farbpalette des Outfits. Der TANJA-Halsschmuck verleiht dem Outfit Tiefe, Charme und einen unverwechselbaren Charakter.<\/p>\n<p data-start=\"1370\" data-end=\"1652\">Der feine Rippenstrick aus hochwertigem Garn umh\u00fcllt Schultern und Nacken mit Weichheit. Er ist leicht, atmungsaktiv und angenehm auf der Haut und sorgt so f\u00fcr maximalen Tragekomfort. Dank der flexiblen Passform passt es sich der Figur an und erm\u00f6glicht eine Vielzahl von Stylings - von elegant bis leger.<\/p>\n<p data-start=\"1654\" data-end=\"1875\">Der lilafarbene Halsw\u00e4rmer f\u00fcr Damen von TANJA wurde f\u00fcr Frauen entworfen, die ein Gleichgewicht zwischen schlichter Sch\u00f6nheit und markantem Design suchen. Er passt gut zu einem urbanen Mantel, einem Wollpullover und einem Kleid und verleiht dem Outfit einen subtilen Hauch von Luxus.<\/p>\n<p data-start=\"1877\" data-end=\"2041\">Sein zeitloser Look garantiert eine lange Lebensdauer im Kleiderschrank und die M\u00f6glichkeit, ihn das ganze Jahr \u00fcber zu kombinieren. Es erg\u00e4nzt sowohl Winter- als auch Fr\u00fchlingsoutfits und beh\u00e4lt dabei Leichtigkeit und Eleganz.<\/p>\n<p data-start=\"2043\" data-end=\"2148\">Entdecken Sie die Sch\u00f6nheit der Zartheit, die raffinierten Details und den femininen Stil, der Sie warm h\u00e4lt und <a href=\"https:\/\/www.tattja.com\/de\/product-category\/damske-oblecenie\/doplnky-jednotlivo\/nakrcniky\/\">in anderen Farben<\/a>.<\/p>\n<p data-start=\"2150\" data-end=\"2266\"><strong data-start=\"2150\" data-end=\"2204\">Siehe, <a href=\"https:\/\/shop.bogensberger.co.at\/produkt-schlagwort\/merino-extrafein\/\">aus welchen Materialien<\/a> wir produzieren unsere St\u00fccke<\/strong> und verw\u00f6hnen Sie sich mit einer Kombination aus Komfort, Stil und einzigartigem Charme.<\/p>\n<hr data-start=\"2268\" data-end=\"2271\" \/>","protected":false},"excerpt":{"rendered":"<p><strong data-start=\"616\" data-end=\"664\">Damenbekleidung Halsw\u00e4rmer TANJA dunkel lila<\/strong> besticht durch sein raffiniertes, feines Gestrick und seinen kr\u00e4ftigen Farbton, der jedem Outfit Tiefe und Stil verleiht.<\/p>","protected":false},"featured_media":7601,"comment_status":"open","ping_status":"closed","template":"","meta":[],"product_brand":[],"product_cat":[300,298,197,279,193],"product_tag":[],"class_list":{"0":"post-2151","1":"product","2":"type-product","3":"status-publish","4":"has-post-thumbnail","6":"product_cat-damske-oblecenie","7":"product_cat-doplnky-jednotlivo","8":"product_cat-nakrcnik-tmavofialovy","9":"product_cat-nakrcniky","10":"product_cat-pleteninove-doplnky-tmavofialove","12":"first","13":"instock","14":"taxable","15":"shipping-taxable","16":"purchasable","17":"product-type-simple"},"yoast_head":"<!-- This site is optimized with the Yoast SEO plugin v26.0 - https:\/\/yoast.com\/wordpress\/plugins\/seo\/ -->\n<title>D\u00e1mske oble\u010denie n\u00e1kr\u010dn\u00edk TANJA tmavofialov\u00fd - TATTJA<\/title>\n<meta name=\"description\" content=\"D\u00e1mske oble\u010denie n\u00e1kr\u010dn\u00edk TANJA tmavofialov\u00fd \u2013 elegantn\u00fd pleten\u00fd doplnok TATTJA, ktor\u00fd sp\u00e1ja h\u013abku farby, jemnos\u0165 a nad\u010dasov\u00fd luxus.\" \/>\n<meta name=\"robots\" content=\"index, follow, max-snippet:-1, max-image-preview:large, max-video-preview:-1\" \/>\n<link rel=\"canonical\" href=\"https:\/\/www.tattja.com\/de\/product\/damske-oblecenie-nakrcnik-tanja-tmavofialovy\/\" \/>\n<meta property=\"og:locale\" content=\"de_DE\" \/>\n<meta property=\"og:type\" content=\"article\" \/>\n<meta property=\"og:title\" content=\"D\u00e1mske oble\u010denie n\u00e1kr\u010dn\u00edk TANJA tmavofialov\u00fd - TATTJA\" \/>\n<meta property=\"og:description\" content=\"D\u00e1mske oble\u010denie n\u00e1kr\u010dn\u00edk TANJA tmavofialov\u00fd \u2013 elegantn\u00fd pleten\u00fd doplnok TATTJA, ktor\u00fd sp\u00e1ja h\u013abku farby, jemnos\u0165 a nad\u010dasov\u00fd luxus.\" \/>\n<meta property=\"og:url\" content=\"https:\/\/www.tattja.com\/de\/product\/damske-oblecenie-nakrcnik-tanja-tmavofialovy\/\" \/>\n<meta property=\"og:site_name\" content=\"TATTJA\" \/>\n<meta property=\"article:modified_time\" content=\"2026-04-05T17:44:38+00:00\" \/>\n<meta property=\"og:image\" content=\"https:\/\/www.tattja.com\/wp-content\/uploads\/2026\/01\/tmavofialovy-nakrcnik-spredu-19.webp\" \/>\n\t<meta property=\"og:image:width\" content=\"1365\" \/>\n\t<meta property=\"og:image:height\" content=\"2048\" \/>\n\t<meta property=\"og:image:type\" content=\"image\/webp\" \/>\n<meta name=\"twitter:card\" content=\"summary_large_image\" \/>\n<meta name=\"twitter:label1\" content=\"Gesch\u00e4tzte Lesezeit\" \/>\n\t<meta name=\"twitter:data1\" content=\"2\u00a0Minuten\" \/>\n<script type=\"application\/ld+json\" class=\"yoast-schema-graph\">{\"@context\":\"https:\/\/schema.org\",\"@graph\":[{\"@type\":\"WebPage\",\"@id\":\"https:\/\/www.tattja.com\/product\/damske-oblecenie-nakrcnik-tanja-tmavofialovy\/\",\"url\":\"https:\/\/www.tattja.com\/product\/damske-oblecenie-nakrcnik-tanja-tmavofialovy\/\",\"name\":\"D\u00e1mske oble\u010denie n\u00e1kr\u010dn\u00edk TANJA tmavofialov\u00fd - TATTJA\",\"isPartOf\":{\"@id\":\"https:\/\/www.tattja.com\/#website\"},\"primaryImageOfPage\":{\"@id\":\"https:\/\/www.tattja.com\/product\/damske-oblecenie-nakrcnik-tanja-tmavofialovy\/#primaryimage\"},\"image\":{\"@id\":\"https:\/\/www.tattja.com\/product\/damske-oblecenie-nakrcnik-tanja-tmavofialovy\/#primaryimage\"},\"thumbnailUrl\":\"https:\/\/www.tattja.com\/wp-content\/uploads\/2026\/01\/tmavofialovy-nakrcnik-spredu-19.webp\",\"datePublished\":\"2025-08-21T09:10:22+00:00\",\"dateModified\":\"2026-04-05T17:44:38+00:00\",\"description\":\"D\u00e1mske oble\u010denie n\u00e1kr\u010dn\u00edk TANJA tmavofialov\u00fd \u2013 elegantn\u00fd pleten\u00fd doplnok TATTJA, ktor\u00fd sp\u00e1ja h\u013abku farby, jemnos\u0165 a nad\u010dasov\u00fd luxus.\",\"breadcrumb\":{\"@id\":\"https:\/\/www.tattja.com\/product\/damske-oblecenie-nakrcnik-tanja-tmavofialovy\/#breadcrumb\"},\"inLanguage\":\"de\",\"potentialAction\":[{\"@type\":\"ReadAction\",\"target\":[\"https:\/\/www.tattja.com\/product\/damske-oblecenie-nakrcnik-tanja-tmavofialovy\/\"]}]},{\"@type\":\"ImageObject\",\"inLanguage\":\"de\",\"@id\":\"https:\/\/www.tattja.com\/product\/damske-oblecenie-nakrcnik-tanja-tmavofialovy\/#primaryimage\",\"url\":\"https:\/\/www.tattja.com\/wp-content\/uploads\/2026\/01\/tmavofialovy-nakrcnik-spredu-19.webp\",\"contentUrl\":\"https:\/\/www.tattja.com\/wp-content\/uploads\/2026\/01\/tmavofialovy-nakrcnik-spredu-19.webp\",\"width\":1365,\"height\":2048,\"caption\":\"N\u00e1kr\u010dn\u00edk TANJA tmavofialov\u00fd \u2013 predn\u00fd poh\u013ead | TATTJA\"},{\"@type\":\"BreadcrumbList\",\"@id\":\"https:\/\/www.tattja.com\/product\/damske-oblecenie-nakrcnik-tanja-tmavofialovy\/#breadcrumb\",\"itemListElement\":[{\"@type\":\"ListItem\",\"position\":1,\"name\":\"Domov\",\"item\":\"https:\/\/www.tattja.com\/\"},{\"@type\":\"ListItem\",\"position\":2,\"name\":\"Produkty\",\"item\":\"https:\/\/www.tattja.com\/damske-oblecenie-produkty\/\"},{\"@type\":\"ListItem\",\"position\":3,\"name\":\"D\u00e1mske oble\u010denie n\u00e1kr\u010dn\u00edk TANJA tmavofialov\u00fd\"}]},{\"@type\":\"WebSite\",\"@id\":\"https:\/\/www.tattja.com\/#website\",\"url\":\"https:\/\/www.tattja.com\/\",\"name\":\"TATTJA\",\"description\":\"D\u00e1mske oble\u010denie z extra jemnej merino vlny \u2014 ru\u010dne pleten\u00e9 na Slovensku\",\"potentialAction\":[{\"@type\":\"SearchAction\",\"target\":{\"@type\":\"EntryPoint\",\"urlTemplate\":\"https:\/\/www.tattja.com\/?s={search_term_string}\"},\"query-input\":{\"@type\":\"PropertyValueSpecification\",\"valueRequired\":true,\"valueName\":\"search_term_string\"}}],\"inLanguage\":\"de\"}]}<\/script>\n<!-- \/ Yoast SEO plugin. -->","yoast_head_json":{"title":"D\u00e1mske oble\u010denie n\u00e1kr\u010dn\u00edk TANJA tmavofialov\u00fd - TATTJA","description":"D\u00e1mske oble\u010denie n\u00e1kr\u010dn\u00edk TANJA tmavofialov\u00fd \u2013 elegantn\u00fd pleten\u00fd doplnok TATTJA, ktor\u00fd sp\u00e1ja h\u013abku farby, jemnos\u0165 a nad\u010dasov\u00fd luxus.","robots":{"index":"index","follow":"follow","max-snippet":"max-snippet:-1","max-image-preview":"max-image-preview:large","max-video-preview":"max-video-preview:-1"},"canonical":"https:\/\/www.tattja.com\/de\/product\/damske-oblecenie-nakrcnik-tanja-tmavofialovy\/","og_locale":"de_DE","og_type":"article","og_title":"D\u00e1mske oble\u010denie n\u00e1kr\u010dn\u00edk TANJA tmavofialov\u00fd - TATTJA","og_description":"D\u00e1mske oble\u010denie n\u00e1kr\u010dn\u00edk TANJA tmavofialov\u00fd \u2013 elegantn\u00fd pleten\u00fd doplnok TATTJA, ktor\u00fd sp\u00e1ja h\u013abku farby, jemnos\u0165 a nad\u010dasov\u00fd luxus.","og_url":"https:\/\/www.tattja.com\/de\/product\/damske-oblecenie-nakrcnik-tanja-tmavofialovy\/","og_site_name":"TATTJA","article_modified_time":"2026-04-05T17:44:38+00:00","og_image":[{"width":1365,"height":2048,"url":"https:\/\/www.tattja.com\/wp-content\/uploads\/2026\/01\/tmavofialovy-nakrcnik-spredu-19.webp","type":"image\/webp"}],"twitter_card":"summary_large_image","twitter_misc":{"Gesch\u00e4tzte Lesezeit":"2\u00a0Minuten"},"schema":{"@context":"https:\/\/schema.org","@graph":[{"@type":"WebPage","@id":"https:\/\/www.tattja.com\/product\/damske-oblecenie-nakrcnik-tanja-tmavofialovy\/","url":"https:\/\/www.tattja.com\/product\/damske-oblecenie-nakrcnik-tanja-tmavofialovy\/","name":"D\u00e1mske oble\u010denie n\u00e1kr\u010dn\u00edk TANJA tmavofialov\u00fd - TATTJA","isPartOf":{"@id":"https:\/\/www.tattja.com\/#website"},"primaryImageOfPage":{"@id":"https:\/\/www.tattja.com\/product\/damske-oblecenie-nakrcnik-tanja-tmavofialovy\/#primaryimage"},"image":{"@id":"https:\/\/www.tattja.com\/product\/damske-oblecenie-nakrcnik-tanja-tmavofialovy\/#primaryimage"},"thumbnailUrl":"https:\/\/www.tattja.com\/wp-content\/uploads\/2026\/01\/tmavofialovy-nakrcnik-spredu-19.webp","datePublished":"2025-08-21T09:10:22+00:00","dateModified":"2026-04-05T17:44:38+00:00","description":"D\u00e1mske oble\u010denie n\u00e1kr\u010dn\u00edk TANJA tmavofialov\u00fd \u2013 elegantn\u00fd pleten\u00fd doplnok TATTJA, ktor\u00fd sp\u00e1ja h\u013abku farby, jemnos\u0165 a nad\u010dasov\u00fd luxus.","breadcrumb":{"@id":"https:\/\/www.tattja.com\/product\/damske-oblecenie-nakrcnik-tanja-tmavofialovy\/#breadcrumb"},"inLanguage":"de","potentialAction":[{"@type":"ReadAction","target":["https:\/\/www.tattja.com\/product\/damske-oblecenie-nakrcnik-tanja-tmavofialovy\/"]}]},{"@type":"ImageObject","inLanguage":"de","@id":"https:\/\/www.tattja.com\/product\/damske-oblecenie-nakrcnik-tanja-tmavofialovy\/#primaryimage","url":"https:\/\/www.tattja.com\/wp-content\/uploads\/2026\/01\/tmavofialovy-nakrcnik-spredu-19.webp","contentUrl":"https:\/\/www.tattja.com\/wp-content\/uploads\/2026\/01\/tmavofialovy-nakrcnik-spredu-19.webp","width":1365,"height":2048,"caption":"N\u00e1kr\u010dn\u00edk TANJA tmavofialov\u00fd \u2013 predn\u00fd poh\u013ead | TATTJA"},{"@type":"BreadcrumbList","@id":"https:\/\/www.tattja.com\/product\/damske-oblecenie-nakrcnik-tanja-tmavofialovy\/#breadcrumb","itemListElement":[{"@type":"ListItem","position":1,"name":"Domov","item":"https:\/\/www.tattja.com\/"},{"@type":"ListItem","position":2,"name":"Produkty","item":"https:\/\/www.tattja.com\/damske-oblecenie-produkty\/"},{"@type":"ListItem","position":3,"name":"D\u00e1mske oble\u010denie n\u00e1kr\u010dn\u00edk TANJA tmavofialov\u00fd"}]},{"@type":"WebSite","@id":"https:\/\/www.tattja.com\/#website","url":"https:\/\/www.tattja.com\/","name":"TATTJA","description":"D\u00e1mske oble\u010denie z extra jemnej merino vlny \u2014 ru\u010dne pleten\u00e9 na Slovensku","potentialAction":[{"@type":"SearchAction","target":{"@type":"EntryPoint","urlTemplate":"https:\/\/www.tattja.com\/?s={search_term_string}"},"query-input":{"@type":"PropertyValueSpecification","valueRequired":true,"valueName":"search_term_string"}}],"inLanguage":"de"}]}},"_links":{"self":[{"href":"https:\/\/www.tattja.com\/de\/wp-json\/wp\/v2\/product\/2151","targetHints":{"allow":["GET"]}}],"collection":[{"href":"https:\/\/www.tattja.com\/de\/wp-json\/wp\/v2\/product"}],"about":[{"href":"https:\/\/www.tattja.com\/de\/wp-json\/wp\/v2\/types\/product"}],"replies":[{"embeddable":true,"href":"https:\/\/www.tattja.com\/de\/wp-json\/wp\/v2\/comments?post=2151"}],"version-history":[{"count":6,"href":"https:\/\/www.tattja.com\/de\/wp-json\/wp\/v2\/product\/2151\/revisions"}],"predecessor-version":[{"id":5828,"href":"https:\/\/www.tattja.com\/de\/wp-json\/wp\/v2\/product\/2151\/revisions\/5828"}],"wp:featuredmedia":[{"embeddable":true,"href":"https:\/\/www.tattja.com\/de\/wp-json\/wp\/v2\/media\/7601"}],"wp:attachment":[{"href":"https:\/\/www.tattja.com\/de\/wp-json\/wp\/v2\/media?parent=2151"}],"wp:term":[{"taxonomy":"product_brand","embeddable":true,"href":"https:\/\/www.tattja.com\/de\/wp-json\/wp\/v2\/product_brand?post=2151"},{"taxonomy":"product_cat","embeddable":true,"href":"https:\/\/www.tattja.com\/de\/wp-json\/wp\/v2\/product_cat?post=2151"},{"taxonomy":"product_tag","embeddable":true,"href":"https:\/\/www.tattja.com\/de\/wp-json\/wp\/v2\/product_tag?post=2151"}],"curies":[{"name":"wp","href":"https:\/\/api.w.org\/{rel}","templated":true}]}}