{"id":2153,"date":"2025-08-21T11:11:22","date_gmt":"2025-08-21T09:11:22","guid":{"rendered":"https:\/\/www.tattja.com\/?post_type=product&#038;p=2153"},"modified":"2026-04-05T19:44:38","modified_gmt":"2026-04-05T17:44:38","slug":"damske-oblecenie-dvojset-sighrith-tmavofialovy","status":"publish","type":"product","link":"https:\/\/www.tattja.com\/de\/product\/damske-oblecenie-dvojset-sighrith-tmavofialovy\/","title":{"rendered":"D\u00e1mske oble\u010denie 2-set SIGHRITH tmavofialov\u00fd"},"content":{"rendered":"<p data-start=\"823\" data-end=\"1197\"><strong data-start=\"823\" data-end=\"873\">Damen-Doppelset SIGHRITH dunkelviolett<\/strong> vereint Eleganz, Komfort und Weiblichkeit in einem au\u00dfergew\u00f6hnlichen Modell. Dieses zeitlose Set besteht aus einem Shrug und \u00c4rmeln, die ein harmonisches Ganzes bilden, ideal f\u00fcr den Alltag und besondere Anl\u00e4sse. Der Feinstrick passt sich der Figur an, betont die Silhouette und w\u00e4rmt an k\u00e4lteren Tagen.<\/p>\n<p data-start=\"1199\" data-end=\"1553\">Die dunkelviolette Farbe ist ein Synonym f\u00fcr Tiefe, Raffinesse und Sinnlichkeit. Sie symbolisiert innere St\u00e4rke und feminine Eleganz, die nie aus der Mode kommt. Dieser Farbton ist die perfekte Wahl f\u00fcr Frauen, die sich nicht scheuen, ihren Stil mit einem subtilen Hauch von Luxus auszudr\u00fccken. Er l\u00e4sst sich leicht kombinieren - ob mit neutralen T\u00f6nen oder gewagten Accessoires, er wirkt immer ausgewogen und raffiniert.<\/p>\n<p data-start=\"1555\" data-end=\"1893\">Der Kragen umschlie\u00dft die Taille und den R\u00fccken und sorgt f\u00fcr w\u00e4rmenden Komfort, w\u00e4hrend die \u00c4rmel die Linien der Arme verl\u00e4ngern und dem Outfit eine subtile Dynamik verleihen. Zusammen schaffen sie ein Design, das nat\u00fcrlich und doch einzigartig wirkt. Dieses Doppelset entspricht der Markenphilosophie von TATTJA, \u00e4sthetische Sch\u00f6nheit, Qualit\u00e4t und Funktionalit\u00e4t in einem zeitlosen St\u00fcck zu vereinen.<\/p>\n<p data-start=\"1895\" data-end=\"2087\">Das Damen-Doppelset SIGHRITH dark purple wurde f\u00fcr Frauen entworfen, die Eleganz und Komfort in einem sch\u00e4tzen. Mit dem SIGHRITH Doppelset dark purple wird jeder Tag zu einem Moment, in dem Sie sich selbstbewusst, feminin und stilvoll f\u00fchlen.<\/p>\n<p data-start=\"2089\" data-end=\"2317\">Entdecken Sie die Sch\u00f6nheit der Zartheit, die raffinierten Details und den femininen Stil, der Sie warm h\u00e4lt und <a href=\"https:\/\/www.tattja.com\/de\/product-category\/damske-oblecenie\/dvojsety\/driekovnik-a-rukavniky\/\">in anderen Farben.<\/a><br data-start=\"2192\" data-end=\"2195\" \/><strong data-start=\"2195\" data-end=\"2249\">Siehe, <a href=\"https:\/\/shop.bogensberger.co.at\/produkt-schlagwort\/merino-extrafein\/\">aus welchen Materialien<\/a> wir produzieren unsere St\u00fccke<\/strong>, und g\u00f6nnen Sie sich ein St\u00fcck, das Weiblichkeit, Komfort und Luxus vereint.<\/p>","protected":false},"excerpt":{"rendered":"<p>Das Damen-Doppelset SIGHRITH dark purple ist ein Symbol f\u00fcr Raffinesse und weibliches Selbstbewusstsein. Es vereint Eleganz, Komfort und Raffinesse in einer zeitlosen Farbe, die Tiefe und Stil ausstrahlt.<\/p>","protected":false},"featured_media":7586,"comment_status":"open","ping_status":"closed","template":"","meta":[],"product_brand":[],"product_cat":[289,300,293,196,193],"product_tag":[],"class_list":{"0":"post-2153","1":"product","2":"type-product","3":"status-publish","4":"has-post-thumbnail","6":"product_cat-dvojsety","7":"product_cat-damske-oblecenie","8":"product_cat-driekovnik-a-rukavniky","9":"product_cat-dvojsety-tmavofialove","10":"product_cat-pleteninove-doplnky-tmavofialove","12":"first","13":"instock","14":"taxable","15":"shipping-taxable","16":"purchasable","17":"product-type-simple"},"yoast_head":"<!-- This site is optimized with the Yoast SEO plugin v26.0 - https:\/\/yoast.com\/wordpress\/plugins\/seo\/ -->\n<title>D\u00e1mske oble\u010denie 2-set SIGHRITH tmavofialov\u00fd - TATTJA<\/title>\n<meta name=\"description\" content=\"D\u00e1mske oble\u010denie dvojset SIGHRITH tmavofialov\u00fd \u2013 noblesn\u00fd, hrejiv\u00fd a \u017eensk\u00fd komplet, ktor\u00fd sp\u00e1ja eleganciu, jemnos\u0165 a modern\u00fd dizajn v jednom k\u00fasku.\" \/>\n<meta name=\"robots\" content=\"index, follow, max-snippet:-1, max-image-preview:large, max-video-preview:-1\" \/>\n<link rel=\"canonical\" href=\"https:\/\/www.tattja.com\/de\/product\/damske-oblecenie-dvojset-sighrith-tmavofialovy\/\" \/>\n<meta property=\"og:locale\" content=\"de_DE\" \/>\n<meta property=\"og:type\" content=\"article\" \/>\n<meta property=\"og:title\" content=\"D\u00e1mske oble\u010denie 2-set SIGHRITH tmavofialov\u00fd - TATTJA\" \/>\n<meta property=\"og:description\" content=\"D\u00e1mske oble\u010denie dvojset SIGHRITH tmavofialov\u00fd \u2013 noblesn\u00fd, hrejiv\u00fd a \u017eensk\u00fd komplet, ktor\u00fd sp\u00e1ja eleganciu, jemnos\u0165 a modern\u00fd dizajn v jednom k\u00fasku.\" \/>\n<meta property=\"og:url\" content=\"https:\/\/www.tattja.com\/de\/product\/damske-oblecenie-dvojset-sighrith-tmavofialovy\/\" \/>\n<meta property=\"og:site_name\" content=\"TATTJA\" \/>\n<meta property=\"article:modified_time\" content=\"2026-04-05T17:44:38+00:00\" \/>\n<meta property=\"og:image\" content=\"https:\/\/www.tattja.com\/wp-content\/uploads\/2026\/01\/tmavofialovy-dvojset-driekovnik-rukavniky-spredu-10.webp\" \/>\n\t<meta property=\"og:image:width\" content=\"1365\" \/>\n\t<meta property=\"og:image:height\" content=\"2048\" \/>\n\t<meta property=\"og:image:type\" content=\"image\/webp\" \/>\n<meta name=\"twitter:card\" content=\"summary_large_image\" \/>\n<meta name=\"twitter:label1\" content=\"Gesch\u00e4tzte Lesezeit\" \/>\n\t<meta name=\"twitter:data1\" content=\"2\u00a0Minuten\" \/>\n<script type=\"application\/ld+json\" class=\"yoast-schema-graph\">{\"@context\":\"https:\/\/schema.org\",\"@graph\":[{\"@type\":\"WebPage\",\"@id\":\"https:\/\/www.tattja.com\/product\/damske-oblecenie-dvojset-sighrith-tmavofialovy\/\",\"url\":\"https:\/\/www.tattja.com\/product\/damske-oblecenie-dvojset-sighrith-tmavofialovy\/\",\"name\":\"D\u00e1mske oble\u010denie 2-set SIGHRITH tmavofialov\u00fd - TATTJA\",\"isPartOf\":{\"@id\":\"https:\/\/www.tattja.com\/#website\"},\"primaryImageOfPage\":{\"@id\":\"https:\/\/www.tattja.com\/product\/damske-oblecenie-dvojset-sighrith-tmavofialovy\/#primaryimage\"},\"image\":{\"@id\":\"https:\/\/www.tattja.com\/product\/damske-oblecenie-dvojset-sighrith-tmavofialovy\/#primaryimage\"},\"thumbnailUrl\":\"https:\/\/www.tattja.com\/wp-content\/uploads\/2026\/01\/tmavofialovy-dvojset-driekovnik-rukavniky-spredu-10.webp\",\"datePublished\":\"2025-08-21T09:11:22+00:00\",\"dateModified\":\"2026-04-05T17:44:38+00:00\",\"description\":\"D\u00e1mske oble\u010denie dvojset SIGHRITH tmavofialov\u00fd \u2013 noblesn\u00fd, hrejiv\u00fd a \u017eensk\u00fd komplet, ktor\u00fd sp\u00e1ja eleganciu, jemnos\u0165 a modern\u00fd dizajn v jednom k\u00fasku.\",\"breadcrumb\":{\"@id\":\"https:\/\/www.tattja.com\/product\/damske-oblecenie-dvojset-sighrith-tmavofialovy\/#breadcrumb\"},\"inLanguage\":\"de\",\"potentialAction\":[{\"@type\":\"ReadAction\",\"target\":[\"https:\/\/www.tattja.com\/product\/damske-oblecenie-dvojset-sighrith-tmavofialovy\/\"]}]},{\"@type\":\"ImageObject\",\"inLanguage\":\"de\",\"@id\":\"https:\/\/www.tattja.com\/product\/damske-oblecenie-dvojset-sighrith-tmavofialovy\/#primaryimage\",\"url\":\"https:\/\/www.tattja.com\/wp-content\/uploads\/2026\/01\/tmavofialovy-dvojset-driekovnik-rukavniky-spredu-10.webp\",\"contentUrl\":\"https:\/\/www.tattja.com\/wp-content\/uploads\/2026\/01\/tmavofialovy-dvojset-driekovnik-rukavniky-spredu-10.webp\",\"width\":1365,\"height\":2048,\"caption\":\"Dvojset SIGHRITH tmavofialov\u00fd \u2013 driekovn\u00edk a ruk\u00e1vniky, predn\u00fd poh\u013ead | TATTJA\"},{\"@type\":\"BreadcrumbList\",\"@id\":\"https:\/\/www.tattja.com\/product\/damske-oblecenie-dvojset-sighrith-tmavofialovy\/#breadcrumb\",\"itemListElement\":[{\"@type\":\"ListItem\",\"position\":1,\"name\":\"Domov\",\"item\":\"https:\/\/www.tattja.com\/\"},{\"@type\":\"ListItem\",\"position\":2,\"name\":\"Produkty\",\"item\":\"https:\/\/www.tattja.com\/damske-oblecenie-produkty\/\"},{\"@type\":\"ListItem\",\"position\":3,\"name\":\"D\u00e1mske oble\u010denie 2-set SIGHRITH tmavofialov\u00fd\"}]},{\"@type\":\"WebSite\",\"@id\":\"https:\/\/www.tattja.com\/#website\",\"url\":\"https:\/\/www.tattja.com\/\",\"name\":\"TATTJA\",\"description\":\"D\u00e1mske oble\u010denie z extra jemnej merino vlny \u2014 ru\u010dne pleten\u00e9 na Slovensku\",\"potentialAction\":[{\"@type\":\"SearchAction\",\"target\":{\"@type\":\"EntryPoint\",\"urlTemplate\":\"https:\/\/www.tattja.com\/?s={search_term_string}\"},\"query-input\":{\"@type\":\"PropertyValueSpecification\",\"valueRequired\":true,\"valueName\":\"search_term_string\"}}],\"inLanguage\":\"de\"}]}<\/script>\n<!-- \/ Yoast SEO plugin. -->","yoast_head_json":{"title":"D\u00e1mske oble\u010denie 2-set SIGHRITH tmavofialov\u00fd - TATTJA","description":"D\u00e1mske oble\u010denie dvojset SIGHRITH tmavofialov\u00fd \u2013 noblesn\u00fd, hrejiv\u00fd a \u017eensk\u00fd komplet, ktor\u00fd sp\u00e1ja eleganciu, jemnos\u0165 a modern\u00fd dizajn v jednom k\u00fasku.","robots":{"index":"index","follow":"follow","max-snippet":"max-snippet:-1","max-image-preview":"max-image-preview:large","max-video-preview":"max-video-preview:-1"},"canonical":"https:\/\/www.tattja.com\/de\/product\/damske-oblecenie-dvojset-sighrith-tmavofialovy\/","og_locale":"de_DE","og_type":"article","og_title":"D\u00e1mske oble\u010denie 2-set SIGHRITH tmavofialov\u00fd - TATTJA","og_description":"D\u00e1mske oble\u010denie dvojset SIGHRITH tmavofialov\u00fd \u2013 noblesn\u00fd, hrejiv\u00fd a \u017eensk\u00fd komplet, ktor\u00fd sp\u00e1ja eleganciu, jemnos\u0165 a modern\u00fd dizajn v jednom k\u00fasku.","og_url":"https:\/\/www.tattja.com\/de\/product\/damske-oblecenie-dvojset-sighrith-tmavofialovy\/","og_site_name":"TATTJA","article_modified_time":"2026-04-05T17:44:38+00:00","og_image":[{"width":1365,"height":2048,"url":"https:\/\/www.tattja.com\/wp-content\/uploads\/2026\/01\/tmavofialovy-dvojset-driekovnik-rukavniky-spredu-10.webp","type":"image\/webp"}],"twitter_card":"summary_large_image","twitter_misc":{"Gesch\u00e4tzte Lesezeit":"2\u00a0Minuten"},"schema":{"@context":"https:\/\/schema.org","@graph":[{"@type":"WebPage","@id":"https:\/\/www.tattja.com\/product\/damske-oblecenie-dvojset-sighrith-tmavofialovy\/","url":"https:\/\/www.tattja.com\/product\/damske-oblecenie-dvojset-sighrith-tmavofialovy\/","name":"D\u00e1mske oble\u010denie 2-set SIGHRITH tmavofialov\u00fd - TATTJA","isPartOf":{"@id":"https:\/\/www.tattja.com\/#website"},"primaryImageOfPage":{"@id":"https:\/\/www.tattja.com\/product\/damske-oblecenie-dvojset-sighrith-tmavofialovy\/#primaryimage"},"image":{"@id":"https:\/\/www.tattja.com\/product\/damske-oblecenie-dvojset-sighrith-tmavofialovy\/#primaryimage"},"thumbnailUrl":"https:\/\/www.tattja.com\/wp-content\/uploads\/2026\/01\/tmavofialovy-dvojset-driekovnik-rukavniky-spredu-10.webp","datePublished":"2025-08-21T09:11:22+00:00","dateModified":"2026-04-05T17:44:38+00:00","description":"D\u00e1mske oble\u010denie dvojset SIGHRITH tmavofialov\u00fd \u2013 noblesn\u00fd, hrejiv\u00fd a \u017eensk\u00fd komplet, ktor\u00fd sp\u00e1ja eleganciu, jemnos\u0165 a modern\u00fd dizajn v jednom k\u00fasku.","breadcrumb":{"@id":"https:\/\/www.tattja.com\/product\/damske-oblecenie-dvojset-sighrith-tmavofialovy\/#breadcrumb"},"inLanguage":"de","potentialAction":[{"@type":"ReadAction","target":["https:\/\/www.tattja.com\/product\/damske-oblecenie-dvojset-sighrith-tmavofialovy\/"]}]},{"@type":"ImageObject","inLanguage":"de","@id":"https:\/\/www.tattja.com\/product\/damske-oblecenie-dvojset-sighrith-tmavofialovy\/#primaryimage","url":"https:\/\/www.tattja.com\/wp-content\/uploads\/2026\/01\/tmavofialovy-dvojset-driekovnik-rukavniky-spredu-10.webp","contentUrl":"https:\/\/www.tattja.com\/wp-content\/uploads\/2026\/01\/tmavofialovy-dvojset-driekovnik-rukavniky-spredu-10.webp","width":1365,"height":2048,"caption":"Dvojset SIGHRITH tmavofialov\u00fd \u2013 driekovn\u00edk a ruk\u00e1vniky, predn\u00fd poh\u013ead | TATTJA"},{"@type":"BreadcrumbList","@id":"https:\/\/www.tattja.com\/product\/damske-oblecenie-dvojset-sighrith-tmavofialovy\/#breadcrumb","itemListElement":[{"@type":"ListItem","position":1,"name":"Domov","item":"https:\/\/www.tattja.com\/"},{"@type":"ListItem","position":2,"name":"Produkty","item":"https:\/\/www.tattja.com\/damske-oblecenie-produkty\/"},{"@type":"ListItem","position":3,"name":"D\u00e1mske oble\u010denie 2-set SIGHRITH tmavofialov\u00fd"}]},{"@type":"WebSite","@id":"https:\/\/www.tattja.com\/#website","url":"https:\/\/www.tattja.com\/","name":"TATTJA","description":"D\u00e1mske oble\u010denie z extra jemnej merino vlny \u2014 ru\u010dne pleten\u00e9 na Slovensku","potentialAction":[{"@type":"SearchAction","target":{"@type":"EntryPoint","urlTemplate":"https:\/\/www.tattja.com\/?s={search_term_string}"},"query-input":{"@type":"PropertyValueSpecification","valueRequired":true,"valueName":"search_term_string"}}],"inLanguage":"de"}]}},"_links":{"self":[{"href":"https:\/\/www.tattja.com\/de\/wp-json\/wp\/v2\/product\/2153","targetHints":{"allow":["GET"]}}],"collection":[{"href":"https:\/\/www.tattja.com\/de\/wp-json\/wp\/v2\/product"}],"about":[{"href":"https:\/\/www.tattja.com\/de\/wp-json\/wp\/v2\/types\/product"}],"replies":[{"embeddable":true,"href":"https:\/\/www.tattja.com\/de\/wp-json\/wp\/v2\/comments?post=2153"}],"version-history":[{"count":6,"href":"https:\/\/www.tattja.com\/de\/wp-json\/wp\/v2\/product\/2153\/revisions"}],"predecessor-version":[{"id":7162,"href":"https:\/\/www.tattja.com\/de\/wp-json\/wp\/v2\/product\/2153\/revisions\/7162"}],"wp:featuredmedia":[{"embeddable":true,"href":"https:\/\/www.tattja.com\/de\/wp-json\/wp\/v2\/media\/7586"}],"wp:attachment":[{"href":"https:\/\/www.tattja.com\/de\/wp-json\/wp\/v2\/media?parent=2153"}],"wp:term":[{"taxonomy":"product_brand","embeddable":true,"href":"https:\/\/www.tattja.com\/de\/wp-json\/wp\/v2\/product_brand?post=2153"},{"taxonomy":"product_cat","embeddable":true,"href":"https:\/\/www.tattja.com\/de\/wp-json\/wp\/v2\/product_cat?post=2153"},{"taxonomy":"product_tag","embeddable":true,"href":"https:\/\/www.tattja.com\/de\/wp-json\/wp\/v2\/product_tag?post=2153"}],"curies":[{"name":"wp","href":"https:\/\/api.w.org\/{rel}","templated":true}]}}