{"id":2155,"date":"2025-08-21T11:12:18","date_gmt":"2025-08-21T09:12:18","guid":{"rendered":"https:\/\/www.tattja.com\/?post_type=product&#038;p=2155"},"modified":"2026-04-05T19:44:37","modified_gmt":"2026-04-05T17:44:37","slug":"damske-oblecenie-dvojset-rigmor-tmavofialovy","status":"publish","type":"product","link":"https:\/\/www.tattja.com\/de\/product\/damske-oblecenie-dvojset-rigmor-tmavofialovy\/","title":{"rendered":"D\u00e1mske oble\u010denie 2-set RIGMOR tmavofialov\u00fd"},"content":{"rendered":"<p data-start=\"895\" data-end=\"1220\"><strong data-start=\"895\" data-end=\"943\">Damenbekleidung Doppelset RIGMOR dunkel lila<\/strong> vereint Raffinesse, Weiblichkeit und ein Gef\u00fchl von Luxus. Dieses elegante Doppelset wurde f\u00fcr Frauen entworfen, die es lieben, Funktionalit\u00e4t, Stil und Komfort in einem zeitlosen Teil zu vereinen. Die feine Strickstruktur passt sich dem K\u00f6rper an, w\u00e4rmt angenehm und schafft ein Gef\u00fchl von Komfort bei jeder Bewegung.<\/p>\n<p data-start=\"1222\" data-end=\"1540\">Die dunkelviolette Farbe wirkt elegant, geheimnisvoll und raffiniert. Sie ist ein Symbol f\u00fcr Selbstbewusstsein, Selbstsicherheit und femininen Charme. Das Halsteil legt sich sanft um die Schultern und sch\u00fctzt vor K\u00e4lte, w\u00e4hrend die \u00c4rmel dem Outfit Pep und eine funktionale Dimension verleihen. Zusammen ergeben sie ein stilvolles Ensemble, das sowohl in legeren als auch in formelleren Outfits zur Geltung kommt.<\/p>\n<p data-start=\"1542\" data-end=\"1844\">Das Damen-Doppelset RIGMOR dark purple ist das ideale Accessoire f\u00fcr Frauen, die nicht zwischen Komfort und Eleganz w\u00e4hlen wollen. Es kombiniert subtile Details mit einem raffinierten Design, das jedes Outfit auf eine neue Ebene hebt. Dank seiner Vielseitigkeit eignet es sich f\u00fcr die Arbeit, die Stadt und ein geselliges Beisammensein.<\/p>\n<p data-start=\"1846\" data-end=\"1992\">Jedes Element der TATTJA-Kollektion wird mit viel Liebe zum Detail hergestellt, so dass das Doppelset nicht nur ein modisches, sondern auch ein langlebiges St\u00fcck in Ihrem Kleiderschrank wird.<\/p>\n<p data-start=\"1994\" data-end=\"2233\">Entdecken Sie die Sch\u00f6nheit der Zartheit, die raffinierten Details und den femininen Stil, der Sie warm h\u00e4lt und <a href=\"https:\/\/www.tattja.com\/de\/product-category\/damske-oblecenie\/dvojsety\/nakrcnik-a-rukavniky\/\">in anderen Farben.<\/a><br data-start=\"2097\" data-end=\"2100\" \/><strong data-start=\"2100\" data-end=\"2154\">Siehe, <a href=\"https:\/\/shop.bogensberger.co.at\/produkt-schlagwort\/merino-extrafein\/\">aus welchen Materialien<\/a> wir produzieren unsere St\u00fccke<\/strong> - Entdecken Sie Qualit\u00e4t, die Komfort, Stil und Eleganz in jedem Detail vereint.<\/p>","protected":false},"excerpt":{"rendered":"<p>Das Damen-Doppelset RIGMOR dark purple verbindet Eleganz, Raffinesse und w\u00e4rmenden Komfort. Die zarten Hals- und \u00c4rmelb\u00fcndchen in einer raffinierten Farbe betonen Weiblichkeit und Stil. Dieses Doppelset ist ideal f\u00fcr Frauen, die Qualit\u00e4t, raffinierte Details und einen einzigartigen Look zu sch\u00e4tzen wissen.<\/p>","protected":false},"featured_media":7595,"comment_status":"open","ping_status":"closed","template":"","meta":[],"product_brand":[],"product_cat":[289,300,196,292,193],"product_tag":[],"class_list":{"0":"post-2155","1":"product","2":"type-product","3":"status-publish","4":"has-post-thumbnail","6":"product_cat-dvojsety","7":"product_cat-damske-oblecenie","8":"product_cat-dvojsety-tmavofialove","9":"product_cat-nakrcnik-a-rukavniky","10":"product_cat-pleteninove-doplnky-tmavofialove","12":"first","13":"instock","14":"taxable","15":"shipping-taxable","16":"purchasable","17":"product-type-simple"},"yoast_head":"<!-- This site is optimized with the Yoast SEO plugin v26.0 - https:\/\/yoast.com\/wordpress\/plugins\/seo\/ -->\n<title>D\u00e1mske oble\u010denie 2-set RIGMOR tmavofialov\u00fd - TATTJA<\/title>\n<meta name=\"description\" content=\"D\u00e1mske oble\u010denie dvojset RIGMOR tmavofialov\u00fd \u2013 noblesn\u00fd set s n\u00e1kr\u010dn\u00edkom a ruk\u00e1vnikmi pre \u017eeny, ktor\u00e9 miluj\u00fa eleganciu, pohodlie a jedine\u010dn\u00fd \u0161t\u00fdl.\" \/>\n<meta name=\"robots\" content=\"index, follow, max-snippet:-1, max-image-preview:large, max-video-preview:-1\" \/>\n<link rel=\"canonical\" href=\"https:\/\/www.tattja.com\/de\/product\/damske-oblecenie-dvojset-rigmor-tmavofialovy\/\" \/>\n<meta property=\"og:locale\" content=\"de_DE\" \/>\n<meta property=\"og:type\" content=\"article\" \/>\n<meta property=\"og:title\" content=\"D\u00e1mske oble\u010denie 2-set RIGMOR tmavofialov\u00fd - TATTJA\" \/>\n<meta property=\"og:description\" content=\"D\u00e1mske oble\u010denie dvojset RIGMOR tmavofialov\u00fd \u2013 noblesn\u00fd set s n\u00e1kr\u010dn\u00edkom a ruk\u00e1vnikmi pre \u017eeny, ktor\u00e9 miluj\u00fa eleganciu, pohodlie a jedine\u010dn\u00fd \u0161t\u00fdl.\" \/>\n<meta property=\"og:url\" content=\"https:\/\/www.tattja.com\/de\/product\/damske-oblecenie-dvojset-rigmor-tmavofialovy\/\" \/>\n<meta property=\"og:site_name\" content=\"TATTJA\" \/>\n<meta property=\"article:modified_time\" content=\"2026-04-05T17:44:37+00:00\" \/>\n<meta property=\"og:image\" content=\"https:\/\/www.tattja.com\/wp-content\/uploads\/2026\/01\/tmavofialovy-dvojset-nakrcnik-rukavniky-spredu-13.webp\" \/>\n\t<meta property=\"og:image:width\" content=\"1365\" \/>\n\t<meta property=\"og:image:height\" content=\"2048\" \/>\n\t<meta property=\"og:image:type\" content=\"image\/webp\" \/>\n<meta name=\"twitter:card\" content=\"summary_large_image\" \/>\n<meta name=\"twitter:label1\" content=\"Gesch\u00e4tzte Lesezeit\" \/>\n\t<meta name=\"twitter:data1\" content=\"2\u00a0Minuten\" \/>\n<script type=\"application\/ld+json\" class=\"yoast-schema-graph\">{\"@context\":\"https:\/\/schema.org\",\"@graph\":[{\"@type\":\"WebPage\",\"@id\":\"https:\/\/www.tattja.com\/product\/damske-oblecenie-dvojset-rigmor-tmavofialovy\/\",\"url\":\"https:\/\/www.tattja.com\/product\/damske-oblecenie-dvojset-rigmor-tmavofialovy\/\",\"name\":\"D\u00e1mske oble\u010denie 2-set RIGMOR tmavofialov\u00fd - TATTJA\",\"isPartOf\":{\"@id\":\"https:\/\/www.tattja.com\/#website\"},\"primaryImageOfPage\":{\"@id\":\"https:\/\/www.tattja.com\/product\/damske-oblecenie-dvojset-rigmor-tmavofialovy\/#primaryimage\"},\"image\":{\"@id\":\"https:\/\/www.tattja.com\/product\/damske-oblecenie-dvojset-rigmor-tmavofialovy\/#primaryimage\"},\"thumbnailUrl\":\"https:\/\/www.tattja.com\/wp-content\/uploads\/2026\/01\/tmavofialovy-dvojset-nakrcnik-rukavniky-spredu-13.webp\",\"datePublished\":\"2025-08-21T09:12:18+00:00\",\"dateModified\":\"2026-04-05T17:44:37+00:00\",\"description\":\"D\u00e1mske oble\u010denie dvojset RIGMOR tmavofialov\u00fd \u2013 noblesn\u00fd set s n\u00e1kr\u010dn\u00edkom a ruk\u00e1vnikmi pre \u017eeny, ktor\u00e9 miluj\u00fa eleganciu, pohodlie a jedine\u010dn\u00fd \u0161t\u00fdl.\",\"breadcrumb\":{\"@id\":\"https:\/\/www.tattja.com\/product\/damske-oblecenie-dvojset-rigmor-tmavofialovy\/#breadcrumb\"},\"inLanguage\":\"de\",\"potentialAction\":[{\"@type\":\"ReadAction\",\"target\":[\"https:\/\/www.tattja.com\/product\/damske-oblecenie-dvojset-rigmor-tmavofialovy\/\"]}]},{\"@type\":\"ImageObject\",\"inLanguage\":\"de\",\"@id\":\"https:\/\/www.tattja.com\/product\/damske-oblecenie-dvojset-rigmor-tmavofialovy\/#primaryimage\",\"url\":\"https:\/\/www.tattja.com\/wp-content\/uploads\/2026\/01\/tmavofialovy-dvojset-nakrcnik-rukavniky-spredu-13.webp\",\"contentUrl\":\"https:\/\/www.tattja.com\/wp-content\/uploads\/2026\/01\/tmavofialovy-dvojset-nakrcnik-rukavniky-spredu-13.webp\",\"width\":1365,\"height\":2048,\"caption\":\"Dvojset RIGMOR tmavofialov\u00fd \u2013 n\u00e1kr\u010dn\u00edk a ruk\u00e1vniky, predn\u00fd poh\u013ead | TATTJA\"},{\"@type\":\"BreadcrumbList\",\"@id\":\"https:\/\/www.tattja.com\/product\/damske-oblecenie-dvojset-rigmor-tmavofialovy\/#breadcrumb\",\"itemListElement\":[{\"@type\":\"ListItem\",\"position\":1,\"name\":\"Domov\",\"item\":\"https:\/\/www.tattja.com\/\"},{\"@type\":\"ListItem\",\"position\":2,\"name\":\"Produkty\",\"item\":\"https:\/\/www.tattja.com\/damske-oblecenie-produkty\/\"},{\"@type\":\"ListItem\",\"position\":3,\"name\":\"D\u00e1mske oble\u010denie 2-set RIGMOR tmavofialov\u00fd\"}]},{\"@type\":\"WebSite\",\"@id\":\"https:\/\/www.tattja.com\/#website\",\"url\":\"https:\/\/www.tattja.com\/\",\"name\":\"TATTJA\",\"description\":\"D\u00e1mske oble\u010denie z extra jemnej merino vlny \u2014 ru\u010dne pleten\u00e9 na Slovensku\",\"potentialAction\":[{\"@type\":\"SearchAction\",\"target\":{\"@type\":\"EntryPoint\",\"urlTemplate\":\"https:\/\/www.tattja.com\/?s={search_term_string}\"},\"query-input\":{\"@type\":\"PropertyValueSpecification\",\"valueRequired\":true,\"valueName\":\"search_term_string\"}}],\"inLanguage\":\"de\"}]}<\/script>\n<!-- \/ Yoast SEO plugin. -->","yoast_head_json":{"title":"D\u00e1mske oble\u010denie 2-set RIGMOR tmavofialov\u00fd - TATTJA","description":"D\u00e1mske oble\u010denie dvojset RIGMOR tmavofialov\u00fd \u2013 noblesn\u00fd set s n\u00e1kr\u010dn\u00edkom a ruk\u00e1vnikmi pre \u017eeny, ktor\u00e9 miluj\u00fa eleganciu, pohodlie a jedine\u010dn\u00fd \u0161t\u00fdl.","robots":{"index":"index","follow":"follow","max-snippet":"max-snippet:-1","max-image-preview":"max-image-preview:large","max-video-preview":"max-video-preview:-1"},"canonical":"https:\/\/www.tattja.com\/de\/product\/damske-oblecenie-dvojset-rigmor-tmavofialovy\/","og_locale":"de_DE","og_type":"article","og_title":"D\u00e1mske oble\u010denie 2-set RIGMOR tmavofialov\u00fd - TATTJA","og_description":"D\u00e1mske oble\u010denie dvojset RIGMOR tmavofialov\u00fd \u2013 noblesn\u00fd set s n\u00e1kr\u010dn\u00edkom a ruk\u00e1vnikmi pre \u017eeny, ktor\u00e9 miluj\u00fa eleganciu, pohodlie a jedine\u010dn\u00fd \u0161t\u00fdl.","og_url":"https:\/\/www.tattja.com\/de\/product\/damske-oblecenie-dvojset-rigmor-tmavofialovy\/","og_site_name":"TATTJA","article_modified_time":"2026-04-05T17:44:37+00:00","og_image":[{"width":1365,"height":2048,"url":"https:\/\/www.tattja.com\/wp-content\/uploads\/2026\/01\/tmavofialovy-dvojset-nakrcnik-rukavniky-spredu-13.webp","type":"image\/webp"}],"twitter_card":"summary_large_image","twitter_misc":{"Gesch\u00e4tzte Lesezeit":"2\u00a0Minuten"},"schema":{"@context":"https:\/\/schema.org","@graph":[{"@type":"WebPage","@id":"https:\/\/www.tattja.com\/product\/damske-oblecenie-dvojset-rigmor-tmavofialovy\/","url":"https:\/\/www.tattja.com\/product\/damske-oblecenie-dvojset-rigmor-tmavofialovy\/","name":"D\u00e1mske oble\u010denie 2-set RIGMOR tmavofialov\u00fd - TATTJA","isPartOf":{"@id":"https:\/\/www.tattja.com\/#website"},"primaryImageOfPage":{"@id":"https:\/\/www.tattja.com\/product\/damske-oblecenie-dvojset-rigmor-tmavofialovy\/#primaryimage"},"image":{"@id":"https:\/\/www.tattja.com\/product\/damske-oblecenie-dvojset-rigmor-tmavofialovy\/#primaryimage"},"thumbnailUrl":"https:\/\/www.tattja.com\/wp-content\/uploads\/2026\/01\/tmavofialovy-dvojset-nakrcnik-rukavniky-spredu-13.webp","datePublished":"2025-08-21T09:12:18+00:00","dateModified":"2026-04-05T17:44:37+00:00","description":"D\u00e1mske oble\u010denie dvojset RIGMOR tmavofialov\u00fd \u2013 noblesn\u00fd set s n\u00e1kr\u010dn\u00edkom a ruk\u00e1vnikmi pre \u017eeny, ktor\u00e9 miluj\u00fa eleganciu, pohodlie a jedine\u010dn\u00fd \u0161t\u00fdl.","breadcrumb":{"@id":"https:\/\/www.tattja.com\/product\/damske-oblecenie-dvojset-rigmor-tmavofialovy\/#breadcrumb"},"inLanguage":"de","potentialAction":[{"@type":"ReadAction","target":["https:\/\/www.tattja.com\/product\/damske-oblecenie-dvojset-rigmor-tmavofialovy\/"]}]},{"@type":"ImageObject","inLanguage":"de","@id":"https:\/\/www.tattja.com\/product\/damske-oblecenie-dvojset-rigmor-tmavofialovy\/#primaryimage","url":"https:\/\/www.tattja.com\/wp-content\/uploads\/2026\/01\/tmavofialovy-dvojset-nakrcnik-rukavniky-spredu-13.webp","contentUrl":"https:\/\/www.tattja.com\/wp-content\/uploads\/2026\/01\/tmavofialovy-dvojset-nakrcnik-rukavniky-spredu-13.webp","width":1365,"height":2048,"caption":"Dvojset RIGMOR tmavofialov\u00fd \u2013 n\u00e1kr\u010dn\u00edk a ruk\u00e1vniky, predn\u00fd poh\u013ead | TATTJA"},{"@type":"BreadcrumbList","@id":"https:\/\/www.tattja.com\/product\/damske-oblecenie-dvojset-rigmor-tmavofialovy\/#breadcrumb","itemListElement":[{"@type":"ListItem","position":1,"name":"Domov","item":"https:\/\/www.tattja.com\/"},{"@type":"ListItem","position":2,"name":"Produkty","item":"https:\/\/www.tattja.com\/damske-oblecenie-produkty\/"},{"@type":"ListItem","position":3,"name":"D\u00e1mske oble\u010denie 2-set RIGMOR tmavofialov\u00fd"}]},{"@type":"WebSite","@id":"https:\/\/www.tattja.com\/#website","url":"https:\/\/www.tattja.com\/","name":"TATTJA","description":"D\u00e1mske oble\u010denie z extra jemnej merino vlny \u2014 ru\u010dne pleten\u00e9 na Slovensku","potentialAction":[{"@type":"SearchAction","target":{"@type":"EntryPoint","urlTemplate":"https:\/\/www.tattja.com\/?s={search_term_string}"},"query-input":{"@type":"PropertyValueSpecification","valueRequired":true,"valueName":"search_term_string"}}],"inLanguage":"de"}]}},"_links":{"self":[{"href":"https:\/\/www.tattja.com\/de\/wp-json\/wp\/v2\/product\/2155","targetHints":{"allow":["GET"]}}],"collection":[{"href":"https:\/\/www.tattja.com\/de\/wp-json\/wp\/v2\/product"}],"about":[{"href":"https:\/\/www.tattja.com\/de\/wp-json\/wp\/v2\/types\/product"}],"replies":[{"embeddable":true,"href":"https:\/\/www.tattja.com\/de\/wp-json\/wp\/v2\/comments?post=2155"}],"version-history":[{"count":6,"href":"https:\/\/www.tattja.com\/de\/wp-json\/wp\/v2\/product\/2155\/revisions"}],"predecessor-version":[{"id":7161,"href":"https:\/\/www.tattja.com\/de\/wp-json\/wp\/v2\/product\/2155\/revisions\/7161"}],"wp:featuredmedia":[{"embeddable":true,"href":"https:\/\/www.tattja.com\/de\/wp-json\/wp\/v2\/media\/7595"}],"wp:attachment":[{"href":"https:\/\/www.tattja.com\/de\/wp-json\/wp\/v2\/media?parent=2155"}],"wp:term":[{"taxonomy":"product_brand","embeddable":true,"href":"https:\/\/www.tattja.com\/de\/wp-json\/wp\/v2\/product_brand?post=2155"},{"taxonomy":"product_cat","embeddable":true,"href":"https:\/\/www.tattja.com\/de\/wp-json\/wp\/v2\/product_cat?post=2155"},{"taxonomy":"product_tag","embeddable":true,"href":"https:\/\/www.tattja.com\/de\/wp-json\/wp\/v2\/product_tag?post=2155"}],"curies":[{"name":"wp","href":"https:\/\/api.w.org\/{rel}","templated":true}]}}