{"id":2159,"date":"2025-08-21T11:14:21","date_gmt":"2025-08-21T09:14:21","guid":{"rendered":"https:\/\/www.tattja.com\/?post_type=product&#038;p=2159"},"modified":"2026-04-05T19:44:37","modified_gmt":"2026-04-05T17:44:37","slug":"damske-oblecenie-dvojset-ragbborg-tmavofialovy","status":"publish","type":"product","link":"https:\/\/www.tattja.com\/de\/product\/damske-oblecenie-dvojset-ragbborg-tmavofialovy\/","title":{"rendered":"Damske oble\u010denie 2-set RAGBBORG tmavofialov\u00fd"},"content":{"rendered":"<p data-start=\"991\" data-end=\"1268\"><strong data-start=\"991\" data-end=\"1041\">Damenbekleidung Doppelset RAGBBORG dunkelviolett<\/strong> vereint feminine Eleganz, Raffinesse und subtilen Luxus zu einem au\u00dfergew\u00f6hnlichen Ganzen. Dieses Modell aus der Kollektion <strong data-start=\"1138\" data-end=\"1148\">TATTJA<\/strong> besteht aus einer M\u00fctze mit Schild und \u00c4rmeln aus Feinstrick, die zusammen ein harmonisches und raffiniertes Outfit ergeben.<\/p>\n<p data-start=\"1270\" data-end=\"1608\">Die \u00c4rmel legen sich sch\u00f6n um die Unterarme, halten an kalten Tagen warm und sind ein dezentes Schmuckst\u00fcck. Ihre Struktur betont die anmutigen Linien der Arme und verleiht dem Gesamtlook ein feminines und raffiniertes Detail. Eine Beanie-M\u00fctze setzt einen modernen Akzent auf das Doppelset und vereint Stil und Funktionalit\u00e4t in einem - sie sch\u00fctzt vor K\u00e4lte und sieht gleichzeitig edel aus.<\/p>\n<p data-start=\"1610\" data-end=\"1893\">Die dunkelviolette Farbe strahlt Tiefe, Ruhe und Eleganz aus. Sie ist ein Symbol f\u00fcr raffinierte \u00c4sthetik und geschmackvolles Selbstbewusstsein, das sich in jeder Bewegung manifestiert. Dieses Doppelset passt sowohl zu neutralen als auch zu kr\u00e4ftigen T\u00f6nen und ist damit ein vielseitiges Accessoire f\u00fcr den Alltag und besondere Anl\u00e4sse.<\/p>\n<p data-start=\"1895\" data-end=\"2139\">Jedes St\u00fcck der Kollektion <strong data-start=\"1916\" data-end=\"1926\">TATTJA<\/strong> ist eine Kombination aus handwerklichem K\u00f6nnen und modernem Design. Frauen Doppel-Set Kleidung <strong data-start=\"1988\" data-end=\"2013\">RAGBBORG dunkelviolett<\/strong> unterstreicht die weibliche Individualit\u00e4t und verbindet Komfort mit k\u00fcnstlerischem Ausdruck. Es wird von jeder Frau mit einem Auge f\u00fcr Details und Qualit\u00e4t gesch\u00e4tzt werden.<\/p>\n<p data-start=\"2141\" data-end=\"2246\">Entdecken Sie die Sch\u00f6nheit <a href=\"https:\/\/shop.bogensberger.co.at\/produkt-schlagwort\/merino-extrafein\/\">Feinheiten<\/a>, Die raffinierten Details und der feminine Stil werden Sie warm halten und <a href=\"https:\/\/www.tattja.com\/de\/product-category\/damske-oblecenie\/dvojsety\/rukavniky-a-ciapka\/\">in anderen Farben<\/a>.<\/p>\n<p data-start=\"2248\" data-end=\"2385\"><strong data-start=\"2248\" data-end=\"2302\">Siehe, <a href=\"https:\/\/shop.bogensberger.co.at\/produkt-schlagwort\/merino-extrafein\/\">aus welchen Materialien<\/a> wir produzieren unsere St\u00fccke<\/strong>, und lassen Sie sich von der Kombination aus Eleganz, Funktionalit\u00e4t und au\u00dfergew\u00f6hnlichem Komfort inspirieren.<\/p>","protected":false},"excerpt":{"rendered":"<p><strong data-start=\"642\" data-end=\"692\">Damenbekleidung Doppelset RAGBBORG dunkelviolett<\/strong> steht f\u00fcr eine Kombination aus Eleganz, Luxus und Komfort. Die M\u00fctze und die gestrickten \u00c4rmel in einem tiefen Violett unterstreichen Weiblichkeit, Selbstvertrauen und einen einzigartigen Stil. Dieses Doppelset unterstreicht die Pers\u00f6nlichkeit einer jeden Frau, die Sch\u00f6nheit in Details und Harmonie sieht.<\/p>","protected":false},"featured_media":7598,"comment_status":"open","ping_status":"closed","template":"","meta":[],"product_brand":[],"product_cat":[289,300,196,193,295],"product_tag":[],"class_list":{"0":"post-2159","1":"product","2":"type-product","3":"status-publish","4":"has-post-thumbnail","6":"product_cat-dvojsety","7":"product_cat-damske-oblecenie","8":"product_cat-dvojsety-tmavofialove","9":"product_cat-pleteninove-doplnky-tmavofialove","10":"product_cat-rukavniky-a-ciapka","12":"first","13":"instock","14":"taxable","15":"shipping-taxable","16":"purchasable","17":"product-type-simple"},"yoast_head":"<!-- This site is optimized with the Yoast SEO plugin v26.0 - https:\/\/yoast.com\/wordpress\/plugins\/seo\/ -->\n<title>Damske oble\u010denie 2-set RAGBBORG tmavofialov\u00fd - TATTJA<\/title>\n<meta name=\"description\" content=\"D\u00e1mske oble\u010denie dvojset RAGBBORG tmavofialov\u00fd \u2013 noblesa, jemn\u00fd luxus a \u017eensk\u00e1 elegancia v harmonickom spojen\u00ed \u0161t\u00fdlu a pohodlia.\" \/>\n<meta name=\"robots\" content=\"index, follow, max-snippet:-1, max-image-preview:large, max-video-preview:-1\" \/>\n<link rel=\"canonical\" href=\"https:\/\/www.tattja.com\/de\/product\/damske-oblecenie-dvojset-ragbborg-tmavofialovy\/\" \/>\n<meta property=\"og:locale\" content=\"de_DE\" \/>\n<meta property=\"og:type\" content=\"article\" \/>\n<meta property=\"og:title\" content=\"Damske oble\u010denie 2-set RAGBBORG tmavofialov\u00fd - TATTJA\" \/>\n<meta property=\"og:description\" content=\"D\u00e1mske oble\u010denie dvojset RAGBBORG tmavofialov\u00fd \u2013 noblesa, jemn\u00fd luxus a \u017eensk\u00e1 elegancia v harmonickom spojen\u00ed \u0161t\u00fdlu a pohodlia.\" \/>\n<meta property=\"og:url\" content=\"https:\/\/www.tattja.com\/de\/product\/damske-oblecenie-dvojset-ragbborg-tmavofialovy\/\" \/>\n<meta property=\"og:site_name\" content=\"TATTJA\" \/>\n<meta property=\"article:modified_time\" content=\"2026-04-05T17:44:37+00:00\" \/>\n<meta property=\"og:image\" content=\"https:\/\/www.tattja.com\/wp-content\/uploads\/2026\/01\/tmavofialovy-dvojset-rukavniky-ciapka-spredu-37.webp\" \/>\n\t<meta property=\"og:image:width\" content=\"1365\" \/>\n\t<meta property=\"og:image:height\" content=\"2048\" \/>\n\t<meta property=\"og:image:type\" content=\"image\/webp\" \/>\n<meta name=\"twitter:card\" content=\"summary_large_image\" \/>\n<meta name=\"twitter:label1\" content=\"Gesch\u00e4tzte Lesezeit\" \/>\n\t<meta name=\"twitter:data1\" content=\"2\u00a0Minuten\" \/>\n<script type=\"application\/ld+json\" class=\"yoast-schema-graph\">{\"@context\":\"https:\/\/schema.org\",\"@graph\":[{\"@type\":\"WebPage\",\"@id\":\"https:\/\/www.tattja.com\/product\/damske-oblecenie-dvojset-ragbborg-tmavofialovy\/\",\"url\":\"https:\/\/www.tattja.com\/product\/damske-oblecenie-dvojset-ragbborg-tmavofialovy\/\",\"name\":\"Damske oble\u010denie 2-set RAGBBORG tmavofialov\u00fd - TATTJA\",\"isPartOf\":{\"@id\":\"https:\/\/www.tattja.com\/#website\"},\"primaryImageOfPage\":{\"@id\":\"https:\/\/www.tattja.com\/product\/damske-oblecenie-dvojset-ragbborg-tmavofialovy\/#primaryimage\"},\"image\":{\"@id\":\"https:\/\/www.tattja.com\/product\/damske-oblecenie-dvojset-ragbborg-tmavofialovy\/#primaryimage\"},\"thumbnailUrl\":\"https:\/\/www.tattja.com\/wp-content\/uploads\/2026\/01\/tmavofialovy-dvojset-rukavniky-ciapka-spredu-37.webp\",\"datePublished\":\"2025-08-21T09:14:21+00:00\",\"dateModified\":\"2026-04-05T17:44:37+00:00\",\"description\":\"D\u00e1mske oble\u010denie dvojset RAGBBORG tmavofialov\u00fd \u2013 noblesa, jemn\u00fd luxus a \u017eensk\u00e1 elegancia v harmonickom spojen\u00ed \u0161t\u00fdlu a pohodlia.\",\"breadcrumb\":{\"@id\":\"https:\/\/www.tattja.com\/product\/damske-oblecenie-dvojset-ragbborg-tmavofialovy\/#breadcrumb\"},\"inLanguage\":\"de\",\"potentialAction\":[{\"@type\":\"ReadAction\",\"target\":[\"https:\/\/www.tattja.com\/product\/damske-oblecenie-dvojset-ragbborg-tmavofialovy\/\"]}]},{\"@type\":\"ImageObject\",\"inLanguage\":\"de\",\"@id\":\"https:\/\/www.tattja.com\/product\/damske-oblecenie-dvojset-ragbborg-tmavofialovy\/#primaryimage\",\"url\":\"https:\/\/www.tattja.com\/wp-content\/uploads\/2026\/01\/tmavofialovy-dvojset-rukavniky-ciapka-spredu-37.webp\",\"contentUrl\":\"https:\/\/www.tattja.com\/wp-content\/uploads\/2026\/01\/tmavofialovy-dvojset-rukavniky-ciapka-spredu-37.webp\",\"width\":1365,\"height\":2048,\"caption\":\"Dvojset RAGGBORG tmavofialov\u00fd \u2013 \u010diapka a ruk\u00e1vniky, predn\u00fd poh\u013ead | TATTJA\"},{\"@type\":\"BreadcrumbList\",\"@id\":\"https:\/\/www.tattja.com\/product\/damske-oblecenie-dvojset-ragbborg-tmavofialovy\/#breadcrumb\",\"itemListElement\":[{\"@type\":\"ListItem\",\"position\":1,\"name\":\"Domov\",\"item\":\"https:\/\/www.tattja.com\/\"},{\"@type\":\"ListItem\",\"position\":2,\"name\":\"Produkty\",\"item\":\"https:\/\/www.tattja.com\/damske-oblecenie-produkty\/\"},{\"@type\":\"ListItem\",\"position\":3,\"name\":\"Damske oble\u010denie 2-set RAGBBORG tmavofialov\u00fd\"}]},{\"@type\":\"WebSite\",\"@id\":\"https:\/\/www.tattja.com\/#website\",\"url\":\"https:\/\/www.tattja.com\/\",\"name\":\"TATTJA\",\"description\":\"D\u00e1mske oble\u010denie z extra jemnej merino vlny \u2014 ru\u010dne pleten\u00e9 na Slovensku\",\"potentialAction\":[{\"@type\":\"SearchAction\",\"target\":{\"@type\":\"EntryPoint\",\"urlTemplate\":\"https:\/\/www.tattja.com\/?s={search_term_string}\"},\"query-input\":{\"@type\":\"PropertyValueSpecification\",\"valueRequired\":true,\"valueName\":\"search_term_string\"}}],\"inLanguage\":\"de\"}]}<\/script>\n<!-- \/ Yoast SEO plugin. -->","yoast_head_json":{"title":"Damske oble\u010denie 2-set RAGBBORG tmavofialov\u00fd - TATTJA","description":"D\u00e1mske oble\u010denie dvojset RAGBBORG tmavofialov\u00fd \u2013 noblesa, jemn\u00fd luxus a \u017eensk\u00e1 elegancia v harmonickom spojen\u00ed \u0161t\u00fdlu a pohodlia.","robots":{"index":"index","follow":"follow","max-snippet":"max-snippet:-1","max-image-preview":"max-image-preview:large","max-video-preview":"max-video-preview:-1"},"canonical":"https:\/\/www.tattja.com\/de\/product\/damske-oblecenie-dvojset-ragbborg-tmavofialovy\/","og_locale":"de_DE","og_type":"article","og_title":"Damske oble\u010denie 2-set RAGBBORG tmavofialov\u00fd - TATTJA","og_description":"D\u00e1mske oble\u010denie dvojset RAGBBORG tmavofialov\u00fd \u2013 noblesa, jemn\u00fd luxus a \u017eensk\u00e1 elegancia v harmonickom spojen\u00ed \u0161t\u00fdlu a pohodlia.","og_url":"https:\/\/www.tattja.com\/de\/product\/damske-oblecenie-dvojset-ragbborg-tmavofialovy\/","og_site_name":"TATTJA","article_modified_time":"2026-04-05T17:44:37+00:00","og_image":[{"width":1365,"height":2048,"url":"https:\/\/www.tattja.com\/wp-content\/uploads\/2026\/01\/tmavofialovy-dvojset-rukavniky-ciapka-spredu-37.webp","type":"image\/webp"}],"twitter_card":"summary_large_image","twitter_misc":{"Gesch\u00e4tzte Lesezeit":"2\u00a0Minuten"},"schema":{"@context":"https:\/\/schema.org","@graph":[{"@type":"WebPage","@id":"https:\/\/www.tattja.com\/product\/damske-oblecenie-dvojset-ragbborg-tmavofialovy\/","url":"https:\/\/www.tattja.com\/product\/damske-oblecenie-dvojset-ragbborg-tmavofialovy\/","name":"Damske oble\u010denie 2-set RAGBBORG tmavofialov\u00fd - TATTJA","isPartOf":{"@id":"https:\/\/www.tattja.com\/#website"},"primaryImageOfPage":{"@id":"https:\/\/www.tattja.com\/product\/damske-oblecenie-dvojset-ragbborg-tmavofialovy\/#primaryimage"},"image":{"@id":"https:\/\/www.tattja.com\/product\/damske-oblecenie-dvojset-ragbborg-tmavofialovy\/#primaryimage"},"thumbnailUrl":"https:\/\/www.tattja.com\/wp-content\/uploads\/2026\/01\/tmavofialovy-dvojset-rukavniky-ciapka-spredu-37.webp","datePublished":"2025-08-21T09:14:21+00:00","dateModified":"2026-04-05T17:44:37+00:00","description":"D\u00e1mske oble\u010denie dvojset RAGBBORG tmavofialov\u00fd \u2013 noblesa, jemn\u00fd luxus a \u017eensk\u00e1 elegancia v harmonickom spojen\u00ed \u0161t\u00fdlu a pohodlia.","breadcrumb":{"@id":"https:\/\/www.tattja.com\/product\/damske-oblecenie-dvojset-ragbborg-tmavofialovy\/#breadcrumb"},"inLanguage":"de","potentialAction":[{"@type":"ReadAction","target":["https:\/\/www.tattja.com\/product\/damske-oblecenie-dvojset-ragbborg-tmavofialovy\/"]}]},{"@type":"ImageObject","inLanguage":"de","@id":"https:\/\/www.tattja.com\/product\/damske-oblecenie-dvojset-ragbborg-tmavofialovy\/#primaryimage","url":"https:\/\/www.tattja.com\/wp-content\/uploads\/2026\/01\/tmavofialovy-dvojset-rukavniky-ciapka-spredu-37.webp","contentUrl":"https:\/\/www.tattja.com\/wp-content\/uploads\/2026\/01\/tmavofialovy-dvojset-rukavniky-ciapka-spredu-37.webp","width":1365,"height":2048,"caption":"Dvojset RAGGBORG tmavofialov\u00fd \u2013 \u010diapka a ruk\u00e1vniky, predn\u00fd poh\u013ead | TATTJA"},{"@type":"BreadcrumbList","@id":"https:\/\/www.tattja.com\/product\/damske-oblecenie-dvojset-ragbborg-tmavofialovy\/#breadcrumb","itemListElement":[{"@type":"ListItem","position":1,"name":"Domov","item":"https:\/\/www.tattja.com\/"},{"@type":"ListItem","position":2,"name":"Produkty","item":"https:\/\/www.tattja.com\/damske-oblecenie-produkty\/"},{"@type":"ListItem","position":3,"name":"Damske oble\u010denie 2-set RAGBBORG tmavofialov\u00fd"}]},{"@type":"WebSite","@id":"https:\/\/www.tattja.com\/#website","url":"https:\/\/www.tattja.com\/","name":"TATTJA","description":"D\u00e1mske oble\u010denie z extra jemnej merino vlny \u2014 ru\u010dne pleten\u00e9 na Slovensku","potentialAction":[{"@type":"SearchAction","target":{"@type":"EntryPoint","urlTemplate":"https:\/\/www.tattja.com\/?s={search_term_string}"},"query-input":{"@type":"PropertyValueSpecification","valueRequired":true,"valueName":"search_term_string"}}],"inLanguage":"de"}]}},"_links":{"self":[{"href":"https:\/\/www.tattja.com\/de\/wp-json\/wp\/v2\/product\/2159","targetHints":{"allow":["GET"]}}],"collection":[{"href":"https:\/\/www.tattja.com\/de\/wp-json\/wp\/v2\/product"}],"about":[{"href":"https:\/\/www.tattja.com\/de\/wp-json\/wp\/v2\/types\/product"}],"replies":[{"embeddable":true,"href":"https:\/\/www.tattja.com\/de\/wp-json\/wp\/v2\/comments?post=2159"}],"version-history":[{"count":6,"href":"https:\/\/www.tattja.com\/de\/wp-json\/wp\/v2\/product\/2159\/revisions"}],"predecessor-version":[{"id":7159,"href":"https:\/\/www.tattja.com\/de\/wp-json\/wp\/v2\/product\/2159\/revisions\/7159"}],"wp:featuredmedia":[{"embeddable":true,"href":"https:\/\/www.tattja.com\/de\/wp-json\/wp\/v2\/media\/7598"}],"wp:attachment":[{"href":"https:\/\/www.tattja.com\/de\/wp-json\/wp\/v2\/media?parent=2159"}],"wp:term":[{"taxonomy":"product_brand","embeddable":true,"href":"https:\/\/www.tattja.com\/de\/wp-json\/wp\/v2\/product_brand?post=2159"},{"taxonomy":"product_cat","embeddable":true,"href":"https:\/\/www.tattja.com\/de\/wp-json\/wp\/v2\/product_cat?post=2159"},{"taxonomy":"product_tag","embeddable":true,"href":"https:\/\/www.tattja.com\/de\/wp-json\/wp\/v2\/product_tag?post=2159"}],"curies":[{"name":"wp","href":"https:\/\/api.w.org\/{rel}","templated":true}]}}