{"id":2175,"date":"2025-08-22T10:29:21","date_gmt":"2025-08-22T08:29:21","guid":{"rendered":"https:\/\/www.tattja.com\/?post_type=product&#038;p=2175"},"modified":"2026-04-05T19:44:36","modified_gmt":"2026-04-05T17:44:36","slug":"damske-oblecenie-ciapka-anja-tmavosiva","status":"publish","type":"product","link":"https:\/\/www.tattja.com\/de\/product\/damske-oblecenie-ciapka-anja-tmavosiva\/","title":{"rendered":"Damenbekleidung M\u00fctze ANJA dunkelgrau"},"content":{"rendered":"<p data-start=\"872\" data-end=\"1237\"><strong data-start=\"872\" data-end=\"914\">Damenbekleidung M\u00fctze ANJA dunkelgrau<\/strong> ist ein elegantes Accessoire, das Zeitlosigkeit, Komfort und femininen Stil vereint. Dieses Modell aus der Kollektion <strong data-start=\"1008\" data-end=\"1018\">TATTJA<\/strong> bietet die perfekte Balance zwischen modernem Design und praktischer Funktionalit\u00e4t. Die M\u00fctze in Dunkelgrau wirkt dezent und doch raffiniert - perfekt f\u00fcr Frauen, die Schlichtheit mit einem Hauch von Raffinesse suchen.<\/p>\n<p data-start=\"1239\" data-end=\"1540\">Das weiche Gestrick passt sich angenehm der Kopfform an und w\u00e4rmt auch an kalten Tagen. Das Material ist atmungsaktiv, f\u00fchlt sich weich an und vermittelt beim Tragen ein Gef\u00fchl von Leichtigkeit. Jedes Detail, vom sorgf\u00e4ltig gearbeiteten Saum bis zum praktischen Halsausschnitt, unterstreicht die Qualit\u00e4t und originelle Handschrift der Marke <strong data-start=\"1527\" data-end=\"1537\">TATTJA<\/strong>.<\/p>\n<p data-start=\"1542\" data-end=\"1880\">Der dunkelgraue Farbton ist vielseitig, leicht zu kombinieren und f\u00fcgt sich harmonisch in verschiedene Stile ein. Er passt perfekt zu minimalistischen, urbanen und l\u00e4ssigen Outfits. Er passt gut zu eleganten M\u00e4nteln, sieht aber auch in Kombination mit einer bequemen Strickjacke oder Winterjacke gut aus. Dank seines Designs wird er zu einem unverzichtbaren Bestandteil der modernen Garderobe.<\/p>\n<p data-start=\"1882\" data-end=\"2119\">M\u00fctze f\u00fcr Damenbekleidung <strong data-start=\"1889\" data-end=\"1907\">ANJA dunkelgrau<\/strong> strahlt subtile Weiblichkeit und Selbstbewusstsein aus. Es ist ideal f\u00fcr Freizeitkleidung, Reisen und Winterspazierg\u00e4nge. Die Kombination aus Funktionalit\u00e4t, Stil und Qualit\u00e4t macht dieses St\u00fcck zu einem vielseitigen Accessoire, das in jeder Situation auff\u00e4llt.<\/p>\n<p data-start=\"2121\" data-end=\"2226\">Entdecken Sie die Sch\u00f6nheit der Zartheit, die raffinierten Details und den femininen Stil, der Sie warm h\u00e4lt und <a href=\"https:\/\/www.tattja.com\/de\/product-category\/damske-oblecenie\/doplnky-jednotlivo\/ciapky\/\">in anderen Farben<\/a>.<\/p>\n<p data-start=\"2228\" data-end=\"2368\"><strong data-start=\"2228\" data-end=\"2282\">Siehe, <a href=\"https:\/\/shop.bogensberger.co.at\/produkt-schlagwort\/merino-extrafein\/\">aus welchen Materialien<\/a> wir produzieren unsere St\u00fccke<\/strong> und genie\u00dfen Sie die Kombination aus Eleganz, Komfort und zeitlosem Design der Marke <strong data-start=\"2355\" data-end=\"2365\">TATTJA<\/strong>.<\/p>","protected":false},"excerpt":{"rendered":"<p><strong data-start=\"660\" data-end=\"702\">Damenbekleidung M\u00fctze ANJA dunkelgrau<\/strong> ist ein stilvolles Accessoire, das Einfachheit, Komfort und Eleganz vereint. Warm, weich und zeitlos in jedem Detail.<\/p>","protected":false},"featured_media":7719,"comment_status":"open","ping_status":"closed","template":"","meta":[],"product_brand":[],"product_cat":[216,282,300,298,267,209],"product_tag":[],"class_list":{"0":"post-2175","1":"product","2":"type-product","3":"status-publish","4":"has-post-thumbnail","6":"product_cat-ciapka-tmavosiva","7":"product_cat-ciapky","8":"product_cat-damske-oblecenie","9":"product_cat-doplnky-jednotlivo","10":"product_cat-jednotlive-doplnky-tmavosive","11":"product_cat-pleteninove-doplnky-tmavosive","13":"first","14":"instock","15":"taxable","16":"shipping-taxable","17":"purchasable","18":"product-type-simple"},"yoast_head":"<!-- This site is optimized with the Yoast SEO plugin v26.0 - https:\/\/yoast.com\/wordpress\/plugins\/seo\/ -->\n<title>D\u00e1mske oble\u010denie \u010diapka ANJA tmavosiv\u00e1 - TATTJA<\/title>\n<meta name=\"description\" content=\"D\u00e1mske oble\u010denie \u010diapka ANJA tmavosiv\u00e1 \u2013 nad\u010dasov\u00fd doplnok z jemnej pleteniny, ktor\u00fd sp\u00e1ja eleganciu, funk\u010dnos\u0165 a modern\u00fd \u0161t\u00fdl.\" \/>\n<meta name=\"robots\" content=\"index, follow, max-snippet:-1, max-image-preview:large, max-video-preview:-1\" \/>\n<link rel=\"canonical\" href=\"https:\/\/www.tattja.com\/de\/product\/damske-oblecenie-ciapka-anja-tmavosiva\/\" \/>\n<meta property=\"og:locale\" content=\"de_DE\" \/>\n<meta property=\"og:type\" content=\"article\" \/>\n<meta property=\"og:title\" content=\"D\u00e1mske oble\u010denie \u010diapka ANJA tmavosiv\u00e1 - TATTJA\" \/>\n<meta property=\"og:description\" content=\"D\u00e1mske oble\u010denie \u010diapka ANJA tmavosiv\u00e1 \u2013 nad\u010dasov\u00fd doplnok z jemnej pleteniny, ktor\u00fd sp\u00e1ja eleganciu, funk\u010dnos\u0165 a modern\u00fd \u0161t\u00fdl.\" \/>\n<meta property=\"og:url\" content=\"https:\/\/www.tattja.com\/de\/product\/damske-oblecenie-ciapka-anja-tmavosiva\/\" \/>\n<meta property=\"og:site_name\" content=\"TATTJA\" \/>\n<meta property=\"article:modified_time\" content=\"2026-04-05T17:44:36+00:00\" \/>\n<meta property=\"og:image\" content=\"https:\/\/www.tattja.com\/wp-content\/uploads\/2026\/01\/tmavosivy-ciapka-spredu-25.webp\" \/>\n\t<meta property=\"og:image:width\" content=\"1365\" \/>\n\t<meta property=\"og:image:height\" content=\"2048\" \/>\n\t<meta property=\"og:image:type\" content=\"image\/webp\" \/>\n<meta name=\"twitter:card\" content=\"summary_large_image\" \/>\n<meta name=\"twitter:label1\" content=\"Gesch\u00e4tzte Lesezeit\" \/>\n\t<meta name=\"twitter:data1\" content=\"2\u00a0Minuten\" \/>\n<script type=\"application\/ld+json\" class=\"yoast-schema-graph\">{\"@context\":\"https:\/\/schema.org\",\"@graph\":[{\"@type\":\"WebPage\",\"@id\":\"https:\/\/www.tattja.com\/product\/damske-oblecenie-ciapka-anja-tmavosiva\/\",\"url\":\"https:\/\/www.tattja.com\/product\/damske-oblecenie-ciapka-anja-tmavosiva\/\",\"name\":\"D\u00e1mske oble\u010denie \u010diapka ANJA tmavosiv\u00e1 - TATTJA\",\"isPartOf\":{\"@id\":\"https:\/\/www.tattja.com\/#website\"},\"primaryImageOfPage\":{\"@id\":\"https:\/\/www.tattja.com\/product\/damske-oblecenie-ciapka-anja-tmavosiva\/#primaryimage\"},\"image\":{\"@id\":\"https:\/\/www.tattja.com\/product\/damske-oblecenie-ciapka-anja-tmavosiva\/#primaryimage\"},\"thumbnailUrl\":\"https:\/\/www.tattja.com\/wp-content\/uploads\/2026\/01\/tmavosivy-ciapka-spredu-25.webp\",\"datePublished\":\"2025-08-22T08:29:21+00:00\",\"dateModified\":\"2026-04-05T17:44:36+00:00\",\"description\":\"D\u00e1mske oble\u010denie \u010diapka ANJA tmavosiv\u00e1 \u2013 nad\u010dasov\u00fd doplnok z jemnej pleteniny, ktor\u00fd sp\u00e1ja eleganciu, funk\u010dnos\u0165 a modern\u00fd \u0161t\u00fdl.\",\"breadcrumb\":{\"@id\":\"https:\/\/www.tattja.com\/product\/damske-oblecenie-ciapka-anja-tmavosiva\/#breadcrumb\"},\"inLanguage\":\"de\",\"potentialAction\":[{\"@type\":\"ReadAction\",\"target\":[\"https:\/\/www.tattja.com\/product\/damske-oblecenie-ciapka-anja-tmavosiva\/\"]}]},{\"@type\":\"ImageObject\",\"inLanguage\":\"de\",\"@id\":\"https:\/\/www.tattja.com\/product\/damske-oblecenie-ciapka-anja-tmavosiva\/#primaryimage\",\"url\":\"https:\/\/www.tattja.com\/wp-content\/uploads\/2026\/01\/tmavosivy-ciapka-spredu-25.webp\",\"contentUrl\":\"https:\/\/www.tattja.com\/wp-content\/uploads\/2026\/01\/tmavosivy-ciapka-spredu-25.webp\",\"width\":1365,\"height\":2048,\"caption\":\"Tmavosiv\u00e1 \u010diapka ANJA \u2013 pleten\u00e1 \u010diapka TATTJA\"},{\"@type\":\"BreadcrumbList\",\"@id\":\"https:\/\/www.tattja.com\/product\/damske-oblecenie-ciapka-anja-tmavosiva\/#breadcrumb\",\"itemListElement\":[{\"@type\":\"ListItem\",\"position\":1,\"name\":\"Domov\",\"item\":\"https:\/\/www.tattja.com\/\"},{\"@type\":\"ListItem\",\"position\":2,\"name\":\"Produkty\",\"item\":\"https:\/\/www.tattja.com\/damske-oblecenie-produkty\/\"},{\"@type\":\"ListItem\",\"position\":3,\"name\":\"D\u00e1mske oble\u010denie \u010diapka ANJA tmavosiv\u00e1\"}]},{\"@type\":\"WebSite\",\"@id\":\"https:\/\/www.tattja.com\/#website\",\"url\":\"https:\/\/www.tattja.com\/\",\"name\":\"TATTJA\",\"description\":\"D\u00e1mske oble\u010denie z extra jemnej merino vlny \u2014 ru\u010dne pleten\u00e9 na Slovensku\",\"potentialAction\":[{\"@type\":\"SearchAction\",\"target\":{\"@type\":\"EntryPoint\",\"urlTemplate\":\"https:\/\/www.tattja.com\/?s={search_term_string}\"},\"query-input\":{\"@type\":\"PropertyValueSpecification\",\"valueRequired\":true,\"valueName\":\"search_term_string\"}}],\"inLanguage\":\"de\"}]}<\/script>\n<!-- \/ Yoast SEO plugin. -->","yoast_head_json":{"title":"D\u00e1mske oble\u010denie \u010diapka ANJA tmavosiv\u00e1 - TATTJA","description":"D\u00e1mske oble\u010denie \u010diapka ANJA tmavosiv\u00e1 \u2013 nad\u010dasov\u00fd doplnok z jemnej pleteniny, ktor\u00fd sp\u00e1ja eleganciu, funk\u010dnos\u0165 a modern\u00fd \u0161t\u00fdl.","robots":{"index":"index","follow":"follow","max-snippet":"max-snippet:-1","max-image-preview":"max-image-preview:large","max-video-preview":"max-video-preview:-1"},"canonical":"https:\/\/www.tattja.com\/de\/product\/damske-oblecenie-ciapka-anja-tmavosiva\/","og_locale":"de_DE","og_type":"article","og_title":"D\u00e1mske oble\u010denie \u010diapka ANJA tmavosiv\u00e1 - TATTJA","og_description":"D\u00e1mske oble\u010denie \u010diapka ANJA tmavosiv\u00e1 \u2013 nad\u010dasov\u00fd doplnok z jemnej pleteniny, ktor\u00fd sp\u00e1ja eleganciu, funk\u010dnos\u0165 a modern\u00fd \u0161t\u00fdl.","og_url":"https:\/\/www.tattja.com\/de\/product\/damske-oblecenie-ciapka-anja-tmavosiva\/","og_site_name":"TATTJA","article_modified_time":"2026-04-05T17:44:36+00:00","og_image":[{"width":1365,"height":2048,"url":"https:\/\/www.tattja.com\/wp-content\/uploads\/2026\/01\/tmavosivy-ciapka-spredu-25.webp","type":"image\/webp"}],"twitter_card":"summary_large_image","twitter_misc":{"Gesch\u00e4tzte Lesezeit":"2\u00a0Minuten"},"schema":{"@context":"https:\/\/schema.org","@graph":[{"@type":"WebPage","@id":"https:\/\/www.tattja.com\/product\/damske-oblecenie-ciapka-anja-tmavosiva\/","url":"https:\/\/www.tattja.com\/product\/damske-oblecenie-ciapka-anja-tmavosiva\/","name":"D\u00e1mske oble\u010denie \u010diapka ANJA tmavosiv\u00e1 - TATTJA","isPartOf":{"@id":"https:\/\/www.tattja.com\/#website"},"primaryImageOfPage":{"@id":"https:\/\/www.tattja.com\/product\/damske-oblecenie-ciapka-anja-tmavosiva\/#primaryimage"},"image":{"@id":"https:\/\/www.tattja.com\/product\/damske-oblecenie-ciapka-anja-tmavosiva\/#primaryimage"},"thumbnailUrl":"https:\/\/www.tattja.com\/wp-content\/uploads\/2026\/01\/tmavosivy-ciapka-spredu-25.webp","datePublished":"2025-08-22T08:29:21+00:00","dateModified":"2026-04-05T17:44:36+00:00","description":"D\u00e1mske oble\u010denie \u010diapka ANJA tmavosiv\u00e1 \u2013 nad\u010dasov\u00fd doplnok z jemnej pleteniny, ktor\u00fd sp\u00e1ja eleganciu, funk\u010dnos\u0165 a modern\u00fd \u0161t\u00fdl.","breadcrumb":{"@id":"https:\/\/www.tattja.com\/product\/damske-oblecenie-ciapka-anja-tmavosiva\/#breadcrumb"},"inLanguage":"de","potentialAction":[{"@type":"ReadAction","target":["https:\/\/www.tattja.com\/product\/damske-oblecenie-ciapka-anja-tmavosiva\/"]}]},{"@type":"ImageObject","inLanguage":"de","@id":"https:\/\/www.tattja.com\/product\/damske-oblecenie-ciapka-anja-tmavosiva\/#primaryimage","url":"https:\/\/www.tattja.com\/wp-content\/uploads\/2026\/01\/tmavosivy-ciapka-spredu-25.webp","contentUrl":"https:\/\/www.tattja.com\/wp-content\/uploads\/2026\/01\/tmavosivy-ciapka-spredu-25.webp","width":1365,"height":2048,"caption":"Tmavosiv\u00e1 \u010diapka ANJA \u2013 pleten\u00e1 \u010diapka TATTJA"},{"@type":"BreadcrumbList","@id":"https:\/\/www.tattja.com\/product\/damske-oblecenie-ciapka-anja-tmavosiva\/#breadcrumb","itemListElement":[{"@type":"ListItem","position":1,"name":"Domov","item":"https:\/\/www.tattja.com\/"},{"@type":"ListItem","position":2,"name":"Produkty","item":"https:\/\/www.tattja.com\/damske-oblecenie-produkty\/"},{"@type":"ListItem","position":3,"name":"D\u00e1mske oble\u010denie \u010diapka ANJA tmavosiv\u00e1"}]},{"@type":"WebSite","@id":"https:\/\/www.tattja.com\/#website","url":"https:\/\/www.tattja.com\/","name":"TATTJA","description":"D\u00e1mske oble\u010denie z extra jemnej merino vlny \u2014 ru\u010dne pleten\u00e9 na Slovensku","potentialAction":[{"@type":"SearchAction","target":{"@type":"EntryPoint","urlTemplate":"https:\/\/www.tattja.com\/?s={search_term_string}"},"query-input":{"@type":"PropertyValueSpecification","valueRequired":true,"valueName":"search_term_string"}}],"inLanguage":"de"}]}},"_links":{"self":[{"href":"https:\/\/www.tattja.com\/de\/wp-json\/wp\/v2\/product\/2175","targetHints":{"allow":["GET"]}}],"collection":[{"href":"https:\/\/www.tattja.com\/de\/wp-json\/wp\/v2\/product"}],"about":[{"href":"https:\/\/www.tattja.com\/de\/wp-json\/wp\/v2\/types\/product"}],"replies":[{"embeddable":true,"href":"https:\/\/www.tattja.com\/de\/wp-json\/wp\/v2\/comments?post=2175"}],"version-history":[{"count":6,"href":"https:\/\/www.tattja.com\/de\/wp-json\/wp\/v2\/product\/2175\/revisions"}],"predecessor-version":[{"id":5902,"href":"https:\/\/www.tattja.com\/de\/wp-json\/wp\/v2\/product\/2175\/revisions\/5902"}],"wp:featuredmedia":[{"embeddable":true,"href":"https:\/\/www.tattja.com\/de\/wp-json\/wp\/v2\/media\/7719"}],"wp:attachment":[{"href":"https:\/\/www.tattja.com\/de\/wp-json\/wp\/v2\/media?parent=2175"}],"wp:term":[{"taxonomy":"product_brand","embeddable":true,"href":"https:\/\/www.tattja.com\/de\/wp-json\/wp\/v2\/product_brand?post=2175"},{"taxonomy":"product_cat","embeddable":true,"href":"https:\/\/www.tattja.com\/de\/wp-json\/wp\/v2\/product_cat?post=2175"},{"taxonomy":"product_tag","embeddable":true,"href":"https:\/\/www.tattja.com\/de\/wp-json\/wp\/v2\/product_tag?post=2175"}],"curies":[{"name":"wp","href":"https:\/\/api.w.org\/{rel}","templated":true}]}}