{"id":2189,"date":"2025-08-22T10:37:33","date_gmt":"2025-08-22T08:37:33","guid":{"rendered":"https:\/\/www.tattja.com\/?post_type=product&#038;p=2189"},"modified":"2026-04-05T19:44:33","modified_gmt":"2026-04-05T17:44:33","slug":"damske-oblecenie-dvojset-ragbborg-tmavosivy","status":"publish","type":"product","link":"https:\/\/www.tattja.com\/de\/product\/damske-oblecenie-dvojset-ragbborg-tmavosivy\/","title":{"rendered":"D\u00e1mske oble\u010denie 2-set RAGBBORG tmavosiv\u00fd"},"content":{"rendered":"<article class=\"text-token-text-primary w-full focus:outline-none [--shadow-height:45px] has-data-writing-block:pointer-events-none has-data-writing-block:-mt-(--shadow-height) has-data-writing-block:pt-(--shadow-height) [&amp;:has([data-writing-block])&gt;*]:pointer-events-auto scroll-mt-[calc(var(--header-height)+min(200px,max(70px,20svh)))]\" dir=\"auto\" style=\"font-style: normal; font-variant-caps: normal; font-weight: 400; letter-spacing: normal; orphans: auto; text-align: start; text-indent: 0px; text-transform: none; white-space: normal; widows: auto; word-spacing: 0px; -webkit-text-stroke-width: 0px; text-decoration: none; caret-color: #000000; color: #000000;\" tabindex=\"-1\" data-turn-id=\"request-68ee2950-5a00-8331-83a7-f9c896e1d832-21\" data-testid=\"conversation-turn-331\" data-scroll-anchor=\"true\" data-turn=\"assistant\">\n<div class=\"text-base my-auto mx-auto pb-10 [--thread-content-margin:--spacing(4)] thread-sm:[--thread-content-margin:--spacing(6)] thread-lg:[--thread-content-margin:--spacing(16)] px-(--thread-content-margin)\">\n<div class=\"[--thread-content-max-width:40rem] thread-lg:[--thread-content-max-width:48rem] mx-auto max-w-(--thread-content-max-width) flex-1 group\/turn-messages focus-visible:outline-hidden relative flex w-full min-w-0 flex-col agent-turn\" tabindex=\"-1\">\n<div class=\"flex max-w-full flex-col grow\">\n<div class=\"min-h-8 text-message relative flex w-full flex-col items-end gap-2 text-start break-words whitespace-normal [.text-message+&amp;]:mt-1\" dir=\"auto\" data-message-author-role=\"assistant\" data-message-id=\"140034a7-024d-4c34-bf53-29b095126a7b\" data-message-model-slug=\"gpt-5\">\n<div class=\"flex w-full flex-col gap-1 empty:hidden first:pt-[1px]\">\n<div class=\"markdown prose dark:prose-invert w-full break-words light markdown-new-styling\">\n<p data-start=\"959\" data-end=\"1246\"><strong data-start=\"959\" data-end=\"1006\">Damenbekleidung Doppelset RAGBBORG dunkelgrau<\/strong> ist ein Synonym f\u00fcr schlichte Eleganz und Komfort, der die nat\u00fcrliche Sch\u00f6nheit einer Frau unterstreicht. Dieses Doppelset aus der Kollektion <strong data-start=\"1117\" data-end=\"1127\">TATTJA<\/strong> besteht aus einer Beanie-M\u00fctze und gestrickten F\u00e4ustlingen - eine Kombination, die Funktionalit\u00e4t mit modernem Design und einem Hauch von Luxus verbindet.<\/p>\n<p data-start=\"1248\" data-end=\"1515\">Der dunkelgraue Farbton ist ein Symbol f\u00fcr Zeitlosigkeit und Minimalismus, der jedes Outfit elegant erg\u00e4nzt und sowohl mit hellen als auch mit kontrastierenden Farben harmonisch wirkt. Er ist ideal f\u00fcr Frauen, die einen raffinierten Stil lieben und subtile Details dem Prunk vorziehen.<\/p>\n<p data-start=\"1517\" data-end=\"1813\">Die M\u00fctze mit Schild erg\u00e4nzt das Set um Pep und Funktionalit\u00e4t. Sie bietet Schutz vor K\u00e4lte und unterstreicht gleichzeitig den unverwechselbaren Stil des Tr\u00e4gers. Die \u00c4rmel sorgen den ganzen Tag \u00fcber f\u00fcr ein Gef\u00fchl von Weichheit, W\u00e4rme und Komfort. Ihre fein gerippte Struktur passt sich auf nat\u00fcrliche Weise der Form der H\u00e4nde an und unterstreicht die weibliche Silhouette.<\/p>\n<p data-start=\"1815\" data-end=\"2020\"><strong data-start=\"1815\" data-end=\"1837\">Damenbekleidung Doppelset RAGBBORG dunkelgrau<\/strong> ist das ideale Accessoire f\u00fcr Alltag, Beruf und Freizeit. Es verk\u00f6rpert die Balance zwischen Eleganz und Zweckm\u00e4\u00dfigkeit - denn auch ein funktionales Accessoire kann stilvoll und einzigartig sein.<\/p>\n<p data-start=\"2022\" data-end=\"2127\">Entdecken Sie die Sch\u00f6nheit der Zartheit, die raffinierten Details und den femininen Stil, der Sie warm h\u00e4lt und <a href=\"https:\/\/www.tattja.com\/de\/product-category\/damske-oblecenie\/dvojsety\/rukavniky-a-ciapka\/\">in anderen Farben<\/a>.<\/p>\n<p data-start=\"2129\" data-end=\"2273\"><strong data-start=\"2129\" data-end=\"2183\">Sehen Sie, welche Materialien wir zur Herstellung unserer St\u00fccke verwenden<\/strong>, und g\u00f6nnen Sie sich den Luxus, der in Qualit\u00e4t, Pr\u00e4zision und zeitlosem Design liegt.<\/p>\n<\/div>\n<\/div>\n<\/div>\n<\/div>\n<\/div>\n<\/div>\n<\/article>","protected":false},"excerpt":{"rendered":"<p><strong data-start=\"606\" data-end=\"653\">Damenbekleidung Doppelset RAGBBORG dunkelgrau<\/strong> steht f\u00fcr eine Kombination aus Minimalismus und Eleganz. Eine Strickm\u00fctze mit Schal erg\u00e4nzt die \u00c4rmel, die w\u00e4rmen und die femininen Linien betonen. Der dunkelgraue Farbton wirkt raffiniert und zeitlos - perfekt f\u00fcr die Frau, die dezenten Luxus, feine Details und Komfort in einem zu sch\u00e4tzen wei\u00df.<\/p>","protected":false},"featured_media":7740,"comment_status":"open","ping_status":"closed","template":"","meta":[],"product_brand":[],"product_cat":[289,212,209,295],"product_tag":[],"class_list":{"0":"post-2189","1":"product","2":"type-product","3":"status-publish","4":"has-post-thumbnail","6":"product_cat-dvojsety","7":"product_cat-dvojsety-tmavosive","8":"product_cat-pleteninove-doplnky-tmavosive","9":"product_cat-rukavniky-a-ciapka","11":"first","12":"instock","13":"taxable","14":"shipping-taxable","15":"purchasable","16":"product-type-simple"},"yoast_head":"<!-- This site is optimized with the Yoast SEO plugin v26.0 - https:\/\/yoast.com\/wordpress\/plugins\/seo\/ -->\n<title>D\u00e1mske oble\u010denie 2-set RAGBBORG tmavosiv\u00fd - TATTJA<\/title>\n<meta name=\"description\" content=\"D\u00e1mske oble\u010denie dvojset RAGBBORG tmavosiv\u00fd \u2013 noblesn\u00e1 kombin\u00e1cia \u010diapky a ruk\u00e1vnikov, ktor\u00e1 sp\u00e1ja diskr\u00e9tny luxus, pohodlie a modern\u00fa eleganciu.\" \/>\n<meta name=\"robots\" content=\"index, follow, max-snippet:-1, max-image-preview:large, max-video-preview:-1\" \/>\n<link rel=\"canonical\" href=\"https:\/\/www.tattja.com\/de\/product\/damske-oblecenie-dvojset-ragbborg-tmavosivy\/\" \/>\n<meta property=\"og:locale\" content=\"de_DE\" \/>\n<meta property=\"og:type\" content=\"article\" \/>\n<meta property=\"og:title\" content=\"D\u00e1mske oble\u010denie 2-set RAGBBORG tmavosiv\u00fd - TATTJA\" \/>\n<meta property=\"og:description\" content=\"D\u00e1mske oble\u010denie dvojset RAGBBORG tmavosiv\u00fd \u2013 noblesn\u00e1 kombin\u00e1cia \u010diapky a ruk\u00e1vnikov, ktor\u00e1 sp\u00e1ja diskr\u00e9tny luxus, pohodlie a modern\u00fa eleganciu.\" \/>\n<meta property=\"og:url\" content=\"https:\/\/www.tattja.com\/de\/product\/damske-oblecenie-dvojset-ragbborg-tmavosivy\/\" \/>\n<meta property=\"og:site_name\" content=\"TATTJA\" \/>\n<meta property=\"article:modified_time\" content=\"2026-04-05T17:44:33+00:00\" \/>\n<meta property=\"og:image\" content=\"https:\/\/www.tattja.com\/wp-content\/uploads\/2026\/01\/tmavosivy-dvojset-rukavniky-ciapka-spredu-37.webp\" \/>\n\t<meta property=\"og:image:width\" content=\"1365\" \/>\n\t<meta property=\"og:image:height\" content=\"2048\" \/>\n\t<meta property=\"og:image:type\" content=\"image\/webp\" \/>\n<meta name=\"twitter:card\" content=\"summary_large_image\" \/>\n<meta name=\"twitter:label1\" content=\"Gesch\u00e4tzte Lesezeit\" \/>\n\t<meta name=\"twitter:data1\" content=\"2\u00a0Minuten\" \/>\n<script type=\"application\/ld+json\" class=\"yoast-schema-graph\">{\"@context\":\"https:\/\/schema.org\",\"@graph\":[{\"@type\":\"WebPage\",\"@id\":\"https:\/\/www.tattja.com\/product\/damske-oblecenie-dvojset-ragbborg-tmavosivy\/\",\"url\":\"https:\/\/www.tattja.com\/product\/damske-oblecenie-dvojset-ragbborg-tmavosivy\/\",\"name\":\"D\u00e1mske oble\u010denie 2-set RAGBBORG tmavosiv\u00fd - TATTJA\",\"isPartOf\":{\"@id\":\"https:\/\/www.tattja.com\/#website\"},\"primaryImageOfPage\":{\"@id\":\"https:\/\/www.tattja.com\/product\/damske-oblecenie-dvojset-ragbborg-tmavosivy\/#primaryimage\"},\"image\":{\"@id\":\"https:\/\/www.tattja.com\/product\/damske-oblecenie-dvojset-ragbborg-tmavosivy\/#primaryimage\"},\"thumbnailUrl\":\"https:\/\/www.tattja.com\/wp-content\/uploads\/2026\/01\/tmavosivy-dvojset-rukavniky-ciapka-spredu-37.webp\",\"datePublished\":\"2025-08-22T08:37:33+00:00\",\"dateModified\":\"2026-04-05T17:44:33+00:00\",\"description\":\"D\u00e1mske oble\u010denie dvojset RAGBBORG tmavosiv\u00fd \u2013 noblesn\u00e1 kombin\u00e1cia \u010diapky a ruk\u00e1vnikov, ktor\u00e1 sp\u00e1ja diskr\u00e9tny luxus, pohodlie a modern\u00fa eleganciu.\",\"breadcrumb\":{\"@id\":\"https:\/\/www.tattja.com\/product\/damske-oblecenie-dvojset-ragbborg-tmavosivy\/#breadcrumb\"},\"inLanguage\":\"de\",\"potentialAction\":[{\"@type\":\"ReadAction\",\"target\":[\"https:\/\/www.tattja.com\/product\/damske-oblecenie-dvojset-ragbborg-tmavosivy\/\"]}]},{\"@type\":\"ImageObject\",\"inLanguage\":\"de\",\"@id\":\"https:\/\/www.tattja.com\/product\/damske-oblecenie-dvojset-ragbborg-tmavosivy\/#primaryimage\",\"url\":\"https:\/\/www.tattja.com\/wp-content\/uploads\/2026\/01\/tmavosivy-dvojset-rukavniky-ciapka-spredu-37.webp\",\"contentUrl\":\"https:\/\/www.tattja.com\/wp-content\/uploads\/2026\/01\/tmavosivy-dvojset-rukavniky-ciapka-spredu-37.webp\",\"width\":1365,\"height\":2048,\"caption\":\"Tmavosiv\u00fd dvojset RAGBORG \u2013 \u010diapka a ruk\u00e1vniky TATTJA\"},{\"@type\":\"BreadcrumbList\",\"@id\":\"https:\/\/www.tattja.com\/product\/damske-oblecenie-dvojset-ragbborg-tmavosivy\/#breadcrumb\",\"itemListElement\":[{\"@type\":\"ListItem\",\"position\":1,\"name\":\"Domov\",\"item\":\"https:\/\/www.tattja.com\/\"},{\"@type\":\"ListItem\",\"position\":2,\"name\":\"Produkty\",\"item\":\"https:\/\/www.tattja.com\/damske-oblecenie-produkty\/\"},{\"@type\":\"ListItem\",\"position\":3,\"name\":\"D\u00e1mske oble\u010denie 2-set RAGBBORG tmavosiv\u00fd\"}]},{\"@type\":\"WebSite\",\"@id\":\"https:\/\/www.tattja.com\/#website\",\"url\":\"https:\/\/www.tattja.com\/\",\"name\":\"TATTJA\",\"description\":\"D\u00e1mske oble\u010denie z extra jemnej merino vlny \u2014 ru\u010dne pleten\u00e9 na Slovensku\",\"potentialAction\":[{\"@type\":\"SearchAction\",\"target\":{\"@type\":\"EntryPoint\",\"urlTemplate\":\"https:\/\/www.tattja.com\/?s={search_term_string}\"},\"query-input\":{\"@type\":\"PropertyValueSpecification\",\"valueRequired\":true,\"valueName\":\"search_term_string\"}}],\"inLanguage\":\"de\"}]}<\/script>\n<!-- \/ Yoast SEO plugin. -->","yoast_head_json":{"title":"D\u00e1mske oble\u010denie 2-set RAGBBORG tmavosiv\u00fd - TATTJA","description":"D\u00e1mske oble\u010denie dvojset RAGBBORG tmavosiv\u00fd \u2013 noblesn\u00e1 kombin\u00e1cia \u010diapky a ruk\u00e1vnikov, ktor\u00e1 sp\u00e1ja diskr\u00e9tny luxus, pohodlie a modern\u00fa eleganciu.","robots":{"index":"index","follow":"follow","max-snippet":"max-snippet:-1","max-image-preview":"max-image-preview:large","max-video-preview":"max-video-preview:-1"},"canonical":"https:\/\/www.tattja.com\/de\/product\/damske-oblecenie-dvojset-ragbborg-tmavosivy\/","og_locale":"de_DE","og_type":"article","og_title":"D\u00e1mske oble\u010denie 2-set RAGBBORG tmavosiv\u00fd - TATTJA","og_description":"D\u00e1mske oble\u010denie dvojset RAGBBORG tmavosiv\u00fd \u2013 noblesn\u00e1 kombin\u00e1cia \u010diapky a ruk\u00e1vnikov, ktor\u00e1 sp\u00e1ja diskr\u00e9tny luxus, pohodlie a modern\u00fa eleganciu.","og_url":"https:\/\/www.tattja.com\/de\/product\/damske-oblecenie-dvojset-ragbborg-tmavosivy\/","og_site_name":"TATTJA","article_modified_time":"2026-04-05T17:44:33+00:00","og_image":[{"width":1365,"height":2048,"url":"https:\/\/www.tattja.com\/wp-content\/uploads\/2026\/01\/tmavosivy-dvojset-rukavniky-ciapka-spredu-37.webp","type":"image\/webp"}],"twitter_card":"summary_large_image","twitter_misc":{"Gesch\u00e4tzte Lesezeit":"2\u00a0Minuten"},"schema":{"@context":"https:\/\/schema.org","@graph":[{"@type":"WebPage","@id":"https:\/\/www.tattja.com\/product\/damske-oblecenie-dvojset-ragbborg-tmavosivy\/","url":"https:\/\/www.tattja.com\/product\/damske-oblecenie-dvojset-ragbborg-tmavosivy\/","name":"D\u00e1mske oble\u010denie 2-set RAGBBORG tmavosiv\u00fd - TATTJA","isPartOf":{"@id":"https:\/\/www.tattja.com\/#website"},"primaryImageOfPage":{"@id":"https:\/\/www.tattja.com\/product\/damske-oblecenie-dvojset-ragbborg-tmavosivy\/#primaryimage"},"image":{"@id":"https:\/\/www.tattja.com\/product\/damske-oblecenie-dvojset-ragbborg-tmavosivy\/#primaryimage"},"thumbnailUrl":"https:\/\/www.tattja.com\/wp-content\/uploads\/2026\/01\/tmavosivy-dvojset-rukavniky-ciapka-spredu-37.webp","datePublished":"2025-08-22T08:37:33+00:00","dateModified":"2026-04-05T17:44:33+00:00","description":"D\u00e1mske oble\u010denie dvojset RAGBBORG tmavosiv\u00fd \u2013 noblesn\u00e1 kombin\u00e1cia \u010diapky a ruk\u00e1vnikov, ktor\u00e1 sp\u00e1ja diskr\u00e9tny luxus, pohodlie a modern\u00fa eleganciu.","breadcrumb":{"@id":"https:\/\/www.tattja.com\/product\/damske-oblecenie-dvojset-ragbborg-tmavosivy\/#breadcrumb"},"inLanguage":"de","potentialAction":[{"@type":"ReadAction","target":["https:\/\/www.tattja.com\/product\/damske-oblecenie-dvojset-ragbborg-tmavosivy\/"]}]},{"@type":"ImageObject","inLanguage":"de","@id":"https:\/\/www.tattja.com\/product\/damske-oblecenie-dvojset-ragbborg-tmavosivy\/#primaryimage","url":"https:\/\/www.tattja.com\/wp-content\/uploads\/2026\/01\/tmavosivy-dvojset-rukavniky-ciapka-spredu-37.webp","contentUrl":"https:\/\/www.tattja.com\/wp-content\/uploads\/2026\/01\/tmavosivy-dvojset-rukavniky-ciapka-spredu-37.webp","width":1365,"height":2048,"caption":"Tmavosiv\u00fd dvojset RAGBORG \u2013 \u010diapka a ruk\u00e1vniky TATTJA"},{"@type":"BreadcrumbList","@id":"https:\/\/www.tattja.com\/product\/damske-oblecenie-dvojset-ragbborg-tmavosivy\/#breadcrumb","itemListElement":[{"@type":"ListItem","position":1,"name":"Domov","item":"https:\/\/www.tattja.com\/"},{"@type":"ListItem","position":2,"name":"Produkty","item":"https:\/\/www.tattja.com\/damske-oblecenie-produkty\/"},{"@type":"ListItem","position":3,"name":"D\u00e1mske oble\u010denie 2-set RAGBBORG tmavosiv\u00fd"}]},{"@type":"WebSite","@id":"https:\/\/www.tattja.com\/#website","url":"https:\/\/www.tattja.com\/","name":"TATTJA","description":"D\u00e1mske oble\u010denie z extra jemnej merino vlny \u2014 ru\u010dne pleten\u00e9 na Slovensku","potentialAction":[{"@type":"SearchAction","target":{"@type":"EntryPoint","urlTemplate":"https:\/\/www.tattja.com\/?s={search_term_string}"},"query-input":{"@type":"PropertyValueSpecification","valueRequired":true,"valueName":"search_term_string"}}],"inLanguage":"de"}]}},"_links":{"self":[{"href":"https:\/\/www.tattja.com\/de\/wp-json\/wp\/v2\/product\/2189","targetHints":{"allow":["GET"]}}],"collection":[{"href":"https:\/\/www.tattja.com\/de\/wp-json\/wp\/v2\/product"}],"about":[{"href":"https:\/\/www.tattja.com\/de\/wp-json\/wp\/v2\/types\/product"}],"replies":[{"embeddable":true,"href":"https:\/\/www.tattja.com\/de\/wp-json\/wp\/v2\/comments?post=2189"}],"version-history":[{"count":6,"href":"https:\/\/www.tattja.com\/de\/wp-json\/wp\/v2\/product\/2189\/revisions"}],"predecessor-version":[{"id":7148,"href":"https:\/\/www.tattja.com\/de\/wp-json\/wp\/v2\/product\/2189\/revisions\/7148"}],"wp:featuredmedia":[{"embeddable":true,"href":"https:\/\/www.tattja.com\/de\/wp-json\/wp\/v2\/media\/7740"}],"wp:attachment":[{"href":"https:\/\/www.tattja.com\/de\/wp-json\/wp\/v2\/media?parent=2189"}],"wp:term":[{"taxonomy":"product_brand","embeddable":true,"href":"https:\/\/www.tattja.com\/de\/wp-json\/wp\/v2\/product_brand?post=2189"},{"taxonomy":"product_cat","embeddable":true,"href":"https:\/\/www.tattja.com\/de\/wp-json\/wp\/v2\/product_cat?post=2189"},{"taxonomy":"product_tag","embeddable":true,"href":"https:\/\/www.tattja.com\/de\/wp-json\/wp\/v2\/product_tag?post=2189"}],"curies":[{"name":"wp","href":"https:\/\/api.w.org\/{rel}","templated":true}]}}