{"id":2193,"date":"2025-08-22T10:41:01","date_gmt":"2025-08-22T08:41:01","guid":{"rendered":"https:\/\/www.tattja.com\/?post_type=product&#038;p=2193"},"modified":"2026-04-05T19:44:33","modified_gmt":"2026-04-05T17:44:33","slug":"damske-oblecenie-dvojset-ingeborg-tmavosivy","status":"publish","type":"product","link":"https:\/\/www.tattja.com\/de\/product\/damske-oblecenie-dvojset-ingeborg-tmavosivy\/","title":{"rendered":"D\u00e1mske oble\u010denie 2-set INGEBORG tmavosiv\u00fd"},"content":{"rendered":"<p data-start=\"917\" data-end=\"1185\"><strong data-start=\"917\" data-end=\"964\">Damen-Doppelset Outfit INGEBORG dunkelgrau<\/strong> steht f\u00fcr die perfekte Harmonie zwischen Eleganz, Komfort und minimalistischem Luxus. Dieses Modell aus der Kollektion <strong data-start=\"1073\" data-end=\"1083\">TATTJA<\/strong> kombiniert die w\u00e4rmende Weichheit von Strick mit einem zeitlosen Design, das den Stil von Frauen zu jeder Jahreszeit erg\u00e4nzt.<\/p>\n<p data-start=\"1187\" data-end=\"1486\">Der dunkelgraue Farbton strahlt Ruhe, Stabilit\u00e4t und dezente Raffinesse aus. Er wirkt raffiniert, aber gleichzeitig unaufdringlich und modern - leicht zu kombinieren mit jedem Outfit, sei es im urbanen Stil oder im eleganten Minimalismus. Dieser Ton wird zu einer universellen Grundlage, die die nat\u00fcrliche Sch\u00f6nheit jeder Frau unterstreicht.<\/p>\n<p data-start=\"1488\" data-end=\"1805\">Der Halsw\u00e4rmer zeichnet sich durch eine feine Rippenstruktur aus, die wie ein Hauch von Luxus wirkt. Er legt sich w\u00e4rmend und weich um Schultern und Nacken, w\u00e4hrend die Beanie-M\u00fctze das ganze Set mit einer praktischen und \u00e4sthetischen Dimension vervollst\u00e4ndigt. Zusammen bilden sie ein harmonisches Ganzes, das Funktionalit\u00e4t mit Eleganz verbindet und zu einem festen Bestandteil der Wintergarderobe wird.<\/p>\n<p data-start=\"1807\" data-end=\"2077\">Jedes Detail des Doppelsets <strong data-start=\"1829\" data-end=\"1841\">INGEBORG<\/strong> spiegelt die Markenphilosophie wider <strong data-start=\"1866\" data-end=\"1876\">TATTJA<\/strong> - Pr\u00e4zise Verarbeitung, hochwertiges Material und ein Design, das Zartheit und Weiblichkeit vermittelt. Dadurch wirkt das gesamte Ensemble zeitlos und stilvoll, bietet aber gleichzeitig h\u00f6chsten Tragekomfort.<\/p>\n<p data-start=\"2079\" data-end=\"2245\"><strong data-start=\"2079\" data-end=\"2109\">Damen-Doppelset Outfit INGEBORG dunkelgrau<\/strong> ist nicht nur ein w\u00e4rmendes Accessoire, sondern auch ein Ausdruck des pers\u00f6nlichen Stils - es wurde f\u00fcr Frauen entworfen, die Sch\u00f6nheit in Einfachheit und Details sehen.<\/p>\n<p data-start=\"2247\" data-end=\"2352\">Entdecken Sie die Sch\u00f6nheit der Zartheit, die raffinierten Details und den femininen Stil, der Sie warm h\u00e4lt und <a href=\"https:\/\/www.tattja.com\/de\/product-category\/damske-oblecenie\/dvojsety\/nakrcnik-a-ciapka\/\">in anderen Farben.<\/a><\/p>\n<p data-start=\"2354\" data-end=\"2467\"><strong data-start=\"2354\" data-end=\"2408\">Siehe, <a href=\"https:\/\/shop.bogensberger.co.at\/produkt-schlagwort\/merino-extrafein\/\">aus welchen Materialien<\/a> wir produzieren unsere St\u00fccke<\/strong> und g\u00f6nnen Sie sich einen Hauch von Luxus, den Sie in jeder Faser sp\u00fcren k\u00f6nnen.<\/p>","protected":false},"excerpt":{"rendered":"<p data-start=\"724\" data-end=\"875\"><strong data-start=\"724\" data-end=\"771\">Damen-Doppelset Outfit INGEBORG dunkelgrau<\/strong> - eine Kombination aus M\u00fctze und Halsw\u00e4rmer aus Feinstrick, die W\u00e4rme, Stil und elegante Schlichtheit bietet.<\/p>","protected":false},"featured_media":7731,"comment_status":"open","ping_status":"closed","template":"","meta":[],"product_brand":[],"product_cat":[289,212,291,209],"product_tag":[],"class_list":{"0":"post-2193","1":"product","2":"type-product","3":"status-publish","4":"has-post-thumbnail","6":"product_cat-dvojsety","7":"product_cat-dvojsety-tmavosive","8":"product_cat-nakrcnik-a-ciapka","9":"product_cat-pleteninove-doplnky-tmavosive","11":"first","12":"instock","13":"taxable","14":"shipping-taxable","15":"purchasable","16":"product-type-simple"},"yoast_head":"<!-- This site is optimized with the Yoast SEO plugin v26.0 - https:\/\/yoast.com\/wordpress\/plugins\/seo\/ -->\n<title>D\u00e1mske oble\u010denie 2-set INGEBORG tmavosiv\u00fd - TATTJA<\/title>\n<meta name=\"description\" content=\"D\u00e1mske oble\u010denie dvojset INGEBORG tmavosiv\u00fd \u2013 elegantn\u00e1 harm\u00f3nia \u010diapky a n\u00e1kr\u010dn\u00edka v luxusnej pletenine, ktor\u00e1 sp\u00e1ja komfort, \u017eenskos\u0165 a noblesu.\" \/>\n<meta name=\"robots\" content=\"index, follow, max-snippet:-1, max-image-preview:large, max-video-preview:-1\" \/>\n<link rel=\"canonical\" href=\"https:\/\/www.tattja.com\/de\/product\/damske-oblecenie-dvojset-ingeborg-tmavosivy\/\" \/>\n<meta property=\"og:locale\" content=\"de_DE\" \/>\n<meta property=\"og:type\" content=\"article\" \/>\n<meta property=\"og:title\" content=\"D\u00e1mske oble\u010denie 2-set INGEBORG tmavosiv\u00fd - TATTJA\" \/>\n<meta property=\"og:description\" content=\"D\u00e1mske oble\u010denie dvojset INGEBORG tmavosiv\u00fd \u2013 elegantn\u00e1 harm\u00f3nia \u010diapky a n\u00e1kr\u010dn\u00edka v luxusnej pletenine, ktor\u00e1 sp\u00e1ja komfort, \u017eenskos\u0165 a noblesu.\" \/>\n<meta property=\"og:url\" content=\"https:\/\/www.tattja.com\/de\/product\/damske-oblecenie-dvojset-ingeborg-tmavosivy\/\" \/>\n<meta property=\"og:site_name\" content=\"TATTJA\" \/>\n<meta property=\"article:modified_time\" content=\"2026-04-05T17:44:33+00:00\" \/>\n<meta property=\"og:image\" content=\"https:\/\/www.tattja.com\/wp-content\/uploads\/2026\/01\/tmavosivy-dvojset-nakrcnik-ciapka-spredu-28.webp\" \/>\n\t<meta property=\"og:image:width\" content=\"1365\" \/>\n\t<meta property=\"og:image:height\" content=\"2048\" \/>\n\t<meta property=\"og:image:type\" content=\"image\/webp\" \/>\n<meta name=\"twitter:card\" content=\"summary_large_image\" \/>\n<meta name=\"twitter:label1\" content=\"Gesch\u00e4tzte Lesezeit\" \/>\n\t<meta name=\"twitter:data1\" content=\"2\u00a0Minuten\" \/>\n<script type=\"application\/ld+json\" class=\"yoast-schema-graph\">{\"@context\":\"https:\/\/schema.org\",\"@graph\":[{\"@type\":\"WebPage\",\"@id\":\"https:\/\/www.tattja.com\/product\/damske-oblecenie-dvojset-ingeborg-tmavosivy\/\",\"url\":\"https:\/\/www.tattja.com\/product\/damske-oblecenie-dvojset-ingeborg-tmavosivy\/\",\"name\":\"D\u00e1mske oble\u010denie 2-set INGEBORG tmavosiv\u00fd - TATTJA\",\"isPartOf\":{\"@id\":\"https:\/\/www.tattja.com\/#website\"},\"primaryImageOfPage\":{\"@id\":\"https:\/\/www.tattja.com\/product\/damske-oblecenie-dvojset-ingeborg-tmavosivy\/#primaryimage\"},\"image\":{\"@id\":\"https:\/\/www.tattja.com\/product\/damske-oblecenie-dvojset-ingeborg-tmavosivy\/#primaryimage\"},\"thumbnailUrl\":\"https:\/\/www.tattja.com\/wp-content\/uploads\/2026\/01\/tmavosivy-dvojset-nakrcnik-ciapka-spredu-28.webp\",\"datePublished\":\"2025-08-22T08:41:01+00:00\",\"dateModified\":\"2026-04-05T17:44:33+00:00\",\"description\":\"D\u00e1mske oble\u010denie dvojset INGEBORG tmavosiv\u00fd \u2013 elegantn\u00e1 harm\u00f3nia \u010diapky a n\u00e1kr\u010dn\u00edka v luxusnej pletenine, ktor\u00e1 sp\u00e1ja komfort, \u017eenskos\u0165 a noblesu.\",\"breadcrumb\":{\"@id\":\"https:\/\/www.tattja.com\/product\/damske-oblecenie-dvojset-ingeborg-tmavosivy\/#breadcrumb\"},\"inLanguage\":\"de\",\"potentialAction\":[{\"@type\":\"ReadAction\",\"target\":[\"https:\/\/www.tattja.com\/product\/damske-oblecenie-dvojset-ingeborg-tmavosivy\/\"]}]},{\"@type\":\"ImageObject\",\"inLanguage\":\"de\",\"@id\":\"https:\/\/www.tattja.com\/product\/damske-oblecenie-dvojset-ingeborg-tmavosivy\/#primaryimage\",\"url\":\"https:\/\/www.tattja.com\/wp-content\/uploads\/2026\/01\/tmavosivy-dvojset-nakrcnik-ciapka-spredu-28.webp\",\"contentUrl\":\"https:\/\/www.tattja.com\/wp-content\/uploads\/2026\/01\/tmavosivy-dvojset-nakrcnik-ciapka-spredu-28.webp\",\"width\":1365,\"height\":2048,\"caption\":\"Tmavosiv\u00fd dvojset INGEBORG \u2013 \u010diapka a n\u00e1kr\u010dn\u00edk TATTJA\"},{\"@type\":\"BreadcrumbList\",\"@id\":\"https:\/\/www.tattja.com\/product\/damske-oblecenie-dvojset-ingeborg-tmavosivy\/#breadcrumb\",\"itemListElement\":[{\"@type\":\"ListItem\",\"position\":1,\"name\":\"Domov\",\"item\":\"https:\/\/www.tattja.com\/\"},{\"@type\":\"ListItem\",\"position\":2,\"name\":\"Produkty\",\"item\":\"https:\/\/www.tattja.com\/damske-oblecenie-produkty\/\"},{\"@type\":\"ListItem\",\"position\":3,\"name\":\"D\u00e1mske oble\u010denie 2-set INGEBORG tmavosiv\u00fd\"}]},{\"@type\":\"WebSite\",\"@id\":\"https:\/\/www.tattja.com\/#website\",\"url\":\"https:\/\/www.tattja.com\/\",\"name\":\"TATTJA\",\"description\":\"D\u00e1mske oble\u010denie z extra jemnej merino vlny \u2014 ru\u010dne pleten\u00e9 na Slovensku\",\"potentialAction\":[{\"@type\":\"SearchAction\",\"target\":{\"@type\":\"EntryPoint\",\"urlTemplate\":\"https:\/\/www.tattja.com\/?s={search_term_string}\"},\"query-input\":{\"@type\":\"PropertyValueSpecification\",\"valueRequired\":true,\"valueName\":\"search_term_string\"}}],\"inLanguage\":\"de\"}]}<\/script>\n<!-- \/ Yoast SEO plugin. -->","yoast_head_json":{"title":"D\u00e1mske oble\u010denie 2-set INGEBORG tmavosiv\u00fd - TATTJA","description":"D\u00e1mske oble\u010denie dvojset INGEBORG tmavosiv\u00fd \u2013 elegantn\u00e1 harm\u00f3nia \u010diapky a n\u00e1kr\u010dn\u00edka v luxusnej pletenine, ktor\u00e1 sp\u00e1ja komfort, \u017eenskos\u0165 a noblesu.","robots":{"index":"index","follow":"follow","max-snippet":"max-snippet:-1","max-image-preview":"max-image-preview:large","max-video-preview":"max-video-preview:-1"},"canonical":"https:\/\/www.tattja.com\/de\/product\/damske-oblecenie-dvojset-ingeborg-tmavosivy\/","og_locale":"de_DE","og_type":"article","og_title":"D\u00e1mske oble\u010denie 2-set INGEBORG tmavosiv\u00fd - TATTJA","og_description":"D\u00e1mske oble\u010denie dvojset INGEBORG tmavosiv\u00fd \u2013 elegantn\u00e1 harm\u00f3nia \u010diapky a n\u00e1kr\u010dn\u00edka v luxusnej pletenine, ktor\u00e1 sp\u00e1ja komfort, \u017eenskos\u0165 a noblesu.","og_url":"https:\/\/www.tattja.com\/de\/product\/damske-oblecenie-dvojset-ingeborg-tmavosivy\/","og_site_name":"TATTJA","article_modified_time":"2026-04-05T17:44:33+00:00","og_image":[{"width":1365,"height":2048,"url":"https:\/\/www.tattja.com\/wp-content\/uploads\/2026\/01\/tmavosivy-dvojset-nakrcnik-ciapka-spredu-28.webp","type":"image\/webp"}],"twitter_card":"summary_large_image","twitter_misc":{"Gesch\u00e4tzte Lesezeit":"2\u00a0Minuten"},"schema":{"@context":"https:\/\/schema.org","@graph":[{"@type":"WebPage","@id":"https:\/\/www.tattja.com\/product\/damske-oblecenie-dvojset-ingeborg-tmavosivy\/","url":"https:\/\/www.tattja.com\/product\/damske-oblecenie-dvojset-ingeborg-tmavosivy\/","name":"D\u00e1mske oble\u010denie 2-set INGEBORG tmavosiv\u00fd - TATTJA","isPartOf":{"@id":"https:\/\/www.tattja.com\/#website"},"primaryImageOfPage":{"@id":"https:\/\/www.tattja.com\/product\/damske-oblecenie-dvojset-ingeborg-tmavosivy\/#primaryimage"},"image":{"@id":"https:\/\/www.tattja.com\/product\/damske-oblecenie-dvojset-ingeborg-tmavosivy\/#primaryimage"},"thumbnailUrl":"https:\/\/www.tattja.com\/wp-content\/uploads\/2026\/01\/tmavosivy-dvojset-nakrcnik-ciapka-spredu-28.webp","datePublished":"2025-08-22T08:41:01+00:00","dateModified":"2026-04-05T17:44:33+00:00","description":"D\u00e1mske oble\u010denie dvojset INGEBORG tmavosiv\u00fd \u2013 elegantn\u00e1 harm\u00f3nia \u010diapky a n\u00e1kr\u010dn\u00edka v luxusnej pletenine, ktor\u00e1 sp\u00e1ja komfort, \u017eenskos\u0165 a noblesu.","breadcrumb":{"@id":"https:\/\/www.tattja.com\/product\/damske-oblecenie-dvojset-ingeborg-tmavosivy\/#breadcrumb"},"inLanguage":"de","potentialAction":[{"@type":"ReadAction","target":["https:\/\/www.tattja.com\/product\/damske-oblecenie-dvojset-ingeborg-tmavosivy\/"]}]},{"@type":"ImageObject","inLanguage":"de","@id":"https:\/\/www.tattja.com\/product\/damske-oblecenie-dvojset-ingeborg-tmavosivy\/#primaryimage","url":"https:\/\/www.tattja.com\/wp-content\/uploads\/2026\/01\/tmavosivy-dvojset-nakrcnik-ciapka-spredu-28.webp","contentUrl":"https:\/\/www.tattja.com\/wp-content\/uploads\/2026\/01\/tmavosivy-dvojset-nakrcnik-ciapka-spredu-28.webp","width":1365,"height":2048,"caption":"Tmavosiv\u00fd dvojset INGEBORG \u2013 \u010diapka a n\u00e1kr\u010dn\u00edk TATTJA"},{"@type":"BreadcrumbList","@id":"https:\/\/www.tattja.com\/product\/damske-oblecenie-dvojset-ingeborg-tmavosivy\/#breadcrumb","itemListElement":[{"@type":"ListItem","position":1,"name":"Domov","item":"https:\/\/www.tattja.com\/"},{"@type":"ListItem","position":2,"name":"Produkty","item":"https:\/\/www.tattja.com\/damske-oblecenie-produkty\/"},{"@type":"ListItem","position":3,"name":"D\u00e1mske oble\u010denie 2-set INGEBORG tmavosiv\u00fd"}]},{"@type":"WebSite","@id":"https:\/\/www.tattja.com\/#website","url":"https:\/\/www.tattja.com\/","name":"TATTJA","description":"D\u00e1mske oble\u010denie z extra jemnej merino vlny \u2014 ru\u010dne pleten\u00e9 na Slovensku","potentialAction":[{"@type":"SearchAction","target":{"@type":"EntryPoint","urlTemplate":"https:\/\/www.tattja.com\/?s={search_term_string}"},"query-input":{"@type":"PropertyValueSpecification","valueRequired":true,"valueName":"search_term_string"}}],"inLanguage":"de"}]}},"_links":{"self":[{"href":"https:\/\/www.tattja.com\/de\/wp-json\/wp\/v2\/product\/2193","targetHints":{"allow":["GET"]}}],"collection":[{"href":"https:\/\/www.tattja.com\/de\/wp-json\/wp\/v2\/product"}],"about":[{"href":"https:\/\/www.tattja.com\/de\/wp-json\/wp\/v2\/types\/product"}],"replies":[{"embeddable":true,"href":"https:\/\/www.tattja.com\/de\/wp-json\/wp\/v2\/comments?post=2193"}],"version-history":[{"count":6,"href":"https:\/\/www.tattja.com\/de\/wp-json\/wp\/v2\/product\/2193\/revisions"}],"predecessor-version":[{"id":7146,"href":"https:\/\/www.tattja.com\/de\/wp-json\/wp\/v2\/product\/2193\/revisions\/7146"}],"wp:featuredmedia":[{"embeddable":true,"href":"https:\/\/www.tattja.com\/de\/wp-json\/wp\/v2\/media\/7731"}],"wp:attachment":[{"href":"https:\/\/www.tattja.com\/de\/wp-json\/wp\/v2\/media?parent=2193"}],"wp:term":[{"taxonomy":"product_brand","embeddable":true,"href":"https:\/\/www.tattja.com\/de\/wp-json\/wp\/v2\/product_brand?post=2193"},{"taxonomy":"product_cat","embeddable":true,"href":"https:\/\/www.tattja.com\/de\/wp-json\/wp\/v2\/product_cat?post=2193"},{"taxonomy":"product_tag","embeddable":true,"href":"https:\/\/www.tattja.com\/de\/wp-json\/wp\/v2\/product_tag?post=2193"}],"curies":[{"name":"wp","href":"https:\/\/api.w.org\/{rel}","templated":true}]}}