{"id":7775,"date":"2026-01-09T11:41:29","date_gmt":"2026-01-09T10:41:29","guid":{"rendered":"https:\/\/www.tattja.com\/?post_type=product&#038;p=7775"},"modified":"2026-04-05T19:44:32","modified_gmt":"2026-04-05T17:44:32","slug":"damske-oblecenie-3-set-solvej-cerveny","status":"publish","type":"product","link":"https:\/\/www.tattja.com\/de\/product\/damske-oblecenie-3-set-solvej-cerveny\/","title":{"rendered":"D\u00e1mske oble\u010denie 3-set SOLVEJ \u010derven\u00fd"},"content":{"rendered":"<p data-start=\"100\" data-end=\"387\"><strong data-start=\"100\" data-end=\"143\">D\u00e1mske oble\u010denie trojset SOLVEJ \u010derven\u00fd<\/strong> predstavuje spojenie funk\u010dnosti, elegancie a sebavedom\u00e9ho \u0161t\u00fdlu v nad\u010dasovej podobe. Tento d\u00e1msky pleten\u00fd komplet obsahuje tri z\u00e1kladn\u00e9 k\u00fasky \u2013 n\u00e1kr\u010dn\u00edk, driekovn\u00edk a \u010diapku. Tieto jednotliv\u00e9 doplnky spolu vytv\u00e1raj\u00fa v\u00fdrazn\u00fd, harmonick\u00fd a dokonale zladen\u00fd celok.<\/p>\n<p data-start=\"389\" data-end=\"746\">Ka\u017ed\u00fd prvok trojsetu je navrhnut\u00fd s d\u00f4razom na \u017eensk\u00fa siluetu, komfort a modern\u00fa estetiku. N\u00e1kr\u010dn\u00edk jemne obop\u00edna ramen\u00e1 a krk a prin\u00e1\u0161a pr\u00edjemn\u00e9 teplo po\u010das chladn\u00fdch dn\u00ed. Driekovn\u00edk elegantne tvaruje p\u00e1s, zv\u00fdraz\u0148uje \u017eensk\u00e9 krivky a dod\u00e1va outfitu sofistikovan\u00fd charakter. Naproti tomu \u010diapka s \u010distou l\u00edniou dotv\u00e1ra cel\u00fd look sebavedom\u00fdm a \u0161t\u00fdlov\u00fdm akcentom.<\/p>\n<p data-start=\"748\" data-end=\"1020\">\u010cerven\u00fd odtie\u0148 p\u00f4sob\u00ed energicky, v\u00e1\u0161nivo a z\u00e1rove\u0148 luxusne. Vn\u00e1\u0161a do outfitu dynamiku, \u017eenskos\u0165 a v\u00fdraz, ktor\u00fd neostane bez pov\u0161imnutia. Tento t\u00f3n je ide\u00e1lny pre \u017eeny, ktor\u00e9 chc\u00fa vyjadri\u0165 svoju osobnos\u0165, sebavedomie a l\u00e1sku k m\u00f3de, no z\u00e1rove\u0148 si zachova\u0165 eleganciu a vkus.<\/p>\n<p data-start=\"1022\" data-end=\"1295\">Dank des pr\u00e4zisen Strickens und der hochwertigen Verarbeitung <strong data-start=\"1076\" data-end=\"1119\">d\u00e1mske oble\u010denie trojset SOLVEJ \u010derven\u00fd<\/strong> st\u00e1va spo\u013eahliv\u00fdm spolo\u010dn\u00edkom na ka\u017ed\u00fd de\u0148 aj v\u00fdnimo\u010dn\u00e9 pr\u00edle\u017eitosti. Je to set, ktor\u00fd zahreje, zv\u00fdrazn\u00ed postavu a dod\u00e1 outfitu luxusn\u00fd charakter bez potreby \u010fal\u0161\u00edch doplnkov.<\/p>\n<p data-start=\"1813\" data-end=\"2054\">Entdecken Sie die Sch\u00f6nheit der Zartheit, die raffinierten Details und den femininen Stil, der Sie w\u00e4rmt und <a href=\"https:\/\/www.tattja.com\/de\/product-category\/produkty\/trojsety-3\/nakrcnik-a-driekovnik-a-ciapka\/\">in anderen Farben.<\/a><\/p>\n<p data-start=\"2056\" data-end=\"2195\"><strong data-start=\"2056\" data-end=\"2113\">Siehe, <a href=\"https:\/\/shop.bogensberger.co.at\/produkt-schlagwort\/merino-extrafein\/\">aus welchen Materialien<\/a> wir produzieren unsere St\u00fccke<\/strong> - entdecken Sie die Qualit\u00e4t und die Feinheit der Fasern, die hinter jedem TATTJA-Modell stehen.<\/p>","protected":false},"excerpt":{"rendered":"<p><strong data-start=\"45\" data-end=\"71\">Trojset SOLVEJ \u010derven\u00fd<\/strong> je v\u00fdrazn\u00fdm symbolom \u017eenskosti, energie a \u0161t\u00fdlu. Tento d\u00e1msky pleten\u00fd komplet pozost\u00e1va z n\u00e1kr\u010dn\u00edka, driekovn\u00edka a \u010diapky \u2013 troch harmonick\u00fdch prvkov, ktor\u00e9 spolu vytv\u00e1raj\u00fa sebavedom\u00fd, hrejiv\u00fd a elegantn\u00fd celok pre chladnej\u0161ie dni.<\/p>","protected":false},"featured_media":7664,"comment_status":"open","ping_status":"closed","template":"","meta":[],"product_brand":[],"product_cat":[284,286,332,335],"product_tag":[],"class_list":{"0":"post-7775","1":"product","2":"type-product","3":"status-publish","4":"has-post-thumbnail","6":"product_cat-trojsety-3","7":"product_cat-nakrcnik-a-driekovnik-a-ciapka","8":"product_cat-pleteninove-doplnky-cervene","9":"product_cat-trojsety-cervene","11":"first","12":"instock","13":"taxable","14":"shipping-taxable","15":"purchasable","16":"product-type-simple"},"yoast_head":"<!-- This site is optimized with the Yoast SEO plugin v26.0 - https:\/\/yoast.com\/wordpress\/plugins\/seo\/ -->\n<title>D\u00e1mske oble\u010denie 3-set SOLVEJ \u010derven\u00fd - TATTJA<\/title>\n<meta name=\"description\" content=\"D\u00e1mske oble\u010denie trojset SOLVEJ \u010derven\u00fd \u2013 elegantn\u00fd d\u00e1msky pleten\u00fd komplet TATTJA, ktor\u00fd sp\u00e1ja noblesu, hrejivos\u0165 a nad\u010dasov\u00fa \u017eenskos\u0165 v ka\u017edom detaile.\" \/>\n<meta name=\"robots\" content=\"index, follow, max-snippet:-1, max-image-preview:large, max-video-preview:-1\" \/>\n<link rel=\"canonical\" href=\"https:\/\/www.tattja.com\/de\/product\/damske-oblecenie-3-set-solvej-cerveny\/\" \/>\n<meta property=\"og:locale\" content=\"de_DE\" \/>\n<meta property=\"og:type\" content=\"article\" \/>\n<meta property=\"og:title\" content=\"D\u00e1mske oble\u010denie 3-set SOLVEJ \u010derven\u00fd - TATTJA\" \/>\n<meta property=\"og:description\" content=\"D\u00e1mske oble\u010denie trojset SOLVEJ \u010derven\u00fd \u2013 elegantn\u00fd d\u00e1msky pleten\u00fd komplet TATTJA, ktor\u00fd sp\u00e1ja noblesu, hrejivos\u0165 a nad\u010dasov\u00fa \u017eenskos\u0165 v ka\u017edom detaile.\" \/>\n<meta property=\"og:url\" content=\"https:\/\/www.tattja.com\/de\/product\/damske-oblecenie-3-set-solvej-cerveny\/\" \/>\n<meta property=\"og:site_name\" content=\"TATTJA\" \/>\n<meta property=\"article:modified_time\" content=\"2026-04-05T17:44:32+00:00\" \/>\n<meta property=\"og:image\" content=\"https:\/\/www.tattja.com\/wp-content\/uploads\/2026\/01\/cerveny-trojset-nakrcnik-driekovnik-ciapka-spredu.webp\" \/>\n\t<meta property=\"og:image:width\" content=\"1365\" \/>\n\t<meta property=\"og:image:height\" content=\"2048\" \/>\n\t<meta property=\"og:image:type\" content=\"image\/webp\" \/>\n<meta name=\"twitter:card\" content=\"summary_large_image\" \/>\n<meta name=\"twitter:label1\" content=\"Gesch\u00e4tzte Lesezeit\" \/>\n\t<meta name=\"twitter:data1\" content=\"2\u00a0Minuten\" \/>\n<script type=\"application\/ld+json\" class=\"yoast-schema-graph\">{\"@context\":\"https:\/\/schema.org\",\"@graph\":[{\"@type\":\"WebPage\",\"@id\":\"https:\/\/www.tattja.com\/product\/damske-oblecenie-3-set-solvej-cerveny\/\",\"url\":\"https:\/\/www.tattja.com\/product\/damske-oblecenie-3-set-solvej-cerveny\/\",\"name\":\"D\u00e1mske oble\u010denie 3-set SOLVEJ \u010derven\u00fd - TATTJA\",\"isPartOf\":{\"@id\":\"https:\/\/www.tattja.com\/#website\"},\"primaryImageOfPage\":{\"@id\":\"https:\/\/www.tattja.com\/product\/damske-oblecenie-3-set-solvej-cerveny\/#primaryimage\"},\"image\":{\"@id\":\"https:\/\/www.tattja.com\/product\/damske-oblecenie-3-set-solvej-cerveny\/#primaryimage\"},\"thumbnailUrl\":\"https:\/\/www.tattja.com\/wp-content\/uploads\/2026\/01\/cerveny-trojset-nakrcnik-driekovnik-ciapka-spredu.webp\",\"datePublished\":\"2026-01-09T10:41:29+00:00\",\"dateModified\":\"2026-04-05T17:44:32+00:00\",\"description\":\"D\u00e1mske oble\u010denie trojset SOLVEJ \u010derven\u00fd \u2013 elegantn\u00fd d\u00e1msky pleten\u00fd komplet TATTJA, ktor\u00fd sp\u00e1ja noblesu, hrejivos\u0165 a nad\u010dasov\u00fa \u017eenskos\u0165 v ka\u017edom detaile.\",\"breadcrumb\":{\"@id\":\"https:\/\/www.tattja.com\/product\/damske-oblecenie-3-set-solvej-cerveny\/#breadcrumb\"},\"inLanguage\":\"de\",\"potentialAction\":[{\"@type\":\"ReadAction\",\"target\":[\"https:\/\/www.tattja.com\/product\/damske-oblecenie-3-set-solvej-cerveny\/\"]}]},{\"@type\":\"ImageObject\",\"inLanguage\":\"de\",\"@id\":\"https:\/\/www.tattja.com\/product\/damske-oblecenie-3-set-solvej-cerveny\/#primaryimage\",\"url\":\"https:\/\/www.tattja.com\/wp-content\/uploads\/2026\/01\/cerveny-trojset-nakrcnik-driekovnik-ciapka-spredu.webp\",\"contentUrl\":\"https:\/\/www.tattja.com\/wp-content\/uploads\/2026\/01\/cerveny-trojset-nakrcnik-driekovnik-ciapka-spredu.webp\",\"width\":1365,\"height\":2048,\"caption\":\"\u010cerven\u00fd pleten\u00fd trojset SOLVEJ TATTJA \u2013 n\u00e1kr\u010dn\u00edk, driekovn\u00edk a \u010diapka (spredu)\"},{\"@type\":\"BreadcrumbList\",\"@id\":\"https:\/\/www.tattja.com\/product\/damske-oblecenie-3-set-solvej-cerveny\/#breadcrumb\",\"itemListElement\":[{\"@type\":\"ListItem\",\"position\":1,\"name\":\"Domov\",\"item\":\"https:\/\/www.tattja.com\/\"},{\"@type\":\"ListItem\",\"position\":2,\"name\":\"Produkty\",\"item\":\"https:\/\/www.tattja.com\/damske-oblecenie-produkty\/\"},{\"@type\":\"ListItem\",\"position\":3,\"name\":\"D\u00e1mske oble\u010denie 3-set SOLVEJ \u010derven\u00fd\"}]},{\"@type\":\"WebSite\",\"@id\":\"https:\/\/www.tattja.com\/#website\",\"url\":\"https:\/\/www.tattja.com\/\",\"name\":\"TATTJA\",\"description\":\"D\u00e1mske oble\u010denie z extra jemnej merino vlny \u2014 ru\u010dne pleten\u00e9 na Slovensku\",\"potentialAction\":[{\"@type\":\"SearchAction\",\"target\":{\"@type\":\"EntryPoint\",\"urlTemplate\":\"https:\/\/www.tattja.com\/?s={search_term_string}\"},\"query-input\":{\"@type\":\"PropertyValueSpecification\",\"valueRequired\":true,\"valueName\":\"search_term_string\"}}],\"inLanguage\":\"de\"}]}<\/script>\n<!-- \/ Yoast SEO plugin. -->","yoast_head_json":{"title":"D\u00e1mske oble\u010denie 3-set SOLVEJ \u010derven\u00fd - TATTJA","description":"D\u00e1mske oble\u010denie trojset SOLVEJ \u010derven\u00fd \u2013 elegantn\u00fd d\u00e1msky pleten\u00fd komplet TATTJA, ktor\u00fd sp\u00e1ja noblesu, hrejivos\u0165 a nad\u010dasov\u00fa \u017eenskos\u0165 v ka\u017edom detaile.","robots":{"index":"index","follow":"follow","max-snippet":"max-snippet:-1","max-image-preview":"max-image-preview:large","max-video-preview":"max-video-preview:-1"},"canonical":"https:\/\/www.tattja.com\/de\/product\/damske-oblecenie-3-set-solvej-cerveny\/","og_locale":"de_DE","og_type":"article","og_title":"D\u00e1mske oble\u010denie 3-set SOLVEJ \u010derven\u00fd - TATTJA","og_description":"D\u00e1mske oble\u010denie trojset SOLVEJ \u010derven\u00fd \u2013 elegantn\u00fd d\u00e1msky pleten\u00fd komplet TATTJA, ktor\u00fd sp\u00e1ja noblesu, hrejivos\u0165 a nad\u010dasov\u00fa \u017eenskos\u0165 v ka\u017edom detaile.","og_url":"https:\/\/www.tattja.com\/de\/product\/damske-oblecenie-3-set-solvej-cerveny\/","og_site_name":"TATTJA","article_modified_time":"2026-04-05T17:44:32+00:00","og_image":[{"width":1365,"height":2048,"url":"https:\/\/www.tattja.com\/wp-content\/uploads\/2026\/01\/cerveny-trojset-nakrcnik-driekovnik-ciapka-spredu.webp","type":"image\/webp"}],"twitter_card":"summary_large_image","twitter_misc":{"Gesch\u00e4tzte Lesezeit":"2\u00a0Minuten"},"schema":{"@context":"https:\/\/schema.org","@graph":[{"@type":"WebPage","@id":"https:\/\/www.tattja.com\/product\/damske-oblecenie-3-set-solvej-cerveny\/","url":"https:\/\/www.tattja.com\/product\/damske-oblecenie-3-set-solvej-cerveny\/","name":"D\u00e1mske oble\u010denie 3-set SOLVEJ \u010derven\u00fd - TATTJA","isPartOf":{"@id":"https:\/\/www.tattja.com\/#website"},"primaryImageOfPage":{"@id":"https:\/\/www.tattja.com\/product\/damske-oblecenie-3-set-solvej-cerveny\/#primaryimage"},"image":{"@id":"https:\/\/www.tattja.com\/product\/damske-oblecenie-3-set-solvej-cerveny\/#primaryimage"},"thumbnailUrl":"https:\/\/www.tattja.com\/wp-content\/uploads\/2026\/01\/cerveny-trojset-nakrcnik-driekovnik-ciapka-spredu.webp","datePublished":"2026-01-09T10:41:29+00:00","dateModified":"2026-04-05T17:44:32+00:00","description":"D\u00e1mske oble\u010denie trojset SOLVEJ \u010derven\u00fd \u2013 elegantn\u00fd d\u00e1msky pleten\u00fd komplet TATTJA, ktor\u00fd sp\u00e1ja noblesu, hrejivos\u0165 a nad\u010dasov\u00fa \u017eenskos\u0165 v ka\u017edom detaile.","breadcrumb":{"@id":"https:\/\/www.tattja.com\/product\/damske-oblecenie-3-set-solvej-cerveny\/#breadcrumb"},"inLanguage":"de","potentialAction":[{"@type":"ReadAction","target":["https:\/\/www.tattja.com\/product\/damske-oblecenie-3-set-solvej-cerveny\/"]}]},{"@type":"ImageObject","inLanguage":"de","@id":"https:\/\/www.tattja.com\/product\/damske-oblecenie-3-set-solvej-cerveny\/#primaryimage","url":"https:\/\/www.tattja.com\/wp-content\/uploads\/2026\/01\/cerveny-trojset-nakrcnik-driekovnik-ciapka-spredu.webp","contentUrl":"https:\/\/www.tattja.com\/wp-content\/uploads\/2026\/01\/cerveny-trojset-nakrcnik-driekovnik-ciapka-spredu.webp","width":1365,"height":2048,"caption":"\u010cerven\u00fd pleten\u00fd trojset SOLVEJ TATTJA \u2013 n\u00e1kr\u010dn\u00edk, driekovn\u00edk a \u010diapka (spredu)"},{"@type":"BreadcrumbList","@id":"https:\/\/www.tattja.com\/product\/damske-oblecenie-3-set-solvej-cerveny\/#breadcrumb","itemListElement":[{"@type":"ListItem","position":1,"name":"Domov","item":"https:\/\/www.tattja.com\/"},{"@type":"ListItem","position":2,"name":"Produkty","item":"https:\/\/www.tattja.com\/damske-oblecenie-produkty\/"},{"@type":"ListItem","position":3,"name":"D\u00e1mske oble\u010denie 3-set SOLVEJ \u010derven\u00fd"}]},{"@type":"WebSite","@id":"https:\/\/www.tattja.com\/#website","url":"https:\/\/www.tattja.com\/","name":"TATTJA","description":"D\u00e1mske oble\u010denie z extra jemnej merino vlny \u2014 ru\u010dne pleten\u00e9 na Slovensku","potentialAction":[{"@type":"SearchAction","target":{"@type":"EntryPoint","urlTemplate":"https:\/\/www.tattja.com\/?s={search_term_string}"},"query-input":{"@type":"PropertyValueSpecification","valueRequired":true,"valueName":"search_term_string"}}],"inLanguage":"de"}]}},"_links":{"self":[{"href":"https:\/\/www.tattja.com\/de\/wp-json\/wp\/v2\/product\/7775","targetHints":{"allow":["GET"]}}],"collection":[{"href":"https:\/\/www.tattja.com\/de\/wp-json\/wp\/v2\/product"}],"about":[{"href":"https:\/\/www.tattja.com\/de\/wp-json\/wp\/v2\/types\/product"}],"replies":[{"embeddable":true,"href":"https:\/\/www.tattja.com\/de\/wp-json\/wp\/v2\/comments?post=7775"}],"version-history":[{"count":3,"href":"https:\/\/www.tattja.com\/de\/wp-json\/wp\/v2\/product\/7775\/revisions"}],"predecessor-version":[{"id":7905,"href":"https:\/\/www.tattja.com\/de\/wp-json\/wp\/v2\/product\/7775\/revisions\/7905"}],"wp:featuredmedia":[{"embeddable":true,"href":"https:\/\/www.tattja.com\/de\/wp-json\/wp\/v2\/media\/7664"}],"wp:attachment":[{"href":"https:\/\/www.tattja.com\/de\/wp-json\/wp\/v2\/media?parent=7775"}],"wp:term":[{"taxonomy":"product_brand","embeddable":true,"href":"https:\/\/www.tattja.com\/de\/wp-json\/wp\/v2\/product_brand?post=7775"},{"taxonomy":"product_cat","embeddable":true,"href":"https:\/\/www.tattja.com\/de\/wp-json\/wp\/v2\/product_cat?post=7775"},{"taxonomy":"product_tag","embeddable":true,"href":"https:\/\/www.tattja.com\/de\/wp-json\/wp\/v2\/product_tag?post=7775"}],"curies":[{"name":"wp","href":"https:\/\/api.w.org\/{rel}","templated":true}]}}